{"id":10143,"date":"2025-11-05T18:26:55","date_gmt":"2025-11-05T17:26:55","guid":{"rendered":"https:\/\/www.phenixetdragon.net\/?page_id=10143"},"modified":"2025-11-13T16:40:04","modified_gmt":"2025-11-13T15:40:04","slug":"styles-de-kung-fu","status":"publish","type":"page","link":"https:\/\/www.phenixetdragon.net\/en\/notre-ecole\/styles-de-kung-fu\/","title":{"rendered":"Styles de Kung Fu"},"content":{"rendered":"<h1 class=\"wp-block-heading has-vivid-red-color has-text-color has-link-color has-medium-font-size wp-elements-709e346ce00b2fffd9ea1e2596785546\"><strong>Un peu d&rsquo;histoire<\/strong><\/h1>\n\n\n\n<p>Le terme <strong>Kung\u202fFu<\/strong> se traduit litt\u00e9ralement par \u00ab\u202fma\u00eetrise d\u2019un domaine\u202f\u00bb. En Chine, on utilise plus couramment le mot <strong>Wushu<\/strong>, qui signifie\u202f\u00ab\u202fart martial\u202f\u00bb, ou \u00abtechnique martiale\u202f\u00bb et recouvre \u00e9galement la pratique du Taiji\u202fQuan. <\/p>\n\n\n\n<p>Les premi\u00e8res formes d\u2019arts martiaux remontent \u00e0 environ 3000 avant\u202fJ.-C., mais c\u2019est au VI\u1d49\u202fsi\u00e8cle que le Wushu \u00e9merge v\u00e9ritablement : selon la tradition, le moine indien Bodhidharma (ou Da\u202fMo) se rendit au monast\u00e8re de Shaolin et y enseigna \u00e0 des moines non seulement des techniques de Qi\u202fGong, mais aussi des m\u00e9thodes de combat afin de renforcer leur corps et de d\u00e9fendre le monast\u00e8re. C\u2019est ainsi que serait n\u00e9 le Wushu.<\/p>\n\n\n\n<p>Il existe en Kung Fu environ une centaine de styles de base, ce qui, avec leurs variantes, nous am\u00e8nent \u00e0 plus de 350 styles diff\u00e9rents. M\u00eame les Chinois s\u2019y perdent ! <\/p>\n\n\n\n<p>Depuis les ann\u00e9es 1950, le Wushu moderne a vu le jour\u202f: il s\u2019appuie sur les styles traditionnels, mais adopte une forme plus gymnique et spectaculaire, aussi bien en d\u00e9monstrations qu\u2019en comp\u00e9tition.<\/p>\n\n\n\n<h1 class=\"wp-block-heading has-vivid-red-color has-text-color has-link-color has-medium-font-size wp-elements-ef9f1a8de0b9c4fb0f5ccde7cdefecb4\"><strong>Les styles que nous pratiquons<\/strong><\/h1>\n\n\n\n<p class=\"has-white-color has-blush-bordeaux-gradient-background has-text-color has-background has-link-color wp-elements-22e02745c66a7664a9a1593265e83562\"><strong>Notre \u00e9cole vous offre l\u2019acc\u00e8s \u00e0 un large \u00e9ventail de styles, aussi bien traditionnels que modernes, afin que chacun trouve ce qui lui convient \u2014 en fonction de ses objectifs, de son corps et de son temp\u00e9rament.<\/strong><\/p>\n\n\n\n<h2 class=\"wp-block-heading has-vivid-red-color has-text-color has-link-color has-medium-font-size wp-elements-db9ec73395bc455ee987a040ea0d2bc0\"><strong>Styles traditionnels<\/strong><\/h2>\n\n\n\n<p>Le<strong> Tang Lang Quan<\/strong> (Mante Religieuse)\u202fest un style issu du Nord de la Chine, r\u00e9put\u00e9 pour sa rapidit\u00e9, ses feintes et sa pr\u00e9cision. Selon la l\u00e9gende, le fondateur s\u2019inspira d\u2019une mante religieuse combattant une cigale pour cr\u00e9er ce style. Notre courant se sp\u00e9cialise dans le \u00ab\u202fTaiji Meihua\u202f\u00bb (Fleur de Prunier) et int\u00e8gre des \u00e9l\u00e9ments du \u00ab\u202fQi\u202fXing\u202f\u00bb (Sept \u00c9toiles).<\/p>\n\n\n\n<p><em>D\u2019apr\u00e8s la l\u00e9gende, cette \u00e9cole de boxe aurait \u00e9t\u00e9 fond\u00e9e par un certain Wang Lang vers 1650 ap. J.-C. Wang Lang s\u2019entra\u00eenait au monast\u00e8re de Shaolin. Malheureusement, sa petite taille lui causait souvent des d\u00e9faites. Un jour, alors qu\u2019il demeurait sous un arbre, son regard fut attir\u00e9 par un spectacle singulier. A ses pieds, une fr\u00eale mante religieuse s\u2019attaquait f\u00e9rocement \u00e0 une cigale bien plus grosse qu\u2019elle. La mante finit par l\u2019emporter gr\u00e2ce \u00e0 ses attaques efficaces. Wang Lang d\u00e9cida d\u2019analyser les techniques de ce t\u00e9m\u00e9raire insecte afin d\u2019en transposer l\u2019\u00e9tat d\u2019esprit aux arts martiaux. Il s\u2019en retourna \u00e0 Shaolin pour tester sa nouvelle m\u00e9thode contre ses partenaires habituels. Son style \u00e9tait d\u00e9j\u00e0 tr\u00e8s efficace, mais les moines sup\u00e9rieurs lui conseill\u00e8rent de l\u2019am\u00e9liorer en travaillant ses d\u00e9placements. Wang Lang s\u2019inspira des techniques du singe, et c\u2019est ainsi que naquit le style appel\u00e9 Tang Lang Quan, ou \u00ab&nbsp;poing de la mante religieuse&nbsp;\u00bb.<\/em><\/p>\n\n\n\n<p>Le <strong>Shaolin Quan\u202f<\/strong>est un style puissant et dynamique, caract\u00e9ris\u00e9 par des postures larges, des d\u00e9placements amples et des encha\u00eenements rapides. Il met l\u2019accent sur la force, l\u2019endurance et la discipline martiale.<\/p>\n\n\n\n<h2 class=\"wp-block-heading has-vivid-red-color has-text-color has-link-color has-medium-font-size wp-elements-53e20e54d0a7d265d44e1caa7500d7cd\"><strong>Styles modernes<\/strong><\/h2>\n\n\n\n<p>Le<strong> Chang Quan<\/strong> (Boxe Longue)\u202fest un style \u00e9l\u00e9gant et gymnique, avec des postures basses, des sauts spectaculaires, des mouvements fluides et rapides. Il sollicite la souplesse, la coordination et l\u2019agilit\u00e9.<\/p>\n\n\n\n<p>Le <strong>Sanda<\/strong> (Combat de Kung\u202fFu sportif)\u202fest une forme moderne ax\u00e9e sur le combat r\u00e9el\u202f: gants, prot\u00e8ge\u2011tibias, protections de poitrine, projections, coups de poing et de pied. Id\u00e9al pour d\u00e9velopper des r\u00e9flexes de self\u2011d\u00e9fense.<\/p>\n\n\n\n<p><strong>Self\u2011d\u00e9fense et \u202fQin Na <\/strong>sont des techniques de saisies, de luxations et de contr\u00f4le de l\u2019attaquant (Qin Na se prononce \u00ab\u202fTchinna\u202f\u00bb). Une excellente mani\u00e8re de compl\u00e9ter un bagage martial !<\/p>\n\n\n\n<h1 class=\"wp-block-heading has-vivid-red-color has-text-color has-medium-font-size\" style=\"text-transform:capitalize\"><strong>Les armes<\/strong><\/h1>\n\n\n\n<p>Traditionnellement, il existe <strong>18 armes<\/strong> dans le Kung\u202fFu\u202f: le b\u00e2ton servait \u00e0 marcher, chacun portait un couteau, les nobles un sabre ou un \u00e9ventail, etc.<\/p>\n\n\n\n<p>\u00c0 l\u2019\u00e9cole, nous travaillons\u202f: <strong>b\u00e2ton long, b\u00e2ton court, \u00e9ventail, sabre, \u00e9p\u00e9e, nunchaku<\/strong>. L\u2019apprentissage des armes se fait g\u00e9n\u00e9ralement apr\u00e8s un an de pratique des formes \u00e0 mains nues, car chaque arme ajoute un niveau de complexit\u00e9 suppl\u00e9mentaire.<\/p>\n\n\n\n<h1 class=\"wp-block-heading has-vivid-red-color has-text-color has-link-color has-medium-font-size wp-elements-465dcfe2d060e915fce6ee5e1b8db61e\"><strong>Pourquoi choisir ce type de styles\u202f?<\/strong><\/h1>\n\n\n\n<ul class=\"wp-block-list\">\n<li>Pour <strong>d\u00e9velopper votre coordination, votre \u00e9quilibre et votre agilit\u00e9<\/strong> gr\u00e2ce aux encha\u00eenements fluides et vari\u00e9s.<\/li>\n\n\n\n<li>Pour <strong>construire une base solide<\/strong> dans une forme traditionnelle avant d\u2019aborder les aspects plus sportifs ou spectaculaires.<\/li>\n\n\n\n<li>Pour <strong>vivre l\u2019art martial comme un chemin de transformation<\/strong>, et non simplement comme une activit\u00e9 physique. Nos cours ne sont pas uniquement techniques\u202f: ils sont aussi une invitation \u00e0 l\u2019engagement\u202f\u2014 du corps, de l\u2019esprit et du c\u0153ur.<\/li>\n\n\n\n<li>Pour les adolescents et les adultes qui cherchent plus que la simple \u201cfitness\u201d, pour ceux qui veulent une approche riche, intelligente, durable.<\/li>\n<\/ul>\n\n\n\n<p class=\"has-white-color has-blush-bordeaux-gradient-background has-text-color has-background has-link-color wp-elements-b8ca7850f6306471387d57f6f7ac00c6\"><strong><strong>Rejoignez-nous \u00e0 l&rsquo;\u00c9cole Ph\u00e9nix &amp; Dragon <\/strong><\/strong>: nous proposons des cours r\u00e9guliers de Kung Fu, ouverts \u00e0 tous, ainsi que des ateliers th\u00e9matiques et des \u00e9v\u00e9nements sp\u00e9ciaux. Notre approche p\u00e9dagogique allie tradition et modernit\u00e9, permettant \u00e0 chacun de progresser \u00e0 son rythme dans une ambiance bienveillante et stimulante. Pour plus d&rsquo;informations ou pour vous inscrire, n&rsquo;h\u00e9sitez pas \u00e0 nous contacter.<\/p>\n\n\n\n<hr class=\"wp-block-separator has-alpha-channel-opacity\"\/>\n\n\n\n<div class=\"wp-block-columns is-layout-flex wp-container-core-columns-is-layout-9d6595d7 wp-block-columns-is-layout-flex\">\n<div class=\"wp-block-column is-layout-flow wp-block-column-is-layout-flow\">\n<div class=\"wp-block-cover is-light\"><img decoding=\"async\" class=\"wp-block-cover__image-background wp-image-9559 size-large\" alt=\"Kung Fu Sanda\" src=\"data:image\/gif;base64,R0lGODlhAQABAAAAACH5BAEKAAEALAAAAAABAAEAAAICTAEAOw==\" data-layzr=\"https:\/\/www.phenixetdragon.net\/wp-content\/uploads\/2025\/10\/20221211_122515-scaled-1-edited-1024x767.jpg\" style=\"object-position:5% 61%\" data-object-fit=\"cover\" data-object-position=\"5% 61%\"\/><span aria-hidden=\"true\" class=\"wp-block-cover__background has-background-dim\" style=\"background-color:#9e9c94\"><\/span><div class=\"wp-block-cover__inner-container is-layout-flow wp-block-cover-is-layout-flow\">\n<p class=\"has-text-align-center has-white-color has-text-color has-link-color has-medium-font-size wp-elements-c832c02f2f4fb3a716dee304f1974c41\"><a href=\"https:\/\/www.phenixetdragon.net\/notre-ecole\/kung-fu-qq-mots\/\"><strong>Le Kung Fu en Quelques Mots<\/strong><\/a><\/p>\n<\/div><\/div>\n<\/div>\n\n\n\n<div class=\"wp-block-column is-layout-flow wp-block-column-is-layout-flow\">\n<div class=\"wp-block-cover aligncenter is-light\"><img decoding=\"async\" class=\"wp-block-cover__image-background wp-image-9566 size-large\" alt=\"Enfants\" src=\"data:image\/gif;base64,R0lGODlhAQABAAAAACH5BAEKAAEALAAAAAABAAEAAAICTAEAOw==\" data-layzr=\"https:\/\/www.phenixetdragon.net\/wp-content\/uploads\/2025\/10\/79503783_2606037579513093_3938903658074210304_n-edited-1024x768.jpg\" style=\"object-position:85% 59%\" data-object-fit=\"cover\" data-object-position=\"85% 59%\"\/><span aria-hidden=\"true\" class=\"wp-block-cover__background has-background-dim\" style=\"background-color:#a09d9d\"><\/span><div class=\"wp-block-cover__inner-container is-layout-flow wp-block-cover-is-layout-flow\">\n<p class=\"has-text-align-center has-white-color has-text-color has-link-color has-medium-font-size wp-elements-ca024881137847992e89a0176d028c9a\"><strong><a href=\"https:\/\/www.phenixetdragon.net\/notre-ecole\/cours-de-kung-fu-enfants\/\">Cours Enfants et Ados<\/a><\/strong><\/p>\n<\/div><\/div>\n<\/div>\n\n\n\n<div class=\"wp-block-column is-layout-flow wp-block-column-is-layout-flow\">\n<div class=\"wp-block-cover alignright is-light\"><img decoding=\"async\" class=\"wp-block-cover__image-background wp-image-9558 size-large\" alt=\"Kung Fu\" src=\"data:image\/gif;base64,R0lGODlhAQABAAAAACH5BAEKAAEALAAAAAABAAEAAAICTAEAOw==\" data-layzr=\"https:\/\/www.phenixetdragon.net\/wp-content\/uploads\/2025\/10\/CA188A80-4044-4310-AE9B-D9EFF2EB50D5_1_102_a-1024x768.jpeg\" style=\"object-position:71% 35%\" data-object-fit=\"cover\" data-object-position=\"71% 35%\"\/><span aria-hidden=\"true\" class=\"wp-block-cover__background has-background-dim\" style=\"background-color:#b39f8a\"><\/span><div class=\"wp-block-cover__inner-container is-layout-flow wp-block-cover-is-layout-flow\">\n<p class=\"has-text-align-center has-white-color has-text-color has-link-color has-medium-font-size wp-elements-53a339ca763025185cf1dee4cfa27456\"><strong><a href=\"https:\/\/www.phenixetdragon.net\/notre-ecole\/faq-kung-fu\/\">Forum aux Questions<\/a><\/strong><\/p>\n<\/div><\/div>\n<\/div>\n<\/div>\n\n\n\n<hr class=\"wp-block-separator has-alpha-channel-opacity\"\/>\n\n\n\n<p><em>Ph\u00e9nix &amp; Dragon, a school committed to teaching internal and external martial arts for all ages and levels.<\/em><\/p>","protected":false},"excerpt":{"rendered":"<p>Un peu d&rsquo;histoire Le terme Kung\u202fFu se traduit litt\u00e9ralement par \u00ab\u202fma\u00eetrise d\u2019un domaine\u202f\u00bb. En Chine, on utilise plus couramment le mot Wushu, qui signifie\u202f\u00ab\u202fart martial\u202f\u00bb, ou \u00abtechnique martiale\u202f\u00bb et recouvre \u00e9galement la pratique du Taiji\u202fQuan. Les premi\u00e8res formes d\u2019arts martiaux remontent \u00e0 environ 3000 avant\u202fJ.-C., mais c\u2019est au VI\u1d49\u202fsi\u00e8cle que le Wushu \u00e9merge v\u00e9ritablement : &hellip; <\/p>","protected":false},"author":7,"featured_media":9559,"parent":35,"menu_order":0,"comment_status":"closed","ping_status":"closed","template":"","meta":{"footnotes":""},"class_list":["post-10143","page","type-page","status-publish","has-post-thumbnail","hentry","latest_post"],"yoast_head":"<!-- This site is optimized with the Yoast SEO plugin v26.3 - https:\/\/yoast.com\/wordpress\/plugins\/seo\/ -->\n<title>Styles de Kung Fu - Ph\u00e9nix et Dragon<\/title>\n<meta name=\"description\" content=\"Le Kung\u202fFu en quelques mots\u202f: d\u00e9couvrez un art martial accessible \u00e0 tous \u00e2ges, ses styles, sa pratique et ses bienfaits.\" \/>\n<meta name=\"robots\" content=\"index, follow, max-snippet:-1, max-image-preview:large, max-video-preview:-1\" \/>\n<link rel=\"canonical\" href=\"https:\/\/www.phenixetdragon.net\/en\/notre-ecole\/styles-de-kung-fu\/\" \/>\n<meta property=\"og:locale\" content=\"en_GB\" \/>\n<meta property=\"og:type\" content=\"article\" \/>\n<meta property=\"og:title\" content=\"Styles de Kung Fu - Ph\u00e9nix et Dragon\" \/>\n<meta property=\"og:description\" content=\"Le Kung\u202fFu en quelques mots\u202f: d\u00e9couvrez un art martial accessible \u00e0 tous \u00e2ges, ses styles, sa pratique et ses bienfaits.\" \/>\n<meta property=\"og:url\" content=\"https:\/\/www.phenixetdragon.net\/en\/notre-ecole\/styles-de-kung-fu\/\" \/>\n<meta property=\"og:site_name\" content=\"Ph\u00e9nix et Dragon\" \/>\n<meta property=\"article:publisher\" content=\"https:\/\/fr-fr.facebook.com\/assoephedra\/\" \/>\n<meta property=\"article:modified_time\" content=\"2025-11-13T15:40:04+00:00\" \/>\n<meta property=\"og:image\" content=\"https:\/\/www.phenixetdragon.net\/wp-content\/uploads\/2025\/10\/20221211_122515-scaled-1-edited.jpg\" \/>\n\t<meta property=\"og:image:width\" content=\"1540\" \/>\n\t<meta property=\"og:image:height\" content=\"1154\" \/>\n\t<meta property=\"og:image:type\" content=\"image\/jpeg\" \/>\n<meta name=\"twitter:card\" content=\"summary_large_image\" \/>\n<meta name=\"twitter:label1\" content=\"Estimated reading time\" \/>\n\t<meta name=\"twitter:data1\" content=\"5 minutes\" \/>\n<script type=\"application\/ld+json\" class=\"yoast-schema-graph\">{\"@context\":\"https:\/\/schema.org\",\"@graph\":[{\"@type\":\"WebPage\",\"@id\":\"https:\/\/www.phenixetdragon.net\/notre-ecole\/styles-de-kung-fu\/\",\"url\":\"https:\/\/www.phenixetdragon.net\/notre-ecole\/styles-de-kung-fu\/\",\"name\":\"Styles de Kung Fu - Ph\u00e9nix et Dragon\",\"isPartOf\":{\"@id\":\"https:\/\/www.phenixetdragon.net\/#website\"},\"primaryImageOfPage\":{\"@id\":\"https:\/\/www.phenixetdragon.net\/notre-ecole\/styles-de-kung-fu\/#primaryimage\"},\"image\":{\"@id\":\"https:\/\/www.phenixetdragon.net\/notre-ecole\/styles-de-kung-fu\/#primaryimage\"},\"thumbnailUrl\":\"https:\/\/www.phenixetdragon.net\/wp-content\/uploads\/2025\/10\/20221211_122515-scaled-1-edited.jpg\",\"datePublished\":\"2025-11-05T17:26:55+00:00\",\"dateModified\":\"2025-11-13T15:40:04+00:00\",\"description\":\"Le Kung\u202fFu en quelques mots\u202f: d\u00e9couvrez un art martial accessible \u00e0 tous \u00e2ges, ses styles, sa pratique et ses bienfaits.\",\"breadcrumb\":{\"@id\":\"https:\/\/www.phenixetdragon.net\/notre-ecole\/styles-de-kung-fu\/#breadcrumb\"},\"inLanguage\":\"en-GB\",\"potentialAction\":[{\"@type\":\"ReadAction\",\"target\":[\"https:\/\/www.phenixetdragon.net\/notre-ecole\/styles-de-kung-fu\/\"]}]},{\"@type\":\"ImageObject\",\"inLanguage\":\"en-GB\",\"@id\":\"https:\/\/www.phenixetdragon.net\/notre-ecole\/styles-de-kung-fu\/#primaryimage\",\"url\":\"https:\/\/www.phenixetdragon.net\/wp-content\/uploads\/2025\/10\/20221211_122515-scaled-1-edited.jpg\",\"contentUrl\":\"https:\/\/www.phenixetdragon.net\/wp-content\/uploads\/2025\/10\/20221211_122515-scaled-1-edited.jpg\",\"width\":1540,\"height\":1154,\"caption\":\"Kung Fu Sanda\"},{\"@type\":\"BreadcrumbList\",\"@id\":\"https:\/\/www.phenixetdragon.net\/notre-ecole\/styles-de-kung-fu\/#breadcrumb\",\"itemListElement\":[{\"@type\":\"ListItem\",\"position\":1,\"name\":\"Accueil\",\"item\":\"https:\/\/www.phenixetdragon.net\/\"},{\"@type\":\"ListItem\",\"position\":2,\"name\":\"Notre \u00e9cole\",\"item\":\"https:\/\/www.phenixetdragon.net\/notre-ecole\/\"},{\"@type\":\"ListItem\",\"position\":3,\"name\":\"Styles de Kung Fu\"}]},{\"@type\":\"WebSite\",\"@id\":\"https:\/\/www.phenixetdragon.net\/#website\",\"url\":\"https:\/\/www.phenixetdragon.net\/\",\"name\":\"Ph\u00e9nix et Dragon\",\"description\":\"Arts Martiaux Chinois, Kung Fu, Taiji Quan, et Arts Energ\u00e9tiques, Qi Gong\",\"publisher\":{\"@id\":\"https:\/\/www.phenixetdragon.net\/#organization\"},\"potentialAction\":[{\"@type\":\"SearchAction\",\"target\":{\"@type\":\"EntryPoint\",\"urlTemplate\":\"https:\/\/www.phenixetdragon.net\/?s={search_term_string}\"},\"query-input\":{\"@type\":\"PropertyValueSpecification\",\"valueRequired\":true,\"valueName\":\"search_term_string\"}}],\"inLanguage\":\"en-GB\"},{\"@type\":\"Organization\",\"@id\":\"https:\/\/www.phenixetdragon.net\/#organization\",\"name\":\"Ph\u00e9nix et Dragon\",\"url\":\"https:\/\/www.phenixetdragon.net\/\",\"logo\":{\"@type\":\"ImageObject\",\"inLanguage\":\"en-GB\",\"@id\":\"https:\/\/www.phenixetdragon.net\/#\/schema\/logo\/image\/\",\"url\":\"https:\/\/www.phenixetdragon.net\/wp-content\/uploads\/2021\/08\/logophenixdragon.png\",\"contentUrl\":\"https:\/\/www.phenixetdragon.net\/wp-content\/uploads\/2021\/08\/logophenixdragon.png\",\"width\":674,\"height\":113,\"caption\":\"Ph\u00e9nix et Dragon\"},\"image\":{\"@id\":\"https:\/\/www.phenixetdragon.net\/#\/schema\/logo\/image\/\"},\"sameAs\":[\"https:\/\/fr-fr.facebook.com\/assoephedra\/\",\"https:\/\/www.instagram.com\/ecolephenixetdragon\/\"]}]}<\/script>\n<!-- \/ Yoast SEO plugin. -->","yoast_head_json":{"title":"Styles de Kung Fu - Ph\u00e9nix et Dragon","description":"Le Kung\u202fFu en quelques mots\u202f: d\u00e9couvrez un art martial accessible \u00e0 tous \u00e2ges, ses styles, sa pratique et ses bienfaits.","robots":{"index":"index","follow":"follow","max-snippet":"max-snippet:-1","max-image-preview":"max-image-preview:large","max-video-preview":"max-video-preview:-1"},"canonical":"https:\/\/www.phenixetdragon.net\/en\/notre-ecole\/styles-de-kung-fu\/","og_locale":"en_GB","og_type":"article","og_title":"Styles de Kung Fu - Ph\u00e9nix et Dragon","og_description":"Le Kung\u202fFu en quelques mots\u202f: d\u00e9couvrez un art martial accessible \u00e0 tous \u00e2ges, ses styles, sa pratique et ses bienfaits.","og_url":"https:\/\/www.phenixetdragon.net\/en\/notre-ecole\/styles-de-kung-fu\/","og_site_name":"Ph\u00e9nix et Dragon","article_publisher":"https:\/\/fr-fr.facebook.com\/assoephedra\/","article_modified_time":"2025-11-13T15:40:04+00:00","og_image":[{"width":1540,"height":1154,"url":"https:\/\/www.phenixetdragon.net\/wp-content\/uploads\/2025\/10\/20221211_122515-scaled-1-edited.jpg","type":"image\/jpeg"}],"twitter_card":"summary_large_image","twitter_misc":{"Estimated reading time":"5 minutes"},"schema":{"@context":"https:\/\/schema.org","@graph":[{"@type":"WebPage","@id":"https:\/\/www.phenixetdragon.net\/notre-ecole\/styles-de-kung-fu\/","url":"https:\/\/www.phenixetdragon.net\/notre-ecole\/styles-de-kung-fu\/","name":"Styles de Kung Fu - Ph\u00e9nix et Dragon","isPartOf":{"@id":"https:\/\/www.phenixetdragon.net\/#website"},"primaryImageOfPage":{"@id":"https:\/\/www.phenixetdragon.net\/notre-ecole\/styles-de-kung-fu\/#primaryimage"},"image":{"@id":"https:\/\/www.phenixetdragon.net\/notre-ecole\/styles-de-kung-fu\/#primaryimage"},"thumbnailUrl":"https:\/\/www.phenixetdragon.net\/wp-content\/uploads\/2025\/10\/20221211_122515-scaled-1-edited.jpg","datePublished":"2025-11-05T17:26:55+00:00","dateModified":"2025-11-13T15:40:04+00:00","description":"Le Kung\u202fFu en quelques mots\u202f: d\u00e9couvrez un art martial accessible \u00e0 tous \u00e2ges, ses styles, sa pratique et ses bienfaits.","breadcrumb":{"@id":"https:\/\/www.phenixetdragon.net\/notre-ecole\/styles-de-kung-fu\/#breadcrumb"},"inLanguage":"en-GB","potentialAction":[{"@type":"ReadAction","target":["https:\/\/www.phenixetdragon.net\/notre-ecole\/styles-de-kung-fu\/"]}]},{"@type":"ImageObject","inLanguage":"en-GB","@id":"https:\/\/www.phenixetdragon.net\/notre-ecole\/styles-de-kung-fu\/#primaryimage","url":"https:\/\/www.phenixetdragon.net\/wp-content\/uploads\/2025\/10\/20221211_122515-scaled-1-edited.jpg","contentUrl":"https:\/\/www.phenixetdragon.net\/wp-content\/uploads\/2025\/10\/20221211_122515-scaled-1-edited.jpg","width":1540,"height":1154,"caption":"Kung Fu Sanda"},{"@type":"BreadcrumbList","@id":"https:\/\/www.phenixetdragon.net\/notre-ecole\/styles-de-kung-fu\/#breadcrumb","itemListElement":[{"@type":"ListItem","position":1,"name":"Accueil","item":"https:\/\/www.phenixetdragon.net\/"},{"@type":"ListItem","position":2,"name":"Notre \u00e9cole","item":"https:\/\/www.phenixetdragon.net\/notre-ecole\/"},{"@type":"ListItem","position":3,"name":"Styles de Kung Fu"}]},{"@type":"WebSite","@id":"https:\/\/www.phenixetdragon.net\/#website","url":"https:\/\/www.phenixetdragon.net\/","name":"Ph\u00e9nix et Dragon","description":"Arts Martiaux Chinois, Kung Fu, Taiji Quan, et Arts Energ\u00e9tiques, Qi Gong","publisher":{"@id":"https:\/\/www.phenixetdragon.net\/#organization"},"potentialAction":[{"@type":"SearchAction","target":{"@type":"EntryPoint","urlTemplate":"https:\/\/www.phenixetdragon.net\/?s={search_term_string}"},"query-input":{"@type":"PropertyValueSpecification","valueRequired":true,"valueName":"search_term_string"}}],"inLanguage":"en-GB"},{"@type":"Organization","@id":"https:\/\/www.phenixetdragon.net\/#organization","name":"Ph\u00e9nix et Dragon","url":"https:\/\/www.phenixetdragon.net\/","logo":{"@type":"ImageObject","inLanguage":"en-GB","@id":"https:\/\/www.phenixetdragon.net\/#\/schema\/logo\/image\/","url":"https:\/\/www.phenixetdragon.net\/wp-content\/uploads\/2021\/08\/logophenixdragon.png","contentUrl":"https:\/\/www.phenixetdragon.net\/wp-content\/uploads\/2021\/08\/logophenixdragon.png","width":674,"height":113,"caption":"Ph\u00e9nix et Dragon"},"image":{"@id":"https:\/\/www.phenixetdragon.net\/#\/schema\/logo\/image\/"},"sameAs":["https:\/\/fr-fr.facebook.com\/assoephedra\/","https:\/\/www.instagram.com\/ecolephenixetdragon\/"]}]}},"_links":{"self":[{"href":"https:\/\/www.phenixetdragon.net\/en\/wp-json\/wp\/v2\/pages\/10143","targetHints":{"allow":["GET"]}}],"collection":[{"href":"https:\/\/www.phenixetdragon.net\/en\/wp-json\/wp\/v2\/pages"}],"about":[{"href":"https:\/\/www.phenixetdragon.net\/en\/wp-json\/wp\/v2\/types\/page"}],"author":[{"embeddable":true,"href":"https:\/\/www.phenixetdragon.net\/en\/wp-json\/wp\/v2\/users\/7"}],"replies":[{"embeddable":true,"href":"https:\/\/www.phenixetdragon.net\/en\/wp-json\/wp\/v2\/comments?post=10143"}],"version-history":[{"count":5,"href":"https:\/\/www.phenixetdragon.net\/en\/wp-json\/wp\/v2\/pages\/10143\/revisions"}],"predecessor-version":[{"id":10313,"href":"https:\/\/www.phenixetdragon.net\/en\/wp-json\/wp\/v2\/pages\/10143\/revisions\/10313"}],"up":[{"embeddable":true,"href":"https:\/\/www.phenixetdragon.net\/en\/wp-json\/wp\/v2\/pages\/35"}],"wp:featuredmedia":[{"embeddable":true,"href":"https:\/\/www.phenixetdragon.net\/en\/wp-json\/wp\/v2\/media\/9559"}],"wp:attachment":[{"href":"https:\/\/www.phenixetdragon.net\/en\/wp-json\/wp\/v2\/media?parent=10143"}],"curies":[{"name":"wp","href":"https:\/\/api.w.org\/{rel}","templated":true}]}}