{"id":10565,"date":"2026-03-09T23:06:42","date_gmt":"2026-03-09T22:06:42","guid":{"rendered":"https:\/\/www.phenixetdragon.net\/?page_id=10565"},"modified":"2026-03-09T23:10:23","modified_gmt":"2026-03-09T22:10:23","slug":"charlotte-vincent","status":"publish","type":"page","link":"https:\/\/www.phenixetdragon.net\/en\/notre-ecole\/instructeurs\/charlotte-vincent\/","title":{"rendered":"Charlotte Vincent"},"content":{"rendered":"<p>Quand j\u2019ai d\u00e9couvert les films de kung-fu dans ma jeunesse, j\u2019ai imm\u00e9diatement \u00e9t\u00e9 fascin\u00e9e par ce que le corps humain peut accomplir, par la beaut\u00e9 des gestes et du mouvement. Cela m\u2019a donn\u00e9 une folle<br>envie d\u2019essayer\u2026<\/p>\n\n\n\n<p>Cela fait maintenant plus de vingt ans que je pratique \u00e0 l\u2019\u00e9cole Ph\u00e9nix et Dragon, sous la direction p\u00e9dagogique de <a href=\"https:\/\/www.phenixetdragon.net\/notre-ecole\/instructeurs\/matteo-pepe\/\">Matteo Pepe<\/a>, et je suis toujours aussi heureuse d\u2019aller en cours. Au fil des ann\u00e9es, je mesure combien la pratique r\u00e9guli\u00e8re du Kung Fu m\u2019apporte stabilit\u00e9, confiance et force, y compris dans ma vie de tous les jours.<\/p>\n\n\n\n<p>Aujourd\u2019hui, j\u2019approfondis le Tang Lang et l\u2019\u00e9p\u00e9e Wudang, et j\u2019ai \u00e9galement commenc\u00e9 avec joie le Taiji Quan. Je n\u2019ai peut-\u00eatre pas encore tout \u00e0 fait la gr\u00e2ce combative de Cheng Pei-pei ni la virtuosit\u00e9 pleine d\u2019humour de Jackie Chan, mais je suis tr\u00e8s fi\u00e8re d\u2019avoir obtenu ma ceinture noire en 2023 et d\u2019enseigner aux enfants \u00e0 Paris 4, aux c\u00f4t\u00e9s de <a href=\"https:\/\/www.phenixetdragon.net\/notre-ecole\/instructeurs\/philippe-aubourg\/\">Philippe Aubourg<\/a>. <\/p>\n\n\n\n<p>Par ailleurs, j\u2019assouvis ma passion pour le cin\u00e9ma dans ma vie professionnelle en produisant des films au sein de ma soci\u00e9t\u00e9, Aurora Films.<\/p>\n\n\n\n<figure class=\"wp-block-image size-large\"><img decoding=\"async\" src=\"data:image\/gif;base64,R0lGODlhAQABAAAAACH5BAEKAAEALAAAAAABAAEAAAICTAEAOw==\" data-layzr=\"https:\/\/www.phenixetdragon.net\/wp-content\/uploads\/2025\/11\/IMG_2046-768x1024.jpg\" alt=\"\" class=\"wp-image-10434\"\/><\/figure>","protected":false},"excerpt":{"rendered":"<p>Quand j\u2019ai d\u00e9couvert les films de kung-fu dans ma jeunesse, j\u2019ai imm\u00e9diatement \u00e9t\u00e9 fascin\u00e9e par ce que le corps humain peut accomplir, par la beaut\u00e9 des gestes et du mouvement. Cela m\u2019a donn\u00e9 une folleenvie d\u2019essayer\u2026 Cela fait maintenant plus de vingt ans que je pratique \u00e0 l\u2019\u00e9cole Ph\u00e9nix et Dragon, sous la direction p\u00e9dagogique &hellip; <\/p>","protected":false},"author":7,"featured_media":0,"parent":7645,"menu_order":0,"comment_status":"closed","ping_status":"closed","template":"","meta":{"footnotes":""},"class_list":["post-10565","page","type-page","status-publish","hentry","latest_post"],"yoast_head":"<!-- This site is optimized with the Yoast SEO plugin v26.3 - https:\/\/yoast.com\/wordpress\/plugins\/seo\/ -->\n<title>Charlotte Vincent - Ph\u00e9nix et Dragon<\/title>\n<meta name=\"robots\" content=\"index, follow, max-snippet:-1, max-image-preview:large, max-video-preview:-1\" \/>\n<link rel=\"canonical\" href=\"https:\/\/www.phenixetdragon.net\/en\/notre-ecole\/instructeurs\/charlotte-vincent\/\" \/>\n<meta property=\"og:locale\" content=\"en_GB\" \/>\n<meta property=\"og:type\" content=\"article\" \/>\n<meta property=\"og:title\" content=\"Charlotte Vincent - Ph\u00e9nix et Dragon\" \/>\n<meta property=\"og:description\" content=\"Quand j\u2019ai d\u00e9couvert les films de kung-fu dans ma jeunesse, j\u2019ai imm\u00e9diatement \u00e9t\u00e9 fascin\u00e9e par ce que le corps humain peut accomplir, par la beaut\u00e9 des gestes et du mouvement. Cela m\u2019a donn\u00e9 une folleenvie d\u2019essayer\u2026 Cela fait maintenant plus de vingt ans que je pratique \u00e0 l\u2019\u00e9cole Ph\u00e9nix et Dragon, sous la direction p\u00e9dagogique &hellip;\" \/>\n<meta property=\"og:url\" content=\"https:\/\/www.phenixetdragon.net\/en\/notre-ecole\/instructeurs\/charlotte-vincent\/\" \/>\n<meta property=\"og:site_name\" content=\"Ph\u00e9nix et Dragon\" \/>\n<meta property=\"article:publisher\" content=\"https:\/\/fr-fr.facebook.com\/assoephedra\/\" \/>\n<meta property=\"article:modified_time\" content=\"2026-03-09T22:10:23+00:00\" \/>\n<meta property=\"og:image\" content=\"https:\/\/www.phenixetdragon.net\/wp-content\/uploads\/2025\/11\/IMG_2046-768x1024.jpg\" \/>\n<meta name=\"twitter:card\" content=\"summary_large_image\" \/>\n<meta name=\"twitter:label1\" content=\"Estimated reading time\" \/>\n\t<meta name=\"twitter:data1\" content=\"1 minute\" \/>\n<script type=\"application\/ld+json\" class=\"yoast-schema-graph\">{\"@context\":\"https:\/\/schema.org\",\"@graph\":[{\"@type\":\"WebPage\",\"@id\":\"https:\/\/www.phenixetdragon.net\/notre-ecole\/instructeurs\/charlotte-vincent\/\",\"url\":\"https:\/\/www.phenixetdragon.net\/notre-ecole\/instructeurs\/charlotte-vincent\/\",\"name\":\"Charlotte Vincent - Ph\u00e9nix et Dragon\",\"isPartOf\":{\"@id\":\"https:\/\/www.phenixetdragon.net\/#website\"},\"primaryImageOfPage\":{\"@id\":\"https:\/\/www.phenixetdragon.net\/notre-ecole\/instructeurs\/charlotte-vincent\/#primaryimage\"},\"image\":{\"@id\":\"https:\/\/www.phenixetdragon.net\/notre-ecole\/instructeurs\/charlotte-vincent\/#primaryimage\"},\"thumbnailUrl\":\"https:\/\/www.phenixetdragon.net\/wp-content\/uploads\/2025\/11\/IMG_2046-768x1024.jpg\",\"datePublished\":\"2026-03-09T22:06:42+00:00\",\"dateModified\":\"2026-03-09T22:10:23+00:00\",\"breadcrumb\":{\"@id\":\"https:\/\/www.phenixetdragon.net\/notre-ecole\/instructeurs\/charlotte-vincent\/#breadcrumb\"},\"inLanguage\":\"en-GB\",\"potentialAction\":[{\"@type\":\"ReadAction\",\"target\":[\"https:\/\/www.phenixetdragon.net\/notre-ecole\/instructeurs\/charlotte-vincent\/\"]}]},{\"@type\":\"ImageObject\",\"inLanguage\":\"en-GB\",\"@id\":\"https:\/\/www.phenixetdragon.net\/notre-ecole\/instructeurs\/charlotte-vincent\/#primaryimage\",\"url\":\"https:\/\/www.phenixetdragon.net\/wp-content\/uploads\/2025\/11\/IMG_2046-768x1024.jpg\",\"contentUrl\":\"https:\/\/www.phenixetdragon.net\/wp-content\/uploads\/2025\/11\/IMG_2046-768x1024.jpg\"},{\"@type\":\"BreadcrumbList\",\"@id\":\"https:\/\/www.phenixetdragon.net\/notre-ecole\/instructeurs\/charlotte-vincent\/#breadcrumb\",\"itemListElement\":[{\"@type\":\"ListItem\",\"position\":1,\"name\":\"Accueil\",\"item\":\"https:\/\/www.phenixetdragon.net\/\"},{\"@type\":\"ListItem\",\"position\":2,\"name\":\"Notre \u00e9cole\",\"item\":\"https:\/\/www.phenixetdragon.net\/notre-ecole\/\"},{\"@type\":\"ListItem\",\"position\":3,\"name\":\"Instructeurs &#8211; Ph\u00e9nix et Dragon\",\"item\":\"https:\/\/www.phenixetdragon.net\/notre-ecole\/instructeurs\/\"},{\"@type\":\"ListItem\",\"position\":4,\"name\":\"Charlotte Vincent\"}]},{\"@type\":\"WebSite\",\"@id\":\"https:\/\/www.phenixetdragon.net\/#website\",\"url\":\"https:\/\/www.phenixetdragon.net\/\",\"name\":\"Ph\u00e9nix et Dragon\",\"description\":\"Arts Martiaux Chinois, Kung Fu, Taiji Quan, et Arts Energ\u00e9tiques, Qi Gong\",\"publisher\":{\"@id\":\"https:\/\/www.phenixetdragon.net\/#organization\"},\"potentialAction\":[{\"@type\":\"SearchAction\",\"target\":{\"@type\":\"EntryPoint\",\"urlTemplate\":\"https:\/\/www.phenixetdragon.net\/?s={search_term_string}\"},\"query-input\":{\"@type\":\"PropertyValueSpecification\",\"valueRequired\":true,\"valueName\":\"search_term_string\"}}],\"inLanguage\":\"en-GB\"},{\"@type\":\"Organization\",\"@id\":\"https:\/\/www.phenixetdragon.net\/#organization\",\"name\":\"Ph\u00e9nix et Dragon\",\"url\":\"https:\/\/www.phenixetdragon.net\/\",\"logo\":{\"@type\":\"ImageObject\",\"inLanguage\":\"en-GB\",\"@id\":\"https:\/\/www.phenixetdragon.net\/#\/schema\/logo\/image\/\",\"url\":\"https:\/\/www.phenixetdragon.net\/wp-content\/uploads\/2021\/08\/logophenixdragon.png\",\"contentUrl\":\"https:\/\/www.phenixetdragon.net\/wp-content\/uploads\/2021\/08\/logophenixdragon.png\",\"width\":674,\"height\":113,\"caption\":\"Ph\u00e9nix et Dragon\"},\"image\":{\"@id\":\"https:\/\/www.phenixetdragon.net\/#\/schema\/logo\/image\/\"},\"sameAs\":[\"https:\/\/fr-fr.facebook.com\/assoephedra\/\",\"https:\/\/www.instagram.com\/ecolephenixetdragon\/\"]}]}<\/script>\n<!-- \/ Yoast SEO plugin. -->","yoast_head_json":{"title":"Charlotte Vincent - Ph\u00e9nix et Dragon","robots":{"index":"index","follow":"follow","max-snippet":"max-snippet:-1","max-image-preview":"max-image-preview:large","max-video-preview":"max-video-preview:-1"},"canonical":"https:\/\/www.phenixetdragon.net\/en\/notre-ecole\/instructeurs\/charlotte-vincent\/","og_locale":"en_GB","og_type":"article","og_title":"Charlotte Vincent - Ph\u00e9nix et Dragon","og_description":"Quand j\u2019ai d\u00e9couvert les films de kung-fu dans ma jeunesse, j\u2019ai imm\u00e9diatement \u00e9t\u00e9 fascin\u00e9e par ce que le corps humain peut accomplir, par la beaut\u00e9 des gestes et du mouvement. Cela m\u2019a donn\u00e9 une folleenvie d\u2019essayer\u2026 Cela fait maintenant plus de vingt ans que je pratique \u00e0 l\u2019\u00e9cole Ph\u00e9nix et Dragon, sous la direction p\u00e9dagogique &hellip;","og_url":"https:\/\/www.phenixetdragon.net\/en\/notre-ecole\/instructeurs\/charlotte-vincent\/","og_site_name":"Ph\u00e9nix et Dragon","article_publisher":"https:\/\/fr-fr.facebook.com\/assoephedra\/","article_modified_time":"2026-03-09T22:10:23+00:00","og_image":[{"url":"https:\/\/www.phenixetdragon.net\/wp-content\/uploads\/2025\/11\/IMG_2046-768x1024.jpg","type":"","width":"","height":""}],"twitter_card":"summary_large_image","twitter_misc":{"Estimated reading time":"1 minute"},"schema":{"@context":"https:\/\/schema.org","@graph":[{"@type":"WebPage","@id":"https:\/\/www.phenixetdragon.net\/notre-ecole\/instructeurs\/charlotte-vincent\/","url":"https:\/\/www.phenixetdragon.net\/notre-ecole\/instructeurs\/charlotte-vincent\/","name":"Charlotte Vincent - Ph\u00e9nix et Dragon","isPartOf":{"@id":"https:\/\/www.phenixetdragon.net\/#website"},"primaryImageOfPage":{"@id":"https:\/\/www.phenixetdragon.net\/notre-ecole\/instructeurs\/charlotte-vincent\/#primaryimage"},"image":{"@id":"https:\/\/www.phenixetdragon.net\/notre-ecole\/instructeurs\/charlotte-vincent\/#primaryimage"},"thumbnailUrl":"https:\/\/www.phenixetdragon.net\/wp-content\/uploads\/2025\/11\/IMG_2046-768x1024.jpg","datePublished":"2026-03-09T22:06:42+00:00","dateModified":"2026-03-09T22:10:23+00:00","breadcrumb":{"@id":"https:\/\/www.phenixetdragon.net\/notre-ecole\/instructeurs\/charlotte-vincent\/#breadcrumb"},"inLanguage":"en-GB","potentialAction":[{"@type":"ReadAction","target":["https:\/\/www.phenixetdragon.net\/notre-ecole\/instructeurs\/charlotte-vincent\/"]}]},{"@type":"ImageObject","inLanguage":"en-GB","@id":"https:\/\/www.phenixetdragon.net\/notre-ecole\/instructeurs\/charlotte-vincent\/#primaryimage","url":"https:\/\/www.phenixetdragon.net\/wp-content\/uploads\/2025\/11\/IMG_2046-768x1024.jpg","contentUrl":"https:\/\/www.phenixetdragon.net\/wp-content\/uploads\/2025\/11\/IMG_2046-768x1024.jpg"},{"@type":"BreadcrumbList","@id":"https:\/\/www.phenixetdragon.net\/notre-ecole\/instructeurs\/charlotte-vincent\/#breadcrumb","itemListElement":[{"@type":"ListItem","position":1,"name":"Accueil","item":"https:\/\/www.phenixetdragon.net\/"},{"@type":"ListItem","position":2,"name":"Notre \u00e9cole","item":"https:\/\/www.phenixetdragon.net\/notre-ecole\/"},{"@type":"ListItem","position":3,"name":"Instructeurs &#8211; Ph\u00e9nix et Dragon","item":"https:\/\/www.phenixetdragon.net\/notre-ecole\/instructeurs\/"},{"@type":"ListItem","position":4,"name":"Charlotte Vincent"}]},{"@type":"WebSite","@id":"https:\/\/www.phenixetdragon.net\/#website","url":"https:\/\/www.phenixetdragon.net\/","name":"Ph\u00e9nix et Dragon","description":"Arts Martiaux Chinois, Kung Fu, Taiji Quan, et Arts Energ\u00e9tiques, Qi Gong","publisher":{"@id":"https:\/\/www.phenixetdragon.net\/#organization"},"potentialAction":[{"@type":"SearchAction","target":{"@type":"EntryPoint","urlTemplate":"https:\/\/www.phenixetdragon.net\/?s={search_term_string}"},"query-input":{"@type":"PropertyValueSpecification","valueRequired":true,"valueName":"search_term_string"}}],"inLanguage":"en-GB"},{"@type":"Organization","@id":"https:\/\/www.phenixetdragon.net\/#organization","name":"Ph\u00e9nix et Dragon","url":"https:\/\/www.phenixetdragon.net\/","logo":{"@type":"ImageObject","inLanguage":"en-GB","@id":"https:\/\/www.phenixetdragon.net\/#\/schema\/logo\/image\/","url":"https:\/\/www.phenixetdragon.net\/wp-content\/uploads\/2021\/08\/logophenixdragon.png","contentUrl":"https:\/\/www.phenixetdragon.net\/wp-content\/uploads\/2021\/08\/logophenixdragon.png","width":674,"height":113,"caption":"Ph\u00e9nix et Dragon"},"image":{"@id":"https:\/\/www.phenixetdragon.net\/#\/schema\/logo\/image\/"},"sameAs":["https:\/\/fr-fr.facebook.com\/assoephedra\/","https:\/\/www.instagram.com\/ecolephenixetdragon\/"]}]}},"_links":{"self":[{"href":"https:\/\/www.phenixetdragon.net\/en\/wp-json\/wp\/v2\/pages\/10565","targetHints":{"allow":["GET"]}}],"collection":[{"href":"https:\/\/www.phenixetdragon.net\/en\/wp-json\/wp\/v2\/pages"}],"about":[{"href":"https:\/\/www.phenixetdragon.net\/en\/wp-json\/wp\/v2\/types\/page"}],"author":[{"embeddable":true,"href":"https:\/\/www.phenixetdragon.net\/en\/wp-json\/wp\/v2\/users\/7"}],"replies":[{"embeddable":true,"href":"https:\/\/www.phenixetdragon.net\/en\/wp-json\/wp\/v2\/comments?post=10565"}],"version-history":[{"count":1,"href":"https:\/\/www.phenixetdragon.net\/en\/wp-json\/wp\/v2\/pages\/10565\/revisions"}],"predecessor-version":[{"id":10566,"href":"https:\/\/www.phenixetdragon.net\/en\/wp-json\/wp\/v2\/pages\/10565\/revisions\/10566"}],"up":[{"embeddable":true,"href":"https:\/\/www.phenixetdragon.net\/en\/wp-json\/wp\/v2\/pages\/7645"}],"wp:attachment":[{"href":"https:\/\/www.phenixetdragon.net\/en\/wp-json\/wp\/v2\/media?parent=10565"}],"curies":[{"name":"wp","href":"https:\/\/api.w.org\/{rel}","templated":true}]}}