{"id":118,"date":"2013-07-19T14:42:10","date_gmt":"2013-07-19T12:42:10","guid":{"rendered":"http:\/\/eq18020.amanda6.nfrance.com\/?page_id=118"},"modified":"2025-12-27T17:25:27","modified_gmt":"2025-12-27T16:25:27","slug":"forum-aux-questions-taiji","status":"publish","type":"page","link":"https:\/\/www.phenixetdragon.net\/en\/notre-ecole\/taiji-quan\/forum-aux-questions-taiji\/","title":{"rendered":"Forum aux Questions &#8211; Taiji Quan"},"content":{"rendered":"<h1 class=\"wp-block-heading has-vivid-red-color has-text-color has-link-color has-medium-font-size wp-elements-169018be085991624dbe0d19ec9b94d4\"><strong>Comment se d\u00e9roule les cours de Taiji Quan (Tai Chi Chuan)?<\/strong><\/h1>\n\n\n\n<p>Classiquement, chaque cours est divis\u00e9 en trois parties&nbsp;: l\u2019\u00e9chauffement, le cours \u00e0 proprement parler et le retour au calme. Des rotations des diff\u00e9rentes articulations et des \u00e9tirements sont faits \u00e0 chaque \u00e9chauffement, pr\u00e9parant le corps \u00e0 la pratique. Ensuite l\u2019entra\u00eenement sp\u00e9cifique commence. Des exercices permettent d\u2019abord d\u2019int\u00e9grer les techniques de base, puis on travaille les Taos proprement dits. En Taiji Quan, il existe des Taos \u00e0 main nue \u2013 forme dite des \u00ab&nbsp;24&nbsp;\u00bb, des \u00ab&nbsp;48&nbsp;\u00bb, etc. \u2013 et d\u2019autres avec \u00e9p\u00e9e ou \u00e9ventail. Une partie de l\u2019entra\u00eenement est aussi consacr\u00e9e au travail \u00e0 deux (Tui Shou, ou \u00ab&nbsp;pouss\u00e9e des mains&nbsp;\u00bb), permettant de mettre en application les techniques de d\u00e9fense et d\u2019attaque vues dans les Taos.<\/p>\n\n\n\n<h2 class=\"wp-block-heading has-vivid-red-color has-text-color has-link-color has-medium-font-size wp-elements-db4f9e29ad79388c0506cf55ef9da03c\"><strong>Comment s&rsquo;habiller?<\/strong><\/h2>\n\n\n\n<p>La tenue est constitu\u00e9e d\u2019un pantalon noir, d\u2019un tee-shirt, de chaussures \u00e0 semelle fine r\u00e9serv\u00e9es \u00e0 la pratique (ou pieds nus). Le mat\u00e9riel peut \u00eatre achet\u00e9 par l\u2019interm\u00e9diaire du club, mais il existe aussi des magasins sp\u00e9cialis\u00e9s dans la vente de v\u00eatements pour la pratique des arts martiaux.<\/p>\n\n\n\n<h2 class=\"wp-block-heading has-vivid-red-color has-text-color has-medium-font-size\" style=\"text-transform:none\"><strong>Quelles sont les diff\u00e9rences entre Qi Gong et Taiji Quan&nbsp;?<\/strong><\/h2>\n\n\n\n<p>En r\u00e9alit\u00e9 la diff\u00e9rence est parfois t\u00e9nue&nbsp;; certains styles de Qi Gong (Daoyin Yangsheng Gong par exemple) ont des encha\u00eenements qui sont un m\u00e9lange de Taiji et de Qi Gong. En Qi Gong, on pratiquera en m\u00e9morisant des encha\u00eenements qui favorisent la circulation de l\u2019\u00e9nergie en fonction des organes ou des diff\u00e9rents m\u00e9ridiens d\u2019acupuncture. En Taiji on pratiquera en m\u00e9morisant des encha\u00eenements lents et continus pour int\u00e9grer les notions d\u2019Axe, de Racines et d\u2019Espace. Aussi bien en Taiji qu\u2019en Qi Gong on parlera de respiration et de concentration.<\/p>\n\n\n\n<h2 class=\"wp-block-heading has-vivid-red-color has-text-color has-medium-font-size\" style=\"text-transform:none\"><strong>Quelles sont les diff\u00e9rences entre le Kung Fu et le Taiji Quan&nbsp;?<\/strong><\/h2>\n\n\n\n<p>Classiquement, le Kung Fu fait partie des arts martiaux externes, alors que le Taiji Quan est consid\u00e9r\u00e9 comme un art martial interne. Si \u00e0 l\u2019origine la finalit\u00e9 de ces deux pratiques \u00e9tait la ma\u00eetrise du corps pour le combat, leur approche et leur enseignement sont diff\u00e9rents. En Kung Fu, les pratiquants s\u2019entra\u00eenent \u00e0 fortifier leurs corps pour le rendre puissant, rapide, tonique et souple. En Taiji Quan, le corps commence par apprendre \u00e0 se rel\u00e2cher, se d\u00e9tendre, s\u2019enraciner, et les pratiquants travaillent avec lenteur et calme tout en cherchant la tonicit\u00e9.<\/p>\n\n\n\n<h2 class=\"wp-block-heading has-vivid-red-color has-text-color has-medium-font-size\" style=\"text-transform:none\"><strong>Peut-on se blesser en pratiquant le Taiji Quan et les autres arts martiaux chinois&nbsp;?<\/strong><\/h2>\n\n\n\n<p>Le Taiji Quan et les arts martiaux chinois sont des techniques de long\u00e9vit\u00e9. Cependant, de mauvaises postures ou des \u00e9tirements trop forc\u00e9s peuvent \u00eatre \u00e0 l\u2019origine des blessures. Mais les enseignants sont attentifs et vous apprendront \u00e0 vous pr\u00e9server. M\u00eame lors des combats, les coups doivent \u00eatre ma\u00eetris\u00e9s&nbsp;; le ma\u00eetre mot est le respect de soi et de l\u2019autre.<\/p>\n\n\n\n<h2 class=\"wp-block-heading has-vivid-red-color has-text-color has-medium-font-size\" style=\"text-transform:none\"><strong>Combien de temps dois-je consacrer au Taiji Quan par semaine&nbsp;?<\/strong><\/h2>\n\n\n\n<p>Il n\u2019y a pas de \u00ab&nbsp;temps d\u2019entra\u00eenement hebdomadaire id\u00e9al&nbsp;\u00bb dans le Taiji Quan, car chaque pratique est personnelle et d\u00e9pend des objectifs que l\u2019on se fixe. Une personne qui pratiquera le Taiji Quan pour s\u2019amuser et se d\u00e9tendre pourra se contenter d\u2019une s\u00e9ance hebdomadaire de 1h30 car elle constituera un moment de d\u00e9tente suffisant \u00e0 son bien-\u00eatre. En revanche, celui ou celle qui d\u00e9sire acqu\u00e9rir des bases solides et une ma\u00eetrise des techniques enseign\u00e9es devra consacrer plusieurs heures \u00e0 l\u2019entra\u00eenement. Un rythme de trois s\u00e9ances hebdomadaires de 1h30 chacune est une bonne moyenne pour progresser correctement et avancer dans le programme technique.<\/p>\n\n\n\n<h2 class=\"wp-block-heading has-vivid-red-color has-text-color has-medium-font-size\" style=\"text-transform:none\"><strong>Peut-on pratiquer en m\u00eame temps le Taiji Quan, le Kung Fu et le Qi Gong&nbsp;?<\/strong><\/h2>\n\n\n\n<p>Le Kung Fu et le Taiji Quan sont deux arts martiaux chinois compl\u00e9mentaires. Un pratiquant de Kung Fu pourra se mette au Taiji Quan pour travailler son enracinement, prendre conscience de son espace, et de son axe. Le pratiquant de Taiji Quan pourra suivre des cours de Kung Fu afin de travailler la vitesse, le souffle et son endurance \u00e0 l\u2019effort. Par ailleurs, le Qi Gong que nous pratiquons est tr\u00e8s bon pour soulager le corps apr\u00e8s un entra\u00eenement intensif et \u00e9vacuer les tensions. Ces trois pratiques ne sont donc pas du tout incompatibles et peuvent former un tout \u00e9quilibr\u00e9.<\/p>\n\n\n\n<h2 class=\"wp-block-heading has-vivid-red-color has-text-color has-medium-font-size\" style=\"text-transform:none\"><strong>Est-ce que je peux tout pratiquer, mon \u00e2ge et ma condition physique sont-ils des limites&nbsp;?<\/strong><\/h2>\n\n\n\n<p>Tout est possible si dans le club que vous avez choisi les enseignants sont comp\u00e9tents et si c\u2019est dans la politique du club. A vous de demander, mais rien n\u2019interdit de commencer le Taiji \u00e0 60 ans si on n\u2019a jamais pratiqu\u00e9 auparavant. Tout au plus, vous devrez accepter de ne plus pouvoir \u00eatre aussi rapide et souple qu\u2019\u00e0 20 ans.<\/p>\n\n\n\n<hr class=\"wp-block-separator has-alpha-channel-opacity\"\/>\n\n\n\n<p class=\"has-white-color has-blush-bordeaux-gradient-background has-text-color has-background has-link-color wp-elements-7247ac250c81b8be3e52a022cb352649\"><strong>Rejoignez-nous \u00e0 l\u2019\u00c9cole Ph\u00e9nix &amp; Dragon : <\/strong>nous proposons des cours r\u00e9guliers de Taiji, ouverts \u00e0 tous, ainsi que des ateliers th\u00e9matiques et des \u00e9v\u00e9nements sp\u00e9ciaux. Notre approche p\u00e9dagogique allie tradition et modernit\u00e9, permettant \u00e0 chacun de progresser \u00e0 son rythme dans une ambiance bienveillante et stimulante. Pour plus d\u2019informations ou pour vous inscrire, n\u2019h\u00e9sitez pas \u00e0 nous contacter.<\/p>\n\n\n\n<hr class=\"wp-block-separator has-alpha-channel-opacity\"\/>\n\n\n\n<p><em>Les appellations <strong>Tai Chi<\/strong>, <strong>Tai Chi Chuan<\/strong> et <strong>Taiji Quan<\/strong> d\u00e9signent une seule et m\u00eame discipline. \u00c0 l\u2019\u00e9cole <strong>Ph\u00e9nix et Dragon<\/strong>, nous privil\u00e9gions le terme traditionnel <strong>Taiji Quan<\/strong>, tout en veillant \u00e0 en pr\u00e9ciser l\u2019usage et la compr\u00e9hension pour le public occidental.<\/em><\/p>\n\n\n\n<div class=\"wp-block-columns is-layout-flex wp-container-core-columns-is-layout-9d6595d7 wp-block-columns-is-layout-flex\">\n<div class=\"wp-block-column is-layout-flow wp-block-column-is-layout-flow\">\n<div class=\"wp-block-cover\"><img decoding=\"async\" class=\"wp-block-cover__image-background wp-image-9395\" alt=\"\" src=\"data:image\/gif;base64,R0lGODlhAQABAAAAACH5BAEKAAEALAAAAAABAAEAAAICTAEAOw==\" data-layzr=\"https:\/\/www.phenixetdragon.net\/wp-content\/uploads\/2025\/10\/IMG_1975-edited.jpg\" data-object-fit=\"cover\"\/><span aria-hidden=\"true\" class=\"wp-block-cover__background has-background-dim\"><\/span><div class=\"wp-block-cover__inner-container is-layout-flow wp-block-cover-is-layout-flow\">\n<p class=\"has-text-align-center has-white-color has-text-color has-link-color has-medium-font-size wp-elements-ddbda7265819aec6206dcb33067b71da\"><strong><a href=\"https:\/\/www.phenixetdragon.net\/le-taiji-quan-en-quelques-mots\/\">Le Taiji en quelques mots<\/a><\/strong><\/p>\n<\/div><\/div>\n<\/div>\n\n\n\n<div class=\"wp-block-column is-layout-flow wp-block-column-is-layout-flow\">\n<div class=\"wp-block-cover aligncenter\"><img decoding=\"async\" class=\"wp-block-cover__image-background wp-image-9396\" alt=\"\" src=\"data:image\/gif;base64,R0lGODlhAQABAAAAACH5BAEKAAEALAAAAAABAAEAAAICTAEAOw==\" data-layzr=\"https:\/\/www.phenixetdragon.net\/wp-content\/uploads\/2025\/10\/IMG_6281-edited.jpg\" data-object-fit=\"cover\"\/><span aria-hidden=\"true\" class=\"wp-block-cover__background has-background-dim\"><\/span><div class=\"wp-block-cover__inner-container is-layout-flow wp-block-cover-is-layout-flow\">\n<p class=\"has-text-align-center has-white-color has-text-color has-link-color has-medium-font-size wp-elements-a60a4b8c36c3ff1ad9d719032ac00137\"><strong><a href=\"https:\/\/www.phenixetdragon.net\/taiji-quan-style-yang\/\">Taiji de style Yang<\/a><\/strong><\/p>\n<\/div><\/div>\n<\/div>\n\n\n\n<div class=\"wp-block-column is-layout-flow wp-block-column-is-layout-flow\">\n<div class=\"wp-block-cover alignright\"><img decoding=\"async\" class=\"wp-block-cover__image-background wp-image-9397\" alt=\"\" src=\"data:image\/gif;base64,R0lGODlhAQABAAAAACH5BAEKAAEALAAAAAABAAEAAAICTAEAOw==\" data-layzr=\"https:\/\/www.phenixetdragon.net\/wp-content\/uploads\/2025\/10\/AE3B647B-F28C-45DF-A168-62B6D9935A2D_4_5005_c-edited.jpeg\" data-object-fit=\"cover\"\/><span aria-hidden=\"true\" class=\"wp-block-cover__background has-background-dim\"><\/span><div class=\"wp-block-cover__inner-container is-layout-flow wp-block-cover-is-layout-flow\">\n<p class=\"has-text-align-center has-white-color has-text-color has-link-color has-medium-font-size wp-elements-d178aefaaca3cb6ccd9c85ff04710c16\"><strong><a href=\"https:\/\/www.phenixetdragon.net\/notre-ecole\/cours-de-taiji-quan\/taiji-quan-style-wudang\/\"><strong><\/strong><\/a><strong><a href=\"https:\/\/www.phenixetdragon.net\/notre-ecole\/cours-de-taiji-quan\/taiji-quan-style-wudang\/\">Taiji de style Wudang<\/a><\/strong><\/strong><\/p>\n<\/div><\/div>\n<\/div>\n<\/div>\n\n\n\n<hr class=\"wp-block-separator has-alpha-channel-opacity\"\/>\n\n\n\n<p><em>Ph\u00e9nix &amp; Dragon, a school committed to teaching internal and external martial arts for all ages and levels.<\/em><\/p>","protected":false},"excerpt":{"rendered":"<p>Comment se d\u00e9roule les cours de Taiji Quan (Tai Chi Chuan)? Classiquement, chaque cours est divis\u00e9 en trois parties&nbsp;: l\u2019\u00e9chauffement, le cours \u00e0 proprement parler et le retour au calme. Des rotations des diff\u00e9rentes articulations et des \u00e9tirements sont faits \u00e0 chaque \u00e9chauffement, pr\u00e9parant le corps \u00e0 la pratique. Ensuite l\u2019entra\u00eenement sp\u00e9cifique commence. Des exercices &hellip; <\/p>","protected":false},"author":7,"featured_media":0,"parent":89,"menu_order":0,"comment_status":"closed","ping_status":"closed","template":"","meta":{"footnotes":""},"class_list":["post-118","page","type-page","status-publish","hentry","latest_post"],"yoast_head":"<!-- This site is optimized with the Yoast SEO plugin v26.3 - https:\/\/yoast.com\/wordpress\/plugins\/seo\/ -->\n<title>Forum aux Questions - Taiji Quan - Ph\u00e9nix et Dragon<\/title>\n<meta name=\"description\" content=\"D\u00e9couvrez comment se d\u00e9roulent les cours de Taiji Quan (Tai Chi Chuan) \u00e0 l\u2019\u00c9cole Ph\u00e9nix &amp; Dragon - pour tous niveaux et tous \u00e2ges.\" \/>\n<meta name=\"robots\" content=\"index, follow, max-snippet:-1, max-image-preview:large, max-video-preview:-1\" \/>\n<link rel=\"canonical\" href=\"https:\/\/www.phenixetdragon.net\/en\/notre-ecole\/taiji-quan\/forum-aux-questions-taiji\/\" \/>\n<meta property=\"og:locale\" content=\"en_GB\" \/>\n<meta property=\"og:type\" content=\"article\" \/>\n<meta property=\"og:title\" content=\"Forum aux Questions - Taiji Quan - Ph\u00e9nix et Dragon\" \/>\n<meta property=\"og:description\" content=\"D\u00e9couvrez comment se d\u00e9roulent les cours de Taiji Quan (Tai Chi Chuan) \u00e0 l\u2019\u00c9cole Ph\u00e9nix &amp; Dragon - pour tous niveaux et tous \u00e2ges.\" \/>\n<meta property=\"og:url\" content=\"https:\/\/www.phenixetdragon.net\/en\/notre-ecole\/taiji-quan\/forum-aux-questions-taiji\/\" \/>\n<meta property=\"og:site_name\" content=\"Ph\u00e9nix et Dragon\" \/>\n<meta property=\"article:publisher\" content=\"https:\/\/fr-fr.facebook.com\/assoephedra\/\" \/>\n<meta property=\"article:modified_time\" content=\"2025-12-27T16:25:27+00:00\" \/>\n<meta property=\"og:image\" content=\"https:\/\/www.phenixetdragon.net\/wp-content\/uploads\/2025\/10\/IMG_1975-edited.jpg\" \/>\n<meta name=\"twitter:card\" content=\"summary_large_image\" \/>\n<meta name=\"twitter:label1\" content=\"Estimated reading time\" \/>\n\t<meta name=\"twitter:data1\" content=\"6 minutes\" \/>\n<script type=\"application\/ld+json\" class=\"yoast-schema-graph\">{\"@context\":\"https:\/\/schema.org\",\"@graph\":[{\"@type\":\"WebPage\",\"@id\":\"https:\/\/www.phenixetdragon.net\/notre-ecole\/taiji-quan\/forum-aux-questions-taiji\/\",\"url\":\"https:\/\/www.phenixetdragon.net\/notre-ecole\/taiji-quan\/forum-aux-questions-taiji\/\",\"name\":\"Forum aux Questions - Taiji Quan - Ph\u00e9nix et Dragon\",\"isPartOf\":{\"@id\":\"https:\/\/www.phenixetdragon.net\/#website\"},\"primaryImageOfPage\":{\"@id\":\"https:\/\/www.phenixetdragon.net\/notre-ecole\/taiji-quan\/forum-aux-questions-taiji\/#primaryimage\"},\"image\":{\"@id\":\"https:\/\/www.phenixetdragon.net\/notre-ecole\/taiji-quan\/forum-aux-questions-taiji\/#primaryimage\"},\"thumbnailUrl\":\"https:\/\/www.phenixetdragon.net\/wp-content\/uploads\/2025\/10\/IMG_1975-edited.jpg\",\"datePublished\":\"2013-07-19T12:42:10+00:00\",\"dateModified\":\"2025-12-27T16:25:27+00:00\",\"description\":\"D\u00e9couvrez comment se d\u00e9roulent les cours de Taiji Quan (Tai Chi Chuan) \u00e0 l\u2019\u00c9cole Ph\u00e9nix & Dragon - pour tous niveaux et tous \u00e2ges.\",\"breadcrumb\":{\"@id\":\"https:\/\/www.phenixetdragon.net\/notre-ecole\/taiji-quan\/forum-aux-questions-taiji\/#breadcrumb\"},\"inLanguage\":\"en-GB\",\"potentialAction\":[{\"@type\":\"ReadAction\",\"target\":[\"https:\/\/www.phenixetdragon.net\/notre-ecole\/taiji-quan\/forum-aux-questions-taiji\/\"]}]},{\"@type\":\"ImageObject\",\"inLanguage\":\"en-GB\",\"@id\":\"https:\/\/www.phenixetdragon.net\/notre-ecole\/taiji-quan\/forum-aux-questions-taiji\/#primaryimage\",\"url\":\"https:\/\/www.phenixetdragon.net\/wp-content\/uploads\/2025\/10\/IMG_1975-edited.jpg\",\"contentUrl\":\"https:\/\/www.phenixetdragon.net\/wp-content\/uploads\/2025\/10\/IMG_1975-edited.jpg\"},{\"@type\":\"BreadcrumbList\",\"@id\":\"https:\/\/www.phenixetdragon.net\/notre-ecole\/taiji-quan\/forum-aux-questions-taiji\/#breadcrumb\",\"itemListElement\":[{\"@type\":\"ListItem\",\"position\":1,\"name\":\"Accueil\",\"item\":\"https:\/\/www.phenixetdragon.net\/\"},{\"@type\":\"ListItem\",\"position\":2,\"name\":\"Notre \u00e9cole\",\"item\":\"https:\/\/www.phenixetdragon.net\/notre-ecole\/\"},{\"@type\":\"ListItem\",\"position\":3,\"name\":\"Taiji Quan\",\"item\":\"https:\/\/www.phenixetdragon.net\/notre-ecole\/taiji-quan\/\"},{\"@type\":\"ListItem\",\"position\":4,\"name\":\"Forum aux Questions &#8211; Taiji Quan\"}]},{\"@type\":\"WebSite\",\"@id\":\"https:\/\/www.phenixetdragon.net\/#website\",\"url\":\"https:\/\/www.phenixetdragon.net\/\",\"name\":\"Ph\u00e9nix et Dragon\",\"description\":\"Arts Martiaux Chinois, Kung Fu, Taiji Quan, et Arts Energ\u00e9tiques, Qi Gong\",\"publisher\":{\"@id\":\"https:\/\/www.phenixetdragon.net\/#organization\"},\"potentialAction\":[{\"@type\":\"SearchAction\",\"target\":{\"@type\":\"EntryPoint\",\"urlTemplate\":\"https:\/\/www.phenixetdragon.net\/?s={search_term_string}\"},\"query-input\":{\"@type\":\"PropertyValueSpecification\",\"valueRequired\":true,\"valueName\":\"search_term_string\"}}],\"inLanguage\":\"en-GB\"},{\"@type\":\"Organization\",\"@id\":\"https:\/\/www.phenixetdragon.net\/#organization\",\"name\":\"Ph\u00e9nix et Dragon\",\"url\":\"https:\/\/www.phenixetdragon.net\/\",\"logo\":{\"@type\":\"ImageObject\",\"inLanguage\":\"en-GB\",\"@id\":\"https:\/\/www.phenixetdragon.net\/#\/schema\/logo\/image\/\",\"url\":\"https:\/\/www.phenixetdragon.net\/wp-content\/uploads\/2021\/08\/logophenixdragon.png\",\"contentUrl\":\"https:\/\/www.phenixetdragon.net\/wp-content\/uploads\/2021\/08\/logophenixdragon.png\",\"width\":674,\"height\":113,\"caption\":\"Ph\u00e9nix et Dragon\"},\"image\":{\"@id\":\"https:\/\/www.phenixetdragon.net\/#\/schema\/logo\/image\/\"},\"sameAs\":[\"https:\/\/fr-fr.facebook.com\/assoephedra\/\",\"https:\/\/www.instagram.com\/ecolephenixetdragon\/\"]}]}<\/script>\n<!-- \/ Yoast SEO plugin. -->","yoast_head_json":{"title":"Forum aux Questions - Taiji Quan - Ph\u00e9nix et Dragon","description":"D\u00e9couvrez comment se d\u00e9roulent les cours de Taiji Quan (Tai Chi Chuan) \u00e0 l\u2019\u00c9cole Ph\u00e9nix & Dragon - pour tous niveaux et tous \u00e2ges.","robots":{"index":"index","follow":"follow","max-snippet":"max-snippet:-1","max-image-preview":"max-image-preview:large","max-video-preview":"max-video-preview:-1"},"canonical":"https:\/\/www.phenixetdragon.net\/en\/notre-ecole\/taiji-quan\/forum-aux-questions-taiji\/","og_locale":"en_GB","og_type":"article","og_title":"Forum aux Questions - Taiji Quan - Ph\u00e9nix et Dragon","og_description":"D\u00e9couvrez comment se d\u00e9roulent les cours de Taiji Quan (Tai Chi Chuan) \u00e0 l\u2019\u00c9cole Ph\u00e9nix & Dragon - pour tous niveaux et tous \u00e2ges.","og_url":"https:\/\/www.phenixetdragon.net\/en\/notre-ecole\/taiji-quan\/forum-aux-questions-taiji\/","og_site_name":"Ph\u00e9nix et Dragon","article_publisher":"https:\/\/fr-fr.facebook.com\/assoephedra\/","article_modified_time":"2025-12-27T16:25:27+00:00","og_image":[{"url":"https:\/\/www.phenixetdragon.net\/wp-content\/uploads\/2025\/10\/IMG_1975-edited.jpg","type":"","width":"","height":""}],"twitter_card":"summary_large_image","twitter_misc":{"Estimated reading time":"6 minutes"},"schema":{"@context":"https:\/\/schema.org","@graph":[{"@type":"WebPage","@id":"https:\/\/www.phenixetdragon.net\/notre-ecole\/taiji-quan\/forum-aux-questions-taiji\/","url":"https:\/\/www.phenixetdragon.net\/notre-ecole\/taiji-quan\/forum-aux-questions-taiji\/","name":"Forum aux Questions - Taiji Quan - Ph\u00e9nix et Dragon","isPartOf":{"@id":"https:\/\/www.phenixetdragon.net\/#website"},"primaryImageOfPage":{"@id":"https:\/\/www.phenixetdragon.net\/notre-ecole\/taiji-quan\/forum-aux-questions-taiji\/#primaryimage"},"image":{"@id":"https:\/\/www.phenixetdragon.net\/notre-ecole\/taiji-quan\/forum-aux-questions-taiji\/#primaryimage"},"thumbnailUrl":"https:\/\/www.phenixetdragon.net\/wp-content\/uploads\/2025\/10\/IMG_1975-edited.jpg","datePublished":"2013-07-19T12:42:10+00:00","dateModified":"2025-12-27T16:25:27+00:00","description":"D\u00e9couvrez comment se d\u00e9roulent les cours de Taiji Quan (Tai Chi Chuan) \u00e0 l\u2019\u00c9cole Ph\u00e9nix & Dragon - pour tous niveaux et tous \u00e2ges.","breadcrumb":{"@id":"https:\/\/www.phenixetdragon.net\/notre-ecole\/taiji-quan\/forum-aux-questions-taiji\/#breadcrumb"},"inLanguage":"en-GB","potentialAction":[{"@type":"ReadAction","target":["https:\/\/www.phenixetdragon.net\/notre-ecole\/taiji-quan\/forum-aux-questions-taiji\/"]}]},{"@type":"ImageObject","inLanguage":"en-GB","@id":"https:\/\/www.phenixetdragon.net\/notre-ecole\/taiji-quan\/forum-aux-questions-taiji\/#primaryimage","url":"https:\/\/www.phenixetdragon.net\/wp-content\/uploads\/2025\/10\/IMG_1975-edited.jpg","contentUrl":"https:\/\/www.phenixetdragon.net\/wp-content\/uploads\/2025\/10\/IMG_1975-edited.jpg"},{"@type":"BreadcrumbList","@id":"https:\/\/www.phenixetdragon.net\/notre-ecole\/taiji-quan\/forum-aux-questions-taiji\/#breadcrumb","itemListElement":[{"@type":"ListItem","position":1,"name":"Accueil","item":"https:\/\/www.phenixetdragon.net\/"},{"@type":"ListItem","position":2,"name":"Notre \u00e9cole","item":"https:\/\/www.phenixetdragon.net\/notre-ecole\/"},{"@type":"ListItem","position":3,"name":"Taiji Quan","item":"https:\/\/www.phenixetdragon.net\/notre-ecole\/taiji-quan\/"},{"@type":"ListItem","position":4,"name":"Forum aux Questions &#8211; Taiji Quan"}]},{"@type":"WebSite","@id":"https:\/\/www.phenixetdragon.net\/#website","url":"https:\/\/www.phenixetdragon.net\/","name":"Ph\u00e9nix et Dragon","description":"Arts Martiaux Chinois, Kung Fu, Taiji Quan, et Arts Energ\u00e9tiques, Qi Gong","publisher":{"@id":"https:\/\/www.phenixetdragon.net\/#organization"},"potentialAction":[{"@type":"SearchAction","target":{"@type":"EntryPoint","urlTemplate":"https:\/\/www.phenixetdragon.net\/?s={search_term_string}"},"query-input":{"@type":"PropertyValueSpecification","valueRequired":true,"valueName":"search_term_string"}}],"inLanguage":"en-GB"},{"@type":"Organization","@id":"https:\/\/www.phenixetdragon.net\/#organization","name":"Ph\u00e9nix et Dragon","url":"https:\/\/www.phenixetdragon.net\/","logo":{"@type":"ImageObject","inLanguage":"en-GB","@id":"https:\/\/www.phenixetdragon.net\/#\/schema\/logo\/image\/","url":"https:\/\/www.phenixetdragon.net\/wp-content\/uploads\/2021\/08\/logophenixdragon.png","contentUrl":"https:\/\/www.phenixetdragon.net\/wp-content\/uploads\/2021\/08\/logophenixdragon.png","width":674,"height":113,"caption":"Ph\u00e9nix et Dragon"},"image":{"@id":"https:\/\/www.phenixetdragon.net\/#\/schema\/logo\/image\/"},"sameAs":["https:\/\/fr-fr.facebook.com\/assoephedra\/","https:\/\/www.instagram.com\/ecolephenixetdragon\/"]}]}},"_links":{"self":[{"href":"https:\/\/www.phenixetdragon.net\/en\/wp-json\/wp\/v2\/pages\/118","targetHints":{"allow":["GET"]}}],"collection":[{"href":"https:\/\/www.phenixetdragon.net\/en\/wp-json\/wp\/v2\/pages"}],"about":[{"href":"https:\/\/www.phenixetdragon.net\/en\/wp-json\/wp\/v2\/types\/page"}],"author":[{"embeddable":true,"href":"https:\/\/www.phenixetdragon.net\/en\/wp-json\/wp\/v2\/users\/7"}],"replies":[{"embeddable":true,"href":"https:\/\/www.phenixetdragon.net\/en\/wp-json\/wp\/v2\/comments?post=118"}],"version-history":[{"count":14,"href":"https:\/\/www.phenixetdragon.net\/en\/wp-json\/wp\/v2\/pages\/118\/revisions"}],"predecessor-version":[{"id":10491,"href":"https:\/\/www.phenixetdragon.net\/en\/wp-json\/wp\/v2\/pages\/118\/revisions\/10491"}],"up":[{"embeddable":true,"href":"https:\/\/www.phenixetdragon.net\/en\/wp-json\/wp\/v2\/pages\/89"}],"wp:attachment":[{"href":"https:\/\/www.phenixetdragon.net\/en\/wp-json\/wp\/v2\/media?parent=118"}],"curies":[{"name":"wp","href":"https:\/\/api.w.org\/{rel}","templated":true}]}}