{"id":31,"date":"2021-08-03T21:08:52","date_gmt":"2021-08-03T19:08:52","guid":{"rendered":"https:\/\/portal.phenixetdragon.fr\/?page_id=31"},"modified":"2025-11-01T16:50:31","modified_gmt":"2025-11-01T15:50:31","slug":"gala","status":"publish","type":"page","link":"https:\/\/www.phenixetdragon.net\/en\/gala\/","title":{"rendered":"Notre Gala de Fin d&rsquo;Ann\u00e9e"},"content":{"rendered":"<p class=\"has-text-align-center has-white-color has-blush-bordeaux-gradient-background has-text-color has-background has-link-color wp-elements-38bdbe9625c68f8df1b042d97d6b37d9\">Chaque ann\u00e9e, depuis plus de 15 ans, l\u2019\u00c9cole Ph\u00e9nix &amp; Dragon organise un Grand Gala de Fin d\u2019Ann\u00e9e.<\/p>\n\n\n\n<p>Le Gala de Fin d\u2019Ann\u00e9e est sans doute le meilleur moment pour valoriser les <strong>apprentissages<\/strong>, l\u2019<strong>engagement<\/strong> et la <strong>dimension collective<\/strong> de l\u2019\u00c9cole Ph\u00e9nix &amp; Dragon ! <\/p>\n\n\n\n<p>Ce n\u2019est pas seulement un \u00e9v\u00e9nement festif, c\u2019est un <strong>moment d\u2019accomplissement pour les \u00e9l\u00e8ves<\/strong> et une <strong>c\u00e9l\u00e9bration de la pratique martiale vivante et collective<\/strong>.<\/p>\n\n\n\n<div class=\"wp-block-columns is-layout-flex wp-container-core-columns-is-layout-9d6595d7 wp-block-columns-is-layout-flex\">\n<div class=\"wp-block-column is-layout-flow wp-block-column-is-layout-flow\">\n<div class=\"wp-block-cover has-parallax has-white-color has-text-color has-link-color wp-elements-e070cb58318b13c82f88676f1febb2c5\"><div class=\"wp-block-cover__image-background wp-image-6690 size-full has-parallax\" style=\"background-position:50% 50%;background-image:url(https:\/\/www.phenixetdragon.net\/wp-content\/uploads\/2022\/07\/20190615_181912.jpg)\"><\/div><span aria-hidden=\"true\" class=\"wp-block-cover__background has-background-dim\"><\/span><div class=\"wp-block-cover__inner-container is-layout-flow wp-block-cover-is-layout-flow\">\n<p class=\"has-text-align-center has-medium-font-size\"><a href=\"https:\/\/www.phenixetdragon.net\/gala\/presentation\/\">Le Programme<\/a><\/p>\n<\/div><\/div>\n<\/div>\n\n\n\n<div class=\"wp-block-column is-layout-flow wp-block-column-is-layout-flow\">\n<div class=\"wp-block-cover has-parallax\"><div class=\"wp-block-cover__image-background wp-image-9036 size-full has-parallax\" style=\"background-position:50% 50%;background-image:url(https:\/\/www.phenixetdragon.net\/wp-content\/uploads\/2025\/07\/Capture-decran-2022-06-28-a-12.46.45-edited-1.png)\"><\/div><span aria-hidden=\"true\" class=\"wp-block-cover__background has-background-dim\"><\/span><div class=\"wp-block-cover__inner-container is-layout-flow wp-block-cover-is-layout-flow\">\n<p class=\"has-text-align-center has-white-color has-text-color has-link-color has-medium-font-size wp-elements-646f6ed728791e22cd98bed4d37d43af\"><a href=\"https:\/\/www.phenixetdragon.net\/gala\/videos\/\">Les vid\u00e9os<\/a><\/p>\n<\/div><\/div>\n<\/div>\n\n\n\n<div class=\"wp-block-column is-layout-flow wp-block-column-is-layout-flow\">\n<div class=\"wp-block-cover has-parallax\"><div class=\"wp-block-cover__image-background wp-image-9037 size-full has-parallax\" style=\"background-position:50% 50%;background-image:url(https:\/\/www.phenixetdragon.net\/wp-content\/uploads\/2025\/07\/IMG_3779-2-edited.jpg)\"><\/div><span aria-hidden=\"true\" class=\"wp-block-cover__background has-background-dim\"><\/span><div class=\"wp-block-cover__inner-container is-layout-flow wp-block-cover-is-layout-flow\">\n<p class=\"has-text-align-center has-white-color has-text-color has-link-color has-medium-font-size wp-elements-9d1f428f3e6924089e3895ce6304b490\"><a href=\"https:\/\/www.phenixetdragon.net\/gala\/inscriptions\/\">Registration<\/a><\/p>\n<\/div><\/div>\n<\/div>\n<\/div>\n\n\n\n<figure class=\"wp-block-image size-large\"><img decoding=\"async\" src=\"data:image\/gif;base64,R0lGODlhAQABAAAAACH5BAEKAAEALAAAAAABAAEAAAICTAEAOw==\" data-layzr=\"https:\/\/www.phenixetdragon.net\/wp-content\/uploads\/2022\/06\/Capture-de\u0301cran-2022-06-28-a\u0300-12.37.35-1024x375.png\" alt=\"\" class=\"wp-image-6400\"\/><\/figure>\n\n\n\n<hr class=\"wp-block-separator has-alpha-channel-opacity\"\/>\n\n\n\n<p class=\"has-vivid-red-color has-text-color has-medium-font-size\"><em>Ph\u00e9nix &amp; Dragon, a school committed to teaching internal and external martial arts for all ages and levels.<\/em><\/p>","protected":false},"excerpt":{"rendered":"<p>Chaque ann\u00e9e, depuis plus de 15 ans, l\u2019\u00c9cole Ph\u00e9nix &amp; Dragon organise un Grand Gala de Fin d\u2019Ann\u00e9e. Le Gala de Fin d\u2019Ann\u00e9e est sans doute le meilleur moment pour valoriser les apprentissages, l\u2019engagement et la dimension collective de l\u2019\u00c9cole Ph\u00e9nix &amp; Dragon ! Ce n\u2019est pas seulement un \u00e9v\u00e9nement festif, c\u2019est un moment d\u2019accomplissement &hellip; <\/p>","protected":false},"author":1,"featured_media":7486,"parent":0,"menu_order":0,"comment_status":"closed","ping_status":"closed","template":"","meta":{"footnotes":""},"class_list":["post-31","page","type-page","status-publish","has-post-thumbnail","hentry","latest_post"],"yoast_head":"<!-- This site is optimized with the Yoast SEO plugin v26.3 - https:\/\/yoast.com\/wordpress\/plugins\/seo\/ -->\n<title>Notre Gala de Fin d&#039;Ann\u00e9e - Ph\u00e9nix et Dragon<\/title>\n<meta name=\"description\" content=\"Pour le Gala de fin d&#039;ann\u00e9e, un tournoi et un spectacle sont organis\u00e9s: une belle initiation \u00e0 toute la gamme des disciplines martiales et \u00e9nerg\u00e9tiques pratiqu\u00e9es dans nos clubs!\" \/>\n<meta name=\"robots\" content=\"index, follow, max-snippet:-1, max-image-preview:large, max-video-preview:-1\" \/>\n<link rel=\"canonical\" href=\"https:\/\/www.phenixetdragon.net\/en\/gala\/\" \/>\n<meta property=\"og:locale\" content=\"en_GB\" \/>\n<meta property=\"og:type\" content=\"article\" \/>\n<meta property=\"og:title\" content=\"Notre Gala de Fin d&#039;Ann\u00e9e - Ph\u00e9nix et Dragon\" \/>\n<meta property=\"og:description\" content=\"Pour le Gala de fin d&#039;ann\u00e9e, un tournoi et un spectacle sont organis\u00e9s: une belle initiation \u00e0 toute la gamme des disciplines martiales et \u00e9nerg\u00e9tiques pratiqu\u00e9es dans nos clubs!\" \/>\n<meta property=\"og:url\" content=\"https:\/\/www.phenixetdragon.net\/en\/gala\/\" \/>\n<meta property=\"og:site_name\" content=\"Ph\u00e9nix et Dragon\" \/>\n<meta property=\"article:publisher\" content=\"https:\/\/fr-fr.facebook.com\/assoephedra\/\" \/>\n<meta property=\"article:modified_time\" content=\"2025-11-01T15:50:31+00:00\" \/>\n<meta property=\"og:image\" content=\"https:\/\/www.phenixetdragon.net\/wp-content\/uploads\/2023\/06\/Capture-decran-2023-06-30-a-22.40.00-1024x448.png\" \/>\n\t<meta property=\"og:image:width\" content=\"1024\" \/>\n\t<meta property=\"og:image:height\" content=\"448\" \/>\n\t<meta property=\"og:image:type\" content=\"image\/png\" \/>\n<meta name=\"twitter:card\" content=\"summary_large_image\" \/>\n<meta name=\"twitter:label1\" content=\"Estimated reading time\" \/>\n\t<meta name=\"twitter:data1\" content=\"3 minutes\" \/>\n<script type=\"application\/ld+json\" class=\"yoast-schema-graph\">{\"@context\":\"https:\/\/schema.org\",\"@graph\":[{\"@type\":\"WebPage\",\"@id\":\"https:\/\/www.phenixetdragon.net\/gala\/\",\"url\":\"https:\/\/www.phenixetdragon.net\/gala\/\",\"name\":\"Notre Gala de Fin d'Ann\u00e9e - Ph\u00e9nix et Dragon\",\"isPartOf\":{\"@id\":\"https:\/\/www.phenixetdragon.net\/#website\"},\"primaryImageOfPage\":{\"@id\":\"https:\/\/www.phenixetdragon.net\/gala\/#primaryimage\"},\"image\":{\"@id\":\"https:\/\/www.phenixetdragon.net\/gala\/#primaryimage\"},\"thumbnailUrl\":\"https:\/\/www.phenixetdragon.net\/wp-content\/uploads\/2023\/06\/Capture-decran-2023-06-30-a-22.40.00.png\",\"datePublished\":\"2021-08-03T19:08:52+00:00\",\"dateModified\":\"2025-11-01T15:50:31+00:00\",\"description\":\"Pour le Gala de fin d'ann\u00e9e, un tournoi et un spectacle sont organis\u00e9s: une belle initiation \u00e0 toute la gamme des disciplines martiales et \u00e9nerg\u00e9tiques pratiqu\u00e9es dans nos clubs!\",\"breadcrumb\":{\"@id\":\"https:\/\/www.phenixetdragon.net\/gala\/#breadcrumb\"},\"inLanguage\":\"en-GB\",\"potentialAction\":[{\"@type\":\"ReadAction\",\"target\":[\"https:\/\/www.phenixetdragon.net\/gala\/\"]}]},{\"@type\":\"ImageObject\",\"inLanguage\":\"en-GB\",\"@id\":\"https:\/\/www.phenixetdragon.net\/gala\/#primaryimage\",\"url\":\"https:\/\/www.phenixetdragon.net\/wp-content\/uploads\/2023\/06\/Capture-decran-2023-06-30-a-22.40.00.png\",\"contentUrl\":\"https:\/\/www.phenixetdragon.net\/wp-content\/uploads\/2023\/06\/Capture-decran-2023-06-30-a-22.40.00.png\",\"width\":2094,\"height\":916},{\"@type\":\"BreadcrumbList\",\"@id\":\"https:\/\/www.phenixetdragon.net\/gala\/#breadcrumb\",\"itemListElement\":[{\"@type\":\"ListItem\",\"position\":1,\"name\":\"Accueil\",\"item\":\"https:\/\/www.phenixetdragon.net\/\"},{\"@type\":\"ListItem\",\"position\":2,\"name\":\"Notre Gala de Fin d&rsquo;Ann\u00e9e\"}]},{\"@type\":\"WebSite\",\"@id\":\"https:\/\/www.phenixetdragon.net\/#website\",\"url\":\"https:\/\/www.phenixetdragon.net\/\",\"name\":\"Ph\u00e9nix et Dragon\",\"description\":\"Arts Martiaux Chinois, Kung Fu, Taiji Quan, et Arts Energ\u00e9tiques, Qi Gong\",\"publisher\":{\"@id\":\"https:\/\/www.phenixetdragon.net\/#organization\"},\"potentialAction\":[{\"@type\":\"SearchAction\",\"target\":{\"@type\":\"EntryPoint\",\"urlTemplate\":\"https:\/\/www.phenixetdragon.net\/?s={search_term_string}\"},\"query-input\":{\"@type\":\"PropertyValueSpecification\",\"valueRequired\":true,\"valueName\":\"search_term_string\"}}],\"inLanguage\":\"en-GB\"},{\"@type\":\"Organization\",\"@id\":\"https:\/\/www.phenixetdragon.net\/#organization\",\"name\":\"Ph\u00e9nix et Dragon\",\"url\":\"https:\/\/www.phenixetdragon.net\/\",\"logo\":{\"@type\":\"ImageObject\",\"inLanguage\":\"en-GB\",\"@id\":\"https:\/\/www.phenixetdragon.net\/#\/schema\/logo\/image\/\",\"url\":\"https:\/\/www.phenixetdragon.net\/wp-content\/uploads\/2021\/08\/logophenixdragon.png\",\"contentUrl\":\"https:\/\/www.phenixetdragon.net\/wp-content\/uploads\/2021\/08\/logophenixdragon.png\",\"width\":674,\"height\":113,\"caption\":\"Ph\u00e9nix et Dragon\"},\"image\":{\"@id\":\"https:\/\/www.phenixetdragon.net\/#\/schema\/logo\/image\/\"},\"sameAs\":[\"https:\/\/fr-fr.facebook.com\/assoephedra\/\",\"https:\/\/www.instagram.com\/ecolephenixetdragon\/\"]}]}<\/script>\n<!-- \/ Yoast SEO plugin. -->","yoast_head_json":{"title":"Notre Gala de Fin d'Ann\u00e9e - Ph\u00e9nix et Dragon","description":"Pour le Gala de fin d'ann\u00e9e, un tournoi et un spectacle sont organis\u00e9s: une belle initiation \u00e0 toute la gamme des disciplines martiales et \u00e9nerg\u00e9tiques pratiqu\u00e9es dans nos clubs!","robots":{"index":"index","follow":"follow","max-snippet":"max-snippet:-1","max-image-preview":"max-image-preview:large","max-video-preview":"max-video-preview:-1"},"canonical":"https:\/\/www.phenixetdragon.net\/en\/gala\/","og_locale":"en_GB","og_type":"article","og_title":"Notre Gala de Fin d'Ann\u00e9e - Ph\u00e9nix et Dragon","og_description":"Pour le Gala de fin d'ann\u00e9e, un tournoi et un spectacle sont organis\u00e9s: une belle initiation \u00e0 toute la gamme des disciplines martiales et \u00e9nerg\u00e9tiques pratiqu\u00e9es dans nos clubs!","og_url":"https:\/\/www.phenixetdragon.net\/en\/gala\/","og_site_name":"Ph\u00e9nix et Dragon","article_publisher":"https:\/\/fr-fr.facebook.com\/assoephedra\/","article_modified_time":"2025-11-01T15:50:31+00:00","og_image":[{"width":1024,"height":448,"url":"https:\/\/www.phenixetdragon.net\/wp-content\/uploads\/2023\/06\/Capture-decran-2023-06-30-a-22.40.00-1024x448.png","type":"image\/png"}],"twitter_card":"summary_large_image","twitter_misc":{"Estimated reading time":"3 minutes"},"schema":{"@context":"https:\/\/schema.org","@graph":[{"@type":"WebPage","@id":"https:\/\/www.phenixetdragon.net\/gala\/","url":"https:\/\/www.phenixetdragon.net\/gala\/","name":"Notre Gala de Fin d'Ann\u00e9e - Ph\u00e9nix et Dragon","isPartOf":{"@id":"https:\/\/www.phenixetdragon.net\/#website"},"primaryImageOfPage":{"@id":"https:\/\/www.phenixetdragon.net\/gala\/#primaryimage"},"image":{"@id":"https:\/\/www.phenixetdragon.net\/gala\/#primaryimage"},"thumbnailUrl":"https:\/\/www.phenixetdragon.net\/wp-content\/uploads\/2023\/06\/Capture-decran-2023-06-30-a-22.40.00.png","datePublished":"2021-08-03T19:08:52+00:00","dateModified":"2025-11-01T15:50:31+00:00","description":"Pour le Gala de fin d'ann\u00e9e, un tournoi et un spectacle sont organis\u00e9s: une belle initiation \u00e0 toute la gamme des disciplines martiales et \u00e9nerg\u00e9tiques pratiqu\u00e9es dans nos clubs!","breadcrumb":{"@id":"https:\/\/www.phenixetdragon.net\/gala\/#breadcrumb"},"inLanguage":"en-GB","potentialAction":[{"@type":"ReadAction","target":["https:\/\/www.phenixetdragon.net\/gala\/"]}]},{"@type":"ImageObject","inLanguage":"en-GB","@id":"https:\/\/www.phenixetdragon.net\/gala\/#primaryimage","url":"https:\/\/www.phenixetdragon.net\/wp-content\/uploads\/2023\/06\/Capture-decran-2023-06-30-a-22.40.00.png","contentUrl":"https:\/\/www.phenixetdragon.net\/wp-content\/uploads\/2023\/06\/Capture-decran-2023-06-30-a-22.40.00.png","width":2094,"height":916},{"@type":"BreadcrumbList","@id":"https:\/\/www.phenixetdragon.net\/gala\/#breadcrumb","itemListElement":[{"@type":"ListItem","position":1,"name":"Accueil","item":"https:\/\/www.phenixetdragon.net\/"},{"@type":"ListItem","position":2,"name":"Notre Gala de Fin d&rsquo;Ann\u00e9e"}]},{"@type":"WebSite","@id":"https:\/\/www.phenixetdragon.net\/#website","url":"https:\/\/www.phenixetdragon.net\/","name":"Ph\u00e9nix et Dragon","description":"Arts Martiaux Chinois, Kung Fu, Taiji Quan, et Arts Energ\u00e9tiques, Qi Gong","publisher":{"@id":"https:\/\/www.phenixetdragon.net\/#organization"},"potentialAction":[{"@type":"SearchAction","target":{"@type":"EntryPoint","urlTemplate":"https:\/\/www.phenixetdragon.net\/?s={search_term_string}"},"query-input":{"@type":"PropertyValueSpecification","valueRequired":true,"valueName":"search_term_string"}}],"inLanguage":"en-GB"},{"@type":"Organization","@id":"https:\/\/www.phenixetdragon.net\/#organization","name":"Ph\u00e9nix et Dragon","url":"https:\/\/www.phenixetdragon.net\/","logo":{"@type":"ImageObject","inLanguage":"en-GB","@id":"https:\/\/www.phenixetdragon.net\/#\/schema\/logo\/image\/","url":"https:\/\/www.phenixetdragon.net\/wp-content\/uploads\/2021\/08\/logophenixdragon.png","contentUrl":"https:\/\/www.phenixetdragon.net\/wp-content\/uploads\/2021\/08\/logophenixdragon.png","width":674,"height":113,"caption":"Ph\u00e9nix et Dragon"},"image":{"@id":"https:\/\/www.phenixetdragon.net\/#\/schema\/logo\/image\/"},"sameAs":["https:\/\/fr-fr.facebook.com\/assoephedra\/","https:\/\/www.instagram.com\/ecolephenixetdragon\/"]}]}},"_links":{"self":[{"href":"https:\/\/www.phenixetdragon.net\/en\/wp-json\/wp\/v2\/pages\/31","targetHints":{"allow":["GET"]}}],"collection":[{"href":"https:\/\/www.phenixetdragon.net\/en\/wp-json\/wp\/v2\/pages"}],"about":[{"href":"https:\/\/www.phenixetdragon.net\/en\/wp-json\/wp\/v2\/types\/page"}],"author":[{"embeddable":true,"href":"https:\/\/www.phenixetdragon.net\/en\/wp-json\/wp\/v2\/users\/1"}],"replies":[{"embeddable":true,"href":"https:\/\/www.phenixetdragon.net\/en\/wp-json\/wp\/v2\/comments?post=31"}],"version-history":[{"count":49,"href":"https:\/\/www.phenixetdragon.net\/en\/wp-json\/wp\/v2\/pages\/31\/revisions"}],"predecessor-version":[{"id":10073,"href":"https:\/\/www.phenixetdragon.net\/en\/wp-json\/wp\/v2\/pages\/31\/revisions\/10073"}],"wp:featuredmedia":[{"embeddable":true,"href":"https:\/\/www.phenixetdragon.net\/en\/wp-json\/wp\/v2\/media\/7486"}],"wp:attachment":[{"href":"https:\/\/www.phenixetdragon.net\/en\/wp-json\/wp\/v2\/media?parent=31"}],"curies":[{"name":"wp","href":"https:\/\/api.w.org\/{rel}","templated":true}]}}