{"id":33,"date":"2021-08-03T21:09:32","date_gmt":"2021-08-03T19:09:32","guid":{"rendered":"https:\/\/portal.phenixetdragon.fr\/?page_id=33"},"modified":"2022-07-01T12:02:44","modified_gmt":"2022-07-01T10:02:44","slug":"agora","status":"publish","type":"page","link":"https:\/\/www.phenixetdragon.net\/en\/notre-ecole\/agora\/","title":{"rendered":"Agora"},"content":{"rendered":"<p>Vous trouverez sur cette page les anciens num\u00e9ro de notre magazine AGORA ! Pour les adh\u00e9rents, n&rsquo;h\u00e9sitez pas \u00e0 nous proposer vos propres articles \u00e0 publier dans un prochain num\u00e9ro&#8230;<\/p>\r\n\r\n\r\n\r\n<div class=\"wp-block-columns is-layout-flex wp-container-core-columns-is-layout-9d6595d7 wp-block-columns-is-layout-flex\">\r\n<div class=\"wp-block-column is-layout-flow wp-block-column-is-layout-flow\" style=\"flex-basis: 33.33%;\">\r\n<figure class=\"wp-block-image size-large\"><img decoding=\"async\" class=\"wp-image-6548\" src=\"data:image\/gif;base64,R0lGODlhAQABAAAAACH5BAEKAAEALAAAAAABAAEAAAICTAEAOw==\" data-layzr=\"https:\/\/www.phenixetdragon.net\/wp-content\/uploads\/2022\/06\/Capture-de\u0301cran-2022-06-30-a\u0300-10.32.49-791x1024.png\" alt=\"\" \/><\/figure>\r\n<\/div>\r\n\r\n\r\n\r\n<div class=\"wp-block-column is-layout-flow wp-block-column-is-layout-flow\" style=\"flex-basis: 66.66%;\">\r\n<p>Voici le <a href=\"https:\/\/portal.phenixetdragon.fr\/wp-content\/uploads\/2022\/03\/Agora-40-FR.pdf\" target=\"_blank\" rel=\"noreferrer noopener\">N\u00b0 40 de notre journal AGORA<\/a>, \u00e9galement disponible en <a href=\"https:\/\/portal.phenixetdragon.fr\/wp-content\/uploads\/2022\/03\/Agora-40-english.pdf\" target=\"_blank\" rel=\"noreferrer noopener\">anglais<\/a>, avec:<\/p>\r\n\r\n\r\n\r\n<ul class=\"wp-block-list\">\r\n<li>des articles sur Godzilla, le Dao de Jing et l\u2019ARN messager, sur l&rsquo;\u00e9criture et le mouvement,<\/li>\r\n<li>des critiques sur les expos \u00ab Ultime combat \u00bb au Mus\u00e9e du Quai Branly \u00e0 Paris et \u00ab Dali \u00bb \u00e0 l\u2019atelier des Lumi\u00e8res \u00e9galement \u00e0 Paris.<\/li>\r\n<\/ul>\r\n<\/div>\r\n<\/div>\r\n\r\n\r\n\r\n<div class=\"wp-block-columns is-layout-flex wp-container-core-columns-is-layout-9d6595d7 wp-block-columns-is-layout-flex\">\r\n<div class=\"wp-block-column is-layout-flow wp-block-column-is-layout-flow\" style=\"flex-basis: 33.33%;\">\r\n<figure class=\"wp-block-image size-large\"><a href=\"https:\/\/www.phenixetdragon.net\/wp-content\/uploads\/2022\/06\/Agora-39-Ecole-Phenix-et-Dragon.pdf\"><img decoding=\"async\" class=\"wp-image-6549\" src=\"data:image\/gif;base64,R0lGODlhAQABAAAAACH5BAEKAAEALAAAAAABAAEAAAICTAEAOw==\" data-layzr=\"https:\/\/www.phenixetdragon.net\/wp-content\/uploads\/2022\/06\/Capture-de\u0301cran-2022-06-30-a\u0300-10.33.43-730x1024.png\" alt=\"\" \/><\/a><\/figure>\r\n<\/div>\r\n\r\n\r\n\r\n<div class=\"wp-block-column is-layout-flow wp-block-column-is-layout-flow\" style=\"flex-basis: 66.66%;\">\r\n<p>Voici le <a href=\"https:\/\/www.phenixetdragon.net\/wp-content\/uploads\/2022\/06\/Agora-39-Ecole-Phenix-et-Dragon.pdf\" target=\"_blank\" rel=\"noreferrer noopener\">N\u00b0 39 de notre journal AGORA<\/a>, avec:<\/p>\r\n\r\n\r\n\r\n<ul class=\"wp-block-list\">\r\n<li>des articles sur le stage enfants, et sur la f\u00eate d&rsquo;hiver<\/li>\r\n<li>un article sur le gala du 9 juin 2018 et sur le summer camp<\/li>\r\n<li>un article sur le taji et le handicap, et sur l&rsquo;entra\u00eenement dehors l&rsquo;hiver<\/li>\r\n<li>un article sur la construction du nombre et du langage<\/li>\r\n<\/ul>\r\n<\/div>\r\n<\/div>\r\n\r\n\r\n\r\n<div class=\"wp-block-columns is-layout-flex wp-container-core-columns-is-layout-9d6595d7 wp-block-columns-is-layout-flex\">\r\n<div class=\"wp-block-column is-layout-flow wp-block-column-is-layout-flow\" style=\"flex-basis: 33.33%;\">\r\n<figure class=\"wp-block-image size-large\"><a href=\"https:\/\/www.phenixetdragon.net\/wp-content\/uploads\/2022\/06\/Agora-38-Dec-2017.pdf\"><img decoding=\"async\" class=\"wp-image-6550\" src=\"data:image\/gif;base64,R0lGODlhAQABAAAAACH5BAEKAAEALAAAAAABAAEAAAICTAEAOw==\" data-layzr=\"https:\/\/www.phenixetdragon.net\/wp-content\/uploads\/2022\/06\/Capture-de\u0301cran-2022-06-30-a\u0300-10.34.16-721x1024.png\" alt=\"\" \/><\/a><\/figure>\r\n<\/div>\r\n\r\n\r\n\r\n<div class=\"wp-block-column is-layout-flow wp-block-column-is-layout-flow\" style=\"flex-basis: 66.66%;\">\r\n<p>Voici le <a href=\"https:\/\/www.phenixetdragon.net\/wp-content\/uploads\/2022\/06\/Agora-38-Dec-2017.pdf\" target=\"_blank\" rel=\"noreferrer noopener\">N\u00b0 38 de notre journal AGORA<\/a>, avec:<\/p>\r\n\r\n\r\n\r\n<ul class=\"wp-block-list\">\r\n<li>des articles sur le pakkeleken, sur les vaccins, sur l&rsquo;acupuncture<\/li>\r\n<li>un article sur le stage de Mario en 2017, sur le voyage de printemps en Chine et sur la f\u00eate d&rsquo;hiver 2018<\/li>\r\n<li>une pr\u00e9sentation des instructeurs<\/li>\r\n<li>un article sur Elvelangs i Fakkellys<\/li>\r\n<\/ul>\r\n<\/div>\r\n<\/div>\r\n\r\n\r\n\r\n<div class=\"wp-block-columns is-layout-flex wp-container-core-columns-is-layout-9d6595d7 wp-block-columns-is-layout-flex\">\r\n<div class=\"wp-block-column is-layout-flow wp-block-column-is-layout-flow\" style=\"flex-basis: 33.33%;\">\r\n<figure class=\"wp-block-image size-large\"><a href=\"https:\/\/www.phenixetdragon.net\/wp-content\/uploads\/2022\/06\/Agora-37-Fev-2017.pdf\"><img decoding=\"async\" class=\"wp-image-6552\" src=\"data:image\/gif;base64,R0lGODlhAQABAAAAACH5BAEKAAEALAAAAAABAAEAAAICTAEAOw==\" data-layzr=\"https:\/\/www.phenixetdragon.net\/wp-content\/uploads\/2022\/06\/Capture-de\u0301cran-2022-06-30-a\u0300-10.34.32-715x1024.png\" alt=\"\" \/><\/a><\/figure>\r\n<\/div>\r\n\r\n\r\n\r\n<div class=\"wp-block-column is-layout-flow wp-block-column-is-layout-flow\" style=\"flex-basis: 66.66%;\">\r\n<p>Voici le <a href=\"https:\/\/www.phenixetdragon.net\/wp-content\/uploads\/2022\/06\/Agora-37-Fev-2017.pdf\" target=\"_blank\" rel=\"noreferrer noopener\">N\u00b0 37 de notre journal AGORA<\/a>, avec:<\/p>\r\n\r\n\r\n\r\n<ul class=\"wp-block-list\">\r\n<li>des articles sur le chant du coq, sur la solidit\u00e9 des os<\/li>\r\n<li>un retour sur les instructeurs<\/li>\r\n<\/ul>\r\n<\/div>\r\n<\/div>\r\n\r\n\r\n\r\n<div class=\"wp-block-columns is-layout-flex wp-container-core-columns-is-layout-9d6595d7 wp-block-columns-is-layout-flex\">\r\n<div class=\"wp-block-column is-layout-flow wp-block-column-is-layout-flow\" style=\"flex-basis: 33.33%;\">\r\n<figure class=\"wp-block-image size-large\"><a href=\"https:\/\/www.phenixetdragon.net\/wp-content\/uploads\/2022\/06\/Agora-36.pdf\"><img decoding=\"async\" class=\"wp-image-6553\" src=\"data:image\/gif;base64,R0lGODlhAQABAAAAACH5BAEKAAEALAAAAAABAAEAAAICTAEAOw==\" data-layzr=\"https:\/\/www.phenixetdragon.net\/wp-content\/uploads\/2022\/06\/Capture-de\u0301cran-2022-06-30-a\u0300-10.34.48-715x1024.png\" alt=\"\" \/><\/a><\/figure>\r\n<\/div>\r\n\r\n\r\n\r\n<div class=\"wp-block-column is-layout-flow wp-block-column-is-layout-flow\" style=\"flex-basis: 66.66%;\">\r\n<p>Voici le <a href=\"https:\/\/www.phenixetdragon.net\/wp-content\/uploads\/2022\/06\/Agora-36.pdf\" target=\"_blank\" rel=\"noreferrer noopener\">N\u00b0 36 de notre journal AGORA<\/a>, avec:<\/p>\r\n\r\n\r\n\r\n<ul class=\"wp-block-list\">\r\n<li>des articles sur le stage en Champagne et le gala 2015<\/li>\r\n<li>des articles si vis pacem para bellum, et sur l&rsquo;\u00e9pig\u00e9n\u00e9tique, et sur les chemins<\/li>\r\n<li>\u00a0<\/li>\r\n<\/ul>\r\n<\/div>\r\n<\/div>\r\n\r\n\r\n\r\n<div class=\"wp-block-columns is-layout-flex wp-container-core-columns-is-layout-9d6595d7 wp-block-columns-is-layout-flex\">\r\n<div class=\"wp-block-column is-layout-flow wp-block-column-is-layout-flow\" style=\"flex-basis: 33.33%;\">\r\n<figure class=\"wp-block-image size-large\"><a href=\"https:\/\/www.phenixetdragon.net\/wp-content\/uploads\/2022\/06\/Agora-35.pdf\"><img decoding=\"async\" class=\"wp-image-6554\" src=\"data:image\/gif;base64,R0lGODlhAQABAAAAACH5BAEKAAEALAAAAAABAAEAAAICTAEAOw==\" data-layzr=\"https:\/\/www.phenixetdragon.net\/wp-content\/uploads\/2022\/06\/Capture-de\u0301cran-2022-06-30-a\u0300-10.35.03-720x1024.png\" alt=\"\" \/><\/a><\/figure>\r\n<\/div>\r\n\r\n\r\n\r\n<div class=\"wp-block-column is-layout-flow wp-block-column-is-layout-flow\" style=\"flex-basis: 66.66%;\">\r\n<p>Voici le <a href=\"https:\/\/www.phenixetdragon.net\/wp-content\/uploads\/2022\/06\/Agora-35.pdf\" target=\"_blank\" rel=\"noreferrer noopener\">N\u00b0 35 de notre journal AGORA<\/a>, avec:<\/p>\r\n\r\n\r\n\r\n<ul class=\"wp-block-list\">\r\n<li>des v\u0153ux pour 2015<\/li>\r\n<li>un article sur l&rsquo;atelier \u00ab\u00a0recherche du sens\u00a0\u00bb, et \u00ab\u00a0acceptation\u00a0\u00bb<\/li>\r\n<li>des articles sur l&rsquo;\u00e9valuation des \u00e9l\u00e8ves, sur le zinc<\/li>\r\n<li>une pr\u00e9sentation des enseignants<\/li>\r\n<\/ul>\r\n<\/div>\r\n<\/div>\r\n\r\n\r\n\r\n<div class=\"wp-block-columns is-layout-flex wp-container-core-columns-is-layout-9d6595d7 wp-block-columns-is-layout-flex\">\r\n<div class=\"wp-block-column is-layout-flow wp-block-column-is-layout-flow\" style=\"flex-basis: 33.33%;\">\r\n<figure class=\"wp-block-image size-large\"><a href=\"https:\/\/www.phenixetdragon.net\/wp-content\/uploads\/2022\/06\/Agora-34.pdf\"><img decoding=\"async\" class=\"wp-image-6555\" src=\"data:image\/gif;base64,R0lGODlhAQABAAAAACH5BAEKAAEALAAAAAABAAEAAAICTAEAOw==\" data-layzr=\"https:\/\/www.phenixetdragon.net\/wp-content\/uploads\/2022\/06\/Capture-de\u0301cran-2022-06-30-a\u0300-10.35.24-713x1024.png\" alt=\"\" \/><\/a><\/figure>\r\n<\/div>\r\n\r\n\r\n\r\n<div class=\"wp-block-column is-layout-flow wp-block-column-is-layout-flow\" style=\"flex-basis: 66.66%;\">\r\n<p>Voici le <a href=\"https:\/\/www.phenixetdragon.net\/wp-content\/uploads\/2022\/06\/Agora-34.pdf\" target=\"_blank\" rel=\"noreferrer noopener\">N\u00b0 34 de notre journal AGORA<\/a>, avec:<\/p>\r\n\r\n\r\n\r\n<ul class=\"wp-block-list\">\r\n<li>des articles sur les bracelets connect\u00e9s, et sur le gala 2014<\/li>\r\n<\/ul>\r\n<\/div>\r\n<\/div>\r\n\r\n\r\n\r\n<div class=\"wp-block-columns is-layout-flex wp-container-core-columns-is-layout-9d6595d7 wp-block-columns-is-layout-flex\">\r\n<div class=\"wp-block-column is-layout-flow wp-block-column-is-layout-flow\" style=\"flex-basis: 33.33%;\">\r\n<figure class=\"wp-block-image size-large\"><a href=\"https:\/\/www.phenixetdragon.net\/wp-content\/uploads\/2022\/06\/Agora-33.pdf\"><img decoding=\"async\" class=\"wp-image-6556\" src=\"data:image\/gif;base64,R0lGODlhAQABAAAAACH5BAEKAAEALAAAAAABAAEAAAICTAEAOw==\" data-layzr=\"https:\/\/www.phenixetdragon.net\/wp-content\/uploads\/2022\/06\/Capture-de\u0301cran-2022-06-30-a\u0300-10.35.49-720x1024.png\" alt=\"\" \/><\/a><\/figure>\r\n<\/div>\r\n\r\n\r\n\r\n<div class=\"wp-block-column is-layout-flow wp-block-column-is-layout-flow\" style=\"flex-basis: 66.66%;\">\r\n<p>Voici le <a href=\"https:\/\/www.phenixetdragon.net\/wp-content\/uploads\/2022\/06\/Agora-33.pdf\" target=\"_blank\" rel=\"noreferrer noopener\">N\u00b0 33 de notre journal AGORA<\/a>, avec:<\/p>\r\n\r\n\r\n\r\n<ul class=\"wp-block-list\">\r\n<li>des article sur les portes ferm\u00e9es, sur l&rsquo;encolure du cheval, sur Ferry et Bourdieu, et enfin sur les saucisses !<\/li>\r\n<\/ul>\r\n<\/div>\r\n<\/div>\r\n\r\n\r\n\r\n<div class=\"wp-block-columns is-layout-flex wp-container-core-columns-is-layout-9d6595d7 wp-block-columns-is-layout-flex\">\r\n<div class=\"wp-block-column is-layout-flow wp-block-column-is-layout-flow\" style=\"flex-basis: 33.33%;\">\r\n<figure class=\"wp-block-image size-large\"><a href=\"https:\/\/www.phenixetdragon.net\/wp-content\/uploads\/2022\/06\/Agora-32.pdf\"><img decoding=\"async\" class=\"wp-image-6557\" src=\"data:image\/gif;base64,R0lGODlhAQABAAAAACH5BAEKAAEALAAAAAABAAEAAAICTAEAOw==\" data-layzr=\"https:\/\/www.phenixetdragon.net\/wp-content\/uploads\/2022\/06\/Capture-de\u0301cran-2022-06-30-a\u0300-10.36.15-738x1024.png\" alt=\"\" \/><\/a><\/figure>\r\n<\/div>\r\n\r\n\r\n\r\n<div class=\"wp-block-column is-layout-flow wp-block-column-is-layout-flow\" style=\"flex-basis: 66.66%;\">\r\n<p>Voici le <a href=\"https:\/\/www.phenixetdragon.net\/wp-content\/uploads\/2022\/06\/Agora-32.pdf\" target=\"_blank\" rel=\"noreferrer noopener\">N\u00b0 32 de notre journal AGORA<\/a>, sp\u00e9cial instructeurs (qui cassent la baraque !)<\/p>\r\n<\/div>\r\n<\/div>\r\n\r\n\r\n\r\n<div class=\"wp-block-columns is-layout-flex wp-container-core-columns-is-layout-9d6595d7 wp-block-columns-is-layout-flex\">\r\n<div class=\"wp-block-column is-layout-flow wp-block-column-is-layout-flow\" style=\"flex-basis: 33.33%;\">\r\n<figure class=\"wp-block-image size-large\"><a href=\"https:\/\/www.phenixetdragon.net\/wp-content\/uploads\/2022\/06\/Agora-31.pdf\"><img decoding=\"async\" class=\"wp-image-6558\" src=\"data:image\/gif;base64,R0lGODlhAQABAAAAACH5BAEKAAEALAAAAAABAAEAAAICTAEAOw==\" data-layzr=\"https:\/\/www.phenixetdragon.net\/wp-content\/uploads\/2022\/06\/Capture-de\u0301cran-2022-06-30-a\u0300-10.37.38-728x1024.png\" alt=\"\" \/><\/a><\/figure>\r\n<\/div>\r\n\r\n\r\n\r\n<div class=\"wp-block-column is-layout-flow wp-block-column-is-layout-flow\" style=\"flex-basis: 66.66%;\">\r\n<p>Voici le <a href=\"https:\/\/www.phenixetdragon.net\/wp-content\/uploads\/2022\/06\/Agora-31.pdf\" target=\"_blank\" rel=\"noreferrer noopener\">N\u00b0 31 de notre journal AGORA<\/a>, avec:<\/p>\r\n\r\n\r\n\r\n<ul class=\"wp-block-list\">\r\n<li>des articles sur le tournoi et le gala du 8 juin 2013,<\/li>\r\n<li>un article sur la danse du lion<\/li>\r\n<li>des d\u00e9finitions<\/li>\r\n<\/ul>\r\n<\/div>\r\n<\/div>\r\n\r\n\r\n\r\n<div class=\"wp-block-columns is-layout-flex wp-container-core-columns-is-layout-9d6595d7 wp-block-columns-is-layout-flex\">\r\n<div class=\"wp-block-column is-layout-flow wp-block-column-is-layout-flow\" style=\"flex-basis: 33.33%;\">\r\n<figure class=\"wp-block-image size-large\"><a href=\"https:\/\/www.phenixetdragon.net\/wp-content\/uploads\/2022\/06\/Agora-30-2.pdf\"><img decoding=\"async\" class=\"wp-image-6559\" src=\"data:image\/gif;base64,R0lGODlhAQABAAAAACH5BAEKAAEALAAAAAABAAEAAAICTAEAOw==\" data-layzr=\"https:\/\/www.phenixetdragon.net\/wp-content\/uploads\/2022\/06\/Capture-de\u0301cran-2022-06-30-a\u0300-10.37.53-731x1024.png\" alt=\"\" \/><\/a><\/figure>\r\n<\/div>\r\n\r\n\r\n\r\n<div class=\"wp-block-column is-layout-flow wp-block-column-is-layout-flow\" style=\"flex-basis: 66.66%;\">\r\n<p>Voici le <a href=\"https:\/\/www.phenixetdragon.net\/wp-content\/uploads\/2022\/06\/Agora-30-2.pdf\" target=\"_blank\" rel=\"noreferrer noopener\">N\u00b0 30 de notre journal AGORA<\/a>, avec:<\/p>\r\n\r\n\r\n\r\n<ul class=\"wp-block-list\">\r\n<li>des articles sur le tournoi et le gala \u00e0 venir,<\/li>\r\n<li>le souhaits pour l&rsquo;ann\u00e9e du serpent d&rsquo;eau, et notamment un article sur l&rsquo;eau fontaine de Jouvence et des proverbes sinueux pour une ann\u00e9e retorse<\/li>\r\n<li>des d\u00e9finitions<\/li>\r\n<\/ul>\r\n<\/div>\r\n<\/div>","protected":false},"excerpt":{"rendered":"<p>Vous trouverez sur cette page les anciens num\u00e9ro de notre magazine AGORA ! Pour les adh\u00e9rents, n&rsquo;h\u00e9sitez pas \u00e0 nous proposer vos propres articles \u00e0 publier dans un prochain num\u00e9ro&#8230; Voici le N\u00b0 40 de notre journal AGORA, \u00e9galement disponible en anglais, avec: des articles sur Godzilla, le Dao de Jing et l\u2019ARN messager, sur &hellip; <\/p>","protected":false},"author":1,"featured_media":0,"parent":35,"menu_order":0,"comment_status":"closed","ping_status":"closed","template":"","meta":{"footnotes":""},"class_list":["post-33","page","type-page","status-publish","hentry","latest_post"],"yoast_head":"<!-- This site is optimized with the Yoast SEO plugin v26.3 - https:\/\/yoast.com\/wordpress\/plugins\/seo\/ -->\n<title>Agora - Ph\u00e9nix et Dragon<\/title>\n<meta name=\"description\" content=\"Magazine des associations de l&#039;\u00e9cole Ph\u00e9nix et Dragon.\" \/>\n<meta name=\"robots\" content=\"index, follow, max-snippet:-1, max-image-preview:large, max-video-preview:-1\" \/>\n<link rel=\"canonical\" href=\"https:\/\/www.phenixetdragon.net\/en\/notre-ecole\/agora\/\" \/>\n<meta property=\"og:locale\" content=\"en_GB\" \/>\n<meta property=\"og:type\" content=\"article\" \/>\n<meta property=\"og:title\" content=\"Agora - Ph\u00e9nix et Dragon\" \/>\n<meta property=\"og:description\" content=\"Magazine des associations de l&#039;\u00e9cole Ph\u00e9nix et Dragon.\" \/>\n<meta property=\"og:url\" content=\"https:\/\/www.phenixetdragon.net\/en\/notre-ecole\/agora\/\" \/>\n<meta property=\"og:site_name\" content=\"Ph\u00e9nix et Dragon\" \/>\n<meta property=\"article:publisher\" content=\"https:\/\/fr-fr.facebook.com\/assoephedra\/\" \/>\n<meta property=\"article:modified_time\" content=\"2022-07-01T10:02:44+00:00\" \/>\n<meta name=\"twitter:card\" content=\"summary_large_image\" \/>\n<meta name=\"twitter:label1\" content=\"Estimated reading time\" \/>\n\t<meta name=\"twitter:data1\" content=\"5 minutes\" \/>\n<script type=\"application\/ld+json\" class=\"yoast-schema-graph\">{\"@context\":\"https:\/\/schema.org\",\"@graph\":[{\"@type\":\"WebPage\",\"@id\":\"https:\/\/www.phenixetdragon.net\/notre-ecole\/agora\/\",\"url\":\"https:\/\/www.phenixetdragon.net\/notre-ecole\/agora\/\",\"name\":\"Agora - Ph\u00e9nix et Dragon\",\"isPartOf\":{\"@id\":\"https:\/\/www.phenixetdragon.net\/#website\"},\"datePublished\":\"2021-08-03T19:09:32+00:00\",\"dateModified\":\"2022-07-01T10:02:44+00:00\",\"description\":\"Magazine des associations de l'\u00e9cole Ph\u00e9nix et Dragon.\",\"breadcrumb\":{\"@id\":\"https:\/\/www.phenixetdragon.net\/notre-ecole\/agora\/#breadcrumb\"},\"inLanguage\":\"en-GB\",\"potentialAction\":[{\"@type\":\"ReadAction\",\"target\":[\"https:\/\/www.phenixetdragon.net\/notre-ecole\/agora\/\"]}]},{\"@type\":\"BreadcrumbList\",\"@id\":\"https:\/\/www.phenixetdragon.net\/notre-ecole\/agora\/#breadcrumb\",\"itemListElement\":[{\"@type\":\"ListItem\",\"position\":1,\"name\":\"Accueil\",\"item\":\"https:\/\/www.phenixetdragon.net\/\"},{\"@type\":\"ListItem\",\"position\":2,\"name\":\"Notre \u00e9cole\",\"item\":\"https:\/\/www.phenixetdragon.net\/notre-ecole\/\"},{\"@type\":\"ListItem\",\"position\":3,\"name\":\"Agora\"}]},{\"@type\":\"WebSite\",\"@id\":\"https:\/\/www.phenixetdragon.net\/#website\",\"url\":\"https:\/\/www.phenixetdragon.net\/\",\"name\":\"Ph\u00e9nix et Dragon\",\"description\":\"Arts Martiaux Chinois, Kung Fu, Taiji Quan, et Arts Energ\u00e9tiques, Qi Gong\",\"publisher\":{\"@id\":\"https:\/\/www.phenixetdragon.net\/#organization\"},\"potentialAction\":[{\"@type\":\"SearchAction\",\"target\":{\"@type\":\"EntryPoint\",\"urlTemplate\":\"https:\/\/www.phenixetdragon.net\/?s={search_term_string}\"},\"query-input\":{\"@type\":\"PropertyValueSpecification\",\"valueRequired\":true,\"valueName\":\"search_term_string\"}}],\"inLanguage\":\"en-GB\"},{\"@type\":\"Organization\",\"@id\":\"https:\/\/www.phenixetdragon.net\/#organization\",\"name\":\"Ph\u00e9nix et Dragon\",\"url\":\"https:\/\/www.phenixetdragon.net\/\",\"logo\":{\"@type\":\"ImageObject\",\"inLanguage\":\"en-GB\",\"@id\":\"https:\/\/www.phenixetdragon.net\/#\/schema\/logo\/image\/\",\"url\":\"https:\/\/www.phenixetdragon.net\/wp-content\/uploads\/2021\/08\/logophenixdragon.png\",\"contentUrl\":\"https:\/\/www.phenixetdragon.net\/wp-content\/uploads\/2021\/08\/logophenixdragon.png\",\"width\":674,\"height\":113,\"caption\":\"Ph\u00e9nix et Dragon\"},\"image\":{\"@id\":\"https:\/\/www.phenixetdragon.net\/#\/schema\/logo\/image\/\"},\"sameAs\":[\"https:\/\/fr-fr.facebook.com\/assoephedra\/\",\"https:\/\/www.instagram.com\/ecolephenixetdragon\/\"]}]}<\/script>\n<!-- \/ Yoast SEO plugin. -->","yoast_head_json":{"title":"Agora - Ph\u00e9nix et Dragon","description":"Magazine des associations de l'\u00e9cole Ph\u00e9nix et Dragon.","robots":{"index":"index","follow":"follow","max-snippet":"max-snippet:-1","max-image-preview":"max-image-preview:large","max-video-preview":"max-video-preview:-1"},"canonical":"https:\/\/www.phenixetdragon.net\/en\/notre-ecole\/agora\/","og_locale":"en_GB","og_type":"article","og_title":"Agora - Ph\u00e9nix et Dragon","og_description":"Magazine des associations de l'\u00e9cole Ph\u00e9nix et Dragon.","og_url":"https:\/\/www.phenixetdragon.net\/en\/notre-ecole\/agora\/","og_site_name":"Ph\u00e9nix et Dragon","article_publisher":"https:\/\/fr-fr.facebook.com\/assoephedra\/","article_modified_time":"2022-07-01T10:02:44+00:00","twitter_card":"summary_large_image","twitter_misc":{"Estimated reading time":"5 minutes"},"schema":{"@context":"https:\/\/schema.org","@graph":[{"@type":"WebPage","@id":"https:\/\/www.phenixetdragon.net\/notre-ecole\/agora\/","url":"https:\/\/www.phenixetdragon.net\/notre-ecole\/agora\/","name":"Agora - Ph\u00e9nix et Dragon","isPartOf":{"@id":"https:\/\/www.phenixetdragon.net\/#website"},"datePublished":"2021-08-03T19:09:32+00:00","dateModified":"2022-07-01T10:02:44+00:00","description":"Magazine des associations de l'\u00e9cole Ph\u00e9nix et Dragon.","breadcrumb":{"@id":"https:\/\/www.phenixetdragon.net\/notre-ecole\/agora\/#breadcrumb"},"inLanguage":"en-GB","potentialAction":[{"@type":"ReadAction","target":["https:\/\/www.phenixetdragon.net\/notre-ecole\/agora\/"]}]},{"@type":"BreadcrumbList","@id":"https:\/\/www.phenixetdragon.net\/notre-ecole\/agora\/#breadcrumb","itemListElement":[{"@type":"ListItem","position":1,"name":"Accueil","item":"https:\/\/www.phenixetdragon.net\/"},{"@type":"ListItem","position":2,"name":"Notre \u00e9cole","item":"https:\/\/www.phenixetdragon.net\/notre-ecole\/"},{"@type":"ListItem","position":3,"name":"Agora"}]},{"@type":"WebSite","@id":"https:\/\/www.phenixetdragon.net\/#website","url":"https:\/\/www.phenixetdragon.net\/","name":"Ph\u00e9nix et Dragon","description":"Arts Martiaux Chinois, Kung Fu, Taiji Quan, et Arts Energ\u00e9tiques, Qi Gong","publisher":{"@id":"https:\/\/www.phenixetdragon.net\/#organization"},"potentialAction":[{"@type":"SearchAction","target":{"@type":"EntryPoint","urlTemplate":"https:\/\/www.phenixetdragon.net\/?s={search_term_string}"},"query-input":{"@type":"PropertyValueSpecification","valueRequired":true,"valueName":"search_term_string"}}],"inLanguage":"en-GB"},{"@type":"Organization","@id":"https:\/\/www.phenixetdragon.net\/#organization","name":"Ph\u00e9nix et Dragon","url":"https:\/\/www.phenixetdragon.net\/","logo":{"@type":"ImageObject","inLanguage":"en-GB","@id":"https:\/\/www.phenixetdragon.net\/#\/schema\/logo\/image\/","url":"https:\/\/www.phenixetdragon.net\/wp-content\/uploads\/2021\/08\/logophenixdragon.png","contentUrl":"https:\/\/www.phenixetdragon.net\/wp-content\/uploads\/2021\/08\/logophenixdragon.png","width":674,"height":113,"caption":"Ph\u00e9nix et Dragon"},"image":{"@id":"https:\/\/www.phenixetdragon.net\/#\/schema\/logo\/image\/"},"sameAs":["https:\/\/fr-fr.facebook.com\/assoephedra\/","https:\/\/www.instagram.com\/ecolephenixetdragon\/"]}]}},"_links":{"self":[{"href":"https:\/\/www.phenixetdragon.net\/en\/wp-json\/wp\/v2\/pages\/33","targetHints":{"allow":["GET"]}}],"collection":[{"href":"https:\/\/www.phenixetdragon.net\/en\/wp-json\/wp\/v2\/pages"}],"about":[{"href":"https:\/\/www.phenixetdragon.net\/en\/wp-json\/wp\/v2\/types\/page"}],"author":[{"embeddable":true,"href":"https:\/\/www.phenixetdragon.net\/en\/wp-json\/wp\/v2\/users\/1"}],"replies":[{"embeddable":true,"href":"https:\/\/www.phenixetdragon.net\/en\/wp-json\/wp\/v2\/comments?post=33"}],"version-history":[{"count":7,"href":"https:\/\/www.phenixetdragon.net\/en\/wp-json\/wp\/v2\/pages\/33\/revisions"}],"predecessor-version":[{"id":6656,"href":"https:\/\/www.phenixetdragon.net\/en\/wp-json\/wp\/v2\/pages\/33\/revisions\/6656"}],"up":[{"embeddable":true,"href":"https:\/\/www.phenixetdragon.net\/en\/wp-json\/wp\/v2\/pages\/35"}],"wp:attachment":[{"href":"https:\/\/www.phenixetdragon.net\/en\/wp-json\/wp\/v2\/media?parent=33"}],"curies":[{"name":"wp","href":"https:\/\/api.w.org\/{rel}","templated":true}]}}