{"id":3428,"date":"2013-05-31T16:37:05","date_gmt":"2013-05-31T14:37:05","guid":{"rendered":"http:\/\/phenixetdragon.net\/?page_id=81"},"modified":"2025-11-15T18:43:37","modified_gmt":"2025-11-15T17:43:37","slug":"faq-kung-fu","status":"publish","type":"page","link":"https:\/\/www.phenixetdragon.net\/en\/notre-ecole\/faq-kung-fu\/","title":{"rendered":"Forum aux questions &#8211; Kung Fu"},"content":{"rendered":"<h1 class=\"wp-block-heading has-vivid-red-color has-text-color has-medium-font-size\" style=\"text-transform:capitalize\"><strong>Comment se d\u00e9roulent les cours de Kung Fu?<\/strong><\/h1>\n\n\n\n<p><strong>L&rsquo;\u00e9chauffement :<\/strong> rotations des diff\u00e9rentes articulations, \u00e9tirements et assouplissements pr\u00e9parent le corps \u00e0 la pratique, tout en augmentant le rythme cardiaque.<\/p>\n\n\n\n<p><strong>La pratique :<\/strong> apr\u00e8s le salut, on fait des exercices qui permettent d\u2019int\u00e9grer les techniques de base, puis on travaille les Tao Lu (encha\u00eenements codifi\u00e9s) et leurs applications une fois ces derniers assimil\u00e9s. Les Tao se pratiquent soit \u00e0 mains nues soit avec des armes, sabre, b\u00e2ton, \u00e9p\u00e9e, nunchaku.<br>Une partie du cours est consacr\u00e9 au travail \u00e0 deux afin de mettre en application des techniques de d\u00e9fense et d\u2019attaque.<\/p>\n\n\n\n<p><strong>Le retour au calme :<\/strong> Quelques exercices de Qi Gong sont pratiqu\u00e9s afin de faire baisser le rythme cardiaque.<\/p>\n\n\n\n<h1 class=\"wp-block-heading has-vivid-red-color has-text-color has-medium-font-size\" style=\"text-transform:capitalize\"><strong>Comment s&rsquo;habiller?<\/strong><\/h1>\n\n\n\n<p>La tenue est constitu\u00e9e d\u2019un pantalon noir, d\u2019un tee-shirt, de chaussures \u00e0 semelle fine r\u00e9serv\u00e9es \u00e0 la pratique (ou pieds nus). Le mat\u00e9riel peut \u00eatre achet\u00e9 par l\u2019interm\u00e9diaire du club, mais \u00e9galement aupr\u00e8s de magasins sp\u00e9cialis\u00e9s.<\/p>\n\n\n\n<h1 class=\"wp-block-heading has-vivid-red-color has-text-color has-medium-font-size\" style=\"text-transform:capitalize\"><strong>Le Kung Fu fait-il maigrir&nbsp;?<\/strong><\/h1>\n\n\n\n<p>Le Kung Fu fait travailler tous les muscles. Si on pratique r\u00e9guli\u00e8rement, notre corps va \u00e9voluer pour s\u2019adapter. Aucun muscle en particulier n\u2019est favoris\u00e9, ce qui fait que l\u2019\u00e9volution se fait petit \u00e0 petit. Gagner en muscles ne fait pas forc\u00e9ment maigrir, c\u2019est selon la morphologie de chacun. Par contre cela tonifie le corps harmonieusement et \u00e7a, aucune cr\u00e8me ne pourra jamais le remplacer&nbsp;!<\/p>\n\n\n\n<h1 class=\"wp-block-heading has-vivid-red-color has-text-color has-medium-font-size\" style=\"text-transform:capitalize\"><strong>Quels sont les bienfaits du Kung Fu et des autres arts martiaux chinois&nbsp;?<\/strong><\/h1>\n\n\n\n<p>D\u2019une mani\u00e8re g\u00e9n\u00e9rale, le pratiquant d\u2019art martiaux chinois acquiert une bonne ma\u00eetrise de son corps. En effet, les techniques et mouvements enseign\u00e9s sollicitent de nombreux muscles, l\u2019ensemble des articulations et permettent une prise de conscience de son corps dans l\u2019espace. Par ailleurs, le pratiquant acquiert petit \u00e0 petit plus de tonicit\u00e9, plus de souffle, et accro\u00eet le contr\u00f4le de son \u00e9nergie interne. Un entra\u00eenement r\u00e9gulier accro\u00eetra aussi sa souplesse, renforcera l\u2019ensemble de ses muscles, et l\u2019aidera \u00e0 se rel\u00e2cher au quotidien, notamment dans des situations stressantes.<\/p>\n\n\n\n<h1 class=\"wp-block-heading has-vivid-red-color has-text-color has-medium-font-size\" style=\"text-transform:capitalize\"><strong>Quelles sont les diff\u00e9rences entre le Kung Fu et le Taiji Quan&nbsp;?<\/strong><\/h1>\n\n\n\n<p>Classiquement, le Kung Fu fait partie des arts martiaux externes, alors que le Taiji Quan est consid\u00e9r\u00e9 comme un art martial interne. Si \u00e0 l\u2019origine la finalit\u00e9 de ces deux pratiques \u00e9tait la ma\u00eetrise du corps pour le combat, leur approche et leur enseignement sont diff\u00e9rents. En Kung Fu, les pratiquants s\u2019entra\u00eenent \u00e0 fortifier leurs corps pour le rendre puissant, rapide, tonique et souple. En Taiji Quan, le corps commence par apprendre \u00e0 se rel\u00e2cher, se d\u00e9tendre, s\u2019enraciner, et les pratiquants travaillent avec lenteur et calme tout en cherchant la tonicit\u00e9.<\/p>\n\n\n\n<h1 class=\"wp-block-heading has-vivid-red-color has-text-color has-medium-font-size\" style=\"text-transform:capitalize\"><strong>Quelles sont les diff\u00e9rences avec des arts martiaux japonais tels que le karat\u00e9 et le judo&nbsp;?<\/strong><\/h1>\n\n\n\n<p>Les gestes de la plupart des styles de karat\u00e9 sont un peu plus rigides que ceux du Kung Fu, qui eux sont plus ronds. Le Kung Fu est un art martial \u00ab&nbsp;global&nbsp;\u00bb aucune technique n\u2019a \u00e9t\u00e9 d\u00e9velopp\u00e9e \u00e0 l\u2019extr\u00eame, contrairement au Judo, par exemple, qui a d\u00e9velopp\u00e9 sp\u00e9cifiquement l\u2019art des chutes et des projections. La tenue vestimentaire n\u2019est pas aussi formelle que dans les arts martiaux japonais, o\u00f9 l\u2019on porte le kimono et o\u00f9 l\u2019on pratique pieds nus. De m\u00eame, les \u00ab&nbsp;grades&nbsp;\u00bb ont moins d\u2019importance en Kung Fu que dans les arts martiaux japonais. Dans notre association, seuls ceux qui ont pass\u00e9 leur ceinture noire portent une ceinture.<\/p>\n\n\n\n<h1 class=\"wp-block-heading has-vivid-red-color has-text-color has-medium-font-size\" style=\"text-transform:capitalize\"><strong>Peut-on se blesser en pratiquant le Kung Fu et les autres arts martiaux chinois&nbsp;?<\/strong><\/h1>\n\n\n\n<p>Le Qi Gong et les arts martiaux chinois sont des techniques de long\u00e9vit\u00e9. Cependant, de mauvaises postures ou des \u00e9tirements trop forc\u00e9s peuvent \u00eatre \u00e0 l\u2019origine des blessures. Mais les enseignants sont attentifs et vous apprendrons \u00e0 vous pr\u00e9server. M\u00eame lors des combats les coups doivent \u00eatre ma\u00eetris\u00e9s, le ma\u00eetre mot est le respect de soi et de l\u2019autre.<\/p>\n\n\n\n<h1 class=\"wp-block-heading has-vivid-red-color has-text-color has-medium-font-size\" style=\"text-transform:capitalize\"><strong>Faut-il \u00eatre souple\/sportif pour faire du Kung Fu&nbsp;?<\/strong><\/h1>\n\n\n\n<p>Dire que l\u2019on fait du Kung Fu, cela impressionne toujours. Rien ne vous emp\u00eache de faire planer le mythe dans les d\u00eeners parisiens, mais le Kung Fu est \u00e0 la port\u00e9e de tous. En effet, il y a plusieurs niveaux d\u2019apprentissage et de pratique. On adapte notre pratique \u00e0 notre envie et notre physique. Chaque exercice ou position peut \u00eatre r\u00e9alis\u00e9 avec plus ou moins de force, d\u2019intention ou de souplesse. A votre vitesse, vous pourrez travailler votre souplesse par des exercices sp\u00e9cifiques en cours ou, si vous le d\u00e9sirez, plus intensivement \u00e0 la maison.<\/p>\n\n\n\n<h1 class=\"wp-block-heading has-vivid-red-color has-text-color has-medium-font-size\" style=\"text-transform:capitalize\"><strong>Est-ce que le Kung Fu est un sport ou un art martial&nbsp;?<\/strong><\/h1>\n\n\n\n<p>Fondamentalement, ces deux concepts n\u2019ont rien \u00e0 voir. Mais l\u2019\u00e9volution des soci\u00e9t\u00e9s fait qu\u2019ils se trouvent souvent m\u00eal\u00e9s et fondus (voire confondus). Un sport est une discipline physique encadr\u00e9e par des r\u00e8gles et pr\u00e9sentant un enjeu. Un art martial est une activit\u00e9 physique d\u2019autod\u00e9fense li\u00e9e \u00e0 une pratique culturelle, charg\u00e9e de sens et d\u2019histoire. Le Kung Fu est donc une activit\u00e9 composite, faite \u00e0 la fois de techniques de combat, mais aussi de philosophie, de culture, d\u2019histoire(s), de traditions et d\u2019esth\u00e9tique. Il y a dans le Kung Fu une composante sportive mais celle-ci ne constitue pas l\u2019essence de la discipline, c\u2019est un ajout r\u00e9cent \u00e0 une pratique tr\u00e8s ancienne.<\/p>\n\n\n\n<h1 class=\"wp-block-heading has-vivid-red-color has-text-color has-medium-font-size\" style=\"text-transform:capitalize\"><strong>Est-ce que le Kung Fu est un sport violent&nbsp;?<\/strong><\/h1>\n\n\n\n<p>Selon l\u2019esprit dans lequel on le pratique, n\u2019importe quel sport peut \u00eatre violent. Dans notre club, nous privil\u00e9gions une approche simple et respectueuse de l\u2019autre afin de progresser sans devenir une brute. Le Kung Fu est avant tout un art de la pr\u00e9servation de soi, de sa propre int\u00e9grit\u00e9 physique et morale&nbsp;; Un art de la gestion des conflits, quels qu\u2019ils soient, un art de la d\u00e9fense autant qu\u2019un art du combat.<\/p>\n\n\n\n<h1 class=\"wp-block-heading has-vivid-red-color has-text-color has-medium-font-size\" style=\"text-transform:capitalize\"><strong>Le Kung Fu peut-il m\u2019aider \u00e0 me d\u00e9fendre contre une agression&nbsp;?<\/strong><\/h1>\n\n\n\n<p>R\u00e9solument oui&nbsp;! Pourquoi passer de longues heures \u00e0 s\u2019entra\u00eener si confront\u00e9 \u00e0 une situation d\u2019agression, on n\u2019\u00e9tait pas capable de r\u00e9agir&nbsp;! On pourra acqu\u00e9rir des r\u00e9flexes utiles et quelques principes fondamentaux d\u2019autod\u00e9fense qui permettront de se tirer d\u2019un mauvais pas. Apprendre \u00e0 ne pas prendre de coups, \u00e0 crier en cas de danger, \u00e0 mobiliser les gens qui nous entourent\u2026 autant d\u2019id\u00e9es simples que distille le Kung Fu au-del\u00e0 des techniques strictes de combat. C\u2019est l\u00e0 l\u2019essence m\u00eame du Kung Fu, mais le processus menant \u00e0 la capacit\u00e9 de se d\u00e9fendre en jouant des pieds et des poings est lent et difficile. Pratiquer le Kung Fu efficacement, c\u2019est s\u2019inscrire dans une d\u00e9marche \u00e0 long terme&nbsp;!<\/p>\n\n\n\n<h1 class=\"wp-block-heading has-vivid-red-color has-text-color has-medium-font-size\" style=\"text-transform:capitalize\"><strong>Est-ce mieux si les profs ont d\u00e9j\u00e0 pratiqu\u00e9 d\u2019autres arts martiaux&nbsp;?<\/strong><\/h1>\n\n\n\n<p>Pour ce qui est des arts martiaux japonais ou cor\u00e9ens, s\u2019ils font r\u00e9f\u00e9rence au combat et s\u2019ils sont \u00e9galement pratiqu\u00e9s sous forme d\u2019encha\u00eenements codifi\u00e9s, ils sont en r\u00e9alit\u00e9 assez \u00e9loign\u00e9s des arts martiaux chinois, dans leurs principes, leurs techniques et plus encore pour ce qui est des rituels. L\u2019enseignement de ces diff\u00e9rentes techniques par les m\u00eames personnes ne leur permet pas de les approfondir et n\u2019apporte aucun avantage, tout au plus un peu de confusion. En revanche, la pratique de styles internes de Taiji et de styles externes de Kung Fu ou bien de Qi Gong, permet d\u2019approfondir les m\u00eames concepts.<\/p>\n\n\n\n<p class=\"has-white-color has-blush-bordeaux-gradient-background has-text-color has-background has-link-color wp-elements-3f15e0125fcf15b4b91c092fb5908c20\">\u00a0<strong><strong>Rejoignez-nous \u00e0 l&rsquo;\u00c9cole Ph\u00e9nix &amp; Dragon <\/strong><\/strong>: nous proposons des cours r\u00e9guliers de Kung Fu, ouverts \u00e0 tous, ainsi que des ateliers th\u00e9matiques et des \u00e9v\u00e9nements sp\u00e9ciaux. Notre approche p\u00e9dagogique allie tradition et modernit\u00e9, permettant \u00e0 chacun de progresser \u00e0 son rythme dans une ambiance bienveillante et stimulante. Pour plus d&rsquo;informations ou pour vous inscrire, n&rsquo;h\u00e9sitez pas \u00e0 nous contacter.<\/p>\n\n\n\n<hr class=\"wp-block-separator has-alpha-channel-opacity\"\/>\n\n\n\n<div class=\"wp-block-columns is-layout-flex wp-container-core-columns-is-layout-9d6595d7 wp-block-columns-is-layout-flex\">\n<div class=\"wp-block-column is-layout-flow wp-block-column-is-layout-flow\">\n<div class=\"wp-block-cover is-light\"><img decoding=\"async\" class=\"wp-block-cover__image-background wp-image-8749 size-large\" alt=\"\" src=\"data:image\/gif;base64,R0lGODlhAQABAAAAACH5BAEKAAEALAAAAAABAAEAAAICTAEAOw==\" data-layzr=\"https:\/\/www.phenixetdragon.net\/wp-content\/uploads\/2025\/06\/IMG_8318-1024x576.jpg\" data-object-fit=\"cover\"\/><span aria-hidden=\"true\" class=\"wp-block-cover__background has-background-dim\" style=\"background-color:#9ea28e\"><\/span><div class=\"wp-block-cover__inner-container is-layout-flow wp-block-cover-is-layout-flow\">\n<p class=\"has-text-align-center has-white-color has-text-color has-link-color has-medium-font-size wp-elements-044312c6fe95e10d1c3a0ba5d14c6a8d\"><strong><a href=\"https:\/\/www.phenixetdragon.net\/notre-ecole\/kung-fu-qq-mots\/\">Le Kung Fu en Quelques Mots<\/a><\/strong><\/p>\n<\/div><\/div>\n<\/div>\n\n\n\n<div class=\"wp-block-column is-layout-flow wp-block-column-is-layout-flow\">\n<div class=\"wp-block-cover is-light\"><img decoding=\"async\" class=\"wp-block-cover__image-background wp-image-9559 size-large\" alt=\"Kung Fu Sanda\" src=\"data:image\/gif;base64,R0lGODlhAQABAAAAACH5BAEKAAEALAAAAAABAAEAAAICTAEAOw==\" data-layzr=\"https:\/\/www.phenixetdragon.net\/wp-content\/uploads\/2025\/10\/20221211_122515-scaled-1-edited-1024x767.jpg\" style=\"object-position:5% 61%\" data-object-fit=\"cover\" data-object-position=\"5% 61%\"\/><span aria-hidden=\"true\" class=\"wp-block-cover__background has-background-dim\" style=\"background-color:#9e9c94\"><\/span><div class=\"wp-block-cover__inner-container is-layout-flow wp-block-cover-is-layout-flow\">\n<p class=\"has-text-align-center has-white-color has-text-color has-link-color has-medium-font-size wp-elements-180e7777a2f5174352668f9552eef83a\"><a href=\"https:\/\/www.phenixetdragon.net\/notre-ecole\/cours-de-qi-gong\/daoyin-yangsheng-gong\/\"><strong>Les Styles de Kung Fu de l&rsquo;Ecole<\/strong><\/a><\/p>\n<\/div><\/div>\n<\/div>\n\n\n\n<div class=\"wp-block-column is-layout-flow wp-block-column-is-layout-flow\">\n<div class=\"wp-block-cover alignright is-light\"><img decoding=\"async\" class=\"wp-block-cover__image-background wp-image-9558 size-large\" alt=\"Kung Fu\" src=\"data:image\/gif;base64,R0lGODlhAQABAAAAACH5BAEKAAEALAAAAAABAAEAAAICTAEAOw==\" data-layzr=\"https:\/\/www.phenixetdragon.net\/wp-content\/uploads\/2025\/10\/CA188A80-4044-4310-AE9B-D9EFF2EB50D5_1_102_a-1024x768.jpeg\" style=\"object-position:71% 35%\" data-object-fit=\"cover\" data-object-position=\"71% 35%\"\/><span aria-hidden=\"true\" class=\"wp-block-cover__background has-background-dim\" style=\"background-color:#b39f8a\"><\/span><div class=\"wp-block-cover__inner-container is-layout-flow wp-block-cover-is-layout-flow\">\n<p class=\"has-text-align-center has-white-color has-text-color has-link-color has-medium-font-size wp-elements-68f8b6871020d9e161e3f8fa22b9d83c\"><strong><a href=\"https:\/\/www.phenixetdragon.net\/notre-ecole\/cours-de-kung-fu-enfants\/\">Cours Enfants \/ Ados<\/a><\/strong><\/p>\n<\/div><\/div>\n<\/div>\n<\/div>\n\n\n\n<hr class=\"wp-block-separator has-alpha-channel-opacity\"\/>\n\n\n\n<p><em>Ph\u00e9nix &amp; Dragon, a school committed to teaching internal and external martial arts for all ages and levels.<\/em><\/p>","protected":false},"excerpt":{"rendered":"<p>Comment se d\u00e9roulent les cours de Kung Fu? L&rsquo;\u00e9chauffement : rotations des diff\u00e9rentes articulations, \u00e9tirements et assouplissements pr\u00e9parent le corps \u00e0 la pratique, tout en augmentant le rythme cardiaque. La pratique : apr\u00e8s le salut, on fait des exercices qui permettent d\u2019int\u00e9grer les techniques de base, puis on travaille les Tao Lu (encha\u00eenements codifi\u00e9s) et &hellip; <\/p>","protected":false},"author":1,"featured_media":10373,"parent":35,"menu_order":0,"comment_status":"closed","ping_status":"closed","template":"","meta":{"footnotes":""},"class_list":["post-3428","page","type-page","status-publish","has-post-thumbnail","hentry","latest_post"],"yoast_head":"<!-- This site is optimized with the Yoast SEO plugin v26.3 - https:\/\/yoast.com\/wordpress\/plugins\/seo\/ -->\n<title>Forum aux questions - Kung Fu - Ph\u00e9nix et Dragon<\/title>\n<meta name=\"description\" content=\"Tout savoir sur le Kung Fu \u00e0 l\u2019\u00c9cole Ph\u00e9nix &amp; Dragon : d\u00e9roulement d\u2019un cours, tenue conseill\u00e9e, diff\u00e9rences avec le Taiji Quan, fr\u00e9quence id\u00e9ale, \u00e2ge et condition physique.\" \/>\n<meta name=\"robots\" content=\"index, follow, max-snippet:-1, max-image-preview:large, max-video-preview:-1\" \/>\n<link rel=\"canonical\" href=\"https:\/\/www.phenixetdragon.net\/en\/notre-ecole\/faq-kung-fu\/\" \/>\n<meta property=\"og:locale\" content=\"en_GB\" \/>\n<meta property=\"og:type\" content=\"article\" \/>\n<meta property=\"og:title\" content=\"Forum aux questions - Kung Fu - Ph\u00e9nix et Dragon\" \/>\n<meta property=\"og:description\" content=\"Tout savoir sur le Kung Fu \u00e0 l\u2019\u00c9cole Ph\u00e9nix &amp; Dragon : d\u00e9roulement d\u2019un cours, tenue conseill\u00e9e, diff\u00e9rences avec le Taiji Quan, fr\u00e9quence id\u00e9ale, \u00e2ge et condition physique.\" \/>\n<meta property=\"og:url\" content=\"https:\/\/www.phenixetdragon.net\/en\/notre-ecole\/faq-kung-fu\/\" \/>\n<meta property=\"og:site_name\" content=\"Ph\u00e9nix et Dragon\" \/>\n<meta property=\"article:publisher\" content=\"https:\/\/fr-fr.facebook.com\/assoephedra\/\" \/>\n<meta property=\"article:modified_time\" content=\"2025-11-15T17:43:37+00:00\" \/>\n<meta property=\"og:image\" content=\"https:\/\/www.phenixetdragon.net\/wp-content\/uploads\/2025\/11\/IMG_0597-scaled.jpg\" \/>\n\t<meta property=\"og:image:width\" content=\"2560\" \/>\n\t<meta property=\"og:image:height\" content=\"1920\" \/>\n\t<meta property=\"og:image:type\" content=\"image\/jpeg\" \/>\n<meta name=\"twitter:card\" content=\"summary_large_image\" \/>\n<meta name=\"twitter:label1\" content=\"Estimated reading time\" \/>\n\t<meta name=\"twitter:data1\" content=\"10 minutes\" \/>\n<script type=\"application\/ld+json\" class=\"yoast-schema-graph\">{\"@context\":\"https:\/\/schema.org\",\"@graph\":[{\"@type\":\"WebPage\",\"@id\":\"https:\/\/www.phenixetdragon.net\/notre-ecole\/faq-kung-fu\/\",\"url\":\"https:\/\/www.phenixetdragon.net\/notre-ecole\/faq-kung-fu\/\",\"name\":\"Forum aux questions - Kung Fu - Ph\u00e9nix et Dragon\",\"isPartOf\":{\"@id\":\"https:\/\/www.phenixetdragon.net\/#website\"},\"primaryImageOfPage\":{\"@id\":\"https:\/\/www.phenixetdragon.net\/notre-ecole\/faq-kung-fu\/#primaryimage\"},\"image\":{\"@id\":\"https:\/\/www.phenixetdragon.net\/notre-ecole\/faq-kung-fu\/#primaryimage\"},\"thumbnailUrl\":\"https:\/\/www.phenixetdragon.net\/wp-content\/uploads\/2025\/11\/IMG_0597-scaled.jpg\",\"datePublished\":\"2013-05-31T14:37:05+00:00\",\"dateModified\":\"2025-11-15T17:43:37+00:00\",\"description\":\"Tout savoir sur le Kung Fu \u00e0 l\u2019\u00c9cole Ph\u00e9nix & Dragon : d\u00e9roulement d\u2019un cours, tenue conseill\u00e9e, diff\u00e9rences avec le Taiji Quan, fr\u00e9quence id\u00e9ale, \u00e2ge et condition physique.\",\"breadcrumb\":{\"@id\":\"https:\/\/www.phenixetdragon.net\/notre-ecole\/faq-kung-fu\/#breadcrumb\"},\"inLanguage\":\"en-GB\",\"potentialAction\":[{\"@type\":\"ReadAction\",\"target\":[\"https:\/\/www.phenixetdragon.net\/notre-ecole\/faq-kung-fu\/\"]}]},{\"@type\":\"ImageObject\",\"inLanguage\":\"en-GB\",\"@id\":\"https:\/\/www.phenixetdragon.net\/notre-ecole\/faq-kung-fu\/#primaryimage\",\"url\":\"https:\/\/www.phenixetdragon.net\/wp-content\/uploads\/2025\/11\/IMG_0597-scaled.jpg\",\"contentUrl\":\"https:\/\/www.phenixetdragon.net\/wp-content\/uploads\/2025\/11\/IMG_0597-scaled.jpg\",\"width\":2560,\"height\":1920},{\"@type\":\"BreadcrumbList\",\"@id\":\"https:\/\/www.phenixetdragon.net\/notre-ecole\/faq-kung-fu\/#breadcrumb\",\"itemListElement\":[{\"@type\":\"ListItem\",\"position\":1,\"name\":\"Accueil\",\"item\":\"https:\/\/www.phenixetdragon.net\/\"},{\"@type\":\"ListItem\",\"position\":2,\"name\":\"Notre \u00e9cole\",\"item\":\"https:\/\/www.phenixetdragon.net\/notre-ecole\/\"},{\"@type\":\"ListItem\",\"position\":3,\"name\":\"Forum aux questions &#8211; Kung Fu\"}]},{\"@type\":\"WebSite\",\"@id\":\"https:\/\/www.phenixetdragon.net\/#website\",\"url\":\"https:\/\/www.phenixetdragon.net\/\",\"name\":\"Ph\u00e9nix et Dragon\",\"description\":\"Arts Martiaux Chinois, Kung Fu, Taiji Quan, et Arts Energ\u00e9tiques, Qi Gong\",\"publisher\":{\"@id\":\"https:\/\/www.phenixetdragon.net\/#organization\"},\"potentialAction\":[{\"@type\":\"SearchAction\",\"target\":{\"@type\":\"EntryPoint\",\"urlTemplate\":\"https:\/\/www.phenixetdragon.net\/?s={search_term_string}\"},\"query-input\":{\"@type\":\"PropertyValueSpecification\",\"valueRequired\":true,\"valueName\":\"search_term_string\"}}],\"inLanguage\":\"en-GB\"},{\"@type\":\"Organization\",\"@id\":\"https:\/\/www.phenixetdragon.net\/#organization\",\"name\":\"Ph\u00e9nix et Dragon\",\"url\":\"https:\/\/www.phenixetdragon.net\/\",\"logo\":{\"@type\":\"ImageObject\",\"inLanguage\":\"en-GB\",\"@id\":\"https:\/\/www.phenixetdragon.net\/#\/schema\/logo\/image\/\",\"url\":\"https:\/\/www.phenixetdragon.net\/wp-content\/uploads\/2021\/08\/logophenixdragon.png\",\"contentUrl\":\"https:\/\/www.phenixetdragon.net\/wp-content\/uploads\/2021\/08\/logophenixdragon.png\",\"width\":674,\"height\":113,\"caption\":\"Ph\u00e9nix et Dragon\"},\"image\":{\"@id\":\"https:\/\/www.phenixetdragon.net\/#\/schema\/logo\/image\/\"},\"sameAs\":[\"https:\/\/fr-fr.facebook.com\/assoephedra\/\",\"https:\/\/www.instagram.com\/ecolephenixetdragon\/\"]}]}<\/script>\n<!-- \/ Yoast SEO plugin. -->","yoast_head_json":{"title":"Forum aux questions - Kung Fu - Ph\u00e9nix et Dragon","description":"Tout savoir sur le Kung Fu \u00e0 l\u2019\u00c9cole Ph\u00e9nix & Dragon : d\u00e9roulement d\u2019un cours, tenue conseill\u00e9e, diff\u00e9rences avec le Taiji Quan, fr\u00e9quence id\u00e9ale, \u00e2ge et condition physique.","robots":{"index":"index","follow":"follow","max-snippet":"max-snippet:-1","max-image-preview":"max-image-preview:large","max-video-preview":"max-video-preview:-1"},"canonical":"https:\/\/www.phenixetdragon.net\/en\/notre-ecole\/faq-kung-fu\/","og_locale":"en_GB","og_type":"article","og_title":"Forum aux questions - Kung Fu - Ph\u00e9nix et Dragon","og_description":"Tout savoir sur le Kung Fu \u00e0 l\u2019\u00c9cole Ph\u00e9nix & Dragon : d\u00e9roulement d\u2019un cours, tenue conseill\u00e9e, diff\u00e9rences avec le Taiji Quan, fr\u00e9quence id\u00e9ale, \u00e2ge et condition physique.","og_url":"https:\/\/www.phenixetdragon.net\/en\/notre-ecole\/faq-kung-fu\/","og_site_name":"Ph\u00e9nix et Dragon","article_publisher":"https:\/\/fr-fr.facebook.com\/assoephedra\/","article_modified_time":"2025-11-15T17:43:37+00:00","og_image":[{"width":2560,"height":1920,"url":"https:\/\/www.phenixetdragon.net\/wp-content\/uploads\/2025\/11\/IMG_0597-scaled.jpg","type":"image\/jpeg"}],"twitter_card":"summary_large_image","twitter_misc":{"Estimated reading time":"10 minutes"},"schema":{"@context":"https:\/\/schema.org","@graph":[{"@type":"WebPage","@id":"https:\/\/www.phenixetdragon.net\/notre-ecole\/faq-kung-fu\/","url":"https:\/\/www.phenixetdragon.net\/notre-ecole\/faq-kung-fu\/","name":"Forum aux questions - Kung Fu - Ph\u00e9nix et Dragon","isPartOf":{"@id":"https:\/\/www.phenixetdragon.net\/#website"},"primaryImageOfPage":{"@id":"https:\/\/www.phenixetdragon.net\/notre-ecole\/faq-kung-fu\/#primaryimage"},"image":{"@id":"https:\/\/www.phenixetdragon.net\/notre-ecole\/faq-kung-fu\/#primaryimage"},"thumbnailUrl":"https:\/\/www.phenixetdragon.net\/wp-content\/uploads\/2025\/11\/IMG_0597-scaled.jpg","datePublished":"2013-05-31T14:37:05+00:00","dateModified":"2025-11-15T17:43:37+00:00","description":"Tout savoir sur le Kung Fu \u00e0 l\u2019\u00c9cole Ph\u00e9nix & Dragon : d\u00e9roulement d\u2019un cours, tenue conseill\u00e9e, diff\u00e9rences avec le Taiji Quan, fr\u00e9quence id\u00e9ale, \u00e2ge et condition physique.","breadcrumb":{"@id":"https:\/\/www.phenixetdragon.net\/notre-ecole\/faq-kung-fu\/#breadcrumb"},"inLanguage":"en-GB","potentialAction":[{"@type":"ReadAction","target":["https:\/\/www.phenixetdragon.net\/notre-ecole\/faq-kung-fu\/"]}]},{"@type":"ImageObject","inLanguage":"en-GB","@id":"https:\/\/www.phenixetdragon.net\/notre-ecole\/faq-kung-fu\/#primaryimage","url":"https:\/\/www.phenixetdragon.net\/wp-content\/uploads\/2025\/11\/IMG_0597-scaled.jpg","contentUrl":"https:\/\/www.phenixetdragon.net\/wp-content\/uploads\/2025\/11\/IMG_0597-scaled.jpg","width":2560,"height":1920},{"@type":"BreadcrumbList","@id":"https:\/\/www.phenixetdragon.net\/notre-ecole\/faq-kung-fu\/#breadcrumb","itemListElement":[{"@type":"ListItem","position":1,"name":"Accueil","item":"https:\/\/www.phenixetdragon.net\/"},{"@type":"ListItem","position":2,"name":"Notre \u00e9cole","item":"https:\/\/www.phenixetdragon.net\/notre-ecole\/"},{"@type":"ListItem","position":3,"name":"Forum aux questions &#8211; Kung Fu"}]},{"@type":"WebSite","@id":"https:\/\/www.phenixetdragon.net\/#website","url":"https:\/\/www.phenixetdragon.net\/","name":"Ph\u00e9nix et Dragon","description":"Arts Martiaux Chinois, Kung Fu, Taiji Quan, et Arts Energ\u00e9tiques, Qi Gong","publisher":{"@id":"https:\/\/www.phenixetdragon.net\/#organization"},"potentialAction":[{"@type":"SearchAction","target":{"@type":"EntryPoint","urlTemplate":"https:\/\/www.phenixetdragon.net\/?s={search_term_string}"},"query-input":{"@type":"PropertyValueSpecification","valueRequired":true,"valueName":"search_term_string"}}],"inLanguage":"en-GB"},{"@type":"Organization","@id":"https:\/\/www.phenixetdragon.net\/#organization","name":"Ph\u00e9nix et Dragon","url":"https:\/\/www.phenixetdragon.net\/","logo":{"@type":"ImageObject","inLanguage":"en-GB","@id":"https:\/\/www.phenixetdragon.net\/#\/schema\/logo\/image\/","url":"https:\/\/www.phenixetdragon.net\/wp-content\/uploads\/2021\/08\/logophenixdragon.png","contentUrl":"https:\/\/www.phenixetdragon.net\/wp-content\/uploads\/2021\/08\/logophenixdragon.png","width":674,"height":113,"caption":"Ph\u00e9nix et Dragon"},"image":{"@id":"https:\/\/www.phenixetdragon.net\/#\/schema\/logo\/image\/"},"sameAs":["https:\/\/fr-fr.facebook.com\/assoephedra\/","https:\/\/www.instagram.com\/ecolephenixetdragon\/"]}]}},"_links":{"self":[{"href":"https:\/\/www.phenixetdragon.net\/en\/wp-json\/wp\/v2\/pages\/3428","targetHints":{"allow":["GET"]}}],"collection":[{"href":"https:\/\/www.phenixetdragon.net\/en\/wp-json\/wp\/v2\/pages"}],"about":[{"href":"https:\/\/www.phenixetdragon.net\/en\/wp-json\/wp\/v2\/types\/page"}],"author":[{"embeddable":true,"href":"https:\/\/www.phenixetdragon.net\/en\/wp-json\/wp\/v2\/users\/1"}],"replies":[{"embeddable":true,"href":"https:\/\/www.phenixetdragon.net\/en\/wp-json\/wp\/v2\/comments?post=3428"}],"version-history":[{"count":13,"href":"https:\/\/www.phenixetdragon.net\/en\/wp-json\/wp\/v2\/pages\/3428\/revisions"}],"predecessor-version":[{"id":10379,"href":"https:\/\/www.phenixetdragon.net\/en\/wp-json\/wp\/v2\/pages\/3428\/revisions\/10379"}],"up":[{"embeddable":true,"href":"https:\/\/www.phenixetdragon.net\/en\/wp-json\/wp\/v2\/pages\/35"}],"wp:featuredmedia":[{"embeddable":true,"href":"https:\/\/www.phenixetdragon.net\/en\/wp-json\/wp\/v2\/media\/10373"}],"wp:attachment":[{"href":"https:\/\/www.phenixetdragon.net\/en\/wp-json\/wp\/v2\/media?parent=3428"}],"curies":[{"name":"wp","href":"https:\/\/api.w.org\/{rel}","templated":true}]}}