{"id":35,"date":"2021-08-03T21:10:20","date_gmt":"2021-08-03T19:10:20","guid":{"rendered":"https:\/\/portal.phenixetdragon.fr\/?page_id=35"},"modified":"2025-11-19T18:43:24","modified_gmt":"2025-11-19T17:43:24","slug":"notre-ecole","status":"publish","type":"page","link":"https:\/\/www.phenixetdragon.net\/en\/notre-ecole\/","title":{"rendered":"Notre \u00e9cole"},"content":{"rendered":"<p class=\"has-white-color has-blush-bordeaux-gradient-background has-text-color has-background has-link-color wp-elements-1a4e152f4db84601e41780d762fd83ae\">L&rsquo;\u00c9cole Ph\u00e9nix et Dragon, c\u2019est un collectif d\u2019associations en France et \u00e0 l\u2019\u00e9tranger : APAMC et ASCAM sur <a href=\"https:\/\/www.phenixetdragon.net\/paris\/\" target=\"_blank\" rel=\"noreferrer noopener\">Paris<\/a>, Wushu Feng en <a href=\"https:\/\/www.phenixetdragon.net\/wushufeng\/\" target=\"_blank\" rel=\"noreferrer noopener\">Dr\u00f4me \/ Ard\u00e8che<\/a>, Nofodra \u00e0 <a href=\"https:\/\/www.phenixetdragon.net\/nos-cours\/nofodra\/\" target=\"_blank\" rel=\"noreferrer noopener\">Oslo<\/a>, Yin Yang Wushu \u00e0 <a href=\"https:\/\/www.phenixetdragon.net\/nos-cours\/yinyangwushu\/\">Asni\u00e8res sur Seine<\/a> et Scarabel Wushu \u00e0 <a href=\"https:\/\/www.phenixetdragon.net\/nos-cours\/paris-scarabel-wushu\/\">Paris<\/a>.<\/p>\n\n\n\n<div class=\"wp-block-columns is-layout-flex wp-container-core-columns-is-layout-9d6595d7 wp-block-columns-is-layout-flex\">\n<div class=\"wp-block-column is-layout-flow wp-block-column-is-layout-flow\">\n<div class=\"wp-block-cover aligncenter is-light has-parallax\"><div class=\"wp-block-cover__image-background wp-image-8860 size-full has-parallax\" style=\"background-position:50% 50%;background-image:url(https:\/\/www.phenixetdragon.net\/wp-content\/uploads\/2025\/07\/WhatsApp-Image-2025-07-09-at-21.36.12-scaled.jpeg)\"><\/div><span aria-hidden=\"true\" class=\"wp-block-cover__background has-background-dim wp-block-cover__gradient-background has-background-gradient\" style=\"background-color:#8f9082;background:linear-gradient(135deg,rgba(252,185,0,0.34) 5%,rgba(255,106,0,0.43) 95%)\"><\/span><div class=\"wp-block-cover__inner-container is-layout-flow wp-block-cover-is-layout-flow\">\n<p class=\"has-text-align-center has-white-color has-text-color has-medium-font-size\"><strong>UN BON ESPRIT<\/strong><\/p>\n<\/div><\/div>\n\n\n\n<p class=\"has-text-align-center has-small-font-size\">\u00c0 l\u2019\u00c9cole Ph\u00e9nix et Dragon, l\u2019enseignement des arts martiaux chinois (Kung Fu,&nbsp;Taiji Quan) et pratiques \u00e9nerg\u00e9tiques (Qi Gong) privil\u00e9gie une approche traditionnelle, pr\u00e9cise et stimulante. Nos groupes s\u2019entra\u00eenent dans un esprit de camaraderie et d\u2019\u00e9mulation, sans mettre la priorit\u00e9 sur la comp\u00e9tition.<\/p>\n<\/div>\n\n\n\n<div class=\"wp-block-column is-layout-flow wp-block-column-is-layout-flow\">\n<div class=\"wp-block-cover aligncenter is-light has-parallax\"><div class=\"wp-block-cover__image-background wp-image-8970 size-full has-parallax\" style=\"background-position:50% 50%;background-image:url(https:\/\/www.phenixetdragon.net\/wp-content\/uploads\/2025\/07\/Capture-decran-2022-11-19-a-14.39.00-edited.png)\"><\/div><span aria-hidden=\"true\" class=\"wp-block-cover__background has-background-dim-70 has-background-dim wp-block-cover__gradient-background has-background-gradient\" style=\"background-color:#848c73;background:linear-gradient(135deg,rgb(255,245,203) 0%,rgba(182,227,212,0.56) 50%,rgba(51,168,181,0.65) 100%)\"><\/span><div class=\"wp-block-cover__inner-container is-layout-flow wp-block-cover-is-layout-flow\">\n<p class=\"has-text-align-center has-white-color has-text-color has-link-color has-medium-font-size wp-elements-e396bef1c325bad003cfdc13353f69a4\"><strong>DES ENSEIGNANTS QUALIFIES<\/strong><\/p>\n<\/div><\/div>\n\n\n\n<p class=\"has-text-align-center has-small-font-size\">Que vous fassiez du Kung Fu pour l\u2019\u00e9nergie du sport, du Taiji Quan ou du Qi Gong pour vous d\u00e9tendre, quelque soit votre \u00e2ge, vous b\u00e9n\u00e9ficiez d\u2019enseignants qualifi\u00e9s, souvent form\u00e9s dans les trois disciplines : une approche compl\u00e8te d\u2019une pratique extr\u00eamement enrichissante.<\/p>\n<\/div>\n\n\n\n<div class=\"wp-block-column is-layout-flow wp-block-column-is-layout-flow\">\n<div class=\"wp-block-cover aligncenter is-light has-parallax\"><div class=\"wp-block-cover__image-background wp-image-8234 size-large has-parallax\" style=\"background-position:50% 50%;background-image:url(https:\/\/www.phenixetdragon.net\/wp-content\/uploads\/2024\/06\/IMG_0597-1024x768.jpg)\"><\/div><span aria-hidden=\"true\" class=\"wp-block-cover__background has-background-dim wp-block-cover__gradient-background has-background-gradient\" style=\"background-color:#b4aa9a;background:linear-gradient(135deg,rgba(255,206,166,0.36) 12%,rgba(255,46,46,0.49) 51%,rgba(107,0,62,0.56) 94%)\"><\/span><div class=\"wp-block-cover__inner-container is-layout-flow wp-block-cover-is-layout-flow\">\n<p class=\"has-text-align-center has-white-color has-text-color has-medium-font-size\"><strong>UNE ECOLE VIVANTE, UN COLLECTIF<\/strong><\/p>\n<\/div><\/div>\n\n\n\n<p class=\"has-text-align-center has-small-font-size\">Chaque ann\u00e9e, nous organisons une s\u00e9rie de stages, de s\u00e9minaires de formation, une f\u00eate d\u2019hiver, un gala avec un tournoi international, sportif et festif (r\u00e9unissant tous les clubs de l\u2019\u00e9cole) et une d\u00e9monstrattion, et un summer camp !<\/p>\n<\/div>\n<\/div>\n\n\n\n<hr class=\"wp-block-separator has-alpha-channel-opacity\"\/>\n\n\n\n<p><em>Ph\u00e9nix &amp; Dragon, a school committed to teaching internal and external martial arts for all ages and levels.<\/em><\/p>","protected":false},"excerpt":{"rendered":"<p>L&rsquo;\u00c9cole Ph\u00e9nix et Dragon, c\u2019est un collectif d\u2019associations en France et \u00e0 l\u2019\u00e9tranger : APAMC et ASCAM sur Paris, Wushu Feng en Dr\u00f4me \/ Ard\u00e8che, Nofodra \u00e0 Oslo, Yin Yang Wushu \u00e0 Asni\u00e8res sur Seine et Scarabel Wushu \u00e0 Paris. \u00c0 l\u2019\u00c9cole Ph\u00e9nix et Dragon, l\u2019enseignement des arts martiaux chinois (Kung Fu,&nbsp;Taiji Quan) et pratiques &hellip; <\/p>","protected":false},"author":1,"featured_media":0,"parent":0,"menu_order":0,"comment_status":"closed","ping_status":"closed","template":"","meta":{"footnotes":""},"class_list":["post-35","page","type-page","status-publish","hentry","latest_post"],"yoast_head":"<!-- This site is optimized with the Yoast SEO plugin v26.3 - https:\/\/yoast.com\/wordpress\/plugins\/seo\/ -->\n<title>Notre \u00e9cole - Ph\u00e9nix et Dragon<\/title>\n<meta name=\"description\" content=\"L&#039;\u00c9cole Ph\u00e9nix et Dragon, c\u2019est un collectif d\u2019associations en France et \u00e0 l\u2019\u00e9tranger, avec un bon esprit et des enseignants qualifi\u00e9s!\" \/>\n<meta name=\"robots\" content=\"index, follow, max-snippet:-1, max-image-preview:large, max-video-preview:-1\" \/>\n<link rel=\"canonical\" href=\"https:\/\/www.phenixetdragon.net\/en\/notre-ecole\/\" \/>\n<meta property=\"og:locale\" content=\"en_GB\" \/>\n<meta property=\"og:type\" content=\"article\" \/>\n<meta property=\"og:title\" content=\"Notre \u00e9cole - Ph\u00e9nix et Dragon\" \/>\n<meta property=\"og:description\" content=\"L&#039;\u00c9cole Ph\u00e9nix et Dragon, c\u2019est un collectif d\u2019associations en France et \u00e0 l\u2019\u00e9tranger, avec un bon esprit et des enseignants qualifi\u00e9s!\" \/>\n<meta property=\"og:url\" content=\"https:\/\/www.phenixetdragon.net\/en\/notre-ecole\/\" \/>\n<meta property=\"og:site_name\" content=\"Ph\u00e9nix et Dragon\" \/>\n<meta property=\"article:publisher\" content=\"https:\/\/fr-fr.facebook.com\/assoephedra\/\" \/>\n<meta property=\"article:modified_time\" content=\"2025-11-19T17:43:24+00:00\" \/>\n<meta name=\"twitter:card\" content=\"summary_large_image\" \/>\n<meta name=\"twitter:label1\" content=\"Estimated reading time\" \/>\n\t<meta name=\"twitter:data1\" content=\"2 minutes\" \/>\n<script type=\"application\/ld+json\" class=\"yoast-schema-graph\">{\"@context\":\"https:\/\/schema.org\",\"@graph\":[{\"@type\":\"WebPage\",\"@id\":\"https:\/\/www.phenixetdragon.net\/notre-ecole\/\",\"url\":\"https:\/\/www.phenixetdragon.net\/notre-ecole\/\",\"name\":\"Notre \u00e9cole - Ph\u00e9nix et Dragon\",\"isPartOf\":{\"@id\":\"https:\/\/www.phenixetdragon.net\/#website\"},\"datePublished\":\"2021-08-03T19:10:20+00:00\",\"dateModified\":\"2025-11-19T17:43:24+00:00\",\"description\":\"L'\u00c9cole Ph\u00e9nix et Dragon, c\u2019est un collectif d\u2019associations en France et \u00e0 l\u2019\u00e9tranger, avec un bon esprit et des enseignants qualifi\u00e9s!\",\"breadcrumb\":{\"@id\":\"https:\/\/www.phenixetdragon.net\/notre-ecole\/#breadcrumb\"},\"inLanguage\":\"en-GB\",\"potentialAction\":[{\"@type\":\"ReadAction\",\"target\":[\"https:\/\/www.phenixetdragon.net\/notre-ecole\/\"]}]},{\"@type\":\"BreadcrumbList\",\"@id\":\"https:\/\/www.phenixetdragon.net\/notre-ecole\/#breadcrumb\",\"itemListElement\":[{\"@type\":\"ListItem\",\"position\":1,\"name\":\"Accueil\",\"item\":\"https:\/\/www.phenixetdragon.net\/\"},{\"@type\":\"ListItem\",\"position\":2,\"name\":\"Notre \u00e9cole\"}]},{\"@type\":\"WebSite\",\"@id\":\"https:\/\/www.phenixetdragon.net\/#website\",\"url\":\"https:\/\/www.phenixetdragon.net\/\",\"name\":\"Ph\u00e9nix et Dragon\",\"description\":\"Arts Martiaux Chinois, Kung Fu, Taiji Quan, et Arts Energ\u00e9tiques, Qi Gong\",\"publisher\":{\"@id\":\"https:\/\/www.phenixetdragon.net\/#organization\"},\"potentialAction\":[{\"@type\":\"SearchAction\",\"target\":{\"@type\":\"EntryPoint\",\"urlTemplate\":\"https:\/\/www.phenixetdragon.net\/?s={search_term_string}\"},\"query-input\":{\"@type\":\"PropertyValueSpecification\",\"valueRequired\":true,\"valueName\":\"search_term_string\"}}],\"inLanguage\":\"en-GB\"},{\"@type\":\"Organization\",\"@id\":\"https:\/\/www.phenixetdragon.net\/#organization\",\"name\":\"Ph\u00e9nix et Dragon\",\"url\":\"https:\/\/www.phenixetdragon.net\/\",\"logo\":{\"@type\":\"ImageObject\",\"inLanguage\":\"en-GB\",\"@id\":\"https:\/\/www.phenixetdragon.net\/#\/schema\/logo\/image\/\",\"url\":\"https:\/\/www.phenixetdragon.net\/wp-content\/uploads\/2021\/08\/logophenixdragon.png\",\"contentUrl\":\"https:\/\/www.phenixetdragon.net\/wp-content\/uploads\/2021\/08\/logophenixdragon.png\",\"width\":674,\"height\":113,\"caption\":\"Ph\u00e9nix et Dragon\"},\"image\":{\"@id\":\"https:\/\/www.phenixetdragon.net\/#\/schema\/logo\/image\/\"},\"sameAs\":[\"https:\/\/fr-fr.facebook.com\/assoephedra\/\",\"https:\/\/www.instagram.com\/ecolephenixetdragon\/\"]}]}<\/script>\n<!-- \/ Yoast SEO plugin. -->","yoast_head_json":{"title":"Notre \u00e9cole - Ph\u00e9nix et Dragon","description":"L'\u00c9cole Ph\u00e9nix et Dragon, c\u2019est un collectif d\u2019associations en France et \u00e0 l\u2019\u00e9tranger, avec un bon esprit et des enseignants qualifi\u00e9s!","robots":{"index":"index","follow":"follow","max-snippet":"max-snippet:-1","max-image-preview":"max-image-preview:large","max-video-preview":"max-video-preview:-1"},"canonical":"https:\/\/www.phenixetdragon.net\/en\/notre-ecole\/","og_locale":"en_GB","og_type":"article","og_title":"Notre \u00e9cole - Ph\u00e9nix et Dragon","og_description":"L'\u00c9cole Ph\u00e9nix et Dragon, c\u2019est un collectif d\u2019associations en France et \u00e0 l\u2019\u00e9tranger, avec un bon esprit et des enseignants qualifi\u00e9s!","og_url":"https:\/\/www.phenixetdragon.net\/en\/notre-ecole\/","og_site_name":"Ph\u00e9nix et Dragon","article_publisher":"https:\/\/fr-fr.facebook.com\/assoephedra\/","article_modified_time":"2025-11-19T17:43:24+00:00","twitter_card":"summary_large_image","twitter_misc":{"Estimated reading time":"2 minutes"},"schema":{"@context":"https:\/\/schema.org","@graph":[{"@type":"WebPage","@id":"https:\/\/www.phenixetdragon.net\/notre-ecole\/","url":"https:\/\/www.phenixetdragon.net\/notre-ecole\/","name":"Notre \u00e9cole - Ph\u00e9nix et Dragon","isPartOf":{"@id":"https:\/\/www.phenixetdragon.net\/#website"},"datePublished":"2021-08-03T19:10:20+00:00","dateModified":"2025-11-19T17:43:24+00:00","description":"L'\u00c9cole Ph\u00e9nix et Dragon, c\u2019est un collectif d\u2019associations en France et \u00e0 l\u2019\u00e9tranger, avec un bon esprit et des enseignants qualifi\u00e9s!","breadcrumb":{"@id":"https:\/\/www.phenixetdragon.net\/notre-ecole\/#breadcrumb"},"inLanguage":"en-GB","potentialAction":[{"@type":"ReadAction","target":["https:\/\/www.phenixetdragon.net\/notre-ecole\/"]}]},{"@type":"BreadcrumbList","@id":"https:\/\/www.phenixetdragon.net\/notre-ecole\/#breadcrumb","itemListElement":[{"@type":"ListItem","position":1,"name":"Accueil","item":"https:\/\/www.phenixetdragon.net\/"},{"@type":"ListItem","position":2,"name":"Notre \u00e9cole"}]},{"@type":"WebSite","@id":"https:\/\/www.phenixetdragon.net\/#website","url":"https:\/\/www.phenixetdragon.net\/","name":"Ph\u00e9nix et Dragon","description":"Arts Martiaux Chinois, Kung Fu, Taiji Quan, et Arts Energ\u00e9tiques, Qi Gong","publisher":{"@id":"https:\/\/www.phenixetdragon.net\/#organization"},"potentialAction":[{"@type":"SearchAction","target":{"@type":"EntryPoint","urlTemplate":"https:\/\/www.phenixetdragon.net\/?s={search_term_string}"},"query-input":{"@type":"PropertyValueSpecification","valueRequired":true,"valueName":"search_term_string"}}],"inLanguage":"en-GB"},{"@type":"Organization","@id":"https:\/\/www.phenixetdragon.net\/#organization","name":"Ph\u00e9nix et Dragon","url":"https:\/\/www.phenixetdragon.net\/","logo":{"@type":"ImageObject","inLanguage":"en-GB","@id":"https:\/\/www.phenixetdragon.net\/#\/schema\/logo\/image\/","url":"https:\/\/www.phenixetdragon.net\/wp-content\/uploads\/2021\/08\/logophenixdragon.png","contentUrl":"https:\/\/www.phenixetdragon.net\/wp-content\/uploads\/2021\/08\/logophenixdragon.png","width":674,"height":113,"caption":"Ph\u00e9nix et Dragon"},"image":{"@id":"https:\/\/www.phenixetdragon.net\/#\/schema\/logo\/image\/"},"sameAs":["https:\/\/fr-fr.facebook.com\/assoephedra\/","https:\/\/www.instagram.com\/ecolephenixetdragon\/"]}]}},"_links":{"self":[{"href":"https:\/\/www.phenixetdragon.net\/en\/wp-json\/wp\/v2\/pages\/35","targetHints":{"allow":["GET"]}}],"collection":[{"href":"https:\/\/www.phenixetdragon.net\/en\/wp-json\/wp\/v2\/pages"}],"about":[{"href":"https:\/\/www.phenixetdragon.net\/en\/wp-json\/wp\/v2\/types\/page"}],"author":[{"embeddable":true,"href":"https:\/\/www.phenixetdragon.net\/en\/wp-json\/wp\/v2\/users\/1"}],"replies":[{"embeddable":true,"href":"https:\/\/www.phenixetdragon.net\/en\/wp-json\/wp\/v2\/comments?post=35"}],"version-history":[{"count":25,"href":"https:\/\/www.phenixetdragon.net\/en\/wp-json\/wp\/v2\/pages\/35\/revisions"}],"predecessor-version":[{"id":10411,"href":"https:\/\/www.phenixetdragon.net\/en\/wp-json\/wp\/v2\/pages\/35\/revisions\/10411"}],"wp:attachment":[{"href":"https:\/\/www.phenixetdragon.net\/en\/wp-json\/wp\/v2\/media?parent=35"}],"curies":[{"name":"wp","href":"https:\/\/api.w.org\/{rel}","templated":true}]}}