{"id":57,"date":"2021-10-02T15:04:46","date_gmt":"2021-10-02T13:04:46","guid":{"rendered":"https:\/\/portal.phenixetdragon.fr\/?page_id=57"},"modified":"2025-11-05T15:10:06","modified_gmt":"2025-11-05T14:10:06","slug":"yinyangwushu","status":"publish","type":"page","link":"https:\/\/www.phenixetdragon.net\/en\/nos-cours\/yinyangwushu\/","title":{"rendered":"ASNIERES-SUR-SEINE (Yin-Yang Wushu)"},"content":{"rendered":"<h1 class=\"wp-block-heading has-vivid-red-color has-text-color has-link-color has-medium-font-size wp-elements-c08d237eeb7d619816251a9e5929b7bf\"><strong>L\u2019ASSOCIATION YIN-YANG WUSHU \u00c0 ASNI\u00c8RES-SUR-SEINE<\/strong><\/h1>\n\n\n\n<p>yinyangwushu@gmail.com, <a href=\"https:\/\/www.phenixetdragon.net\/philippe-aubourg\/\" target=\"_blank\" rel=\"noreferrer noopener\">Philippe Aubourg<\/a> au 06 20 60 18 93<\/p>\n\n\n\n<h1 class=\"wp-block-heading has-vivid-red-color has-text-color has-link-color has-medium-font-size wp-elements-db809dd1ba1c83789918fd3c0a677c2f\"><strong>COURS DE KUNG FU ENFANTS<\/strong><\/h1>\n\n\n\n<ul class=\"wp-block-list\">\n<li><strong>Pour les enfants et ados \u00e0 partir de 8 ans, rentr\u00e9e depuis le 13\/09\/2025<\/strong><\/li>\n\n\n\n<li><strong>Le samedi matin 10h15-11h30 au gymnase Auguste Renoir,&nbsp;<\/strong> 2 rue du capitaine Brossard (pr\u00e8s de l\u2019entr\u00e9e de la caserne des pompiers, \u00e0 3mn du m\u00e9tro les Agnettes)<\/li>\n\n\n\n<li>Journ\u00e9e portes ouvertes cours parents-enfants 1 fois par trimestre<\/li>\n\n\n\n<li><strong>Tarif annuel: 160\u20ac&nbsp;<\/strong>(adh\u00e9sion + cotisation annuelle + licence f\u00e9d\u00e9rale)&nbsp;<\/li>\n\n\n\n<li>Tenue :\n<ul class=\"wp-block-list\">\n<li>Pr\u00e9voir un pantalon \u00e0 25\u20ac, des chaussures (rythmics)<\/li>\n\n\n\n<li>Nous fournissons un tee shirt Phenix et Dragon avec l\u2019inscription; le tee-shirt suppl\u00e9mentaire est \u00e0 12\u20ac<\/li>\n\n\n\n<li>Vous pouvez aussi \u00e9quiper votre enfant d\u2019une tenue de kungfu du commerce, noire, unie<\/li>\n<\/ul>\n<\/li>\n\n\n\n<li><strong>\u00c9quipement<\/strong>: nunchaku en mousse entre 10 et 15\u20ac, gants de boxe entre 20 et 30\u20ac, \u00e0 voir avec le prof<\/li>\n\n\n\n<li><strong>Pas de cours enfants pendant les vacances scolaires, et sur 3 weekends de stages\/formation des profs<\/strong>.<\/li>\n\n\n\n<li>Participation aux activit\u00e9s de l\u2019\u00e9cole Phenix et Dragon, notamment la f\u00eate d\u2019hiver et le <strong>gala de fin d\u2019ann\u00e9e en juin<\/strong><\/li>\n\n\n\n<li><strong>Inscriptions&nbsp;sur <\/strong><a href=\"https:\/\/www.helloasso.com\/associations\/yin-yang-wushu\" target=\"_blank\" rel=\"noreferrer noopener\"><strong>https:\/\/www.helloasso.com\/associations\/yin-yang-wushu<\/strong><\/a><\/li>\n\n\n\n<li>Remplir le <a href=\"https:\/\/www.phenixetdragon.net\/wp-content\/uploads\/2025\/09\/questionnaire_sante_sportif_mineur.pdf\" target=\"_blank\" rel=\"noopener\">questionnaire de sant\u00e9 Cerfa<\/a> et fournir lors de l&rsquo;inscription la garantie de r\u00e9ponse n\u00e9gative aux questions, ou, en cas de r\u00e9ponses positives,&nbsp;fournir un certificat m\u00e9dical de non contre-indication \u00e0 la pratique des arts martiaux chinois<\/li>\n<\/ul>\n\n\n\n<h1 class=\"wp-block-heading has-vivid-red-color has-text-color has-link-color has-medium-font-size wp-elements-948998662b57333968539044249c77da\"><strong>COURS DE QI GONG et TAIJI QUAN<\/strong><\/h1>\n\n\n\n<ul class=\"wp-block-list\">\n<li><strong>Cours adultes<\/strong> le dimanche matin en plein air ou en gymnase, rentr\u00e9e le 7\/9\/2025\n<ul class=\"wp-block-list\">\n<li><strong><span style=\"color: #339966;\">de 10h \u00e0 11h15 en hebdomadaire, en plein air au parc Joffre <span style=\"color: #000000;\">ou au gymnase des Bruy\u00e8res&nbsp;<\/span><\/span> suivant la m\u00e9t\u00e9o<\/strong><\/li>\n\n\n\n<li><strong>1 atelier par mois de 9h30 \u00e0 11h30, au gymnase des Bruy\u00e8res<\/strong><\/li>\n<\/ul>\n<\/li>\n\n\n\n<li><strong>Lieu des cours&nbsp;<\/strong>\n<ul class=\"wp-block-list\">\n<li><strong>Square Mar\u00e9chal&nbsp;Joffre<\/strong>&nbsp;: pelouses nord pr\u00e8s du terrain, entr\u00e9e place Jean-Jacques Rousseau<\/li>\n\n\n\n<li><strong>Gymnase les Bruy\u00e8res<\/strong> : place Saint-Charles ou 30 Av. de la Lauziere, 92600 Asni\u00e8res-sur-Seine, <strong>derri\u00e8re la chapelle<\/strong><\/li>\n<\/ul>\n<\/li>\n\n\n\n<li><strong>Planning<\/strong>\n<ul class=\"wp-block-list\">\n<li>Cours \u00e0 partir de d\u00e9but septembre&nbsp;<\/li>\n\n\n\n<li>Cours \u00e0 9h30 au gymnase les Bruy\u00e8res : dates \u00e0 venir sur la saison 25-26<\/li>\n\n\n\n<li><strong>Pas de cours les dimanches des dates de formation et stages<\/strong> de l\u2019\u00e9cole Phenix et Dragon&nbsp; et quelques weekend de pont<\/li>\n\n\n\n<li><em>Le planning des cours est pr\u00e9vu pour permettre&nbsp; \u00e0 ceux qui le souhaitent et s\u2019y inscrivent&nbsp; de participer \u00e0 la formation et aux stages de l\u2019\u00e9cole Phenix et Dragon.<\/em><\/li>\n<\/ul>\n<\/li>\n\n\n\n<li><strong>Registration<\/strong>&nbsp; <strong>et Tarifs<\/strong> sur <a href=\"https:\/\/www.helloasso.com\/associations\/yin-yang-wushu\" target=\"_blank\" rel=\"noreferrer noopener\">https:\/\/www.helloasso.com\/associations\/yin-yang-wushu<\/a>\n<ul class=\"wp-block-list\">\n<li>&nbsp;<strong>Inscription conjointe \u00e0 Yin-Yang Wushu et \u00e0 la formation Phenix et Dragon Tao et Sant\u00e9 en Taiji et Qi Gong : 900 \u20ac,<\/strong> qui donne aussi droit aux cours des associations parisiennes APAMC et ASCAM<\/li>\n\n\n\n<li>Remplir le&nbsp;<a href=\"https:\/\/www.phenixetdragon.net\/wp-content\/uploads\/2025\/09\/questionnairedesantesport-cerfa_15699-01.pdf\" target=\"_blank\" rel=\"noopener\">questionnaire de sant\u00e9 Cerfa 15699<\/a> et fournir lors de l&rsquo;inscription la garantie de r\u00e9ponse n\u00e9gative aux questions, ou, en cas de r\u00e9ponses positives,&nbsp; fournir un certificat m\u00e9dical de non contre-indication \u00e0 la pratique des arts martiaux et \u00e9nerg\u00e9tique chinois<\/li>\n\n\n\n<li><strong>Tenue<\/strong>\n<ul class=\"wp-block-list\">\n<li>Pr\u00e9voir un pantalon \u00e0 25\u20ac pour le gymnase, des chaussures (rythmics)<\/li>\n\n\n\n<li>Nous fournissons un tee-shirt Phenix et Dragon avec l\u2019inscription; le tee-shirt suppl\u00e9mentaire est \u00e0 12\u20ac&nbsp;<\/li>\n\n\n\n<li>\u00c9quipement \u00e9ventuel \u00e0 voir en suppl\u00e9ment : \u00e9ventail, \u00e9p\u00e9e<\/li>\n<\/ul>\n<\/li>\n<\/ul>\n<\/li>\n<\/ul>\n\n\n\n<div class=\"wp-block-columns is-layout-flex wp-container-core-columns-is-layout-9d6595d7 wp-block-columns-is-layout-flex\">\n<div class=\"wp-block-column is-layout-flow wp-block-column-is-layout-flow\">\n<figure class=\"wp-block-image size-large\"><img decoding=\"async\" src=\"data:image\/gif;base64,R0lGODlhAQABAAAAACH5BAEKAAEALAAAAAABAAEAAAICTAEAOw==\" data-layzr=\"https:\/\/www.phenixetdragon.net\/wp-content\/uploads\/2025\/07\/IMG_9466-768x1024.jpg\" alt=\"\" class=\"wp-image-8931\"\/><\/figure>\n<\/div>\n\n\n\n<div class=\"wp-block-column is-layout-flow wp-block-column-is-layout-flow\">\n<figure class=\"wp-block-image size-full is-resized\"><img decoding=\"async\" src=\"data:image\/gif;base64,R0lGODlhAQABAAAAACH5BAEKAAEALAAAAAABAAEAAAICTAEAOw==\" data-layzr=\"https:\/\/www.phenixetdragon.net\/wp-content\/uploads\/2025\/07\/PhilippeGrue-edited.jpg\" alt=\"\" class=\"wp-image-9068\" style=\"width:416px;height:auto\"\/><\/figure>\n<\/div>\n<\/div>","protected":false},"excerpt":{"rendered":"<p>L\u2019ASSOCIATION YIN-YANG WUSHU \u00c0 ASNI\u00c8RES-SUR-SEINE yinyangwushu@gmail.com, Philippe Aubourg au 06 20 60 18 93 COURS DE KUNG FU ENFANTS COURS DE QI GONG et TAIJI QUAN<\/p>","protected":false},"author":1,"featured_media":8828,"parent":10003,"menu_order":0,"comment_status":"closed","ping_status":"closed","template":"","meta":{"footnotes":""},"class_list":["post-57","page","type-page","status-publish","has-post-thumbnail","hentry","latest_post"],"yoast_head":"<!-- This site is optimized with the Yoast SEO plugin v26.3 - https:\/\/yoast.com\/wordpress\/plugins\/seo\/ -->\n<title>ASNIERES-SUR-SEINE (Yin-Yang Wushu) - Ph\u00e9nix et Dragon<\/title>\n<meta name=\"description\" content=\"Yin-Yang Wushu, \u00e0 Asni\u00e8res-sur-Seine, cours de Qi Gong et Taiji Quan le dimanche matin de 10h \u00e0 11h, dans le parc Joffre au centre, cours de Kung Fu enfants le samedi\" \/>\n<meta name=\"robots\" content=\"index, follow, max-snippet:-1, max-image-preview:large, max-video-preview:-1\" \/>\n<link rel=\"canonical\" href=\"https:\/\/www.phenixetdragon.net\/en\/nos-cours\/yinyangwushu\/\" \/>\n<meta property=\"og:locale\" content=\"en_GB\" \/>\n<meta property=\"og:type\" content=\"article\" \/>\n<meta property=\"og:title\" content=\"ASNIERES-SUR-SEINE (Yin-Yang Wushu) - Ph\u00e9nix et Dragon\" \/>\n<meta property=\"og:description\" content=\"Yin-Yang Wushu, \u00e0 Asni\u00e8res-sur-Seine, cours de Qi Gong et Taiji Quan le dimanche matin de 10h \u00e0 11h, dans le parc Joffre au centre, cours de Kung Fu enfants le samedi\" \/>\n<meta property=\"og:url\" content=\"https:\/\/www.phenixetdragon.net\/en\/nos-cours\/yinyangwushu\/\" \/>\n<meta property=\"og:site_name\" content=\"Ph\u00e9nix et Dragon\" \/>\n<meta property=\"article:publisher\" content=\"https:\/\/fr-fr.facebook.com\/assoephedra\/\" \/>\n<meta property=\"article:modified_time\" content=\"2025-11-05T14:10:06+00:00\" \/>\n<meta property=\"og:image\" content=\"https:\/\/www.phenixetdragon.net\/wp-content\/uploads\/2025\/06\/PhilippeGrueBlanche2Cerisier.jpeg\" \/>\n\t<meta property=\"og:image:width\" content=\"1111\" \/>\n\t<meta property=\"og:image:height\" content=\"2033\" \/>\n\t<meta property=\"og:image:type\" content=\"image\/jpeg\" \/>\n<meta name=\"twitter:card\" content=\"summary_large_image\" \/>\n<meta name=\"twitter:label1\" content=\"Estimated reading time\" \/>\n\t<meta name=\"twitter:data1\" content=\"1 minute\" \/>\n<script type=\"application\/ld+json\" class=\"yoast-schema-graph\">{\"@context\":\"https:\/\/schema.org\",\"@graph\":[{\"@type\":\"WebPage\",\"@id\":\"https:\/\/www.phenixetdragon.net\/nos-cours\/yinyangwushu\/\",\"url\":\"https:\/\/www.phenixetdragon.net\/nos-cours\/yinyangwushu\/\",\"name\":\"ASNIERES-SUR-SEINE (Yin-Yang Wushu) - Ph\u00e9nix et Dragon\",\"isPartOf\":{\"@id\":\"https:\/\/www.phenixetdragon.net\/#website\"},\"primaryImageOfPage\":{\"@id\":\"https:\/\/www.phenixetdragon.net\/nos-cours\/yinyangwushu\/#primaryimage\"},\"image\":{\"@id\":\"https:\/\/www.phenixetdragon.net\/nos-cours\/yinyangwushu\/#primaryimage\"},\"thumbnailUrl\":\"https:\/\/www.phenixetdragon.net\/wp-content\/uploads\/2025\/06\/PhilippeGrueBlanche2Cerisier.jpeg\",\"datePublished\":\"2021-10-02T13:04:46+00:00\",\"dateModified\":\"2025-11-05T14:10:06+00:00\",\"description\":\"Yin-Yang Wushu, \u00e0 Asni\u00e8res-sur-Seine, cours de Qi Gong et Taiji Quan le dimanche matin de 10h \u00e0 11h, dans le parc Joffre au centre, cours de Kung Fu enfants le samedi\",\"breadcrumb\":{\"@id\":\"https:\/\/www.phenixetdragon.net\/nos-cours\/yinyangwushu\/#breadcrumb\"},\"inLanguage\":\"en-GB\",\"potentialAction\":[{\"@type\":\"ReadAction\",\"target\":[\"https:\/\/www.phenixetdragon.net\/nos-cours\/yinyangwushu\/\"]}]},{\"@type\":\"ImageObject\",\"inLanguage\":\"en-GB\",\"@id\":\"https:\/\/www.phenixetdragon.net\/nos-cours\/yinyangwushu\/#primaryimage\",\"url\":\"https:\/\/www.phenixetdragon.net\/wp-content\/uploads\/2025\/06\/PhilippeGrueBlanche2Cerisier.jpeg\",\"contentUrl\":\"https:\/\/www.phenixetdragon.net\/wp-content\/uploads\/2025\/06\/PhilippeGrueBlanche2Cerisier.jpeg\",\"width\":1111,\"height\":2033},{\"@type\":\"BreadcrumbList\",\"@id\":\"https:\/\/www.phenixetdragon.net\/nos-cours\/yinyangwushu\/#breadcrumb\",\"itemListElement\":[{\"@type\":\"ListItem\",\"position\":1,\"name\":\"Accueil\",\"item\":\"https:\/\/www.phenixetdragon.net\/\"},{\"@type\":\"ListItem\",\"position\":2,\"name\":\"Nos Cours\",\"item\":\"https:\/\/www.phenixetdragon.net\/nos-cours\/\"},{\"@type\":\"ListItem\",\"position\":3,\"name\":\"ASNIERES-SUR-SEINE (Yin-Yang Wushu)\"}]},{\"@type\":\"WebSite\",\"@id\":\"https:\/\/www.phenixetdragon.net\/#website\",\"url\":\"https:\/\/www.phenixetdragon.net\/\",\"name\":\"Ph\u00e9nix et Dragon\",\"description\":\"Arts Martiaux Chinois, Kung Fu, Taiji Quan, et Arts Energ\u00e9tiques, Qi Gong\",\"publisher\":{\"@id\":\"https:\/\/www.phenixetdragon.net\/#organization\"},\"potentialAction\":[{\"@type\":\"SearchAction\",\"target\":{\"@type\":\"EntryPoint\",\"urlTemplate\":\"https:\/\/www.phenixetdragon.net\/?s={search_term_string}\"},\"query-input\":{\"@type\":\"PropertyValueSpecification\",\"valueRequired\":true,\"valueName\":\"search_term_string\"}}],\"inLanguage\":\"en-GB\"},{\"@type\":\"Organization\",\"@id\":\"https:\/\/www.phenixetdragon.net\/#organization\",\"name\":\"Ph\u00e9nix et Dragon\",\"url\":\"https:\/\/www.phenixetdragon.net\/\",\"logo\":{\"@type\":\"ImageObject\",\"inLanguage\":\"en-GB\",\"@id\":\"https:\/\/www.phenixetdragon.net\/#\/schema\/logo\/image\/\",\"url\":\"https:\/\/www.phenixetdragon.net\/wp-content\/uploads\/2021\/08\/logophenixdragon.png\",\"contentUrl\":\"https:\/\/www.phenixetdragon.net\/wp-content\/uploads\/2021\/08\/logophenixdragon.png\",\"width\":674,\"height\":113,\"caption\":\"Ph\u00e9nix et Dragon\"},\"image\":{\"@id\":\"https:\/\/www.phenixetdragon.net\/#\/schema\/logo\/image\/\"},\"sameAs\":[\"https:\/\/fr-fr.facebook.com\/assoephedra\/\",\"https:\/\/www.instagram.com\/ecolephenixetdragon\/\"]}]}<\/script>\n<!-- \/ Yoast SEO plugin. -->","yoast_head_json":{"title":"ASNIERES-SUR-SEINE (Yin-Yang Wushu) - Ph\u00e9nix et Dragon","description":"Yin-Yang Wushu, \u00e0 Asni\u00e8res-sur-Seine, cours de Qi Gong et Taiji Quan le dimanche matin de 10h \u00e0 11h, dans le parc Joffre au centre, cours de Kung Fu enfants le samedi","robots":{"index":"index","follow":"follow","max-snippet":"max-snippet:-1","max-image-preview":"max-image-preview:large","max-video-preview":"max-video-preview:-1"},"canonical":"https:\/\/www.phenixetdragon.net\/en\/nos-cours\/yinyangwushu\/","og_locale":"en_GB","og_type":"article","og_title":"ASNIERES-SUR-SEINE (Yin-Yang Wushu) - Ph\u00e9nix et Dragon","og_description":"Yin-Yang Wushu, \u00e0 Asni\u00e8res-sur-Seine, cours de Qi Gong et Taiji Quan le dimanche matin de 10h \u00e0 11h, dans le parc Joffre au centre, cours de Kung Fu enfants le samedi","og_url":"https:\/\/www.phenixetdragon.net\/en\/nos-cours\/yinyangwushu\/","og_site_name":"Ph\u00e9nix et Dragon","article_publisher":"https:\/\/fr-fr.facebook.com\/assoephedra\/","article_modified_time":"2025-11-05T14:10:06+00:00","og_image":[{"width":1111,"height":2033,"url":"https:\/\/www.phenixetdragon.net\/wp-content\/uploads\/2025\/06\/PhilippeGrueBlanche2Cerisier.jpeg","type":"image\/jpeg"}],"twitter_card":"summary_large_image","twitter_misc":{"Estimated reading time":"1 minute"},"schema":{"@context":"https:\/\/schema.org","@graph":[{"@type":"WebPage","@id":"https:\/\/www.phenixetdragon.net\/nos-cours\/yinyangwushu\/","url":"https:\/\/www.phenixetdragon.net\/nos-cours\/yinyangwushu\/","name":"ASNIERES-SUR-SEINE (Yin-Yang Wushu) - Ph\u00e9nix et Dragon","isPartOf":{"@id":"https:\/\/www.phenixetdragon.net\/#website"},"primaryImageOfPage":{"@id":"https:\/\/www.phenixetdragon.net\/nos-cours\/yinyangwushu\/#primaryimage"},"image":{"@id":"https:\/\/www.phenixetdragon.net\/nos-cours\/yinyangwushu\/#primaryimage"},"thumbnailUrl":"https:\/\/www.phenixetdragon.net\/wp-content\/uploads\/2025\/06\/PhilippeGrueBlanche2Cerisier.jpeg","datePublished":"2021-10-02T13:04:46+00:00","dateModified":"2025-11-05T14:10:06+00:00","description":"Yin-Yang Wushu, \u00e0 Asni\u00e8res-sur-Seine, cours de Qi Gong et Taiji Quan le dimanche matin de 10h \u00e0 11h, dans le parc Joffre au centre, cours de Kung Fu enfants le samedi","breadcrumb":{"@id":"https:\/\/www.phenixetdragon.net\/nos-cours\/yinyangwushu\/#breadcrumb"},"inLanguage":"en-GB","potentialAction":[{"@type":"ReadAction","target":["https:\/\/www.phenixetdragon.net\/nos-cours\/yinyangwushu\/"]}]},{"@type":"ImageObject","inLanguage":"en-GB","@id":"https:\/\/www.phenixetdragon.net\/nos-cours\/yinyangwushu\/#primaryimage","url":"https:\/\/www.phenixetdragon.net\/wp-content\/uploads\/2025\/06\/PhilippeGrueBlanche2Cerisier.jpeg","contentUrl":"https:\/\/www.phenixetdragon.net\/wp-content\/uploads\/2025\/06\/PhilippeGrueBlanche2Cerisier.jpeg","width":1111,"height":2033},{"@type":"BreadcrumbList","@id":"https:\/\/www.phenixetdragon.net\/nos-cours\/yinyangwushu\/#breadcrumb","itemListElement":[{"@type":"ListItem","position":1,"name":"Accueil","item":"https:\/\/www.phenixetdragon.net\/"},{"@type":"ListItem","position":2,"name":"Nos Cours","item":"https:\/\/www.phenixetdragon.net\/nos-cours\/"},{"@type":"ListItem","position":3,"name":"ASNIERES-SUR-SEINE (Yin-Yang Wushu)"}]},{"@type":"WebSite","@id":"https:\/\/www.phenixetdragon.net\/#website","url":"https:\/\/www.phenixetdragon.net\/","name":"Ph\u00e9nix et Dragon","description":"Arts Martiaux Chinois, Kung Fu, Taiji Quan, et Arts Energ\u00e9tiques, Qi Gong","publisher":{"@id":"https:\/\/www.phenixetdragon.net\/#organization"},"potentialAction":[{"@type":"SearchAction","target":{"@type":"EntryPoint","urlTemplate":"https:\/\/www.phenixetdragon.net\/?s={search_term_string}"},"query-input":{"@type":"PropertyValueSpecification","valueRequired":true,"valueName":"search_term_string"}}],"inLanguage":"en-GB"},{"@type":"Organization","@id":"https:\/\/www.phenixetdragon.net\/#organization","name":"Ph\u00e9nix et Dragon","url":"https:\/\/www.phenixetdragon.net\/","logo":{"@type":"ImageObject","inLanguage":"en-GB","@id":"https:\/\/www.phenixetdragon.net\/#\/schema\/logo\/image\/","url":"https:\/\/www.phenixetdragon.net\/wp-content\/uploads\/2021\/08\/logophenixdragon.png","contentUrl":"https:\/\/www.phenixetdragon.net\/wp-content\/uploads\/2021\/08\/logophenixdragon.png","width":674,"height":113,"caption":"Ph\u00e9nix et Dragon"},"image":{"@id":"https:\/\/www.phenixetdragon.net\/#\/schema\/logo\/image\/"},"sameAs":["https:\/\/fr-fr.facebook.com\/assoephedra\/","https:\/\/www.instagram.com\/ecolephenixetdragon\/"]}]}},"_links":{"self":[{"href":"https:\/\/www.phenixetdragon.net\/en\/wp-json\/wp\/v2\/pages\/57","targetHints":{"allow":["GET"]}}],"collection":[{"href":"https:\/\/www.phenixetdragon.net\/en\/wp-json\/wp\/v2\/pages"}],"about":[{"href":"https:\/\/www.phenixetdragon.net\/en\/wp-json\/wp\/v2\/types\/page"}],"author":[{"embeddable":true,"href":"https:\/\/www.phenixetdragon.net\/en\/wp-json\/wp\/v2\/users\/1"}],"replies":[{"embeddable":true,"href":"https:\/\/www.phenixetdragon.net\/en\/wp-json\/wp\/v2\/comments?post=57"}],"version-history":[{"count":103,"href":"https:\/\/www.phenixetdragon.net\/en\/wp-json\/wp\/v2\/pages\/57\/revisions"}],"predecessor-version":[{"id":10082,"href":"https:\/\/www.phenixetdragon.net\/en\/wp-json\/wp\/v2\/pages\/57\/revisions\/10082"}],"up":[{"embeddable":true,"href":"https:\/\/www.phenixetdragon.net\/en\/wp-json\/wp\/v2\/pages\/10003"}],"wp:featuredmedia":[{"embeddable":true,"href":"https:\/\/www.phenixetdragon.net\/en\/wp-json\/wp\/v2\/media\/8828"}],"wp:attachment":[{"href":"https:\/\/www.phenixetdragon.net\/en\/wp-json\/wp\/v2\/media?parent=57"}],"curies":[{"name":"wp","href":"https:\/\/api.w.org\/{rel}","templated":true}]}}