{"id":5904,"date":"2022-07-01T09:21:55","date_gmt":"2022-07-01T07:21:55","guid":{"rendered":"https:\/\/www.phenixetdragon.net\/?page_id=5904"},"modified":"2022-07-01T09:28:28","modified_gmt":"2022-07-01T07:28:28","slug":"politique-de-confidentialite-2","status":"publish","type":"page","link":"https:\/\/www.phenixetdragon.net\/en\/politique-de-confidentialite-2\/","title":{"rendered":"Politique de confidentialit\u00e9"},"content":{"rendered":"<p>Les donn\u00e9es pr\u00e9sentes sur le pr\u00e9sent formulaire sont sauvegard\u00e9es dans un fichier informatis\u00e9 par Ephedra dont le d\u00e9l\u00e9gu\u00e9 \u00e0 la protection des donn\u00e9es est Matteo Pepe pour envoi de newsletter. <\/p>\n\n\n\n<p>Les renseignements rassembl\u00e9s seront communiqu\u00e9s aux seuls destinataires n\u00e9cessaires. Ces donn\u00e9es feront l\u2019objet de traitement dans notre d\u00e9partement commercial et seront transmises \u00e0 certains de nos prestataires. <\/p>\n\n\n\n<p>Vos informations seront conserv\u00e9es pour un d\u00e9lai 3 ans. Vous gardez un droit de regard sur vos informations. Vous pourrez y acc\u00e9der, les rectifier, demander leur modification et suppression et exercer votre droit \u00e0 la limitation du traitement, \u00e0 tout moment. Pour cela, vous pourriez contacter notre Service juridique&nbsp;:<\/p>\n\n\n\n<ul class=\"wp-block-list\"><li>Par mail au&nbsp;: phenixetdragon@gmail.com&nbsp;;<\/li><li>Par courrier postal \u00e0 l\u2019adresse c\/o MeetingPoint, 45 rue Alexandre-Dumas, 75011 Paris.<\/li><\/ul>\n\n\n\n<p>Aussi, vous pouvez retirer votre consentement au traitement de vos donn\u00e9es \u00e0 tout moment ou vous opposer au traitement de vos donn\u00e9es. Vous pouvez \u00e9galement exercer un droit \u00e0 la portabilit\u00e9 sur vos donn\u00e9es personnelles.<\/p>\n\n\n\n<p>Si apr\u00e8s avoir contact\u00e9 notre service juridique, vous constatez que vos droits \u00ab&nbsp;Informatiques et Libert\u00e9s&nbsp;\u00bb ne sont pas respect\u00e9s, vous pourrez adresser une r\u00e9clamation \u00e0 la Commission nationale de l\u2019Informatique et des Libert\u00e9s ou CNIL, 3 Places de Fontenoy, 75007 Paris.<\/p>","protected":false},"excerpt":{"rendered":"<p>Les donn\u00e9es pr\u00e9sentes sur le pr\u00e9sent formulaire sont sauvegard\u00e9es dans un fichier informatis\u00e9 par Ephedra dont le d\u00e9l\u00e9gu\u00e9 \u00e0 la protection des donn\u00e9es est Matteo Pepe pour envoi de newsletter. Les renseignements rassembl\u00e9s seront communiqu\u00e9s aux seuls destinataires n\u00e9cessaires. Ces donn\u00e9es feront l\u2019objet de traitement dans notre d\u00e9partement commercial et seront transmises \u00e0 certains de &hellip; <\/p>","protected":false},"author":1,"featured_media":0,"parent":0,"menu_order":0,"comment_status":"closed","ping_status":"closed","template":"","meta":{"footnotes":""},"class_list":["post-5904","page","type-page","status-publish","hentry","latest_post"],"yoast_head":"<!-- This site is optimized with the Yoast SEO plugin v26.3 - https:\/\/yoast.com\/wordpress\/plugins\/seo\/ -->\n<title>Politique de confidentialit\u00e9 - Ph\u00e9nix et Dragon<\/title>\n<meta name=\"robots\" content=\"index, follow, max-snippet:-1, max-image-preview:large, max-video-preview:-1\" \/>\n<link rel=\"canonical\" href=\"https:\/\/www.phenixetdragon.net\/en\/politique-de-confidentialite-2\/\" \/>\n<meta property=\"og:locale\" content=\"en_GB\" \/>\n<meta property=\"og:type\" content=\"article\" \/>\n<meta property=\"og:title\" content=\"Politique de confidentialit\u00e9 - Ph\u00e9nix et Dragon\" \/>\n<meta property=\"og:description\" content=\"Les donn\u00e9es pr\u00e9sentes sur le pr\u00e9sent formulaire sont sauvegard\u00e9es dans un fichier informatis\u00e9 par Ephedra dont le d\u00e9l\u00e9gu\u00e9 \u00e0 la protection des donn\u00e9es est Matteo Pepe pour envoi de newsletter. Les renseignements rassembl\u00e9s seront communiqu\u00e9s aux seuls destinataires n\u00e9cessaires. Ces donn\u00e9es feront l\u2019objet de traitement dans notre d\u00e9partement commercial et seront transmises \u00e0 certains de &hellip;\" \/>\n<meta property=\"og:url\" content=\"https:\/\/www.phenixetdragon.net\/en\/politique-de-confidentialite-2\/\" \/>\n<meta property=\"og:site_name\" content=\"Ph\u00e9nix et Dragon\" \/>\n<meta property=\"article:publisher\" content=\"https:\/\/fr-fr.facebook.com\/assoephedra\/\" \/>\n<meta property=\"article:modified_time\" content=\"2022-07-01T07:28:28+00:00\" \/>\n<meta name=\"twitter:card\" content=\"summary_large_image\" \/>\n<meta name=\"twitter:label1\" content=\"Estimated reading time\" \/>\n\t<meta name=\"twitter:data1\" content=\"2 minutes\" \/>\n<script type=\"application\/ld+json\" class=\"yoast-schema-graph\">{\"@context\":\"https:\/\/schema.org\",\"@graph\":[{\"@type\":\"WebPage\",\"@id\":\"https:\/\/www.phenixetdragon.net\/politique-de-confidentialite-2\/\",\"url\":\"https:\/\/www.phenixetdragon.net\/politique-de-confidentialite-2\/\",\"name\":\"Politique de confidentialit\u00e9 - Ph\u00e9nix et Dragon\",\"isPartOf\":{\"@id\":\"https:\/\/www.phenixetdragon.net\/#website\"},\"datePublished\":\"2022-07-01T07:21:55+00:00\",\"dateModified\":\"2022-07-01T07:28:28+00:00\",\"breadcrumb\":{\"@id\":\"https:\/\/www.phenixetdragon.net\/politique-de-confidentialite-2\/#breadcrumb\"},\"inLanguage\":\"en-GB\",\"potentialAction\":[{\"@type\":\"ReadAction\",\"target\":[\"https:\/\/www.phenixetdragon.net\/politique-de-confidentialite-2\/\"]}]},{\"@type\":\"BreadcrumbList\",\"@id\":\"https:\/\/www.phenixetdragon.net\/politique-de-confidentialite-2\/#breadcrumb\",\"itemListElement\":[{\"@type\":\"ListItem\",\"position\":1,\"name\":\"Accueil\",\"item\":\"https:\/\/www.phenixetdragon.net\/\"},{\"@type\":\"ListItem\",\"position\":2,\"name\":\"Politique de confidentialit\u00e9\"}]},{\"@type\":\"WebSite\",\"@id\":\"https:\/\/www.phenixetdragon.net\/#website\",\"url\":\"https:\/\/www.phenixetdragon.net\/\",\"name\":\"Ph\u00e9nix et Dragon\",\"description\":\"Arts Martiaux Chinois, Kung Fu, Taiji Quan, et Arts Energ\u00e9tiques, Qi Gong\",\"publisher\":{\"@id\":\"https:\/\/www.phenixetdragon.net\/#organization\"},\"potentialAction\":[{\"@type\":\"SearchAction\",\"target\":{\"@type\":\"EntryPoint\",\"urlTemplate\":\"https:\/\/www.phenixetdragon.net\/?s={search_term_string}\"},\"query-input\":{\"@type\":\"PropertyValueSpecification\",\"valueRequired\":true,\"valueName\":\"search_term_string\"}}],\"inLanguage\":\"en-GB\"},{\"@type\":\"Organization\",\"@id\":\"https:\/\/www.phenixetdragon.net\/#organization\",\"name\":\"Ph\u00e9nix et Dragon\",\"url\":\"https:\/\/www.phenixetdragon.net\/\",\"logo\":{\"@type\":\"ImageObject\",\"inLanguage\":\"en-GB\",\"@id\":\"https:\/\/www.phenixetdragon.net\/#\/schema\/logo\/image\/\",\"url\":\"https:\/\/www.phenixetdragon.net\/wp-content\/uploads\/2021\/08\/logophenixdragon.png\",\"contentUrl\":\"https:\/\/www.phenixetdragon.net\/wp-content\/uploads\/2021\/08\/logophenixdragon.png\",\"width\":674,\"height\":113,\"caption\":\"Ph\u00e9nix et Dragon\"},\"image\":{\"@id\":\"https:\/\/www.phenixetdragon.net\/#\/schema\/logo\/image\/\"},\"sameAs\":[\"https:\/\/fr-fr.facebook.com\/assoephedra\/\",\"https:\/\/www.instagram.com\/ecolephenixetdragon\/\"]}]}<\/script>\n<!-- \/ Yoast SEO plugin. -->","yoast_head_json":{"title":"Politique de confidentialit\u00e9 - Ph\u00e9nix et Dragon","robots":{"index":"index","follow":"follow","max-snippet":"max-snippet:-1","max-image-preview":"max-image-preview:large","max-video-preview":"max-video-preview:-1"},"canonical":"https:\/\/www.phenixetdragon.net\/en\/politique-de-confidentialite-2\/","og_locale":"en_GB","og_type":"article","og_title":"Politique de confidentialit\u00e9 - Ph\u00e9nix et Dragon","og_description":"Les donn\u00e9es pr\u00e9sentes sur le pr\u00e9sent formulaire sont sauvegard\u00e9es dans un fichier informatis\u00e9 par Ephedra dont le d\u00e9l\u00e9gu\u00e9 \u00e0 la protection des donn\u00e9es est Matteo Pepe pour envoi de newsletter. Les renseignements rassembl\u00e9s seront communiqu\u00e9s aux seuls destinataires n\u00e9cessaires. Ces donn\u00e9es feront l\u2019objet de traitement dans notre d\u00e9partement commercial et seront transmises \u00e0 certains de &hellip;","og_url":"https:\/\/www.phenixetdragon.net\/en\/politique-de-confidentialite-2\/","og_site_name":"Ph\u00e9nix et Dragon","article_publisher":"https:\/\/fr-fr.facebook.com\/assoephedra\/","article_modified_time":"2022-07-01T07:28:28+00:00","twitter_card":"summary_large_image","twitter_misc":{"Estimated reading time":"2 minutes"},"schema":{"@context":"https:\/\/schema.org","@graph":[{"@type":"WebPage","@id":"https:\/\/www.phenixetdragon.net\/politique-de-confidentialite-2\/","url":"https:\/\/www.phenixetdragon.net\/politique-de-confidentialite-2\/","name":"Politique de confidentialit\u00e9 - Ph\u00e9nix et Dragon","isPartOf":{"@id":"https:\/\/www.phenixetdragon.net\/#website"},"datePublished":"2022-07-01T07:21:55+00:00","dateModified":"2022-07-01T07:28:28+00:00","breadcrumb":{"@id":"https:\/\/www.phenixetdragon.net\/politique-de-confidentialite-2\/#breadcrumb"},"inLanguage":"en-GB","potentialAction":[{"@type":"ReadAction","target":["https:\/\/www.phenixetdragon.net\/politique-de-confidentialite-2\/"]}]},{"@type":"BreadcrumbList","@id":"https:\/\/www.phenixetdragon.net\/politique-de-confidentialite-2\/#breadcrumb","itemListElement":[{"@type":"ListItem","position":1,"name":"Accueil","item":"https:\/\/www.phenixetdragon.net\/"},{"@type":"ListItem","position":2,"name":"Politique de confidentialit\u00e9"}]},{"@type":"WebSite","@id":"https:\/\/www.phenixetdragon.net\/#website","url":"https:\/\/www.phenixetdragon.net\/","name":"Ph\u00e9nix et Dragon","description":"Arts Martiaux Chinois, Kung Fu, Taiji Quan, et Arts Energ\u00e9tiques, Qi Gong","publisher":{"@id":"https:\/\/www.phenixetdragon.net\/#organization"},"potentialAction":[{"@type":"SearchAction","target":{"@type":"EntryPoint","urlTemplate":"https:\/\/www.phenixetdragon.net\/?s={search_term_string}"},"query-input":{"@type":"PropertyValueSpecification","valueRequired":true,"valueName":"search_term_string"}}],"inLanguage":"en-GB"},{"@type":"Organization","@id":"https:\/\/www.phenixetdragon.net\/#organization","name":"Ph\u00e9nix et Dragon","url":"https:\/\/www.phenixetdragon.net\/","logo":{"@type":"ImageObject","inLanguage":"en-GB","@id":"https:\/\/www.phenixetdragon.net\/#\/schema\/logo\/image\/","url":"https:\/\/www.phenixetdragon.net\/wp-content\/uploads\/2021\/08\/logophenixdragon.png","contentUrl":"https:\/\/www.phenixetdragon.net\/wp-content\/uploads\/2021\/08\/logophenixdragon.png","width":674,"height":113,"caption":"Ph\u00e9nix et Dragon"},"image":{"@id":"https:\/\/www.phenixetdragon.net\/#\/schema\/logo\/image\/"},"sameAs":["https:\/\/fr-fr.facebook.com\/assoephedra\/","https:\/\/www.instagram.com\/ecolephenixetdragon\/"]}]}},"_links":{"self":[{"href":"https:\/\/www.phenixetdragon.net\/en\/wp-json\/wp\/v2\/pages\/5904","targetHints":{"allow":["GET"]}}],"collection":[{"href":"https:\/\/www.phenixetdragon.net\/en\/wp-json\/wp\/v2\/pages"}],"about":[{"href":"https:\/\/www.phenixetdragon.net\/en\/wp-json\/wp\/v2\/types\/page"}],"author":[{"embeddable":true,"href":"https:\/\/www.phenixetdragon.net\/en\/wp-json\/wp\/v2\/users\/1"}],"replies":[{"embeddable":true,"href":"https:\/\/www.phenixetdragon.net\/en\/wp-json\/wp\/v2\/comments?post=5904"}],"version-history":[{"count":2,"href":"https:\/\/www.phenixetdragon.net\/en\/wp-json\/wp\/v2\/pages\/5904\/revisions"}],"predecessor-version":[{"id":6633,"href":"https:\/\/www.phenixetdragon.net\/en\/wp-json\/wp\/v2\/pages\/5904\/revisions\/6633"}],"wp:attachment":[{"href":"https:\/\/www.phenixetdragon.net\/en\/wp-json\/wp\/v2\/media?parent=5904"}],"curies":[{"name":"wp","href":"https:\/\/api.w.org\/{rel}","templated":true}]}}