{"id":6061,"date":"2022-03-20T16:07:10","date_gmt":"2022-03-20T15:07:10","guid":{"rendered":"https:\/\/portal.phenixetdragon.fr\/?page_id=6061"},"modified":"2026-01-16T23:16:21","modified_gmt":"2026-01-16T22:16:21","slug":"matteo-pepe","status":"publish","type":"page","link":"https:\/\/www.phenixetdragon.net\/en\/notre-ecole\/instructeurs\/matteo-pepe\/","title":{"rendered":"Matteo Pepe"},"content":{"rendered":"<p>Je suis n\u00e9 le 26 avril 1962 en Espagne. Puis j\u2019ai v\u00e9cu \u00e0 Rome. <\/p>\n\n\n\n<p>J\u2019ai fait toute ma scolarit\u00e9 \u00e0 Paris. Au coll\u00e8ge, j\u2019ai fait connaissance avec des amis chinois qui ont aiguis\u00e9 ma curiosit\u00e9. <\/p>\n\n\n\n<p>Je pratique les arts martiaux chinois depuis plusieurs dizaines d&rsquo;ann\u00e9es&#8230; Je suis all\u00e9 en Chine de nombreuses fois. J\u2019ai le dipl\u00f4me d\u2019\u00c9tat pour enseigner les arts martiaux chinois depuis 1996. J\u2019ai \u00e9galement le 5e duan de l\u2019universit\u00e9 des Sports de Beijing. Je suis dipl\u00f4m\u00e9 du centre de Daoyin Yangsheng Gong de P\u00e9kin, et \u00e9galement de la f\u00e9d\u00e9ration europ\u00e9enne de Qi Gong depuis &#8230; un moment ! Depuis 1993 l\u2019\u00e9l\u00e8ve direct en Qi Gong du professeur Zhang Guang De, consid\u00e9r\u00e9 en Chine comme un \u00ab Tr\u00e9sor vivant \u00bb pour son travail de cr\u00e9ation d\u2019une forme moderne de Qi Gong, le Daoyin Yangsheng Gong. Aujourd\u2019hui, plus de 5 millions de personnes pratiquent ce Qi Gong constitu\u00e9 d\u2019une s\u00e9rie d\u2019exercices physiques, respiratoires et psychiques bas\u00e9s sur les principes de la m\u00e9decine traditionnelle chinoise. En 2007, lors d\u2019une c\u00e9r\u00e9monie d\u2019initiation, je suis devenu l\u2019un des \u00e9l\u00e8ves les plus proches du Prof. Zhang Guang De.<\/p>\n\n\n\n<p>Au-del\u00e0 des cours hebdomadaires, c\u2019est dans la <a href=\"https:\/\/www.phenixetdragon.net\/formation-tao-et-sante\/\">Formation Tao et Sant\u00e9 <\/a>que j\u2019assure \u00e0 Paris que je peux le mieux partager ma passion du Kung Fu, du Taiji et du Qi Gong. Anim\u00e9 d\u2019une r\u00e9elle volont\u00e9 de transmettre, j&rsquo;ai anim\u00e9 et organis\u00e9 depuis 25 ans de tr\u00e8s nombreux stages de Kung Fu, de Taiji et de Qi Gong en France, en Italie, en Espagne, en Norv\u00e8ge, en Mongolie, au Niger et en Chine.&nbsp;<\/p>\n\n\n\n<p>Dans ma vie professionnelle, je suis Praticien de M\u00e9decine Traditionnelle Chinoise. Je mets des aiguilles, mais je suis \u00e9galement Ost\u00e9opathe (qui ne fait pas craquer). <\/p>\n\n\n\n<p>J\u2019ai deux grands enfants et deux plus petits. <\/p>\n\n\n\n<p>Pour mettre en pratique ma philosophie de la vie, j\u2019ai \u00e9crit un livre qui s\u2019appelle \u00ab Prendre sa Sant\u00e9 en Main \u00bb. <\/p>\n\n\n\n<p>Lorsque je suis \u00e0 mon cabinet, je m\u2019int\u00e9resse beaucoup \u00e0 l\u2019alimentation et \u00e0 l\u2019\u00e9quilibre des \u00e9nergies et des \u00e9motions. \u00c9videmment, j\u2019en parle aussi pendant les cours.<\/p>\n\n\n\n<p>Mes deux devises actuelles : \u00ab Ne parlez pas de vos efforts, parlez de vos r\u00e9sultats \u00bb et \u00ab Devenir de plus en plus sensible, pour \u00eatre de moins en moins vuln\u00e9rable \u00bb.<\/p>\n\n\n\n<p>Je vous raconterai tout \u00e7a pendant les cours, si vous \u00eates int\u00e9ress\u00e9s !<\/p>\n\n\n\n<figure class=\"wp-block-image size-full\"><img decoding=\"async\" src=\"data:image\/gif;base64,R0lGODlhAQABAAAAACH5BAEKAAEALAAAAAABAAEAAAICTAEAOw==\" data-layzr=\"https:\/\/www.phenixetdragon.net\/wp-content\/uploads\/2022\/06\/Capture-de\u0301cran-2022-06-29-a\u0300-10.47.15.png\" alt=\"\" class=\"wp-image-6450\"\/><\/figure>","protected":false},"excerpt":{"rendered":"<p>Je suis n\u00e9 le 26 avril 1962 en Espagne. Puis j\u2019ai v\u00e9cu \u00e0 Rome. J\u2019ai fait toute ma scolarit\u00e9 \u00e0 Paris. Au coll\u00e8ge, j\u2019ai fait connaissance avec des amis chinois qui ont aiguis\u00e9 ma curiosit\u00e9. Je pratique les arts martiaux chinois depuis plusieurs dizaines d&rsquo;ann\u00e9es&#8230; Je suis all\u00e9 en Chine de nombreuses fois. J\u2019ai le &hellip; <\/p>","protected":false},"author":1,"featured_media":0,"parent":7645,"menu_order":0,"comment_status":"closed","ping_status":"closed","template":"","meta":{"footnotes":""},"class_list":["post-6061","page","type-page","status-publish","hentry","latest_post"],"yoast_head":"<!-- This site is optimized with the Yoast SEO plugin v26.3 - https:\/\/yoast.com\/wordpress\/plugins\/seo\/ -->\n<title>Matteo Pepe - Ph\u00e9nix et Dragon<\/title>\n<meta name=\"description\" content=\"D\u00e9couvrez Matteo Pepe, instructeur de Qi Gong, Taiji Quan &amp; Kung Fu \u00e0 l&#039;Ecole Ph\u00e9nix &amp; Dragon : de nombreuses ann\u00e9es de pratique, d&#039;accompagnement des adultes\/enfants\/ados, et engagement dans la transmission des arts martiaux chinois.\" \/>\n<meta name=\"robots\" content=\"index, follow, max-snippet:-1, max-image-preview:large, max-video-preview:-1\" \/>\n<link rel=\"canonical\" href=\"https:\/\/www.phenixetdragon.net\/en\/notre-ecole\/instructeurs\/matteo-pepe\/\" \/>\n<meta property=\"og:locale\" content=\"en_GB\" \/>\n<meta property=\"og:type\" content=\"article\" \/>\n<meta property=\"og:title\" content=\"Matteo Pepe - Ph\u00e9nix et Dragon\" \/>\n<meta property=\"og:description\" content=\"D\u00e9couvrez Matteo Pepe, instructeur de Qi Gong, Taiji Quan &amp; Kung Fu \u00e0 l&#039;Ecole Ph\u00e9nix &amp; Dragon : de nombreuses ann\u00e9es de pratique, d&#039;accompagnement des adultes\/enfants\/ados, et engagement dans la transmission des arts martiaux chinois.\" \/>\n<meta property=\"og:url\" content=\"https:\/\/www.phenixetdragon.net\/en\/notre-ecole\/instructeurs\/matteo-pepe\/\" \/>\n<meta property=\"og:site_name\" content=\"Ph\u00e9nix et Dragon\" \/>\n<meta property=\"article:publisher\" content=\"https:\/\/fr-fr.facebook.com\/assoephedra\/\" \/>\n<meta property=\"article:modified_time\" content=\"2026-01-16T22:16:21+00:00\" \/>\n<meta name=\"twitter:card\" content=\"summary_large_image\" \/>\n<meta name=\"twitter:label1\" content=\"Estimated reading time\" \/>\n\t<meta name=\"twitter:data1\" content=\"2 minutes\" \/>\n<script type=\"application\/ld+json\" class=\"yoast-schema-graph\">{\"@context\":\"https:\/\/schema.org\",\"@graph\":[{\"@type\":\"WebPage\",\"@id\":\"https:\/\/www.phenixetdragon.net\/notre-ecole\/instructeurs\/matteo-pepe\/\",\"url\":\"https:\/\/www.phenixetdragon.net\/notre-ecole\/instructeurs\/matteo-pepe\/\",\"name\":\"Matteo Pepe - Ph\u00e9nix et Dragon\",\"isPartOf\":{\"@id\":\"https:\/\/www.phenixetdragon.net\/#website\"},\"datePublished\":\"2022-03-20T15:07:10+00:00\",\"dateModified\":\"2026-01-16T22:16:21+00:00\",\"description\":\"D\u00e9couvrez Matteo Pepe, instructeur de Qi Gong, Taiji Quan & Kung Fu \u00e0 l'Ecole Ph\u00e9nix & Dragon : de nombreuses ann\u00e9es de pratique, d'accompagnement des adultes\/enfants\/ados, et engagement dans la transmission des arts martiaux chinois.\",\"breadcrumb\":{\"@id\":\"https:\/\/www.phenixetdragon.net\/notre-ecole\/instructeurs\/matteo-pepe\/#breadcrumb\"},\"inLanguage\":\"en-GB\",\"potentialAction\":[{\"@type\":\"ReadAction\",\"target\":[\"https:\/\/www.phenixetdragon.net\/notre-ecole\/instructeurs\/matteo-pepe\/\"]}]},{\"@type\":\"BreadcrumbList\",\"@id\":\"https:\/\/www.phenixetdragon.net\/notre-ecole\/instructeurs\/matteo-pepe\/#breadcrumb\",\"itemListElement\":[{\"@type\":\"ListItem\",\"position\":1,\"name\":\"Accueil\",\"item\":\"https:\/\/www.phenixetdragon.net\/\"},{\"@type\":\"ListItem\",\"position\":2,\"name\":\"Notre \u00e9cole\",\"item\":\"https:\/\/www.phenixetdragon.net\/notre-ecole\/\"},{\"@type\":\"ListItem\",\"position\":3,\"name\":\"Instructeurs &#8211; Ph\u00e9nix et Dragon\",\"item\":\"https:\/\/www.phenixetdragon.net\/notre-ecole\/instructeurs\/\"},{\"@type\":\"ListItem\",\"position\":4,\"name\":\"Matteo Pepe\"}]},{\"@type\":\"WebSite\",\"@id\":\"https:\/\/www.phenixetdragon.net\/#website\",\"url\":\"https:\/\/www.phenixetdragon.net\/\",\"name\":\"Ph\u00e9nix et Dragon\",\"description\":\"Arts Martiaux Chinois, Kung Fu, Taiji Quan, et Arts Energ\u00e9tiques, Qi Gong\",\"publisher\":{\"@id\":\"https:\/\/www.phenixetdragon.net\/#organization\"},\"potentialAction\":[{\"@type\":\"SearchAction\",\"target\":{\"@type\":\"EntryPoint\",\"urlTemplate\":\"https:\/\/www.phenixetdragon.net\/?s={search_term_string}\"},\"query-input\":{\"@type\":\"PropertyValueSpecification\",\"valueRequired\":true,\"valueName\":\"search_term_string\"}}],\"inLanguage\":\"en-GB\"},{\"@type\":\"Organization\",\"@id\":\"https:\/\/www.phenixetdragon.net\/#organization\",\"name\":\"Ph\u00e9nix et Dragon\",\"url\":\"https:\/\/www.phenixetdragon.net\/\",\"logo\":{\"@type\":\"ImageObject\",\"inLanguage\":\"en-GB\",\"@id\":\"https:\/\/www.phenixetdragon.net\/#\/schema\/logo\/image\/\",\"url\":\"https:\/\/www.phenixetdragon.net\/wp-content\/uploads\/2021\/08\/logophenixdragon.png\",\"contentUrl\":\"https:\/\/www.phenixetdragon.net\/wp-content\/uploads\/2021\/08\/logophenixdragon.png\",\"width\":674,\"height\":113,\"caption\":\"Ph\u00e9nix et Dragon\"},\"image\":{\"@id\":\"https:\/\/www.phenixetdragon.net\/#\/schema\/logo\/image\/\"},\"sameAs\":[\"https:\/\/fr-fr.facebook.com\/assoephedra\/\",\"https:\/\/www.instagram.com\/ecolephenixetdragon\/\"]}]}<\/script>\n<!-- \/ Yoast SEO plugin. -->","yoast_head_json":{"title":"Matteo Pepe - Ph\u00e9nix et Dragon","description":"D\u00e9couvrez Matteo Pepe, instructeur de Qi Gong, Taiji Quan & Kung Fu \u00e0 l'Ecole Ph\u00e9nix & Dragon : de nombreuses ann\u00e9es de pratique, d'accompagnement des adultes\/enfants\/ados, et engagement dans la transmission des arts martiaux chinois.","robots":{"index":"index","follow":"follow","max-snippet":"max-snippet:-1","max-image-preview":"max-image-preview:large","max-video-preview":"max-video-preview:-1"},"canonical":"https:\/\/www.phenixetdragon.net\/en\/notre-ecole\/instructeurs\/matteo-pepe\/","og_locale":"en_GB","og_type":"article","og_title":"Matteo Pepe - Ph\u00e9nix et Dragon","og_description":"D\u00e9couvrez Matteo Pepe, instructeur de Qi Gong, Taiji Quan & Kung Fu \u00e0 l'Ecole Ph\u00e9nix & Dragon : de nombreuses ann\u00e9es de pratique, d'accompagnement des adultes\/enfants\/ados, et engagement dans la transmission des arts martiaux chinois.","og_url":"https:\/\/www.phenixetdragon.net\/en\/notre-ecole\/instructeurs\/matteo-pepe\/","og_site_name":"Ph\u00e9nix et Dragon","article_publisher":"https:\/\/fr-fr.facebook.com\/assoephedra\/","article_modified_time":"2026-01-16T22:16:21+00:00","twitter_card":"summary_large_image","twitter_misc":{"Estimated reading time":"2 minutes"},"schema":{"@context":"https:\/\/schema.org","@graph":[{"@type":"WebPage","@id":"https:\/\/www.phenixetdragon.net\/notre-ecole\/instructeurs\/matteo-pepe\/","url":"https:\/\/www.phenixetdragon.net\/notre-ecole\/instructeurs\/matteo-pepe\/","name":"Matteo Pepe - Ph\u00e9nix et Dragon","isPartOf":{"@id":"https:\/\/www.phenixetdragon.net\/#website"},"datePublished":"2022-03-20T15:07:10+00:00","dateModified":"2026-01-16T22:16:21+00:00","description":"D\u00e9couvrez Matteo Pepe, instructeur de Qi Gong, Taiji Quan & Kung Fu \u00e0 l'Ecole Ph\u00e9nix & Dragon : de nombreuses ann\u00e9es de pratique, d'accompagnement des adultes\/enfants\/ados, et engagement dans la transmission des arts martiaux chinois.","breadcrumb":{"@id":"https:\/\/www.phenixetdragon.net\/notre-ecole\/instructeurs\/matteo-pepe\/#breadcrumb"},"inLanguage":"en-GB","potentialAction":[{"@type":"ReadAction","target":["https:\/\/www.phenixetdragon.net\/notre-ecole\/instructeurs\/matteo-pepe\/"]}]},{"@type":"BreadcrumbList","@id":"https:\/\/www.phenixetdragon.net\/notre-ecole\/instructeurs\/matteo-pepe\/#breadcrumb","itemListElement":[{"@type":"ListItem","position":1,"name":"Accueil","item":"https:\/\/www.phenixetdragon.net\/"},{"@type":"ListItem","position":2,"name":"Notre \u00e9cole","item":"https:\/\/www.phenixetdragon.net\/notre-ecole\/"},{"@type":"ListItem","position":3,"name":"Instructeurs &#8211; Ph\u00e9nix et Dragon","item":"https:\/\/www.phenixetdragon.net\/notre-ecole\/instructeurs\/"},{"@type":"ListItem","position":4,"name":"Matteo Pepe"}]},{"@type":"WebSite","@id":"https:\/\/www.phenixetdragon.net\/#website","url":"https:\/\/www.phenixetdragon.net\/","name":"Ph\u00e9nix et Dragon","description":"Arts Martiaux Chinois, Kung Fu, Taiji Quan, et Arts Energ\u00e9tiques, Qi Gong","publisher":{"@id":"https:\/\/www.phenixetdragon.net\/#organization"},"potentialAction":[{"@type":"SearchAction","target":{"@type":"EntryPoint","urlTemplate":"https:\/\/www.phenixetdragon.net\/?s={search_term_string}"},"query-input":{"@type":"PropertyValueSpecification","valueRequired":true,"valueName":"search_term_string"}}],"inLanguage":"en-GB"},{"@type":"Organization","@id":"https:\/\/www.phenixetdragon.net\/#organization","name":"Ph\u00e9nix et Dragon","url":"https:\/\/www.phenixetdragon.net\/","logo":{"@type":"ImageObject","inLanguage":"en-GB","@id":"https:\/\/www.phenixetdragon.net\/#\/schema\/logo\/image\/","url":"https:\/\/www.phenixetdragon.net\/wp-content\/uploads\/2021\/08\/logophenixdragon.png","contentUrl":"https:\/\/www.phenixetdragon.net\/wp-content\/uploads\/2021\/08\/logophenixdragon.png","width":674,"height":113,"caption":"Ph\u00e9nix et Dragon"},"image":{"@id":"https:\/\/www.phenixetdragon.net\/#\/schema\/logo\/image\/"},"sameAs":["https:\/\/fr-fr.facebook.com\/assoephedra\/","https:\/\/www.instagram.com\/ecolephenixetdragon\/"]}]}},"_links":{"self":[{"href":"https:\/\/www.phenixetdragon.net\/en\/wp-json\/wp\/v2\/pages\/6061","targetHints":{"allow":["GET"]}}],"collection":[{"href":"https:\/\/www.phenixetdragon.net\/en\/wp-json\/wp\/v2\/pages"}],"about":[{"href":"https:\/\/www.phenixetdragon.net\/en\/wp-json\/wp\/v2\/types\/page"}],"author":[{"embeddable":true,"href":"https:\/\/www.phenixetdragon.net\/en\/wp-json\/wp\/v2\/users\/1"}],"replies":[{"embeddable":true,"href":"https:\/\/www.phenixetdragon.net\/en\/wp-json\/wp\/v2\/comments?post=6061"}],"version-history":[{"count":11,"href":"https:\/\/www.phenixetdragon.net\/en\/wp-json\/wp\/v2\/pages\/6061\/revisions"}],"predecessor-version":[{"id":9964,"href":"https:\/\/www.phenixetdragon.net\/en\/wp-json\/wp\/v2\/pages\/6061\/revisions\/9964"}],"up":[{"embeddable":true,"href":"https:\/\/www.phenixetdragon.net\/en\/wp-json\/wp\/v2\/pages\/7645"}],"wp:attachment":[{"href":"https:\/\/www.phenixetdragon.net\/en\/wp-json\/wp\/v2\/media?parent=6061"}],"curies":[{"name":"wp","href":"https:\/\/api.w.org\/{rel}","templated":true}]}}