{"id":6069,"date":"2022-03-20T16:20:37","date_gmt":"2022-03-20T15:20:37","guid":{"rendered":"https:\/\/portal.phenixetdragon.fr\/?page_id=6069"},"modified":"2025-10-12T22:11:47","modified_gmt":"2025-10-12T20:11:47","slug":"erwan-delbarre","status":"publish","type":"page","link":"https:\/\/www.phenixetdragon.net\/en\/notre-ecole\/instructeurs\/erwan-delbarre\/","title":{"rendered":"Erwan Delbarre"},"content":{"rendered":"<p>Bonjour ! Je m\u2019appelle donc Erwan, et vis \u00e0 Oslo, en Norv\u00e8ge, depuis une quinzaine d&rsquo;ann\u00e9es. J\u2019y ai ouvert une association d\u2019arts martiaux chinois et Qi Gong en 2007, NOF\u00d8DRA, que vous pouvez d\u00e9couvrir en consultant sa page web :&nbsp;<a href=\"http:\/\/www.nofodra.com\/\" rel=\"nofollow\">www.nofodra.com<\/a>. A bient\u00f4t.<\/p>\n\n\n\n<figure class=\"wp-block-image size-large\"><img decoding=\"async\" src=\"data:image\/gif;base64,R0lGODlhAQABAAAAACH5BAEKAAEALAAAAAABAAEAAAICTAEAOw==\" data-layzr=\"https:\/\/www.phenixetdragon.net\/wp-content\/uploads\/2022\/06\/Capture-de\u0301cran-2022-06-29-a\u0300-10.47.04-1022x1024.png\" alt=\"\" class=\"wp-image-6452\"\/><\/figure>\n\n\n\n<figure class=\"wp-block-image size-large is-resized\"><img decoding=\"async\" src=\"data:image\/gif;base64,R0lGODlhAQABAAAAACH5BAEKAAEALAAAAAABAAEAAAICTAEAOw==\" data-layzr=\"https:\/\/www.phenixetdragon.net\/wp-content\/uploads\/2025\/07\/IMG_9552-768x1024.jpg\" alt=\"\" class=\"wp-image-8870\" style=\"width:839px;height:auto\"\/><\/figure>","protected":false},"excerpt":{"rendered":"<p>Bonjour ! Je m\u2019appelle donc Erwan, et vis \u00e0 Oslo, en Norv\u00e8ge, depuis une quinzaine d&rsquo;ann\u00e9es. J\u2019y ai ouvert une association d\u2019arts martiaux chinois et Qi Gong en 2007, NOF\u00d8DRA, que vous pouvez d\u00e9couvrir en consultant sa page web :&nbsp;www.nofodra.com. A bient\u00f4t.<\/p>","protected":false},"author":1,"featured_media":0,"parent":7645,"menu_order":0,"comment_status":"closed","ping_status":"closed","template":"","meta":{"footnotes":""},"class_list":["post-6069","page","type-page","status-publish","hentry","latest_post"],"yoast_head":"<!-- This site is optimized with the Yoast SEO plugin v26.3 - https:\/\/yoast.com\/wordpress\/plugins\/seo\/ -->\n<title>Erwan Delbarre - Ph\u00e9nix et Dragon<\/title>\n<meta name=\"description\" content=\"D\u00e9couvrez Erwan Delbarre, instructeur de Taiji Quan, de Qi Gong, et de Taiji \u00e0 Nofodra, de l&#039;Ecole Ph\u00e9nix &amp; Dragon.\" \/>\n<meta name=\"robots\" content=\"index, follow, max-snippet:-1, max-image-preview:large, max-video-preview:-1\" \/>\n<link rel=\"canonical\" href=\"https:\/\/www.phenixetdragon.net\/en\/notre-ecole\/instructeurs\/erwan-delbarre\/\" \/>\n<meta property=\"og:locale\" content=\"en_GB\" \/>\n<meta property=\"og:type\" content=\"article\" \/>\n<meta property=\"og:title\" content=\"Erwan Delbarre - Ph\u00e9nix et Dragon\" \/>\n<meta property=\"og:description\" content=\"D\u00e9couvrez Erwan Delbarre, instructeur de Taiji Quan, de Qi Gong, et de Taiji \u00e0 Nofodra, de l&#039;Ecole Ph\u00e9nix &amp; Dragon.\" \/>\n<meta property=\"og:url\" content=\"https:\/\/www.phenixetdragon.net\/en\/notre-ecole\/instructeurs\/erwan-delbarre\/\" \/>\n<meta property=\"og:site_name\" content=\"Ph\u00e9nix et Dragon\" \/>\n<meta property=\"article:publisher\" content=\"https:\/\/fr-fr.facebook.com\/assoephedra\/\" \/>\n<meta property=\"article:modified_time\" content=\"2025-10-12T20:11:47+00:00\" \/>\n<meta property=\"og:image\" content=\"https:\/\/www.phenixetdragon.net\/wp-content\/uploads\/2025\/07\/IMG_9552-768x1024.jpg\" \/>\n<meta name=\"twitter:card\" content=\"summary_large_image\" \/>\n<meta name=\"twitter:label1\" content=\"Estimated reading time\" \/>\n\t<meta name=\"twitter:data1\" content=\"1 minute\" \/>\n<script type=\"application\/ld+json\" class=\"yoast-schema-graph\">{\"@context\":\"https:\/\/schema.org\",\"@graph\":[{\"@type\":\"WebPage\",\"@id\":\"https:\/\/www.phenixetdragon.net\/notre-ecole\/instructeurs\/erwan-delbarre\/\",\"url\":\"https:\/\/www.phenixetdragon.net\/notre-ecole\/instructeurs\/erwan-delbarre\/\",\"name\":\"Erwan Delbarre - Ph\u00e9nix et Dragon\",\"isPartOf\":{\"@id\":\"https:\/\/www.phenixetdragon.net\/#website\"},\"primaryImageOfPage\":{\"@id\":\"https:\/\/www.phenixetdragon.net\/notre-ecole\/instructeurs\/erwan-delbarre\/#primaryimage\"},\"image\":{\"@id\":\"https:\/\/www.phenixetdragon.net\/notre-ecole\/instructeurs\/erwan-delbarre\/#primaryimage\"},\"thumbnailUrl\":\"https:\/\/www.phenixetdragon.net\/wp-content\/uploads\/2025\/07\/IMG_9552-768x1024.jpg\",\"datePublished\":\"2022-03-20T15:20:37+00:00\",\"dateModified\":\"2025-10-12T20:11:47+00:00\",\"description\":\"D\u00e9couvrez Erwan Delbarre, instructeur de Taiji Quan, de Qi Gong, et de Taiji \u00e0 Nofodra, de l'Ecole Ph\u00e9nix & Dragon.\",\"breadcrumb\":{\"@id\":\"https:\/\/www.phenixetdragon.net\/notre-ecole\/instructeurs\/erwan-delbarre\/#breadcrumb\"},\"inLanguage\":\"en-GB\",\"potentialAction\":[{\"@type\":\"ReadAction\",\"target\":[\"https:\/\/www.phenixetdragon.net\/notre-ecole\/instructeurs\/erwan-delbarre\/\"]}]},{\"@type\":\"ImageObject\",\"inLanguage\":\"en-GB\",\"@id\":\"https:\/\/www.phenixetdragon.net\/notre-ecole\/instructeurs\/erwan-delbarre\/#primaryimage\",\"url\":\"https:\/\/www.phenixetdragon.net\/wp-content\/uploads\/2025\/07\/IMG_9552-768x1024.jpg\",\"contentUrl\":\"https:\/\/www.phenixetdragon.net\/wp-content\/uploads\/2025\/07\/IMG_9552-768x1024.jpg\"},{\"@type\":\"BreadcrumbList\",\"@id\":\"https:\/\/www.phenixetdragon.net\/notre-ecole\/instructeurs\/erwan-delbarre\/#breadcrumb\",\"itemListElement\":[{\"@type\":\"ListItem\",\"position\":1,\"name\":\"Accueil\",\"item\":\"https:\/\/www.phenixetdragon.net\/\"},{\"@type\":\"ListItem\",\"position\":2,\"name\":\"Notre \u00e9cole\",\"item\":\"https:\/\/www.phenixetdragon.net\/notre-ecole\/\"},{\"@type\":\"ListItem\",\"position\":3,\"name\":\"Instructeurs &#8211; Ph\u00e9nix et Dragon\",\"item\":\"https:\/\/www.phenixetdragon.net\/notre-ecole\/instructeurs\/\"},{\"@type\":\"ListItem\",\"position\":4,\"name\":\"Erwan Delbarre\"}]},{\"@type\":\"WebSite\",\"@id\":\"https:\/\/www.phenixetdragon.net\/#website\",\"url\":\"https:\/\/www.phenixetdragon.net\/\",\"name\":\"Ph\u00e9nix et Dragon\",\"description\":\"Arts Martiaux Chinois, Kung Fu, Taiji Quan, et Arts Energ\u00e9tiques, Qi Gong\",\"publisher\":{\"@id\":\"https:\/\/www.phenixetdragon.net\/#organization\"},\"potentialAction\":[{\"@type\":\"SearchAction\",\"target\":{\"@type\":\"EntryPoint\",\"urlTemplate\":\"https:\/\/www.phenixetdragon.net\/?s={search_term_string}\"},\"query-input\":{\"@type\":\"PropertyValueSpecification\",\"valueRequired\":true,\"valueName\":\"search_term_string\"}}],\"inLanguage\":\"en-GB\"},{\"@type\":\"Organization\",\"@id\":\"https:\/\/www.phenixetdragon.net\/#organization\",\"name\":\"Ph\u00e9nix et Dragon\",\"url\":\"https:\/\/www.phenixetdragon.net\/\",\"logo\":{\"@type\":\"ImageObject\",\"inLanguage\":\"en-GB\",\"@id\":\"https:\/\/www.phenixetdragon.net\/#\/schema\/logo\/image\/\",\"url\":\"https:\/\/www.phenixetdragon.net\/wp-content\/uploads\/2021\/08\/logophenixdragon.png\",\"contentUrl\":\"https:\/\/www.phenixetdragon.net\/wp-content\/uploads\/2021\/08\/logophenixdragon.png\",\"width\":674,\"height\":113,\"caption\":\"Ph\u00e9nix et Dragon\"},\"image\":{\"@id\":\"https:\/\/www.phenixetdragon.net\/#\/schema\/logo\/image\/\"},\"sameAs\":[\"https:\/\/fr-fr.facebook.com\/assoephedra\/\",\"https:\/\/www.instagram.com\/ecolephenixetdragon\/\"]}]}<\/script>\n<!-- \/ Yoast SEO plugin. -->","yoast_head_json":{"title":"Erwan Delbarre - Ph\u00e9nix et Dragon","description":"D\u00e9couvrez Erwan Delbarre, instructeur de Taiji Quan, de Qi Gong, et de Taiji \u00e0 Nofodra, de l'Ecole Ph\u00e9nix & Dragon.","robots":{"index":"index","follow":"follow","max-snippet":"max-snippet:-1","max-image-preview":"max-image-preview:large","max-video-preview":"max-video-preview:-1"},"canonical":"https:\/\/www.phenixetdragon.net\/en\/notre-ecole\/instructeurs\/erwan-delbarre\/","og_locale":"en_GB","og_type":"article","og_title":"Erwan Delbarre - Ph\u00e9nix et Dragon","og_description":"D\u00e9couvrez Erwan Delbarre, instructeur de Taiji Quan, de Qi Gong, et de Taiji \u00e0 Nofodra, de l'Ecole Ph\u00e9nix & Dragon.","og_url":"https:\/\/www.phenixetdragon.net\/en\/notre-ecole\/instructeurs\/erwan-delbarre\/","og_site_name":"Ph\u00e9nix et Dragon","article_publisher":"https:\/\/fr-fr.facebook.com\/assoephedra\/","article_modified_time":"2025-10-12T20:11:47+00:00","og_image":[{"url":"https:\/\/www.phenixetdragon.net\/wp-content\/uploads\/2025\/07\/IMG_9552-768x1024.jpg","type":"","width":"","height":""}],"twitter_card":"summary_large_image","twitter_misc":{"Estimated reading time":"1 minute"},"schema":{"@context":"https:\/\/schema.org","@graph":[{"@type":"WebPage","@id":"https:\/\/www.phenixetdragon.net\/notre-ecole\/instructeurs\/erwan-delbarre\/","url":"https:\/\/www.phenixetdragon.net\/notre-ecole\/instructeurs\/erwan-delbarre\/","name":"Erwan Delbarre - Ph\u00e9nix et Dragon","isPartOf":{"@id":"https:\/\/www.phenixetdragon.net\/#website"},"primaryImageOfPage":{"@id":"https:\/\/www.phenixetdragon.net\/notre-ecole\/instructeurs\/erwan-delbarre\/#primaryimage"},"image":{"@id":"https:\/\/www.phenixetdragon.net\/notre-ecole\/instructeurs\/erwan-delbarre\/#primaryimage"},"thumbnailUrl":"https:\/\/www.phenixetdragon.net\/wp-content\/uploads\/2025\/07\/IMG_9552-768x1024.jpg","datePublished":"2022-03-20T15:20:37+00:00","dateModified":"2025-10-12T20:11:47+00:00","description":"D\u00e9couvrez Erwan Delbarre, instructeur de Taiji Quan, de Qi Gong, et de Taiji \u00e0 Nofodra, de l'Ecole Ph\u00e9nix & Dragon.","breadcrumb":{"@id":"https:\/\/www.phenixetdragon.net\/notre-ecole\/instructeurs\/erwan-delbarre\/#breadcrumb"},"inLanguage":"en-GB","potentialAction":[{"@type":"ReadAction","target":["https:\/\/www.phenixetdragon.net\/notre-ecole\/instructeurs\/erwan-delbarre\/"]}]},{"@type":"ImageObject","inLanguage":"en-GB","@id":"https:\/\/www.phenixetdragon.net\/notre-ecole\/instructeurs\/erwan-delbarre\/#primaryimage","url":"https:\/\/www.phenixetdragon.net\/wp-content\/uploads\/2025\/07\/IMG_9552-768x1024.jpg","contentUrl":"https:\/\/www.phenixetdragon.net\/wp-content\/uploads\/2025\/07\/IMG_9552-768x1024.jpg"},{"@type":"BreadcrumbList","@id":"https:\/\/www.phenixetdragon.net\/notre-ecole\/instructeurs\/erwan-delbarre\/#breadcrumb","itemListElement":[{"@type":"ListItem","position":1,"name":"Accueil","item":"https:\/\/www.phenixetdragon.net\/"},{"@type":"ListItem","position":2,"name":"Notre \u00e9cole","item":"https:\/\/www.phenixetdragon.net\/notre-ecole\/"},{"@type":"ListItem","position":3,"name":"Instructeurs &#8211; Ph\u00e9nix et Dragon","item":"https:\/\/www.phenixetdragon.net\/notre-ecole\/instructeurs\/"},{"@type":"ListItem","position":4,"name":"Erwan Delbarre"}]},{"@type":"WebSite","@id":"https:\/\/www.phenixetdragon.net\/#website","url":"https:\/\/www.phenixetdragon.net\/","name":"Ph\u00e9nix et Dragon","description":"Arts Martiaux Chinois, Kung Fu, Taiji Quan, et Arts Energ\u00e9tiques, Qi Gong","publisher":{"@id":"https:\/\/www.phenixetdragon.net\/#organization"},"potentialAction":[{"@type":"SearchAction","target":{"@type":"EntryPoint","urlTemplate":"https:\/\/www.phenixetdragon.net\/?s={search_term_string}"},"query-input":{"@type":"PropertyValueSpecification","valueRequired":true,"valueName":"search_term_string"}}],"inLanguage":"en-GB"},{"@type":"Organization","@id":"https:\/\/www.phenixetdragon.net\/#organization","name":"Ph\u00e9nix et Dragon","url":"https:\/\/www.phenixetdragon.net\/","logo":{"@type":"ImageObject","inLanguage":"en-GB","@id":"https:\/\/www.phenixetdragon.net\/#\/schema\/logo\/image\/","url":"https:\/\/www.phenixetdragon.net\/wp-content\/uploads\/2021\/08\/logophenixdragon.png","contentUrl":"https:\/\/www.phenixetdragon.net\/wp-content\/uploads\/2021\/08\/logophenixdragon.png","width":674,"height":113,"caption":"Ph\u00e9nix et Dragon"},"image":{"@id":"https:\/\/www.phenixetdragon.net\/#\/schema\/logo\/image\/"},"sameAs":["https:\/\/fr-fr.facebook.com\/assoephedra\/","https:\/\/www.instagram.com\/ecolephenixetdragon\/"]}]}},"_links":{"self":[{"href":"https:\/\/www.phenixetdragon.net\/en\/wp-json\/wp\/v2\/pages\/6069","targetHints":{"allow":["GET"]}}],"collection":[{"href":"https:\/\/www.phenixetdragon.net\/en\/wp-json\/wp\/v2\/pages"}],"about":[{"href":"https:\/\/www.phenixetdragon.net\/en\/wp-json\/wp\/v2\/types\/page"}],"author":[{"embeddable":true,"href":"https:\/\/www.phenixetdragon.net\/en\/wp-json\/wp\/v2\/users\/1"}],"replies":[{"embeddable":true,"href":"https:\/\/www.phenixetdragon.net\/en\/wp-json\/wp\/v2\/comments?post=6069"}],"version-history":[{"count":4,"href":"https:\/\/www.phenixetdragon.net\/en\/wp-json\/wp\/v2\/pages\/6069\/revisions"}],"predecessor-version":[{"id":8875,"href":"https:\/\/www.phenixetdragon.net\/en\/wp-json\/wp\/v2\/pages\/6069\/revisions\/8875"}],"up":[{"embeddable":true,"href":"https:\/\/www.phenixetdragon.net\/en\/wp-json\/wp\/v2\/pages\/7645"}],"wp:attachment":[{"href":"https:\/\/www.phenixetdragon.net\/en\/wp-json\/wp\/v2\/media?parent=6069"}],"curies":[{"name":"wp","href":"https:\/\/api.w.org\/{rel}","templated":true}]}}