{"id":63,"date":"2021-10-02T15:06:06","date_gmt":"2021-10-02T13:06:06","guid":{"rendered":"https:\/\/portal.phenixetdragon.fr\/?page_id=63"},"modified":"2025-11-05T15:08:49","modified_gmt":"2025-11-05T14:08:49","slug":"wushufeng","status":"publish","type":"page","link":"https:\/\/www.phenixetdragon.net\/en\/nos-cours\/wushufeng\/","title":{"rendered":"DROME &#8211; ARDECHE (Wushu Feng)"},"content":{"rendered":"<h2 class=\"wp-block-heading has-vivid-red-color has-text-color has-medium-font-size\" style=\"text-transform:uppercase\"><strong><mark style=\"background-color: rgba(0, 0, 0, 0);\" class=\"has-inline-color has-vivid-red-color\">association <mark style=\"background-color: rgba(0, 0, 0, 0);\" class=\"has-inline-color has-vivid-red-color\">Wushu Feng<\/mark>, en Ard\u00e8che<\/mark><\/strong><\/h2>\n\n\n\n<p><em><strong>Contacts \u00e0 privil\u00e9gier : <\/strong><\/em><a href=\"mailto:asso.wushufeng@gmail.com\">asso.wushufeng@gmail.com<\/a><em><strong>, <a href=\"https:\/\/www.wushufeng.com\/\">https:\/\/www.wushufeng.com\/<\/a><\/strong><\/em><\/p>\n\n\n\n<ul class=\"wp-block-list\">\n<li>Cours de Kung Fu<\/li>\n\n\n\n<li>Cours de Taiji Quan<\/li>\n\n\n\n<li>Cours de Qi Gong<\/li>\n<\/ul>\n\n\n\n<p>Notre association Wushu Feng a pour vocation de partager notre passion pour les arts martiaux et \u00e9nerg\u00e9tiques chinois.<\/p>\n\n\n\n<figure class=\"wp-block-image size-full is-resized\"><img decoding=\"async\" src=\"data:image\/gif;base64,R0lGODlhAQABAAAAACH5BAEKAAEALAAAAAABAAEAAAICTAEAOw==\" data-layzr=\"https:\/\/www.phenixetdragon.net\/wp-content\/uploads\/2025\/07\/images.jpg\" alt=\"\" class=\"wp-image-9074\" style=\"width:840px;height:auto\"\/><\/figure>\n\n\n\n<p>\u00c0 Wushu Feng, l\u2019enseignement des arts martiaux chinois (Kung Fu, Taiji Quan) et pratiques \u00e9nerg\u00e9tiques (Qi Gong) privil\u00e9gie une approche traditionnelle, pr\u00e9cise et stimulante. Nos groupes s\u2019entra\u00eenent dans un esprit de camaraderie et d\u2019\u00e9mulation, sans mettre la priorit\u00e9 sur la comp\u00e9tition.<\/p>\n\n\n\n<p>Notre pratique se veut rigoureuse, r\u00e9guli\u00e8re, douce et respectueuse des capacit\u00e9s de chacun, permettant \u00e0 tous, femmes, hommes, enfants de s\u2019exprimer et de pratiquer leur passion dans les meilleures conditions.<\/p>\n\n\n\n<p>Que vous fassiez du Kung Fu pour l\u2019\u00e9nergie du sport, du Taiji ou du Qi Gong pour vous d\u00e9tendre, quelque soit votre \u00e2ge, vous b\u00e9n\u00e9ficiez d\u2019enseignants qualifi\u00e9s, souvent form\u00e9s dans les trois disciplines : une approche compl\u00e8te d\u2019une pratique extr\u00eamement enrichissante.<\/p>\n\n\n\n<p>Fort aujourd\u2019hui d\u2019une soixantaine de pratiquants, notre club se d\u00e9veloppe \u00e0 Viviers, en Ard\u00e8che, sur les bords du Rh\u00f4ne \u00e0 quelques minutes de Mont\u00e9limar.<\/p>\n\n\n\n<h3 class=\"wp-block-heading has-vivid-red-color has-text-color has-link-color has-medium-font-size wp-elements-75b887e900451b324f907944377080c5\" id=\"kung-fu\"><strong>Cours de Kung Fu<\/strong><\/h3>\n\n\n\n<p>Nous pratiquons \u00e0 la fois des formes modernes de Kung Fu (Chang Quan, Sanda) et des formes traditionnelles (Tang Lang Quan, Shaolin Quan). Les armes telles que le b\u00e2ton, le nunchaku, le sabre et l\u2019\u00e9p\u00e9e sont \u00e9galement \u00e9tudi\u00e9es.<\/p>\n\n\n\n<h3 class=\"wp-block-heading has-vivid-red-color has-text-color has-link-color wp-elements-72fd95e86340347adca4622d40794e08\" id=\"taiji\"><strong>Cours de Taiji Quan<\/strong><\/h3>\n\n\n\n<p>C\u2019est le style Yang de taiji que nous affectionnons ici. Pratique douce, de d\u00e9tente, exploration des grands principes&nbsp;: axe, espace, racines, travail interne, l\u00e2cher prise et recentrage. Une \u00e9cole indispensable pour qui souhaite retrouver un \u00e9quilibre entre son int\u00e9rieur et son ext\u00e9rieur\u2026<\/p>\n\n\n\n<h3 class=\"wp-block-heading has-vivid-red-color has-text-color has-link-color has-medium-font-size wp-elements-4466e39fc396210435d8e87e15d7c7d3\" id=\"qi-gong\"><strong>Cours de Qi Gong<\/strong><\/h3>\n\n\n\n<p>Un ensemble harmonieux de techniques de sant\u00e9&nbsp;: prendre soin de soi et pr\u00e9server sa sant\u00e9 sont les maitres mots du daoyin yangsheng gong.<\/p>\n\n\n\n<h3 class=\"wp-block-heading has-vivid-red-color has-text-color has-link-color has-medium-font-size wp-elements-b9e39691b88dd6d4863d5e6f930fe208\"><strong>Nos Instructeurs<\/strong><\/h3>\n\n\n\n<p>Vous serez accueillis par nos instructeurs chapeaut\u00e9s par <a href=\"https:\/\/www.phenixetdragon.net\/nicolas-chef-dhotel\/\">Nicolas Chef d\u2019H\u00f4tel<\/a>, enseignant exp\u00e9riment\u00e9, titulaire d\u2019un brevet d\u2019\u00e9tat d\u2019\u00e9ducateur sportif.<\/p>\n\n\n\n<p>Install\u00e9 depuis plus d\u2019une d\u00e9cennie dans la vall\u00e9e du Rh\u00f4ne \u00e0 Viviers, capitale du vivarais, le club b\u00e9n\u00e9fice d\u2019un tr\u00e8s beau et tr\u00e8s spacieux dojo dans l\u2019espace \u00ab Les Moulinages \u00bb, un gymnase refait totalement \u00e0 neuf.<\/p>\n\n\n\n<h3 class=\"wp-block-heading has-vivid-red-color has-text-color has-link-color wp-elements-4d80da5b6c80e8b9b81f1bd09a19938a\"><strong>Nos cours<\/strong><\/h3>\n\n\n\n<ul class=\"wp-block-list\">\n<li><strong>Taiji<\/strong> : Mardi 20h00-21h00<\/li>\n\n\n\n<li><strong>Qi-Gong<\/strong> : Mardi 21h00-22h00\u00a0<\/li>\n\n\n\n<li><strong>Kung-Fu enfants<\/strong> : Mercredi 17h00-18h00<\/li>\n\n\n\n<li><strong>Kung-Fu adultes<\/strong> : Mercredi 18h30-20h30<\/li>\n<\/ul>\n\n\n\n<h3 class=\"wp-block-heading has-vivid-red-color has-text-color has-link-color wp-elements-f6c136606e61737b9de5120e1412acf0\"><strong>Registration<\/strong><\/h3>\n\n\n\n<p>Inscriptions directement sur le site <a href=\"https:\/\/www.wushufeng.com\/\" target=\"_blank\" rel=\"noreferrer noopener\">https:\/\/www.wushufeng.com\/<\/a>.<\/p>\n\n\n\n<p><\/p>","protected":false},"excerpt":{"rendered":"<p>association Wushu Feng, en Ard\u00e8che Contacts \u00e0 privil\u00e9gier : asso.wushufeng@gmail.com, https:\/\/www.wushufeng.com\/ Notre association Wushu Feng a pour vocation de partager notre passion pour les arts martiaux et \u00e9nerg\u00e9tiques chinois. \u00c0 Wushu Feng, l\u2019enseignement des arts martiaux chinois (Kung Fu, Taiji Quan) et pratiques \u00e9nerg\u00e9tiques (Qi Gong) privil\u00e9gie une approche traditionnelle, pr\u00e9cise et stimulante. Nos groupes &hellip; <\/p>","protected":false},"author":1,"featured_media":8869,"parent":10003,"menu_order":0,"comment_status":"closed","ping_status":"closed","template":"","meta":{"footnotes":""},"class_list":["post-63","page","type-page","status-publish","has-post-thumbnail","hentry","latest_post"],"yoast_head":"<!-- This site is optimized with the Yoast SEO plugin v26.3 - https:\/\/yoast.com\/wordpress\/plugins\/seo\/ -->\n<title>DROME - ARDECHE (Wushu Feng) - Ph\u00e9nix et Dragon<\/title>\n<meta name=\"description\" content=\"L&#039;association WUSHU FENG, en Ard\u00e8che, propose des cours de Kung Fu, des cours de Taiji Quan et des cours de Qi Gong.\" \/>\n<meta name=\"robots\" content=\"index, follow, max-snippet:-1, max-image-preview:large, max-video-preview:-1\" \/>\n<link rel=\"canonical\" href=\"https:\/\/www.phenixetdragon.net\/en\/nos-cours\/wushufeng\/\" \/>\n<meta property=\"og:locale\" content=\"en_GB\" \/>\n<meta property=\"og:type\" content=\"article\" \/>\n<meta property=\"og:title\" content=\"DROME - ARDECHE (Wushu Feng) - Ph\u00e9nix et Dragon\" \/>\n<meta property=\"og:description\" content=\"L&#039;association WUSHU FENG, en Ard\u00e8che, propose des cours de Kung Fu, des cours de Taiji Quan et des cours de Qi Gong.\" \/>\n<meta property=\"og:url\" content=\"https:\/\/www.phenixetdragon.net\/en\/nos-cours\/wushufeng\/\" \/>\n<meta property=\"og:site_name\" content=\"Ph\u00e9nix et Dragon\" \/>\n<meta property=\"article:publisher\" content=\"https:\/\/fr-fr.facebook.com\/assoephedra\/\" \/>\n<meta property=\"article:modified_time\" content=\"2025-11-05T14:08:49+00:00\" \/>\n<meta property=\"og:image\" content=\"https:\/\/www.phenixetdragon.net\/wp-content\/uploads\/2025\/07\/IMG_9514-scaled.jpg\" \/>\n\t<meta property=\"og:image:width\" content=\"1920\" \/>\n\t<meta property=\"og:image:height\" content=\"2560\" \/>\n\t<meta property=\"og:image:type\" content=\"image\/jpeg\" \/>\n<meta name=\"twitter:card\" content=\"summary_large_image\" \/>\n<meta name=\"twitter:label1\" content=\"Estimated reading time\" \/>\n\t<meta name=\"twitter:data1\" content=\"2 minutes\" \/>\n<script type=\"application\/ld+json\" class=\"yoast-schema-graph\">{\"@context\":\"https:\/\/schema.org\",\"@graph\":[{\"@type\":\"WebPage\",\"@id\":\"https:\/\/www.phenixetdragon.net\/nos-cours\/wushufeng\/\",\"url\":\"https:\/\/www.phenixetdragon.net\/nos-cours\/wushufeng\/\",\"name\":\"DROME - ARDECHE (Wushu Feng) - Ph\u00e9nix et Dragon\",\"isPartOf\":{\"@id\":\"https:\/\/www.phenixetdragon.net\/#website\"},\"primaryImageOfPage\":{\"@id\":\"https:\/\/www.phenixetdragon.net\/nos-cours\/wushufeng\/#primaryimage\"},\"image\":{\"@id\":\"https:\/\/www.phenixetdragon.net\/nos-cours\/wushufeng\/#primaryimage\"},\"thumbnailUrl\":\"https:\/\/www.phenixetdragon.net\/wp-content\/uploads\/2025\/07\/IMG_9514-scaled.jpg\",\"datePublished\":\"2021-10-02T13:06:06+00:00\",\"dateModified\":\"2025-11-05T14:08:49+00:00\",\"description\":\"L'association WUSHU FENG, en Ard\u00e8che, propose des cours de Kung Fu, des cours de Taiji Quan et des cours de Qi Gong.\",\"breadcrumb\":{\"@id\":\"https:\/\/www.phenixetdragon.net\/nos-cours\/wushufeng\/#breadcrumb\"},\"inLanguage\":\"en-GB\",\"potentialAction\":[{\"@type\":\"ReadAction\",\"target\":[\"https:\/\/www.phenixetdragon.net\/nos-cours\/wushufeng\/\"]}]},{\"@type\":\"ImageObject\",\"inLanguage\":\"en-GB\",\"@id\":\"https:\/\/www.phenixetdragon.net\/nos-cours\/wushufeng\/#primaryimage\",\"url\":\"https:\/\/www.phenixetdragon.net\/wp-content\/uploads\/2025\/07\/IMG_9514-scaled.jpg\",\"contentUrl\":\"https:\/\/www.phenixetdragon.net\/wp-content\/uploads\/2025\/07\/IMG_9514-scaled.jpg\",\"width\":1920,\"height\":2560},{\"@type\":\"BreadcrumbList\",\"@id\":\"https:\/\/www.phenixetdragon.net\/nos-cours\/wushufeng\/#breadcrumb\",\"itemListElement\":[{\"@type\":\"ListItem\",\"position\":1,\"name\":\"Accueil\",\"item\":\"https:\/\/www.phenixetdragon.net\/\"},{\"@type\":\"ListItem\",\"position\":2,\"name\":\"Nos Cours\",\"item\":\"https:\/\/www.phenixetdragon.net\/nos-cours\/\"},{\"@type\":\"ListItem\",\"position\":3,\"name\":\"DROME &#8211; ARDECHE (Wushu Feng)\"}]},{\"@type\":\"WebSite\",\"@id\":\"https:\/\/www.phenixetdragon.net\/#website\",\"url\":\"https:\/\/www.phenixetdragon.net\/\",\"name\":\"Ph\u00e9nix et Dragon\",\"description\":\"Arts Martiaux Chinois, Kung Fu, Taiji Quan, et Arts Energ\u00e9tiques, Qi Gong\",\"publisher\":{\"@id\":\"https:\/\/www.phenixetdragon.net\/#organization\"},\"potentialAction\":[{\"@type\":\"SearchAction\",\"target\":{\"@type\":\"EntryPoint\",\"urlTemplate\":\"https:\/\/www.phenixetdragon.net\/?s={search_term_string}\"},\"query-input\":{\"@type\":\"PropertyValueSpecification\",\"valueRequired\":true,\"valueName\":\"search_term_string\"}}],\"inLanguage\":\"en-GB\"},{\"@type\":\"Organization\",\"@id\":\"https:\/\/www.phenixetdragon.net\/#organization\",\"name\":\"Ph\u00e9nix et Dragon\",\"url\":\"https:\/\/www.phenixetdragon.net\/\",\"logo\":{\"@type\":\"ImageObject\",\"inLanguage\":\"en-GB\",\"@id\":\"https:\/\/www.phenixetdragon.net\/#\/schema\/logo\/image\/\",\"url\":\"https:\/\/www.phenixetdragon.net\/wp-content\/uploads\/2021\/08\/logophenixdragon.png\",\"contentUrl\":\"https:\/\/www.phenixetdragon.net\/wp-content\/uploads\/2021\/08\/logophenixdragon.png\",\"width\":674,\"height\":113,\"caption\":\"Ph\u00e9nix et Dragon\"},\"image\":{\"@id\":\"https:\/\/www.phenixetdragon.net\/#\/schema\/logo\/image\/\"},\"sameAs\":[\"https:\/\/fr-fr.facebook.com\/assoephedra\/\",\"https:\/\/www.instagram.com\/ecolephenixetdragon\/\"]}]}<\/script>\n<!-- \/ Yoast SEO plugin. -->","yoast_head_json":{"title":"DROME - ARDECHE (Wushu Feng) - Ph\u00e9nix et Dragon","description":"L'association WUSHU FENG, en Ard\u00e8che, propose des cours de Kung Fu, des cours de Taiji Quan et des cours de Qi Gong.","robots":{"index":"index","follow":"follow","max-snippet":"max-snippet:-1","max-image-preview":"max-image-preview:large","max-video-preview":"max-video-preview:-1"},"canonical":"https:\/\/www.phenixetdragon.net\/en\/nos-cours\/wushufeng\/","og_locale":"en_GB","og_type":"article","og_title":"DROME - ARDECHE (Wushu Feng) - Ph\u00e9nix et Dragon","og_description":"L'association WUSHU FENG, en Ard\u00e8che, propose des cours de Kung Fu, des cours de Taiji Quan et des cours de Qi Gong.","og_url":"https:\/\/www.phenixetdragon.net\/en\/nos-cours\/wushufeng\/","og_site_name":"Ph\u00e9nix et Dragon","article_publisher":"https:\/\/fr-fr.facebook.com\/assoephedra\/","article_modified_time":"2025-11-05T14:08:49+00:00","og_image":[{"width":1920,"height":2560,"url":"https:\/\/www.phenixetdragon.net\/wp-content\/uploads\/2025\/07\/IMG_9514-scaled.jpg","type":"image\/jpeg"}],"twitter_card":"summary_large_image","twitter_misc":{"Estimated reading time":"2 minutes"},"schema":{"@context":"https:\/\/schema.org","@graph":[{"@type":"WebPage","@id":"https:\/\/www.phenixetdragon.net\/nos-cours\/wushufeng\/","url":"https:\/\/www.phenixetdragon.net\/nos-cours\/wushufeng\/","name":"DROME - ARDECHE (Wushu Feng) - Ph\u00e9nix et Dragon","isPartOf":{"@id":"https:\/\/www.phenixetdragon.net\/#website"},"primaryImageOfPage":{"@id":"https:\/\/www.phenixetdragon.net\/nos-cours\/wushufeng\/#primaryimage"},"image":{"@id":"https:\/\/www.phenixetdragon.net\/nos-cours\/wushufeng\/#primaryimage"},"thumbnailUrl":"https:\/\/www.phenixetdragon.net\/wp-content\/uploads\/2025\/07\/IMG_9514-scaled.jpg","datePublished":"2021-10-02T13:06:06+00:00","dateModified":"2025-11-05T14:08:49+00:00","description":"L'association WUSHU FENG, en Ard\u00e8che, propose des cours de Kung Fu, des cours de Taiji Quan et des cours de Qi Gong.","breadcrumb":{"@id":"https:\/\/www.phenixetdragon.net\/nos-cours\/wushufeng\/#breadcrumb"},"inLanguage":"en-GB","potentialAction":[{"@type":"ReadAction","target":["https:\/\/www.phenixetdragon.net\/nos-cours\/wushufeng\/"]}]},{"@type":"ImageObject","inLanguage":"en-GB","@id":"https:\/\/www.phenixetdragon.net\/nos-cours\/wushufeng\/#primaryimage","url":"https:\/\/www.phenixetdragon.net\/wp-content\/uploads\/2025\/07\/IMG_9514-scaled.jpg","contentUrl":"https:\/\/www.phenixetdragon.net\/wp-content\/uploads\/2025\/07\/IMG_9514-scaled.jpg","width":1920,"height":2560},{"@type":"BreadcrumbList","@id":"https:\/\/www.phenixetdragon.net\/nos-cours\/wushufeng\/#breadcrumb","itemListElement":[{"@type":"ListItem","position":1,"name":"Accueil","item":"https:\/\/www.phenixetdragon.net\/"},{"@type":"ListItem","position":2,"name":"Nos Cours","item":"https:\/\/www.phenixetdragon.net\/nos-cours\/"},{"@type":"ListItem","position":3,"name":"DROME &#8211; ARDECHE (Wushu Feng)"}]},{"@type":"WebSite","@id":"https:\/\/www.phenixetdragon.net\/#website","url":"https:\/\/www.phenixetdragon.net\/","name":"Ph\u00e9nix et Dragon","description":"Arts Martiaux Chinois, Kung Fu, Taiji Quan, et Arts Energ\u00e9tiques, Qi Gong","publisher":{"@id":"https:\/\/www.phenixetdragon.net\/#organization"},"potentialAction":[{"@type":"SearchAction","target":{"@type":"EntryPoint","urlTemplate":"https:\/\/www.phenixetdragon.net\/?s={search_term_string}"},"query-input":{"@type":"PropertyValueSpecification","valueRequired":true,"valueName":"search_term_string"}}],"inLanguage":"en-GB"},{"@type":"Organization","@id":"https:\/\/www.phenixetdragon.net\/#organization","name":"Ph\u00e9nix et Dragon","url":"https:\/\/www.phenixetdragon.net\/","logo":{"@type":"ImageObject","inLanguage":"en-GB","@id":"https:\/\/www.phenixetdragon.net\/#\/schema\/logo\/image\/","url":"https:\/\/www.phenixetdragon.net\/wp-content\/uploads\/2021\/08\/logophenixdragon.png","contentUrl":"https:\/\/www.phenixetdragon.net\/wp-content\/uploads\/2021\/08\/logophenixdragon.png","width":674,"height":113,"caption":"Ph\u00e9nix et Dragon"},"image":{"@id":"https:\/\/www.phenixetdragon.net\/#\/schema\/logo\/image\/"},"sameAs":["https:\/\/fr-fr.facebook.com\/assoephedra\/","https:\/\/www.instagram.com\/ecolephenixetdragon\/"]}]}},"_links":{"self":[{"href":"https:\/\/www.phenixetdragon.net\/en\/wp-json\/wp\/v2\/pages\/63","targetHints":{"allow":["GET"]}}],"collection":[{"href":"https:\/\/www.phenixetdragon.net\/en\/wp-json\/wp\/v2\/pages"}],"about":[{"href":"https:\/\/www.phenixetdragon.net\/en\/wp-json\/wp\/v2\/types\/page"}],"author":[{"embeddable":true,"href":"https:\/\/www.phenixetdragon.net\/en\/wp-json\/wp\/v2\/users\/1"}],"replies":[{"embeddable":true,"href":"https:\/\/www.phenixetdragon.net\/en\/wp-json\/wp\/v2\/comments?post=63"}],"version-history":[{"count":20,"href":"https:\/\/www.phenixetdragon.net\/en\/wp-json\/wp\/v2\/pages\/63\/revisions"}],"predecessor-version":[{"id":10034,"href":"https:\/\/www.phenixetdragon.net\/en\/wp-json\/wp\/v2\/pages\/63\/revisions\/10034"}],"up":[{"embeddable":true,"href":"https:\/\/www.phenixetdragon.net\/en\/wp-json\/wp\/v2\/pages\/10003"}],"wp:featuredmedia":[{"embeddable":true,"href":"https:\/\/www.phenixetdragon.net\/en\/wp-json\/wp\/v2\/media\/8869"}],"wp:attachment":[{"href":"https:\/\/www.phenixetdragon.net\/en\/wp-json\/wp\/v2\/media?parent=63"}],"curies":[{"name":"wp","href":"https:\/\/api.w.org\/{rel}","templated":true}]}}