{"id":6309,"date":"2022-06-27T18:50:03","date_gmt":"2022-06-27T16:50:03","guid":{"rendered":"https:\/\/www.phenixetdragon.net\/?page_id=6309"},"modified":"2025-10-12T19:26:52","modified_gmt":"2025-10-12T17:26:52","slug":"johann-brajeul","status":"publish","type":"page","link":"https:\/\/www.phenixetdragon.net\/en\/notre-ecole\/instructeurs\/johann-brajeul\/","title":{"rendered":"Johann Brajeul"},"content":{"rendered":"<p>Je pratique le Kung Fu depuis 2009 et ai entam\u00e9 la formation Tao et Sant\u00e9 d\u00e8s l\u2019ann\u00e9e suivante. J\u2019ai pass\u00e9 et obtenu ma ceinture noire en 2018.<\/p>\n\n\n\n<p>Aujourd\u2019hui, je donne des cours aux adultes les lundis et vendredis. Le lundi, j\u2019enseigne \u00e0 des pratiquants de tous niveaux. Le cours est structur\u00e9 autour de l\u2019apprentissage des techniques de base, des taos (formes), ainsi que des techniques de Sanda (boxe chinoise). Le vendredi, je prends en charge la partie avanc\u00e9e du cours, orient\u00e9e vers la pr\u00e9paration \u00e0 la ceinture noire.<\/p>\n\n\n\n<p>En parall\u00e8le, je suis ing\u00e9nieur logiciel chez un \u00e9diteur sp\u00e9cialis\u00e9 dans la data, o\u00f9 je con\u00e7ois et mets en place des solutions li\u00e9es \u00e0 l\u2019IA g\u00e9n\u00e9rative.<\/p>\n\n\n\n<figure class=\"wp-block-image size-large\"><img decoding=\"async\" src=\"data:image\/gif;base64,R0lGODlhAQABAAAAACH5BAEKAAEALAAAAAABAAEAAAICTAEAOw==\" data-layzr=\"https:\/\/www.phenixetdragon.net\/wp-content\/uploads\/2025\/07\/johann_brajeul_summer_camp-e1752437618990-1024x770.jpg\" alt=\"\" class=\"wp-image-8895\"\/><\/figure>","protected":false},"excerpt":{"rendered":"<p>Je pratique le Kung Fu depuis 2009 et ai entam\u00e9 la formation Tao et Sant\u00e9 d\u00e8s l\u2019ann\u00e9e suivante. J\u2019ai pass\u00e9 et obtenu ma ceinture noire en 2018. Aujourd\u2019hui, je donne des cours aux adultes les lundis et vendredis. Le lundi, j\u2019enseigne \u00e0 des pratiquants de tous niveaux. Le cours est structur\u00e9 autour de l\u2019apprentissage des &hellip; <\/p>","protected":false},"author":7,"featured_media":0,"parent":7645,"menu_order":0,"comment_status":"closed","ping_status":"closed","template":"","meta":{"footnotes":""},"class_list":["post-6309","page","type-page","status-publish","hentry","latest_post"],"yoast_head":"<!-- This site is optimized with the Yoast SEO plugin v26.3 - https:\/\/yoast.com\/wordpress\/plugins\/seo\/ -->\n<title>Johann Brajeul - Ph\u00e9nix et Dragon<\/title>\n<meta name=\"description\" content=\"D\u00e9couvrez Johann Brajeul, instructreur de Kung Fu \u00e0 l&#039;Ecole Ph\u00e9nix &amp; Dragon, passionn\u00e9 de partage et de transmission.\" \/>\n<meta name=\"robots\" content=\"index, follow, max-snippet:-1, max-image-preview:large, max-video-preview:-1\" \/>\n<link rel=\"canonical\" href=\"https:\/\/www.phenixetdragon.net\/en\/notre-ecole\/instructeurs\/johann-brajeul\/\" \/>\n<meta property=\"og:locale\" content=\"en_GB\" \/>\n<meta property=\"og:type\" content=\"article\" \/>\n<meta property=\"og:title\" content=\"Johann Brajeul - Ph\u00e9nix et Dragon\" \/>\n<meta property=\"og:description\" content=\"D\u00e9couvrez Johann Brajeul, instructreur de Kung Fu \u00e0 l&#039;Ecole Ph\u00e9nix &amp; Dragon, passionn\u00e9 de partage et de transmission.\" \/>\n<meta property=\"og:url\" content=\"https:\/\/www.phenixetdragon.net\/en\/notre-ecole\/instructeurs\/johann-brajeul\/\" \/>\n<meta property=\"og:site_name\" content=\"Ph\u00e9nix et Dragon\" \/>\n<meta property=\"article:publisher\" content=\"https:\/\/fr-fr.facebook.com\/assoephedra\/\" \/>\n<meta property=\"article:modified_time\" content=\"2025-10-12T17:26:52+00:00\" \/>\n<meta property=\"og:image\" content=\"https:\/\/www.phenixetdragon.net\/wp-content\/uploads\/2025\/07\/johann_brajeul_summer_camp-e1752437618990-1024x770.jpg\" \/>\n<meta name=\"twitter:card\" content=\"summary_large_image\" \/>\n<meta name=\"twitter:label1\" content=\"Estimated reading time\" \/>\n\t<meta name=\"twitter:data1\" content=\"1 minute\" \/>\n<script type=\"application\/ld+json\" class=\"yoast-schema-graph\">{\"@context\":\"https:\/\/schema.org\",\"@graph\":[{\"@type\":\"WebPage\",\"@id\":\"https:\/\/www.phenixetdragon.net\/notre-ecole\/instructeurs\/johann-brajeul\/\",\"url\":\"https:\/\/www.phenixetdragon.net\/notre-ecole\/instructeurs\/johann-brajeul\/\",\"name\":\"Johann Brajeul - Ph\u00e9nix et Dragon\",\"isPartOf\":{\"@id\":\"https:\/\/www.phenixetdragon.net\/#website\"},\"primaryImageOfPage\":{\"@id\":\"https:\/\/www.phenixetdragon.net\/notre-ecole\/instructeurs\/johann-brajeul\/#primaryimage\"},\"image\":{\"@id\":\"https:\/\/www.phenixetdragon.net\/notre-ecole\/instructeurs\/johann-brajeul\/#primaryimage\"},\"thumbnailUrl\":\"https:\/\/www.phenixetdragon.net\/wp-content\/uploads\/2025\/07\/johann_brajeul_summer_camp-e1752437618990-1024x770.jpg\",\"datePublished\":\"2022-06-27T16:50:03+00:00\",\"dateModified\":\"2025-10-12T17:26:52+00:00\",\"description\":\"D\u00e9couvrez Johann Brajeul, instructreur de Kung Fu \u00e0 l'Ecole Ph\u00e9nix & Dragon, passionn\u00e9 de partage et de transmission.\",\"breadcrumb\":{\"@id\":\"https:\/\/www.phenixetdragon.net\/notre-ecole\/instructeurs\/johann-brajeul\/#breadcrumb\"},\"inLanguage\":\"en-GB\",\"potentialAction\":[{\"@type\":\"ReadAction\",\"target\":[\"https:\/\/www.phenixetdragon.net\/notre-ecole\/instructeurs\/johann-brajeul\/\"]}]},{\"@type\":\"ImageObject\",\"inLanguage\":\"en-GB\",\"@id\":\"https:\/\/www.phenixetdragon.net\/notre-ecole\/instructeurs\/johann-brajeul\/#primaryimage\",\"url\":\"https:\/\/www.phenixetdragon.net\/wp-content\/uploads\/2025\/07\/johann_brajeul_summer_camp-e1752437618990-1024x770.jpg\",\"contentUrl\":\"https:\/\/www.phenixetdragon.net\/wp-content\/uploads\/2025\/07\/johann_brajeul_summer_camp-e1752437618990-1024x770.jpg\"},{\"@type\":\"BreadcrumbList\",\"@id\":\"https:\/\/www.phenixetdragon.net\/notre-ecole\/instructeurs\/johann-brajeul\/#breadcrumb\",\"itemListElement\":[{\"@type\":\"ListItem\",\"position\":1,\"name\":\"Accueil\",\"item\":\"https:\/\/www.phenixetdragon.net\/\"},{\"@type\":\"ListItem\",\"position\":2,\"name\":\"Notre \u00e9cole\",\"item\":\"https:\/\/www.phenixetdragon.net\/notre-ecole\/\"},{\"@type\":\"ListItem\",\"position\":3,\"name\":\"Instructeurs &#8211; Ph\u00e9nix et Dragon\",\"item\":\"https:\/\/www.phenixetdragon.net\/notre-ecole\/instructeurs\/\"},{\"@type\":\"ListItem\",\"position\":4,\"name\":\"Johann Brajeul\"}]},{\"@type\":\"WebSite\",\"@id\":\"https:\/\/www.phenixetdragon.net\/#website\",\"url\":\"https:\/\/www.phenixetdragon.net\/\",\"name\":\"Ph\u00e9nix et Dragon\",\"description\":\"Arts Martiaux Chinois, Kung Fu, Taiji Quan, et Arts Energ\u00e9tiques, Qi Gong\",\"publisher\":{\"@id\":\"https:\/\/www.phenixetdragon.net\/#organization\"},\"potentialAction\":[{\"@type\":\"SearchAction\",\"target\":{\"@type\":\"EntryPoint\",\"urlTemplate\":\"https:\/\/www.phenixetdragon.net\/?s={search_term_string}\"},\"query-input\":{\"@type\":\"PropertyValueSpecification\",\"valueRequired\":true,\"valueName\":\"search_term_string\"}}],\"inLanguage\":\"en-GB\"},{\"@type\":\"Organization\",\"@id\":\"https:\/\/www.phenixetdragon.net\/#organization\",\"name\":\"Ph\u00e9nix et Dragon\",\"url\":\"https:\/\/www.phenixetdragon.net\/\",\"logo\":{\"@type\":\"ImageObject\",\"inLanguage\":\"en-GB\",\"@id\":\"https:\/\/www.phenixetdragon.net\/#\/schema\/logo\/image\/\",\"url\":\"https:\/\/www.phenixetdragon.net\/wp-content\/uploads\/2021\/08\/logophenixdragon.png\",\"contentUrl\":\"https:\/\/www.phenixetdragon.net\/wp-content\/uploads\/2021\/08\/logophenixdragon.png\",\"width\":674,\"height\":113,\"caption\":\"Ph\u00e9nix et Dragon\"},\"image\":{\"@id\":\"https:\/\/www.phenixetdragon.net\/#\/schema\/logo\/image\/\"},\"sameAs\":[\"https:\/\/fr-fr.facebook.com\/assoephedra\/\",\"https:\/\/www.instagram.com\/ecolephenixetdragon\/\"]}]}<\/script>\n<!-- \/ Yoast SEO plugin. -->","yoast_head_json":{"title":"Johann Brajeul - Ph\u00e9nix et Dragon","description":"D\u00e9couvrez Johann Brajeul, instructreur de Kung Fu \u00e0 l'Ecole Ph\u00e9nix & Dragon, passionn\u00e9 de partage et de transmission.","robots":{"index":"index","follow":"follow","max-snippet":"max-snippet:-1","max-image-preview":"max-image-preview:large","max-video-preview":"max-video-preview:-1"},"canonical":"https:\/\/www.phenixetdragon.net\/en\/notre-ecole\/instructeurs\/johann-brajeul\/","og_locale":"en_GB","og_type":"article","og_title":"Johann Brajeul - Ph\u00e9nix et Dragon","og_description":"D\u00e9couvrez Johann Brajeul, instructreur de Kung Fu \u00e0 l'Ecole Ph\u00e9nix & Dragon, passionn\u00e9 de partage et de transmission.","og_url":"https:\/\/www.phenixetdragon.net\/en\/notre-ecole\/instructeurs\/johann-brajeul\/","og_site_name":"Ph\u00e9nix et Dragon","article_publisher":"https:\/\/fr-fr.facebook.com\/assoephedra\/","article_modified_time":"2025-10-12T17:26:52+00:00","og_image":[{"url":"https:\/\/www.phenixetdragon.net\/wp-content\/uploads\/2025\/07\/johann_brajeul_summer_camp-e1752437618990-1024x770.jpg","type":"","width":"","height":""}],"twitter_card":"summary_large_image","twitter_misc":{"Estimated reading time":"1 minute"},"schema":{"@context":"https:\/\/schema.org","@graph":[{"@type":"WebPage","@id":"https:\/\/www.phenixetdragon.net\/notre-ecole\/instructeurs\/johann-brajeul\/","url":"https:\/\/www.phenixetdragon.net\/notre-ecole\/instructeurs\/johann-brajeul\/","name":"Johann Brajeul - Ph\u00e9nix et Dragon","isPartOf":{"@id":"https:\/\/www.phenixetdragon.net\/#website"},"primaryImageOfPage":{"@id":"https:\/\/www.phenixetdragon.net\/notre-ecole\/instructeurs\/johann-brajeul\/#primaryimage"},"image":{"@id":"https:\/\/www.phenixetdragon.net\/notre-ecole\/instructeurs\/johann-brajeul\/#primaryimage"},"thumbnailUrl":"https:\/\/www.phenixetdragon.net\/wp-content\/uploads\/2025\/07\/johann_brajeul_summer_camp-e1752437618990-1024x770.jpg","datePublished":"2022-06-27T16:50:03+00:00","dateModified":"2025-10-12T17:26:52+00:00","description":"D\u00e9couvrez Johann Brajeul, instructreur de Kung Fu \u00e0 l'Ecole Ph\u00e9nix & Dragon, passionn\u00e9 de partage et de transmission.","breadcrumb":{"@id":"https:\/\/www.phenixetdragon.net\/notre-ecole\/instructeurs\/johann-brajeul\/#breadcrumb"},"inLanguage":"en-GB","potentialAction":[{"@type":"ReadAction","target":["https:\/\/www.phenixetdragon.net\/notre-ecole\/instructeurs\/johann-brajeul\/"]}]},{"@type":"ImageObject","inLanguage":"en-GB","@id":"https:\/\/www.phenixetdragon.net\/notre-ecole\/instructeurs\/johann-brajeul\/#primaryimage","url":"https:\/\/www.phenixetdragon.net\/wp-content\/uploads\/2025\/07\/johann_brajeul_summer_camp-e1752437618990-1024x770.jpg","contentUrl":"https:\/\/www.phenixetdragon.net\/wp-content\/uploads\/2025\/07\/johann_brajeul_summer_camp-e1752437618990-1024x770.jpg"},{"@type":"BreadcrumbList","@id":"https:\/\/www.phenixetdragon.net\/notre-ecole\/instructeurs\/johann-brajeul\/#breadcrumb","itemListElement":[{"@type":"ListItem","position":1,"name":"Accueil","item":"https:\/\/www.phenixetdragon.net\/"},{"@type":"ListItem","position":2,"name":"Notre \u00e9cole","item":"https:\/\/www.phenixetdragon.net\/notre-ecole\/"},{"@type":"ListItem","position":3,"name":"Instructeurs &#8211; Ph\u00e9nix et Dragon","item":"https:\/\/www.phenixetdragon.net\/notre-ecole\/instructeurs\/"},{"@type":"ListItem","position":4,"name":"Johann Brajeul"}]},{"@type":"WebSite","@id":"https:\/\/www.phenixetdragon.net\/#website","url":"https:\/\/www.phenixetdragon.net\/","name":"Ph\u00e9nix et Dragon","description":"Arts Martiaux Chinois, Kung Fu, Taiji Quan, et Arts Energ\u00e9tiques, Qi Gong","publisher":{"@id":"https:\/\/www.phenixetdragon.net\/#organization"},"potentialAction":[{"@type":"SearchAction","target":{"@type":"EntryPoint","urlTemplate":"https:\/\/www.phenixetdragon.net\/?s={search_term_string}"},"query-input":{"@type":"PropertyValueSpecification","valueRequired":true,"valueName":"search_term_string"}}],"inLanguage":"en-GB"},{"@type":"Organization","@id":"https:\/\/www.phenixetdragon.net\/#organization","name":"Ph\u00e9nix et Dragon","url":"https:\/\/www.phenixetdragon.net\/","logo":{"@type":"ImageObject","inLanguage":"en-GB","@id":"https:\/\/www.phenixetdragon.net\/#\/schema\/logo\/image\/","url":"https:\/\/www.phenixetdragon.net\/wp-content\/uploads\/2021\/08\/logophenixdragon.png","contentUrl":"https:\/\/www.phenixetdragon.net\/wp-content\/uploads\/2021\/08\/logophenixdragon.png","width":674,"height":113,"caption":"Ph\u00e9nix et Dragon"},"image":{"@id":"https:\/\/www.phenixetdragon.net\/#\/schema\/logo\/image\/"},"sameAs":["https:\/\/fr-fr.facebook.com\/assoephedra\/","https:\/\/www.instagram.com\/ecolephenixetdragon\/"]}]}},"_links":{"self":[{"href":"https:\/\/www.phenixetdragon.net\/en\/wp-json\/wp\/v2\/pages\/6309","targetHints":{"allow":["GET"]}}],"collection":[{"href":"https:\/\/www.phenixetdragon.net\/en\/wp-json\/wp\/v2\/pages"}],"about":[{"href":"https:\/\/www.phenixetdragon.net\/en\/wp-json\/wp\/v2\/types\/page"}],"author":[{"embeddable":true,"href":"https:\/\/www.phenixetdragon.net\/en\/wp-json\/wp\/v2\/users\/7"}],"replies":[{"embeddable":true,"href":"https:\/\/www.phenixetdragon.net\/en\/wp-json\/wp\/v2\/comments?post=6309"}],"version-history":[{"count":9,"href":"https:\/\/www.phenixetdragon.net\/en\/wp-json\/wp\/v2\/pages\/6309\/revisions"}],"predecessor-version":[{"id":9083,"href":"https:\/\/www.phenixetdragon.net\/en\/wp-json\/wp\/v2\/pages\/6309\/revisions\/9083"}],"up":[{"embeddable":true,"href":"https:\/\/www.phenixetdragon.net\/en\/wp-json\/wp\/v2\/pages\/7645"}],"wp:attachment":[{"href":"https:\/\/www.phenixetdragon.net\/en\/wp-json\/wp\/v2\/media?parent=6309"}],"curies":[{"name":"wp","href":"https:\/\/api.w.org\/{rel}","templated":true}]}}