{"id":6717,"date":"2022-07-06T17:01:55","date_gmt":"2022-07-06T15:01:55","guid":{"rendered":"https:\/\/www.phenixetdragon.net\/?page_id=6717"},"modified":"2026-01-17T09:10:53","modified_gmt":"2026-01-17T08:10:53","slug":"paul-quintard","status":"publish","type":"page","link":"https:\/\/www.phenixetdragon.net\/en\/notre-ecole\/instructeurs\/paul-quintard\/","title":{"rendered":"Paul Quintard"},"content":{"rendered":"<p>Bonjour ! Je m&rsquo;appelle Paul et je pratique le Kung-Fu depuis de nombreuses ann\u00e9es. Ceinture noire et titulaire d&rsquo;un dipl\u00f4me f\u00e9d\u00e9ral, c&rsquo;est avec grand plaisir que je pratique et j&rsquo;enseigne aux enfants, aux ados et aux adultes !<\/p>\n\n\n\n<figure class=\"wp-block-image size-large\"><img decoding=\"async\" src=\"data:image\/gif;base64,R0lGODlhAQABAAAAACH5BAEKAAEALAAAAAABAAEAAAICTAEAOw==\" data-layzr=\"https:\/\/www.phenixetdragon.net\/wp-content\/uploads\/2022\/07\/IMG_0946-1024x768.jpg\" alt=\"\" class=\"wp-image-6718\"\/><\/figure>","protected":false},"excerpt":{"rendered":"<p>Bonjour ! Je m&rsquo;appelle Paul et je pratique le Kung-Fu depuis de nombreuses ann\u00e9es. Ceinture noire et titulaire d&rsquo;un dipl\u00f4me f\u00e9d\u00e9ral, c&rsquo;est avec grand plaisir que je pratique et j&rsquo;enseigne aux enfants, aux ados et aux adultes !<\/p>","protected":false},"author":7,"featured_media":0,"parent":7645,"menu_order":0,"comment_status":"closed","ping_status":"closed","template":"","meta":{"footnotes":""},"class_list":["post-6717","page","type-page","status-publish","hentry","latest_post"],"yoast_head":"<!-- This site is optimized with the Yoast SEO plugin v26.3 - https:\/\/yoast.com\/wordpress\/plugins\/seo\/ -->\n<title>Paul Quintard - Ph\u00e9nix et Dragon<\/title>\n<meta name=\"robots\" content=\"index, follow, max-snippet:-1, max-image-preview:large, max-video-preview:-1\" \/>\n<link rel=\"canonical\" href=\"https:\/\/www.phenixetdragon.net\/en\/notre-ecole\/instructeurs\/paul-quintard\/\" \/>\n<meta property=\"og:locale\" content=\"en_GB\" \/>\n<meta property=\"og:type\" content=\"article\" \/>\n<meta property=\"og:title\" content=\"Paul Quintard - Ph\u00e9nix et Dragon\" \/>\n<meta property=\"og:description\" content=\"Bonjour ! Je m&rsquo;appelle Paul et je pratique le Kung-Fu depuis de nombreuses ann\u00e9es. Ceinture noire et titulaire d&rsquo;un dipl\u00f4me f\u00e9d\u00e9ral, c&rsquo;est avec grand plaisir que je pratique et j&rsquo;enseigne aux enfants, aux ados et aux adultes !\" \/>\n<meta property=\"og:url\" content=\"https:\/\/www.phenixetdragon.net\/en\/notre-ecole\/instructeurs\/paul-quintard\/\" \/>\n<meta property=\"og:site_name\" content=\"Ph\u00e9nix et Dragon\" \/>\n<meta property=\"article:publisher\" content=\"https:\/\/fr-fr.facebook.com\/assoephedra\/\" \/>\n<meta property=\"article:modified_time\" content=\"2026-01-17T08:10:53+00:00\" \/>\n<meta property=\"og:image\" content=\"https:\/\/www.phenixetdragon.net\/wp-content\/uploads\/2022\/07\/IMG_0946-1024x768.jpg\" \/>\n<meta name=\"twitter:card\" content=\"summary_large_image\" \/>\n<meta name=\"twitter:label1\" content=\"Estimated reading time\" \/>\n\t<meta name=\"twitter:data1\" content=\"1 minute\" \/>\n<script type=\"application\/ld+json\" class=\"yoast-schema-graph\">{\"@context\":\"https:\/\/schema.org\",\"@graph\":[{\"@type\":\"WebPage\",\"@id\":\"https:\/\/www.phenixetdragon.net\/notre-ecole\/instructeurs\/paul-quintard\/\",\"url\":\"https:\/\/www.phenixetdragon.net\/notre-ecole\/instructeurs\/paul-quintard\/\",\"name\":\"Paul Quintard - Ph\u00e9nix et Dragon\",\"isPartOf\":{\"@id\":\"https:\/\/www.phenixetdragon.net\/#website\"},\"primaryImageOfPage\":{\"@id\":\"https:\/\/www.phenixetdragon.net\/notre-ecole\/instructeurs\/paul-quintard\/#primaryimage\"},\"image\":{\"@id\":\"https:\/\/www.phenixetdragon.net\/notre-ecole\/instructeurs\/paul-quintard\/#primaryimage\"},\"thumbnailUrl\":\"https:\/\/www.phenixetdragon.net\/wp-content\/uploads\/2022\/07\/IMG_0946-1024x768.jpg\",\"datePublished\":\"2022-07-06T15:01:55+00:00\",\"dateModified\":\"2026-01-17T08:10:53+00:00\",\"breadcrumb\":{\"@id\":\"https:\/\/www.phenixetdragon.net\/notre-ecole\/instructeurs\/paul-quintard\/#breadcrumb\"},\"inLanguage\":\"en-GB\",\"potentialAction\":[{\"@type\":\"ReadAction\",\"target\":[\"https:\/\/www.phenixetdragon.net\/notre-ecole\/instructeurs\/paul-quintard\/\"]}]},{\"@type\":\"ImageObject\",\"inLanguage\":\"en-GB\",\"@id\":\"https:\/\/www.phenixetdragon.net\/notre-ecole\/instructeurs\/paul-quintard\/#primaryimage\",\"url\":\"https:\/\/www.phenixetdragon.net\/wp-content\/uploads\/2022\/07\/IMG_0946-1024x768.jpg\",\"contentUrl\":\"https:\/\/www.phenixetdragon.net\/wp-content\/uploads\/2022\/07\/IMG_0946-1024x768.jpg\"},{\"@type\":\"BreadcrumbList\",\"@id\":\"https:\/\/www.phenixetdragon.net\/notre-ecole\/instructeurs\/paul-quintard\/#breadcrumb\",\"itemListElement\":[{\"@type\":\"ListItem\",\"position\":1,\"name\":\"Accueil\",\"item\":\"https:\/\/www.phenixetdragon.net\/\"},{\"@type\":\"ListItem\",\"position\":2,\"name\":\"Notre \u00e9cole\",\"item\":\"https:\/\/www.phenixetdragon.net\/notre-ecole\/\"},{\"@type\":\"ListItem\",\"position\":3,\"name\":\"Instructeurs &#8211; Ph\u00e9nix et Dragon\",\"item\":\"https:\/\/www.phenixetdragon.net\/notre-ecole\/instructeurs\/\"},{\"@type\":\"ListItem\",\"position\":4,\"name\":\"Paul Quintard\"}]},{\"@type\":\"WebSite\",\"@id\":\"https:\/\/www.phenixetdragon.net\/#website\",\"url\":\"https:\/\/www.phenixetdragon.net\/\",\"name\":\"Ph\u00e9nix et Dragon\",\"description\":\"Arts Martiaux Chinois, Kung Fu, Taiji Quan, et Arts Energ\u00e9tiques, Qi Gong\",\"publisher\":{\"@id\":\"https:\/\/www.phenixetdragon.net\/#organization\"},\"potentialAction\":[{\"@type\":\"SearchAction\",\"target\":{\"@type\":\"EntryPoint\",\"urlTemplate\":\"https:\/\/www.phenixetdragon.net\/?s={search_term_string}\"},\"query-input\":{\"@type\":\"PropertyValueSpecification\",\"valueRequired\":true,\"valueName\":\"search_term_string\"}}],\"inLanguage\":\"en-GB\"},{\"@type\":\"Organization\",\"@id\":\"https:\/\/www.phenixetdragon.net\/#organization\",\"name\":\"Ph\u00e9nix et Dragon\",\"url\":\"https:\/\/www.phenixetdragon.net\/\",\"logo\":{\"@type\":\"ImageObject\",\"inLanguage\":\"en-GB\",\"@id\":\"https:\/\/www.phenixetdragon.net\/#\/schema\/logo\/image\/\",\"url\":\"https:\/\/www.phenixetdragon.net\/wp-content\/uploads\/2021\/08\/logophenixdragon.png\",\"contentUrl\":\"https:\/\/www.phenixetdragon.net\/wp-content\/uploads\/2021\/08\/logophenixdragon.png\",\"width\":674,\"height\":113,\"caption\":\"Ph\u00e9nix et Dragon\"},\"image\":{\"@id\":\"https:\/\/www.phenixetdragon.net\/#\/schema\/logo\/image\/\"},\"sameAs\":[\"https:\/\/fr-fr.facebook.com\/assoephedra\/\",\"https:\/\/www.instagram.com\/ecolephenixetdragon\/\"]}]}<\/script>\n<!-- \/ Yoast SEO plugin. -->","yoast_head_json":{"title":"Paul Quintard - Ph\u00e9nix et Dragon","robots":{"index":"index","follow":"follow","max-snippet":"max-snippet:-1","max-image-preview":"max-image-preview:large","max-video-preview":"max-video-preview:-1"},"canonical":"https:\/\/www.phenixetdragon.net\/en\/notre-ecole\/instructeurs\/paul-quintard\/","og_locale":"en_GB","og_type":"article","og_title":"Paul Quintard - Ph\u00e9nix et Dragon","og_description":"Bonjour ! Je m&rsquo;appelle Paul et je pratique le Kung-Fu depuis de nombreuses ann\u00e9es. Ceinture noire et titulaire d&rsquo;un dipl\u00f4me f\u00e9d\u00e9ral, c&rsquo;est avec grand plaisir que je pratique et j&rsquo;enseigne aux enfants, aux ados et aux adultes !","og_url":"https:\/\/www.phenixetdragon.net\/en\/notre-ecole\/instructeurs\/paul-quintard\/","og_site_name":"Ph\u00e9nix et Dragon","article_publisher":"https:\/\/fr-fr.facebook.com\/assoephedra\/","article_modified_time":"2026-01-17T08:10:53+00:00","og_image":[{"url":"https:\/\/www.phenixetdragon.net\/wp-content\/uploads\/2022\/07\/IMG_0946-1024x768.jpg","type":"","width":"","height":""}],"twitter_card":"summary_large_image","twitter_misc":{"Estimated reading time":"1 minute"},"schema":{"@context":"https:\/\/schema.org","@graph":[{"@type":"WebPage","@id":"https:\/\/www.phenixetdragon.net\/notre-ecole\/instructeurs\/paul-quintard\/","url":"https:\/\/www.phenixetdragon.net\/notre-ecole\/instructeurs\/paul-quintard\/","name":"Paul Quintard - Ph\u00e9nix et Dragon","isPartOf":{"@id":"https:\/\/www.phenixetdragon.net\/#website"},"primaryImageOfPage":{"@id":"https:\/\/www.phenixetdragon.net\/notre-ecole\/instructeurs\/paul-quintard\/#primaryimage"},"image":{"@id":"https:\/\/www.phenixetdragon.net\/notre-ecole\/instructeurs\/paul-quintard\/#primaryimage"},"thumbnailUrl":"https:\/\/www.phenixetdragon.net\/wp-content\/uploads\/2022\/07\/IMG_0946-1024x768.jpg","datePublished":"2022-07-06T15:01:55+00:00","dateModified":"2026-01-17T08:10:53+00:00","breadcrumb":{"@id":"https:\/\/www.phenixetdragon.net\/notre-ecole\/instructeurs\/paul-quintard\/#breadcrumb"},"inLanguage":"en-GB","potentialAction":[{"@type":"ReadAction","target":["https:\/\/www.phenixetdragon.net\/notre-ecole\/instructeurs\/paul-quintard\/"]}]},{"@type":"ImageObject","inLanguage":"en-GB","@id":"https:\/\/www.phenixetdragon.net\/notre-ecole\/instructeurs\/paul-quintard\/#primaryimage","url":"https:\/\/www.phenixetdragon.net\/wp-content\/uploads\/2022\/07\/IMG_0946-1024x768.jpg","contentUrl":"https:\/\/www.phenixetdragon.net\/wp-content\/uploads\/2022\/07\/IMG_0946-1024x768.jpg"},{"@type":"BreadcrumbList","@id":"https:\/\/www.phenixetdragon.net\/notre-ecole\/instructeurs\/paul-quintard\/#breadcrumb","itemListElement":[{"@type":"ListItem","position":1,"name":"Accueil","item":"https:\/\/www.phenixetdragon.net\/"},{"@type":"ListItem","position":2,"name":"Notre \u00e9cole","item":"https:\/\/www.phenixetdragon.net\/notre-ecole\/"},{"@type":"ListItem","position":3,"name":"Instructeurs &#8211; Ph\u00e9nix et Dragon","item":"https:\/\/www.phenixetdragon.net\/notre-ecole\/instructeurs\/"},{"@type":"ListItem","position":4,"name":"Paul Quintard"}]},{"@type":"WebSite","@id":"https:\/\/www.phenixetdragon.net\/#website","url":"https:\/\/www.phenixetdragon.net\/","name":"Ph\u00e9nix et Dragon","description":"Arts Martiaux Chinois, Kung Fu, Taiji Quan, et Arts Energ\u00e9tiques, Qi Gong","publisher":{"@id":"https:\/\/www.phenixetdragon.net\/#organization"},"potentialAction":[{"@type":"SearchAction","target":{"@type":"EntryPoint","urlTemplate":"https:\/\/www.phenixetdragon.net\/?s={search_term_string}"},"query-input":{"@type":"PropertyValueSpecification","valueRequired":true,"valueName":"search_term_string"}}],"inLanguage":"en-GB"},{"@type":"Organization","@id":"https:\/\/www.phenixetdragon.net\/#organization","name":"Ph\u00e9nix et Dragon","url":"https:\/\/www.phenixetdragon.net\/","logo":{"@type":"ImageObject","inLanguage":"en-GB","@id":"https:\/\/www.phenixetdragon.net\/#\/schema\/logo\/image\/","url":"https:\/\/www.phenixetdragon.net\/wp-content\/uploads\/2021\/08\/logophenixdragon.png","contentUrl":"https:\/\/www.phenixetdragon.net\/wp-content\/uploads\/2021\/08\/logophenixdragon.png","width":674,"height":113,"caption":"Ph\u00e9nix et Dragon"},"image":{"@id":"https:\/\/www.phenixetdragon.net\/#\/schema\/logo\/image\/"},"sameAs":["https:\/\/fr-fr.facebook.com\/assoephedra\/","https:\/\/www.instagram.com\/ecolephenixetdragon\/"]}]}},"_links":{"self":[{"href":"https:\/\/www.phenixetdragon.net\/en\/wp-json\/wp\/v2\/pages\/6717","targetHints":{"allow":["GET"]}}],"collection":[{"href":"https:\/\/www.phenixetdragon.net\/en\/wp-json\/wp\/v2\/pages"}],"about":[{"href":"https:\/\/www.phenixetdragon.net\/en\/wp-json\/wp\/v2\/types\/page"}],"author":[{"embeddable":true,"href":"https:\/\/www.phenixetdragon.net\/en\/wp-json\/wp\/v2\/users\/7"}],"replies":[{"embeddable":true,"href":"https:\/\/www.phenixetdragon.net\/en\/wp-json\/wp\/v2\/comments?post=6717"}],"version-history":[{"count":1,"href":"https:\/\/www.phenixetdragon.net\/en\/wp-json\/wp\/v2\/pages\/6717\/revisions"}],"predecessor-version":[{"id":6719,"href":"https:\/\/www.phenixetdragon.net\/en\/wp-json\/wp\/v2\/pages\/6717\/revisions\/6719"}],"up":[{"embeddable":true,"href":"https:\/\/www.phenixetdragon.net\/en\/wp-json\/wp\/v2\/pages\/7645"}],"wp:attachment":[{"href":"https:\/\/www.phenixetdragon.net\/en\/wp-json\/wp\/v2\/media?parent=6717"}],"curies":[{"name":"wp","href":"https:\/\/api.w.org\/{rel}","templated":true}]}}