{"id":6870,"date":"2022-09-12T10:35:40","date_gmt":"2022-09-12T08:35:40","guid":{"rendered":"https:\/\/www.phenixetdragon.net\/?page_id=6870"},"modified":"2026-04-06T17:29:58","modified_gmt":"2026-04-06T15:29:58","slug":"prochains-stages","status":"publish","type":"page","link":"https:\/\/www.phenixetdragon.net\/en\/stages\/prochains-stages\/","title":{"rendered":"Stages 2025-2026, Taiji (Tai Chi), Qi Gong et Kung Fu \u00e0 Paris"},"content":{"rendered":"<p class=\"has-text-align-center has-white-color has-blush-bordeaux-gradient-background has-text-color has-background has-link-color wp-elements-4442b34c61a320093465821efac3a247\">&gt;&gt; <strong>Plongez dans l\u2019exp\u00e9rience vivante des stages Ph\u00e9nix et Dragon <\/strong>&lt;&lt;<\/p>\n\n\n\n<h1 class=\"wp-block-heading has-vivid-red-color has-text-color has-link-color has-medium-font-size wp-elements-34e1e3090b1b91eaa63ea0c2635c627a\"><strong>L\u2019\u00c9cole Ph\u00e9nix et Dragon propose des stages r\u00e9guliers pour approfondir la pratique du Qi Gong, du Kung Fu et du Taiji Quan<\/strong> (Tai Chi) \u00e0 Paris<\/h1>\n\n\n\n<p>Ces journ\u00e9es de pratique sont ouvertes \u00e0 toutes et tous, dans une atmosph\u00e8re d&rsquo;\u00e9coute, de rigueur joyeuse, de bienveillance inspirante et de transmission vivante. Ce sont des moments privil\u00e9gi\u00e9s pour plonger plus profond\u00e9ment dans la pratique, pour progresser dans les formes transmises, pour explorer les principes fondamentaux, et pour nourrir une pratique vivante. <\/p>\n\n\n\n<p>Que vous soyez d\u00e9butant curieux ou pratiquant exp\u00e9riment\u00e9, chaque stage vous permettra d&rsquo;explorer le l\u2019\u00e9quilibre entre force, fluidit\u00e9 et conscience !<\/p>\n\n\n\n<div class=\"wp-block-columns is-layout-flex wp-container-core-columns-is-layout-9d6595d7 wp-block-columns-is-layout-flex\">\n<div class=\"wp-block-column is-layout-flow wp-block-column-is-layout-flow\">\n<figure class=\"wp-block-image size-large\"><img decoding=\"async\" src=\"data:image\/gif;base64,R0lGODlhAQABAAAAACH5BAEKAAEALAAAAAABAAEAAAICTAEAOw==\" data-layzr=\"https:\/\/www.phenixetdragon.net\/wp-content\/uploads\/2025\/07\/IMG_1975-edited.jpg\" alt=\"\" class=\"wp-image-9089\"\/><\/figure>\n<\/div>\n\n\n\n<div class=\"wp-block-column is-layout-flow wp-block-column-is-layout-flow\">\n<figure class=\"wp-block-image size-full\"><img decoding=\"async\" src=\"data:image\/gif;base64,R0lGODlhAQABAAAAACH5BAEKAAEALAAAAAABAAEAAAICTAEAOw==\" data-layzr=\"https:\/\/www.phenixetdragon.net\/wp-content\/uploads\/2025\/07\/D9568D7C-6124-42E2-AB76-2199FBA87A3F_4_5005_c-edited.jpeg\" alt=\"\" class=\"wp-image-9086\"\/><\/figure>\n<\/div>\n\n\n\n<div class=\"wp-block-column is-layout-flow wp-block-column-is-layout-flow\">\n<figure class=\"wp-block-image size-large\"><img decoding=\"async\" src=\"data:image\/gif;base64,R0lGODlhAQABAAAAACH5BAEKAAEALAAAAAABAAEAAAICTAEAOw==\" data-layzr=\"https:\/\/www.phenixetdragon.net\/wp-content\/uploads\/2025\/07\/20221211_122515-scaled-1-edited-1.jpg\" alt=\"\" class=\"wp-image-9088\"\/><\/figure>\n<\/div>\n<\/div>\n\n\n\n<h1 class=\"wp-block-heading has-vivid-red-color has-text-color has-link-color has-medium-font-size wp-elements-3a1a4e60f5c595b06ce31f6cec715933\"><strong>D\u00e9couvrez ci-dessous les prochaines dates et rejoignez-nous pour une aventure int\u00e9rieure et collective:<\/strong><\/h1>\n\n\n\n<figure class=\"wp-block-table is-style-stripes has-small-font-size\" style=\"font-style:normal;font-weight:300\"><table class=\"has-black-color has-white-background-color has-text-color has-background\"><thead><tr><th class=\"has-text-align-left\" data-align=\"left\"><\/th><th class=\"has-text-align-left\" data-align=\"left\">Date du stage<\/th><th class=\"has-text-align-center\" data-align=\"center\">Ouvert \u00e0 tous<\/th><th class=\"has-text-align-center\" data-align=\"center\">Ouvert pour les adh\u00e9rents de la Formation Tao et Sant\u00e9<\/th><\/tr><\/thead><tbody><tr><td class=\"has-text-align-left\" data-align=\"left\">Stage Kung Fu<\/td><td class=\"has-text-align-left\" data-align=\"left\">Samedi 13 Septembre 2025<\/td><td class=\"has-text-align-center\" data-align=\"center\">14h-16h30<\/td><td class=\"has-text-align-center\" data-align=\"center\">14h-18h45<\/td><\/tr><tr><td class=\"has-text-align-left\" data-align=\"left\">Stage Qi Gong<\/td><td class=\"has-text-align-left\" data-align=\"left\">Dimanche 14 Septembre 2025<\/td><td class=\"has-text-align-center\" data-align=\"center\">9h-12h<\/td><td class=\"has-text-align-center\" data-align=\"center\">9h-12h<\/td><\/tr><tr><td class=\"has-text-align-left\" data-align=\"left\">Stage Taiji Quan<\/td><td class=\"has-text-align-left\" data-align=\"left\">Dimanche 14 Septembre 2025<\/td><td class=\"has-text-align-center\" data-align=\"center\">14h-16h45<\/td><td class=\"has-text-align-center\" data-align=\"center\">14h-16h45<\/td><\/tr><tr><td class=\"has-text-align-left\" data-align=\"left\">Stage Week-end R\u00e9sidentiel<\/td><td class=\"has-text-align-left\" data-align=\"left\">Du Vendredi apr\u00e8s midi 3 au dimanche apr\u00e8s midi 5 Octobre 2025 au <a href=\"https:\/\/www.phenixetdragon.net\/le-domaine-de-toussacq\/\">Domaine de Toussacq<\/a><\/td><td class=\"has-text-align-center\" data-align=\"center\">Tout le stage<\/td><td class=\"has-text-align-center\" data-align=\"center\">Tout le stage<\/td><\/tr><tr><td class=\"has-text-align-left\" data-align=\"left\">Stage Kung Fu<\/td><td class=\"has-text-align-left\" data-align=\"left\">Samedi 13 D\u00e9cembre 2025<\/td><td class=\"has-text-align-center\" data-align=\"center\">14h-16h30<\/td><td class=\"has-text-align-center\" data-align=\"center\">14h-18h45<\/td><\/tr><tr><td class=\"has-text-align-left\" data-align=\"left\">Stage Kung Fu<\/td><td class=\"has-text-align-left\" data-align=\"left\">Dimanche 14 D\u00e9cembre 2025<\/td><td class=\"has-text-align-center\" data-align=\"center\">9h-12h &#8211; complet<\/td><td class=\"has-text-align-center\" data-align=\"center\">9h-16h45<\/td><\/tr><tr><td class=\"has-text-align-left\" data-align=\"left\">Stage Qi Gong<\/td><td class=\"has-text-align-left\" data-align=\"left\">Samedi 17 Janvier 2026<\/td><td class=\"has-text-align-center\" data-align=\"center\">14h-16h30<\/td><td class=\"has-text-align-center\" data-align=\"center\">14h-18h45<\/td><\/tr><tr><td class=\"has-text-align-left\" data-align=\"left\">Stage Taji Quan<\/td><td class=\"has-text-align-left\" data-align=\"left\">Dimanche 18 Janvier 2026<\/td><td class=\"has-text-align-center\" data-align=\"center\"><s>9h-12h <\/s><br>13h30 \u2013 16h<\/td><td class=\"has-text-align-center\" data-align=\"center\">9h-16h45<\/td><\/tr><tr><td class=\"has-text-align-left\" data-align=\"left\">Stage Qi Gong<\/td><td class=\"has-text-align-left\" data-align=\"left\">Samedi 14 F\u00e9vrier 2026<\/td><td class=\"has-text-align-center\" data-align=\"center\">14h-16h30<\/td><td class=\"has-text-align-center\" data-align=\"center\">14h-18h45<\/td><\/tr><tr><td class=\"has-text-align-left\" data-align=\"left\">Stage Kung Fu<\/td><td class=\"has-text-align-left\" data-align=\"left\">Dimanche 15 F\u00e9vrier 2026<\/td><td class=\"has-text-align-center\" data-align=\"center\"><s>9h-12h <\/s><br>13h30 \u2013 16h<\/td><td class=\"has-text-align-center\" data-align=\"center\">9h-16h45<\/td><\/tr><tr><td class=\"has-text-align-left\" data-align=\"left\">Stage Taiji Quan<\/td><td class=\"has-text-align-left\" data-align=\"left\">Samedi 14 Mars 2026<\/td><td class=\"has-text-align-center\" data-align=\"center\">14h-16h30<\/td><td class=\"has-text-align-center\" data-align=\"center\">14h-18h45<\/td><\/tr><tr><td class=\"has-text-align-left\" data-align=\"left\">Stage Qi Gong<\/td><td class=\"has-text-align-left\" data-align=\"left\">Dimanche 15 Mars 2026<\/td><td class=\"has-text-align-center\" data-align=\"center\">9h-12h<\/td><td class=\"has-text-align-center\" data-align=\"center\">9h-16h45<\/td><\/tr><tr><td class=\"has-text-align-left\" data-align=\"left\">Stage Kung Fu<\/td><td class=\"has-text-align-left\" data-align=\"left\"><a href=\"https:\/\/www.helloasso.com\/associations\/association-sports-de-combat-et-d-arts-martiaux\/adhesions\/stage-qg-tj-kf-2025-2026\/widget?_gl=1%2ack6sd5%2a_gcl_au%2aNzExMTMwMjYzLjE3NzI5NTg1MzIuNDU4OTE5NTcwLjE3NzQ2MTcwMTEuMTc3NDYxNzAxMA\">Samedi 11 Avril 2026<\/a><\/td><td class=\"has-text-align-center\" data-align=\"center\">14h-16h30<\/td><td class=\"has-text-align-center\" data-align=\"center\">14h-18h45<\/td><\/tr><tr><td class=\"has-text-align-left\" data-align=\"left\">Taiji Quan<\/td><td class=\"has-text-align-left\" data-align=\"left\"><a href=\"https:\/\/www.helloasso.com\/associations\/association-sports-de-combat-et-d-arts-martiaux\/adhesions\/stage-qg-tj-kf-2025-2026\/widget?_gl=1%2ack6sd5%2a_gcl_au%2aNzExMTMwMjYzLjE3NzI5NTg1MzIuNDU4OTE5NTcwLjE3NzQ2MTcwMTEuMTc3NDYxNzAxMA\">Dimanche 12 Avril 2026<\/a><\/td><td class=\"has-text-align-center\" data-align=\"center\">9h-12h<\/td><td class=\"has-text-align-center\" data-align=\"center\">9h-16h45<\/td><\/tr><tr><td class=\"has-text-align-left\" data-align=\"left\">Stage Sanda<\/td><td class=\"has-text-align-left\" data-align=\"left\"><a href=\"https:\/\/www.helloasso.com\/associations\/association-sports-de-combat-et-d-arts-martiaux\/adhesions\/stage-qg-tj-kf-2025-2026\/widget?_gl=1%2ack6sd5%2a_gcl_au%2aNzExMTMwMjYzLjE3NzI5NTg1MzIuNDU4OTE5NTcwLjE3NzQ2MTcwMTEuMTc3NDYxNzAxMA\">Dimanche 12 Avril 2026<\/a><\/td><td class=\"has-text-align-center\" data-align=\"center\">9h30 \u2013 16h30<\/td><td class=\"has-text-align-center\" data-align=\"center\">9h30 \u2013 16h30<\/td><\/tr><tr><td class=\"has-text-align-left\" data-align=\"left\">Stage Week-end R\u00e9sidentiel<\/td><td class=\"has-text-align-left\" data-align=\"left\">Du Vendredi matin 8 au Dimanche apr\u00e8s midi 10 Mai 2026 au <a href=\"https:\/\/www.phenixetdragon.net\/le-domaine-de-toussacq\/\">Domaine de Toussacq<\/a><\/td><td class=\"has-text-align-center\" data-align=\"center\">Tout le stage<\/td><td class=\"has-text-align-center\" data-align=\"center\">Tout le stage<\/td><\/tr><tr><td class=\"has-text-align-left\" data-align=\"left\">Stage Kung Fu<\/td><td class=\"has-text-align-left\" data-align=\"left\">Dimanche 7 Juin 2026 <\/td><td class=\"has-text-align-center\" data-align=\"center\">9h-12h<\/td><td class=\"has-text-align-center\" data-align=\"center\">9h-16h45<\/td><\/tr><tr><td class=\"has-text-align-left\" data-align=\"left\"><a href=\"https:\/\/www.phenixetdragon.net\/summercamp\/\">Summer Camp<\/a><\/td><td class=\"has-text-align-left\" data-align=\"left\">Du Samedi 4 au samedi 11 juillet 2026<\/td><td class=\"has-text-align-center\" data-align=\"center\">Tout le s\u00e9jour<\/td><td class=\"has-text-align-center\" data-align=\"center\">Tout le s\u00e9jour<\/td><\/tr><\/tbody><\/table><figcaption class=\"wp-element-caption\">Les dates indiqu\u00e9es sont fixes, sauf circonstances exceptionnelles.<br>Les horaires sont donn\u00e9s \u00e0 titre indicatif et peuvent \u00eatre ajust\u00e9s en fonction des contraintes des lieux (notamment celles de la mairie de Paris).<\/figcaption><\/figure>\n\n\n\n<p class=\"has-text-align-center has-white-color has-blush-bordeaux-gradient-background has-text-color has-background has-link-color wp-elements-d66d121cdd5848f0e29c473fdea752ed\"><strong>&gt;&gt; Rejoignez-nous pour progresser, partager et d\u00e9couvrir nos arts martiaux et pratiques \u00e9nerg\u00e9tiques ! Vous souhaitez en savoir plus ? Notre \u00e9quipe est l\u00e0 pour vous r\u00e9pondre ! &lt;&lt;<\/strong><\/p>\n\n\n\n<h1 class=\"wp-block-heading has-vivid-red-color has-text-color has-link-color has-medium-font-size wp-elements-94eb0c69a7958a65c56c3ab30f5dc70e\"><strong>Registration<\/strong><\/h1>\n\n\n\n<p>Les tarifs et modalit\u00e9s d\u2019inscription seront pr\u00e9cis\u00e9s quelques semaines avant chaque stage. Les inscriptions se font sur notre plateforme HELLOASSO : les liens ne sont actifs uniquement lorsque l&rsquo;inscription est ouverte !<\/p>\n\n\n\n<h1 class=\"wp-block-heading has-vivid-red-color has-text-color has-link-color has-medium-font-size wp-elements-9b3e6b445f0abac5fc4da925e02b07bc\"><strong>Lieux des stages<\/strong><\/h1>\n\n\n\n<p>Les lieux sont communiqu\u00e9s quelques semaines ou jours avant chaque stage.<\/p>\n\n\n\n<p><strong>Les stages en r\u00e9sidentiel<\/strong> se d\u00e9roulent dans des lieux proches de Paris (\u00e0 2h maximum), choisis pour leur calme et leur cadre naturel propice \u00e0 l&rsquo;immersion. Depuis 2024, nous allons r\u00e9guli\u00e8rement au <a href=\"https:\/\/www.domainetoussacq.fr\/\">Domaine de Toussacq<\/a>.<\/p>\n\n\n\n<h1 class=\"wp-block-heading has-vivid-red-color has-text-color has-link-color has-medium-font-size wp-elements-be0127110e13e847581bfaace707807e\"><strong>Informations pratiques<\/strong><\/h1>\n\n\n\n<p>Pour les adh\u00e9rents de la <strong><a href=\"https:\/\/www.phenixetdragon.net\/formation-tao-et-sante\/\">Formation Tao et Sant\u00e9<\/a><\/strong>, la participation \u00e0 tous les stages relevant de la\/les disciplines choisie(s) est incluse dans le tarif de la formation.<\/p>\n\n\n\n<p>Pour les <strong>stages en week-end r\u00e9sidentiel<\/strong>, une participation aux frais de logement et repas est demand\u00e9e \u00e0 tous les participants, y compris les participants inscrits \u00e0 la formation.<\/p>\n\n\n\n<p>Les <strong>stages avec invit\u00e9s<\/strong> (comme le moine tao\u00efste Ming Yue en 2023\u20132024) peuvent \u00e9galement faire l\u2019objet d\u2019un tarif sp\u00e9cifique.<\/p>\n\n\n\n<div class=\"wp-block-columns is-layout-flex wp-container-core-columns-is-layout-9d6595d7 wp-block-columns-is-layout-flex\">\n<div class=\"wp-block-column is-layout-flow wp-block-column-is-layout-flow\">\n<figure class=\"wp-block-image size-full\"><img decoding=\"async\" src=\"data:image\/gif;base64,R0lGODlhAQABAAAAACH5BAEKAAEALAAAAAABAAEAAAICTAEAOw==\" data-layzr=\"https:\/\/www.phenixetdragon.net\/wp-content\/uploads\/2025\/07\/B1E2A4B8-C65D-4752-A883-414D85C2E810_4_5005_c-edited.jpeg\" alt=\"\" class=\"wp-image-9090\"\/><\/figure>\n<\/div>\n\n\n\n<div class=\"wp-block-column is-layout-flow wp-block-column-is-layout-flow\">\n<figure class=\"wp-block-image size-large\"><img decoding=\"async\" src=\"data:image\/gif;base64,R0lGODlhAQABAAAAACH5BAEKAAEALAAAAAABAAEAAAICTAEAOw==\" data-layzr=\"https:\/\/www.phenixetdragon.net\/wp-content\/uploads\/2025\/07\/Summer-Camp-Qi-Gong-edited-scaled.jpeg\" alt=\"\" class=\"wp-image-9085\"\/><\/figure>\n<\/div>\n\n\n\n<div class=\"wp-block-column is-layout-flow wp-block-column-is-layout-flow\">\n<figure class=\"wp-block-image size-full\"><img decoding=\"async\" src=\"data:image\/gif;base64,R0lGODlhAQABAAAAACH5BAEKAAEALAAAAAABAAEAAAICTAEAOw==\" data-layzr=\"https:\/\/www.phenixetdragon.net\/wp-content\/uploads\/2025\/07\/Capture-decran-2023-02-28-a-20.22.01-edited.png\" alt=\"\" class=\"wp-image-9091\"\/><\/figure>\n<\/div>\n<\/div>\n\n\n\n<p class=\"has-text-align-center has-white-color has-blush-bordeaux-gradient-background has-text-color has-background has-link-color has-medium-font-size wp-elements-fdcfcbe75b00f5a82d078e582fdd8cfd\"><strong>&gt;&gt; D\u00e9couvrez les <a href=\"https:\/\/www.phenixetdragon.net\/stages\/videos\/\">vid\u00e9os<\/a> de nos stages pass\u00e9s et revivez les moments forts !<\/strong> Pour plus d\u2019informations sur nos stages ou les modalit\u00e9s d\u2019inscription, contactez-nous ! &lt;&lt;<\/p>","protected":false},"excerpt":{"rendered":"<p>&gt;&gt; Plongez dans l\u2019exp\u00e9rience vivante des stages Ph\u00e9nix et Dragon &lt;&lt; L\u2019\u00c9cole Ph\u00e9nix et Dragon propose des stages r\u00e9guliers pour approfondir la pratique du Qi Gong, du Kung Fu et du Taiji Quan (Tai Chi) \u00e0 Paris Ces journ\u00e9es de pratique sont ouvertes \u00e0 toutes et tous, dans une atmosph\u00e8re d&rsquo;\u00e9coute, de rigueur joyeuse, de &hellip; <\/p>","protected":false},"author":7,"featured_media":0,"parent":9093,"menu_order":0,"comment_status":"closed","ping_status":"closed","template":"","meta":{"footnotes":""},"class_list":["post-6870","page","type-page","status-publish","hentry","latest_post"],"yoast_head":"<!-- This site is optimized with the Yoast SEO plugin v26.3 - https:\/\/yoast.com\/wordpress\/plugins\/seo\/ -->\n<title>Stages 2025-2026, Taiji (Tai Chi), Qi Gong et Kung Fu \u00e0 Paris - Ph\u00e9nix et Dragon<\/title>\n<meta name=\"description\" content=\"D\u00e9couvrez les prochains stages de Kung Fu, Taiji Quan et Qi Gong organis\u00e9s par Ph\u00e9nix &amp; Dragon : dates, lieux, modalit\u00e9s d&#039;inscription et tarifs. Rejoignez-nous pour une pratique authentique et immersive !\" \/>\n<meta name=\"robots\" content=\"index, follow, max-snippet:-1, max-image-preview:large, max-video-preview:-1\" \/>\n<link rel=\"canonical\" href=\"https:\/\/www.phenixetdragon.net\/en\/stages\/prochains-stages\/\" \/>\n<meta property=\"og:locale\" content=\"en_GB\" \/>\n<meta property=\"og:type\" content=\"article\" \/>\n<meta property=\"og:title\" content=\"Stages 2025-2026, Taiji (Tai Chi), Qi Gong et Kung Fu \u00e0 Paris - Ph\u00e9nix et Dragon\" \/>\n<meta property=\"og:description\" content=\"D\u00e9couvrez les prochains stages de Kung Fu, Taiji Quan et Qi Gong organis\u00e9s par Ph\u00e9nix &amp; Dragon : dates, lieux, modalit\u00e9s d&#039;inscription et tarifs. Rejoignez-nous pour une pratique authentique et immersive !\" \/>\n<meta property=\"og:url\" content=\"https:\/\/www.phenixetdragon.net\/en\/stages\/prochains-stages\/\" \/>\n<meta property=\"og:site_name\" content=\"Ph\u00e9nix et Dragon\" \/>\n<meta property=\"article:publisher\" content=\"https:\/\/fr-fr.facebook.com\/assoephedra\/\" \/>\n<meta property=\"article:modified_time\" content=\"2026-04-06T15:29:58+00:00\" \/>\n<meta property=\"og:image\" content=\"https:\/\/www.phenixetdragon.net\/wp-content\/uploads\/2025\/07\/IMG_1975-edited.jpg\" \/>\n<meta name=\"twitter:card\" content=\"summary_large_image\" \/>\n<meta name=\"twitter:label1\" content=\"Estimated reading time\" \/>\n\t<meta name=\"twitter:data1\" content=\"5 minutes\" \/>\n<script type=\"application\/ld+json\" class=\"yoast-schema-graph\">{\"@context\":\"https:\/\/schema.org\",\"@graph\":[{\"@type\":\"WebPage\",\"@id\":\"https:\/\/www.phenixetdragon.net\/stages\/prochains-stages\/\",\"url\":\"https:\/\/www.phenixetdragon.net\/stages\/prochains-stages\/\",\"name\":\"Stages 2025-2026, Taiji (Tai Chi), Qi Gong et Kung Fu \u00e0 Paris - Ph\u00e9nix et Dragon\",\"isPartOf\":{\"@id\":\"https:\/\/www.phenixetdragon.net\/#website\"},\"primaryImageOfPage\":{\"@id\":\"https:\/\/www.phenixetdragon.net\/stages\/prochains-stages\/#primaryimage\"},\"image\":{\"@id\":\"https:\/\/www.phenixetdragon.net\/stages\/prochains-stages\/#primaryimage\"},\"thumbnailUrl\":\"https:\/\/www.phenixetdragon.net\/wp-content\/uploads\/2025\/07\/IMG_1975-edited.jpg\",\"datePublished\":\"2022-09-12T08:35:40+00:00\",\"dateModified\":\"2026-04-06T15:29:58+00:00\",\"description\":\"D\u00e9couvrez les prochains stages de Kung Fu, Taiji Quan et Qi Gong organis\u00e9s par Ph\u00e9nix & Dragon : dates, lieux, modalit\u00e9s d'inscription et tarifs. Rejoignez-nous pour une pratique authentique et immersive !\",\"breadcrumb\":{\"@id\":\"https:\/\/www.phenixetdragon.net\/stages\/prochains-stages\/#breadcrumb\"},\"inLanguage\":\"en-GB\",\"potentialAction\":[{\"@type\":\"ReadAction\",\"target\":[\"https:\/\/www.phenixetdragon.net\/stages\/prochains-stages\/\"]}]},{\"@type\":\"ImageObject\",\"inLanguage\":\"en-GB\",\"@id\":\"https:\/\/www.phenixetdragon.net\/stages\/prochains-stages\/#primaryimage\",\"url\":\"https:\/\/www.phenixetdragon.net\/wp-content\/uploads\/2025\/07\/IMG_1975-edited.jpg\",\"contentUrl\":\"https:\/\/www.phenixetdragon.net\/wp-content\/uploads\/2025\/07\/IMG_1975-edited.jpg\"},{\"@type\":\"BreadcrumbList\",\"@id\":\"https:\/\/www.phenixetdragon.net\/stages\/prochains-stages\/#breadcrumb\",\"itemListElement\":[{\"@type\":\"ListItem\",\"position\":1,\"name\":\"Accueil\",\"item\":\"https:\/\/www.phenixetdragon.net\/\"},{\"@type\":\"ListItem\",\"position\":2,\"name\":\"Nos Stages\",\"item\":\"https:\/\/www.phenixetdragon.net\/stages\/\"},{\"@type\":\"ListItem\",\"position\":3,\"name\":\"Stages 2025-2026, Taiji (Tai Chi), Qi Gong et Kung Fu \u00e0 Paris\"}]},{\"@type\":\"WebSite\",\"@id\":\"https:\/\/www.phenixetdragon.net\/#website\",\"url\":\"https:\/\/www.phenixetdragon.net\/\",\"name\":\"Ph\u00e9nix et Dragon\",\"description\":\"Arts Martiaux Chinois, Kung Fu, Taiji Quan, et Arts Energ\u00e9tiques, Qi Gong\",\"publisher\":{\"@id\":\"https:\/\/www.phenixetdragon.net\/#organization\"},\"potentialAction\":[{\"@type\":\"SearchAction\",\"target\":{\"@type\":\"EntryPoint\",\"urlTemplate\":\"https:\/\/www.phenixetdragon.net\/?s={search_term_string}\"},\"query-input\":{\"@type\":\"PropertyValueSpecification\",\"valueRequired\":true,\"valueName\":\"search_term_string\"}}],\"inLanguage\":\"en-GB\"},{\"@type\":\"Organization\",\"@id\":\"https:\/\/www.phenixetdragon.net\/#organization\",\"name\":\"Ph\u00e9nix et Dragon\",\"url\":\"https:\/\/www.phenixetdragon.net\/\",\"logo\":{\"@type\":\"ImageObject\",\"inLanguage\":\"en-GB\",\"@id\":\"https:\/\/www.phenixetdragon.net\/#\/schema\/logo\/image\/\",\"url\":\"https:\/\/www.phenixetdragon.net\/wp-content\/uploads\/2021\/08\/logophenixdragon.png\",\"contentUrl\":\"https:\/\/www.phenixetdragon.net\/wp-content\/uploads\/2021\/08\/logophenixdragon.png\",\"width\":674,\"height\":113,\"caption\":\"Ph\u00e9nix et Dragon\"},\"image\":{\"@id\":\"https:\/\/www.phenixetdragon.net\/#\/schema\/logo\/image\/\"},\"sameAs\":[\"https:\/\/fr-fr.facebook.com\/assoephedra\/\",\"https:\/\/www.instagram.com\/ecolephenixetdragon\/\"]}]}<\/script>\n<!-- \/ Yoast SEO plugin. -->","yoast_head_json":{"title":"Stages 2025-2026, Taiji (Tai Chi), Qi Gong et Kung Fu \u00e0 Paris - Ph\u00e9nix et Dragon","description":"D\u00e9couvrez les prochains stages de Kung Fu, Taiji Quan et Qi Gong organis\u00e9s par Ph\u00e9nix & Dragon : dates, lieux, modalit\u00e9s d'inscription et tarifs. Rejoignez-nous pour une pratique authentique et immersive !","robots":{"index":"index","follow":"follow","max-snippet":"max-snippet:-1","max-image-preview":"max-image-preview:large","max-video-preview":"max-video-preview:-1"},"canonical":"https:\/\/www.phenixetdragon.net\/en\/stages\/prochains-stages\/","og_locale":"en_GB","og_type":"article","og_title":"Stages 2025-2026, Taiji (Tai Chi), Qi Gong et Kung Fu \u00e0 Paris - Ph\u00e9nix et Dragon","og_description":"D\u00e9couvrez les prochains stages de Kung Fu, Taiji Quan et Qi Gong organis\u00e9s par Ph\u00e9nix & Dragon : dates, lieux, modalit\u00e9s d'inscription et tarifs. Rejoignez-nous pour une pratique authentique et immersive !","og_url":"https:\/\/www.phenixetdragon.net\/en\/stages\/prochains-stages\/","og_site_name":"Ph\u00e9nix et Dragon","article_publisher":"https:\/\/fr-fr.facebook.com\/assoephedra\/","article_modified_time":"2026-04-06T15:29:58+00:00","og_image":[{"url":"https:\/\/www.phenixetdragon.net\/wp-content\/uploads\/2025\/07\/IMG_1975-edited.jpg","type":"","width":"","height":""}],"twitter_card":"summary_large_image","twitter_misc":{"Estimated reading time":"5 minutes"},"schema":{"@context":"https:\/\/schema.org","@graph":[{"@type":"WebPage","@id":"https:\/\/www.phenixetdragon.net\/stages\/prochains-stages\/","url":"https:\/\/www.phenixetdragon.net\/stages\/prochains-stages\/","name":"Stages 2025-2026, Taiji (Tai Chi), Qi Gong et Kung Fu \u00e0 Paris - Ph\u00e9nix et Dragon","isPartOf":{"@id":"https:\/\/www.phenixetdragon.net\/#website"},"primaryImageOfPage":{"@id":"https:\/\/www.phenixetdragon.net\/stages\/prochains-stages\/#primaryimage"},"image":{"@id":"https:\/\/www.phenixetdragon.net\/stages\/prochains-stages\/#primaryimage"},"thumbnailUrl":"https:\/\/www.phenixetdragon.net\/wp-content\/uploads\/2025\/07\/IMG_1975-edited.jpg","datePublished":"2022-09-12T08:35:40+00:00","dateModified":"2026-04-06T15:29:58+00:00","description":"D\u00e9couvrez les prochains stages de Kung Fu, Taiji Quan et Qi Gong organis\u00e9s par Ph\u00e9nix & Dragon : dates, lieux, modalit\u00e9s d'inscription et tarifs. Rejoignez-nous pour une pratique authentique et immersive !","breadcrumb":{"@id":"https:\/\/www.phenixetdragon.net\/stages\/prochains-stages\/#breadcrumb"},"inLanguage":"en-GB","potentialAction":[{"@type":"ReadAction","target":["https:\/\/www.phenixetdragon.net\/stages\/prochains-stages\/"]}]},{"@type":"ImageObject","inLanguage":"en-GB","@id":"https:\/\/www.phenixetdragon.net\/stages\/prochains-stages\/#primaryimage","url":"https:\/\/www.phenixetdragon.net\/wp-content\/uploads\/2025\/07\/IMG_1975-edited.jpg","contentUrl":"https:\/\/www.phenixetdragon.net\/wp-content\/uploads\/2025\/07\/IMG_1975-edited.jpg"},{"@type":"BreadcrumbList","@id":"https:\/\/www.phenixetdragon.net\/stages\/prochains-stages\/#breadcrumb","itemListElement":[{"@type":"ListItem","position":1,"name":"Accueil","item":"https:\/\/www.phenixetdragon.net\/"},{"@type":"ListItem","position":2,"name":"Nos Stages","item":"https:\/\/www.phenixetdragon.net\/stages\/"},{"@type":"ListItem","position":3,"name":"Stages 2025-2026, Taiji (Tai Chi), Qi Gong et Kung Fu \u00e0 Paris"}]},{"@type":"WebSite","@id":"https:\/\/www.phenixetdragon.net\/#website","url":"https:\/\/www.phenixetdragon.net\/","name":"Ph\u00e9nix et Dragon","description":"Arts Martiaux Chinois, Kung Fu, Taiji Quan, et Arts Energ\u00e9tiques, Qi Gong","publisher":{"@id":"https:\/\/www.phenixetdragon.net\/#organization"},"potentialAction":[{"@type":"SearchAction","target":{"@type":"EntryPoint","urlTemplate":"https:\/\/www.phenixetdragon.net\/?s={search_term_string}"},"query-input":{"@type":"PropertyValueSpecification","valueRequired":true,"valueName":"search_term_string"}}],"inLanguage":"en-GB"},{"@type":"Organization","@id":"https:\/\/www.phenixetdragon.net\/#organization","name":"Ph\u00e9nix et Dragon","url":"https:\/\/www.phenixetdragon.net\/","logo":{"@type":"ImageObject","inLanguage":"en-GB","@id":"https:\/\/www.phenixetdragon.net\/#\/schema\/logo\/image\/","url":"https:\/\/www.phenixetdragon.net\/wp-content\/uploads\/2021\/08\/logophenixdragon.png","contentUrl":"https:\/\/www.phenixetdragon.net\/wp-content\/uploads\/2021\/08\/logophenixdragon.png","width":674,"height":113,"caption":"Ph\u00e9nix et Dragon"},"image":{"@id":"https:\/\/www.phenixetdragon.net\/#\/schema\/logo\/image\/"},"sameAs":["https:\/\/fr-fr.facebook.com\/assoephedra\/","https:\/\/www.instagram.com\/ecolephenixetdragon\/"]}]}},"_links":{"self":[{"href":"https:\/\/www.phenixetdragon.net\/en\/wp-json\/wp\/v2\/pages\/6870","targetHints":{"allow":["GET"]}}],"collection":[{"href":"https:\/\/www.phenixetdragon.net\/en\/wp-json\/wp\/v2\/pages"}],"about":[{"href":"https:\/\/www.phenixetdragon.net\/en\/wp-json\/wp\/v2\/types\/page"}],"author":[{"embeddable":true,"href":"https:\/\/www.phenixetdragon.net\/en\/wp-json\/wp\/v2\/users\/7"}],"replies":[{"embeddable":true,"href":"https:\/\/www.phenixetdragon.net\/en\/wp-json\/wp\/v2\/comments?post=6870"}],"version-history":[{"count":104,"href":"https:\/\/www.phenixetdragon.net\/en\/wp-json\/wp\/v2\/pages\/6870\/revisions"}],"predecessor-version":[{"id":10684,"href":"https:\/\/www.phenixetdragon.net\/en\/wp-json\/wp\/v2\/pages\/6870\/revisions\/10684"}],"up":[{"embeddable":true,"href":"https:\/\/www.phenixetdragon.net\/en\/wp-json\/wp\/v2\/pages\/9093"}],"wp:attachment":[{"href":"https:\/\/www.phenixetdragon.net\/en\/wp-json\/wp\/v2\/media?parent=6870"}],"curies":[{"name":"wp","href":"https:\/\/api.w.org\/{rel}","templated":true}]}}