{"id":7089,"date":"2023-01-18T13:24:32","date_gmt":"2023-01-18T12:24:32","guid":{"rendered":"https:\/\/www.phenixetdragon.net\/?page_id=7089"},"modified":"2025-11-07T09:17:17","modified_gmt":"2025-11-07T08:17:17","slug":"la-boutique","status":"publish","type":"page","link":"https:\/\/www.phenixetdragon.net\/en\/notre-ecole\/la-boutique\/","title":{"rendered":"La \u00ab\u00a0Boutique\u00a0\u00bb"},"content":{"rendered":"<p class=\"has-vivid-red-color has-text-color\"><strong>Mat\u00e9riel disponible via les associations de l\u2019\u00c9cole Ph\u00e9nix et Dragon<\/strong><\/p>\n\n\n\n<p><a href=\"https:\/\/www.phenixetdragon.net\/the-shop-material-available-via-the-phenix-and-dragon-school-associations\/\">English version<\/a><\/p>\n\n\n\n<p>Nous proposons \u00e0 nos adh\u00e9rents plusieurs types d&rsquo;\u00e9quipements, \u00e0 commander aupr\u00e8s de nos instructeurs, sur les groupes SIGNAL, ou par mail (phenixetdragon@gmail.com). <\/p>\n\n\n\n<p>Les prix sont donn\u00e9s \u00e0 titre indicatif.<\/p>\n\n\n\n<div class=\"wp-block-columns is-layout-flex wp-container-core-columns-is-layout-9d6595d7 wp-block-columns-is-layout-flex\">\n<div class=\"wp-block-column is-layout-flow wp-block-column-is-layout-flow\">\n<figure class=\"wp-block-image size-full\"><img decoding=\"async\" src=\"data:image\/gif;base64,R0lGODlhAQABAAAAACH5BAEKAAEALAAAAAABAAEAAAICTAEAOw==\" data-layzr=\"https:\/\/www.phenixetdragon.net\/wp-content\/uploads\/2022\/12\/nunch-enfants.webp\" alt=\"\" class=\"wp-image-7091\"\/><figcaption class=\"wp-element-caption\">Nunchaku en mousse &#8211; enfant &#8211; 10-15 euros<\/figcaption><\/figure>\n<\/div>\n\n\n\n<div class=\"wp-block-column is-layout-flow wp-block-column-is-layout-flow\">\n<figure class=\"wp-block-image size-full\"><img decoding=\"async\" src=\"data:image\/gif;base64,R0lGODlhAQABAAAAACH5BAEKAAEALAAAAAABAAEAAAICTAEAOw==\" data-layzr=\"https:\/\/www.phenixetdragon.net\/wp-content\/uploads\/2022\/12\/Capture-decran-2022-12-15-a-17.33.46.png\" alt=\"\" class=\"wp-image-7093\"\/><figcaption class=\"wp-element-caption\">Nunchaku en mousse &#8211; ado &#8211; 10-15 euros<\/figcaption><\/figure>\n<\/div>\n\n\n\n<div class=\"wp-block-column is-layout-flow wp-block-column-is-layout-flow\">\n<figure class=\"wp-block-image size-full\"><img decoding=\"async\" src=\"data:image\/gif;base64,R0lGODlhAQABAAAAACH5BAEKAAEALAAAAAABAAEAAAICTAEAOw==\" data-layzr=\"https:\/\/www.phenixetdragon.net\/wp-content\/uploads\/2022\/12\/Capture-decran-2022-12-15-a-17.28.50.png\" alt=\"\" class=\"wp-image-7094\"\/><figcaption class=\"wp-element-caption\">Nunchaku en mousse &#8211; adultes &#8211; 10-15 euros<\/figcaption><\/figure>\n<\/div>\n<\/div>\n\n\n\n<div class=\"wp-block-columns is-layout-flex wp-container-core-columns-is-layout-9d6595d7 wp-block-columns-is-layout-flex\">\n<div class=\"wp-block-column is-layout-flow wp-block-column-is-layout-flow\">\n<figure class=\"wp-block-image size-large is-resized\"><img decoding=\"async\" src=\"data:image\/gif;base64,R0lGODlhAQABAAAAACH5BAEKAAEALAAAAAABAAEAAAICTAEAOw==\" data-layzr=\"https:\/\/www.phenixetdragon.net\/wp-content\/uploads\/2022\/12\/Capture-decran-2022-12-15-a-17.56.11-669x1024.png\" alt=\"\" class=\"wp-image-7104\" style=\"width:220px;height:336px\"\/><figcaption class=\"wp-element-caption\">Gants Sanda adultes ou enfants &#8211; 25 euros<\/figcaption><\/figure>\n<\/div>\n\n\n\n<div class=\"wp-block-column is-layout-flow wp-block-column-is-layout-flow\">\n<figure class=\"wp-block-image size-full\"><img decoding=\"async\" src=\"data:image\/gif;base64,R0lGODlhAQABAAAAACH5BAEKAAEALAAAAAABAAEAAAICTAEAOw==\" data-layzr=\"https:\/\/www.phenixetdragon.net\/wp-content\/uploads\/2022\/12\/Capture-decran-2022-12-15-a-18.17.24.png\" alt=\"\" class=\"wp-image-7117\"\/><figcaption class=\"wp-element-caption\">Sacs &#8211; 20 euros<\/figcaption><\/figure>\n<\/div>\n\n\n\n<div class=\"wp-block-column is-layout-flow wp-block-column-is-layout-flow\">\n<figure class=\"wp-block-image size-large\"><img decoding=\"async\" src=\"data:image\/gif;base64,R0lGODlhAQABAAAAACH5BAEKAAEALAAAAAABAAEAAAICTAEAOw==\" data-layzr=\"https:\/\/www.phenixetdragon.net\/wp-content\/uploads\/2022\/12\/IMG_4713-768x1024.jpeg\" alt=\"\" class=\"wp-image-7103\"\/><figcaption class=\"wp-element-caption\">Gourdes &#8211; 15 euros<\/figcaption><\/figure>\n<\/div>\n<\/div>\n\n\n\n<div class=\"wp-block-columns is-layout-flex wp-container-core-columns-is-layout-9d6595d7 wp-block-columns-is-layout-flex\">\n<div class=\"wp-block-column is-layout-flow wp-block-column-is-layout-flow\">\n<figure class=\"wp-block-image size-large\"><img decoding=\"async\" src=\"data:image\/gif;base64,R0lGODlhAQABAAAAACH5BAEKAAEALAAAAAABAAEAAAICTAEAOw==\" data-layzr=\"https:\/\/www.phenixetdragon.net\/wp-content\/uploads\/2022\/12\/Capture-decran-2022-12-15-a-17.44.32-1024x857.png\" alt=\"\" class=\"wp-image-7098\"\/><figcaption class=\"wp-element-caption\">Casquettes enfants (orange ou rose) &#8211; 15 euros<\/figcaption><\/figure>\n<\/div>\n\n\n\n<div class=\"wp-block-column is-layout-flow wp-block-column-is-layout-flow\">\n<figure class=\"wp-block-image size-large\"><img decoding=\"async\" src=\"data:image\/gif;base64,R0lGODlhAQABAAAAACH5BAEKAAEALAAAAAABAAEAAAICTAEAOw==\" data-layzr=\"https:\/\/www.phenixetdragon.net\/wp-content\/uploads\/2022\/12\/Capture-decran-2022-12-15-a-17.46.39-1024x857.png\" alt=\"\" class=\"wp-image-7101\"\/><figcaption class=\"wp-element-caption\">Casquettes adultes (marron ou rouge) &#8211; 15 euros <\/figcaption><\/figure>\n<\/div>\n\n\n\n<div class=\"wp-block-column is-layout-flow wp-block-column-is-layout-flow\">\n<figure class=\"wp-block-image size-large\"><img decoding=\"async\" src=\"data:image\/gif;base64,R0lGODlhAQABAAAAACH5BAEKAAEALAAAAAABAAEAAAICTAEAOw==\" data-layzr=\"https:\/\/www.phenixetdragon.net\/wp-content\/uploads\/2022\/12\/Capture-decran-2022-12-15-a-17.43.41-1024x857.png\" alt=\"\" class=\"wp-image-7102\"\/><figcaption class=\"wp-element-caption\">Casquettes adultes (bleu clair ou marine) &#8211; 15 euros <\/figcaption><\/figure>\n<\/div>\n<\/div>\n\n\n\n<div class=\"wp-block-columns is-layout-flex wp-container-core-columns-is-layout-9d6595d7 wp-block-columns-is-layout-flex\">\n<div class=\"wp-block-column is-layout-flow wp-block-column-is-layout-flow\">\n<div class=\"wp-block-columns is-layout-flex wp-container-core-columns-is-layout-9d6595d7 wp-block-columns-is-layout-flex\">\n<div class=\"wp-block-column is-layout-flow wp-block-column-is-layout-flow\">\n<figure class=\"wp-block-image size-large is-resized\"><img decoding=\"async\" src=\"data:image\/gif;base64,R0lGODlhAQABAAAAACH5BAEKAAEALAAAAAABAAEAAAICTAEAOw==\" data-layzr=\"https:\/\/www.phenixetdragon.net\/wp-content\/uploads\/2022\/12\/Capture-decran-2022-12-15-a-18.04.50-855x1024.png\" alt=\"\" class=\"wp-image-7110\" style=\"width:183px;height:219px\"\/><figcaption class=\"wp-element-caption\">Tee shirt enfants &#8211; 12 euros &#8211; coloris de l&rsquo;ann\u00e9e, ou des ann\u00e9es pr\u00e9c\u00e9dentes, au choix<\/figcaption><\/figure>\n<\/div>\n\n\n\n<div class=\"wp-block-column is-layout-flow wp-block-column-is-layout-flow\">\n<figure class=\"wp-block-image size-large\"><img decoding=\"async\" src=\"data:image\/gif;base64,R0lGODlhAQABAAAAACH5BAEKAAEALAAAAAABAAEAAAICTAEAOw==\" data-layzr=\"https:\/\/www.phenixetdragon.net\/wp-content\/uploads\/2022\/12\/Capture-decran-2022-12-15-a-18.04.26-855x1024.png\" alt=\"\" class=\"wp-image-7111\"\/><figcaption class=\"wp-element-caption\">Tee shirt adultes &#8211; 12 euros &#8211; coloris de l&rsquo;ann\u00e9e, ou des ann\u00e9es pr\u00e9c\u00e9dentes, au choix<\/figcaption><\/figure>\n<\/div>\n<\/div>\n<\/div>\n\n\n\n<div class=\"wp-block-column is-layout-flow wp-block-column-is-layout-flow\">\n<div class=\"wp-block-columns is-layout-flex wp-container-core-columns-is-layout-9d6595d7 wp-block-columns-is-layout-flex\">\n<div class=\"wp-block-column is-layout-flow wp-block-column-is-layout-flow\">\n<figure class=\"wp-block-image size-large\"><img decoding=\"async\" src=\"data:image\/gif;base64,R0lGODlhAQABAAAAACH5BAEKAAEALAAAAAABAAEAAAICTAEAOw==\" data-layzr=\"https:\/\/www.phenixetdragon.net\/wp-content\/uploads\/2022\/12\/Capture-decran-2022-12-15-a-18.08.04-855x1024.png\" alt=\"\" class=\"wp-image-7112\"\/><figcaption class=\"wp-element-caption\">Sweat adultes sans manche &#8211; 28 euros<\/figcaption><\/figure>\n<\/div>\n\n\n\n<div class=\"wp-block-column is-layout-flow wp-block-column-is-layout-flow\">\n<figure class=\"wp-block-image size-large\"><img decoding=\"async\" src=\"data:image\/gif;base64,R0lGODlhAQABAAAAACH5BAEKAAEALAAAAAABAAEAAAICTAEAOw==\" data-layzr=\"https:\/\/www.phenixetdragon.net\/wp-content\/uploads\/2022\/12\/Capture-decran-2022-12-15-a-18.08.29-855x1024.png\" alt=\"\" class=\"wp-image-7113\"\/><figcaption class=\"wp-element-caption\">Sweat enfants &#8211; 25 euros<\/figcaption><\/figure>\n<\/div>\n<\/div>\n<\/div>\n<\/div>\n\n\n\n<div class=\"wp-block-columns is-layout-flex wp-container-core-columns-is-layout-9d6595d7 wp-block-columns-is-layout-flex\">\n<div class=\"wp-block-column is-layout-flow wp-block-column-is-layout-flow\">\n<figure class=\"wp-block-image size-full\"><img decoding=\"async\" src=\"data:image\/gif;base64,R0lGODlhAQABAAAAACH5BAEKAAEALAAAAAABAAEAAAICTAEAOw==\" data-layzr=\"https:\/\/www.phenixetdragon.net\/wp-content\/uploads\/2022\/12\/Capture-decran-2022-12-16-a-12.35.46.png\" alt=\"\" class=\"wp-image-7119\"\/><figcaption class=\"wp-element-caption\">Pantalon enfants\/adultes &#8211; 25 euros<\/figcaption><\/figure>\n<\/div>\n\n\n\n<div class=\"wp-block-column is-layout-flow wp-block-column-is-layout-flow\">\n<figure class=\"wp-block-image size-large\"><img decoding=\"async\" src=\"data:image\/gif;base64,R0lGODlhAQABAAAAACH5BAEKAAEALAAAAAABAAEAAAICTAEAOw==\" data-layzr=\"https:\/\/www.phenixetdragon.net\/wp-content\/uploads\/2022\/12\/Capture-decran-2022-12-15-a-17.58.50-1024x529.png\" alt=\"\" class=\"wp-image-7109\"\/><figcaption class=\"wp-element-caption\">Ceinture en satin &#8211; 10 euros<\/figcaption><\/figure>\n\n\n\n<div class=\"wp-block-columns is-layout-flex wp-container-core-columns-is-layout-9d6595d7 wp-block-columns-is-layout-flex\">\n<div class=\"wp-block-column is-layout-flow wp-block-column-is-layout-flow\">\n<figure class=\"wp-block-image size-large\"><img decoding=\"async\" src=\"data:image\/gif;base64,R0lGODlhAQABAAAAACH5BAEKAAEALAAAAAABAAEAAAICTAEAOw==\" data-layzr=\"https:\/\/www.phenixetdragon.net\/wp-content\/uploads\/2023\/01\/Capture-decran-2023-01-18-a-14.02.41-1024x815.png\" alt=\"\" class=\"wp-image-7176\"\/><figcaption class=\"wp-element-caption\">Chaussures enfants &#8211; 15-20 euros<\/figcaption><\/figure>\n<\/div>\n\n\n\n<div class=\"wp-block-column is-layout-flow wp-block-column-is-layout-flow\">\n<figure class=\"wp-block-image size-large\"><img decoding=\"async\" src=\"data:image\/gif;base64,R0lGODlhAQABAAAAACH5BAEKAAEALAAAAAABAAEAAAICTAEAOw==\" data-layzr=\"https:\/\/www.phenixetdragon.net\/wp-content\/uploads\/2023\/01\/Capture-decran-2023-01-18-a-14.08.24-1024x815.png\" alt=\"\" class=\"wp-image-7177\"\/><figcaption class=\"wp-element-caption\">Chaussures adultes &#8211; 20-25 euros<\/figcaption><\/figure>\n<\/div>\n<\/div>\n<\/div>\n<\/div>\n\n\n\n<div class=\"wp-block-columns is-layout-flex wp-container-core-columns-is-layout-9d6595d7 wp-block-columns-is-layout-flex\">\n<div class=\"wp-block-column is-layout-flow wp-block-column-is-layout-flow\">\n<figure class=\"wp-block-image size-full\"><img decoding=\"async\" src=\"data:image\/gif;base64,R0lGODlhAQABAAAAACH5BAEKAAEALAAAAAABAAEAAAICTAEAOw==\" data-layzr=\"https:\/\/www.phenixetdragon.net\/wp-content\/uploads\/2023\/03\/Capture-decran-2023-03-22-a-18.19.23.png\" alt=\"\" class=\"wp-image-7290\"\/><figcaption class=\"wp-element-caption\">Eventail de Taiji &#8211; 13-20 euros selon les mod\u00e8les<\/figcaption><\/figure>\n<\/div>\n\n\n\n<div class=\"wp-block-column is-layout-flow wp-block-column-is-layout-flow\">\n<figure class=\"wp-block-image size-full\"><img decoding=\"async\" src=\"data:image\/gif;base64,R0lGODlhAQABAAAAACH5BAEKAAEALAAAAAABAAEAAAICTAEAOw==\" data-layzr=\"https:\/\/www.phenixetdragon.net\/wp-content\/uploads\/2023\/03\/Capture-decran-2023-03-22-a-18.22.03.png\" alt=\"\" class=\"wp-image-7292\"\/><figcaption class=\"wp-element-caption\">Sabre Laser &#8211; 100-150 euros<\/figcaption><\/figure>\n<\/div>\n<\/div>","protected":false},"excerpt":{"rendered":"<p>Mat\u00e9riel disponible via les associations de l\u2019\u00c9cole Ph\u00e9nix et Dragon English version Nous proposons \u00e0 nos adh\u00e9rents plusieurs types d&rsquo;\u00e9quipements, \u00e0 commander aupr\u00e8s de nos instructeurs, sur les groupes SIGNAL, ou par mail (phenixetdragon@gmail.com). Les prix sont donn\u00e9s \u00e0 titre indicatif.<\/p>","protected":false},"author":7,"featured_media":0,"parent":35,"menu_order":5,"comment_status":"closed","ping_status":"closed","template":"","meta":{"footnotes":""},"class_list":["post-7089","page","type-page","status-publish","hentry","latest_post"],"yoast_head":"<!-- This site is optimized with the Yoast SEO plugin v26.3 - https:\/\/yoast.com\/wordpress\/plugins\/seo\/ -->\n<title>La \u00ab\u00a0Boutique\u00a0\u00bb - Ph\u00e9nix et Dragon<\/title>\n<meta name=\"description\" content=\"Achetez vos \u00e9quipements d\u2019arts martiaux via Ph\u00e9nix &amp; Dragon : nunchakus, gants Sanda, tee-shirts, pantalons, sabres, ceintures\u2026 disponibles pour adh\u00e9rents.\" \/>\n<meta name=\"robots\" content=\"index, follow, max-snippet:-1, max-image-preview:large, max-video-preview:-1\" \/>\n<link rel=\"canonical\" href=\"https:\/\/www.phenixetdragon.net\/en\/notre-ecole\/la-boutique\/\" \/>\n<meta property=\"og:locale\" content=\"en_GB\" \/>\n<meta property=\"og:type\" content=\"article\" \/>\n<meta property=\"og:title\" content=\"La \u00ab\u00a0Boutique\u00a0\u00bb - Ph\u00e9nix et Dragon\" \/>\n<meta property=\"og:description\" content=\"Achetez vos \u00e9quipements d\u2019arts martiaux via Ph\u00e9nix &amp; Dragon : nunchakus, gants Sanda, tee-shirts, pantalons, sabres, ceintures\u2026 disponibles pour adh\u00e9rents.\" \/>\n<meta property=\"og:url\" content=\"https:\/\/www.phenixetdragon.net\/en\/notre-ecole\/la-boutique\/\" \/>\n<meta property=\"og:site_name\" content=\"Ph\u00e9nix et Dragon\" \/>\n<meta property=\"article:publisher\" content=\"https:\/\/fr-fr.facebook.com\/assoephedra\/\" \/>\n<meta property=\"article:modified_time\" content=\"2025-11-07T08:17:17+00:00\" \/>\n<meta property=\"og:image\" content=\"https:\/\/www.phenixetdragon.net\/wp-content\/uploads\/2022\/12\/nunch-enfants.webp\" \/>\n<meta name=\"twitter:card\" content=\"summary_large_image\" \/>\n<meta name=\"twitter:label1\" content=\"Estimated reading time\" \/>\n\t<meta name=\"twitter:data1\" content=\"1 minute\" \/>\n<script type=\"application\/ld+json\" class=\"yoast-schema-graph\">{\"@context\":\"https:\/\/schema.org\",\"@graph\":[{\"@type\":\"WebPage\",\"@id\":\"https:\/\/www.phenixetdragon.net\/notre-ecole\/la-boutique\/\",\"url\":\"https:\/\/www.phenixetdragon.net\/notre-ecole\/la-boutique\/\",\"name\":\"La \u00ab\u00a0Boutique\u00a0\u00bb - Ph\u00e9nix et Dragon\",\"isPartOf\":{\"@id\":\"https:\/\/www.phenixetdragon.net\/#website\"},\"primaryImageOfPage\":{\"@id\":\"https:\/\/www.phenixetdragon.net\/notre-ecole\/la-boutique\/#primaryimage\"},\"image\":{\"@id\":\"https:\/\/www.phenixetdragon.net\/notre-ecole\/la-boutique\/#primaryimage\"},\"thumbnailUrl\":\"https:\/\/www.phenixetdragon.net\/wp-content\/uploads\/2022\/12\/nunch-enfants.webp\",\"datePublished\":\"2023-01-18T12:24:32+00:00\",\"dateModified\":\"2025-11-07T08:17:17+00:00\",\"description\":\"Achetez vos \u00e9quipements d\u2019arts martiaux via Ph\u00e9nix & Dragon : nunchakus, gants Sanda, tee-shirts, pantalons, sabres, ceintures\u2026 disponibles pour adh\u00e9rents.\",\"breadcrumb\":{\"@id\":\"https:\/\/www.phenixetdragon.net\/notre-ecole\/la-boutique\/#breadcrumb\"},\"inLanguage\":\"en-GB\",\"potentialAction\":[{\"@type\":\"ReadAction\",\"target\":[\"https:\/\/www.phenixetdragon.net\/notre-ecole\/la-boutique\/\"]}]},{\"@type\":\"ImageObject\",\"inLanguage\":\"en-GB\",\"@id\":\"https:\/\/www.phenixetdragon.net\/notre-ecole\/la-boutique\/#primaryimage\",\"url\":\"https:\/\/www.phenixetdragon.net\/wp-content\/uploads\/2022\/12\/nunch-enfants.webp\",\"contentUrl\":\"https:\/\/www.phenixetdragon.net\/wp-content\/uploads\/2022\/12\/nunch-enfants.webp\"},{\"@type\":\"BreadcrumbList\",\"@id\":\"https:\/\/www.phenixetdragon.net\/notre-ecole\/la-boutique\/#breadcrumb\",\"itemListElement\":[{\"@type\":\"ListItem\",\"position\":1,\"name\":\"Accueil\",\"item\":\"https:\/\/www.phenixetdragon.net\/\"},{\"@type\":\"ListItem\",\"position\":2,\"name\":\"Notre \u00e9cole\",\"item\":\"https:\/\/www.phenixetdragon.net\/notre-ecole\/\"},{\"@type\":\"ListItem\",\"position\":3,\"name\":\"La \u00ab\u00a0Boutique\u00a0\u00bb\"}]},{\"@type\":\"WebSite\",\"@id\":\"https:\/\/www.phenixetdragon.net\/#website\",\"url\":\"https:\/\/www.phenixetdragon.net\/\",\"name\":\"Ph\u00e9nix et Dragon\",\"description\":\"Arts Martiaux Chinois, Kung Fu, Taiji Quan, et Arts Energ\u00e9tiques, Qi Gong\",\"publisher\":{\"@id\":\"https:\/\/www.phenixetdragon.net\/#organization\"},\"potentialAction\":[{\"@type\":\"SearchAction\",\"target\":{\"@type\":\"EntryPoint\",\"urlTemplate\":\"https:\/\/www.phenixetdragon.net\/?s={search_term_string}\"},\"query-input\":{\"@type\":\"PropertyValueSpecification\",\"valueRequired\":true,\"valueName\":\"search_term_string\"}}],\"inLanguage\":\"en-GB\"},{\"@type\":\"Organization\",\"@id\":\"https:\/\/www.phenixetdragon.net\/#organization\",\"name\":\"Ph\u00e9nix et Dragon\",\"url\":\"https:\/\/www.phenixetdragon.net\/\",\"logo\":{\"@type\":\"ImageObject\",\"inLanguage\":\"en-GB\",\"@id\":\"https:\/\/www.phenixetdragon.net\/#\/schema\/logo\/image\/\",\"url\":\"https:\/\/www.phenixetdragon.net\/wp-content\/uploads\/2021\/08\/logophenixdragon.png\",\"contentUrl\":\"https:\/\/www.phenixetdragon.net\/wp-content\/uploads\/2021\/08\/logophenixdragon.png\",\"width\":674,\"height\":113,\"caption\":\"Ph\u00e9nix et Dragon\"},\"image\":{\"@id\":\"https:\/\/www.phenixetdragon.net\/#\/schema\/logo\/image\/\"},\"sameAs\":[\"https:\/\/fr-fr.facebook.com\/assoephedra\/\",\"https:\/\/www.instagram.com\/ecolephenixetdragon\/\"]}]}<\/script>\n<!-- \/ Yoast SEO plugin. -->","yoast_head_json":{"title":"La \u00ab\u00a0Boutique\u00a0\u00bb - Ph\u00e9nix et Dragon","description":"Achetez vos \u00e9quipements d\u2019arts martiaux via Ph\u00e9nix & Dragon : nunchakus, gants Sanda, tee-shirts, pantalons, sabres, ceintures\u2026 disponibles pour adh\u00e9rents.","robots":{"index":"index","follow":"follow","max-snippet":"max-snippet:-1","max-image-preview":"max-image-preview:large","max-video-preview":"max-video-preview:-1"},"canonical":"https:\/\/www.phenixetdragon.net\/en\/notre-ecole\/la-boutique\/","og_locale":"en_GB","og_type":"article","og_title":"La \u00ab\u00a0Boutique\u00a0\u00bb - Ph\u00e9nix et Dragon","og_description":"Achetez vos \u00e9quipements d\u2019arts martiaux via Ph\u00e9nix & Dragon : nunchakus, gants Sanda, tee-shirts, pantalons, sabres, ceintures\u2026 disponibles pour adh\u00e9rents.","og_url":"https:\/\/www.phenixetdragon.net\/en\/notre-ecole\/la-boutique\/","og_site_name":"Ph\u00e9nix et Dragon","article_publisher":"https:\/\/fr-fr.facebook.com\/assoephedra\/","article_modified_time":"2025-11-07T08:17:17+00:00","og_image":[{"url":"https:\/\/www.phenixetdragon.net\/wp-content\/uploads\/2022\/12\/nunch-enfants.webp","type":"","width":"","height":""}],"twitter_card":"summary_large_image","twitter_misc":{"Estimated reading time":"1 minute"},"schema":{"@context":"https:\/\/schema.org","@graph":[{"@type":"WebPage","@id":"https:\/\/www.phenixetdragon.net\/notre-ecole\/la-boutique\/","url":"https:\/\/www.phenixetdragon.net\/notre-ecole\/la-boutique\/","name":"La \u00ab\u00a0Boutique\u00a0\u00bb - Ph\u00e9nix et Dragon","isPartOf":{"@id":"https:\/\/www.phenixetdragon.net\/#website"},"primaryImageOfPage":{"@id":"https:\/\/www.phenixetdragon.net\/notre-ecole\/la-boutique\/#primaryimage"},"image":{"@id":"https:\/\/www.phenixetdragon.net\/notre-ecole\/la-boutique\/#primaryimage"},"thumbnailUrl":"https:\/\/www.phenixetdragon.net\/wp-content\/uploads\/2022\/12\/nunch-enfants.webp","datePublished":"2023-01-18T12:24:32+00:00","dateModified":"2025-11-07T08:17:17+00:00","description":"Achetez vos \u00e9quipements d\u2019arts martiaux via Ph\u00e9nix & Dragon : nunchakus, gants Sanda, tee-shirts, pantalons, sabres, ceintures\u2026 disponibles pour adh\u00e9rents.","breadcrumb":{"@id":"https:\/\/www.phenixetdragon.net\/notre-ecole\/la-boutique\/#breadcrumb"},"inLanguage":"en-GB","potentialAction":[{"@type":"ReadAction","target":["https:\/\/www.phenixetdragon.net\/notre-ecole\/la-boutique\/"]}]},{"@type":"ImageObject","inLanguage":"en-GB","@id":"https:\/\/www.phenixetdragon.net\/notre-ecole\/la-boutique\/#primaryimage","url":"https:\/\/www.phenixetdragon.net\/wp-content\/uploads\/2022\/12\/nunch-enfants.webp","contentUrl":"https:\/\/www.phenixetdragon.net\/wp-content\/uploads\/2022\/12\/nunch-enfants.webp"},{"@type":"BreadcrumbList","@id":"https:\/\/www.phenixetdragon.net\/notre-ecole\/la-boutique\/#breadcrumb","itemListElement":[{"@type":"ListItem","position":1,"name":"Accueil","item":"https:\/\/www.phenixetdragon.net\/"},{"@type":"ListItem","position":2,"name":"Notre \u00e9cole","item":"https:\/\/www.phenixetdragon.net\/notre-ecole\/"},{"@type":"ListItem","position":3,"name":"La \u00ab\u00a0Boutique\u00a0\u00bb"}]},{"@type":"WebSite","@id":"https:\/\/www.phenixetdragon.net\/#website","url":"https:\/\/www.phenixetdragon.net\/","name":"Ph\u00e9nix et Dragon","description":"Arts Martiaux Chinois, Kung Fu, Taiji Quan, et Arts Energ\u00e9tiques, Qi Gong","publisher":{"@id":"https:\/\/www.phenixetdragon.net\/#organization"},"potentialAction":[{"@type":"SearchAction","target":{"@type":"EntryPoint","urlTemplate":"https:\/\/www.phenixetdragon.net\/?s={search_term_string}"},"query-input":{"@type":"PropertyValueSpecification","valueRequired":true,"valueName":"search_term_string"}}],"inLanguage":"en-GB"},{"@type":"Organization","@id":"https:\/\/www.phenixetdragon.net\/#organization","name":"Ph\u00e9nix et Dragon","url":"https:\/\/www.phenixetdragon.net\/","logo":{"@type":"ImageObject","inLanguage":"en-GB","@id":"https:\/\/www.phenixetdragon.net\/#\/schema\/logo\/image\/","url":"https:\/\/www.phenixetdragon.net\/wp-content\/uploads\/2021\/08\/logophenixdragon.png","contentUrl":"https:\/\/www.phenixetdragon.net\/wp-content\/uploads\/2021\/08\/logophenixdragon.png","width":674,"height":113,"caption":"Ph\u00e9nix et Dragon"},"image":{"@id":"https:\/\/www.phenixetdragon.net\/#\/schema\/logo\/image\/"},"sameAs":["https:\/\/fr-fr.facebook.com\/assoephedra\/","https:\/\/www.instagram.com\/ecolephenixetdragon\/"]}]}},"_links":{"self":[{"href":"https:\/\/www.phenixetdragon.net\/en\/wp-json\/wp\/v2\/pages\/7089","targetHints":{"allow":["GET"]}}],"collection":[{"href":"https:\/\/www.phenixetdragon.net\/en\/wp-json\/wp\/v2\/pages"}],"about":[{"href":"https:\/\/www.phenixetdragon.net\/en\/wp-json\/wp\/v2\/types\/page"}],"author":[{"embeddable":true,"href":"https:\/\/www.phenixetdragon.net\/en\/wp-json\/wp\/v2\/users\/7"}],"replies":[{"embeddable":true,"href":"https:\/\/www.phenixetdragon.net\/en\/wp-json\/wp\/v2\/comments?post=7089"}],"version-history":[{"count":16,"href":"https:\/\/www.phenixetdragon.net\/en\/wp-json\/wp\/v2\/pages\/7089\/revisions"}],"predecessor-version":[{"id":8582,"href":"https:\/\/www.phenixetdragon.net\/en\/wp-json\/wp\/v2\/pages\/7089\/revisions\/8582"}],"up":[{"embeddable":true,"href":"https:\/\/www.phenixetdragon.net\/en\/wp-json\/wp\/v2\/pages\/35"}],"wp:attachment":[{"href":"https:\/\/www.phenixetdragon.net\/en\/wp-json\/wp\/v2\/media?parent=7089"}],"curies":[{"name":"wp","href":"https:\/\/api.w.org\/{rel}","templated":true}]}}