{"id":7261,"date":"2023-02-15T20:25:42","date_gmt":"2023-02-15T19:25:42","guid":{"rendered":"https:\/\/www.phenixetdragon.net\/?page_id=7261"},"modified":"2025-10-25T18:24:16","modified_gmt":"2025-10-25T16:24:16","slug":"videos","status":"publish","type":"page","link":"https:\/\/www.phenixetdragon.net\/en\/stages\/videos\/","title":{"rendered":"Retour sur les stages pr\u00e9c\u00e9dents"},"content":{"rendered":"<p class=\"has-text-align-center has-white-color has-blush-bordeaux-gradient-background has-text-color has-background has-link-color wp-elements-736bdde274ce190b91aa76485ace5729\"><strong>&gt;&gt; Bienvenue sur la page d\u00e9di\u00e9e aux retours sur nos stages pr\u00e9c\u00e9dents &lt;&lt;<\/strong><\/p>\n\n\n\n<p>Ici, nous partageons les <strong>moments marquants de nos rencontres<\/strong>, des <strong>instants de pratique intense<\/strong>, de <strong>convivialit\u00e9<\/strong> et de <strong>partage<\/strong>. Que vous ayez particip\u00e9 ou non, ces t\u00e9moignages illustrent l\u2019esprit de notre \u00e9cole : une transmission vivante, joyeuse et rigoureuse des arts martiaux chinois et des pratiques \u00e9nerg\u00e9tiques.<\/p>\n\n\n\n<p>Chaque stage est une \u00e9tape dans notre parcours collectif. En revivant ces moments, nous nourrissons notre pratique et renfor\u00e7ons les liens qui nous unissent. Nous vous invitons \u00e0 d\u00e9couvrir ces souvenirs et \u00e0 vous projeter dans nos prochaines aventures. Rejoignez-nous pour \u00e9crire ensemble les chapitres \u00e0 venir !<\/p>\n\n\n\n<figure class=\"wp-block-embed is-type-video is-provider-youtube wp-block-embed-youtube wp-embed-aspect-16-9 wp-has-aspect-ratio\"><div class=\"wp-block-embed__wrapper\">\n<iframe loading=\"lazy\" title=\"Summer Camp 2025 avec Ma\u00eetre Ming Yue  - Ecole Ph\u00e9nix &amp; Dragon\" width=\"1020\" height=\"574\" src=\"https:\/\/www.youtube.com\/embed\/pfUB5_nb-z0?feature=oembed\" frameborder=\"0\" allow=\"accelerometer; autoplay; clipboard-write; encrypted-media; gyroscope; picture-in-picture; web-share\" referrerpolicy=\"strict-origin-when-cross-origin\" allowfullscreen><\/iframe>\n<\/div><figcaption class=\"wp-element-caption\">Summer Camp 2025 &#8211; cours adultes<\/figcaption><\/figure>\n\n\n\n<figure class=\"wp-block-embed is-type-video is-provider-youtube wp-block-embed-youtube wp-embed-aspect-16-9 wp-has-aspect-ratio\"><div class=\"wp-block-embed__wrapper\">\n<iframe loading=\"lazy\" title=\"Summer Camp 2025 - Cours enfants - Ecole Ph\u00e9nix &amp; Dragon\" width=\"1020\" height=\"574\" src=\"https:\/\/www.youtube.com\/embed\/khYuqTOL58s?feature=oembed\" frameborder=\"0\" allow=\"accelerometer; autoplay; clipboard-write; encrypted-media; gyroscope; picture-in-picture; web-share\" referrerpolicy=\"strict-origin-when-cross-origin\" allowfullscreen><\/iframe>\n<\/div><figcaption class=\"wp-element-caption\">Summer Camp 2025 &#8211; cours enfants<\/figcaption><\/figure>\n\n\n\n<figure class=\"wp-block-embed is-type-video is-provider-youtube wp-block-embed-youtube wp-embed-aspect-16-9 wp-has-aspect-ratio\"><div class=\"wp-block-embed__wrapper\">\n<iframe loading=\"lazy\" title=\"Stage Qi Gong \u00c9p\u00e9e \u00c9ventail (mai 2025) - \u00c9cole Ph\u00e9nix et Dragon - Matteo Pepe Espert\" width=\"1020\" height=\"574\" src=\"https:\/\/www.youtube.com\/embed\/32I-G42RpiM?feature=oembed\" frameborder=\"0\" allow=\"accelerometer; autoplay; clipboard-write; encrypted-media; gyroscope; picture-in-picture; web-share\" referrerpolicy=\"strict-origin-when-cross-origin\" allowfullscreen><\/iframe>\n<\/div><figcaption class=\"wp-element-caption\">Stage Qi Gong \u00c9p\u00e9e \u00c9ventail &#8211; Mai 2025 &#8211; Domaine de Toussacq<\/figcaption><\/figure>\n\n\n\n<figure class=\"wp-block-embed is-type-video is-provider-youtube wp-block-embed-youtube wp-embed-aspect-16-9 wp-has-aspect-ratio\"><div class=\"wp-block-embed__wrapper\">\n<iframe loading=\"lazy\" title=\"Summer Camp 2024 avec Ma\u00eetre Ming Yue - Qi Xing Jian  - Ecole Ph\u00e9nix &amp; Dragon\" width=\"1020\" height=\"574\" src=\"https:\/\/www.youtube.com\/embed\/z4xWlYrE61U?feature=oembed\" frameborder=\"0\" allow=\"accelerometer; autoplay; clipboard-write; encrypted-media; gyroscope; picture-in-picture; web-share\" referrerpolicy=\"strict-origin-when-cross-origin\" allowfullscreen><\/iframe>\n<\/div><figcaption class=\"wp-element-caption\">Summer Camp 2024 avec Ma\u00eetre Ming Yue &#8211; Qi Xing Jian<\/figcaption><\/figure>\n\n\n\n<figure class=\"wp-block-embed is-type-video is-provider-youtube wp-block-embed-youtube wp-embed-aspect-16-9 wp-has-aspect-ratio\"><div class=\"wp-block-embed__wrapper\">\n<iframe loading=\"lazy\" title=\"Summer Camp 2024 avec Ma\u00eetre Ming Yue - Xiao Yao Zhang - Ecole Ph\u00e9nix &amp; Dragon\" width=\"1020\" height=\"574\" src=\"https:\/\/www.youtube.com\/embed\/Dz9C-1eLG2M?feature=oembed\" frameborder=\"0\" allow=\"accelerometer; autoplay; clipboard-write; encrypted-media; gyroscope; picture-in-picture; web-share\" referrerpolicy=\"strict-origin-when-cross-origin\" allowfullscreen><\/iframe>\n<\/div><figcaption class=\"wp-element-caption\">Summer Camp 2024 avec Ma\u00eetre Ming Yue &#8211; Xiao Yao Zhang<\/figcaption><\/figure>\n\n\n\n<figure class=\"wp-block-embed is-type-video is-provider-youtube wp-block-embed-youtube wp-embed-aspect-16-9 wp-has-aspect-ratio\"><div class=\"wp-block-embed__wrapper\">\n<iframe loading=\"lazy\" title=\"Stage de Kung Fu - Techniques de Shaolin - 9 juin 2024 - \u00c9cole Ph\u00e9nix et Dragon\" width=\"1020\" height=\"574\" src=\"https:\/\/www.youtube.com\/embed\/wL3Br-XNiPw?feature=oembed\" frameborder=\"0\" allow=\"accelerometer; autoplay; clipboard-write; encrypted-media; gyroscope; picture-in-picture; web-share\" referrerpolicy=\"strict-origin-when-cross-origin\" allowfullscreen><\/iframe>\n<\/div><figcaption class=\"wp-element-caption\">Stage de Kung Fu &#8211; Techniques de Shaolin &#8211; 9 juin 2024<\/figcaption><\/figure>\n\n\n\n<figure class=\"wp-block-embed is-type-video is-provider-youtube wp-block-embed-youtube wp-embed-aspect-16-9 wp-has-aspect-ratio\"><div class=\"wp-block-embed__wrapper\">\n<iframe loading=\"lazy\" title=\"Stage Yang Sheng (mai 2024) - \u00c9cole Ph\u00e9nix et Dragon - Matteo Pepe Espert\" width=\"1020\" height=\"574\" src=\"https:\/\/www.youtube.com\/embed\/Xb2gC54X5MI?feature=oembed\" frameborder=\"0\" allow=\"accelerometer; autoplay; clipboard-write; encrypted-media; gyroscope; picture-in-picture; web-share\" referrerpolicy=\"strict-origin-when-cross-origin\" allowfullscreen><\/iframe>\n<\/div><figcaption class=\"wp-element-caption\">Week-end r\u00e9sidentiel 18-20 mai 2024 &#8211; YANG SHENG &#8211; Qi Gong, Ep\u00e9e, Sabre Laser &#8211; Domaine de Toussacq<\/figcaption><\/figure>\n\n\n\n<figure class=\"wp-block-embed is-type-video is-provider-youtube wp-block-embed-youtube wp-embed-aspect-16-9 wp-has-aspect-ratio\"><div class=\"wp-block-embed__wrapper\">\n<iframe loading=\"lazy\" title=\"Stage Taiji Wudang avec Ma\u00eetre Ming Yue - Forme des 13 (dec 2023) - \u00c9cole Ph\u00e9nix et Dragon\" width=\"1020\" height=\"574\" src=\"https:\/\/www.youtube.com\/embed\/FYjgYyhL6iU?feature=oembed\" frameborder=\"0\" allow=\"accelerometer; autoplay; clipboard-write; encrypted-media; gyroscope; picture-in-picture; web-share\" referrerpolicy=\"strict-origin-when-cross-origin\" allowfullscreen><\/iframe>\n<\/div><figcaption class=\"wp-element-caption\">Taiji Wudang avec Ma\u00eetre Ming Yue, 10 d\u00e9cembre 2023<\/figcaption><\/figure>\n\n\n\n<figure class=\"wp-block-embed is-type-video is-provider-youtube wp-block-embed-youtube wp-embed-aspect-16-9 wp-has-aspect-ratio\"><div class=\"wp-block-embed__wrapper\">\n<iframe loading=\"lazy\" title=\"Stage Ep\u00e9e Wudang avec Ma\u00eetre Ming Yue (dec 2023) - \u00c9cole Ph\u00e9nix et Dragon\" width=\"1020\" height=\"574\" src=\"https:\/\/www.youtube.com\/embed\/r_vPiZYd1fA?feature=oembed\" frameborder=\"0\" allow=\"accelerometer; autoplay; clipboard-write; encrypted-media; gyroscope; picture-in-picture; web-share\" referrerpolicy=\"strict-origin-when-cross-origin\" allowfullscreen><\/iframe>\n<\/div><figcaption class=\"wp-element-caption\">Ep\u00e9e Wudang avec Ma\u00eetre Ming Yue, Paris, 9 d\u00e9cembre 2023 (oui on s&rsquo;est tromp\u00e9 sur la vid\u00e9o!)<\/figcaption><\/figure>\n\n\n\n<figure class=\"wp-block-embed is-type-video is-provider-youtube wp-block-embed-youtube wp-embed-aspect-16-9 wp-has-aspect-ratio\"><div class=\"wp-block-embed__wrapper\">\n<iframe loading=\"lazy\" title=\"M\u00e9ditation Tao\u00efste avec Ma\u00eetre Ming Yue (dec 2023) - \u00c9cole Ph\u00e9nix et Dragon\" width=\"1020\" height=\"574\" src=\"https:\/\/www.youtube.com\/embed\/x43w5TIUBfc?feature=oembed\" frameborder=\"0\" allow=\"accelerometer; autoplay; clipboard-write; encrypted-media; gyroscope; picture-in-picture; web-share\" referrerpolicy=\"strict-origin-when-cross-origin\" allowfullscreen><\/iframe>\n<\/div><figcaption class=\"wp-element-caption\">M\u00e9ditation Tao\u00efste avec Ma\u00eetre Ming Yue, Paris, Samedi 9 d\u00e9cembre 2023<\/figcaption><\/figure>\n\n\n\n<figure class=\"wp-block-embed is-type-video is-provider-youtube wp-block-embed-youtube wp-embed-aspect-16-9 wp-has-aspect-ratio\"><div class=\"wp-block-embed__wrapper\">\n<iframe loading=\"lazy\" title=\"Stage Qi Gong \u00c9p\u00e9e Sabre Laser (oct 2023) - \u00c9cole Ph\u00e9nix et Dragon - Matteo Pepe Espert\" width=\"1020\" height=\"574\" src=\"https:\/\/www.youtube.com\/embed\/j3M3FtiSjmM?feature=oembed\" frameborder=\"0\" allow=\"accelerometer; autoplay; clipboard-write; encrypted-media; gyroscope; picture-in-picture; web-share\" referrerpolicy=\"strict-origin-when-cross-origin\" allowfullscreen><\/iframe>\n<\/div><figcaption class=\"wp-element-caption\">Week-end r\u00e9sidentiel 6-8 octobre 2023 &#8211; YANG SHENG &#8211; Qi Gong, Ep\u00e9e, Sabre Laser &#8211; Domaine de Toussacq<\/figcaption><\/figure>\n\n\n\n<div class=\"wp-block-columns is-layout-flex wp-container-core-columns-is-layout-9d6595d7 wp-block-columns-is-layout-flex\">\n<div class=\"wp-block-column is-layout-flow wp-block-column-is-layout-flow\">\n<figure class=\"wp-block-embed is-type-video is-provider-youtube wp-block-embed-youtube wp-embed-aspect-16-9 wp-has-aspect-ratio\"><div class=\"wp-block-embed__wrapper\">\n<iframe loading=\"lazy\" title=\"Stage Qi Gong - \u00c9p\u00e9e - Sabre Laser - Acupuncture - Ecole Ph\u00e9nix et Dragon - Avril 2023\" width=\"563\" height=\"1000\" src=\"https:\/\/www.youtube.com\/embed\/kgPy8WMD5-c?feature=oembed\" frameborder=\"0\" allow=\"accelerometer; autoplay; clipboard-write; encrypted-media; gyroscope; picture-in-picture; web-share\" referrerpolicy=\"strict-origin-when-cross-origin\" allowfullscreen><\/iframe>\n<\/div><figcaption class=\"wp-element-caption\">Week-end r\u00e9sidentiel Avril 2023 \u00e0 la Ferme du Ravin Bleu &#8211; Qi Gong, Ep\u00e9e, Sabre Laser, Acupuncture<\/figcaption><\/figure>\n<\/div>\n<\/div>\n\n\n\n<figure class=\"wp-block-embed is-type-video is-provider-youtube wp-block-embed-youtube wp-embed-aspect-16-9 wp-has-aspect-ratio\"><div class=\"wp-block-embed__wrapper\">\n<iframe loading=\"lazy\" title=\"Stage Taiji - Qi Gong 18-19 mars 2023 - \u00c9cole Ph\u00e9nix et Dragon\" width=\"563\" height=\"1000\" src=\"https:\/\/www.youtube.com\/embed\/qTYt-Udvjxg?feature=oembed\" frameborder=\"0\" allow=\"accelerometer; autoplay; clipboard-write; encrypted-media; gyroscope; picture-in-picture; web-share\" referrerpolicy=\"strict-origin-when-cross-origin\" allowfullscreen><\/iframe> \n<\/div><figcaption class=\"wp-element-caption\">Week-end 18-19 mars 2023 &#8211; Taiji et Qi Gong<\/figcaption><\/figure>\n\n\n\n<div class=\"wp-block-columns is-layout-flex wp-container-core-columns-is-layout-9d6595d7 wp-block-columns-is-layout-flex\">\n<div class=\"wp-block-column is-layout-flow wp-block-column-is-layout-flow\">\n<figure class=\"wp-block-embed is-type-video is-provider-youtube wp-block-embed-youtube wp-embed-aspect-16-9 wp-has-aspect-ratio\"><div class=\"wp-block-embed__wrapper\">\n<iframe loading=\"lazy\" title=\"Stage de Kung Fu - Dimanche 12 fevrier 2023 - \u00c9cole Ph\u00e9nix et Dragon\" width=\"563\" height=\"1000\" src=\"https:\/\/www.youtube.com\/embed\/QpWlaOX4VEs?feature=oembed\" frameborder=\"0\" allow=\"accelerometer; autoplay; clipboard-write; encrypted-media; gyroscope; picture-in-picture; web-share\" referrerpolicy=\"strict-origin-when-cross-origin\" allowfullscreen><\/iframe>\n<\/div><figcaption class=\"wp-element-caption\">Dimanche 12 f\u00e9vrier 2023 &#8211; Kung Fu<\/figcaption><\/figure>\n<\/div>\n<\/div>\n\n\n\n<figure class=\"wp-block-embed is-type-video is-provider-youtube wp-block-embed-youtube wp-embed-aspect-4-3 wp-has-aspect-ratio\"><div class=\"wp-block-embed__wrapper\">\n<iframe loading=\"lazy\" title=\"Stage Qi Gong - Samedi 11 f\u00e9vrier 2023 - \u00c9cole Ph\u00e9nix et Dragon\" width=\"563\" height=\"1000\" src=\"https:\/\/www.youtube.com\/embed\/FB0a3fyLxHM?feature=oembed\" frameborder=\"0\" allow=\"accelerometer; autoplay; clipboard-write; encrypted-media; gyroscope; picture-in-picture; web-share\" referrerpolicy=\"strict-origin-when-cross-origin\" allowfullscreen><\/iframe>\n<\/div><figcaption class=\"wp-element-caption\">Samedi 11 f\u00e9vrier 2023 &#8211; Qi Gong<\/figcaption><\/figure>\n\n\n\n<div class=\"wp-block-columns is-layout-flex wp-container-core-columns-is-layout-9d6595d7 wp-block-columns-is-layout-flex\">\n<div class=\"wp-block-column is-layout-flow wp-block-column-is-layout-flow\">\n<figure class=\"wp-block-embed is-type-video is-provider-youtube wp-block-embed-youtube wp-embed-aspect-4-3 wp-has-aspect-ratio\"><div class=\"wp-block-embed__wrapper\">\n<iframe loading=\"lazy\" title=\"Stage Taiji Quan - Dimanche 22 janvier 2023 - Ecole Ph\u00e9nix et Dragon\" width=\"563\" height=\"1000\" src=\"https:\/\/www.youtube.com\/embed\/lbOKA_QJtwA?feature=oembed\" frameborder=\"0\" allow=\"accelerometer; autoplay; clipboard-write; encrypted-media; gyroscope; picture-in-picture; web-share\" referrerpolicy=\"strict-origin-when-cross-origin\" allowfullscreen><\/iframe>\n<\/div><figcaption class=\"wp-element-caption\">Dimanche 22 janvier 2023 &#8211; Taiji<\/figcaption><\/figure>\n<\/div>\n<\/div>\n\n\n\n<figure class=\"wp-block-embed is-type-video is-provider-youtube wp-block-embed-youtube wp-embed-aspect-4-3 wp-has-aspect-ratio\"><div class=\"wp-block-embed__wrapper\">\n<iframe loading=\"lazy\" title=\"Stage Qi Gong 21-22 janvier 2023 - \u00c9cole Ph\u00e9nix et Dragon\" width=\"563\" height=\"1000\" src=\"https:\/\/www.youtube.com\/embed\/DI44qqTxi1Y?feature=oembed\" frameborder=\"0\" allow=\"accelerometer; autoplay; clipboard-write; encrypted-media; gyroscope; picture-in-picture; web-share\" referrerpolicy=\"strict-origin-when-cross-origin\" allowfullscreen><\/iframe>\n<\/div><figcaption class=\"wp-element-caption\">Samedi 21 janvier 2023 &#8211; Qi Gong<\/figcaption><\/figure>\n\n\n\n<div class=\"wp-block-columns is-layout-flex wp-container-core-columns-is-layout-9d6595d7 wp-block-columns-is-layout-flex\">\n<div class=\"wp-block-column is-layout-flow wp-block-column-is-layout-flow\">\n<figure class=\"wp-block-embed is-type-video is-provider-youtube wp-block-embed-youtube wp-embed-aspect-4-3 wp-has-aspect-ratio\"><div class=\"wp-block-embed__wrapper\">\n<iframe loading=\"lazy\" title=\"Stage Kung Fu 10-11 d\u00e9cembre 2022 - \u00c9cole Ph\u00e9nix et Dragon\" width=\"1020\" height=\"765\" src=\"https:\/\/www.youtube.com\/embed\/J5cWq24KLjI?feature=oembed\" frameborder=\"0\" allow=\"accelerometer; autoplay; clipboard-write; encrypted-media; gyroscope; picture-in-picture; web-share\" referrerpolicy=\"strict-origin-when-cross-origin\" allowfullscreen><\/iframe>\n<\/div><figcaption class=\"wp-element-caption\">Week-end 10-11 f\u00e9vrier 2022 &#8211; Kung Fu<\/figcaption><\/figure>\n<\/div>\n<\/div>\n\n\n\n<figure class=\"wp-block-embed is-type-video is-provider-youtube wp-block-embed-youtube wp-embed-aspect-4-3 wp-has-aspect-ratio\"><div class=\"wp-block-embed__wrapper\">\n<iframe loading=\"lazy\" title=\"Stage Qi Gong \u00c9p\u00e9e Acupuncture Sabre Laser (oct 2022) - \u00c9cole Ph\u00e9nix et Dragon\" width=\"1020\" height=\"765\" src=\"https:\/\/www.youtube.com\/embed\/1IMocv-GcM0?feature=oembed\" frameborder=\"0\" allow=\"accelerometer; autoplay; clipboard-write; encrypted-media; gyroscope; picture-in-picture; web-share\" referrerpolicy=\"strict-origin-when-cross-origin\" allowfullscreen><\/iframe>\n<\/div><figcaption class=\"wp-element-caption\">Week-end r\u00e9sidentiel 14-15-16 octobre 2022 au Moulin de Mousseau &#8211; Qi Gong, Ep\u00e9e, Sabre Laser, Acupuncture<\/figcaption><\/figure>","protected":false},"excerpt":{"rendered":"<p>&gt;&gt; Bienvenue sur la page d\u00e9di\u00e9e aux retours sur nos stages pr\u00e9c\u00e9dents &lt;&lt; Ici, nous partageons les moments marquants de nos rencontres, des instants de pratique intense, de convivialit\u00e9 et de partage. Que vous ayez particip\u00e9 ou non, ces t\u00e9moignages illustrent l\u2019esprit de notre \u00e9cole : une transmission vivante, joyeuse et rigoureuse des arts martiaux &hellip; <\/p>","protected":false},"author":7,"featured_media":0,"parent":9093,"menu_order":0,"comment_status":"closed","ping_status":"closed","template":"","meta":{"footnotes":""},"class_list":["post-7261","page","type-page","status-publish","hentry","latest_post"],"yoast_head":"<!-- This site is optimized with the Yoast SEO plugin v26.3 - https:\/\/yoast.com\/wordpress\/plugins\/seo\/ -->\n<title>Retour sur les stages pr\u00e9c\u00e9dents - Ph\u00e9nix et Dragon<\/title>\n<meta name=\"description\" content=\"Revivez les moments forts des stages pass\u00e9s de Ph\u00e9nix &amp; Dragon : Qi Gong, Taiji, Kung Fu, \u00c9ventail, Sabre Laser, avec Ma\u00eetre Ming Yue et nos instructeurs. T\u00e9moignages, vid\u00e9os et souvenirs partag\u00e9s.\" \/>\n<meta name=\"robots\" content=\"index, follow, max-snippet:-1, max-image-preview:large, max-video-preview:-1\" \/>\n<link rel=\"canonical\" href=\"https:\/\/www.phenixetdragon.net\/en\/stages\/videos\/\" \/>\n<meta property=\"og:locale\" content=\"en_GB\" \/>\n<meta property=\"og:type\" content=\"article\" \/>\n<meta property=\"og:title\" content=\"Retour sur les stages pr\u00e9c\u00e9dents - Ph\u00e9nix et Dragon\" \/>\n<meta property=\"og:description\" content=\"Revivez les moments forts des stages pass\u00e9s de Ph\u00e9nix &amp; Dragon : Qi Gong, Taiji, Kung Fu, \u00c9ventail, Sabre Laser, avec Ma\u00eetre Ming Yue et nos instructeurs. T\u00e9moignages, vid\u00e9os et souvenirs partag\u00e9s.\" \/>\n<meta property=\"og:url\" content=\"https:\/\/www.phenixetdragon.net\/en\/stages\/videos\/\" \/>\n<meta property=\"og:site_name\" content=\"Ph\u00e9nix et Dragon\" \/>\n<meta property=\"article:publisher\" content=\"https:\/\/fr-fr.facebook.com\/assoephedra\/\" \/>\n<meta property=\"article:modified_time\" content=\"2025-10-25T16:24:16+00:00\" \/>\n<meta name=\"twitter:card\" content=\"summary_large_image\" \/>\n<meta name=\"twitter:label1\" content=\"Estimated reading time\" \/>\n\t<meta name=\"twitter:data1\" content=\"2 minutes\" \/>\n<script type=\"application\/ld+json\" class=\"yoast-schema-graph\">{\"@context\":\"https:\/\/schema.org\",\"@graph\":[{\"@type\":\"WebPage\",\"@id\":\"https:\/\/www.phenixetdragon.net\/stages\/videos\/\",\"url\":\"https:\/\/www.phenixetdragon.net\/stages\/videos\/\",\"name\":\"Retour sur les stages pr\u00e9c\u00e9dents - Ph\u00e9nix et Dragon\",\"isPartOf\":{\"@id\":\"https:\/\/www.phenixetdragon.net\/#website\"},\"datePublished\":\"2023-02-15T19:25:42+00:00\",\"dateModified\":\"2025-10-25T16:24:16+00:00\",\"description\":\"Revivez les moments forts des stages pass\u00e9s de Ph\u00e9nix & Dragon : Qi Gong, Taiji, Kung Fu, \u00c9ventail, Sabre Laser, avec Ma\u00eetre Ming Yue et nos instructeurs. T\u00e9moignages, vid\u00e9os et souvenirs partag\u00e9s.\",\"breadcrumb\":{\"@id\":\"https:\/\/www.phenixetdragon.net\/stages\/videos\/#breadcrumb\"},\"inLanguage\":\"en-GB\",\"potentialAction\":[{\"@type\":\"ReadAction\",\"target\":[\"https:\/\/www.phenixetdragon.net\/stages\/videos\/\"]}]},{\"@type\":\"BreadcrumbList\",\"@id\":\"https:\/\/www.phenixetdragon.net\/stages\/videos\/#breadcrumb\",\"itemListElement\":[{\"@type\":\"ListItem\",\"position\":1,\"name\":\"Accueil\",\"item\":\"https:\/\/www.phenixetdragon.net\/\"},{\"@type\":\"ListItem\",\"position\":2,\"name\":\"Nos Stages\",\"item\":\"https:\/\/www.phenixetdragon.net\/stages\/\"},{\"@type\":\"ListItem\",\"position\":3,\"name\":\"Retour sur les stages pr\u00e9c\u00e9dents\"}]},{\"@type\":\"WebSite\",\"@id\":\"https:\/\/www.phenixetdragon.net\/#website\",\"url\":\"https:\/\/www.phenixetdragon.net\/\",\"name\":\"Ph\u00e9nix et Dragon\",\"description\":\"Arts Martiaux Chinois, Kung Fu, Taiji Quan, et Arts Energ\u00e9tiques, Qi Gong\",\"publisher\":{\"@id\":\"https:\/\/www.phenixetdragon.net\/#organization\"},\"potentialAction\":[{\"@type\":\"SearchAction\",\"target\":{\"@type\":\"EntryPoint\",\"urlTemplate\":\"https:\/\/www.phenixetdragon.net\/?s={search_term_string}\"},\"query-input\":{\"@type\":\"PropertyValueSpecification\",\"valueRequired\":true,\"valueName\":\"search_term_string\"}}],\"inLanguage\":\"en-GB\"},{\"@type\":\"Organization\",\"@id\":\"https:\/\/www.phenixetdragon.net\/#organization\",\"name\":\"Ph\u00e9nix et Dragon\",\"url\":\"https:\/\/www.phenixetdragon.net\/\",\"logo\":{\"@type\":\"ImageObject\",\"inLanguage\":\"en-GB\",\"@id\":\"https:\/\/www.phenixetdragon.net\/#\/schema\/logo\/image\/\",\"url\":\"https:\/\/www.phenixetdragon.net\/wp-content\/uploads\/2021\/08\/logophenixdragon.png\",\"contentUrl\":\"https:\/\/www.phenixetdragon.net\/wp-content\/uploads\/2021\/08\/logophenixdragon.png\",\"width\":674,\"height\":113,\"caption\":\"Ph\u00e9nix et Dragon\"},\"image\":{\"@id\":\"https:\/\/www.phenixetdragon.net\/#\/schema\/logo\/image\/\"},\"sameAs\":[\"https:\/\/fr-fr.facebook.com\/assoephedra\/\",\"https:\/\/www.instagram.com\/ecolephenixetdragon\/\"]}]}<\/script>\n<!-- \/ Yoast SEO plugin. -->","yoast_head_json":{"title":"Retour sur les stages pr\u00e9c\u00e9dents - Ph\u00e9nix et Dragon","description":"Revivez les moments forts des stages pass\u00e9s de Ph\u00e9nix & Dragon : Qi Gong, Taiji, Kung Fu, \u00c9ventail, Sabre Laser, avec Ma\u00eetre Ming Yue et nos instructeurs. T\u00e9moignages, vid\u00e9os et souvenirs partag\u00e9s.","robots":{"index":"index","follow":"follow","max-snippet":"max-snippet:-1","max-image-preview":"max-image-preview:large","max-video-preview":"max-video-preview:-1"},"canonical":"https:\/\/www.phenixetdragon.net\/en\/stages\/videos\/","og_locale":"en_GB","og_type":"article","og_title":"Retour sur les stages pr\u00e9c\u00e9dents - Ph\u00e9nix et Dragon","og_description":"Revivez les moments forts des stages pass\u00e9s de Ph\u00e9nix & Dragon : Qi Gong, Taiji, Kung Fu, \u00c9ventail, Sabre Laser, avec Ma\u00eetre Ming Yue et nos instructeurs. T\u00e9moignages, vid\u00e9os et souvenirs partag\u00e9s.","og_url":"https:\/\/www.phenixetdragon.net\/en\/stages\/videos\/","og_site_name":"Ph\u00e9nix et Dragon","article_publisher":"https:\/\/fr-fr.facebook.com\/assoephedra\/","article_modified_time":"2025-10-25T16:24:16+00:00","twitter_card":"summary_large_image","twitter_misc":{"Estimated reading time":"2 minutes"},"schema":{"@context":"https:\/\/schema.org","@graph":[{"@type":"WebPage","@id":"https:\/\/www.phenixetdragon.net\/stages\/videos\/","url":"https:\/\/www.phenixetdragon.net\/stages\/videos\/","name":"Retour sur les stages pr\u00e9c\u00e9dents - Ph\u00e9nix et Dragon","isPartOf":{"@id":"https:\/\/www.phenixetdragon.net\/#website"},"datePublished":"2023-02-15T19:25:42+00:00","dateModified":"2025-10-25T16:24:16+00:00","description":"Revivez les moments forts des stages pass\u00e9s de Ph\u00e9nix & Dragon : Qi Gong, Taiji, Kung Fu, \u00c9ventail, Sabre Laser, avec Ma\u00eetre Ming Yue et nos instructeurs. T\u00e9moignages, vid\u00e9os et souvenirs partag\u00e9s.","breadcrumb":{"@id":"https:\/\/www.phenixetdragon.net\/stages\/videos\/#breadcrumb"},"inLanguage":"en-GB","potentialAction":[{"@type":"ReadAction","target":["https:\/\/www.phenixetdragon.net\/stages\/videos\/"]}]},{"@type":"BreadcrumbList","@id":"https:\/\/www.phenixetdragon.net\/stages\/videos\/#breadcrumb","itemListElement":[{"@type":"ListItem","position":1,"name":"Accueil","item":"https:\/\/www.phenixetdragon.net\/"},{"@type":"ListItem","position":2,"name":"Nos Stages","item":"https:\/\/www.phenixetdragon.net\/stages\/"},{"@type":"ListItem","position":3,"name":"Retour sur les stages pr\u00e9c\u00e9dents"}]},{"@type":"WebSite","@id":"https:\/\/www.phenixetdragon.net\/#website","url":"https:\/\/www.phenixetdragon.net\/","name":"Ph\u00e9nix et Dragon","description":"Arts Martiaux Chinois, Kung Fu, Taiji Quan, et Arts Energ\u00e9tiques, Qi Gong","publisher":{"@id":"https:\/\/www.phenixetdragon.net\/#organization"},"potentialAction":[{"@type":"SearchAction","target":{"@type":"EntryPoint","urlTemplate":"https:\/\/www.phenixetdragon.net\/?s={search_term_string}"},"query-input":{"@type":"PropertyValueSpecification","valueRequired":true,"valueName":"search_term_string"}}],"inLanguage":"en-GB"},{"@type":"Organization","@id":"https:\/\/www.phenixetdragon.net\/#organization","name":"Ph\u00e9nix et Dragon","url":"https:\/\/www.phenixetdragon.net\/","logo":{"@type":"ImageObject","inLanguage":"en-GB","@id":"https:\/\/www.phenixetdragon.net\/#\/schema\/logo\/image\/","url":"https:\/\/www.phenixetdragon.net\/wp-content\/uploads\/2021\/08\/logophenixdragon.png","contentUrl":"https:\/\/www.phenixetdragon.net\/wp-content\/uploads\/2021\/08\/logophenixdragon.png","width":674,"height":113,"caption":"Ph\u00e9nix et Dragon"},"image":{"@id":"https:\/\/www.phenixetdragon.net\/#\/schema\/logo\/image\/"},"sameAs":["https:\/\/fr-fr.facebook.com\/assoephedra\/","https:\/\/www.instagram.com\/ecolephenixetdragon\/"]}]}},"_links":{"self":[{"href":"https:\/\/www.phenixetdragon.net\/en\/wp-json\/wp\/v2\/pages\/7261","targetHints":{"allow":["GET"]}}],"collection":[{"href":"https:\/\/www.phenixetdragon.net\/en\/wp-json\/wp\/v2\/pages"}],"about":[{"href":"https:\/\/www.phenixetdragon.net\/en\/wp-json\/wp\/v2\/types\/page"}],"author":[{"embeddable":true,"href":"https:\/\/www.phenixetdragon.net\/en\/wp-json\/wp\/v2\/users\/7"}],"replies":[{"embeddable":true,"href":"https:\/\/www.phenixetdragon.net\/en\/wp-json\/wp\/v2\/comments?post=7261"}],"version-history":[{"count":13,"href":"https:\/\/www.phenixetdragon.net\/en\/wp-json\/wp\/v2\/pages\/7261\/revisions"}],"predecessor-version":[{"id":9913,"href":"https:\/\/www.phenixetdragon.net\/en\/wp-json\/wp\/v2\/pages\/7261\/revisions\/9913"}],"up":[{"embeddable":true,"href":"https:\/\/www.phenixetdragon.net\/en\/wp-json\/wp\/v2\/pages\/9093"}],"wp:attachment":[{"href":"https:\/\/www.phenixetdragon.net\/en\/wp-json\/wp\/v2\/media?parent=7261"}],"curies":[{"name":"wp","href":"https:\/\/api.w.org\/{rel}","templated":true}]}}