{"id":75,"date":"2021-10-02T15:33:29","date_gmt":"2021-10-02T13:33:29","guid":{"rendered":"https:\/\/portal.phenixetdragon.fr\/?page_id=75"},"modified":"2025-11-01T17:17:16","modified_gmt":"2025-11-01T16:17:16","slug":"formation-tao-et-sante","status":"publish","type":"page","link":"https:\/\/www.phenixetdragon.net\/en\/formation-tao-et-sante\/","title":{"rendered":"Notre Formation Tao et Sant\u00e9"},"content":{"rendered":"<h1 class=\"wp-block-heading has-vivid-red-color has-text-color has-medium-font-size\" id=\"le-programme-formation-tao-et-sante-pour-aller-plus-loin-dans-la-pratique\" style=\"text-transform:uppercase\"><strong>LA FORMATION Tao et Sant\u00e9, pour aller plus loin dans la pratique<\/strong><\/h1>\n\n\n\n<p>Aujourd\u2019hui, de plus en plus de personnes veulent s\u2019\u00e9panouir dans leur vie en bonne sant\u00e9.<\/p>\n\n\n\n<p>Pour r\u00e9pondre \u00e0 ce besoin, l\u2019APAMC (Acad\u00e9mie Parisienne d\u2019Arts Martiaux Chinois et Daoyin Qi Gong), une des associations de l\u2019\u00c9cole Ph\u00e9nix et Dragon, propose un <strong>programme annuel in\u00e9dit de plusieurs stages<\/strong>, conciliant les <strong>apports de la m\u00e9decine traditionnelle chinoise <\/strong>(syst\u00e8me des m\u00e9ridiens, di\u00e9t\u00e9tique, moxibustion, etc.) avec la <strong>pratique des arts \u00e9nerg\u00e9tiques et martiaux chinois <\/strong>(Qi Gong, Taiji Quan et Kung Fu). <\/p>\n\n\n\n<p class=\"has-white-color has-blush-bordeaux-gradient-background has-text-color has-background has-link-color wp-elements-25a6be9e5dafd52f509c415263ddb45e\">Ce programme de formation est assur\u00e9 par <strong><a href=\"https:\/\/www.phenixetdragon.net\/matteo-pepe\/\" target=\"_blank\" rel=\"noreferrer noopener\">Matteo Pepe<\/a><\/strong>, directeur p\u00e9dagogique de l\u2019Ecole Ph\u00e9nix et Dragon. Fort de son exp\u00e9rience de plus de 30 ans en m\u00e9decine chinoise et 45 ans en arts martiaux, il vous propose une approche unique pour approfondir votre pratique.<\/p>\n\n\n\n<h1 class=\"wp-block-heading has-vivid-red-color has-text-color has-link-color has-medium-font-size wp-elements-a9a26342fcccb99a3bf5108ff4cff652\" style=\"text-transform:uppercase\"><strong>A programme designed for a wide range of people<\/strong><\/h1>\n\n\n\n<ul class=\"wp-block-list\">\n<li>Pour des raisons g\u00e9ographiques ou d\u2019emploi du temps, vous ne pouvez pas suivre d\u2019enseignement r\u00e9gulier ?<\/li>\n\n\n\n<li>Vous \u00eates seul(e) dans votre pratique et vous voulez rencontrer des pratiquants qui vous aideront \u00e0 progresser et des partenaires qui \u00e9changeront avec vous dans une ambiance amicale ?<\/li>\n\n\n\n<li>Vous avez un club et cherchez \u00e0 cr\u00e9er des liens avec d\u2019autres clubs dans une ambiance de partage ?<\/li>\n\n\n\n<li>Vous envisagez une reconversion professionnelle, aimeriez pouvoir enseigner une discipline et vous voulez pr\u00e9parer aux dipl\u00f4mes officiels (d\u00e9livr\u00e9s par le minist\u00e8re de la Jeunesse et des Sports) ou f\u00e9d\u00e9raux ? Vous cherchez \u00e0 b\u00e9n\u00e9ficier du soutien technique et\/ou p\u00e9dagogique n\u00e9cessaire \u00e0 cette d\u00e9marche ?<\/li>\n\n\n\n<li>Apr\u00e8s plusieurs ann\u00e9es de pratique, vous n\u2019\u00eates pas s\u00fbr(e) de vos bases et vous voudriez vous perfectionner?<\/li>\n\n\n\n<li>Vous avez suivi une formation de base en m\u00e9decine traditionnelle chinoise, ce que vous avez appris n\u2019est pas applicable car trop abstrait, ou coll\u00e9 \u00e0 une r\u00e9alit\u00e9 qui n\u2019est pas la v\u00f4tre ?<\/li>\n<\/ul>\n\n\n\n<p><strong>Alors le programme est fait pour vous. <\/strong><\/p>\n\n\n\n<p class=\"has-text-align-center has-white-color has-blush-bordeaux-gradient-background has-text-color has-background has-link-color wp-elements-b3052b026e870cae5a8adbb2c41324aa\">&gt;&gt; <strong>Mais avant tout, le programme de formation Tao et Sant\u00e9 a pour objectif de vous aider \u00e0 vous inscrire dans une d\u00e9marche de sant\u00e9 et de vie longue et harmonieuse<\/strong> &lt;&lt;<\/p>\n\n\n\n<div class=\"wp-block-columns is-layout-flex wp-container-core-columns-is-layout-9d6595d7 wp-block-columns-is-layout-flex\">\n<div class=\"wp-block-column is-layout-flow wp-block-column-is-layout-flow\">\n<div class=\"wp-block-cover has-parallax\"><div class=\"wp-block-cover__image-background wp-image-7673 has-parallax\" style=\"background-position:50% 50%;background-image:url(https:\/\/www.phenixetdragon.net\/wp-content\/uploads\/2023\/10\/IMG_6216-1024x594.jpg)\"><\/div><span aria-hidden=\"true\" class=\"wp-block-cover__background has-background-dim\"><\/span><div class=\"wp-block-cover__inner-container is-layout-flow wp-block-cover-is-layout-flow\">\n<p class=\"has-text-align-center has-white-color has-text-color has-link-color has-large-font-size wp-elements-ed0909ec9c9ec96369391de25503dd68\"><a href=\"https:\/\/www.phenixetdragon.net\/formation-tao-et-sante\/programme\/\">Programme de la Formation Tao et Sant\u00e9<\/a><\/p>\n<\/div><\/div>\n<\/div>\n\n\n\n<div class=\"wp-block-column is-layout-flow wp-block-column-is-layout-flow\">\n<div class=\"wp-block-cover has-parallax\"><div class=\"wp-block-cover__image-background wp-image-7682 has-parallax\" style=\"background-position:50% 50%;background-image:url(https:\/\/www.phenixetdragon.net\/wp-content\/uploads\/2023\/10\/IMG_6275-1024x776.jpg)\"><\/div><span aria-hidden=\"true\" class=\"wp-block-cover__background has-background-dim\"><\/span><div class=\"wp-block-cover__inner-container is-layout-flow wp-block-cover-is-layout-flow\">\n<p class=\"has-text-align-center has-white-color has-text-color has-link-color has-large-font-size wp-elements-e7f6420d2b7de6d08e896449a45440bb\"><a href=\"https:\/\/www.phenixetdragon.net\/formation-tao-et-sante\/inscriptions-a-la-formation-tao-et-sante\/\">Registration<\/a><\/p>\n<\/div><\/div>\n<\/div>\n<\/div>\n\n\n\n<hr class=\"wp-block-separator has-alpha-channel-opacity\"\/>\n\n\n\n<p><em>Ph\u00e9nix &amp; Dragon, a school committed to teaching internal and external martial arts for all ages and levels.<\/em><\/p>","protected":false},"excerpt":{"rendered":"<p>LA FORMATION Tao et Sant\u00e9, pour aller plus loin dans la pratique Aujourd\u2019hui, de plus en plus de personnes veulent s\u2019\u00e9panouir dans leur vie en bonne sant\u00e9. Pour r\u00e9pondre \u00e0 ce besoin, l\u2019APAMC (Acad\u00e9mie Parisienne d\u2019Arts Martiaux Chinois et Daoyin Qi Gong), une des associations de l\u2019\u00c9cole Ph\u00e9nix et Dragon, propose un programme annuel in\u00e9dit &hellip; <\/p>","protected":false},"author":1,"featured_media":9045,"parent":0,"menu_order":0,"comment_status":"closed","ping_status":"closed","template":"","meta":{"footnotes":""},"class_list":["post-75","page","type-page","status-publish","has-post-thumbnail","hentry","latest_post"],"yoast_head":"<!-- This site is optimized with the Yoast SEO plugin v26.3 - https:\/\/yoast.com\/wordpress\/plugins\/seo\/ -->\n<title>Notre Formation Tao et Sant\u00e9 - Ph\u00e9nix et Dragon<\/title>\n<meta name=\"description\" content=\"Ce programme permet pour aller plus loin dans la pratique du Kung Fu, du Taiji Quan et\/ou du Qi Gong, dans un cycle couvrant plusieurs ann\u00e9es.\" \/>\n<meta name=\"robots\" content=\"index, follow, max-snippet:-1, max-image-preview:large, max-video-preview:-1\" \/>\n<link rel=\"canonical\" href=\"https:\/\/www.phenixetdragon.net\/en\/formation-tao-et-sante\/\" \/>\n<meta property=\"og:locale\" content=\"en_GB\" \/>\n<meta property=\"og:type\" content=\"article\" \/>\n<meta property=\"og:title\" content=\"Notre Formation Tao et Sant\u00e9 - Ph\u00e9nix et Dragon\" \/>\n<meta property=\"og:description\" content=\"Ce programme permet pour aller plus loin dans la pratique du Kung Fu, du Taiji Quan et\/ou du Qi Gong, dans un cycle couvrant plusieurs ann\u00e9es.\" \/>\n<meta property=\"og:url\" content=\"https:\/\/www.phenixetdragon.net\/en\/formation-tao-et-sante\/\" \/>\n<meta property=\"og:site_name\" content=\"Ph\u00e9nix et Dragon\" \/>\n<meta property=\"article:publisher\" content=\"https:\/\/fr-fr.facebook.com\/assoephedra\/\" \/>\n<meta property=\"article:modified_time\" content=\"2025-11-01T16:17:16+00:00\" \/>\n<meta property=\"og:image\" content=\"https:\/\/www.phenixetdragon.net\/wp-content\/uploads\/2025\/07\/Sans-titre.jpg\" \/>\n\t<meta property=\"og:image:width\" content=\"2395\" \/>\n\t<meta property=\"og:image:height\" content=\"1783\" \/>\n\t<meta property=\"og:image:type\" content=\"image\/jpeg\" \/>\n<meta name=\"twitter:card\" content=\"summary_large_image\" \/>\n<meta name=\"twitter:label1\" content=\"Estimated reading time\" \/>\n\t<meta name=\"twitter:data1\" content=\"3 minutes\" \/>\n<script type=\"application\/ld+json\" class=\"yoast-schema-graph\">{\"@context\":\"https:\/\/schema.org\",\"@graph\":[{\"@type\":\"WebPage\",\"@id\":\"https:\/\/www.phenixetdragon.net\/formation-tao-et-sante\/\",\"url\":\"https:\/\/www.phenixetdragon.net\/formation-tao-et-sante\/\",\"name\":\"Notre Formation Tao et Sant\u00e9 - Ph\u00e9nix et Dragon\",\"isPartOf\":{\"@id\":\"https:\/\/www.phenixetdragon.net\/#website\"},\"primaryImageOfPage\":{\"@id\":\"https:\/\/www.phenixetdragon.net\/formation-tao-et-sante\/#primaryimage\"},\"image\":{\"@id\":\"https:\/\/www.phenixetdragon.net\/formation-tao-et-sante\/#primaryimage\"},\"thumbnailUrl\":\"https:\/\/www.phenixetdragon.net\/wp-content\/uploads\/2025\/07\/Sans-titre.jpg\",\"datePublished\":\"2021-10-02T13:33:29+00:00\",\"dateModified\":\"2025-11-01T16:17:16+00:00\",\"description\":\"Ce programme permet pour aller plus loin dans la pratique du Kung Fu, du Taiji Quan et\/ou du Qi Gong, dans un cycle couvrant plusieurs ann\u00e9es.\",\"breadcrumb\":{\"@id\":\"https:\/\/www.phenixetdragon.net\/formation-tao-et-sante\/#breadcrumb\"},\"inLanguage\":\"en-GB\",\"potentialAction\":[{\"@type\":\"ReadAction\",\"target\":[\"https:\/\/www.phenixetdragon.net\/formation-tao-et-sante\/\"]}]},{\"@type\":\"ImageObject\",\"inLanguage\":\"en-GB\",\"@id\":\"https:\/\/www.phenixetdragon.net\/formation-tao-et-sante\/#primaryimage\",\"url\":\"https:\/\/www.phenixetdragon.net\/wp-content\/uploads\/2025\/07\/Sans-titre.jpg\",\"contentUrl\":\"https:\/\/www.phenixetdragon.net\/wp-content\/uploads\/2025\/07\/Sans-titre.jpg\",\"width\":2395,\"height\":1783},{\"@type\":\"BreadcrumbList\",\"@id\":\"https:\/\/www.phenixetdragon.net\/formation-tao-et-sante\/#breadcrumb\",\"itemListElement\":[{\"@type\":\"ListItem\",\"position\":1,\"name\":\"Accueil\",\"item\":\"https:\/\/www.phenixetdragon.net\/\"},{\"@type\":\"ListItem\",\"position\":2,\"name\":\"Notre Formation Tao et Sant\u00e9\"}]},{\"@type\":\"WebSite\",\"@id\":\"https:\/\/www.phenixetdragon.net\/#website\",\"url\":\"https:\/\/www.phenixetdragon.net\/\",\"name\":\"Ph\u00e9nix et Dragon\",\"description\":\"Arts Martiaux Chinois, Kung Fu, Taiji Quan, et Arts Energ\u00e9tiques, Qi Gong\",\"publisher\":{\"@id\":\"https:\/\/www.phenixetdragon.net\/#organization\"},\"potentialAction\":[{\"@type\":\"SearchAction\",\"target\":{\"@type\":\"EntryPoint\",\"urlTemplate\":\"https:\/\/www.phenixetdragon.net\/?s={search_term_string}\"},\"query-input\":{\"@type\":\"PropertyValueSpecification\",\"valueRequired\":true,\"valueName\":\"search_term_string\"}}],\"inLanguage\":\"en-GB\"},{\"@type\":\"Organization\",\"@id\":\"https:\/\/www.phenixetdragon.net\/#organization\",\"name\":\"Ph\u00e9nix et Dragon\",\"url\":\"https:\/\/www.phenixetdragon.net\/\",\"logo\":{\"@type\":\"ImageObject\",\"inLanguage\":\"en-GB\",\"@id\":\"https:\/\/www.phenixetdragon.net\/#\/schema\/logo\/image\/\",\"url\":\"https:\/\/www.phenixetdragon.net\/wp-content\/uploads\/2021\/08\/logophenixdragon.png\",\"contentUrl\":\"https:\/\/www.phenixetdragon.net\/wp-content\/uploads\/2021\/08\/logophenixdragon.png\",\"width\":674,\"height\":113,\"caption\":\"Ph\u00e9nix et Dragon\"},\"image\":{\"@id\":\"https:\/\/www.phenixetdragon.net\/#\/schema\/logo\/image\/\"},\"sameAs\":[\"https:\/\/fr-fr.facebook.com\/assoephedra\/\",\"https:\/\/www.instagram.com\/ecolephenixetdragon\/\"]}]}<\/script>\n<!-- \/ Yoast SEO plugin. -->","yoast_head_json":{"title":"Notre Formation Tao et Sant\u00e9 - Ph\u00e9nix et Dragon","description":"Ce programme permet pour aller plus loin dans la pratique du Kung Fu, du Taiji Quan et\/ou du Qi Gong, dans un cycle couvrant plusieurs ann\u00e9es.","robots":{"index":"index","follow":"follow","max-snippet":"max-snippet:-1","max-image-preview":"max-image-preview:large","max-video-preview":"max-video-preview:-1"},"canonical":"https:\/\/www.phenixetdragon.net\/en\/formation-tao-et-sante\/","og_locale":"en_GB","og_type":"article","og_title":"Notre Formation Tao et Sant\u00e9 - Ph\u00e9nix et Dragon","og_description":"Ce programme permet pour aller plus loin dans la pratique du Kung Fu, du Taiji Quan et\/ou du Qi Gong, dans un cycle couvrant plusieurs ann\u00e9es.","og_url":"https:\/\/www.phenixetdragon.net\/en\/formation-tao-et-sante\/","og_site_name":"Ph\u00e9nix et Dragon","article_publisher":"https:\/\/fr-fr.facebook.com\/assoephedra\/","article_modified_time":"2025-11-01T16:17:16+00:00","og_image":[{"width":2395,"height":1783,"url":"https:\/\/www.phenixetdragon.net\/wp-content\/uploads\/2025\/07\/Sans-titre.jpg","type":"image\/jpeg"}],"twitter_card":"summary_large_image","twitter_misc":{"Estimated reading time":"3 minutes"},"schema":{"@context":"https:\/\/schema.org","@graph":[{"@type":"WebPage","@id":"https:\/\/www.phenixetdragon.net\/formation-tao-et-sante\/","url":"https:\/\/www.phenixetdragon.net\/formation-tao-et-sante\/","name":"Notre Formation Tao et Sant\u00e9 - Ph\u00e9nix et Dragon","isPartOf":{"@id":"https:\/\/www.phenixetdragon.net\/#website"},"primaryImageOfPage":{"@id":"https:\/\/www.phenixetdragon.net\/formation-tao-et-sante\/#primaryimage"},"image":{"@id":"https:\/\/www.phenixetdragon.net\/formation-tao-et-sante\/#primaryimage"},"thumbnailUrl":"https:\/\/www.phenixetdragon.net\/wp-content\/uploads\/2025\/07\/Sans-titre.jpg","datePublished":"2021-10-02T13:33:29+00:00","dateModified":"2025-11-01T16:17:16+00:00","description":"Ce programme permet pour aller plus loin dans la pratique du Kung Fu, du Taiji Quan et\/ou du Qi Gong, dans un cycle couvrant plusieurs ann\u00e9es.","breadcrumb":{"@id":"https:\/\/www.phenixetdragon.net\/formation-tao-et-sante\/#breadcrumb"},"inLanguage":"en-GB","potentialAction":[{"@type":"ReadAction","target":["https:\/\/www.phenixetdragon.net\/formation-tao-et-sante\/"]}]},{"@type":"ImageObject","inLanguage":"en-GB","@id":"https:\/\/www.phenixetdragon.net\/formation-tao-et-sante\/#primaryimage","url":"https:\/\/www.phenixetdragon.net\/wp-content\/uploads\/2025\/07\/Sans-titre.jpg","contentUrl":"https:\/\/www.phenixetdragon.net\/wp-content\/uploads\/2025\/07\/Sans-titre.jpg","width":2395,"height":1783},{"@type":"BreadcrumbList","@id":"https:\/\/www.phenixetdragon.net\/formation-tao-et-sante\/#breadcrumb","itemListElement":[{"@type":"ListItem","position":1,"name":"Accueil","item":"https:\/\/www.phenixetdragon.net\/"},{"@type":"ListItem","position":2,"name":"Notre Formation Tao et Sant\u00e9"}]},{"@type":"WebSite","@id":"https:\/\/www.phenixetdragon.net\/#website","url":"https:\/\/www.phenixetdragon.net\/","name":"Ph\u00e9nix et Dragon","description":"Arts Martiaux Chinois, Kung Fu, Taiji Quan, et Arts Energ\u00e9tiques, Qi Gong","publisher":{"@id":"https:\/\/www.phenixetdragon.net\/#organization"},"potentialAction":[{"@type":"SearchAction","target":{"@type":"EntryPoint","urlTemplate":"https:\/\/www.phenixetdragon.net\/?s={search_term_string}"},"query-input":{"@type":"PropertyValueSpecification","valueRequired":true,"valueName":"search_term_string"}}],"inLanguage":"en-GB"},{"@type":"Organization","@id":"https:\/\/www.phenixetdragon.net\/#organization","name":"Ph\u00e9nix et Dragon","url":"https:\/\/www.phenixetdragon.net\/","logo":{"@type":"ImageObject","inLanguage":"en-GB","@id":"https:\/\/www.phenixetdragon.net\/#\/schema\/logo\/image\/","url":"https:\/\/www.phenixetdragon.net\/wp-content\/uploads\/2021\/08\/logophenixdragon.png","contentUrl":"https:\/\/www.phenixetdragon.net\/wp-content\/uploads\/2021\/08\/logophenixdragon.png","width":674,"height":113,"caption":"Ph\u00e9nix et Dragon"},"image":{"@id":"https:\/\/www.phenixetdragon.net\/#\/schema\/logo\/image\/"},"sameAs":["https:\/\/fr-fr.facebook.com\/assoephedra\/","https:\/\/www.instagram.com\/ecolephenixetdragon\/"]}]}},"_links":{"self":[{"href":"https:\/\/www.phenixetdragon.net\/en\/wp-json\/wp\/v2\/pages\/75","targetHints":{"allow":["GET"]}}],"collection":[{"href":"https:\/\/www.phenixetdragon.net\/en\/wp-json\/wp\/v2\/pages"}],"about":[{"href":"https:\/\/www.phenixetdragon.net\/en\/wp-json\/wp\/v2\/types\/page"}],"author":[{"embeddable":true,"href":"https:\/\/www.phenixetdragon.net\/en\/wp-json\/wp\/v2\/users\/1"}],"replies":[{"embeddable":true,"href":"https:\/\/www.phenixetdragon.net\/en\/wp-json\/wp\/v2\/comments?post=75"}],"version-history":[{"count":47,"href":"https:\/\/www.phenixetdragon.net\/en\/wp-json\/wp\/v2\/pages\/75\/revisions"}],"predecessor-version":[{"id":10601,"href":"https:\/\/www.phenixetdragon.net\/en\/wp-json\/wp\/v2\/pages\/75\/revisions\/10601"}],"wp:featuredmedia":[{"embeddable":true,"href":"https:\/\/www.phenixetdragon.net\/en\/wp-json\/wp\/v2\/media\/9045"}],"wp:attachment":[{"href":"https:\/\/www.phenixetdragon.net\/en\/wp-json\/wp\/v2\/media?parent=75"}],"curies":[{"name":"wp","href":"https:\/\/api.w.org\/{rel}","templated":true}]}}