{"id":7626,"date":"2023-09-22T10:06:18","date_gmt":"2023-09-22T08:06:18","guid":{"rendered":"https:\/\/www.phenixetdragon.net\/?page_id=7626"},"modified":"2023-09-22T10:10:33","modified_gmt":"2023-09-22T08:10:33","slug":"the-shop-material-available-via-the-phenix-and-dragon-school-associations","status":"publish","type":"page","link":"https:\/\/www.phenixetdragon.net\/en\/the-shop-material-available-via-the-phenix-and-dragon-school-associations\/","title":{"rendered":"The \u00ab\u00a0shop\u00a0\u00bb"},"content":{"rendered":"<p class=\"has-vivid-red-color has-text-color\"><strong>Material available via the Ph\u00e9nix and Dragon School associations<\/strong><\/p>\n\n\n\n<p>We offer our members several types of equipment, which can be ordered from our instructors<br>in the SIGNAL groups, or by email (phenixetdragon@gmail.com for France and<br>nofodramail@nofodra.com for Norway).<\/p>\n\n\n\n<div class=\"wp-block-columns is-layout-flex wp-container-core-columns-is-layout-9d6595d7 wp-block-columns-is-layout-flex\">\n<div class=\"wp-block-column is-layout-flow wp-block-column-is-layout-flow\">\n<figure class=\"wp-block-image size-full\"><img decoding=\"async\" src=\"data:image\/gif;base64,R0lGODlhAQABAAAAACH5BAEKAAEALAAAAAABAAEAAAICTAEAOw==\" data-layzr=\"https:\/\/www.phenixetdragon.net\/wp-content\/uploads\/2022\/12\/nunch-enfants.webp\" alt=\"\" class=\"wp-image-7091\"\/><figcaption class=\"wp-element-caption\">Foam Nunchaku \u2013 kids \u2013 12 euros<\/figcaption><\/figure>\n<\/div>\n\n\n\n<div class=\"wp-block-column is-layout-flow wp-block-column-is-layout-flow\">\n<figure class=\"wp-block-image size-full\"><img decoding=\"async\" src=\"data:image\/gif;base64,R0lGODlhAQABAAAAACH5BAEKAAEALAAAAAABAAEAAAICTAEAOw==\" data-layzr=\"https:\/\/www.phenixetdragon.net\/wp-content\/uploads\/2022\/12\/Capture-decran-2022-12-15-a-17.33.46.png\" alt=\"\" class=\"wp-image-7093\"\/><figcaption class=\"wp-element-caption\">Foam Nunchaku\u2013 teenagers \u2013 12 euros<\/figcaption><\/figure>\n<\/div>\n\n\n\n<div class=\"wp-block-column is-layout-flow wp-block-column-is-layout-flow\">\n<figure class=\"wp-block-image size-full\"><img decoding=\"async\" src=\"data:image\/gif;base64,R0lGODlhAQABAAAAACH5BAEKAAEALAAAAAABAAEAAAICTAEAOw==\" data-layzr=\"https:\/\/www.phenixetdragon.net\/wp-content\/uploads\/2022\/12\/Capture-decran-2022-12-15-a-17.28.50.png\" alt=\"\" class=\"wp-image-7094\"\/><figcaption class=\"wp-element-caption\">Foam Nunchaku \u2013 adults \u2013 14 euros<\/figcaption><\/figure>\n<\/div>\n<\/div>\n\n\n\n<div class=\"wp-block-columns is-layout-flex wp-container-core-columns-is-layout-9d6595d7 wp-block-columns-is-layout-flex\">\n<div class=\"wp-block-column is-layout-flow wp-block-column-is-layout-flow\">\n<figure class=\"wp-block-image size-large is-resized\"><img loading=\"lazy\" decoding=\"async\" src=\"data:image\/gif;base64,R0lGODlhAQABAAAAACH5BAEKAAEALAAAAAABAAEAAAICTAEAOw==\" data-layzr=\"https:\/\/www.phenixetdragon.net\/wp-content\/uploads\/2022\/12\/Capture-decran-2022-12-15-a-17.56.11-669x1024.png\" alt=\"\" class=\"wp-image-7104\" style=\"width:220px;height:336px\" width=\"220\" height=\"336\"\/><figcaption class=\"wp-element-caption\">Sanda gloves &#8211; adults or kids \u2013 25 euros<\/figcaption><\/figure>\n<\/div>\n\n\n\n<div class=\"wp-block-column is-layout-flow wp-block-column-is-layout-flow\">\n<figure class=\"wp-block-image size-full\"><img decoding=\"async\" src=\"data:image\/gif;base64,R0lGODlhAQABAAAAACH5BAEKAAEALAAAAAABAAEAAAICTAEAOw==\" data-layzr=\"https:\/\/www.phenixetdragon.net\/wp-content\/uploads\/2022\/12\/Capture-decran-2022-12-15-a-18.17.24.png\" alt=\"\" class=\"wp-image-7117\"\/><figcaption class=\"wp-element-caption\">Bags \u2013 20 euros<\/figcaption><\/figure>\n<\/div>\n\n\n\n<div class=\"wp-block-column is-layout-flow wp-block-column-is-layout-flow\">\n<figure class=\"wp-block-image size-large\"><img decoding=\"async\" src=\"data:image\/gif;base64,R0lGODlhAQABAAAAACH5BAEKAAEALAAAAAABAAEAAAICTAEAOw==\" data-layzr=\"https:\/\/www.phenixetdragon.net\/wp-content\/uploads\/2022\/12\/IMG_4713-768x1024.jpeg\" alt=\"\" class=\"wp-image-7103\"\/><figcaption class=\"wp-element-caption\">Bottles \u2013 15 euros<\/figcaption><\/figure>\n<\/div>\n<\/div>\n\n\n\n<div class=\"wp-block-columns is-layout-flex wp-container-core-columns-is-layout-9d6595d7 wp-block-columns-is-layout-flex\">\n<div class=\"wp-block-column is-layout-flow wp-block-column-is-layout-flow\">\n<figure class=\"wp-block-image size-large\"><img decoding=\"async\" src=\"data:image\/gif;base64,R0lGODlhAQABAAAAACH5BAEKAAEALAAAAAABAAEAAAICTAEAOw==\" data-layzr=\"https:\/\/www.phenixetdragon.net\/wp-content\/uploads\/2022\/12\/Capture-decran-2022-12-15-a-17.44.32-1024x857.png\" alt=\"\" class=\"wp-image-7098\"\/><figcaption class=\"wp-element-caption\">Caps \u2013 children (orange or pink) \u2013 15 euros<\/figcaption><\/figure>\n<\/div>\n\n\n\n<div class=\"wp-block-column is-layout-flow wp-block-column-is-layout-flow\">\n<figure class=\"wp-block-image size-large\"><img decoding=\"async\" src=\"data:image\/gif;base64,R0lGODlhAQABAAAAACH5BAEKAAEALAAAAAABAAEAAAICTAEAOw==\" data-layzr=\"https:\/\/www.phenixetdragon.net\/wp-content\/uploads\/2022\/12\/Capture-decran-2022-12-15-a-17.46.39-1024x857.png\" alt=\"\" class=\"wp-image-7101\"\/><figcaption class=\"wp-element-caption\">Caps \u2013 adults (brown or red) \u2013 15 euros<\/figcaption><\/figure>\n<\/div>\n\n\n\n<div class=\"wp-block-column is-layout-flow wp-block-column-is-layout-flow\">\n<figure class=\"wp-block-image size-large\"><img decoding=\"async\" src=\"data:image\/gif;base64,R0lGODlhAQABAAAAACH5BAEKAAEALAAAAAABAAEAAAICTAEAOw==\" data-layzr=\"https:\/\/www.phenixetdragon.net\/wp-content\/uploads\/2022\/12\/Capture-decran-2022-12-15-a-17.43.41-1024x857.png\" alt=\"\" class=\"wp-image-7102\"\/><figcaption class=\"wp-element-caption\">Caps \u2013 adults (light or dark blue) \u2013 15 euros<\/figcaption><\/figure>\n<\/div>\n<\/div>\n\n\n\n<div class=\"wp-block-columns is-layout-flex wp-container-core-columns-is-layout-9d6595d7 wp-block-columns-is-layout-flex\">\n<div class=\"wp-block-column is-layout-flow wp-block-column-is-layout-flow\">\n<div class=\"wp-block-columns is-layout-flex wp-container-core-columns-is-layout-9d6595d7 wp-block-columns-is-layout-flex\">\n<div class=\"wp-block-column is-layout-flow wp-block-column-is-layout-flow\">\n<figure class=\"wp-block-image size-large is-resized\"><img loading=\"lazy\" decoding=\"async\" src=\"data:image\/gif;base64,R0lGODlhAQABAAAAACH5BAEKAAEALAAAAAABAAEAAAICTAEAOw==\" data-layzr=\"https:\/\/www.phenixetdragon.net\/wp-content\/uploads\/2022\/12\/Capture-decran-2022-12-15-a-18.04.50-855x1024.png\" alt=\"\" class=\"wp-image-7110\" style=\"width:183px;height:219px\" width=\"183\" height=\"219\"\/><figcaption class=\"wp-element-caption\">Tee shirt enfants &#8211; 12 euros &#8211; coloris de l&rsquo;ann\u00e9e, ou des ann\u00e9es pr\u00e9c\u00e9dentes, au choix<\/figcaption><\/figure>\n<\/div>\n\n\n\n<div class=\"wp-block-column is-layout-flow wp-block-column-is-layout-flow\">\n<figure class=\"wp-block-image size-large\"><img decoding=\"async\" src=\"data:image\/gif;base64,R0lGODlhAQABAAAAACH5BAEKAAEALAAAAAABAAEAAAICTAEAOw==\" data-layzr=\"https:\/\/www.phenixetdragon.net\/wp-content\/uploads\/2022\/12\/Capture-decran-2022-12-15-a-18.04.26-855x1024.png\" alt=\"\" class=\"wp-image-7111\"\/><figcaption class=\"wp-element-caption\">T-shirts \u2013 adults (colors of the year, or from previous years, of your choice) \u2013 12 euros<\/figcaption><\/figure>\n<\/div>\n<\/div>\n<\/div>\n\n\n\n<div class=\"wp-block-column is-layout-flow wp-block-column-is-layout-flow\">\n<div class=\"wp-block-columns is-layout-flex wp-container-core-columns-is-layout-9d6595d7 wp-block-columns-is-layout-flex\">\n<div class=\"wp-block-column is-layout-flow wp-block-column-is-layout-flow\">\n<figure class=\"wp-block-image size-large\"><img decoding=\"async\" src=\"data:image\/gif;base64,R0lGODlhAQABAAAAACH5BAEKAAEALAAAAAABAAEAAAICTAEAOw==\" data-layzr=\"https:\/\/www.phenixetdragon.net\/wp-content\/uploads\/2022\/12\/Capture-decran-2022-12-15-a-18.08.04-855x1024.png\" alt=\"\" class=\"wp-image-7112\"\/><figcaption class=\"wp-element-caption\">Sleeveless sweatshirt \u2013 adults \u2013 28 euros<\/figcaption><\/figure>\n<\/div>\n\n\n\n<div class=\"wp-block-column is-layout-flow wp-block-column-is-layout-flow\">\n<figure class=\"wp-block-image size-large\"><img decoding=\"async\" src=\"data:image\/gif;base64,R0lGODlhAQABAAAAACH5BAEKAAEALAAAAAABAAEAAAICTAEAOw==\" data-layzr=\"https:\/\/www.phenixetdragon.net\/wp-content\/uploads\/2022\/12\/Capture-decran-2022-12-15-a-18.08.29-855x1024.png\" alt=\"\" class=\"wp-image-7113\"\/><figcaption class=\"wp-element-caption\">Sweatshirt \u2013 children \u2013 25 euros<\/figcaption><\/figure>\n<\/div>\n<\/div>\n<\/div>\n<\/div>\n\n\n\n<div class=\"wp-block-columns is-layout-flex wp-container-core-columns-is-layout-9d6595d7 wp-block-columns-is-layout-flex\">\n<div class=\"wp-block-column is-layout-flow wp-block-column-is-layout-flow\">\n<figure class=\"wp-block-image size-full\"><img decoding=\"async\" src=\"data:image\/gif;base64,R0lGODlhAQABAAAAACH5BAEKAAEALAAAAAABAAEAAAICTAEAOw==\" data-layzr=\"https:\/\/www.phenixetdragon.net\/wp-content\/uploads\/2022\/12\/Capture-decran-2022-12-16-a-12.35.46.png\" alt=\"\" class=\"wp-image-7119\"\/><figcaption class=\"wp-element-caption\">Pants \u2013 children\/adults \u2013 25 euros<\/figcaption><\/figure>\n<\/div>\n\n\n\n<div class=\"wp-block-column is-layout-flow wp-block-column-is-layout-flow\">\n<figure class=\"wp-block-image size-large\"><img decoding=\"async\" src=\"data:image\/gif;base64,R0lGODlhAQABAAAAACH5BAEKAAEALAAAAAABAAEAAAICTAEAOw==\" data-layzr=\"https:\/\/www.phenixetdragon.net\/wp-content\/uploads\/2022\/12\/Capture-decran-2022-12-15-a-17.58.50-1024x529.png\" alt=\"\" class=\"wp-image-7109\"\/><figcaption class=\"wp-element-caption\">Satin belts \u2013 10 euros<\/figcaption><\/figure>\n\n\n\n<div class=\"wp-block-columns is-layout-flex wp-container-core-columns-is-layout-9d6595d7 wp-block-columns-is-layout-flex\">\n<div class=\"wp-block-column is-layout-flow wp-block-column-is-layout-flow\">\n<figure class=\"wp-block-image size-large\"><img decoding=\"async\" src=\"data:image\/gif;base64,R0lGODlhAQABAAAAACH5BAEKAAEALAAAAAABAAEAAAICTAEAOw==\" data-layzr=\"https:\/\/www.phenixetdragon.net\/wp-content\/uploads\/2023\/01\/Capture-decran-2023-01-18-a-14.02.41-1024x815.png\" alt=\"\" class=\"wp-image-7176\"\/><figcaption class=\"wp-element-caption\">Shoes \u2013 children \u2013 15 euros<\/figcaption><\/figure>\n<\/div>\n\n\n\n<div class=\"wp-block-column is-layout-flow wp-block-column-is-layout-flow\">\n<figure class=\"wp-block-image size-large\"><img decoding=\"async\" src=\"data:image\/gif;base64,R0lGODlhAQABAAAAACH5BAEKAAEALAAAAAABAAEAAAICTAEAOw==\" data-layzr=\"https:\/\/www.phenixetdragon.net\/wp-content\/uploads\/2023\/01\/Capture-decran-2023-01-18-a-14.08.24-1024x815.png\" alt=\"\" class=\"wp-image-7177\"\/><figcaption class=\"wp-element-caption\">Shoes &#8211; adults \u2013 20 euros<\/figcaption><\/figure>\n<\/div>\n<\/div>\n<\/div>\n<\/div>\n\n\n\n<div class=\"wp-block-columns is-layout-flex wp-container-core-columns-is-layout-9d6595d7 wp-block-columns-is-layout-flex\">\n<div class=\"wp-block-column is-layout-flow wp-block-column-is-layout-flow\">\n<figure class=\"wp-block-image size-full\"><img decoding=\"async\" src=\"data:image\/gif;base64,R0lGODlhAQABAAAAACH5BAEKAAEALAAAAAABAAEAAAICTAEAOw==\" data-layzr=\"https:\/\/www.phenixetdragon.net\/wp-content\/uploads\/2023\/03\/Capture-decran-2023-03-22-a-18.19.23.png\" alt=\"\" class=\"wp-image-7290\"\/><figcaption class=\"wp-element-caption\">Taiji Fan &#8211; 14 or 16 euros depending on type<\/figcaption><\/figure>\n<\/div>\n\n\n\n<div class=\"wp-block-column is-layout-flow wp-block-column-is-layout-flow\">\n<figure class=\"wp-block-image size-full\"><img decoding=\"async\" src=\"data:image\/gif;base64,R0lGODlhAQABAAAAACH5BAEKAAEALAAAAAABAAEAAAICTAEAOw==\" data-layzr=\"https:\/\/www.phenixetdragon.net\/wp-content\/uploads\/2023\/03\/Capture-decran-2023-03-22-a-18.22.03.png\" alt=\"\" class=\"wp-image-7292\"\/><figcaption class=\"wp-element-caption\">Lightsaber &#8211; 110 euros<\/figcaption><\/figure>\n<\/div>\n<\/div>","protected":false},"excerpt":{"rendered":"<p>Material available via the Ph\u00e9nix and Dragon School associations We offer our members several types of equipment, which can be ordered from our instructorsin the SIGNAL groups, or by email (phenixetdragon@gmail.com for France andnofodramail@nofodra.com for Norway).<\/p>","protected":false},"author":7,"featured_media":0,"parent":0,"menu_order":0,"comment_status":"closed","ping_status":"closed","template":"","meta":{"footnotes":""},"class_list":["post-7626","page","type-page","status-publish","hentry","latest_post"],"yoast_head":"<!-- This site is optimized with the Yoast SEO plugin v26.3 - https:\/\/yoast.com\/wordpress\/plugins\/seo\/ -->\n<title>The &quot;shop&quot; - Ph\u00e9nix et Dragon<\/title>\n<meta name=\"robots\" content=\"index, follow, max-snippet:-1, max-image-preview:large, max-video-preview:-1\" \/>\n<link rel=\"canonical\" href=\"https:\/\/www.phenixetdragon.net\/en\/the-shop-material-available-via-the-phenix-and-dragon-school-associations\/\" \/>\n<meta property=\"og:locale\" content=\"en_GB\" \/>\n<meta property=\"og:type\" content=\"article\" \/>\n<meta property=\"og:title\" content=\"The &quot;shop&quot; - Ph\u00e9nix et Dragon\" \/>\n<meta property=\"og:description\" content=\"Material available via the Ph\u00e9nix and Dragon School associations We offer our members several types of equipment, which can be ordered from our instructorsin the SIGNAL groups, or by email (phenixetdragon@gmail.com for France andnofodramail@nofodra.com for Norway).\" \/>\n<meta property=\"og:url\" content=\"https:\/\/www.phenixetdragon.net\/en\/the-shop-material-available-via-the-phenix-and-dragon-school-associations\/\" \/>\n<meta property=\"og:site_name\" content=\"Ph\u00e9nix et Dragon\" \/>\n<meta property=\"article:publisher\" content=\"https:\/\/fr-fr.facebook.com\/assoephedra\/\" \/>\n<meta property=\"article:modified_time\" content=\"2023-09-22T08:10:33+00:00\" \/>\n<meta property=\"og:image\" content=\"https:\/\/www.phenixetdragon.net\/wp-content\/uploads\/2022\/12\/nunch-enfants.webp\" \/>\n<meta name=\"twitter:card\" content=\"summary_large_image\" \/>\n<meta name=\"twitter:label1\" content=\"Estimated reading time\" \/>\n\t<meta name=\"twitter:data1\" content=\"1 minute\" \/>\n<script type=\"application\/ld+json\" class=\"yoast-schema-graph\">{\"@context\":\"https:\/\/schema.org\",\"@graph\":[{\"@type\":\"WebPage\",\"@id\":\"https:\/\/www.phenixetdragon.net\/the-shop-material-available-via-the-phenix-and-dragon-school-associations\/\",\"url\":\"https:\/\/www.phenixetdragon.net\/the-shop-material-available-via-the-phenix-and-dragon-school-associations\/\",\"name\":\"The \\\"shop\\\" - Ph\u00e9nix et Dragon\",\"isPartOf\":{\"@id\":\"https:\/\/www.phenixetdragon.net\/#website\"},\"primaryImageOfPage\":{\"@id\":\"https:\/\/www.phenixetdragon.net\/the-shop-material-available-via-the-phenix-and-dragon-school-associations\/#primaryimage\"},\"image\":{\"@id\":\"https:\/\/www.phenixetdragon.net\/the-shop-material-available-via-the-phenix-and-dragon-school-associations\/#primaryimage\"},\"thumbnailUrl\":\"https:\/\/www.phenixetdragon.net\/wp-content\/uploads\/2022\/12\/nunch-enfants.webp\",\"datePublished\":\"2023-09-22T08:06:18+00:00\",\"dateModified\":\"2023-09-22T08:10:33+00:00\",\"breadcrumb\":{\"@id\":\"https:\/\/www.phenixetdragon.net\/the-shop-material-available-via-the-phenix-and-dragon-school-associations\/#breadcrumb\"},\"inLanguage\":\"en-GB\",\"potentialAction\":[{\"@type\":\"ReadAction\",\"target\":[\"https:\/\/www.phenixetdragon.net\/the-shop-material-available-via-the-phenix-and-dragon-school-associations\/\"]}]},{\"@type\":\"ImageObject\",\"inLanguage\":\"en-GB\",\"@id\":\"https:\/\/www.phenixetdragon.net\/the-shop-material-available-via-the-phenix-and-dragon-school-associations\/#primaryimage\",\"url\":\"https:\/\/www.phenixetdragon.net\/wp-content\/uploads\/2022\/12\/nunch-enfants.webp\",\"contentUrl\":\"https:\/\/www.phenixetdragon.net\/wp-content\/uploads\/2022\/12\/nunch-enfants.webp\"},{\"@type\":\"BreadcrumbList\",\"@id\":\"https:\/\/www.phenixetdragon.net\/the-shop-material-available-via-the-phenix-and-dragon-school-associations\/#breadcrumb\",\"itemListElement\":[{\"@type\":\"ListItem\",\"position\":1,\"name\":\"Accueil\",\"item\":\"https:\/\/www.phenixetdragon.net\/\"},{\"@type\":\"ListItem\",\"position\":2,\"name\":\"The \u00ab\u00a0shop\u00a0\u00bb\"}]},{\"@type\":\"WebSite\",\"@id\":\"https:\/\/www.phenixetdragon.net\/#website\",\"url\":\"https:\/\/www.phenixetdragon.net\/\",\"name\":\"Ph\u00e9nix et Dragon\",\"description\":\"Arts Martiaux Chinois, Kung Fu, Taiji Quan, et Arts Energ\u00e9tiques, Qi Gong\",\"publisher\":{\"@id\":\"https:\/\/www.phenixetdragon.net\/#organization\"},\"potentialAction\":[{\"@type\":\"SearchAction\",\"target\":{\"@type\":\"EntryPoint\",\"urlTemplate\":\"https:\/\/www.phenixetdragon.net\/?s={search_term_string}\"},\"query-input\":{\"@type\":\"PropertyValueSpecification\",\"valueRequired\":true,\"valueName\":\"search_term_string\"}}],\"inLanguage\":\"en-GB\"},{\"@type\":\"Organization\",\"@id\":\"https:\/\/www.phenixetdragon.net\/#organization\",\"name\":\"Ph\u00e9nix et Dragon\",\"url\":\"https:\/\/www.phenixetdragon.net\/\",\"logo\":{\"@type\":\"ImageObject\",\"inLanguage\":\"en-GB\",\"@id\":\"https:\/\/www.phenixetdragon.net\/#\/schema\/logo\/image\/\",\"url\":\"https:\/\/www.phenixetdragon.net\/wp-content\/uploads\/2021\/08\/logophenixdragon.png\",\"contentUrl\":\"https:\/\/www.phenixetdragon.net\/wp-content\/uploads\/2021\/08\/logophenixdragon.png\",\"width\":674,\"height\":113,\"caption\":\"Ph\u00e9nix et Dragon\"},\"image\":{\"@id\":\"https:\/\/www.phenixetdragon.net\/#\/schema\/logo\/image\/\"},\"sameAs\":[\"https:\/\/fr-fr.facebook.com\/assoephedra\/\",\"https:\/\/www.instagram.com\/ecolephenixetdragon\/\"]}]}<\/script>\n<!-- \/ Yoast SEO plugin. -->","yoast_head_json":{"title":"The \"shop\" - Ph\u00e9nix et Dragon","robots":{"index":"index","follow":"follow","max-snippet":"max-snippet:-1","max-image-preview":"max-image-preview:large","max-video-preview":"max-video-preview:-1"},"canonical":"https:\/\/www.phenixetdragon.net\/en\/the-shop-material-available-via-the-phenix-and-dragon-school-associations\/","og_locale":"en_GB","og_type":"article","og_title":"The \"shop\" - Ph\u00e9nix et Dragon","og_description":"Material available via the Ph\u00e9nix and Dragon School associations We offer our members several types of equipment, which can be ordered from our instructorsin the SIGNAL groups, or by email (phenixetdragon@gmail.com for France andnofodramail@nofodra.com for Norway).","og_url":"https:\/\/www.phenixetdragon.net\/en\/the-shop-material-available-via-the-phenix-and-dragon-school-associations\/","og_site_name":"Ph\u00e9nix et Dragon","article_publisher":"https:\/\/fr-fr.facebook.com\/assoephedra\/","article_modified_time":"2023-09-22T08:10:33+00:00","og_image":[{"url":"https:\/\/www.phenixetdragon.net\/wp-content\/uploads\/2022\/12\/nunch-enfants.webp","type":"","width":"","height":""}],"twitter_card":"summary_large_image","twitter_misc":{"Estimated reading time":"1 minute"},"schema":{"@context":"https:\/\/schema.org","@graph":[{"@type":"WebPage","@id":"https:\/\/www.phenixetdragon.net\/the-shop-material-available-via-the-phenix-and-dragon-school-associations\/","url":"https:\/\/www.phenixetdragon.net\/the-shop-material-available-via-the-phenix-and-dragon-school-associations\/","name":"The \"shop\" - Ph\u00e9nix et Dragon","isPartOf":{"@id":"https:\/\/www.phenixetdragon.net\/#website"},"primaryImageOfPage":{"@id":"https:\/\/www.phenixetdragon.net\/the-shop-material-available-via-the-phenix-and-dragon-school-associations\/#primaryimage"},"image":{"@id":"https:\/\/www.phenixetdragon.net\/the-shop-material-available-via-the-phenix-and-dragon-school-associations\/#primaryimage"},"thumbnailUrl":"https:\/\/www.phenixetdragon.net\/wp-content\/uploads\/2022\/12\/nunch-enfants.webp","datePublished":"2023-09-22T08:06:18+00:00","dateModified":"2023-09-22T08:10:33+00:00","breadcrumb":{"@id":"https:\/\/www.phenixetdragon.net\/the-shop-material-available-via-the-phenix-and-dragon-school-associations\/#breadcrumb"},"inLanguage":"en-GB","potentialAction":[{"@type":"ReadAction","target":["https:\/\/www.phenixetdragon.net\/the-shop-material-available-via-the-phenix-and-dragon-school-associations\/"]}]},{"@type":"ImageObject","inLanguage":"en-GB","@id":"https:\/\/www.phenixetdragon.net\/the-shop-material-available-via-the-phenix-and-dragon-school-associations\/#primaryimage","url":"https:\/\/www.phenixetdragon.net\/wp-content\/uploads\/2022\/12\/nunch-enfants.webp","contentUrl":"https:\/\/www.phenixetdragon.net\/wp-content\/uploads\/2022\/12\/nunch-enfants.webp"},{"@type":"BreadcrumbList","@id":"https:\/\/www.phenixetdragon.net\/the-shop-material-available-via-the-phenix-and-dragon-school-associations\/#breadcrumb","itemListElement":[{"@type":"ListItem","position":1,"name":"Accueil","item":"https:\/\/www.phenixetdragon.net\/"},{"@type":"ListItem","position":2,"name":"The \u00ab\u00a0shop\u00a0\u00bb"}]},{"@type":"WebSite","@id":"https:\/\/www.phenixetdragon.net\/#website","url":"https:\/\/www.phenixetdragon.net\/","name":"Ph\u00e9nix et Dragon","description":"Arts Martiaux Chinois, Kung Fu, Taiji Quan, et Arts Energ\u00e9tiques, Qi Gong","publisher":{"@id":"https:\/\/www.phenixetdragon.net\/#organization"},"potentialAction":[{"@type":"SearchAction","target":{"@type":"EntryPoint","urlTemplate":"https:\/\/www.phenixetdragon.net\/?s={search_term_string}"},"query-input":{"@type":"PropertyValueSpecification","valueRequired":true,"valueName":"search_term_string"}}],"inLanguage":"en-GB"},{"@type":"Organization","@id":"https:\/\/www.phenixetdragon.net\/#organization","name":"Ph\u00e9nix et Dragon","url":"https:\/\/www.phenixetdragon.net\/","logo":{"@type":"ImageObject","inLanguage":"en-GB","@id":"https:\/\/www.phenixetdragon.net\/#\/schema\/logo\/image\/","url":"https:\/\/www.phenixetdragon.net\/wp-content\/uploads\/2021\/08\/logophenixdragon.png","contentUrl":"https:\/\/www.phenixetdragon.net\/wp-content\/uploads\/2021\/08\/logophenixdragon.png","width":674,"height":113,"caption":"Ph\u00e9nix et Dragon"},"image":{"@id":"https:\/\/www.phenixetdragon.net\/#\/schema\/logo\/image\/"},"sameAs":["https:\/\/fr-fr.facebook.com\/assoephedra\/","https:\/\/www.instagram.com\/ecolephenixetdragon\/"]}]}},"_links":{"self":[{"href":"https:\/\/www.phenixetdragon.net\/en\/wp-json\/wp\/v2\/pages\/7626","targetHints":{"allow":["GET"]}}],"collection":[{"href":"https:\/\/www.phenixetdragon.net\/en\/wp-json\/wp\/v2\/pages"}],"about":[{"href":"https:\/\/www.phenixetdragon.net\/en\/wp-json\/wp\/v2\/types\/page"}],"author":[{"embeddable":true,"href":"https:\/\/www.phenixetdragon.net\/en\/wp-json\/wp\/v2\/users\/7"}],"replies":[{"embeddable":true,"href":"https:\/\/www.phenixetdragon.net\/en\/wp-json\/wp\/v2\/comments?post=7626"}],"version-history":[{"count":2,"href":"https:\/\/www.phenixetdragon.net\/en\/wp-json\/wp\/v2\/pages\/7626\/revisions"}],"predecessor-version":[{"id":7630,"href":"https:\/\/www.phenixetdragon.net\/en\/wp-json\/wp\/v2\/pages\/7626\/revisions\/7630"}],"wp:attachment":[{"href":"https:\/\/www.phenixetdragon.net\/en\/wp-json\/wp\/v2\/media?parent=7626"}],"curies":[{"name":"wp","href":"https:\/\/api.w.org\/{rel}","templated":true}]}}