{"id":7645,"date":"2023-09-22T17:50:23","date_gmt":"2023-09-22T15:50:23","guid":{"rendered":"https:\/\/www.phenixetdragon.net\/?page_id=7645"},"modified":"2026-03-09T23:08:06","modified_gmt":"2026-03-09T22:08:06","slug":"instructeurs","status":"publish","type":"page","link":"https:\/\/www.phenixetdragon.net\/en\/notre-ecole\/instructeurs\/","title":{"rendered":"Instructeurs &#8211; Ph\u00e9nix et Dragon"},"content":{"rendered":"<h1 class=\"wp-block-heading has-vivid-red-color has-text-color has-link-color has-medium-font-size wp-elements-3aa9ee9882ccf20439b6fe3f0da64c4e\"><strong>Nos instructeurs de Kung Fu, Taiji Quan &amp; Qi\u2009Gong, Paris, Ard\u00e8che, Oslo, Asni\u00e8res<\/strong><\/h1>\n\n\n\n<p>Au sein de l\u2019\u00e9cole Ph\u00e9nix et Dragon, nos instructeurs partagent avec passion les disciplines martiales et \u00e9nerg\u00e9tiques du Kung Fu, Taiji Quan et Qi Gong. Chacun apporte son expertise, son engagement et son \u00e9nergie pour accompagner les \u00e9l\u00e8ves dans leur progression et leur \u00e9panouissement.<\/p>\n\n\n\n<p>Nos instructeurs sont les piliers vivants de notre enseignement : par leur savoir-faire, leur rigueur et leur bienveillance, ils cr\u00e9ent un espace d\u2019apprentissage accessible \u00e0 tous, o\u00f9 se m\u00ealent tradition et d\u00e9veloppement personnel. <\/p>\n\n\n\n<div class=\"wp-block-columns is-layout-flex wp-container-core-columns-is-layout-9d6595d7 wp-block-columns-is-layout-flex\">\n<div class=\"wp-block-column is-layout-flow wp-block-column-is-layout-flow\">\n<figure class=\"wp-block-image size-large\" id=\"matteo-pepe\"><img decoding=\"async\" src=\"data:image\/gif;base64,R0lGODlhAQABAAAAACH5BAEKAAEALAAAAAABAAEAAAICTAEAOw==\" data-layzr=\"https:\/\/www.phenixetdragon.net\/wp-content\/uploads\/2025\/10\/Capture-decran-2022-06-29-a-10.47.15-edited-1.png\" alt=\"Matteo Pepe\" class=\"wp-image-9586\" title=\"matteo pepe instructeur phenix et dragon\"\/><figcaption class=\"wp-element-caption\"><a href=\"https:\/\/www.phenixetdragon.net\/notre-ecole\/instructeurs\/matteo-pepe\/\">Matteo Pepe<\/a> (fondateur de l&rsquo;APAMC et de l&rsquo;ASCAM)<\/figcaption><\/figure>\n<\/div>\n\n\n\n<div class=\"wp-block-column is-layout-flow wp-block-column-is-layout-flow\">\n<figure class=\"wp-block-image size-large\"><img decoding=\"async\" src=\"data:image\/gif;base64,R0lGODlhAQABAAAAACH5BAEKAAEALAAAAAABAAEAAAICTAEAOw==\" data-layzr=\"https:\/\/www.phenixetdragon.net\/wp-content\/uploads\/2025\/11\/IMG_9466-edited-scaled.jpg\" alt=\"\" class=\"wp-image-10436\" title=\"philippe aubourg instructeur phenix et dragon\"\/><figcaption class=\"wp-element-caption\"><a href=\"https:\/\/www.phenixetdragon.net\/notre-ecole\/instructeurs\/philippe-aubourg\/\">Philippe Aubourg<\/a> (fondateur de Ying Yang Wushu)<\/figcaption><\/figure>\n<\/div>\n\n\n\n<div class=\"wp-block-column is-layout-flow wp-block-column-is-layout-flow\">\n<figure class=\"wp-block-image size-large paul quintard instructeur phenix et dragon\"><img decoding=\"async\" src=\"data:image\/gif;base64,R0lGODlhAQABAAAAACH5BAEKAAEALAAAAAABAAEAAAICTAEAOw==\" data-layzr=\"https:\/\/www.phenixetdragon.net\/wp-content\/uploads\/2025\/10\/IMG_0946-edited-768x1024.jpg\" alt=\"\" class=\"wp-image-9581\"\/><figcaption class=\"wp-element-caption\"><a href=\"https:\/\/www.phenixetdragon.net\/notre-ecole\/instructeurs\/paul-quintard\/\">Paul Quintard<\/a> <\/figcaption><\/figure>\n<\/div>\n<\/div>\n\n\n\n<hr class=\"wp-block-separator has-alpha-channel-opacity\"\/>\n\n\n\n<div class=\"wp-block-columns is-layout-flex wp-container-core-columns-is-layout-9d6595d7 wp-block-columns-is-layout-flex\">\n<div class=\"wp-block-column is-layout-flow wp-block-column-is-layout-flow\">\n<figure class=\"wp-block-image size-large\"><img decoding=\"async\" src=\"data:image\/gif;base64,R0lGODlhAQABAAAAACH5BAEKAAEALAAAAAABAAEAAAICTAEAOw==\" data-layzr=\"https:\/\/www.phenixetdragon.net\/wp-content\/uploads\/2025\/10\/IMG_9439-edited-768x1024.jpg\" alt=\"\" class=\"wp-image-9584\" title=\"johann brajeul instructeur phenix et dragon\"\/><figcaption class=\"wp-element-caption\"><a href=\"https:\/\/www.phenixetdragon.net\/notre-ecole\/instructeurs\/johann-brajeul\/\">Johann Brajeul<\/a><\/figcaption><\/figure>\n<\/div>\n\n\n\n<div class=\"wp-block-column is-layout-flow wp-block-column-is-layout-flow\">\n<figure class=\"wp-block-image size-large\"><img decoding=\"async\" src=\"data:image\/gif;base64,R0lGODlhAQABAAAAACH5BAEKAAEALAAAAAABAAEAAAICTAEAOw==\" data-layzr=\"https:\/\/www.phenixetdragon.net\/wp-content\/uploads\/2025\/10\/Capture-decran-2025-06-01-a-17.29.31-edited.png\" alt=\"\" class=\"wp-image-9588\" title=\"martha crespi instructeur phenix et dragon\"\/><figcaption class=\"wp-element-caption\"><a href=\"https:\/\/www.phenixetdragon.net\/notre-ecole\/instructeurs\/martha-crespi\/\">Martha Crespi<\/a><\/figcaption><\/figure>\n<\/div>\n\n\n\n<div class=\"wp-block-column is-layout-flow wp-block-column-is-layout-flow\">\n<figure class=\"wp-block-image size-large\"><img decoding=\"async\" src=\"data:image\/gif;base64,R0lGODlhAQABAAAAACH5BAEKAAEALAAAAAABAAEAAAICTAEAOw==\" data-layzr=\"https:\/\/www.phenixetdragon.net\/wp-content\/uploads\/2025\/11\/IMG_2162-edited-scaled.jpg\" alt=\"\" class=\"wp-image-10429\" title=\"Manuel Lutz instructeur phenix et dragon\"\/><figcaption class=\"wp-element-caption\"><a href=\"https:\/\/www.phenixetdragon.net\/notre-ecole\/instructeurs\/manuel-lutz\/\">Manuel Lutz<\/a><\/figcaption><\/figure>\n<\/div>\n<\/div>\n\n\n\n<hr class=\"wp-block-separator has-alpha-channel-opacity\"\/>\n\n\n\n<div class=\"wp-block-columns is-layout-flex wp-container-core-columns-is-layout-9d6595d7 wp-block-columns-is-layout-flex\">\n<div class=\"wp-block-column is-layout-flow wp-block-column-is-layout-flow\">\n<div class=\"wp-block-columns is-layout-flex wp-container-core-columns-is-layout-9d6595d7 wp-block-columns-is-layout-flex\">\n<div class=\"wp-block-column is-layout-flow wp-block-column-is-layout-flow\">\n<figure class=\"wp-block-image size-large\"><img decoding=\"async\" src=\"data:image\/gif;base64,R0lGODlhAQABAAAAACH5BAEKAAEALAAAAAABAAEAAAICTAEAOw==\" data-layzr=\"https:\/\/www.phenixetdragon.net\/wp-content\/uploads\/2025\/10\/PAT1-768x1024.jpeg\" alt=\"\" class=\"wp-image-9967\" title=\"Marc Vincent instructeur phenix et dragon\"\/><figcaption class=\"wp-element-caption\"><a href=\"https:\/\/www.phenixetdragon.net\/paul-andre-tavoillot\/\">Paul-Andr\u00e9 Tavoillot<\/a> (fondateur de Scarabel Wushu)<\/figcaption><\/figure>\n<\/div>\n\n\n\n<div class=\"wp-block-column is-layout-flow wp-block-column-is-layout-flow\">\n<figure class=\"wp-block-image size-large\"><img decoding=\"async\" src=\"data:image\/gif;base64,R0lGODlhAQABAAAAACH5BAEKAAEALAAAAAABAAEAAAICTAEAOw==\" data-layzr=\"https:\/\/www.phenixetdragon.net\/wp-content\/uploads\/2025\/10\/IMG_9514-edited-scaled.jpg\" alt=\"\" class=\"wp-image-9756\" title=\"Nicolas Chef d'hotel instructeur phenix et dragon\"\/><figcaption class=\"wp-element-caption\"><a href=\"https:\/\/www.phenixetdragon.net\/notre-ecole\/instructeurs\/nicolas-chef-dhotel\/\">Nicolas Chef D&rsquo;Hotel<\/a> (fondateur de Wushufeng)<\/figcaption><\/figure>\n<\/div>\n\n\n\n<div class=\"wp-block-column is-layout-flow wp-block-column-is-layout-flow\">\n<figure class=\"wp-block-image size-large\"><img decoding=\"async\" src=\"data:image\/gif;base64,R0lGODlhAQABAAAAACH5BAEKAAEALAAAAAABAAEAAAICTAEAOw==\" data-layzr=\"https:\/\/www.phenixetdragon.net\/wp-content\/uploads\/2025\/10\/IMG_9552-edited-scaled.jpg\" alt=\"\" class=\"wp-image-9755\" title=\"Erwan Delbarre instructeur phenix et dragon\"\/><figcaption class=\"wp-element-caption\"><a href=\"https:\/\/www.phenixetdragon.net\/notre-ecole\/instructeurs\/erwan-delbarre\/\">Erwan Delbarre<\/a> (fondateur de Nofodra)<\/figcaption><\/figure>\n<\/div>\n<\/div>\n<\/div>\n<\/div>\n\n\n\n<hr class=\"wp-block-separator has-alpha-channel-opacity\"\/>\n\n\n\n<div class=\"wp-block-columns is-layout-flex wp-container-core-columns-is-layout-9d6595d7 wp-block-columns-is-layout-flex\">\n<div class=\"wp-block-column is-layout-flow wp-block-column-is-layout-flow\">\n<figure class=\"wp-block-image size-large\"><img decoding=\"async\" src=\"data:image\/gif;base64,R0lGODlhAQABAAAAACH5BAEKAAEALAAAAAABAAEAAAICTAEAOw==\" data-layzr=\"https:\/\/www.phenixetdragon.net\/wp-content\/uploads\/2025\/10\/IMG_2154-edited-768x1024.jpeg\" alt=\"\" class=\"wp-image-9583\" title=\"Jey Adaikkalathas Instructeur Ph\u00e9nix et Dragon\"\/><figcaption class=\"wp-element-caption\"><a href=\"https:\/\/www.phenixetdragon.net\/notre-ecole\/instructeurs\/jey-adaikkalathas\/\">Jey Adaikkalathas<\/a><\/figcaption><\/figure>\n<\/div>\n\n\n\n<div class=\"wp-block-column is-layout-flow wp-block-column-is-layout-flow\">\n<figure class=\"wp-block-image size-large\"><img decoding=\"async\" src=\"data:image\/gif;base64,R0lGODlhAQABAAAAACH5BAEKAAEALAAAAAABAAEAAAICTAEAOw==\" data-layzr=\"https:\/\/www.phenixetdragon.net\/wp-content\/uploads\/2025\/10\/44DD91BF-68A7-4B76-8178-FCEE86196E2E_1_201_a-768x1024.jpeg\" alt=\"\" class=\"wp-image-9591\" title=\"Hulpa Marlin Instructeur Ph\u00e9nix et Dragon\"\/><figcaption class=\"wp-element-caption\">Hulpa Marlin<\/figcaption><\/figure>\n<\/div>\n\n\n\n<div class=\"wp-block-column is-layout-flow wp-block-column-is-layout-flow\">\n<figure class=\"wp-block-image size-large\"><img decoding=\"async\" src=\"data:image\/gif;base64,R0lGODlhAQABAAAAACH5BAEKAAEALAAAAAABAAEAAAICTAEAOw==\" data-layzr=\"https:\/\/www.phenixetdragon.net\/wp-content\/uploads\/2025\/10\/07869603-5679-4FF5-99B9-E809AAD48E5F_1_201_a-768x1024.jpeg\" alt=\"\" class=\"wp-image-9592\" title=\"Julien Bouquin Instructeur Ph\u00e9nix et Dragon\"\/><figcaption class=\"wp-element-caption\">Julien Bouquin<\/figcaption><\/figure>\n<\/div>\n<\/div>\n\n\n\n<hr class=\"wp-block-separator has-alpha-channel-opacity\"\/>\n\n\n\n<div class=\"wp-block-columns is-layout-flex wp-container-core-columns-is-layout-9d6595d7 wp-block-columns-is-layout-flex\">\n<div class=\"wp-block-column is-layout-flow wp-block-column-is-layout-flow\">\n<figure class=\"wp-block-image size-large\"><img decoding=\"async\" src=\"data:image\/gif;base64,R0lGODlhAQABAAAAACH5BAEKAAEALAAAAAABAAEAAAICTAEAOw==\" data-layzr=\"https:\/\/www.phenixetdragon.net\/wp-content\/uploads\/2025\/07\/IMG_9426-768x1024.jpg\" alt=\"\" class=\"wp-image-8863\" title=\"Marc Vincent instructeur phenix et dragon\"\/><figcaption class=\"wp-element-caption\"><a href=\"https:\/\/www.phenixetdragon.net\/marc-vincent\/\">Marc Vincent<\/a><\/figcaption><\/figure>\n<\/div>\n\n\n\n<div class=\"wp-block-column is-layout-flow wp-block-column-is-layout-flow\">\n<figure class=\"wp-block-image size-large\"><img decoding=\"async\" src=\"data:image\/gif;base64,R0lGODlhAQABAAAAACH5BAEKAAEALAAAAAABAAEAAAICTAEAOw==\" data-layzr=\"https:\/\/www.phenixetdragon.net\/wp-content\/uploads\/2025\/11\/IMG_1867-edited-scaled.jpg\" alt=\"\" class=\"wp-image-10433\"\/><figcaption class=\"wp-element-caption\">Annie Fort\u00e9<\/figcaption><\/figure>\n<\/div>\n\n\n\n<div class=\"wp-block-column is-layout-flow wp-block-column-is-layout-flow\">\n<figure class=\"wp-block-image size-large\"><img decoding=\"async\" src=\"data:image\/gif;base64,R0lGODlhAQABAAAAACH5BAEKAAEALAAAAAABAAEAAAICTAEAOw==\" data-layzr=\"https:\/\/www.phenixetdragon.net\/wp-content\/uploads\/2025\/11\/IMG_2046-768x1024.jpg\" alt=\"\" class=\"wp-image-10434\"\/><figcaption class=\"wp-element-caption\"><a href=\"https:\/\/www.phenixetdragon.net\/charlotte-vincent\/\">Charlotte Vincent<\/a><\/figcaption><\/figure>\n<\/div>\n<\/div>\n\n\n\n<hr class=\"wp-block-separator has-alpha-channel-opacity\"\/>\n\n\n\n<p class=\"has-vivid-red-color has-text-color\"><em>Ph\u00e9nix &amp; Dragon, a school committed to teaching internal and external martial arts for all ages and levels.<\/em><\/p>","protected":false},"excerpt":{"rendered":"<p>Nos instructeurs de Kung Fu, Taiji Quan &amp; Qi\u2009Gong, Paris, Ard\u00e8che, Oslo, Asni\u00e8res Au sein de l\u2019\u00e9cole Ph\u00e9nix et Dragon, nos instructeurs partagent avec passion les disciplines martiales et \u00e9nerg\u00e9tiques du Kung Fu, Taiji Quan et Qi Gong. Chacun apporte son expertise, son engagement et son \u00e9nergie pour accompagner les \u00e9l\u00e8ves dans leur progression et &hellip; <\/p>","protected":false},"author":7,"featured_media":0,"parent":35,"menu_order":0,"comment_status":"closed","ping_status":"closed","template":"","meta":{"footnotes":""},"class_list":["post-7645","page","type-page","status-publish","hentry","latest_post"],"yoast_head":"<!-- This site is optimized with the Yoast SEO plugin v26.3 - https:\/\/yoast.com\/wordpress\/plugins\/seo\/ -->\n<title>Instructeurs - Ph\u00e9nix et Dragon - Ph\u00e9nix et Dragon<\/title>\n<meta name=\"description\" content=\"D\u00e9couvrez les instructeurs de l&#039;Ecole Ph\u00e9nix et Dragon, Kung Fu enfants\/ados\/adultes, Qi Gong et Taiji, \u00e0 l&#039;Ecole Ph\u00e9nix &amp; Dragon, tous passionn\u00e9s de partage et de transmission.\" \/>\n<meta name=\"robots\" content=\"index, follow, max-snippet:-1, max-image-preview:large, max-video-preview:-1\" \/>\n<link rel=\"canonical\" href=\"https:\/\/www.phenixetdragon.net\/en\/notre-ecole\/instructeurs\/\" \/>\n<meta property=\"og:locale\" content=\"en_GB\" \/>\n<meta property=\"og:type\" content=\"article\" \/>\n<meta property=\"og:title\" content=\"Instructeurs - Ph\u00e9nix et Dragon - Ph\u00e9nix et Dragon\" \/>\n<meta property=\"og:description\" content=\"D\u00e9couvrez les instructeurs de l&#039;Ecole Ph\u00e9nix et Dragon, Kung Fu enfants\/ados\/adultes, Qi Gong et Taiji, \u00e0 l&#039;Ecole Ph\u00e9nix &amp; Dragon, tous passionn\u00e9s de partage et de transmission.\" \/>\n<meta property=\"og:url\" content=\"https:\/\/www.phenixetdragon.net\/en\/notre-ecole\/instructeurs\/\" \/>\n<meta property=\"og:site_name\" content=\"Ph\u00e9nix et Dragon\" \/>\n<meta property=\"article:publisher\" content=\"https:\/\/fr-fr.facebook.com\/assoephedra\/\" \/>\n<meta property=\"article:modified_time\" content=\"2026-03-09T22:08:06+00:00\" \/>\n<meta property=\"og:image\" content=\"https:\/\/www.phenixetdragon.net\/wp-content\/uploads\/2025\/10\/Capture-decran-2022-06-29-a-10.47.15-edited-1.png\" \/>\n<meta name=\"twitter:card\" content=\"summary_large_image\" \/>\n<meta name=\"twitter:label1\" content=\"Estimated reading time\" \/>\n\t<meta name=\"twitter:data1\" content=\"1 minute\" \/>\n<script type=\"application\/ld+json\" class=\"yoast-schema-graph\">{\"@context\":\"https:\/\/schema.org\",\"@graph\":[{\"@type\":\"WebPage\",\"@id\":\"https:\/\/www.phenixetdragon.net\/notre-ecole\/instructeurs\/\",\"url\":\"https:\/\/www.phenixetdragon.net\/notre-ecole\/instructeurs\/\",\"name\":\"Instructeurs - Ph\u00e9nix et Dragon - Ph\u00e9nix et Dragon\",\"isPartOf\":{\"@id\":\"https:\/\/www.phenixetdragon.net\/#website\"},\"primaryImageOfPage\":{\"@id\":\"https:\/\/www.phenixetdragon.net\/notre-ecole\/instructeurs\/#primaryimage\"},\"image\":{\"@id\":\"https:\/\/www.phenixetdragon.net\/notre-ecole\/instructeurs\/#primaryimage\"},\"thumbnailUrl\":\"https:\/\/www.phenixetdragon.net\/wp-content\/uploads\/2025\/10\/Capture-decran-2022-06-29-a-10.47.15-edited-1.png\",\"datePublished\":\"2023-09-22T15:50:23+00:00\",\"dateModified\":\"2026-03-09T22:08:06+00:00\",\"description\":\"D\u00e9couvrez les instructeurs de l'Ecole Ph\u00e9nix et Dragon, Kung Fu enfants\/ados\/adultes, Qi Gong et Taiji, \u00e0 l'Ecole Ph\u00e9nix & Dragon, tous passionn\u00e9s de partage et de transmission.\",\"breadcrumb\":{\"@id\":\"https:\/\/www.phenixetdragon.net\/notre-ecole\/instructeurs\/#breadcrumb\"},\"inLanguage\":\"en-GB\",\"potentialAction\":[{\"@type\":\"ReadAction\",\"target\":[\"https:\/\/www.phenixetdragon.net\/notre-ecole\/instructeurs\/\"]}]},{\"@type\":\"ImageObject\",\"inLanguage\":\"en-GB\",\"@id\":\"https:\/\/www.phenixetdragon.net\/notre-ecole\/instructeurs\/#primaryimage\",\"url\":\"https:\/\/www.phenixetdragon.net\/wp-content\/uploads\/2025\/10\/Capture-decran-2022-06-29-a-10.47.15-edited-1.png\",\"contentUrl\":\"https:\/\/www.phenixetdragon.net\/wp-content\/uploads\/2025\/10\/Capture-decran-2022-06-29-a-10.47.15-edited-1.png\"},{\"@type\":\"BreadcrumbList\",\"@id\":\"https:\/\/www.phenixetdragon.net\/notre-ecole\/instructeurs\/#breadcrumb\",\"itemListElement\":[{\"@type\":\"ListItem\",\"position\":1,\"name\":\"Accueil\",\"item\":\"https:\/\/www.phenixetdragon.net\/\"},{\"@type\":\"ListItem\",\"position\":2,\"name\":\"Notre \u00e9cole\",\"item\":\"https:\/\/www.phenixetdragon.net\/notre-ecole\/\"},{\"@type\":\"ListItem\",\"position\":3,\"name\":\"Instructeurs &#8211; Ph\u00e9nix et Dragon\"}]},{\"@type\":\"WebSite\",\"@id\":\"https:\/\/www.phenixetdragon.net\/#website\",\"url\":\"https:\/\/www.phenixetdragon.net\/\",\"name\":\"Ph\u00e9nix et Dragon\",\"description\":\"Arts Martiaux Chinois, Kung Fu, Taiji Quan, et Arts Energ\u00e9tiques, Qi Gong\",\"publisher\":{\"@id\":\"https:\/\/www.phenixetdragon.net\/#organization\"},\"potentialAction\":[{\"@type\":\"SearchAction\",\"target\":{\"@type\":\"EntryPoint\",\"urlTemplate\":\"https:\/\/www.phenixetdragon.net\/?s={search_term_string}\"},\"query-input\":{\"@type\":\"PropertyValueSpecification\",\"valueRequired\":true,\"valueName\":\"search_term_string\"}}],\"inLanguage\":\"en-GB\"},{\"@type\":\"Organization\",\"@id\":\"https:\/\/www.phenixetdragon.net\/#organization\",\"name\":\"Ph\u00e9nix et Dragon\",\"url\":\"https:\/\/www.phenixetdragon.net\/\",\"logo\":{\"@type\":\"ImageObject\",\"inLanguage\":\"en-GB\",\"@id\":\"https:\/\/www.phenixetdragon.net\/#\/schema\/logo\/image\/\",\"url\":\"https:\/\/www.phenixetdragon.net\/wp-content\/uploads\/2021\/08\/logophenixdragon.png\",\"contentUrl\":\"https:\/\/www.phenixetdragon.net\/wp-content\/uploads\/2021\/08\/logophenixdragon.png\",\"width\":674,\"height\":113,\"caption\":\"Ph\u00e9nix et Dragon\"},\"image\":{\"@id\":\"https:\/\/www.phenixetdragon.net\/#\/schema\/logo\/image\/\"},\"sameAs\":[\"https:\/\/fr-fr.facebook.com\/assoephedra\/\",\"https:\/\/www.instagram.com\/ecolephenixetdragon\/\"]}]}<\/script>\n<!-- \/ Yoast SEO plugin. -->","yoast_head_json":{"title":"Instructeurs - Ph\u00e9nix et Dragon - Ph\u00e9nix et Dragon","description":"D\u00e9couvrez les instructeurs de l'Ecole Ph\u00e9nix et Dragon, Kung Fu enfants\/ados\/adultes, Qi Gong et Taiji, \u00e0 l'Ecole Ph\u00e9nix & Dragon, tous passionn\u00e9s de partage et de transmission.","robots":{"index":"index","follow":"follow","max-snippet":"max-snippet:-1","max-image-preview":"max-image-preview:large","max-video-preview":"max-video-preview:-1"},"canonical":"https:\/\/www.phenixetdragon.net\/en\/notre-ecole\/instructeurs\/","og_locale":"en_GB","og_type":"article","og_title":"Instructeurs - Ph\u00e9nix et Dragon - Ph\u00e9nix et Dragon","og_description":"D\u00e9couvrez les instructeurs de l'Ecole Ph\u00e9nix et Dragon, Kung Fu enfants\/ados\/adultes, Qi Gong et Taiji, \u00e0 l'Ecole Ph\u00e9nix & Dragon, tous passionn\u00e9s de partage et de transmission.","og_url":"https:\/\/www.phenixetdragon.net\/en\/notre-ecole\/instructeurs\/","og_site_name":"Ph\u00e9nix et Dragon","article_publisher":"https:\/\/fr-fr.facebook.com\/assoephedra\/","article_modified_time":"2026-03-09T22:08:06+00:00","og_image":[{"url":"https:\/\/www.phenixetdragon.net\/wp-content\/uploads\/2025\/10\/Capture-decran-2022-06-29-a-10.47.15-edited-1.png","type":"","width":"","height":""}],"twitter_card":"summary_large_image","twitter_misc":{"Estimated reading time":"1 minute"},"schema":{"@context":"https:\/\/schema.org","@graph":[{"@type":"WebPage","@id":"https:\/\/www.phenixetdragon.net\/notre-ecole\/instructeurs\/","url":"https:\/\/www.phenixetdragon.net\/notre-ecole\/instructeurs\/","name":"Instructeurs - Ph\u00e9nix et Dragon - Ph\u00e9nix et Dragon","isPartOf":{"@id":"https:\/\/www.phenixetdragon.net\/#website"},"primaryImageOfPage":{"@id":"https:\/\/www.phenixetdragon.net\/notre-ecole\/instructeurs\/#primaryimage"},"image":{"@id":"https:\/\/www.phenixetdragon.net\/notre-ecole\/instructeurs\/#primaryimage"},"thumbnailUrl":"https:\/\/www.phenixetdragon.net\/wp-content\/uploads\/2025\/10\/Capture-decran-2022-06-29-a-10.47.15-edited-1.png","datePublished":"2023-09-22T15:50:23+00:00","dateModified":"2026-03-09T22:08:06+00:00","description":"D\u00e9couvrez les instructeurs de l'Ecole Ph\u00e9nix et Dragon, Kung Fu enfants\/ados\/adultes, Qi Gong et Taiji, \u00e0 l'Ecole Ph\u00e9nix & Dragon, tous passionn\u00e9s de partage et de transmission.","breadcrumb":{"@id":"https:\/\/www.phenixetdragon.net\/notre-ecole\/instructeurs\/#breadcrumb"},"inLanguage":"en-GB","potentialAction":[{"@type":"ReadAction","target":["https:\/\/www.phenixetdragon.net\/notre-ecole\/instructeurs\/"]}]},{"@type":"ImageObject","inLanguage":"en-GB","@id":"https:\/\/www.phenixetdragon.net\/notre-ecole\/instructeurs\/#primaryimage","url":"https:\/\/www.phenixetdragon.net\/wp-content\/uploads\/2025\/10\/Capture-decran-2022-06-29-a-10.47.15-edited-1.png","contentUrl":"https:\/\/www.phenixetdragon.net\/wp-content\/uploads\/2025\/10\/Capture-decran-2022-06-29-a-10.47.15-edited-1.png"},{"@type":"BreadcrumbList","@id":"https:\/\/www.phenixetdragon.net\/notre-ecole\/instructeurs\/#breadcrumb","itemListElement":[{"@type":"ListItem","position":1,"name":"Accueil","item":"https:\/\/www.phenixetdragon.net\/"},{"@type":"ListItem","position":2,"name":"Notre \u00e9cole","item":"https:\/\/www.phenixetdragon.net\/notre-ecole\/"},{"@type":"ListItem","position":3,"name":"Instructeurs &#8211; Ph\u00e9nix et Dragon"}]},{"@type":"WebSite","@id":"https:\/\/www.phenixetdragon.net\/#website","url":"https:\/\/www.phenixetdragon.net\/","name":"Ph\u00e9nix et Dragon","description":"Arts Martiaux Chinois, Kung Fu, Taiji Quan, et Arts Energ\u00e9tiques, Qi Gong","publisher":{"@id":"https:\/\/www.phenixetdragon.net\/#organization"},"potentialAction":[{"@type":"SearchAction","target":{"@type":"EntryPoint","urlTemplate":"https:\/\/www.phenixetdragon.net\/?s={search_term_string}"},"query-input":{"@type":"PropertyValueSpecification","valueRequired":true,"valueName":"search_term_string"}}],"inLanguage":"en-GB"},{"@type":"Organization","@id":"https:\/\/www.phenixetdragon.net\/#organization","name":"Ph\u00e9nix et Dragon","url":"https:\/\/www.phenixetdragon.net\/","logo":{"@type":"ImageObject","inLanguage":"en-GB","@id":"https:\/\/www.phenixetdragon.net\/#\/schema\/logo\/image\/","url":"https:\/\/www.phenixetdragon.net\/wp-content\/uploads\/2021\/08\/logophenixdragon.png","contentUrl":"https:\/\/www.phenixetdragon.net\/wp-content\/uploads\/2021\/08\/logophenixdragon.png","width":674,"height":113,"caption":"Ph\u00e9nix et Dragon"},"image":{"@id":"https:\/\/www.phenixetdragon.net\/#\/schema\/logo\/image\/"},"sameAs":["https:\/\/fr-fr.facebook.com\/assoephedra\/","https:\/\/www.instagram.com\/ecolephenixetdragon\/"]}]}},"_links":{"self":[{"href":"https:\/\/www.phenixetdragon.net\/en\/wp-json\/wp\/v2\/pages\/7645","targetHints":{"allow":["GET"]}}],"collection":[{"href":"https:\/\/www.phenixetdragon.net\/en\/wp-json\/wp\/v2\/pages"}],"about":[{"href":"https:\/\/www.phenixetdragon.net\/en\/wp-json\/wp\/v2\/types\/page"}],"author":[{"embeddable":true,"href":"https:\/\/www.phenixetdragon.net\/en\/wp-json\/wp\/v2\/users\/7"}],"replies":[{"embeddable":true,"href":"https:\/\/www.phenixetdragon.net\/en\/wp-json\/wp\/v2\/comments?post=7645"}],"version-history":[{"count":26,"href":"https:\/\/www.phenixetdragon.net\/en\/wp-json\/wp\/v2\/pages\/7645\/revisions"}],"predecessor-version":[{"id":10567,"href":"https:\/\/www.phenixetdragon.net\/en\/wp-json\/wp\/v2\/pages\/7645\/revisions\/10567"}],"up":[{"embeddable":true,"href":"https:\/\/www.phenixetdragon.net\/en\/wp-json\/wp\/v2\/pages\/35"}],"wp:attachment":[{"href":"https:\/\/www.phenixetdragon.net\/en\/wp-json\/wp\/v2\/media?parent=7645"}],"curies":[{"name":"wp","href":"https:\/\/api.w.org\/{rel}","templated":true}]}}