{"id":7710,"date":"2024-07-20T17:34:55","date_gmt":"2024-07-20T15:34:55","guid":{"rendered":"https:\/\/www.phenixetdragon.net\/?page_id=7710"},"modified":"2025-09-17T22:24:52","modified_gmt":"2025-09-17T20:24:52","slug":"les-enseignements-de-maitre-ming-yue","status":"publish","type":"page","link":"https:\/\/www.phenixetdragon.net\/en\/notre-ecole\/les-enseignements-de-maitre-ming-yue\/","title":{"rendered":"Les enseignements de Ma\u00eetre Ming Yue"},"content":{"rendered":"<h2 class=\"wp-block-heading has-vivid-red-color has-text-color has-link-color has-medium-font-size wp-elements-da5b3429ee4d46a335cf46833d1d0781\"><strong>Qui est Ma\u00eetre Ming Yue?<\/strong><\/h2>\n\n\n\n<div class=\"wp-block-columns is-layout-flex wp-container-core-columns-is-layout-9d6595d7 wp-block-columns-is-layout-flex\">\n<div class=\"wp-block-column is-layout-flow wp-block-column-is-layout-flow\">\n<p>Immerg\u00e9 dans la pratique des arts martiaux Tao\u00efstes depuis son plus jeune \u00e2ge, Ma\u00eetre Ming Yue excelle dans les arts internes que sont le Qi Gong, le Taiji Quan, le Xingyi Quan et le Bagua Zhang, \u00e0 mains nues comme avec armes.<\/p>\n\n\n\n<p>Il a pratiqu\u00e9 de nombreuses ann\u00e9es aupr\u00e8s du c\u00e9l\u00e8bre ma\u00eetre Tian Li Yang, h\u00e9ritier de la 15e g\u00e9n\u00e9ration du style XuanWu de Wudang. Il est devenu son disciple \u00e0 15 ans.<\/p>\n\n\n\n<p>Maintenant h\u00e9ritier de la 16e g\u00e9n\u00e9ration de Wudang XuanWu, il ouvre en 2012 sa propre \u00e9cole, avec son condisciple Liu Song.<\/p>\n<\/div>\n\n\n\n<div class=\"wp-block-column is-layout-flow wp-block-column-is-layout-flow\">\n<figure class=\"wp-block-image size-full\"><img decoding=\"async\" src=\"data:image\/gif;base64,R0lGODlhAQABAAAAACH5BAEKAAEALAAAAAABAAEAAAICTAEAOw==\" data-layzr=\"https:\/\/www.phenixetdragon.net\/wp-content\/uploads\/2023\/11\/ming-yue-300x450-1.jpg\" alt=\"\" class=\"wp-image-7758\"\/><\/figure>\n<\/div>\n<\/div>\n\n\n\n<p>Il y enseigne les arts martiaux et la pratique Tao\u00efste selon les principes du Taiji et du Tao, les deux \u00e9l\u00e9ments fondateurs de la culture de Wudang.<\/p>\n\n\n\n<div class=\"wp-block-media-text is-stacked-on-mobile\" style=\"grid-template-columns:43% auto\"><figure class=\"wp-block-media-text__media\"><img decoding=\"async\" src=\"data:image\/gif;base64,R0lGODlhAQABAAAAACH5BAEKAAEALAAAAAABAAEAAAICTAEAOw==\" data-layzr=\"https:\/\/www.phenixetdragon.net\/wp-content\/uploads\/2024\/07\/signal-2024-07-11-104609-1-771x1024.jpeg\" alt=\"\" class=\"wp-image-8480 size-full\"\/><\/figure><div class=\"wp-block-media-text__content\">\n<p>L\u2019\u00c9cole Ph\u00e9nix et Dragon a le grand privil\u00e8ge de pouvoir recevoir les enseignements de Ma\u00eetre Ming Yue, depuis plusieurs ann\u00e9es.<\/p>\n\n\n\n<p>Nos visites d\u00e8s 2016 de l&rsquo;\u00e9cole de Ming Yue, dans les Monts Wudang, nous ont permis de d\u00e9couvrir, de travailler, puis d&rsquo;approfondir les bases du style Wudang. <\/p>\n\n\n\n<p>Apr\u00e8s plusieurs \u00e9changes entre nos deux \u00e9coles pour d\u00e9finir le contenu des stages, nous avons \u00e9tabli un programme de haut niveau, restant toutefois accessible aux pratiquants d\u00e9butants ou n&rsquo;ayant encore jamais pratiqu\u00e9 ce style.<\/p>\n<\/div><\/div>\n\n\n\n<p><\/p>\n\n\n\n<p>Ci-dessous une photo de Ma\u00eetre Ming Yue, en 2024, avec une partie des instructeurs de l\u2019\u00c9cole Ph\u00e9nix et Dragon.<\/p>\n\n\n\n<figure class=\"wp-block-image size-large\"><img decoding=\"async\" src=\"data:image\/gif;base64,R0lGODlhAQABAAAAACH5BAEKAAEALAAAAAABAAEAAAICTAEAOw==\" data-layzr=\"https:\/\/www.phenixetdragon.net\/wp-content\/uploads\/2024\/07\/IMG_2056-1024x576.jpg\" alt=\"\" class=\"wp-image-8473\"\/><\/figure>\n\n\n\n<h2 class=\"wp-block-heading has-vivid-red-color has-text-color has-link-color has-medium-font-size wp-elements-d03100015fb42af894addf60a18c74c0\"><strong>Les formes Wudang que nous pratiquons \u00e0 l&rsquo;Ecole Ph\u00e9nix et Dragon<\/strong><\/h2>\n\n\n\n<p>Gr\u00e2ce \u00e0 son enseignement, et \u00e0 notre organisation originale, aussi bien les d\u00e9butants que les avanc\u00e9s peuvent pratiquer ensemble de tr\u00e8s jolies formes, peu connues en Europe, entre autres :<\/p>\n\n\n\n<ul class=\"wp-block-list\">\n<li>La tr\u00e8s \u00e9l\u00e9gante forme des 7 \u00e9toiles d&rsquo;\u00e9p\u00e9e, Qi Xing Jian, qui combine douceur et puissance<\/li>\n\n\n\n<li>Une autre tr\u00e8s belle forme d&rsquo;\u00e9p\u00e9e, Dan Jian<\/li>\n\n\n\n<li>La forme des 13 pas, en Taiji<\/li>\n\n\n\n<li>La forme des 18, Shi Ba Shi, en Taiji <\/li>\n\n\n\n<li>Xiao Yao Zhang en Taiji, avec ses gracieuses spirales<\/li>\n\n\n\n<li>Le Tui Shou Wudang<\/li>\n\n\n\n<li>La forme des 6 Harmonies, Liu He, en Qi Gong<\/li>\n<\/ul>\n\n\n\n<div class=\"wp-block-columns is-layout-flex wp-container-core-columns-is-layout-9d6595d7 wp-block-columns-is-layout-flex\">\n<div class=\"wp-block-column is-layout-flow wp-block-column-is-layout-flow\">\n<figure class=\"wp-block-image size-large\"><img decoding=\"async\" src=\"data:image\/gif;base64,R0lGODlhAQABAAAAACH5BAEKAAEALAAAAAABAAEAAAICTAEAOw==\" data-layzr=\"https:\/\/www.phenixetdragon.net\/wp-content\/uploads\/2024\/07\/IMG_2114-1024x576.jpeg\" alt=\"\" class=\"wp-image-8474\"\/><\/figure>\n<\/div>\n\n\n\n<div class=\"wp-block-column is-layout-flow wp-block-column-is-layout-flow\">\n<figure class=\"wp-block-image size-large\"><img decoding=\"async\" src=\"data:image\/gif;base64,R0lGODlhAQABAAAAACH5BAEKAAEALAAAAAABAAEAAAICTAEAOw==\" data-layzr=\"https:\/\/www.phenixetdragon.net\/wp-content\/uploads\/2024\/07\/IMG_2141-1024x576.jpeg\" alt=\"\" class=\"wp-image-8475\"\/><\/figure>\n<\/div>\n\n\n\n<div class=\"wp-block-column is-layout-flow wp-block-column-is-layout-flow\">\n<figure class=\"wp-block-image size-large\"><img decoding=\"async\" src=\"data:image\/gif;base64,R0lGODlhAQABAAAAACH5BAEKAAEALAAAAAABAAEAAAICTAEAOw==\" data-layzr=\"https:\/\/www.phenixetdragon.net\/wp-content\/uploads\/2024\/07\/IMG_2147-1024x576.jpeg\" alt=\"\" class=\"wp-image-8476\"\/><\/figure>\n<\/div>\n<\/div>\n\n\n\n<h2 class=\"wp-block-heading has-vivid-red-color has-text-color has-link-color has-medium-font-size wp-elements-f3b6efd3783ea5d9be4b1a772cdfbe99\"><strong>Stages \u00e0 venir en 2025-2026<\/strong><\/h2>\n\n\n\n<p>Tenez-vous inform\u00e9, en vous inscrivant \u00e0 notre newsletter, ou en nous sollicitant par mail, phenixetdragon@gmail.com, pour savoir ce que nous proposerons dans les prochains mois.<\/p>\n\n\n\n<h2 class=\"wp-block-heading has-vivid-red-color has-text-color has-link-color has-medium-font-size wp-elements-b3b93e4dd87d379e56cd79cf0cbb8a47\"><strong>Stage d&rsquo;\u00e9t\u00e9 (Summer Camp) 2025<\/strong><\/h2>\n\n\n\n<p>Pendant notre grand stage d&rsquo;\u00e9t\u00e9, en juillet 2025, Ma\u00eetre Ming Yue nous a \u00e0 nouveau propos\u00e9 tous les jours une m\u00e9ditation tao\u00efste, nous a enseign\u00e9 une partie de de Qi Xing Jian (\u00e9p\u00e9e Wudang), et nous a permis de pratiquer la fin de Xiao Yao Zhang (Taiji Wudang). Enfin nos avanc\u00e9s ont pu pratiquer le Baqua ! Voir les articles <a href=\"https:\/\/www.phenixetdragon.net\/revivez-lintensite-du-summer-camp-2025\/\">ici<\/a>, <a href=\"https:\/\/www.phenixetdragon.net\/nos-instructeurs-aux-cotes-de-maitre-ming-yue\/\">ici<\/a> et <a href=\"https:\/\/www.phenixetdragon.net\/de-retour-du-summer-camp-2025-quelle-aventure\/\">ici<\/a> pour plus de photos !<\/p>\n\n\n\n<div class=\"wp-block-columns is-layout-flex wp-container-core-columns-is-layout-9d6595d7 wp-block-columns-is-layout-flex\">\n<div class=\"wp-block-column is-layout-flow wp-block-column-is-layout-flow\">\n<figure class=\"wp-block-embed is-type-video is-provider-youtube wp-block-embed-youtube wp-embed-aspect-16-9 wp-has-aspect-ratio\"><div class=\"wp-block-embed__wrapper\">\n<iframe loading=\"lazy\" title=\"Summer Camp 2025 avec Ma\u00eetre Ming Yue  - Ecole Ph\u00e9nix &amp; Dragon\" width=\"1020\" height=\"574\" src=\"https:\/\/www.youtube.com\/embed\/pfUB5_nb-z0?feature=oembed\" frameborder=\"0\" allow=\"accelerometer; autoplay; clipboard-write; encrypted-media; gyroscope; picture-in-picture; web-share\" referrerpolicy=\"strict-origin-when-cross-origin\" allowfullscreen><\/iframe>\n<\/div><\/figure>\n<\/div>\n<\/div>\n\n\n\n<h2 class=\"wp-block-heading has-vivid-red-color has-text-color has-link-color has-medium-font-size wp-elements-04f437878dd21e145e93eb818250e0b5\"><strong>Stage d&rsquo;\u00e9t\u00e9 (Summer Camp) 2024<\/strong><\/h2>\n\n\n\n<p>En juillet 2024, nous avons propos\u00e9 un grand stage d&rsquo;\u00e9t\u00e9 en Ard\u00e8che, pendant lequel Ma\u00eetre Ming Yue nous a propos\u00e9 tous les jours une m\u00e9ditation tao\u00efste \u00e0 la lumi\u00e8re du matin, nous a enseign\u00e9 la fin de Qi Xing Jian (\u00e9p\u00e9e Wudang), et a commenc\u00e9 \u00e0 nous enseigner Xiao Yao Zhang (Taiji Wudang). Enfin nous avons d\u00e9couvert le Tui Shou Wudang&#8230; Voir l&rsquo;<a href=\"https:\/\/www.phenixetdragon.net\/retour-sur-notre-summer-camp-2024\/\">article correspondant<\/a> pour plus de photos !<\/p>\n\n\n\n<div class=\"wp-block-columns is-layout-flex wp-container-core-columns-is-layout-9d6595d7 wp-block-columns-is-layout-flex\">\n<div class=\"wp-block-column is-layout-flow wp-block-column-is-layout-flow\">\n<figure class=\"wp-block-embed is-type-video is-provider-youtube wp-block-embed-youtube wp-embed-aspect-16-9 wp-has-aspect-ratio\"><div class=\"wp-block-embed__wrapper\">\n<iframe loading=\"lazy\" title=\"Summer Camp 2024 avec Ma\u00eetre Ming Yue - Qi Xing Jian  - Ecole Ph\u00e9nix &amp; Dragon\" width=\"1020\" height=\"574\" src=\"https:\/\/www.youtube.com\/embed\/z4xWlYrE61U?feature=oembed\" frameborder=\"0\" allow=\"accelerometer; autoplay; clipboard-write; encrypted-media; gyroscope; picture-in-picture; web-share\" referrerpolicy=\"strict-origin-when-cross-origin\" allowfullscreen><\/iframe>\n<\/div><\/figure>\n<\/div>\n\n\n\n<div class=\"wp-block-column is-layout-flow wp-block-column-is-layout-flow\">\n<figure class=\"wp-block-embed is-type-video is-provider-youtube wp-block-embed-youtube wp-embed-aspect-16-9 wp-has-aspect-ratio\"><div class=\"wp-block-embed__wrapper\">\n<iframe loading=\"lazy\" title=\"Summer Camp 2024 avec Ma\u00eetre Ming Yue - Xiao Yao Zhang - Ecole Ph\u00e9nix &amp; Dragon\" width=\"1020\" height=\"574\" src=\"https:\/\/www.youtube.com\/embed\/Dz9C-1eLG2M?feature=oembed\" frameborder=\"0\" allow=\"accelerometer; autoplay; clipboard-write; encrypted-media; gyroscope; picture-in-picture; web-share\" referrerpolicy=\"strict-origin-when-cross-origin\" allowfullscreen><\/iframe>\n<\/div><\/figure>\n<\/div>\n<\/div>\n\n\n\n<h2 class=\"wp-block-heading has-vivid-red-color has-text-color has-link-color has-medium-font-size wp-elements-fb338111f20211e4e45ef1da390559f8\"><strong>Samedi 9 et Dimanche 10 d\u00e9cembre 2023<\/strong><\/h2>\n\n\n\n<p>Nous avons pratiqu\u00e9 une m\u00e9ditation tao\u00efste, la premi\u00e8re partie de Qi Xing Zian (\u00e9p\u00e9e Wudang) et la forme des 13 pas (Taiji Wudang). Voir l&rsquo;<a href=\"https:\/\/www.phenixetdragon.net\/retour-sur-notre-week-end-wudang-avec-maitre-ming-yue\/\">article correspondant<\/a> pour plus de photos !<\/p>\n\n\n\n<div class=\"wp-block-columns is-layout-flex wp-container-core-columns-is-layout-9d6595d7 wp-block-columns-is-layout-flex\">\n<div class=\"wp-block-column is-layout-flow wp-block-column-is-layout-flow\">\n<figure class=\"wp-block-embed is-type-video is-provider-youtube wp-block-embed-youtube wp-embed-aspect-16-9 wp-has-aspect-ratio\"><div class=\"wp-block-embed__wrapper\">\n<iframe loading=\"lazy\" title=\"M\u00e9ditation Tao\u00efste avec Ma\u00eetre Ming Yue (dec 2023) - \u00c9cole Ph\u00e9nix et Dragon\" width=\"1020\" height=\"574\" src=\"https:\/\/www.youtube.com\/embed\/x43w5TIUBfc?feature=oembed\" frameborder=\"0\" allow=\"accelerometer; autoplay; clipboard-write; encrypted-media; gyroscope; picture-in-picture; web-share\" referrerpolicy=\"strict-origin-when-cross-origin\" allowfullscreen><\/iframe>\n<\/div><\/figure>\n<\/div>\n\n\n\n<div class=\"wp-block-column is-layout-flow wp-block-column-is-layout-flow\">\n<figure class=\"wp-block-embed is-type-video is-provider-youtube wp-block-embed-youtube wp-embed-aspect-16-9 wp-has-aspect-ratio\"><div class=\"wp-block-embed__wrapper\">\n<iframe loading=\"lazy\" title=\"Stage Ep\u00e9e Wudang avec Ma\u00eetre Ming Yue (dec 2023) - \u00c9cole Ph\u00e9nix et Dragon\" width=\"1020\" height=\"574\" src=\"https:\/\/www.youtube.com\/embed\/r_vPiZYd1fA?feature=oembed\" frameborder=\"0\" allow=\"accelerometer; autoplay; clipboard-write; encrypted-media; gyroscope; picture-in-picture; web-share\" referrerpolicy=\"strict-origin-when-cross-origin\" allowfullscreen><\/iframe>\n<\/div><\/figure>\n<\/div>\n\n\n\n<div class=\"wp-block-column is-layout-flow wp-block-column-is-layout-flow\">\n<figure class=\"wp-block-embed is-type-video is-provider-youtube wp-block-embed-youtube wp-embed-aspect-16-9 wp-has-aspect-ratio\"><div class=\"wp-block-embed__wrapper\">\n<iframe loading=\"lazy\" title=\"Stage Taiji Wudang avec Ma\u00eetre Ming Yue - Forme des 13 (dec 2023) - \u00c9cole Ph\u00e9nix et Dragon\" width=\"1020\" height=\"574\" src=\"https:\/\/www.youtube.com\/embed\/FYjgYyhL6iU?feature=oembed\" frameborder=\"0\" allow=\"accelerometer; autoplay; clipboard-write; encrypted-media; gyroscope; picture-in-picture; web-share\" referrerpolicy=\"strict-origin-when-cross-origin\" allowfullscreen><\/iframe>\n<\/div><\/figure>\n<\/div>\n<\/div>\n\n\n\n<h2 class=\"wp-block-heading has-vivid-red-color has-text-color has-link-color has-medium-font-size wp-elements-fce98db26ae1ac63bbf2a7dea7709930\"><strong>Semaine du 10 au 16 f\u00e9vrier 2020<\/strong><\/h2>\n\n\n\n<p>3 stages exceptionnels de Taiji, Qi Gong et Ep\u00e9e du 10 Au 16 F\u00e9vrier.<\/p>\n\n\n\n<figure class=\"wp-block-image size-large\"><img decoding=\"async\" src=\"data:image\/gif;base64,R0lGODlhAQABAAAAACH5BAEKAAEALAAAAAABAAEAAAICTAEAOw==\" data-layzr=\"https:\/\/www.phenixetdragon.net\/wp-content\/uploads\/2024\/07\/20200211_161544-1024x576.jpg\" alt=\"\" class=\"wp-image-8466\"\/><\/figure>","protected":false},"excerpt":{"rendered":"<p>Qui est Ma\u00eetre Ming Yue? Immerg\u00e9 dans la pratique des arts martiaux Tao\u00efstes depuis son plus jeune \u00e2ge, Ma\u00eetre Ming Yue excelle dans les arts internes que sont le Qi Gong, le Taiji Quan, le Xingyi Quan et le Bagua Zhang, \u00e0 mains nues comme avec armes. Il a pratiqu\u00e9 de nombreuses ann\u00e9es aupr\u00e8s du &hellip; <\/p>","protected":false},"author":7,"featured_media":8465,"parent":35,"menu_order":4,"comment_status":"closed","ping_status":"closed","template":"","meta":{"footnotes":""},"class_list":["post-7710","page","type-page","status-publish","has-post-thumbnail","hentry","latest_post"],"yoast_head":"<!-- This site is optimized with the Yoast SEO plugin v26.3 - https:\/\/yoast.com\/wordpress\/plugins\/seo\/ -->\n<title>Les enseignements de Ma\u00eetre Ming Yue - Ph\u00e9nix et Dragon<\/title>\n<meta name=\"description\" content=\"Stages organis\u00e9s par l\u2019\u00c9cole Ph\u00e9nix et Dragon, qui a le privil\u00e8ge de recevoir les enseignements de Ma\u00eetre Ming Yue, depuis plusieurs ann\u00e9es.\" \/>\n<meta name=\"robots\" content=\"index, follow, max-snippet:-1, max-image-preview:large, max-video-preview:-1\" \/>\n<link rel=\"canonical\" href=\"https:\/\/www.phenixetdragon.net\/en\/notre-ecole\/les-enseignements-de-maitre-ming-yue\/\" \/>\n<meta property=\"og:locale\" content=\"en_GB\" \/>\n<meta property=\"og:type\" content=\"article\" \/>\n<meta property=\"og:title\" content=\"Les enseignements de Ma\u00eetre Ming Yue - Ph\u00e9nix et Dragon\" \/>\n<meta property=\"og:description\" content=\"Stages organis\u00e9s par l\u2019\u00c9cole Ph\u00e9nix et Dragon, qui a le privil\u00e8ge de recevoir les enseignements de Ma\u00eetre Ming Yue, depuis plusieurs ann\u00e9es.\" \/>\n<meta property=\"og:url\" content=\"https:\/\/www.phenixetdragon.net\/en\/notre-ecole\/les-enseignements-de-maitre-ming-yue\/\" \/>\n<meta property=\"og:site_name\" content=\"Ph\u00e9nix et Dragon\" \/>\n<meta property=\"article:publisher\" content=\"https:\/\/fr-fr.facebook.com\/assoephedra\/\" \/>\n<meta property=\"article:modified_time\" content=\"2025-09-17T20:24:52+00:00\" \/>\n<meta property=\"og:image\" content=\"https:\/\/www.phenixetdragon.net\/wp-content\/uploads\/2024\/07\/IMG_2052-scaled.jpg\" \/>\n\t<meta property=\"og:image:width\" content=\"2560\" \/>\n\t<meta property=\"og:image:height\" content=\"1440\" \/>\n\t<meta property=\"og:image:type\" content=\"image\/jpeg\" \/>\n<meta name=\"twitter:card\" content=\"summary_large_image\" \/>\n<meta name=\"twitter:label1\" content=\"Estimated reading time\" \/>\n\t<meta name=\"twitter:data1\" content=\"3 minutes\" \/>\n<script type=\"application\/ld+json\" class=\"yoast-schema-graph\">{\"@context\":\"https:\/\/schema.org\",\"@graph\":[{\"@type\":\"WebPage\",\"@id\":\"https:\/\/www.phenixetdragon.net\/notre-ecole\/les-enseignements-de-maitre-ming-yue\/\",\"url\":\"https:\/\/www.phenixetdragon.net\/notre-ecole\/les-enseignements-de-maitre-ming-yue\/\",\"name\":\"Les enseignements de Ma\u00eetre Ming Yue - Ph\u00e9nix et Dragon\",\"isPartOf\":{\"@id\":\"https:\/\/www.phenixetdragon.net\/#website\"},\"primaryImageOfPage\":{\"@id\":\"https:\/\/www.phenixetdragon.net\/notre-ecole\/les-enseignements-de-maitre-ming-yue\/#primaryimage\"},\"image\":{\"@id\":\"https:\/\/www.phenixetdragon.net\/notre-ecole\/les-enseignements-de-maitre-ming-yue\/#primaryimage\"},\"thumbnailUrl\":\"https:\/\/www.phenixetdragon.net\/wp-content\/uploads\/2024\/07\/IMG_2052-scaled.jpg\",\"datePublished\":\"2024-07-20T15:34:55+00:00\",\"dateModified\":\"2025-09-17T20:24:52+00:00\",\"description\":\"Stages organis\u00e9s par l\u2019\u00c9cole Ph\u00e9nix et Dragon, qui a le privil\u00e8ge de recevoir les enseignements de Ma\u00eetre Ming Yue, depuis plusieurs ann\u00e9es.\",\"breadcrumb\":{\"@id\":\"https:\/\/www.phenixetdragon.net\/notre-ecole\/les-enseignements-de-maitre-ming-yue\/#breadcrumb\"},\"inLanguage\":\"en-GB\",\"potentialAction\":[{\"@type\":\"ReadAction\",\"target\":[\"https:\/\/www.phenixetdragon.net\/notre-ecole\/les-enseignements-de-maitre-ming-yue\/\"]}]},{\"@type\":\"ImageObject\",\"inLanguage\":\"en-GB\",\"@id\":\"https:\/\/www.phenixetdragon.net\/notre-ecole\/les-enseignements-de-maitre-ming-yue\/#primaryimage\",\"url\":\"https:\/\/www.phenixetdragon.net\/wp-content\/uploads\/2024\/07\/IMG_2052-scaled.jpg\",\"contentUrl\":\"https:\/\/www.phenixetdragon.net\/wp-content\/uploads\/2024\/07\/IMG_2052-scaled.jpg\",\"width\":2560,\"height\":1440},{\"@type\":\"BreadcrumbList\",\"@id\":\"https:\/\/www.phenixetdragon.net\/notre-ecole\/les-enseignements-de-maitre-ming-yue\/#breadcrumb\",\"itemListElement\":[{\"@type\":\"ListItem\",\"position\":1,\"name\":\"Accueil\",\"item\":\"https:\/\/www.phenixetdragon.net\/\"},{\"@type\":\"ListItem\",\"position\":2,\"name\":\"Notre \u00e9cole\",\"item\":\"https:\/\/www.phenixetdragon.net\/notre-ecole\/\"},{\"@type\":\"ListItem\",\"position\":3,\"name\":\"Les enseignements de Ma\u00eetre Ming Yue\"}]},{\"@type\":\"WebSite\",\"@id\":\"https:\/\/www.phenixetdragon.net\/#website\",\"url\":\"https:\/\/www.phenixetdragon.net\/\",\"name\":\"Ph\u00e9nix et Dragon\",\"description\":\"Arts Martiaux Chinois, Kung Fu, Taiji Quan, et Arts Energ\u00e9tiques, Qi Gong\",\"publisher\":{\"@id\":\"https:\/\/www.phenixetdragon.net\/#organization\"},\"potentialAction\":[{\"@type\":\"SearchAction\",\"target\":{\"@type\":\"EntryPoint\",\"urlTemplate\":\"https:\/\/www.phenixetdragon.net\/?s={search_term_string}\"},\"query-input\":{\"@type\":\"PropertyValueSpecification\",\"valueRequired\":true,\"valueName\":\"search_term_string\"}}],\"inLanguage\":\"en-GB\"},{\"@type\":\"Organization\",\"@id\":\"https:\/\/www.phenixetdragon.net\/#organization\",\"name\":\"Ph\u00e9nix et Dragon\",\"url\":\"https:\/\/www.phenixetdragon.net\/\",\"logo\":{\"@type\":\"ImageObject\",\"inLanguage\":\"en-GB\",\"@id\":\"https:\/\/www.phenixetdragon.net\/#\/schema\/logo\/image\/\",\"url\":\"https:\/\/www.phenixetdragon.net\/wp-content\/uploads\/2021\/08\/logophenixdragon.png\",\"contentUrl\":\"https:\/\/www.phenixetdragon.net\/wp-content\/uploads\/2021\/08\/logophenixdragon.png\",\"width\":674,\"height\":113,\"caption\":\"Ph\u00e9nix et Dragon\"},\"image\":{\"@id\":\"https:\/\/www.phenixetdragon.net\/#\/schema\/logo\/image\/\"},\"sameAs\":[\"https:\/\/fr-fr.facebook.com\/assoephedra\/\",\"https:\/\/www.instagram.com\/ecolephenixetdragon\/\"]}]}<\/script>\n<!-- \/ Yoast SEO plugin. -->","yoast_head_json":{"title":"Les enseignements de Ma\u00eetre Ming Yue - Ph\u00e9nix et Dragon","description":"Stages organis\u00e9s par l\u2019\u00c9cole Ph\u00e9nix et Dragon, qui a le privil\u00e8ge de recevoir les enseignements de Ma\u00eetre Ming Yue, depuis plusieurs ann\u00e9es.","robots":{"index":"index","follow":"follow","max-snippet":"max-snippet:-1","max-image-preview":"max-image-preview:large","max-video-preview":"max-video-preview:-1"},"canonical":"https:\/\/www.phenixetdragon.net\/en\/notre-ecole\/les-enseignements-de-maitre-ming-yue\/","og_locale":"en_GB","og_type":"article","og_title":"Les enseignements de Ma\u00eetre Ming Yue - Ph\u00e9nix et Dragon","og_description":"Stages organis\u00e9s par l\u2019\u00c9cole Ph\u00e9nix et Dragon, qui a le privil\u00e8ge de recevoir les enseignements de Ma\u00eetre Ming Yue, depuis plusieurs ann\u00e9es.","og_url":"https:\/\/www.phenixetdragon.net\/en\/notre-ecole\/les-enseignements-de-maitre-ming-yue\/","og_site_name":"Ph\u00e9nix et Dragon","article_publisher":"https:\/\/fr-fr.facebook.com\/assoephedra\/","article_modified_time":"2025-09-17T20:24:52+00:00","og_image":[{"width":2560,"height":1440,"url":"https:\/\/www.phenixetdragon.net\/wp-content\/uploads\/2024\/07\/IMG_2052-scaled.jpg","type":"image\/jpeg"}],"twitter_card":"summary_large_image","twitter_misc":{"Estimated reading time":"3 minutes"},"schema":{"@context":"https:\/\/schema.org","@graph":[{"@type":"WebPage","@id":"https:\/\/www.phenixetdragon.net\/notre-ecole\/les-enseignements-de-maitre-ming-yue\/","url":"https:\/\/www.phenixetdragon.net\/notre-ecole\/les-enseignements-de-maitre-ming-yue\/","name":"Les enseignements de Ma\u00eetre Ming Yue - Ph\u00e9nix et Dragon","isPartOf":{"@id":"https:\/\/www.phenixetdragon.net\/#website"},"primaryImageOfPage":{"@id":"https:\/\/www.phenixetdragon.net\/notre-ecole\/les-enseignements-de-maitre-ming-yue\/#primaryimage"},"image":{"@id":"https:\/\/www.phenixetdragon.net\/notre-ecole\/les-enseignements-de-maitre-ming-yue\/#primaryimage"},"thumbnailUrl":"https:\/\/www.phenixetdragon.net\/wp-content\/uploads\/2024\/07\/IMG_2052-scaled.jpg","datePublished":"2024-07-20T15:34:55+00:00","dateModified":"2025-09-17T20:24:52+00:00","description":"Stages organis\u00e9s par l\u2019\u00c9cole Ph\u00e9nix et Dragon, qui a le privil\u00e8ge de recevoir les enseignements de Ma\u00eetre Ming Yue, depuis plusieurs ann\u00e9es.","breadcrumb":{"@id":"https:\/\/www.phenixetdragon.net\/notre-ecole\/les-enseignements-de-maitre-ming-yue\/#breadcrumb"},"inLanguage":"en-GB","potentialAction":[{"@type":"ReadAction","target":["https:\/\/www.phenixetdragon.net\/notre-ecole\/les-enseignements-de-maitre-ming-yue\/"]}]},{"@type":"ImageObject","inLanguage":"en-GB","@id":"https:\/\/www.phenixetdragon.net\/notre-ecole\/les-enseignements-de-maitre-ming-yue\/#primaryimage","url":"https:\/\/www.phenixetdragon.net\/wp-content\/uploads\/2024\/07\/IMG_2052-scaled.jpg","contentUrl":"https:\/\/www.phenixetdragon.net\/wp-content\/uploads\/2024\/07\/IMG_2052-scaled.jpg","width":2560,"height":1440},{"@type":"BreadcrumbList","@id":"https:\/\/www.phenixetdragon.net\/notre-ecole\/les-enseignements-de-maitre-ming-yue\/#breadcrumb","itemListElement":[{"@type":"ListItem","position":1,"name":"Accueil","item":"https:\/\/www.phenixetdragon.net\/"},{"@type":"ListItem","position":2,"name":"Notre \u00e9cole","item":"https:\/\/www.phenixetdragon.net\/notre-ecole\/"},{"@type":"ListItem","position":3,"name":"Les enseignements de Ma\u00eetre Ming Yue"}]},{"@type":"WebSite","@id":"https:\/\/www.phenixetdragon.net\/#website","url":"https:\/\/www.phenixetdragon.net\/","name":"Ph\u00e9nix et Dragon","description":"Arts Martiaux Chinois, Kung Fu, Taiji Quan, et Arts Energ\u00e9tiques, Qi Gong","publisher":{"@id":"https:\/\/www.phenixetdragon.net\/#organization"},"potentialAction":[{"@type":"SearchAction","target":{"@type":"EntryPoint","urlTemplate":"https:\/\/www.phenixetdragon.net\/?s={search_term_string}"},"query-input":{"@type":"PropertyValueSpecification","valueRequired":true,"valueName":"search_term_string"}}],"inLanguage":"en-GB"},{"@type":"Organization","@id":"https:\/\/www.phenixetdragon.net\/#organization","name":"Ph\u00e9nix et Dragon","url":"https:\/\/www.phenixetdragon.net\/","logo":{"@type":"ImageObject","inLanguage":"en-GB","@id":"https:\/\/www.phenixetdragon.net\/#\/schema\/logo\/image\/","url":"https:\/\/www.phenixetdragon.net\/wp-content\/uploads\/2021\/08\/logophenixdragon.png","contentUrl":"https:\/\/www.phenixetdragon.net\/wp-content\/uploads\/2021\/08\/logophenixdragon.png","width":674,"height":113,"caption":"Ph\u00e9nix et Dragon"},"image":{"@id":"https:\/\/www.phenixetdragon.net\/#\/schema\/logo\/image\/"},"sameAs":["https:\/\/fr-fr.facebook.com\/assoephedra\/","https:\/\/www.instagram.com\/ecolephenixetdragon\/"]}]}},"_links":{"self":[{"href":"https:\/\/www.phenixetdragon.net\/en\/wp-json\/wp\/v2\/pages\/7710","targetHints":{"allow":["GET"]}}],"collection":[{"href":"https:\/\/www.phenixetdragon.net\/en\/wp-json\/wp\/v2\/pages"}],"about":[{"href":"https:\/\/www.phenixetdragon.net\/en\/wp-json\/wp\/v2\/types\/page"}],"author":[{"embeddable":true,"href":"https:\/\/www.phenixetdragon.net\/en\/wp-json\/wp\/v2\/users\/7"}],"replies":[{"embeddable":true,"href":"https:\/\/www.phenixetdragon.net\/en\/wp-json\/wp\/v2\/comments?post=7710"}],"version-history":[{"count":22,"href":"https:\/\/www.phenixetdragon.net\/en\/wp-json\/wp\/v2\/pages\/7710\/revisions"}],"predecessor-version":[{"id":9259,"href":"https:\/\/www.phenixetdragon.net\/en\/wp-json\/wp\/v2\/pages\/7710\/revisions\/9259"}],"up":[{"embeddable":true,"href":"https:\/\/www.phenixetdragon.net\/en\/wp-json\/wp\/v2\/pages\/35"}],"wp:featuredmedia":[{"embeddable":true,"href":"https:\/\/www.phenixetdragon.net\/en\/wp-json\/wp\/v2\/media\/8465"}],"wp:attachment":[{"href":"https:\/\/www.phenixetdragon.net\/en\/wp-json\/wp\/v2\/media?parent=7710"}],"curies":[{"name":"wp","href":"https:\/\/api.w.org\/{rel}","templated":true}]}}