{"id":7745,"date":"2023-10-26T16:27:57","date_gmt":"2023-10-26T14:27:57","guid":{"rendered":"https:\/\/www.phenixetdragon.net\/?page_id=7745"},"modified":"2025-12-10T16:00:06","modified_gmt":"2025-12-10T15:00:06","slug":"kung-fu-adulte-a-paris","status":"publish","type":"page","link":"https:\/\/www.phenixetdragon.net\/en\/kung-fu-adulte-a-paris\/","title":{"rendered":"Cours de Kung Fu Adultes \u00e0 Paris"},"content":{"rendered":"<h1 class=\"wp-block-heading has-vivid-red-color has-text-color has-link-color has-medium-font-size wp-elements-6c37ec4b83997bf0f94d9679c1ebee93\"><strong>Rejoignez une Aventure Martiale Unique \u00e0 Paris !<\/strong><\/h1>\n\n\n\n<p>Envie de pratiquer un art martial complet, alliant puissance, \u00e9quilibre et ma\u00eetrise de soi ? Les associations <strong>ASCAM<\/strong> et <strong>APAMC<\/strong> vous ouvrent les portes de leur univers, o\u00f9 tradition et modernit\u00e9 se rencontrent autour du <strong>Kung Fu<\/strong>.<\/p>\n\n\n\n<p>D\u00e9butant curieux ou pratiquant exp\u00e9riment\u00e9, chacun trouve sa place dans nos groupes de niveaux, anim\u00e9s par des instructeurs exp\u00e9riment\u00e9s et bienveillants.<\/p>\n\n\n\n<p>Nous proposons des cours de Kung Fu en plein centre de Paris (Paris 4), mais aussi \u00e0 Montparnasse (Paris 6) et \u00e0 Place d&rsquo;Italie (Paris 13).<\/p>\n\n\n\n<p class=\"has-white-color has-blush-bordeaux-gradient-background has-text-color has-background has-link-color wp-elements-cf7614b28be6ade3d147c81e3e4dab95\"><strong>L\u2019<a href=\"https:\/\/www.phenixetdragon.net\/nos-cours\/paris-horaires\/\" target=\"_blank\" rel=\"noreferrer noopener\">adh\u00e9sion annuelle<\/a> permet d\u2019acc\u00e9der \u00e0 TOUS les cours propos\u00e9s par les associations ASCAM et APAMC. Avec un cours par jour, les plus motiv\u00e9s peuvent s\u2019entra\u00eener presque toute la semaine, dans une ambiance conviviale et passionn\u00e9e.<\/strong><\/p>\n\n\n\n<figure class=\"wp-block-table aligncenter is-style-stripes has-small-font-size\" style=\"font-style:normal;font-weight:300\"><table class=\"has-fixed-layout\"><thead><tr><th>Jour<\/th><th>Horaire<\/th><th>Lieu<\/th><th>Adresse<\/th><th>Asso<\/th><\/tr><\/thead><tbody><tr><td><strong>Lundi<\/strong><\/td><td>19h-20h30<\/td><td><strong>Espaces des Blancs-Manteaux<\/strong> <\/td><td>8 rue Vieille du Temple 75004 Paris, M\u00b0 H\u00f4tel-de-Ville \/ Saint-Paul<\/td><td>ASCAM<\/td><\/tr><tr><td><strong>Mardi<\/strong><\/td><td>20h15-21h45<\/td><td><strong>Gymnase Caillaux<\/strong><\/td><td>3 Rue Caillaux 75013 Paris, M\u00b0 Maison Blanche<\/td><td>ASCAM<\/td><\/tr><tr><td><strong>Mercredi<\/strong><\/td><td>19h-20h30,<\/td><td><strong>Espaces des Blancs-Manteaux<\/strong> <\/td><td>8 rue Vieille du Temple 75004 Paris, M\u00b0 H\u00f4tel-de-Ville \/ Saint-Paul<\/td><td>ASCAM<\/td><\/tr><tr><td><strong>Jeudi<\/strong><\/td><td>21h-22h15<\/td><td><strong>Boxe sanda, Gymnase Caillaux<\/strong><\/td><td>3 Rue Caillaux 75013 Paris, M\u00b0 Maison Blanche<\/td><td>ASCAM<\/td><\/tr><tr><td><strong>Vendredi<\/strong><\/td><td>20h15-21h45<\/td><td><strong>Gymnase F\u00e9nelon<\/strong><\/td><td>rue du Jardinet, 75006 Paris, M\u00b0 Od\u00e9on<\/td><td>ASCAM<\/td><\/tr><tr><td><strong>Samedi<\/strong><\/td><td>10h45-12h<\/td><td><strong>Gymnase Vaugirard-Littr\u00e9<\/strong><\/td><td>87 rue de Vaugirard 75006 Paris, M\u00b0 Montparnasse<\/td><td>APAMC<\/td><\/tr><\/tbody><\/table><figcaption class=\"wp-element-caption\"><br><\/figcaption><\/figure>\n\n\n\n<h2 class=\"wp-block-heading has-vivid-red-color has-text-color has-medium-font-size\"><strong>Dates 2025-2026<\/strong><\/h2>\n\n\n\n<ul class=\"wp-block-list\">\n<li>Rentr\u00e9e le lundi 8 septembre 2025<\/li>\n\n\n\n<li>F\u00eate d\u2019hiver le samedi 14 f\u00e9vrier 2026<\/li>\n\n\n\n<li>Gala le samedi 6 juin 2026 <\/li>\n\n\n\n<li>Fin des cours le samedi 27 juin 2026<\/li>\n<\/ul>\n\n\n\n<p><em>(Pas de cours pendant les vacances scolaires)<\/em><\/p>\n\n\n\n<hr class=\"wp-block-separator has-alpha-channel-opacity\"\/>\n\n\n\n<h2 class=\"wp-block-heading has-vivid-red-color has-text-color has-link-color has-medium-font-size wp-elements-1884b426eb196c961108610df2895b49\"><strong>Une Pratique Riche et Accessible \u00e0 Tous<\/strong><\/h2>\n\n\n\n<p>Nos cours s\u2019adressent \u00e0 tous les \u00e2ges et tous les niveaux. Vous y d\u00e9couvrirez la richesse des styles Tang Lang, Shaolin, Chang Quan et Wudang notamment, chacun apportant une dimension unique \u00e0 la pratique :<\/p>\n\n\n\n<ul class=\"wp-block-list\">\n<li>Force et enracinement du Shaolin<\/li>\n\n\n\n<li>Fluidit\u00e9 et int\u00e9riorit\u00e9 du Wudang<\/li>\n\n\n\n<li>Pr\u00e9cision et explosivit\u00e9 du Tang Lang<\/li>\n<\/ul>\n\n\n\n<p>Les armes traditionnelles (b\u00e2ton, sabre, nunchaku, \u00e9p\u00e9e) sont \u00e9galement \u00e9tudi\u00e9es, sans oublier le Sanda, version moderne et sportive du combat chinois, id\u00e9ale pour le d\u00e9passement de soi.<\/p>\n\n\n\n<hr class=\"wp-block-separator has-alpha-channel-opacity\"\/>\n\n\n\n<h2 class=\"wp-block-heading has-vivid-red-color has-text-color has-link-color has-medium-font-size wp-elements-4b6a28f17117dcce8641829abda6e1b4\"><strong>Esprit de Groupe et Convivialit\u00e9<\/strong><\/h2>\n\n\n\n<p>Au-del\u00e0 des techniques, notre \u00e9cole cultive un v\u00e9ritable esprit de camaraderie : entraide, respect, progression partag\u00e9e \u2014 chaque s\u00e9ance devient un moment d\u2019\u00e9change et d\u2019\u00e9nergie positive.<\/p>\n\n\n\n<hr class=\"wp-block-separator has-alpha-channel-opacity is-style-default\"\/>\n\n\n\n<h2 class=\"wp-block-heading has-vivid-red-color has-text-color has-link-color has-medium-font-size wp-elements-3b78d7d0c0f90e96b58870acf09badcc\"><strong>Et aussi\u2026<\/strong><\/h2>\n\n\n\n<p>Tout au long de l\u2019ann\u00e9e, des stages intensifs et des \u00e9v\u00e9nements festifs rythment la vie de l\u2019\u00e9cole : perfectionnement, d\u00e9couvertes, d\u00e9monstrations et partages autour de la culture martiale chinoise.<\/p>\n\n\n\n<p class=\"has-white-color has-blush-bordeaux-gradient-background has-text-color has-background has-link-color wp-elements-844ccfc9342f573404138f71f18c5262\"><strong>Inscrivez-vous d\u00e8s maintenant pour vivre une ann\u00e9e sous le signe du mouvement, de l\u2019\u00e9quilibre et de la joie d\u2019apprendre !<\/strong><\/p>\n\n\n\n<iframe id=\"haWidget\" allowtransparency=\"true\" src=\"https:\/\/www.helloasso.com\/associations\/academie-parisienne-d-arts-martiaux-chinois\/adhesions\/adhesion-adulte-2025-2026\/widget-bouton\" style=\"width: 100%; height: 70px; border: none;\" onload=\"window.addEventListener( 'message', function(e) { const dataHeight = e.data.height; const haWidgetElement = document.getElementById('haWidget'); haWidgetElement.height = dataHeight + 'px'; } )\" ><\/iframe>\n\n\n\n<div class=\"wp-block-columns is-layout-flex wp-container-core-columns-is-layout-9d6595d7 wp-block-columns-is-layout-flex\">\n<div class=\"wp-block-column is-layout-flow wp-block-column-is-layout-flow\">\n<figure class=\"wp-block-image size-large\"><img decoding=\"async\" src=\"data:image\/gif;base64,R0lGODlhAQABAAAAACH5BAEKAAEALAAAAAABAAEAAAICTAEAOw==\" data-layzr=\"https:\/\/www.phenixetdragon.net\/wp-content\/uploads\/2025\/10\/20221211_122515-scaled-1-edited.jpg\" alt=\"\" class=\"wp-image-9559\"\/><\/figure>\n<\/div>\n\n\n\n<div class=\"wp-block-column is-layout-flow wp-block-column-is-layout-flow\">\n<figure class=\"wp-block-image size-large\"><img decoding=\"async\" src=\"data:image\/gif;base64,R0lGODlhAQABAAAAACH5BAEKAAEALAAAAAABAAEAAAICTAEAOw==\" data-layzr=\"https:\/\/www.phenixetdragon.net\/wp-content\/uploads\/2025\/10\/CA188A80-4044-4310-AE9B-D9EFF2EB50D5_1_102_a-1024x768.jpeg\" alt=\"\" class=\"wp-image-9558\"\/><\/figure>\n<\/div>\n<\/div>\n\n\n\n<p>Quelques mots sur le Kung Fu <a href=\"https:\/\/www.phenixetdragon.net\/notre-ecole\/kung-fu-qq-mots\/\">ici<\/a>, les styles pratiqu\u00e9s dans notre \u00e9cole <a href=\"https:\/\/www.phenixetdragon.net\/notre-ecole\/styles-de-kung-fu\/\">ici<\/a>, et un forum aux questions <a href=\"https:\/\/www.phenixetdragon.net\/notre-ecole\/faq-kung-fu\/\">ici<\/a>.<\/p>\n\n\n\n<p>Stages tout au long de l&rsquo;ann\u00e9e (d\u00e9tails <a href=\"https:\/\/www.phenixetdragon.net\/stages\/\">ici<\/a>).<\/p>\n\n\n\n<p>Tarifs et adh\u00e9sion en ligne <a href=\"https:\/\/www.phenixetdragon.net\/nos-cours\/paris-horaires\/\">ici<\/a>.<\/p>\n\n\n\n<p>Instructeurs pr\u00e9sent\u00e9s <a href=\"https:\/\/www.phenixetdragon.net\/notre-ecole\/instructeurs\/\">ici<\/a>.<\/p>\n\n\n\n<hr class=\"wp-block-separator has-alpha-channel-opacity\"\/>\n\n\n\n<p><em>Ph\u00e9nix &amp; Dragon, a school committed to teaching internal and external martial arts for all ages and levels.<\/em><\/p>","protected":false},"excerpt":{"rendered":"<p>Rejoignez une Aventure Martiale Unique \u00e0 Paris ! Envie de pratiquer un art martial complet, alliant puissance, \u00e9quilibre et ma\u00eetrise de soi ? Les associations ASCAM et APAMC vous ouvrent les portes de leur univers, o\u00f9 tradition et modernit\u00e9 se rencontrent autour du Kung Fu. D\u00e9butant curieux ou pratiquant exp\u00e9riment\u00e9, chacun trouve sa place dans &hellip; <\/p>","protected":false},"author":7,"featured_media":7751,"parent":0,"menu_order":0,"comment_status":"closed","ping_status":"closed","template":"","meta":{"footnotes":""},"class_list":["post-7745","page","type-page","status-publish","has-post-thumbnail","hentry","latest_post"],"yoast_head":"<!-- This site is optimized with the Yoast SEO plugin v26.3 - https:\/\/yoast.com\/wordpress\/plugins\/seo\/ -->\n<title>Cours de Kung Fu Adultes \u00e0 Paris - Ph\u00e9nix et Dragon<\/title>\n<meta name=\"description\" content=\"L&#039;Ecole Ph\u00e9nix et Dragon propose plusieurs cours de Kung Fu, dans plusieurs arrondissements de Paris, pour tous les niveaux !\" \/>\n<meta name=\"robots\" content=\"index, follow, max-snippet:-1, max-image-preview:large, max-video-preview:-1\" \/>\n<link rel=\"canonical\" href=\"https:\/\/www.phenixetdragon.net\/en\/kung-fu-adulte-a-paris\/\" \/>\n<meta property=\"og:locale\" content=\"en_GB\" \/>\n<meta property=\"og:type\" content=\"article\" \/>\n<meta property=\"og:title\" content=\"Cours de Kung Fu Adultes \u00e0 Paris - Ph\u00e9nix et Dragon\" \/>\n<meta property=\"og:description\" content=\"L&#039;Ecole Ph\u00e9nix et Dragon propose plusieurs cours de Kung Fu, dans plusieurs arrondissements de Paris, pour tous les niveaux !\" \/>\n<meta property=\"og:url\" content=\"https:\/\/www.phenixetdragon.net\/en\/kung-fu-adulte-a-paris\/\" \/>\n<meta property=\"og:site_name\" content=\"Ph\u00e9nix et Dragon\" \/>\n<meta property=\"article:publisher\" content=\"https:\/\/fr-fr.facebook.com\/assoephedra\/\" \/>\n<meta property=\"article:modified_time\" content=\"2025-12-10T15:00:06+00:00\" \/>\n<meta property=\"og:image\" content=\"https:\/\/www.phenixetdragon.net\/wp-content\/uploads\/2023\/10\/IMG_6560.jpg\" \/>\n\t<meta property=\"og:image:width\" content=\"2048\" \/>\n\t<meta property=\"og:image:height\" content=\"1087\" \/>\n\t<meta property=\"og:image:type\" content=\"image\/jpeg\" \/>\n<meta name=\"twitter:card\" content=\"summary_large_image\" \/>\n<meta name=\"twitter:label1\" content=\"Estimated reading time\" \/>\n\t<meta name=\"twitter:data1\" content=\"2 minutes\" \/>\n<script type=\"application\/ld+json\" class=\"yoast-schema-graph\">{\"@context\":\"https:\/\/schema.org\",\"@graph\":[{\"@type\":\"WebPage\",\"@id\":\"https:\/\/www.phenixetdragon.net\/kung-fu-adulte-a-paris\/\",\"url\":\"https:\/\/www.phenixetdragon.net\/kung-fu-adulte-a-paris\/\",\"name\":\"Cours de Kung Fu Adultes \u00e0 Paris - Ph\u00e9nix et Dragon\",\"isPartOf\":{\"@id\":\"https:\/\/www.phenixetdragon.net\/#website\"},\"primaryImageOfPage\":{\"@id\":\"https:\/\/www.phenixetdragon.net\/kung-fu-adulte-a-paris\/#primaryimage\"},\"image\":{\"@id\":\"https:\/\/www.phenixetdragon.net\/kung-fu-adulte-a-paris\/#primaryimage\"},\"thumbnailUrl\":\"https:\/\/www.phenixetdragon.net\/wp-content\/uploads\/2023\/10\/IMG_6560.jpg\",\"datePublished\":\"2023-10-26T14:27:57+00:00\",\"dateModified\":\"2025-12-10T15:00:06+00:00\",\"description\":\"L'Ecole Ph\u00e9nix et Dragon propose plusieurs cours de Kung Fu, dans plusieurs arrondissements de Paris, pour tous les niveaux !\",\"breadcrumb\":{\"@id\":\"https:\/\/www.phenixetdragon.net\/kung-fu-adulte-a-paris\/#breadcrumb\"},\"inLanguage\":\"en-GB\",\"potentialAction\":[{\"@type\":\"ReadAction\",\"target\":[\"https:\/\/www.phenixetdragon.net\/kung-fu-adulte-a-paris\/\"]}]},{\"@type\":\"ImageObject\",\"inLanguage\":\"en-GB\",\"@id\":\"https:\/\/www.phenixetdragon.net\/kung-fu-adulte-a-paris\/#primaryimage\",\"url\":\"https:\/\/www.phenixetdragon.net\/wp-content\/uploads\/2023\/10\/IMG_6560.jpg\",\"contentUrl\":\"https:\/\/www.phenixetdragon.net\/wp-content\/uploads\/2023\/10\/IMG_6560.jpg\",\"width\":2048,\"height\":1087},{\"@type\":\"BreadcrumbList\",\"@id\":\"https:\/\/www.phenixetdragon.net\/kung-fu-adulte-a-paris\/#breadcrumb\",\"itemListElement\":[{\"@type\":\"ListItem\",\"position\":1,\"name\":\"Accueil\",\"item\":\"https:\/\/www.phenixetdragon.net\/\"},{\"@type\":\"ListItem\",\"position\":2,\"name\":\"Cours de Kung Fu Adultes \u00e0 Paris\"}]},{\"@type\":\"WebSite\",\"@id\":\"https:\/\/www.phenixetdragon.net\/#website\",\"url\":\"https:\/\/www.phenixetdragon.net\/\",\"name\":\"Ph\u00e9nix et Dragon\",\"description\":\"Arts Martiaux Chinois, Kung Fu, Taiji Quan, et Arts Energ\u00e9tiques, Qi Gong\",\"publisher\":{\"@id\":\"https:\/\/www.phenixetdragon.net\/#organization\"},\"potentialAction\":[{\"@type\":\"SearchAction\",\"target\":{\"@type\":\"EntryPoint\",\"urlTemplate\":\"https:\/\/www.phenixetdragon.net\/?s={search_term_string}\"},\"query-input\":{\"@type\":\"PropertyValueSpecification\",\"valueRequired\":true,\"valueName\":\"search_term_string\"}}],\"inLanguage\":\"en-GB\"},{\"@type\":\"Organization\",\"@id\":\"https:\/\/www.phenixetdragon.net\/#organization\",\"name\":\"Ph\u00e9nix et Dragon\",\"url\":\"https:\/\/www.phenixetdragon.net\/\",\"logo\":{\"@type\":\"ImageObject\",\"inLanguage\":\"en-GB\",\"@id\":\"https:\/\/www.phenixetdragon.net\/#\/schema\/logo\/image\/\",\"url\":\"https:\/\/www.phenixetdragon.net\/wp-content\/uploads\/2021\/08\/logophenixdragon.png\",\"contentUrl\":\"https:\/\/www.phenixetdragon.net\/wp-content\/uploads\/2021\/08\/logophenixdragon.png\",\"width\":674,\"height\":113,\"caption\":\"Ph\u00e9nix et Dragon\"},\"image\":{\"@id\":\"https:\/\/www.phenixetdragon.net\/#\/schema\/logo\/image\/\"},\"sameAs\":[\"https:\/\/fr-fr.facebook.com\/assoephedra\/\",\"https:\/\/www.instagram.com\/ecolephenixetdragon\/\"]}]}<\/script>\n<!-- \/ Yoast SEO plugin. -->","yoast_head_json":{"title":"Cours de Kung Fu Adultes \u00e0 Paris - Ph\u00e9nix et Dragon","description":"L'Ecole Ph\u00e9nix et Dragon propose plusieurs cours de Kung Fu, dans plusieurs arrondissements de Paris, pour tous les niveaux !","robots":{"index":"index","follow":"follow","max-snippet":"max-snippet:-1","max-image-preview":"max-image-preview:large","max-video-preview":"max-video-preview:-1"},"canonical":"https:\/\/www.phenixetdragon.net\/en\/kung-fu-adulte-a-paris\/","og_locale":"en_GB","og_type":"article","og_title":"Cours de Kung Fu Adultes \u00e0 Paris - Ph\u00e9nix et Dragon","og_description":"L'Ecole Ph\u00e9nix et Dragon propose plusieurs cours de Kung Fu, dans plusieurs arrondissements de Paris, pour tous les niveaux !","og_url":"https:\/\/www.phenixetdragon.net\/en\/kung-fu-adulte-a-paris\/","og_site_name":"Ph\u00e9nix et Dragon","article_publisher":"https:\/\/fr-fr.facebook.com\/assoephedra\/","article_modified_time":"2025-12-10T15:00:06+00:00","og_image":[{"width":2048,"height":1087,"url":"https:\/\/www.phenixetdragon.net\/wp-content\/uploads\/2023\/10\/IMG_6560.jpg","type":"image\/jpeg"}],"twitter_card":"summary_large_image","twitter_misc":{"Estimated reading time":"2 minutes"},"schema":{"@context":"https:\/\/schema.org","@graph":[{"@type":"WebPage","@id":"https:\/\/www.phenixetdragon.net\/kung-fu-adulte-a-paris\/","url":"https:\/\/www.phenixetdragon.net\/kung-fu-adulte-a-paris\/","name":"Cours de Kung Fu Adultes \u00e0 Paris - Ph\u00e9nix et Dragon","isPartOf":{"@id":"https:\/\/www.phenixetdragon.net\/#website"},"primaryImageOfPage":{"@id":"https:\/\/www.phenixetdragon.net\/kung-fu-adulte-a-paris\/#primaryimage"},"image":{"@id":"https:\/\/www.phenixetdragon.net\/kung-fu-adulte-a-paris\/#primaryimage"},"thumbnailUrl":"https:\/\/www.phenixetdragon.net\/wp-content\/uploads\/2023\/10\/IMG_6560.jpg","datePublished":"2023-10-26T14:27:57+00:00","dateModified":"2025-12-10T15:00:06+00:00","description":"L'Ecole Ph\u00e9nix et Dragon propose plusieurs cours de Kung Fu, dans plusieurs arrondissements de Paris, pour tous les niveaux !","breadcrumb":{"@id":"https:\/\/www.phenixetdragon.net\/kung-fu-adulte-a-paris\/#breadcrumb"},"inLanguage":"en-GB","potentialAction":[{"@type":"ReadAction","target":["https:\/\/www.phenixetdragon.net\/kung-fu-adulte-a-paris\/"]}]},{"@type":"ImageObject","inLanguage":"en-GB","@id":"https:\/\/www.phenixetdragon.net\/kung-fu-adulte-a-paris\/#primaryimage","url":"https:\/\/www.phenixetdragon.net\/wp-content\/uploads\/2023\/10\/IMG_6560.jpg","contentUrl":"https:\/\/www.phenixetdragon.net\/wp-content\/uploads\/2023\/10\/IMG_6560.jpg","width":2048,"height":1087},{"@type":"BreadcrumbList","@id":"https:\/\/www.phenixetdragon.net\/kung-fu-adulte-a-paris\/#breadcrumb","itemListElement":[{"@type":"ListItem","position":1,"name":"Accueil","item":"https:\/\/www.phenixetdragon.net\/"},{"@type":"ListItem","position":2,"name":"Cours de Kung Fu Adultes \u00e0 Paris"}]},{"@type":"WebSite","@id":"https:\/\/www.phenixetdragon.net\/#website","url":"https:\/\/www.phenixetdragon.net\/","name":"Ph\u00e9nix et Dragon","description":"Arts Martiaux Chinois, Kung Fu, Taiji Quan, et Arts Energ\u00e9tiques, Qi Gong","publisher":{"@id":"https:\/\/www.phenixetdragon.net\/#organization"},"potentialAction":[{"@type":"SearchAction","target":{"@type":"EntryPoint","urlTemplate":"https:\/\/www.phenixetdragon.net\/?s={search_term_string}"},"query-input":{"@type":"PropertyValueSpecification","valueRequired":true,"valueName":"search_term_string"}}],"inLanguage":"en-GB"},{"@type":"Organization","@id":"https:\/\/www.phenixetdragon.net\/#organization","name":"Ph\u00e9nix et Dragon","url":"https:\/\/www.phenixetdragon.net\/","logo":{"@type":"ImageObject","inLanguage":"en-GB","@id":"https:\/\/www.phenixetdragon.net\/#\/schema\/logo\/image\/","url":"https:\/\/www.phenixetdragon.net\/wp-content\/uploads\/2021\/08\/logophenixdragon.png","contentUrl":"https:\/\/www.phenixetdragon.net\/wp-content\/uploads\/2021\/08\/logophenixdragon.png","width":674,"height":113,"caption":"Ph\u00e9nix et Dragon"},"image":{"@id":"https:\/\/www.phenixetdragon.net\/#\/schema\/logo\/image\/"},"sameAs":["https:\/\/fr-fr.facebook.com\/assoephedra\/","https:\/\/www.instagram.com\/ecolephenixetdragon\/"]}]}},"_links":{"self":[{"href":"https:\/\/www.phenixetdragon.net\/en\/wp-json\/wp\/v2\/pages\/7745","targetHints":{"allow":["GET"]}}],"collection":[{"href":"https:\/\/www.phenixetdragon.net\/en\/wp-json\/wp\/v2\/pages"}],"about":[{"href":"https:\/\/www.phenixetdragon.net\/en\/wp-json\/wp\/v2\/types\/page"}],"author":[{"embeddable":true,"href":"https:\/\/www.phenixetdragon.net\/en\/wp-json\/wp\/v2\/users\/7"}],"replies":[{"embeddable":true,"href":"https:\/\/www.phenixetdragon.net\/en\/wp-json\/wp\/v2\/comments?post=7745"}],"version-history":[{"count":23,"href":"https:\/\/www.phenixetdragon.net\/en\/wp-json\/wp\/v2\/pages\/7745\/revisions"}],"predecessor-version":[{"id":10445,"href":"https:\/\/www.phenixetdragon.net\/en\/wp-json\/wp\/v2\/pages\/7745\/revisions\/10445"}],"wp:featuredmedia":[{"embeddable":true,"href":"https:\/\/www.phenixetdragon.net\/en\/wp-json\/wp\/v2\/media\/7751"}],"wp:attachment":[{"href":"https:\/\/www.phenixetdragon.net\/en\/wp-json\/wp\/v2\/media?parent=7745"}],"curies":[{"name":"wp","href":"https:\/\/api.w.org\/{rel}","templated":true}]}}