{"id":9005,"date":"2025-07-20T14:13:26","date_gmt":"2025-07-20T12:13:26","guid":{"rendered":"https:\/\/www.phenixetdragon.net\/?page_id=9005"},"modified":"2025-11-01T16:41:23","modified_gmt":"2025-11-01T15:41:23","slug":"inscriptions","status":"publish","type":"page","link":"https:\/\/www.phenixetdragon.net\/en\/summercamp\/inscriptions\/","title":{"rendered":"Inscriptions au Summer Camp"},"content":{"rendered":"<p class=\"has-text-align-center has-white-color has-blush-bordeaux-gradient-background has-text-color has-background has-link-color wp-elements-d3251adb52889eefa9c3e1a12891ce84\" style=\"text-transform:none\"><strong>>> <a href=\"https:\/\/www.helloasso.com\/associations\/ecole-phenix-et-dragon\/adhesions\/summercamp-ephedra-2026-en\"><strong>\"Registration for Summer 2026 is now open!\"<\/strong><\/a> &lt;&lt;<\/strong><\/p>\n\n\n\n<p><strong>Quand?<\/strong> du 4 au 11 juillet 2026<\/p>\n\n\n\n<p><strong>O\u00f9<\/strong> <strong>?<\/strong> Le Summer Camp aura lieu en Ard\u00e8che, un endroit id\u00e9al pour passer de merveilleuses vacances pour adultes et enfants, pour les pratiquants et les non-pratiquants !<\/p>\n\n\n\n<p class=\"has-black-color has-text-color\"><strong>Au programme pour les adultes ?<\/strong> R\u00e9veil \u00e9nerg\u00e9tique, et enseignements propos\u00e9s par Ma\u00eetre Ming Yue (m\u00e9ditation tao\u00efste, Taiji Wudang 2h\/jour, Baton Court Wudang 2h\/jour, Ba Gua pour les avanc\u00e9s 1h\/jour)<\/p>\n\n\n\n<p class=\"has-black-color has-text-color\"><strong>Au programme pour les enfants \/ adolescents<\/strong> <strong>?<\/strong> Deux cours de 45mn ont lieu les matins, pour s\u2019initier aux techniques de base, mais surtout pour apprendre \u00e0 se servir de son \u00e9nergie et \u00e0 la canaliser, en s\u2019amusant !<\/p>\n\n\n\n<p><strong>On se repose quand ?<\/strong> Une journ\u00e9e libre pour se reposer ou faire des sorties est toujours propos\u00e9e \ud83d\ude42<\/p>\n\n\n\n<p class=\"has-black-color has-text-color\"><strong>Le logement<\/strong> <strong>?<\/strong> Nous allons r\u00e9server plusieurs cottages tout confort, avec 2 ou 3 chambres. Vous pouvez partager avec d&rsquo;autres participants, ou avec votre famille. Vous pouvez aussi trouver votre propre logement par ailleurs.<\/p>\n\n\n\n<p><strong>Les tarifs ? <\/strong>Trois tarifs sont propos\u00e9s selon la date d\u2019inscription:<\/p>\n\n\n\n<ul class=\"wp-block-list\">\n<li><strong>Super Early Bird<\/strong> \u2013 r\u00e9serv\u00e9 aux adh\u00e9rents de Ph\u00e9nix &amp; Dragon, jusqu\u2019au 31 janvier<\/li>\n\n\n\n<li><strong>Early Bird<\/strong> \u2013 ouvert \u00e0 tous, jusqu\u2019au 15 mars<\/li>\n\n\n\n<li><strong>Tarif Normal<\/strong> \u2013 jusqu\u2019au d\u00e9but juillet<\/li>\n<\/ul>\n\n\n\n<p class=\"has-text-align-center\"><a href=\"https:\/\/www.helloasso.com\/associations\/ecole-phenix-et-dragon\/adhesions\/summercamp-ephedra-2026-en\"><strong>\"Registration for Summer 2026 is now open!\"<\/strong><\/a><\/p>\n\n\n\n<p class=\"has-text-align-center has-white-color has-blush-bordeaux-gradient-background has-text-color has-background has-link-color wp-elements-ce1c0aae5d96633c8b836d574fac57b8\"><strong>Nous esp\u00e9rons vous retrouver en Ard\u00e8che l&rsquo;\u00e9t\u00e9 prochain. D&rsquo;ici l\u00e0, nous vous souhaitons une belle saison sportive.<\/strong><\/p>","protected":false},"excerpt":{"rendered":"<p>>> Les inscriptions pour l\u2019\u00e9t\u00e9 2026 sont ouvertes ! &lt;&lt; Quand? du 4 au 11 juillet 2026 O\u00f9 ? Le Summer Camp aura lieu en Ard\u00e8che, un endroit id\u00e9al pour passer de merveilleuses vacances pour adultes et enfants, pour les pratiquants et les non-pratiquants ! Au programme pour les adultes ? R\u00e9veil \u00e9nerg\u00e9tique, et enseignements &hellip; <\/p>","protected":false},"author":7,"featured_media":8970,"parent":9115,"menu_order":0,"comment_status":"closed","ping_status":"closed","template":"","meta":{"footnotes":""},"class_list":["post-9005","page","type-page","status-publish","has-post-thumbnail","hentry","latest_post"],"yoast_head":"<!-- This site is optimized with the Yoast SEO plugin v26.3 - https:\/\/yoast.com\/wordpress\/plugins\/seo\/ -->\n<title>Inscriptions au Summer Camp - Ph\u00e9nix et Dragon<\/title>\n<meta name=\"description\" content=\"D\u00e9but juillet, venez profiter tous les jours d\u2019un grand choix de cours, pour enfants, ados, ou adultes. C&#039;est le Summer Camp de l&#039;Ecole Ph\u00e9nix &amp; Dragon !\" \/>\n<meta name=\"robots\" content=\"index, follow, max-snippet:-1, max-image-preview:large, max-video-preview:-1\" \/>\n<link rel=\"canonical\" href=\"https:\/\/www.phenixetdragon.net\/en\/summercamp\/inscriptions\/\" \/>\n<meta property=\"og:locale\" content=\"en_GB\" \/>\n<meta property=\"og:type\" content=\"article\" \/>\n<meta property=\"og:title\" content=\"Inscriptions au Summer Camp - Ph\u00e9nix et Dragon\" \/>\n<meta property=\"og:description\" content=\"D\u00e9but juillet, venez profiter tous les jours d\u2019un grand choix de cours, pour enfants, ados, ou adultes. C&#039;est le Summer Camp de l&#039;Ecole Ph\u00e9nix &amp; Dragon !\" \/>\n<meta property=\"og:url\" content=\"https:\/\/www.phenixetdragon.net\/en\/summercamp\/inscriptions\/\" \/>\n<meta property=\"og:site_name\" content=\"Ph\u00e9nix et Dragon\" \/>\n<meta property=\"article:publisher\" content=\"https:\/\/fr-fr.facebook.com\/assoephedra\/\" \/>\n<meta property=\"article:modified_time\" content=\"2025-11-01T15:41:23+00:00\" \/>\n<meta property=\"og:image\" content=\"https:\/\/www.phenixetdragon.net\/wp-content\/uploads\/2025\/07\/Capture-decran-2022-11-19-a-14.39.00-edited-1024x683.png\" \/>\n\t<meta property=\"og:image:width\" content=\"1024\" \/>\n\t<meta property=\"og:image:height\" content=\"683\" \/>\n\t<meta property=\"og:image:type\" content=\"image\/png\" \/>\n<meta name=\"twitter:card\" content=\"summary_large_image\" \/>\n<meta name=\"twitter:label1\" content=\"Estimated reading time\" \/>\n\t<meta name=\"twitter:data1\" content=\"1 minute\" \/>\n<script type=\"application\/ld+json\" class=\"yoast-schema-graph\">{\"@context\":\"https:\/\/schema.org\",\"@graph\":[{\"@type\":\"WebPage\",\"@id\":\"https:\/\/www.phenixetdragon.net\/summercamp\/inscriptions\/\",\"url\":\"https:\/\/www.phenixetdragon.net\/summercamp\/inscriptions\/\",\"name\":\"Inscriptions au Summer Camp - Ph\u00e9nix et Dragon\",\"isPartOf\":{\"@id\":\"https:\/\/www.phenixetdragon.net\/#website\"},\"primaryImageOfPage\":{\"@id\":\"https:\/\/www.phenixetdragon.net\/summercamp\/inscriptions\/#primaryimage\"},\"image\":{\"@id\":\"https:\/\/www.phenixetdragon.net\/summercamp\/inscriptions\/#primaryimage\"},\"thumbnailUrl\":\"https:\/\/www.phenixetdragon.net\/wp-content\/uploads\/2025\/07\/Capture-decran-2022-11-19-a-14.39.00-edited.png\",\"datePublished\":\"2025-07-20T12:13:26+00:00\",\"dateModified\":\"2025-11-01T15:41:23+00:00\",\"description\":\"D\u00e9but juillet, venez profiter tous les jours d\u2019un grand choix de cours, pour enfants, ados, ou adultes. C'est le Summer Camp de l'Ecole Ph\u00e9nix & Dragon !\",\"breadcrumb\":{\"@id\":\"https:\/\/www.phenixetdragon.net\/summercamp\/inscriptions\/#breadcrumb\"},\"inLanguage\":\"en-GB\",\"potentialAction\":[{\"@type\":\"ReadAction\",\"target\":[\"https:\/\/www.phenixetdragon.net\/summercamp\/inscriptions\/\"]}]},{\"@type\":\"ImageObject\",\"inLanguage\":\"en-GB\",\"@id\":\"https:\/\/www.phenixetdragon.net\/summercamp\/inscriptions\/#primaryimage\",\"url\":\"https:\/\/www.phenixetdragon.net\/wp-content\/uploads\/2025\/07\/Capture-decran-2022-11-19-a-14.39.00-edited.png\",\"contentUrl\":\"https:\/\/www.phenixetdragon.net\/wp-content\/uploads\/2025\/07\/Capture-decran-2022-11-19-a-14.39.00-edited.png\",\"width\":1116,\"height\":744},{\"@type\":\"BreadcrumbList\",\"@id\":\"https:\/\/www.phenixetdragon.net\/summercamp\/inscriptions\/#breadcrumb\",\"itemListElement\":[{\"@type\":\"ListItem\",\"position\":1,\"name\":\"Accueil\",\"item\":\"https:\/\/www.phenixetdragon.net\/\"},{\"@type\":\"ListItem\",\"position\":2,\"name\":\"Notre Summer Camp\",\"item\":\"https:\/\/www.phenixetdragon.net\/summercamp\/\"},{\"@type\":\"ListItem\",\"position\":3,\"name\":\"Inscriptions au Summer Camp\"}]},{\"@type\":\"WebSite\",\"@id\":\"https:\/\/www.phenixetdragon.net\/#website\",\"url\":\"https:\/\/www.phenixetdragon.net\/\",\"name\":\"Ph\u00e9nix et Dragon\",\"description\":\"Arts Martiaux Chinois, Kung Fu, Taiji Quan, et Arts Energ\u00e9tiques, Qi Gong\",\"publisher\":{\"@id\":\"https:\/\/www.phenixetdragon.net\/#organization\"},\"potentialAction\":[{\"@type\":\"SearchAction\",\"target\":{\"@type\":\"EntryPoint\",\"urlTemplate\":\"https:\/\/www.phenixetdragon.net\/?s={search_term_string}\"},\"query-input\":{\"@type\":\"PropertyValueSpecification\",\"valueRequired\":true,\"valueName\":\"search_term_string\"}}],\"inLanguage\":\"en-GB\"},{\"@type\":\"Organization\",\"@id\":\"https:\/\/www.phenixetdragon.net\/#organization\",\"name\":\"Ph\u00e9nix et Dragon\",\"url\":\"https:\/\/www.phenixetdragon.net\/\",\"logo\":{\"@type\":\"ImageObject\",\"inLanguage\":\"en-GB\",\"@id\":\"https:\/\/www.phenixetdragon.net\/#\/schema\/logo\/image\/\",\"url\":\"https:\/\/www.phenixetdragon.net\/wp-content\/uploads\/2021\/08\/logophenixdragon.png\",\"contentUrl\":\"https:\/\/www.phenixetdragon.net\/wp-content\/uploads\/2021\/08\/logophenixdragon.png\",\"width\":674,\"height\":113,\"caption\":\"Ph\u00e9nix et Dragon\"},\"image\":{\"@id\":\"https:\/\/www.phenixetdragon.net\/#\/schema\/logo\/image\/\"},\"sameAs\":[\"https:\/\/fr-fr.facebook.com\/assoephedra\/\",\"https:\/\/www.instagram.com\/ecolephenixetdragon\/\"]}]}<\/script>\n<!-- \/ Yoast SEO plugin. -->","yoast_head_json":{"title":"Inscriptions au Summer Camp - Ph\u00e9nix et Dragon","description":"D\u00e9but juillet, venez profiter tous les jours d\u2019un grand choix de cours, pour enfants, ados, ou adultes. C'est le Summer Camp de l'Ecole Ph\u00e9nix & Dragon !","robots":{"index":"index","follow":"follow","max-snippet":"max-snippet:-1","max-image-preview":"max-image-preview:large","max-video-preview":"max-video-preview:-1"},"canonical":"https:\/\/www.phenixetdragon.net\/en\/summercamp\/inscriptions\/","og_locale":"en_GB","og_type":"article","og_title":"Inscriptions au Summer Camp - Ph\u00e9nix et Dragon","og_description":"D\u00e9but juillet, venez profiter tous les jours d\u2019un grand choix de cours, pour enfants, ados, ou adultes. C'est le Summer Camp de l'Ecole Ph\u00e9nix & Dragon !","og_url":"https:\/\/www.phenixetdragon.net\/en\/summercamp\/inscriptions\/","og_site_name":"Ph\u00e9nix et Dragon","article_publisher":"https:\/\/fr-fr.facebook.com\/assoephedra\/","article_modified_time":"2025-11-01T15:41:23+00:00","og_image":[{"width":1024,"height":683,"url":"https:\/\/www.phenixetdragon.net\/wp-content\/uploads\/2025\/07\/Capture-decran-2022-11-19-a-14.39.00-edited-1024x683.png","type":"image\/png"}],"twitter_card":"summary_large_image","twitter_misc":{"Estimated reading time":"1 minute"},"schema":{"@context":"https:\/\/schema.org","@graph":[{"@type":"WebPage","@id":"https:\/\/www.phenixetdragon.net\/summercamp\/inscriptions\/","url":"https:\/\/www.phenixetdragon.net\/summercamp\/inscriptions\/","name":"Inscriptions au Summer Camp - Ph\u00e9nix et Dragon","isPartOf":{"@id":"https:\/\/www.phenixetdragon.net\/#website"},"primaryImageOfPage":{"@id":"https:\/\/www.phenixetdragon.net\/summercamp\/inscriptions\/#primaryimage"},"image":{"@id":"https:\/\/www.phenixetdragon.net\/summercamp\/inscriptions\/#primaryimage"},"thumbnailUrl":"https:\/\/www.phenixetdragon.net\/wp-content\/uploads\/2025\/07\/Capture-decran-2022-11-19-a-14.39.00-edited.png","datePublished":"2025-07-20T12:13:26+00:00","dateModified":"2025-11-01T15:41:23+00:00","description":"D\u00e9but juillet, venez profiter tous les jours d\u2019un grand choix de cours, pour enfants, ados, ou adultes. C'est le Summer Camp de l'Ecole Ph\u00e9nix & Dragon !","breadcrumb":{"@id":"https:\/\/www.phenixetdragon.net\/summercamp\/inscriptions\/#breadcrumb"},"inLanguage":"en-GB","potentialAction":[{"@type":"ReadAction","target":["https:\/\/www.phenixetdragon.net\/summercamp\/inscriptions\/"]}]},{"@type":"ImageObject","inLanguage":"en-GB","@id":"https:\/\/www.phenixetdragon.net\/summercamp\/inscriptions\/#primaryimage","url":"https:\/\/www.phenixetdragon.net\/wp-content\/uploads\/2025\/07\/Capture-decran-2022-11-19-a-14.39.00-edited.png","contentUrl":"https:\/\/www.phenixetdragon.net\/wp-content\/uploads\/2025\/07\/Capture-decran-2022-11-19-a-14.39.00-edited.png","width":1116,"height":744},{"@type":"BreadcrumbList","@id":"https:\/\/www.phenixetdragon.net\/summercamp\/inscriptions\/#breadcrumb","itemListElement":[{"@type":"ListItem","position":1,"name":"Accueil","item":"https:\/\/www.phenixetdragon.net\/"},{"@type":"ListItem","position":2,"name":"Notre Summer Camp","item":"https:\/\/www.phenixetdragon.net\/summercamp\/"},{"@type":"ListItem","position":3,"name":"Inscriptions au Summer Camp"}]},{"@type":"WebSite","@id":"https:\/\/www.phenixetdragon.net\/#website","url":"https:\/\/www.phenixetdragon.net\/","name":"Ph\u00e9nix et Dragon","description":"Arts Martiaux Chinois, Kung Fu, Taiji Quan, et Arts Energ\u00e9tiques, Qi Gong","publisher":{"@id":"https:\/\/www.phenixetdragon.net\/#organization"},"potentialAction":[{"@type":"SearchAction","target":{"@type":"EntryPoint","urlTemplate":"https:\/\/www.phenixetdragon.net\/?s={search_term_string}"},"query-input":{"@type":"PropertyValueSpecification","valueRequired":true,"valueName":"search_term_string"}}],"inLanguage":"en-GB"},{"@type":"Organization","@id":"https:\/\/www.phenixetdragon.net\/#organization","name":"Ph\u00e9nix et Dragon","url":"https:\/\/www.phenixetdragon.net\/","logo":{"@type":"ImageObject","inLanguage":"en-GB","@id":"https:\/\/www.phenixetdragon.net\/#\/schema\/logo\/image\/","url":"https:\/\/www.phenixetdragon.net\/wp-content\/uploads\/2021\/08\/logophenixdragon.png","contentUrl":"https:\/\/www.phenixetdragon.net\/wp-content\/uploads\/2021\/08\/logophenixdragon.png","width":674,"height":113,"caption":"Ph\u00e9nix et Dragon"},"image":{"@id":"https:\/\/www.phenixetdragon.net\/#\/schema\/logo\/image\/"},"sameAs":["https:\/\/fr-fr.facebook.com\/assoephedra\/","https:\/\/www.instagram.com\/ecolephenixetdragon\/"]}]}},"_links":{"self":[{"href":"https:\/\/www.phenixetdragon.net\/en\/wp-json\/wp\/v2\/pages\/9005","targetHints":{"allow":["GET"]}}],"collection":[{"href":"https:\/\/www.phenixetdragon.net\/en\/wp-json\/wp\/v2\/pages"}],"about":[{"href":"https:\/\/www.phenixetdragon.net\/en\/wp-json\/wp\/v2\/types\/page"}],"author":[{"embeddable":true,"href":"https:\/\/www.phenixetdragon.net\/en\/wp-json\/wp\/v2\/users\/7"}],"replies":[{"embeddable":true,"href":"https:\/\/www.phenixetdragon.net\/en\/wp-json\/wp\/v2\/comments?post=9005"}],"version-history":[{"count":5,"href":"https:\/\/www.phenixetdragon.net\/en\/wp-json\/wp\/v2\/pages\/9005\/revisions"}],"predecessor-version":[{"id":10069,"href":"https:\/\/www.phenixetdragon.net\/en\/wp-json\/wp\/v2\/pages\/9005\/revisions\/10069"}],"up":[{"embeddable":true,"href":"https:\/\/www.phenixetdragon.net\/en\/wp-json\/wp\/v2\/pages\/9115"}],"wp:featuredmedia":[{"embeddable":true,"href":"https:\/\/www.phenixetdragon.net\/en\/wp-json\/wp\/v2\/media\/8970"}],"wp:attachment":[{"href":"https:\/\/www.phenixetdragon.net\/en\/wp-json\/wp\/v2\/media?parent=9005"}],"curies":[{"name":"wp","href":"https:\/\/api.w.org\/{rel}","templated":true}]}}