{"id":9012,"date":"2025-07-20T14:44:45","date_gmt":"2025-07-20T12:44:45","guid":{"rendered":"https:\/\/www.phenixetdragon.net\/?page_id=9012"},"modified":"2025-10-25T17:53:25","modified_gmt":"2025-10-25T15:53:25","slug":"videos","status":"publish","type":"page","link":"https:\/\/www.phenixetdragon.net\/en\/gala\/videos\/","title":{"rendered":"Galas &#8211; Nos Vid\u00e9os !"},"content":{"rendered":"<p class=\"has-white-color has-blush-bordeaux-gradient-background has-text-color has-background has-link-color wp-elements-1d3b396939d2205d2f32fdcabe13213e\"><strong>Revivez l\u2019\u00e9nergie, l\u2019\u00e9motion et la virtuosit\u00e9 des galas de fin d\u2019ann\u00e9e de l\u2019\u00c9cole Ph\u00e9nix &amp; Dragon \u00e0 travers nos vid\u00e9os. Chaque \u00e9dition est une c\u00e9l\u00e9bration du travail, de la passion et de la progression de nos \u00e9l\u00e8ves : d\u00e9monstrations, tournois, performances en Taiji, Kung Fu ou Qi Gong, moments de partage et d\u2019engagement. Elles illustrent l\u2019esprit martial et la fraternit\u00e9 qui nous animent !<\/strong><\/p>\n\n\n\n<h2 class=\"wp-block-heading has-vivid-red-color has-text-color has-link-color has-medium-font-size wp-elements-b366bc36917793a0923157410962bd06\"><strong>1\ufe0f\u20e37\ufe0f\u20e3\u00e8me \u00e9dition du Gala, Juin 2025<\/strong><\/h2>\n\n\n\n<div class=\"wp-block-columns is-layout-flex wp-container-core-columns-is-layout-9d6595d7 wp-block-columns-is-layout-flex\">\n<div class=\"wp-block-column is-layout-flow wp-block-column-is-layout-flow\">\n<figure class=\"wp-block-embed is-type-video is-provider-youtube wp-block-embed-youtube wp-embed-aspect-16-9 wp-has-aspect-ratio\"><div class=\"wp-block-embed__wrapper\">\n<iframe loading=\"lazy\" title=\"Gala 2025 - \u00c9cole Ph\u00e9nix &amp; Dragon - r\u00e9sum\u00e9\" width=\"1020\" height=\"574\" src=\"https:\/\/www.youtube.com\/embed\/fSmwfyZgYes?feature=oembed\" frameborder=\"0\" allow=\"accelerometer; autoplay; clipboard-write; encrypted-media; gyroscope; picture-in-picture; web-share\" referrerpolicy=\"strict-origin-when-cross-origin\" allowfullscreen><\/iframe>\n<\/div><\/figure>\n<\/div>\n<\/div>\n\n\n\n<h2 class=\"wp-block-heading has-vivid-red-color has-text-color has-link-color has-medium-font-size wp-elements-46ba69453cc894f1ae23f2c3a7d30b9b\"><strong>1\ufe0f\u20e36\ufe0f\u20e3\u00e8me \u00e9dition du Gala, Juin 2024<\/strong><\/h2>\n\n\n\n<div class=\"wp-block-columns is-layout-flex wp-container-core-columns-is-layout-9d6595d7 wp-block-columns-is-layout-flex\">\n<div class=\"wp-block-column is-layout-flow wp-block-column-is-layout-flow\">\n<figure class=\"wp-block-embed is-type-video is-provider-youtube wp-block-embed-youtube wp-embed-aspect-16-9 wp-has-aspect-ratio\"><div class=\"wp-block-embed__wrapper\">\n<iframe loading=\"lazy\" title=\"Gala 2024 - Ecole Ph\u00e9nix &amp; Dragon - re\u0301sume\u0301\" width=\"1020\" height=\"574\" src=\"https:\/\/www.youtube.com\/embed\/Ob7z_x2UL-g?feature=oembed\" frameborder=\"0\" allow=\"accelerometer; autoplay; clipboard-write; encrypted-media; gyroscope; picture-in-picture; web-share\" referrerpolicy=\"strict-origin-when-cross-origin\" allowfullscreen><\/iframe>\n<\/div><\/figure>\n<\/div>\n<\/div>\n\n\n\n<h2 class=\"wp-block-heading has-vivid-red-color has-text-color has-link-color has-medium-font-size wp-elements-26c6d567e9bca734ed517da6b73da297\"><strong>1\ufe0f\u20e35\ufe0f\u20e3\u00e8me \u00e9dition du Gala, Juin 2023<\/strong><\/h2>\n\n\n\n<div class=\"wp-block-columns is-layout-flex wp-container-core-columns-is-layout-9d6595d7 wp-block-columns-is-layout-flex\">\n<div class=\"wp-block-column is-layout-flow wp-block-column-is-layout-flow\">\n<figure class=\"wp-block-embed is-type-video is-provider-youtube wp-block-embed-youtube wp-embed-aspect-16-9 wp-has-aspect-ratio\"><div class=\"wp-block-embed__wrapper\">\n<iframe loading=\"lazy\" title=\"Gala 2023 - Ecole Ph\u00e9nix &amp; Dragon - re\u0301sume\u0301\" width=\"1020\" height=\"574\" src=\"https:\/\/www.youtube.com\/embed\/_mrSHwmGORY?feature=oembed\" frameborder=\"0\" allow=\"accelerometer; autoplay; clipboard-write; encrypted-media; gyroscope; picture-in-picture; web-share\" referrerpolicy=\"strict-origin-when-cross-origin\" allowfullscreen><\/iframe>\n<\/div><\/figure>\n<\/div>\n<\/div>\n\n\n\n<h2 class=\"wp-block-heading has-vivid-red-color has-text-color has-link-color has-medium-font-size wp-elements-143286295b8e2330966e1ce6f6f87288\"><strong>1\ufe0f\u20e34\ufe0f\u20e3\u00e8me \u00e9dition du Gala, Juin 2022<\/strong><\/h2>\n\n\n\n<div class=\"wp-block-columns is-layout-flex wp-container-core-columns-is-layout-9d6595d7 wp-block-columns-is-layout-flex\">\n<div class=\"wp-block-column is-layout-flow wp-block-column-is-layout-flow\">\n<figure class=\"wp-block-embed is-type-video is-provider-youtube wp-block-embed-youtube wp-embed-aspect-4-3 wp-has-aspect-ratio\"><div class=\"wp-block-embed__wrapper\">\n<iframe loading=\"lazy\" title=\"Gala 2022 - Ecole Ph\u00e9nix &amp; Dragon - re\u0301sume\u0301\" width=\"1020\" height=\"765\" src=\"https:\/\/www.youtube.com\/embed\/DCkWoZLPjGM?feature=oembed\" frameborder=\"0\" allow=\"accelerometer; autoplay; clipboard-write; encrypted-media; gyroscope; picture-in-picture; web-share\" referrerpolicy=\"strict-origin-when-cross-origin\" allowfullscreen><\/iframe>\n<\/div><\/figure>\n<\/div>\n<\/div>\n\n\n\n<h2 class=\"wp-block-heading has-vivid-red-color has-text-color has-link-color has-medium-font-size wp-elements-0ac4cfa7891a002af1aabe26b281207e\"><strong>1\ufe0f\u20e33\ufe0f\u20e3\u00e8me \u00e9dition du Gala, Juin 2019<\/strong><\/h2>\n\n\n\n<figure class=\"wp-block-embed is-type-video is-provider-youtube wp-block-embed-youtube wp-embed-aspect-16-9 wp-has-aspect-ratio\"><div class=\"wp-block-embed__wrapper\">\n<iframe loading=\"lazy\" title=\"EPHEDRA Tournoi 2019\" width=\"1020\" height=\"574\" src=\"https:\/\/www.youtube.com\/embed\/05RZCLRWMqA?feature=oembed\" frameborder=\"0\" allow=\"accelerometer; autoplay; clipboard-write; encrypted-media; gyroscope; picture-in-picture; web-share\" referrerpolicy=\"strict-origin-when-cross-origin\" allowfullscreen><\/iframe>\n<\/div><\/figure>\n\n\n\n<p><\/p>\n\n\n\n<p class=\"has-white-color has-blush-bordeaux-gradient-background has-text-color has-background has-link-color wp-elements-0cd73fc893a22860832036dbdb09fef5\"><strong>Ces vid\u00e9os ne sont pas seulement des souvenirs \u2014 elles sont une invitation : rejoignez-nous pour participer aux prochains galas, vivre l\u2019exp\u00e9rience en direct et \u00e9crire votre propre \u00e9tape du chemin martial avec Ph\u00e9nix &amp; Dragon !<\/strong><\/p>\n\n\n\n<hr class=\"wp-block-separator has-alpha-channel-opacity\"\/>\n\n\n\n<p><em>Ph\u00e9nix &amp; Dragon, a school committed to teaching internal and external martial arts for all ages and levels.<\/em><\/p>","protected":false},"excerpt":{"rendered":"<p>Revivez l\u2019\u00e9nergie, l\u2019\u00e9motion et la virtuosit\u00e9 des galas de fin d\u2019ann\u00e9e de l\u2019\u00c9cole Ph\u00e9nix &amp; Dragon \u00e0 travers nos vid\u00e9os. Chaque \u00e9dition est une c\u00e9l\u00e9bration du travail, de la passion et de la progression de nos \u00e9l\u00e8ves : d\u00e9monstrations, tournois, performances en Taiji, Kung Fu ou Qi Gong, moments de partage et d\u2019engagement. Elles illustrent &hellip; <\/p>","protected":false},"author":7,"featured_media":0,"parent":31,"menu_order":0,"comment_status":"closed","ping_status":"closed","template":"","meta":{"footnotes":""},"class_list":["post-9012","page","type-page","status-publish","hentry","latest_post"],"yoast_head":"<!-- This site is optimized with the Yoast SEO plugin v26.3 - https:\/\/yoast.com\/wordpress\/plugins\/seo\/ -->\n<title>Galas - Nos Vid\u00e9os ! - Ph\u00e9nix et Dragon<\/title>\n<meta name=\"description\" content=\"Revivez les \u00e9ditions du Gala de fin d\u2019ann\u00e9e de l\u2019\u00c9cole Ph\u00e9nix &amp; Dragon : d\u00e9monstrations, tournoi, \u00e9nergie et \u00e9motions en vid\u00e9o.\" \/>\n<meta name=\"robots\" content=\"index, follow, max-snippet:-1, max-image-preview:large, max-video-preview:-1\" \/>\n<link rel=\"canonical\" href=\"https:\/\/www.phenixetdragon.net\/en\/gala\/videos\/\" \/>\n<meta property=\"og:locale\" content=\"en_GB\" \/>\n<meta property=\"og:type\" content=\"article\" \/>\n<meta property=\"og:title\" content=\"Galas - Nos Vid\u00e9os ! - Ph\u00e9nix et Dragon\" \/>\n<meta property=\"og:description\" content=\"Revivez les \u00e9ditions du Gala de fin d\u2019ann\u00e9e de l\u2019\u00c9cole Ph\u00e9nix &amp; Dragon : d\u00e9monstrations, tournoi, \u00e9nergie et \u00e9motions en vid\u00e9o.\" \/>\n<meta property=\"og:url\" content=\"https:\/\/www.phenixetdragon.net\/en\/gala\/videos\/\" \/>\n<meta property=\"og:site_name\" content=\"Ph\u00e9nix et Dragon\" \/>\n<meta property=\"article:publisher\" content=\"https:\/\/fr-fr.facebook.com\/assoephedra\/\" \/>\n<meta property=\"article:modified_time\" content=\"2025-10-25T15:53:25+00:00\" \/>\n<meta name=\"twitter:card\" content=\"summary_large_image\" \/>\n<meta name=\"twitter:label1\" content=\"Estimated reading time\" \/>\n\t<meta name=\"twitter:data1\" content=\"1 minute\" \/>\n<script type=\"application\/ld+json\" class=\"yoast-schema-graph\">{\"@context\":\"https:\/\/schema.org\",\"@graph\":[{\"@type\":\"WebPage\",\"@id\":\"https:\/\/www.phenixetdragon.net\/gala\/videos\/\",\"url\":\"https:\/\/www.phenixetdragon.net\/gala\/videos\/\",\"name\":\"Galas - Nos Vid\u00e9os ! - Ph\u00e9nix et Dragon\",\"isPartOf\":{\"@id\":\"https:\/\/www.phenixetdragon.net\/#website\"},\"datePublished\":\"2025-07-20T12:44:45+00:00\",\"dateModified\":\"2025-10-25T15:53:25+00:00\",\"description\":\"Revivez les \u00e9ditions du Gala de fin d\u2019ann\u00e9e de l\u2019\u00c9cole Ph\u00e9nix & Dragon : d\u00e9monstrations, tournoi, \u00e9nergie et \u00e9motions en vid\u00e9o.\",\"breadcrumb\":{\"@id\":\"https:\/\/www.phenixetdragon.net\/gala\/videos\/#breadcrumb\"},\"inLanguage\":\"en-GB\",\"potentialAction\":[{\"@type\":\"ReadAction\",\"target\":[\"https:\/\/www.phenixetdragon.net\/gala\/videos\/\"]}]},{\"@type\":\"BreadcrumbList\",\"@id\":\"https:\/\/www.phenixetdragon.net\/gala\/videos\/#breadcrumb\",\"itemListElement\":[{\"@type\":\"ListItem\",\"position\":1,\"name\":\"Accueil\",\"item\":\"https:\/\/www.phenixetdragon.net\/\"},{\"@type\":\"ListItem\",\"position\":2,\"name\":\"Notre Gala de Fin d&rsquo;Ann\u00e9e\",\"item\":\"https:\/\/www.phenixetdragon.net\/gala\/\"},{\"@type\":\"ListItem\",\"position\":3,\"name\":\"Galas &#8211; Nos Vid\u00e9os !\"}]},{\"@type\":\"WebSite\",\"@id\":\"https:\/\/www.phenixetdragon.net\/#website\",\"url\":\"https:\/\/www.phenixetdragon.net\/\",\"name\":\"Ph\u00e9nix et Dragon\",\"description\":\"Arts Martiaux Chinois, Kung Fu, Taiji Quan, et Arts Energ\u00e9tiques, Qi Gong\",\"publisher\":{\"@id\":\"https:\/\/www.phenixetdragon.net\/#organization\"},\"potentialAction\":[{\"@type\":\"SearchAction\",\"target\":{\"@type\":\"EntryPoint\",\"urlTemplate\":\"https:\/\/www.phenixetdragon.net\/?s={search_term_string}\"},\"query-input\":{\"@type\":\"PropertyValueSpecification\",\"valueRequired\":true,\"valueName\":\"search_term_string\"}}],\"inLanguage\":\"en-GB\"},{\"@type\":\"Organization\",\"@id\":\"https:\/\/www.phenixetdragon.net\/#organization\",\"name\":\"Ph\u00e9nix et Dragon\",\"url\":\"https:\/\/www.phenixetdragon.net\/\",\"logo\":{\"@type\":\"ImageObject\",\"inLanguage\":\"en-GB\",\"@id\":\"https:\/\/www.phenixetdragon.net\/#\/schema\/logo\/image\/\",\"url\":\"https:\/\/www.phenixetdragon.net\/wp-content\/uploads\/2021\/08\/logophenixdragon.png\",\"contentUrl\":\"https:\/\/www.phenixetdragon.net\/wp-content\/uploads\/2021\/08\/logophenixdragon.png\",\"width\":674,\"height\":113,\"caption\":\"Ph\u00e9nix et Dragon\"},\"image\":{\"@id\":\"https:\/\/www.phenixetdragon.net\/#\/schema\/logo\/image\/\"},\"sameAs\":[\"https:\/\/fr-fr.facebook.com\/assoephedra\/\",\"https:\/\/www.instagram.com\/ecolephenixetdragon\/\"]}]}<\/script>\n<!-- \/ Yoast SEO plugin. -->","yoast_head_json":{"title":"Galas - Nos Vid\u00e9os ! - Ph\u00e9nix et Dragon","description":"Revivez les \u00e9ditions du Gala de fin d\u2019ann\u00e9e de l\u2019\u00c9cole Ph\u00e9nix & Dragon : d\u00e9monstrations, tournoi, \u00e9nergie et \u00e9motions en vid\u00e9o.","robots":{"index":"index","follow":"follow","max-snippet":"max-snippet:-1","max-image-preview":"max-image-preview:large","max-video-preview":"max-video-preview:-1"},"canonical":"https:\/\/www.phenixetdragon.net\/en\/gala\/videos\/","og_locale":"en_GB","og_type":"article","og_title":"Galas - Nos Vid\u00e9os ! - Ph\u00e9nix et Dragon","og_description":"Revivez les \u00e9ditions du Gala de fin d\u2019ann\u00e9e de l\u2019\u00c9cole Ph\u00e9nix & Dragon : d\u00e9monstrations, tournoi, \u00e9nergie et \u00e9motions en vid\u00e9o.","og_url":"https:\/\/www.phenixetdragon.net\/en\/gala\/videos\/","og_site_name":"Ph\u00e9nix et Dragon","article_publisher":"https:\/\/fr-fr.facebook.com\/assoephedra\/","article_modified_time":"2025-10-25T15:53:25+00:00","twitter_card":"summary_large_image","twitter_misc":{"Estimated reading time":"1 minute"},"schema":{"@context":"https:\/\/schema.org","@graph":[{"@type":"WebPage","@id":"https:\/\/www.phenixetdragon.net\/gala\/videos\/","url":"https:\/\/www.phenixetdragon.net\/gala\/videos\/","name":"Galas - Nos Vid\u00e9os ! - Ph\u00e9nix et Dragon","isPartOf":{"@id":"https:\/\/www.phenixetdragon.net\/#website"},"datePublished":"2025-07-20T12:44:45+00:00","dateModified":"2025-10-25T15:53:25+00:00","description":"Revivez les \u00e9ditions du Gala de fin d\u2019ann\u00e9e de l\u2019\u00c9cole Ph\u00e9nix & Dragon : d\u00e9monstrations, tournoi, \u00e9nergie et \u00e9motions en vid\u00e9o.","breadcrumb":{"@id":"https:\/\/www.phenixetdragon.net\/gala\/videos\/#breadcrumb"},"inLanguage":"en-GB","potentialAction":[{"@type":"ReadAction","target":["https:\/\/www.phenixetdragon.net\/gala\/videos\/"]}]},{"@type":"BreadcrumbList","@id":"https:\/\/www.phenixetdragon.net\/gala\/videos\/#breadcrumb","itemListElement":[{"@type":"ListItem","position":1,"name":"Accueil","item":"https:\/\/www.phenixetdragon.net\/"},{"@type":"ListItem","position":2,"name":"Notre Gala de Fin d&rsquo;Ann\u00e9e","item":"https:\/\/www.phenixetdragon.net\/gala\/"},{"@type":"ListItem","position":3,"name":"Galas &#8211; Nos Vid\u00e9os !"}]},{"@type":"WebSite","@id":"https:\/\/www.phenixetdragon.net\/#website","url":"https:\/\/www.phenixetdragon.net\/","name":"Ph\u00e9nix et Dragon","description":"Arts Martiaux Chinois, Kung Fu, Taiji Quan, et Arts Energ\u00e9tiques, Qi Gong","publisher":{"@id":"https:\/\/www.phenixetdragon.net\/#organization"},"potentialAction":[{"@type":"SearchAction","target":{"@type":"EntryPoint","urlTemplate":"https:\/\/www.phenixetdragon.net\/?s={search_term_string}"},"query-input":{"@type":"PropertyValueSpecification","valueRequired":true,"valueName":"search_term_string"}}],"inLanguage":"en-GB"},{"@type":"Organization","@id":"https:\/\/www.phenixetdragon.net\/#organization","name":"Ph\u00e9nix et Dragon","url":"https:\/\/www.phenixetdragon.net\/","logo":{"@type":"ImageObject","inLanguage":"en-GB","@id":"https:\/\/www.phenixetdragon.net\/#\/schema\/logo\/image\/","url":"https:\/\/www.phenixetdragon.net\/wp-content\/uploads\/2021\/08\/logophenixdragon.png","contentUrl":"https:\/\/www.phenixetdragon.net\/wp-content\/uploads\/2021\/08\/logophenixdragon.png","width":674,"height":113,"caption":"Ph\u00e9nix et Dragon"},"image":{"@id":"https:\/\/www.phenixetdragon.net\/#\/schema\/logo\/image\/"},"sameAs":["https:\/\/fr-fr.facebook.com\/assoephedra\/","https:\/\/www.instagram.com\/ecolephenixetdragon\/"]}]}},"_links":{"self":[{"href":"https:\/\/www.phenixetdragon.net\/en\/wp-json\/wp\/v2\/pages\/9012","targetHints":{"allow":["GET"]}}],"collection":[{"href":"https:\/\/www.phenixetdragon.net\/en\/wp-json\/wp\/v2\/pages"}],"about":[{"href":"https:\/\/www.phenixetdragon.net\/en\/wp-json\/wp\/v2\/types\/page"}],"author":[{"embeddable":true,"href":"https:\/\/www.phenixetdragon.net\/en\/wp-json\/wp\/v2\/users\/7"}],"replies":[{"embeddable":true,"href":"https:\/\/www.phenixetdragon.net\/en\/wp-json\/wp\/v2\/comments?post=9012"}],"version-history":[{"count":11,"href":"https:\/\/www.phenixetdragon.net\/en\/wp-json\/wp\/v2\/pages\/9012\/revisions"}],"predecessor-version":[{"id":9889,"href":"https:\/\/www.phenixetdragon.net\/en\/wp-json\/wp\/v2\/pages\/9012\/revisions\/9889"}],"up":[{"embeddable":true,"href":"https:\/\/www.phenixetdragon.net\/en\/wp-json\/wp\/v2\/pages\/31"}],"wp:attachment":[{"href":"https:\/\/www.phenixetdragon.net\/en\/wp-json\/wp\/v2\/media?parent=9012"}],"curies":[{"name":"wp","href":"https:\/\/api.w.org\/{rel}","templated":true}]}}