{"id":9017,"date":"2025-07-20T15:24:27","date_gmt":"2025-07-20T13:24:27","guid":{"rendered":"https:\/\/www.phenixetdragon.net\/?page_id=9017"},"modified":"2025-11-01T12:20:05","modified_gmt":"2025-11-01T11:20:05","slug":"presentation","status":"publish","type":"page","link":"https:\/\/www.phenixetdragon.net\/en\/gala\/presentation\/","title":{"rendered":"Pr\u00e9sentation du Gala"},"content":{"rendered":"<p>Chaque ann\u00e9e, depuis plus de 15 ans, l\u2019\u00c9cole Ph\u00e9nix &amp; Dragon organise un Grand Gala de Fin d&rsquo;Ann\u00e9e. Le Gala de Fin d&rsquo;Ann\u00e9e est sans doute le meilleur moment pour valoriser les <strong>apprentissages<\/strong>, l\u2019<strong>engagement<\/strong> et la <strong>dimension collective<\/strong> de l\u2019\u00c9cole Ph\u00e9nix &amp;  Dragon ! Ce n\u2019est pas seulement un \u00e9v\u00e9nement festif, c\u2019est un <strong>moment d\u2019accomplissement pour les \u00e9l\u00e8ves<\/strong> et une <strong>c\u00e9l\u00e9bration de la pratique martiale vivante et collective<\/strong>.<\/p>\n\n\n\n<h1 class=\"wp-block-heading has-vivid-red-color has-text-color has-link-color has-medium-font-size wp-elements-efd976481f8a858c80084f01005fece0\"><strong>Le Tournoi: un d\u00e9fi collectif pour progresser ensemble<\/strong><\/h1>\n\n\n\n<div class=\"wp-block-columns is-layout-flex wp-container-core-columns-is-layout-9d6595d7 wp-block-columns-is-layout-flex\">\n<div class=\"wp-block-column is-layout-flow wp-block-column-is-layout-flow\">\n<div class=\"wp-block-cover has-parallax wp-duotone-unset-2\"><div class=\"wp-block-cover__image-background wp-image-8858 has-parallax\" style=\"background-position:50% 50%;background-image:url(https:\/\/www.phenixetdragon.net\/wp-content\/uploads\/2025\/06\/IMG_8877-1024x578.jpeg)\"><\/div><span aria-hidden=\"true\" class=\"wp-block-cover__background has-background-dim\"><\/span><div class=\"wp-block-cover__inner-container is-layout-flow wp-block-cover-is-layout-flow\">\n<p class=\"has-text-align-center has-large-font-size\">TOURNOI<\/p>\n<\/div><\/div>\n<\/div>\n\n\n\n<div class=\"wp-block-column is-layout-flow wp-block-column-is-layout-flow\">\n<p>Notre tournoi d\u2019\u00e9quipes oppose les <strong>Tigres<\/strong>, les <strong>Dragons<\/strong> &amp; les <strong>Ph\u00e9nix<\/strong>. Ils s&rsquo;affrontent dans des \u00e9preuves de Kung Fu Wushu et de Sanda !<\/p>\n\n\n\n<p>Les trois \u00e9quipes sont mixtes, compos\u00e9es d\u2019enfants et d\u2019adultes issus de chaque club et de chaque pays, ce qui garantit la diversit\u00e9 des groupes et la motivation de chacun \u00e0 gagner&nbsp;: on concourt pour soi, mais aussi pour ses \u00e9quipiers. La victoire est \u00e0 la fois personnelle et collective.<\/p>\n\n\n\n<p>Tous les clubs de l&rsquo;Ecole peuvent participer: Paris, Ard\u00e8che, Norv\u00e8ge, Asni\u00e8res ! <\/p>\n<\/div>\n<\/div>\n\n\n\n<p>Participer au tournoi permet de mettre en pratique ce qui a \u00e9t\u00e9 appris tout au long de l\u2019ann\u00e9e, dans un cadre bienveillant mais stimulant. C\u2019est aussi un <strong>moment indispensable pour valider sa ceinture<\/strong> devant ses pairs et enseignants. Obtenir une nouvelle ceinture, c\u2019est reconna\u00eetre un chemin parcouru\u2026 et poser les pieds sur le suivant&#8230;<\/p>\n\n\n\n<p>Cela concerne tous <strong>les enfants et adolescents<\/strong>, selon leur niveau de pratique et le syst\u00e8me de progression interne \u00e0 l\u2019\u00e9cole. L\u2019\u00e9valuation est <strong>int\u00e9gr\u00e9e au Tournoi<\/strong> : l\u2019\u00e9l\u00e8ve montre des encha\u00eenements, postures, travail \u00e0 deux ou exercices sp\u00e9cifiques. L\u2019ambiance reste <strong>bienveillante et festive<\/strong>, mais aussi <strong>exigeante<\/strong>, avec une vraie valeur symbolique et technique. Quelle valeur pour les \u00e9l\u00e8ves ? <\/p>\n\n\n\n<hr class=\"wp-block-separator has-alpha-channel-opacity\"\/>\n\n\n\n<h1 class=\"wp-block-heading has-vivid-red-color has-text-color has-link-color has-medium-font-size wp-elements-b82fbef7cf4c26fd01552772791ee161\"><strong>Des d\u00e9monstrations sur sc\u00e8ne, pour valoriser la pratique<\/strong><\/h1>\n\n\n\n<div class=\"wp-block-columns is-layout-flex wp-container-core-columns-is-layout-9d6595d7 wp-block-columns-is-layout-flex\">\n<div class=\"wp-block-column is-layout-flow wp-block-column-is-layout-flow\">\n<p>Lors de la partie \u00ab&nbsp;<strong>spectacle<\/strong>&nbsp;\u00bb, nous  proposons une d\u00e9monstration de nos talents sous forme de spectacle.<\/p>\n\n\n\n<p>Les d\u00e9monstrations sont pr\u00e9par\u00e9es sur plusieurs semaines : formes de Kung Fu, Taiji, Qi Gong, \u00e9ventail, armes, ou danse du lion. C\u2019est une opportunit\u00e9 pour chaque \u00e9l\u00e8ve de <strong>montrer ce qu\u2019il a int\u00e9gr\u00e9<\/strong>, dans une mise en sc\u00e8ne soign\u00e9e.<\/p>\n\n\n\n<p>Un show au rythme rapide qui constitue une belle initiation \u00e0 toute la gamme des disciplines martiales et \u00e9nerg\u00e9tiques pratiqu\u00e9es dans nos clubs tout au long de l\u2019ann\u00e9e. Sans oublier la fabuleuse Danse du Lion, qui vient ponctuer ces d\u00e9monstrations !<\/p>\n<\/div>\n\n\n\n<div class=\"wp-block-column is-layout-flow wp-block-column-is-layout-flow\">\n<div class=\"wp-block-cover has-parallax wp-duotone-unset-3\"><div class=\"wp-block-cover__image-background wp-image-8026 has-parallax\" style=\"background-position:50% 50%;background-image:url(https:\/\/www.phenixetdragon.net\/wp-content\/uploads\/2024\/06\/IMG_0390-1024x561.jpg)\"><\/div><span aria-hidden=\"true\" class=\"wp-block-cover__background has-background-dim\"><\/span><div class=\"wp-block-cover__inner-container is-layout-flow wp-block-cover-is-layout-flow\">\n<p class=\"has-text-align-center has-large-font-size\">DEMONSTRATIONS<\/p>\n<\/div><\/div>\n<\/div>\n<\/div>\n\n\n\n<p><strong>Un espace d\u2019expression pour tous<\/strong>: les enfants comme les adultes montent sur sc\u00e8ne, seuls ou en groupe, dans une ambiance bienveillante et enthousiaste. <\/p>\n\n\n\n<hr class=\"wp-block-separator has-alpha-channel-opacity\"\/>\n\n\n\n<h2 class=\"wp-block-heading has-vivid-red-color has-text-color has-link-color has-medium-font-size wp-elements-04c778c8d1f98d2f57cc394923a9efe8\"><strong>Des B\u00e9n\u00e9fices Concrets !<\/strong><\/h2>\n\n\n\n<ul class=\"wp-block-list\">\n<li>Se <strong>sentir l\u00e9gitime<\/strong> dans sa pratique, <strong>gagner confiance en soi<\/strong>, en montrant son travail devant d\u2019autres<\/li>\n\n\n\n<li>S<strong>\u2019ancrer dans un cycle d\u2019apprentissage<\/strong> structur\u00e9 et <strong>mat\u00e9rialiser les progr\u00e8s<\/strong> r\u00e9alis\u00e9s durant l\u2019ann\u00e9e<\/li>\n\n\n\n<li>Apprendre \u00e0 <strong>g\u00e9rer la pression<\/strong>, et s\u2019<strong>exprimer<\/strong> avec le corps, en public<\/li>\n\n\n\n<li>Go\u00fbter au <strong>plaisir de partager<\/strong> un art, au-del\u00e0 de la technique<\/li>\n\n\n\n<li><strong>Renforcer l\u2019esprit d\u2019\u00e9quipe<\/strong> et la <strong>fiert\u00e9 d\u2019appartenance<\/strong>, en <strong>cr\u00e9ant du lien<\/strong> avec les spectateurs et les autres \u00e9l\u00e8ves<\/li>\n\n\n\n<li><strong>Renforcer la motivation<\/strong>, surtout chez les plus jeunes<\/li>\n\n\n\n<li><strong>D\u00e9velopper le respect<\/strong> de soi et des autres<\/li>\n<\/ul>\n\n\n\n<p class=\"has-white-color has-blush-bordeaux-gradient-background has-text-color has-background has-link-color has-medium-font-size wp-elements-a519047e634707b2336ee3220f81ed80\">En r\u00e9sum\u00e9, le Gala, c\u2019est un <strong>rituel de passage<\/strong>, un <strong>acc\u00e9l\u00e9rateur de progression<\/strong>, et un <strong>moment de reconnaissance<\/strong> \u2013 pour soi, pour les autres, pour ce qui nous unit dans la pratique.<\/p>\n\n\n\n<hr class=\"wp-block-separator has-alpha-channel-opacity\"\/>\n\n\n\n<p>Enfin, en fin d\u2019apr\u00e8s-midi, tout le monde est convi\u00e9 \u00e0 un <strong>grand buffet<\/strong> pour conclure de mani\u00e8re conviviale cet \u00e9v\u00e9nement.<\/p>\n\n\n\n<div class=\"wp-block-columns is-layout-flex wp-container-core-columns-is-layout-9d6595d7 wp-block-columns-is-layout-flex\">\n<div class=\"wp-block-column is-layout-flow wp-block-column-is-layout-flow\">\n<figure class=\"wp-block-image size-full\"><img decoding=\"async\" src=\"data:image\/gif;base64,R0lGODlhAQABAAAAACH5BAEKAAEALAAAAAABAAEAAAICTAEAOw==\" data-layzr=\"https:\/\/www.phenixetdragon.net\/wp-content\/uploads\/2022\/06\/Capture-de\u0301cran-2022-06-28-a\u0300-12.38.31.png\" alt=\"\" class=\"wp-image-6391\"\/><\/figure>\n<\/div>\n\n\n\n<div class=\"wp-block-column is-layout-flow wp-block-column-is-layout-flow\">\n<figure class=\"wp-block-image size-full\"><img decoding=\"async\" src=\"data:image\/gif;base64,R0lGODlhAQABAAAAACH5BAEKAAEALAAAAAABAAEAAAICTAEAOw==\" data-layzr=\"https:\/\/www.phenixetdragon.net\/wp-content\/uploads\/2022\/06\/Capture-de\u0301cran-2022-06-28-a\u0300-12.44.55.png\" alt=\"\" class=\"wp-image-6394\"\/><\/figure>\n<\/div>\n\n\n\n<div class=\"wp-block-column is-layout-flow wp-block-column-is-layout-flow\">\n<figure class=\"wp-block-image size-full\"><img decoding=\"async\" src=\"data:image\/gif;base64,R0lGODlhAQABAAAAACH5BAEKAAEALAAAAAABAAEAAAICTAEAOw==\" data-layzr=\"https:\/\/www.phenixetdragon.net\/wp-content\/uploads\/2022\/06\/Capture-de\u0301cran-2022-06-28-a\u0300-12.46.45.png\" alt=\"\" class=\"wp-image-6398\"\/><\/figure>\n<\/div>\n<\/div>\n\n\n\n<hr class=\"wp-block-separator has-alpha-channel-opacity\"\/>\n\n\n\n<p><em>Ph\u00e9nix &amp; Dragon, a school committed to teaching internal and external martial arts for all ages and levels.<\/em><\/p>","protected":false},"excerpt":{"rendered":"<p>Chaque ann\u00e9e, depuis plus de 15 ans, l\u2019\u00c9cole Ph\u00e9nix &amp; Dragon organise un Grand Gala de Fin d&rsquo;Ann\u00e9e. Le Gala de Fin d&rsquo;Ann\u00e9e est sans doute le meilleur moment pour valoriser les apprentissages, l\u2019engagement et la dimension collective de l\u2019\u00c9cole Ph\u00e9nix &amp; Dragon ! Ce n\u2019est pas seulement un \u00e9v\u00e9nement festif, c\u2019est un moment d\u2019accomplissement &hellip; <\/p>","protected":false},"author":7,"featured_media":6337,"parent":31,"menu_order":0,"comment_status":"closed","ping_status":"closed","template":"","meta":{"footnotes":""},"class_list":["post-9017","page","type-page","status-publish","has-post-thumbnail","hentry","latest_post"],"yoast_head":"<!-- This site is optimized with the Yoast SEO plugin v26.3 - https:\/\/yoast.com\/wordpress\/plugins\/seo\/ -->\n<title>Pr\u00e9sentation du Gala - Ph\u00e9nix et Dragon<\/title>\n<meta name=\"description\" content=\"Un \u00e9v\u00e9nement festif, un moment d\u2019accomplissement pour les \u00e9l\u00e8ves et une c\u00e9l\u00e9bration de la pratique martiale vivante et collective !\" \/>\n<meta name=\"robots\" content=\"index, follow, max-snippet:-1, max-image-preview:large, max-video-preview:-1\" \/>\n<link rel=\"canonical\" href=\"https:\/\/www.phenixetdragon.net\/en\/gala\/presentation\/\" \/>\n<meta property=\"og:locale\" content=\"en_GB\" \/>\n<meta property=\"og:type\" content=\"article\" \/>\n<meta property=\"og:title\" content=\"Pr\u00e9sentation du Gala - Ph\u00e9nix et Dragon\" \/>\n<meta property=\"og:description\" content=\"Un \u00e9v\u00e9nement festif, un moment d\u2019accomplissement pour les \u00e9l\u00e8ves et une c\u00e9l\u00e9bration de la pratique martiale vivante et collective !\" \/>\n<meta property=\"og:url\" content=\"https:\/\/www.phenixetdragon.net\/en\/gala\/presentation\/\" \/>\n<meta property=\"og:site_name\" content=\"Ph\u00e9nix et Dragon\" \/>\n<meta property=\"article:publisher\" content=\"https:\/\/fr-fr.facebook.com\/assoephedra\/\" \/>\n<meta property=\"article:modified_time\" content=\"2025-11-01T11:20:05+00:00\" \/>\n<meta property=\"og:image\" content=\"https:\/\/www.phenixetdragon.net\/wp-content\/uploads\/2022\/06\/Capture-de\u0301cran-2022-06-27-a\u0300-20.43.55-1-1024x688.png\" \/>\n\t<meta property=\"og:image:width\" content=\"1024\" \/>\n\t<meta property=\"og:image:height\" content=\"688\" \/>\n\t<meta property=\"og:image:type\" content=\"image\/png\" \/>\n<meta name=\"twitter:card\" content=\"summary_large_image\" \/>\n<meta name=\"twitter:label1\" content=\"Estimated reading time\" \/>\n\t<meta name=\"twitter:data1\" content=\"3 minutes\" \/>\n<script type=\"application\/ld+json\" class=\"yoast-schema-graph\">{\"@context\":\"https:\/\/schema.org\",\"@graph\":[{\"@type\":\"WebPage\",\"@id\":\"https:\/\/www.phenixetdragon.net\/gala\/presentation\/\",\"url\":\"https:\/\/www.phenixetdragon.net\/gala\/presentation\/\",\"name\":\"Pr\u00e9sentation du Gala - Ph\u00e9nix et Dragon\",\"isPartOf\":{\"@id\":\"https:\/\/www.phenixetdragon.net\/#website\"},\"primaryImageOfPage\":{\"@id\":\"https:\/\/www.phenixetdragon.net\/gala\/presentation\/#primaryimage\"},\"image\":{\"@id\":\"https:\/\/www.phenixetdragon.net\/gala\/presentation\/#primaryimage\"},\"thumbnailUrl\":\"https:\/\/www.phenixetdragon.net\/wp-content\/uploads\/2022\/06\/Capture-de\u0301cran-2022-06-27-a\u0300-20.43.55-1.png\",\"datePublished\":\"2025-07-20T13:24:27+00:00\",\"dateModified\":\"2025-11-01T11:20:05+00:00\",\"description\":\"Un \u00e9v\u00e9nement festif, un moment d\u2019accomplissement pour les \u00e9l\u00e8ves et une c\u00e9l\u00e9bration de la pratique martiale vivante et collective !\",\"breadcrumb\":{\"@id\":\"https:\/\/www.phenixetdragon.net\/gala\/presentation\/#breadcrumb\"},\"inLanguage\":\"en-GB\",\"potentialAction\":[{\"@type\":\"ReadAction\",\"target\":[\"https:\/\/www.phenixetdragon.net\/gala\/presentation\/\"]}]},{\"@type\":\"ImageObject\",\"inLanguage\":\"en-GB\",\"@id\":\"https:\/\/www.phenixetdragon.net\/gala\/presentation\/#primaryimage\",\"url\":\"https:\/\/www.phenixetdragon.net\/wp-content\/uploads\/2022\/06\/Capture-de\u0301cran-2022-06-27-a\u0300-20.43.55-1.png\",\"contentUrl\":\"https:\/\/www.phenixetdragon.net\/wp-content\/uploads\/2022\/06\/Capture-de\u0301cran-2022-06-27-a\u0300-20.43.55-1.png\",\"width\":1536,\"height\":1032},{\"@type\":\"BreadcrumbList\",\"@id\":\"https:\/\/www.phenixetdragon.net\/gala\/presentation\/#breadcrumb\",\"itemListElement\":[{\"@type\":\"ListItem\",\"position\":1,\"name\":\"Accueil\",\"item\":\"https:\/\/www.phenixetdragon.net\/\"},{\"@type\":\"ListItem\",\"position\":2,\"name\":\"Notre Gala de Fin d&rsquo;Ann\u00e9e\",\"item\":\"https:\/\/www.phenixetdragon.net\/gala\/\"},{\"@type\":\"ListItem\",\"position\":3,\"name\":\"Pr\u00e9sentation du Gala\"}]},{\"@type\":\"WebSite\",\"@id\":\"https:\/\/www.phenixetdragon.net\/#website\",\"url\":\"https:\/\/www.phenixetdragon.net\/\",\"name\":\"Ph\u00e9nix et Dragon\",\"description\":\"Arts Martiaux Chinois, Kung Fu, Taiji Quan, et Arts Energ\u00e9tiques, Qi Gong\",\"publisher\":{\"@id\":\"https:\/\/www.phenixetdragon.net\/#organization\"},\"potentialAction\":[{\"@type\":\"SearchAction\",\"target\":{\"@type\":\"EntryPoint\",\"urlTemplate\":\"https:\/\/www.phenixetdragon.net\/?s={search_term_string}\"},\"query-input\":{\"@type\":\"PropertyValueSpecification\",\"valueRequired\":true,\"valueName\":\"search_term_string\"}}],\"inLanguage\":\"en-GB\"},{\"@type\":\"Organization\",\"@id\":\"https:\/\/www.phenixetdragon.net\/#organization\",\"name\":\"Ph\u00e9nix et Dragon\",\"url\":\"https:\/\/www.phenixetdragon.net\/\",\"logo\":{\"@type\":\"ImageObject\",\"inLanguage\":\"en-GB\",\"@id\":\"https:\/\/www.phenixetdragon.net\/#\/schema\/logo\/image\/\",\"url\":\"https:\/\/www.phenixetdragon.net\/wp-content\/uploads\/2021\/08\/logophenixdragon.png\",\"contentUrl\":\"https:\/\/www.phenixetdragon.net\/wp-content\/uploads\/2021\/08\/logophenixdragon.png\",\"width\":674,\"height\":113,\"caption\":\"Ph\u00e9nix et Dragon\"},\"image\":{\"@id\":\"https:\/\/www.phenixetdragon.net\/#\/schema\/logo\/image\/\"},\"sameAs\":[\"https:\/\/fr-fr.facebook.com\/assoephedra\/\",\"https:\/\/www.instagram.com\/ecolephenixetdragon\/\"]}]}<\/script>\n<!-- \/ Yoast SEO plugin. -->","yoast_head_json":{"title":"Pr\u00e9sentation du Gala - Ph\u00e9nix et Dragon","description":"Un \u00e9v\u00e9nement festif, un moment d\u2019accomplissement pour les \u00e9l\u00e8ves et une c\u00e9l\u00e9bration de la pratique martiale vivante et collective !","robots":{"index":"index","follow":"follow","max-snippet":"max-snippet:-1","max-image-preview":"max-image-preview:large","max-video-preview":"max-video-preview:-1"},"canonical":"https:\/\/www.phenixetdragon.net\/en\/gala\/presentation\/","og_locale":"en_GB","og_type":"article","og_title":"Pr\u00e9sentation du Gala - Ph\u00e9nix et Dragon","og_description":"Un \u00e9v\u00e9nement festif, un moment d\u2019accomplissement pour les \u00e9l\u00e8ves et une c\u00e9l\u00e9bration de la pratique martiale vivante et collective !","og_url":"https:\/\/www.phenixetdragon.net\/en\/gala\/presentation\/","og_site_name":"Ph\u00e9nix et Dragon","article_publisher":"https:\/\/fr-fr.facebook.com\/assoephedra\/","article_modified_time":"2025-11-01T11:20:05+00:00","og_image":[{"width":1024,"height":688,"url":"https:\/\/www.phenixetdragon.net\/wp-content\/uploads\/2022\/06\/Capture-de\u0301cran-2022-06-27-a\u0300-20.43.55-1-1024x688.png","type":"image\/png"}],"twitter_card":"summary_large_image","twitter_misc":{"Estimated reading time":"3 minutes"},"schema":{"@context":"https:\/\/schema.org","@graph":[{"@type":"WebPage","@id":"https:\/\/www.phenixetdragon.net\/gala\/presentation\/","url":"https:\/\/www.phenixetdragon.net\/gala\/presentation\/","name":"Pr\u00e9sentation du Gala - Ph\u00e9nix et Dragon","isPartOf":{"@id":"https:\/\/www.phenixetdragon.net\/#website"},"primaryImageOfPage":{"@id":"https:\/\/www.phenixetdragon.net\/gala\/presentation\/#primaryimage"},"image":{"@id":"https:\/\/www.phenixetdragon.net\/gala\/presentation\/#primaryimage"},"thumbnailUrl":"https:\/\/www.phenixetdragon.net\/wp-content\/uploads\/2022\/06\/Capture-de\u0301cran-2022-06-27-a\u0300-20.43.55-1.png","datePublished":"2025-07-20T13:24:27+00:00","dateModified":"2025-11-01T11:20:05+00:00","description":"Un \u00e9v\u00e9nement festif, un moment d\u2019accomplissement pour les \u00e9l\u00e8ves et une c\u00e9l\u00e9bration de la pratique martiale vivante et collective !","breadcrumb":{"@id":"https:\/\/www.phenixetdragon.net\/gala\/presentation\/#breadcrumb"},"inLanguage":"en-GB","potentialAction":[{"@type":"ReadAction","target":["https:\/\/www.phenixetdragon.net\/gala\/presentation\/"]}]},{"@type":"ImageObject","inLanguage":"en-GB","@id":"https:\/\/www.phenixetdragon.net\/gala\/presentation\/#primaryimage","url":"https:\/\/www.phenixetdragon.net\/wp-content\/uploads\/2022\/06\/Capture-de\u0301cran-2022-06-27-a\u0300-20.43.55-1.png","contentUrl":"https:\/\/www.phenixetdragon.net\/wp-content\/uploads\/2022\/06\/Capture-de\u0301cran-2022-06-27-a\u0300-20.43.55-1.png","width":1536,"height":1032},{"@type":"BreadcrumbList","@id":"https:\/\/www.phenixetdragon.net\/gala\/presentation\/#breadcrumb","itemListElement":[{"@type":"ListItem","position":1,"name":"Accueil","item":"https:\/\/www.phenixetdragon.net\/"},{"@type":"ListItem","position":2,"name":"Notre Gala de Fin d&rsquo;Ann\u00e9e","item":"https:\/\/www.phenixetdragon.net\/gala\/"},{"@type":"ListItem","position":3,"name":"Pr\u00e9sentation du Gala"}]},{"@type":"WebSite","@id":"https:\/\/www.phenixetdragon.net\/#website","url":"https:\/\/www.phenixetdragon.net\/","name":"Ph\u00e9nix et Dragon","description":"Arts Martiaux Chinois, Kung Fu, Taiji Quan, et Arts Energ\u00e9tiques, Qi Gong","publisher":{"@id":"https:\/\/www.phenixetdragon.net\/#organization"},"potentialAction":[{"@type":"SearchAction","target":{"@type":"EntryPoint","urlTemplate":"https:\/\/www.phenixetdragon.net\/?s={search_term_string}"},"query-input":{"@type":"PropertyValueSpecification","valueRequired":true,"valueName":"search_term_string"}}],"inLanguage":"en-GB"},{"@type":"Organization","@id":"https:\/\/www.phenixetdragon.net\/#organization","name":"Ph\u00e9nix et Dragon","url":"https:\/\/www.phenixetdragon.net\/","logo":{"@type":"ImageObject","inLanguage":"en-GB","@id":"https:\/\/www.phenixetdragon.net\/#\/schema\/logo\/image\/","url":"https:\/\/www.phenixetdragon.net\/wp-content\/uploads\/2021\/08\/logophenixdragon.png","contentUrl":"https:\/\/www.phenixetdragon.net\/wp-content\/uploads\/2021\/08\/logophenixdragon.png","width":674,"height":113,"caption":"Ph\u00e9nix et Dragon"},"image":{"@id":"https:\/\/www.phenixetdragon.net\/#\/schema\/logo\/image\/"},"sameAs":["https:\/\/fr-fr.facebook.com\/assoephedra\/","https:\/\/www.instagram.com\/ecolephenixetdragon\/"]}]}},"_links":{"self":[{"href":"https:\/\/www.phenixetdragon.net\/en\/wp-json\/wp\/v2\/pages\/9017","targetHints":{"allow":["GET"]}}],"collection":[{"href":"https:\/\/www.phenixetdragon.net\/en\/wp-json\/wp\/v2\/pages"}],"about":[{"href":"https:\/\/www.phenixetdragon.net\/en\/wp-json\/wp\/v2\/types\/page"}],"author":[{"embeddable":true,"href":"https:\/\/www.phenixetdragon.net\/en\/wp-json\/wp\/v2\/users\/7"}],"replies":[{"embeddable":true,"href":"https:\/\/www.phenixetdragon.net\/en\/wp-json\/wp\/v2\/comments?post=9017"}],"version-history":[{"count":5,"href":"https:\/\/www.phenixetdragon.net\/en\/wp-json\/wp\/v2\/pages\/9017\/revisions"}],"predecessor-version":[{"id":9888,"href":"https:\/\/www.phenixetdragon.net\/en\/wp-json\/wp\/v2\/pages\/9017\/revisions\/9888"}],"up":[{"embeddable":true,"href":"https:\/\/www.phenixetdragon.net\/en\/wp-json\/wp\/v2\/pages\/31"}],"wp:featuredmedia":[{"embeddable":true,"href":"https:\/\/www.phenixetdragon.net\/en\/wp-json\/wp\/v2\/media\/6337"}],"wp:attachment":[{"href":"https:\/\/www.phenixetdragon.net\/en\/wp-json\/wp\/v2\/media?parent=9017"}],"curies":[{"name":"wp","href":"https:\/\/api.w.org\/{rel}","templated":true}]}}