{"id":9025,"date":"2025-07-20T15:27:52","date_gmt":"2025-07-20T13:27:52","guid":{"rendered":"https:\/\/www.phenixetdragon.net\/?page_id=9025"},"modified":"2025-10-25T17:54:37","modified_gmt":"2025-10-25T15:54:37","slug":"inscriptions","status":"publish","type":"page","link":"https:\/\/www.phenixetdragon.net\/en\/gala\/inscriptions\/","title":{"rendered":"Inscriptions au Gala"},"content":{"rendered":"<p>Cette ann\u00e9e notre Gala, c&rsquo;est le samedi 6 juin 2026 !! Rendez-vous \u00e0 14h, au gymnase Thomas Mann dans le 13\u00e8me \u00e0 Paris.<\/p>\n\n\n\n<p>Nous vous y attendons nombreuses et nombreux, avec vos familles et amis, pour partager ce grand moment de rencontre entre les associations membres de notre \u00e9cole, venant d\u2019Ard\u00e8che, de Norv\u00e8ge, et d\u2019Ile de France.<\/p>\n\n\n\n<p><strong>Pour les enfants, participation de 5 euros <\/strong>!<\/p>\n\n\n\n<p class=\"has-text-align-center has-white-color has-blush-bordeaux-gradient-background has-text-color has-background has-link-color wp-elements-f2854643de32add0c42c38a95ba8a34c\"><strong>>> LES INSCRIPTIONS VONT OUVRIR TR\u00c8S BIENT\u00d4T &lt;&lt;<\/strong><\/p>\n\n\n\n<figure class=\"wp-block-image size-large\"><img decoding=\"async\" src=\"data:image\/gif;base64,R0lGODlhAQABAAAAACH5BAEKAAEALAAAAAABAAEAAAICTAEAOw==\" data-layzr=\"https:\/\/www.phenixetdragon.net\/wp-content\/uploads\/2025\/06\/IMG_8877-1024x578.jpeg\" alt=\"\" class=\"wp-image-8858\"\/><\/figure>\n\n\n\n<hr class=\"wp-block-separator has-alpha-channel-opacity\"\/>\n\n\n\n<p><em>Ph\u00e9nix &amp; Dragon, a school committed to teaching internal and external martial arts for all ages and levels.<\/em><\/p>","protected":false},"excerpt":{"rendered":"<p>Cette ann\u00e9e notre Gala, c&rsquo;est le samedi 6 juin 2026 !! Rendez-vous \u00e0 14h, au gymnase Thomas Mann dans le 13\u00e8me \u00e0 Paris. Nous vous y attendons nombreuses et nombreux, avec vos familles et amis, pour partager ce grand moment de rencontre entre les associations membres de notre \u00e9cole, venant d\u2019Ard\u00e8che, de Norv\u00e8ge, et d\u2019Ile &hellip; <\/p>","protected":false},"author":7,"featured_media":8677,"parent":31,"menu_order":0,"comment_status":"closed","ping_status":"closed","template":"","meta":{"footnotes":""},"class_list":["post-9025","page","type-page","status-publish","has-post-thumbnail","hentry","latest_post"],"yoast_head":"<!-- This site is optimized with the Yoast SEO plugin v26.3 - https:\/\/yoast.com\/wordpress\/plugins\/seo\/ -->\n<title>Inscriptions au Gala - Ph\u00e9nix et Dragon<\/title>\n<meta name=\"description\" content=\"Participez au Gala Ph\u00e9nix &amp; Dragon (Kung Fu, Taiji et Qi Gong) en Juin \u00e0 Paris \u2014 participation enfant d\u00e8s 5 \u20ac, familles et amis bienvenues !\" \/>\n<meta name=\"robots\" content=\"index, follow, max-snippet:-1, max-image-preview:large, max-video-preview:-1\" \/>\n<link rel=\"canonical\" href=\"https:\/\/www.phenixetdragon.net\/en\/gala\/inscriptions\/\" \/>\n<meta property=\"og:locale\" content=\"en_GB\" \/>\n<meta property=\"og:type\" content=\"article\" \/>\n<meta property=\"og:title\" content=\"Inscriptions au Gala - Ph\u00e9nix et Dragon\" \/>\n<meta property=\"og:description\" content=\"Participez au Gala Ph\u00e9nix &amp; Dragon (Kung Fu, Taiji et Qi Gong) en Juin \u00e0 Paris \u2014 participation enfant d\u00e8s 5 \u20ac, familles et amis bienvenues !\" \/>\n<meta property=\"og:url\" content=\"https:\/\/www.phenixetdragon.net\/en\/gala\/inscriptions\/\" \/>\n<meta property=\"og:site_name\" content=\"Ph\u00e9nix et Dragon\" \/>\n<meta property=\"article:publisher\" content=\"https:\/\/fr-fr.facebook.com\/assoephedra\/\" \/>\n<meta property=\"article:modified_time\" content=\"2025-10-25T15:54:37+00:00\" \/>\n<meta property=\"og:image\" content=\"https:\/\/www.phenixetdragon.net\/wp-content\/uploads\/2025\/04\/Sans-titre-scaled.jpg\" \/>\n\t<meta property=\"og:image:width\" content=\"2560\" \/>\n\t<meta property=\"og:image:height\" content=\"1340\" \/>\n\t<meta property=\"og:image:type\" content=\"image\/jpeg\" \/>\n<meta name=\"twitter:card\" content=\"summary_large_image\" \/>\n<script type=\"application\/ld+json\" class=\"yoast-schema-graph\">{\"@context\":\"https:\/\/schema.org\",\"@graph\":[{\"@type\":\"WebPage\",\"@id\":\"https:\/\/www.phenixetdragon.net\/gala\/inscriptions\/\",\"url\":\"https:\/\/www.phenixetdragon.net\/gala\/inscriptions\/\",\"name\":\"Inscriptions au Gala - Ph\u00e9nix et Dragon\",\"isPartOf\":{\"@id\":\"https:\/\/www.phenixetdragon.net\/#website\"},\"primaryImageOfPage\":{\"@id\":\"https:\/\/www.phenixetdragon.net\/gala\/inscriptions\/#primaryimage\"},\"image\":{\"@id\":\"https:\/\/www.phenixetdragon.net\/gala\/inscriptions\/#primaryimage\"},\"thumbnailUrl\":\"https:\/\/www.phenixetdragon.net\/wp-content\/uploads\/2025\/04\/Sans-titre-scaled.jpg\",\"datePublished\":\"2025-07-20T13:27:52+00:00\",\"dateModified\":\"2025-10-25T15:54:37+00:00\",\"description\":\"Participez au Gala Ph\u00e9nix & Dragon (Kung Fu, Taiji et Qi Gong) en Juin \u00e0 Paris \u2014 participation enfant d\u00e8s 5 \u20ac, familles et amis bienvenues !\",\"breadcrumb\":{\"@id\":\"https:\/\/www.phenixetdragon.net\/gala\/inscriptions\/#breadcrumb\"},\"inLanguage\":\"en-GB\",\"potentialAction\":[{\"@type\":\"ReadAction\",\"target\":[\"https:\/\/www.phenixetdragon.net\/gala\/inscriptions\/\"]}]},{\"@type\":\"ImageObject\",\"inLanguage\":\"en-GB\",\"@id\":\"https:\/\/www.phenixetdragon.net\/gala\/inscriptions\/#primaryimage\",\"url\":\"https:\/\/www.phenixetdragon.net\/wp-content\/uploads\/2025\/04\/Sans-titre-scaled.jpg\",\"contentUrl\":\"https:\/\/www.phenixetdragon.net\/wp-content\/uploads\/2025\/04\/Sans-titre-scaled.jpg\",\"width\":2560,\"height\":1340},{\"@type\":\"BreadcrumbList\",\"@id\":\"https:\/\/www.phenixetdragon.net\/gala\/inscriptions\/#breadcrumb\",\"itemListElement\":[{\"@type\":\"ListItem\",\"position\":1,\"name\":\"Accueil\",\"item\":\"https:\/\/www.phenixetdragon.net\/\"},{\"@type\":\"ListItem\",\"position\":2,\"name\":\"Notre Gala de Fin d&rsquo;Ann\u00e9e\",\"item\":\"https:\/\/www.phenixetdragon.net\/gala\/\"},{\"@type\":\"ListItem\",\"position\":3,\"name\":\"Inscriptions au Gala\"}]},{\"@type\":\"WebSite\",\"@id\":\"https:\/\/www.phenixetdragon.net\/#website\",\"url\":\"https:\/\/www.phenixetdragon.net\/\",\"name\":\"Ph\u00e9nix et Dragon\",\"description\":\"Arts Martiaux Chinois, Kung Fu, Taiji Quan, et Arts Energ\u00e9tiques, Qi Gong\",\"publisher\":{\"@id\":\"https:\/\/www.phenixetdragon.net\/#organization\"},\"potentialAction\":[{\"@type\":\"SearchAction\",\"target\":{\"@type\":\"EntryPoint\",\"urlTemplate\":\"https:\/\/www.phenixetdragon.net\/?s={search_term_string}\"},\"query-input\":{\"@type\":\"PropertyValueSpecification\",\"valueRequired\":true,\"valueName\":\"search_term_string\"}}],\"inLanguage\":\"en-GB\"},{\"@type\":\"Organization\",\"@id\":\"https:\/\/www.phenixetdragon.net\/#organization\",\"name\":\"Ph\u00e9nix et Dragon\",\"url\":\"https:\/\/www.phenixetdragon.net\/\",\"logo\":{\"@type\":\"ImageObject\",\"inLanguage\":\"en-GB\",\"@id\":\"https:\/\/www.phenixetdragon.net\/#\/schema\/logo\/image\/\",\"url\":\"https:\/\/www.phenixetdragon.net\/wp-content\/uploads\/2021\/08\/logophenixdragon.png\",\"contentUrl\":\"https:\/\/www.phenixetdragon.net\/wp-content\/uploads\/2021\/08\/logophenixdragon.png\",\"width\":674,\"height\":113,\"caption\":\"Ph\u00e9nix et Dragon\"},\"image\":{\"@id\":\"https:\/\/www.phenixetdragon.net\/#\/schema\/logo\/image\/\"},\"sameAs\":[\"https:\/\/fr-fr.facebook.com\/assoephedra\/\",\"https:\/\/www.instagram.com\/ecolephenixetdragon\/\"]}]}<\/script>\n<!-- \/ Yoast SEO plugin. -->","yoast_head_json":{"title":"Inscriptions au Gala - Ph\u00e9nix et Dragon","description":"Participez au Gala Ph\u00e9nix & Dragon (Kung Fu, Taiji et Qi Gong) en Juin \u00e0 Paris \u2014 participation enfant d\u00e8s 5 \u20ac, familles et amis bienvenues !","robots":{"index":"index","follow":"follow","max-snippet":"max-snippet:-1","max-image-preview":"max-image-preview:large","max-video-preview":"max-video-preview:-1"},"canonical":"https:\/\/www.phenixetdragon.net\/en\/gala\/inscriptions\/","og_locale":"en_GB","og_type":"article","og_title":"Inscriptions au Gala - Ph\u00e9nix et Dragon","og_description":"Participez au Gala Ph\u00e9nix & Dragon (Kung Fu, Taiji et Qi Gong) en Juin \u00e0 Paris \u2014 participation enfant d\u00e8s 5 \u20ac, familles et amis bienvenues !","og_url":"https:\/\/www.phenixetdragon.net\/en\/gala\/inscriptions\/","og_site_name":"Ph\u00e9nix et Dragon","article_publisher":"https:\/\/fr-fr.facebook.com\/assoephedra\/","article_modified_time":"2025-10-25T15:54:37+00:00","og_image":[{"width":2560,"height":1340,"url":"https:\/\/www.phenixetdragon.net\/wp-content\/uploads\/2025\/04\/Sans-titre-scaled.jpg","type":"image\/jpeg"}],"twitter_card":"summary_large_image","schema":{"@context":"https:\/\/schema.org","@graph":[{"@type":"WebPage","@id":"https:\/\/www.phenixetdragon.net\/gala\/inscriptions\/","url":"https:\/\/www.phenixetdragon.net\/gala\/inscriptions\/","name":"Inscriptions au Gala - Ph\u00e9nix et Dragon","isPartOf":{"@id":"https:\/\/www.phenixetdragon.net\/#website"},"primaryImageOfPage":{"@id":"https:\/\/www.phenixetdragon.net\/gala\/inscriptions\/#primaryimage"},"image":{"@id":"https:\/\/www.phenixetdragon.net\/gala\/inscriptions\/#primaryimage"},"thumbnailUrl":"https:\/\/www.phenixetdragon.net\/wp-content\/uploads\/2025\/04\/Sans-titre-scaled.jpg","datePublished":"2025-07-20T13:27:52+00:00","dateModified":"2025-10-25T15:54:37+00:00","description":"Participez au Gala Ph\u00e9nix & Dragon (Kung Fu, Taiji et Qi Gong) en Juin \u00e0 Paris \u2014 participation enfant d\u00e8s 5 \u20ac, familles et amis bienvenues !","breadcrumb":{"@id":"https:\/\/www.phenixetdragon.net\/gala\/inscriptions\/#breadcrumb"},"inLanguage":"en-GB","potentialAction":[{"@type":"ReadAction","target":["https:\/\/www.phenixetdragon.net\/gala\/inscriptions\/"]}]},{"@type":"ImageObject","inLanguage":"en-GB","@id":"https:\/\/www.phenixetdragon.net\/gala\/inscriptions\/#primaryimage","url":"https:\/\/www.phenixetdragon.net\/wp-content\/uploads\/2025\/04\/Sans-titre-scaled.jpg","contentUrl":"https:\/\/www.phenixetdragon.net\/wp-content\/uploads\/2025\/04\/Sans-titre-scaled.jpg","width":2560,"height":1340},{"@type":"BreadcrumbList","@id":"https:\/\/www.phenixetdragon.net\/gala\/inscriptions\/#breadcrumb","itemListElement":[{"@type":"ListItem","position":1,"name":"Accueil","item":"https:\/\/www.phenixetdragon.net\/"},{"@type":"ListItem","position":2,"name":"Notre Gala de Fin d&rsquo;Ann\u00e9e","item":"https:\/\/www.phenixetdragon.net\/gala\/"},{"@type":"ListItem","position":3,"name":"Inscriptions au Gala"}]},{"@type":"WebSite","@id":"https:\/\/www.phenixetdragon.net\/#website","url":"https:\/\/www.phenixetdragon.net\/","name":"Ph\u00e9nix et Dragon","description":"Arts Martiaux Chinois, Kung Fu, Taiji Quan, et Arts Energ\u00e9tiques, Qi Gong","publisher":{"@id":"https:\/\/www.phenixetdragon.net\/#organization"},"potentialAction":[{"@type":"SearchAction","target":{"@type":"EntryPoint","urlTemplate":"https:\/\/www.phenixetdragon.net\/?s={search_term_string}"},"query-input":{"@type":"PropertyValueSpecification","valueRequired":true,"valueName":"search_term_string"}}],"inLanguage":"en-GB"},{"@type":"Organization","@id":"https:\/\/www.phenixetdragon.net\/#organization","name":"Ph\u00e9nix et Dragon","url":"https:\/\/www.phenixetdragon.net\/","logo":{"@type":"ImageObject","inLanguage":"en-GB","@id":"https:\/\/www.phenixetdragon.net\/#\/schema\/logo\/image\/","url":"https:\/\/www.phenixetdragon.net\/wp-content\/uploads\/2021\/08\/logophenixdragon.png","contentUrl":"https:\/\/www.phenixetdragon.net\/wp-content\/uploads\/2021\/08\/logophenixdragon.png","width":674,"height":113,"caption":"Ph\u00e9nix et Dragon"},"image":{"@id":"https:\/\/www.phenixetdragon.net\/#\/schema\/logo\/image\/"},"sameAs":["https:\/\/fr-fr.facebook.com\/assoephedra\/","https:\/\/www.instagram.com\/ecolephenixetdragon\/"]}]}},"_links":{"self":[{"href":"https:\/\/www.phenixetdragon.net\/en\/wp-json\/wp\/v2\/pages\/9025","targetHints":{"allow":["GET"]}}],"collection":[{"href":"https:\/\/www.phenixetdragon.net\/en\/wp-json\/wp\/v2\/pages"}],"about":[{"href":"https:\/\/www.phenixetdragon.net\/en\/wp-json\/wp\/v2\/types\/page"}],"author":[{"embeddable":true,"href":"https:\/\/www.phenixetdragon.net\/en\/wp-json\/wp\/v2\/users\/7"}],"replies":[{"embeddable":true,"href":"https:\/\/www.phenixetdragon.net\/en\/wp-json\/wp\/v2\/comments?post=9025"}],"version-history":[{"count":4,"href":"https:\/\/www.phenixetdragon.net\/en\/wp-json\/wp\/v2\/pages\/9025\/revisions"}],"predecessor-version":[{"id":9890,"href":"https:\/\/www.phenixetdragon.net\/en\/wp-json\/wp\/v2\/pages\/9025\/revisions\/9890"}],"up":[{"embeddable":true,"href":"https:\/\/www.phenixetdragon.net\/en\/wp-json\/wp\/v2\/pages\/31"}],"wp:featuredmedia":[{"embeddable":true,"href":"https:\/\/www.phenixetdragon.net\/en\/wp-json\/wp\/v2\/media\/8677"}],"wp:attachment":[{"href":"https:\/\/www.phenixetdragon.net\/en\/wp-json\/wp\/v2\/media?parent=9025"}],"curies":[{"name":"wp","href":"https:\/\/api.w.org\/{rel}","templated":true}]}}