{"id":9051,"date":"2025-07-20T19:36:50","date_gmt":"2025-07-20T17:36:50","guid":{"rendered":"https:\/\/www.phenixetdragon.net\/?page_id=9051"},"modified":"2025-11-13T12:39:13","modified_gmt":"2025-11-13T11:39:13","slug":"inscriptions-a-la-formation-tao-et-sante","status":"publish","type":"page","link":"https:\/\/www.phenixetdragon.net\/en\/formation-tao-et-sante\/inscriptions-a-la-formation-tao-et-sante\/","title":{"rendered":"Inscriptions \u00e0 la Formation Tao et Sant\u00e9"},"content":{"rendered":"<h2 class=\"wp-block-heading has-vivid-red-color has-text-color has-link-color has-medium-font-size wp-elements-82466da57ed447aa3f543e2654b3af45\"><strong>\ud83d\uddd3\ufe0f Saison 2025-2026<\/strong><\/h2>\n\n\n\n<p>L\u2019adh\u00e9sion \u00e0 la Formation Tao et Sant\u00e9 permet l&rsquo;acc\u00e8s \u00e0 l\u2019ensemble des <a href=\"https:\/\/www.phenixetdragon.net\/prochains-stages\/\">Stages<\/a> de l\u2019ann\u00e9e dans la\/les disciplines choisies, et \u00e0 un tarif (tr\u00e8s) pr\u00e9f\u00e9rentiel pour notre <a href=\"https:\/\/www.phenixetdragon.net\/summercamp\/\">Summer Camp<\/a>. Une partie des stages est ouverte \u00e0 chacun, quel que soit le niveau, l&rsquo;autre partie n&rsquo;est ouverte qu&rsquo;aux participants de la Formation Tao et Sant\u00e9. C&rsquo;est une occasion unique d&rsquo;aller plus loin dans la pratique.<\/p>\n\n\n\n<p>L&rsquo;acc\u00e8s aux cours de la\/les disciplines choisies de nos 2 associations parisiennes, APAMC et ASCAM, sont aussi ouverts aux participants. Les horaires et lieux des cours, ainsi que plus de d\u00e9tails, sont pr\u00e9sent\u00e9s <a href=\"https:\/\/www.phenixetdragon.net\/nos-cours\/paris\/\">ici<\/a>.<\/p>\n\n\n\n<h2 class=\"wp-block-heading has-vivid-red-color has-text-color has-link-color has-medium-font-size wp-elements-ab65528a05958ea8b8d582956aeb5657\"><strong>The Tao &amp; Health Training Adapts to Your Personal Path<\/strong><\/h2>\n\n\n\n<p class=\"has-white-color has-blush-bordeaux-gradient-background has-text-color has-background has-link-color wp-elements-75ded62e079af65e865bb898325d5d2f\">Selon votre sensibilit\u00e9, vous pouvez choisir de suivre le <strong>parcours \u00ab\u00a0Qi Gong et Taiji Quan\u201d<\/strong>, ax\u00e9 sur la sant\u00e9, l\u2019\u00e9nergie et l\u2019harmonie int\u00e9rieure, ou le <strong>parcours \u201cKung Fu\u201d<\/strong>, centr\u00e9 sur la dynamique martiale, la puissance ma\u00eetris\u00e9e et l\u2019\u00e9quilibre entre force et souplesse.  Vous pouvez aussi choisir la formation compl\u00e8te, deux voies, un m\u00eame esprit !<\/p>\n\n\n\n<figure class=\"wp-block-table is-style-stripes\"><table class=\"has-fixed-layout\"><thead><tr><th><\/th><th class=\"has-text-align-left\" data-align=\"left\">Tarif<\/th><\/tr><\/thead><tbody><tr><td><strong>Kung Fu<\/strong><\/td><td class=\"has-text-align-left\" data-align=\"left\">900 euros<\/td><\/tr><tr><td><strong>Qi Gong et Taiji Quan<\/strong><\/td><td class=\"has-text-align-left\" data-align=\"left\">900 euros<\/td><\/tr><tr><td><strong>Toutes disciplines<\/strong><\/td><td class=\"has-text-align-left\" data-align=\"left\">1020 euros<\/td><\/tr><\/tbody><\/table><\/figure>\n\n\n\n<iframe id=\"haWidget\" allowtransparency=\"true\" src=\"https:\/\/www.helloasso.com\/associations\/academie-parisienne-d-arts-martiaux-chinois\/adhesions\/adhesion-adulte-formation-2025-2026\/widget-bouton\" style=\"width: 100%; height: 70px; border: none;\" onload=\"window.addEventListener( 'message', function(e) { const dataHeight = e.data.height; const haWidgetElement = document.getElementById('haWidget'); haWidgetElement.height = dataHeight + 'px'; } )\" ><\/iframe>\n\n\n\n<p>L\u2019inscription se fait en ligne sur la plate-forme HelloAsso.com, et il est possible de r\u00e9gler en 3 fois.<\/p>\n\n\n\n<p>Un certificat m\u00e9dical est attendu lors de l\u2019inscription.<\/p>\n\n\n\n<p>Les inscriptions pour la saison 2026-2027 seront disponibles d\u00e8s mi juin 2026, et \u00e0 tarif r\u00e9duit pendant quelques jours !<\/p>\n\n\n\n<figure class=\"wp-block-image size-large\"><img decoding=\"async\" src=\"data:image\/gif;base64,R0lGODlhAQABAAAAACH5BAEKAAEALAAAAAABAAEAAAICTAEAOw==\" data-layzr=\"https:\/\/www.phenixetdragon.net\/wp-content\/uploads\/2025\/09\/image-2-1024x358.png\" alt=\"\" class=\"wp-image-9204\"\/><\/figure>\n\n\n\n<hr class=\"wp-block-separator has-alpha-channel-opacity\"\/>\n\n\n\n<p><em>Ph\u00e9nix &amp; Dragon, a school committed to teaching internal and external martial arts for all ages and levels.<\/em><\/p>","protected":false},"excerpt":{"rendered":"<p>\ud83d\uddd3\ufe0f Saison 2025-2026 L\u2019adh\u00e9sion \u00e0 la Formation Tao et Sant\u00e9 permet l&rsquo;acc\u00e8s \u00e0 l\u2019ensemble des Stages de l\u2019ann\u00e9e dans la\/les disciplines choisies, et \u00e0 un tarif (tr\u00e8s) pr\u00e9f\u00e9rentiel pour notre Summer Camp. Une partie des stages est ouverte \u00e0 chacun, quel que soit le niveau, l&rsquo;autre partie n&rsquo;est ouverte qu&rsquo;aux participants de la Formation Tao &hellip; <\/p>","protected":false},"author":7,"featured_media":9045,"parent":75,"menu_order":0,"comment_status":"closed","ping_status":"closed","template":"","meta":{"footnotes":""},"class_list":["post-9051","page","type-page","status-publish","has-post-thumbnail","hentry","latest_post"],"yoast_head":"<!-- This site is optimized with the Yoast SEO plugin v26.3 - https:\/\/yoast.com\/wordpress\/plugins\/seo\/ -->\n<title>Inscriptions \u00e0 la Formation Tao et Sant\u00e9 - Ph\u00e9nix et Dragon<\/title>\n<meta name=\"description\" content=\"Programme annuel de plusieurs stages, conciliant les apports de la m\u00e9decine traditionnelle chinoise (syst\u00e8me des m\u00e9ridiens, di\u00e9t\u00e9tique, moxibustion, etc.) avec la pratique des arts \u00e9nerg\u00e9tiques et martiaux chinois\" \/>\n<meta name=\"robots\" content=\"index, follow, max-snippet:-1, max-image-preview:large, max-video-preview:-1\" \/>\n<link rel=\"canonical\" href=\"https:\/\/www.phenixetdragon.net\/en\/formation-tao-et-sante\/inscriptions-a-la-formation-tao-et-sante\/\" \/>\n<meta property=\"og:locale\" content=\"en_GB\" \/>\n<meta property=\"og:type\" content=\"article\" \/>\n<meta property=\"og:title\" content=\"Inscriptions \u00e0 la Formation Tao et Sant\u00e9 - Ph\u00e9nix et Dragon\" \/>\n<meta property=\"og:description\" content=\"Programme annuel de plusieurs stages, conciliant les apports de la m\u00e9decine traditionnelle chinoise (syst\u00e8me des m\u00e9ridiens, di\u00e9t\u00e9tique, moxibustion, etc.) avec la pratique des arts \u00e9nerg\u00e9tiques et martiaux chinois\" \/>\n<meta property=\"og:url\" content=\"https:\/\/www.phenixetdragon.net\/en\/formation-tao-et-sante\/inscriptions-a-la-formation-tao-et-sante\/\" \/>\n<meta property=\"og:site_name\" content=\"Ph\u00e9nix et Dragon\" \/>\n<meta property=\"article:publisher\" content=\"https:\/\/fr-fr.facebook.com\/assoephedra\/\" \/>\n<meta property=\"article:modified_time\" content=\"2025-11-13T11:39:13+00:00\" \/>\n<meta property=\"og:image\" content=\"https:\/\/www.phenixetdragon.net\/wp-content\/uploads\/2025\/07\/Sans-titre.jpg\" \/>\n\t<meta property=\"og:image:width\" content=\"2395\" \/>\n\t<meta property=\"og:image:height\" content=\"1783\" \/>\n\t<meta property=\"og:image:type\" content=\"image\/jpeg\" \/>\n<meta name=\"twitter:card\" content=\"summary_large_image\" \/>\n<meta name=\"twitter:label1\" content=\"Estimated reading time\" \/>\n\t<meta name=\"twitter:data1\" content=\"1 minute\" \/>\n<script type=\"application\/ld+json\" class=\"yoast-schema-graph\">{\"@context\":\"https:\/\/schema.org\",\"@graph\":[{\"@type\":\"WebPage\",\"@id\":\"https:\/\/www.phenixetdragon.net\/formation-tao-et-sante\/inscriptions-a-la-formation-tao-et-sante\/\",\"url\":\"https:\/\/www.phenixetdragon.net\/formation-tao-et-sante\/inscriptions-a-la-formation-tao-et-sante\/\",\"name\":\"Inscriptions \u00e0 la Formation Tao et Sant\u00e9 - Ph\u00e9nix et Dragon\",\"isPartOf\":{\"@id\":\"https:\/\/www.phenixetdragon.net\/#website\"},\"primaryImageOfPage\":{\"@id\":\"https:\/\/www.phenixetdragon.net\/formation-tao-et-sante\/inscriptions-a-la-formation-tao-et-sante\/#primaryimage\"},\"image\":{\"@id\":\"https:\/\/www.phenixetdragon.net\/formation-tao-et-sante\/inscriptions-a-la-formation-tao-et-sante\/#primaryimage\"},\"thumbnailUrl\":\"https:\/\/www.phenixetdragon.net\/wp-content\/uploads\/2025\/07\/Sans-titre.jpg\",\"datePublished\":\"2025-07-20T17:36:50+00:00\",\"dateModified\":\"2025-11-13T11:39:13+00:00\",\"description\":\"Programme annuel de plusieurs stages, conciliant les apports de la m\u00e9decine traditionnelle chinoise (syst\u00e8me des m\u00e9ridiens, di\u00e9t\u00e9tique, moxibustion, etc.) avec la pratique des arts \u00e9nerg\u00e9tiques et martiaux chinois\",\"breadcrumb\":{\"@id\":\"https:\/\/www.phenixetdragon.net\/formation-tao-et-sante\/inscriptions-a-la-formation-tao-et-sante\/#breadcrumb\"},\"inLanguage\":\"en-GB\",\"potentialAction\":[{\"@type\":\"ReadAction\",\"target\":[\"https:\/\/www.phenixetdragon.net\/formation-tao-et-sante\/inscriptions-a-la-formation-tao-et-sante\/\"]}]},{\"@type\":\"ImageObject\",\"inLanguage\":\"en-GB\",\"@id\":\"https:\/\/www.phenixetdragon.net\/formation-tao-et-sante\/inscriptions-a-la-formation-tao-et-sante\/#primaryimage\",\"url\":\"https:\/\/www.phenixetdragon.net\/wp-content\/uploads\/2025\/07\/Sans-titre.jpg\",\"contentUrl\":\"https:\/\/www.phenixetdragon.net\/wp-content\/uploads\/2025\/07\/Sans-titre.jpg\",\"width\":2395,\"height\":1783},{\"@type\":\"BreadcrumbList\",\"@id\":\"https:\/\/www.phenixetdragon.net\/formation-tao-et-sante\/inscriptions-a-la-formation-tao-et-sante\/#breadcrumb\",\"itemListElement\":[{\"@type\":\"ListItem\",\"position\":1,\"name\":\"Accueil\",\"item\":\"https:\/\/www.phenixetdragon.net\/\"},{\"@type\":\"ListItem\",\"position\":2,\"name\":\"Notre Formation Tao et Sant\u00e9\",\"item\":\"https:\/\/www.phenixetdragon.net\/formation-tao-et-sante\/\"},{\"@type\":\"ListItem\",\"position\":3,\"name\":\"Inscriptions \u00e0 la Formation Tao et Sant\u00e9\"}]},{\"@type\":\"WebSite\",\"@id\":\"https:\/\/www.phenixetdragon.net\/#website\",\"url\":\"https:\/\/www.phenixetdragon.net\/\",\"name\":\"Ph\u00e9nix et Dragon\",\"description\":\"Arts Martiaux Chinois, Kung Fu, Taiji Quan, et Arts Energ\u00e9tiques, Qi Gong\",\"publisher\":{\"@id\":\"https:\/\/www.phenixetdragon.net\/#organization\"},\"potentialAction\":[{\"@type\":\"SearchAction\",\"target\":{\"@type\":\"EntryPoint\",\"urlTemplate\":\"https:\/\/www.phenixetdragon.net\/?s={search_term_string}\"},\"query-input\":{\"@type\":\"PropertyValueSpecification\",\"valueRequired\":true,\"valueName\":\"search_term_string\"}}],\"inLanguage\":\"en-GB\"},{\"@type\":\"Organization\",\"@id\":\"https:\/\/www.phenixetdragon.net\/#organization\",\"name\":\"Ph\u00e9nix et Dragon\",\"url\":\"https:\/\/www.phenixetdragon.net\/\",\"logo\":{\"@type\":\"ImageObject\",\"inLanguage\":\"en-GB\",\"@id\":\"https:\/\/www.phenixetdragon.net\/#\/schema\/logo\/image\/\",\"url\":\"https:\/\/www.phenixetdragon.net\/wp-content\/uploads\/2021\/08\/logophenixdragon.png\",\"contentUrl\":\"https:\/\/www.phenixetdragon.net\/wp-content\/uploads\/2021\/08\/logophenixdragon.png\",\"width\":674,\"height\":113,\"caption\":\"Ph\u00e9nix et Dragon\"},\"image\":{\"@id\":\"https:\/\/www.phenixetdragon.net\/#\/schema\/logo\/image\/\"},\"sameAs\":[\"https:\/\/fr-fr.facebook.com\/assoephedra\/\",\"https:\/\/www.instagram.com\/ecolephenixetdragon\/\"]}]}<\/script>\n<!-- \/ Yoast SEO plugin. -->","yoast_head_json":{"title":"Inscriptions \u00e0 la Formation Tao et Sant\u00e9 - Ph\u00e9nix et Dragon","description":"Programme annuel de plusieurs stages, conciliant les apports de la m\u00e9decine traditionnelle chinoise (syst\u00e8me des m\u00e9ridiens, di\u00e9t\u00e9tique, moxibustion, etc.) avec la pratique des arts \u00e9nerg\u00e9tiques et martiaux chinois","robots":{"index":"index","follow":"follow","max-snippet":"max-snippet:-1","max-image-preview":"max-image-preview:large","max-video-preview":"max-video-preview:-1"},"canonical":"https:\/\/www.phenixetdragon.net\/en\/formation-tao-et-sante\/inscriptions-a-la-formation-tao-et-sante\/","og_locale":"en_GB","og_type":"article","og_title":"Inscriptions \u00e0 la Formation Tao et Sant\u00e9 - Ph\u00e9nix et Dragon","og_description":"Programme annuel de plusieurs stages, conciliant les apports de la m\u00e9decine traditionnelle chinoise (syst\u00e8me des m\u00e9ridiens, di\u00e9t\u00e9tique, moxibustion, etc.) avec la pratique des arts \u00e9nerg\u00e9tiques et martiaux chinois","og_url":"https:\/\/www.phenixetdragon.net\/en\/formation-tao-et-sante\/inscriptions-a-la-formation-tao-et-sante\/","og_site_name":"Ph\u00e9nix et Dragon","article_publisher":"https:\/\/fr-fr.facebook.com\/assoephedra\/","article_modified_time":"2025-11-13T11:39:13+00:00","og_image":[{"width":2395,"height":1783,"url":"https:\/\/www.phenixetdragon.net\/wp-content\/uploads\/2025\/07\/Sans-titre.jpg","type":"image\/jpeg"}],"twitter_card":"summary_large_image","twitter_misc":{"Estimated reading time":"1 minute"},"schema":{"@context":"https:\/\/schema.org","@graph":[{"@type":"WebPage","@id":"https:\/\/www.phenixetdragon.net\/formation-tao-et-sante\/inscriptions-a-la-formation-tao-et-sante\/","url":"https:\/\/www.phenixetdragon.net\/formation-tao-et-sante\/inscriptions-a-la-formation-tao-et-sante\/","name":"Inscriptions \u00e0 la Formation Tao et Sant\u00e9 - Ph\u00e9nix et Dragon","isPartOf":{"@id":"https:\/\/www.phenixetdragon.net\/#website"},"primaryImageOfPage":{"@id":"https:\/\/www.phenixetdragon.net\/formation-tao-et-sante\/inscriptions-a-la-formation-tao-et-sante\/#primaryimage"},"image":{"@id":"https:\/\/www.phenixetdragon.net\/formation-tao-et-sante\/inscriptions-a-la-formation-tao-et-sante\/#primaryimage"},"thumbnailUrl":"https:\/\/www.phenixetdragon.net\/wp-content\/uploads\/2025\/07\/Sans-titre.jpg","datePublished":"2025-07-20T17:36:50+00:00","dateModified":"2025-11-13T11:39:13+00:00","description":"Programme annuel de plusieurs stages, conciliant les apports de la m\u00e9decine traditionnelle chinoise (syst\u00e8me des m\u00e9ridiens, di\u00e9t\u00e9tique, moxibustion, etc.) avec la pratique des arts \u00e9nerg\u00e9tiques et martiaux chinois","breadcrumb":{"@id":"https:\/\/www.phenixetdragon.net\/formation-tao-et-sante\/inscriptions-a-la-formation-tao-et-sante\/#breadcrumb"},"inLanguage":"en-GB","potentialAction":[{"@type":"ReadAction","target":["https:\/\/www.phenixetdragon.net\/formation-tao-et-sante\/inscriptions-a-la-formation-tao-et-sante\/"]}]},{"@type":"ImageObject","inLanguage":"en-GB","@id":"https:\/\/www.phenixetdragon.net\/formation-tao-et-sante\/inscriptions-a-la-formation-tao-et-sante\/#primaryimage","url":"https:\/\/www.phenixetdragon.net\/wp-content\/uploads\/2025\/07\/Sans-titre.jpg","contentUrl":"https:\/\/www.phenixetdragon.net\/wp-content\/uploads\/2025\/07\/Sans-titre.jpg","width":2395,"height":1783},{"@type":"BreadcrumbList","@id":"https:\/\/www.phenixetdragon.net\/formation-tao-et-sante\/inscriptions-a-la-formation-tao-et-sante\/#breadcrumb","itemListElement":[{"@type":"ListItem","position":1,"name":"Accueil","item":"https:\/\/www.phenixetdragon.net\/"},{"@type":"ListItem","position":2,"name":"Notre Formation Tao et Sant\u00e9","item":"https:\/\/www.phenixetdragon.net\/formation-tao-et-sante\/"},{"@type":"ListItem","position":3,"name":"Inscriptions \u00e0 la Formation Tao et Sant\u00e9"}]},{"@type":"WebSite","@id":"https:\/\/www.phenixetdragon.net\/#website","url":"https:\/\/www.phenixetdragon.net\/","name":"Ph\u00e9nix et Dragon","description":"Arts Martiaux Chinois, Kung Fu, Taiji Quan, et Arts Energ\u00e9tiques, Qi Gong","publisher":{"@id":"https:\/\/www.phenixetdragon.net\/#organization"},"potentialAction":[{"@type":"SearchAction","target":{"@type":"EntryPoint","urlTemplate":"https:\/\/www.phenixetdragon.net\/?s={search_term_string}"},"query-input":{"@type":"PropertyValueSpecification","valueRequired":true,"valueName":"search_term_string"}}],"inLanguage":"en-GB"},{"@type":"Organization","@id":"https:\/\/www.phenixetdragon.net\/#organization","name":"Ph\u00e9nix et Dragon","url":"https:\/\/www.phenixetdragon.net\/","logo":{"@type":"ImageObject","inLanguage":"en-GB","@id":"https:\/\/www.phenixetdragon.net\/#\/schema\/logo\/image\/","url":"https:\/\/www.phenixetdragon.net\/wp-content\/uploads\/2021\/08\/logophenixdragon.png","contentUrl":"https:\/\/www.phenixetdragon.net\/wp-content\/uploads\/2021\/08\/logophenixdragon.png","width":674,"height":113,"caption":"Ph\u00e9nix et Dragon"},"image":{"@id":"https:\/\/www.phenixetdragon.net\/#\/schema\/logo\/image\/"},"sameAs":["https:\/\/fr-fr.facebook.com\/assoephedra\/","https:\/\/www.instagram.com\/ecolephenixetdragon\/"]}]}},"_links":{"self":[{"href":"https:\/\/www.phenixetdragon.net\/en\/wp-json\/wp\/v2\/pages\/9051","targetHints":{"allow":["GET"]}}],"collection":[{"href":"https:\/\/www.phenixetdragon.net\/en\/wp-json\/wp\/v2\/pages"}],"about":[{"href":"https:\/\/www.phenixetdragon.net\/en\/wp-json\/wp\/v2\/types\/page"}],"author":[{"embeddable":true,"href":"https:\/\/www.phenixetdragon.net\/en\/wp-json\/wp\/v2\/users\/7"}],"replies":[{"embeddable":true,"href":"https:\/\/www.phenixetdragon.net\/en\/wp-json\/wp\/v2\/comments?post=9051"}],"version-history":[{"count":9,"href":"https:\/\/www.phenixetdragon.net\/en\/wp-json\/wp\/v2\/pages\/9051\/revisions"}],"predecessor-version":[{"id":10254,"href":"https:\/\/www.phenixetdragon.net\/en\/wp-json\/wp\/v2\/pages\/9051\/revisions\/10254"}],"up":[{"embeddable":true,"href":"https:\/\/www.phenixetdragon.net\/en\/wp-json\/wp\/v2\/pages\/75"}],"wp:featuredmedia":[{"embeddable":true,"href":"https:\/\/www.phenixetdragon.net\/en\/wp-json\/wp\/v2\/media\/9045"}],"wp:attachment":[{"href":"https:\/\/www.phenixetdragon.net\/en\/wp-json\/wp\/v2\/media?parent=9051"}],"curies":[{"name":"wp","href":"https:\/\/api.w.org\/{rel}","templated":true}]}}