{"id":9060,"date":"2025-07-20T19:57:19","date_gmt":"2025-07-20T17:57:19","guid":{"rendered":"https:\/\/www.phenixetdragon.net\/?page_id=9060"},"modified":"2025-10-12T14:37:33","modified_gmt":"2025-10-12T12:37:33","slug":"le-domaine-de-toussacq","status":"publish","type":"page","link":"https:\/\/www.phenixetdragon.net\/en\/stages\/le-domaine-de-toussacq\/","title":{"rendered":"Le Domaine de Toussacq"},"content":{"rendered":"<h1 class=\"wp-block-heading has-vivid-red-color has-text-color has-link-color has-medium-font-size wp-elements-a499555132bf3cf01c389f145c36a710\"><strong>\ud83e\udd9a Le Domaine de Toussacq<\/strong><\/h1>\n\n\n\n<p>Deux fois dans l&rsquo;ann\u00e9e, l\u2019\u00c9cole Ph\u00e9nix &amp; Dragon propose des stages en r\u00e9sidentiel. Depuis 2024, nous sommes accueillis, pour notre plus grand plaisir, au Domaine de Toussacq pour nos stages Yang Sheng (Qi Gong pr\u00e8s de Paris).<\/p>\n\n\n\n<p>Le Domaine est situ\u00e9 \u00e0 Villenauxe-la-Petite, en Seine-et-Marne (80 km de Paris, soit 1h30), \u00e0 proximit\u00e9 de la ville m\u00e9di\u00e9vale de Provins. Long\u00e9 par la Seine, le Domaine tire son charme des plans d\u2019eau, du vieux ch\u00e2teau, d\u2019une \u00e9l\u00e9gante chapelle, du joli pigeonnier, de ses arbres majestueux et de ses animaux accueillants\u2026<\/p>\n\n\n\n<p><strong>Allez-voir les <a href=\"https:\/\/www.phenixetdragon.net\/stages\/\">dates de nos stages<\/a> cette ann\u00e9e !<\/strong><\/p>\n\n\n\n<div class=\"wp-block-columns is-layout-flex wp-container-core-columns-is-layout-9d6595d7 wp-block-columns-is-layout-flex\">\n<div class=\"wp-block-column is-layout-flow wp-block-column-is-layout-flow\">\n<figure class=\"wp-block-image size-large\"><img decoding=\"async\" src=\"data:image\/gif;base64,R0lGODlhAQABAAAAACH5BAEKAAEALAAAAAABAAEAAAICTAEAOw==\" data-layzr=\"https:\/\/www.phenixetdragon.net\/wp-content\/uploads\/2025\/08\/IMG_8304-edited-scaled.jpg\" alt=\"\" class=\"wp-image-9142\"\/><\/figure>\n<\/div>\n\n\n\n<div class=\"wp-block-column is-layout-flow wp-block-column-is-layout-flow\">\n<figure class=\"wp-block-image size-large\"><img decoding=\"async\" src=\"data:image\/gif;base64,R0lGODlhAQABAAAAACH5BAEKAAEALAAAAAABAAEAAAICTAEAOw==\" data-layzr=\"https:\/\/www.phenixetdragon.net\/wp-content\/uploads\/2025\/08\/IMG_8288-edited.jpeg\" alt=\"\" class=\"wp-image-9143\"\/><\/figure>\n<\/div>\n\n\n\n<div class=\"wp-block-column is-layout-flow wp-block-column-is-layout-flow\">\n<figure class=\"wp-block-image size-large\"><img decoding=\"async\" src=\"data:image\/gif;base64,R0lGODlhAQABAAAAACH5BAEKAAEALAAAAAABAAEAAAICTAEAOw==\" data-layzr=\"https:\/\/www.phenixetdragon.net\/wp-content\/uploads\/2025\/08\/IMG_8253-edited-scaled.jpg\" alt=\"\" class=\"wp-image-9144\"\/><\/figure>\n<\/div>\n<\/div>\n\n\n\n<p>C\u2019est un magnifique \u00e9crin de verdure, un lieu&nbsp;propice au repos, \u00e0 la r\u00e9flexion et \u00e0 la m\u00e9ditation ! Au-del\u00e0 de la beaut\u00e9 de ses jardins \u00e9tendus et fleuris et de ses chambres rustiques et confortables, ce sont les animaux, des oies aux chevaux, qui s\u00e9duisent, et surtout c\u2019est le royaume des <strong>paons<\/strong> !&nbsp;<\/p>\n\n\n\n<div class=\"wp-block-columns is-layout-flex wp-container-core-columns-is-layout-9d6595d7 wp-block-columns-is-layout-flex\">\n<div class=\"wp-block-column is-layout-flow wp-block-column-is-layout-flow\">\n<div class=\"wp-block-cover\"><img decoding=\"async\" class=\"wp-block-cover__image-background wp-image-7574\" alt=\"\" src=\"data:image\/gif;base64,R0lGODlhAQABAAAAACH5BAEKAAEALAAAAAABAAEAAAICTAEAOw==\" data-layzr=\"https:\/\/www.phenixetdragon.net\/wp-content\/uploads\/2023\/08\/Capture-decran-2023-08-12-a-11.22.14-976x1024.png\" data-object-fit=\"cover\"\/><span aria-hidden=\"true\" class=\"wp-block-cover__background has-background-dim\"><\/span><div class=\"wp-block-cover__inner-container is-layout-flow wp-block-cover-is-layout-flow\">\n<p class=\"has-text-align-center has-large-font-size\">Seine-et-Marne (80 km de Paris, proche de Provins)<\/p>\n<\/div><\/div>\n<\/div>\n\n\n\n<div class=\"wp-block-column is-layout-flow wp-block-column-is-layout-flow\">\n<div class=\"wp-block-cover\"><img decoding=\"async\" class=\"wp-block-cover__image-background wp-image-7572\" alt=\"\" src=\"data:image\/gif;base64,R0lGODlhAQABAAAAACH5BAEKAAEALAAAAAABAAEAAAICTAEAOw==\" data-layzr=\"https:\/\/www.phenixetdragon.net\/wp-content\/uploads\/2023\/08\/Capture-decran-2023-08-12-a-11.22.35-976x1024.png\" data-object-fit=\"cover\"\/><span aria-hidden=\"true\" class=\"wp-block-cover__background has-background-dim\"><\/span><div class=\"wp-block-cover__inner-container is-layout-flow wp-block-cover-is-layout-flow\">\n<p class=\"has-text-align-center has-large-font-size\">Stage Yang Sheng r\u00e9sidentiel<\/p>\n<\/div><\/div>\n<\/div>\n\n\n\n<div class=\"wp-block-column is-layout-flow wp-block-column-is-layout-flow\">\n<div class=\"wp-block-cover\"><img decoding=\"async\" class=\"wp-block-cover__image-background wp-image-7573\" alt=\"\" src=\"data:image\/gif;base64,R0lGODlhAQABAAAAACH5BAEKAAEALAAAAAABAAEAAAICTAEAOw==\" data-layzr=\"https:\/\/www.phenixetdragon.net\/wp-content\/uploads\/2023\/08\/Capture-decran-2023-08-12-a-11.22.11-976x1024.png\" data-object-fit=\"cover\"\/><span aria-hidden=\"true\" class=\"wp-block-cover__background has-background-dim\"><\/span><div class=\"wp-block-cover__inner-container is-layout-flow wp-block-cover-is-layout-flow\">\n<p class=\"has-text-align-center has-large-font-size\">Bio, nature, confort, yourte, cadre paisible<\/p>\n<\/div><\/div>\n<\/div>\n<\/div>\n\n\n\n<h1 class=\"wp-block-heading has-vivid-red-color has-text-color has-link-color has-medium-font-size wp-elements-79551badd38024d7e798836fbb65b2c7\"><strong>Un \u00c9quilibre entre Convivialit\u00e9, Authenticit\u00e9 et Qualit\u00e9 !<\/strong><\/h1>\n\n\n\n<p>Une <strong>belle salle lumineuse et moderne<\/strong>, parfaite pour les moments privil\u00e9gi\u00e9s de formation.<\/p>\n\n\n\n<p>Au menu, des ingr\u00e9dients de qualit\u00e9 cuisin\u00e9s avec le plus grand soin; les plats sont cr\u00e9\u00e9s \u00e0 partir des&nbsp;<strong>produits bio&nbsp;cultiv\u00e9s sur le site agricole en face du Domaine<\/strong>. Des menus v\u00e9g\u00e9tariens sont disponibles.<\/p>\n\n\n\n<p>Le Domaine dispose de plusieurs <strong>chambres de charme <\/strong>d\u00e9cor\u00e9es avec go\u00fbt, avec ses poutres apparentes et ses vues reposantes. Des chambres charmantes et spacieuses, o\u00f9 l\u2019on se sent comme chez soi. D\u2019agr\u00e9ables pi\u00e8ces de vie pour s\u00e9journer \u00e0 plusieurs en toute autonomie, ainsi que de grands bois et jardins pour pendre un bon bol d\u2019air.<\/p>\n\n\n\n<div class=\"wp-block-columns is-layout-flex wp-container-core-columns-is-layout-9d6595d7 wp-block-columns-is-layout-flex\">\n<div class=\"wp-block-column is-layout-flow wp-block-column-is-layout-flow\">\n<figure class=\"wp-block-image size-large is-resized\"><img decoding=\"async\" src=\"data:image\/gif;base64,R0lGODlhAQABAAAAACH5BAEKAAEALAAAAAABAAEAAAICTAEAOw==\" data-layzr=\"https:\/\/www.phenixetdragon.net\/wp-content\/uploads\/2023\/08\/Chambre-1-1024x768.jpg\" alt=\"\" class=\"wp-image-7556\" style=\"width:275px;height:206px\"\/><\/figure>\n<\/div>\n\n\n\n<div class=\"wp-block-column is-layout-flow wp-block-column-is-layout-flow\">\n<figure class=\"wp-block-image size-large is-resized\"><img decoding=\"async\" src=\"data:image\/gif;base64,R0lGODlhAQABAAAAACH5BAEKAAEALAAAAAABAAEAAAICTAEAOw==\" data-layzr=\"https:\/\/www.phenixetdragon.net\/wp-content\/uploads\/2023\/08\/Chambre-2-1024x768.jpg\" alt=\"\" class=\"wp-image-7557\" style=\"width:undefinedpx;height:206px\"\/><\/figure>\n<\/div>\n\n\n\n<div class=\"wp-block-column is-layout-flow wp-block-column-is-layout-flow\">\n<figure class=\"wp-block-image size-large is-resized\"><img decoding=\"async\" src=\"data:image\/gif;base64,R0lGODlhAQABAAAAACH5BAEKAAEALAAAAAABAAEAAAICTAEAOw==\" data-layzr=\"https:\/\/www.phenixetdragon.net\/wp-content\/uploads\/2023\/08\/Chambre-3-1024x768.jpg\" alt=\"\" class=\"wp-image-7558\" style=\"width:undefinedpx;height:206px\"\/><\/figure>\n<\/div>\n<\/div>\n\n\n\n<h1 class=\"wp-block-heading has-vivid-red-color has-text-color has-link-color has-medium-font-size wp-elements-ea28c6f5901a2a742207285e9c4cfa20\"><strong>\ud83c\udf3f Dormir en yourte, une immersion hors du temps<\/strong><\/h1>\n\n\n\n<div class=\"wp-block-media-text is-stacked-on-mobile\" style=\"grid-template-columns:22% auto\"><figure class=\"wp-block-media-text__media\"><img decoding=\"async\" src=\"data:image\/gif;base64,R0lGODlhAQABAAAAACH5BAEKAAEALAAAAAABAAEAAAICTAEAOw==\" data-layzr=\"https:\/\/www.phenixetdragon.net\/wp-content\/uploads\/2025\/08\/IMG_9628-1-768x1024.jpeg\" alt=\"\" class=\"wp-image-9149 size-full\"\/><\/figure><div class=\"wp-block-media-text__content\">\n<p>Nich\u00e9e au c\u0153ur du parc du domaine de Toussacq, la yourte traditionnelle mongole offre un cadre chaleureux, confortable et d\u00e9paysant. <\/p>\n\n\n\n<p>Avec ses lits individuels, ses d\u00e9corations color\u00e9es et son ambiance feutr\u00e9e, c\u2019est un h\u00e9bergement id\u00e9al pour se ressourcer pleinement, en harmonie avec la nature environnante.<\/p>\n<\/div><\/div>\n\n\n\n<div class=\"wp-block-columns is-layout-flex wp-container-core-columns-is-layout-9d6595d7 wp-block-columns-is-layout-flex\">\n<div class=\"wp-block-column is-layout-flow wp-block-column-is-layout-flow\">\n<figure class=\"wp-block-image size-large\"><img decoding=\"async\" src=\"data:image\/gif;base64,R0lGODlhAQABAAAAACH5BAEKAAEALAAAAAABAAEAAAICTAEAOw==\" data-layzr=\"https:\/\/www.phenixetdragon.net\/wp-content\/uploads\/2025\/08\/IMG_9636-1024x768.jpeg\" alt=\"\" class=\"wp-image-9147\"\/><\/figure>\n<\/div>\n\n\n\n<div class=\"wp-block-column is-layout-flow wp-block-column-is-layout-flow\">\n<figure class=\"wp-block-image size-large\"><img decoding=\"async\" src=\"data:image\/gif;base64,R0lGODlhAQABAAAAACH5BAEKAAEALAAAAAABAAEAAAICTAEAOw==\" data-layzr=\"https:\/\/www.phenixetdragon.net\/wp-content\/uploads\/2025\/08\/IMG_9624-1024x768.jpeg\" alt=\"\" class=\"wp-image-9146\"\/><\/figure>\n<\/div>\n<\/div>\n\n\n\n<h1 class=\"wp-block-heading has-vivid-red-color has-text-color has-link-color has-medium-font-size wp-elements-50cb70bd36b97a368288bb50a9c1be84\"><strong>Autour du Domaine, pour les accompagnants:<\/strong><\/h1>\n\n\n\n<ul class=\"wp-block-list\">\n<li>Mus\u00e9e Camille Claudel,&nbsp;Mus\u00e9e de la vie d\u2019autrefois, Mus\u00e9e du chemin de fer (\u00e0 10-20min du Domaine)<\/li>\n\n\n\n<li>Ville m\u00e9di\u00e9vale de Provins class\u00e9e par l\u2019UNESCO (\u00e0 25min du Domaine)\u200b<\/li>\n\n\n\n<li>Activit\u00e9s sportives diverses dans la r\u00e9gion (randonn\u00e9e, ski nautique, balade \u00e0 cheval, etc.)<\/li>\n<\/ul>\n\n\n\n<p><strong>Allez-voir les <a href=\"https:\/\/www.phenixetdragon.net\/stages\/\">dates de nos stages<\/a> cette ann\u00e9e !<\/strong> Et voici les vid\u00e9os des nos stages l\u00e0-bas:<\/p>\n\n\n\n<div class=\"wp-block-columns is-layout-flex wp-container-core-columns-is-layout-9d6595d7 wp-block-columns-is-layout-flex\">\n<div class=\"wp-block-column is-layout-flow wp-block-column-is-layout-flow\">\n<figure class=\"wp-block-embed is-type-video is-provider-youtube wp-block-embed-youtube wp-embed-aspect-16-9 wp-has-aspect-ratio\"><div class=\"wp-block-embed__wrapper\">\n<iframe loading=\"lazy\" title=\"Stage Qi Gong \u00c9p\u00e9e \u00c9ventail (mai 2025) - \u00c9cole Ph\u00e9nix et Dragon - Matteo Pepe Espert\" width=\"1020\" height=\"574\" src=\"https:\/\/www.youtube.com\/embed\/32I-G42RpiM?feature=oembed\" frameborder=\"0\" allow=\"accelerometer; autoplay; clipboard-write; encrypted-media; gyroscope; picture-in-picture; web-share\" referrerpolicy=\"strict-origin-when-cross-origin\" allowfullscreen><\/iframe>\n<\/div><figcaption class=\"wp-element-caption\">Qi Gong \u00c9p\u00e9e \u00c9ventail (mai 2025)<\/figcaption><\/figure>\n<\/div>\n\n\n\n<div class=\"wp-block-column is-layout-flow wp-block-column-is-layout-flow\">\n<figure class=\"wp-block-embed is-type-video is-provider-youtube wp-block-embed-youtube wp-embed-aspect-16-9 wp-has-aspect-ratio\"><div class=\"wp-block-embed__wrapper\">\n<iframe loading=\"lazy\" title=\"Stage Yang Sheng (mai 2024) - \u00c9cole Ph\u00e9nix et Dragon - Matteo Pepe Espert\" width=\"1020\" height=\"574\" src=\"https:\/\/www.youtube.com\/embed\/Xb2gC54X5MI?feature=oembed\" frameborder=\"0\" allow=\"accelerometer; autoplay; clipboard-write; encrypted-media; gyroscope; picture-in-picture; web-share\" referrerpolicy=\"strict-origin-when-cross-origin\" allowfullscreen><\/iframe>\n<\/div><figcaption class=\"wp-element-caption\">Qi Gong \u00c9p\u00e9e M\u00e9ditation (mai 2024)<\/figcaption><\/figure>\n<\/div>\n<\/div>\n\n\n\n<div class=\"wp-block-columns is-layout-flex wp-container-core-columns-is-layout-9d6595d7 wp-block-columns-is-layout-flex\">\n<div class=\"wp-block-column is-layout-flow wp-block-column-is-layout-flow\">\n<figure class=\"wp-block-embed is-type-video is-provider-youtube wp-block-embed-youtube wp-embed-aspect-16-9 wp-has-aspect-ratio\"><div class=\"wp-block-embed__wrapper\">\n<iframe loading=\"lazy\" title=\"Stage Qi Gong \u00c9p\u00e9e Sabre Laser (oct 2023) - \u00c9cole Ph\u00e9nix et Dragon - Matteo Pepe Espert\" width=\"1020\" height=\"574\" src=\"https:\/\/www.youtube.com\/embed\/j3M3FtiSjmM?feature=oembed\" frameborder=\"0\" allow=\"accelerometer; autoplay; clipboard-write; encrypted-media; gyroscope; picture-in-picture; web-share\" referrerpolicy=\"strict-origin-when-cross-origin\" allowfullscreen><\/iframe>\n<\/div><figcaption class=\"wp-element-caption\">Qi Gong \u00c9p\u00e9e Sabre Laser (oct 2023)<\/figcaption><\/figure>\n<\/div>\n\n\n\n<div class=\"wp-block-column is-layout-flow wp-block-column-is-layout-flow\"><\/div>\n<\/div>","protected":false},"excerpt":{"rendered":"<p>\ud83e\udd9a Le Domaine de Toussacq Deux fois dans l&rsquo;ann\u00e9e, l\u2019\u00c9cole Ph\u00e9nix &amp; Dragon propose des stages en r\u00e9sidentiel. Depuis 2024, nous sommes accueillis, pour notre plus grand plaisir, au Domaine de Toussacq pour nos stages Yang Sheng (Qi Gong pr\u00e8s de Paris). Le Domaine est situ\u00e9 \u00e0 Villenauxe-la-Petite, en Seine-et-Marne (80 km de Paris, soit &hellip; <\/p>","protected":false},"author":7,"featured_media":9139,"parent":9093,"menu_order":0,"comment_status":"closed","ping_status":"closed","template":"","meta":{"footnotes":""},"class_list":["post-9060","page","type-page","status-publish","has-post-thumbnail","hentry","latest_post"],"yoast_head":"<!-- This site is optimized with the Yoast SEO plugin v26.3 - https:\/\/yoast.com\/wordpress\/plugins\/seo\/ -->\n<title>Le Domaine de Toussacq - Ph\u00e9nix et Dragon<\/title>\n<meta name=\"description\" content=\"Rejoignez un stage r\u00e9sidentiel Yang Sheng au Domaine de Toussacq, pr\u00e8s de Provins : nature, bien-\u00eatre, Qi Gong, confort et calme. Consultez les dates d\u00e8s maintenant !\" \/>\n<meta name=\"robots\" content=\"index, follow, max-snippet:-1, max-image-preview:large, max-video-preview:-1\" \/>\n<link rel=\"canonical\" href=\"https:\/\/www.phenixetdragon.net\/en\/stages\/le-domaine-de-toussacq\/\" \/>\n<meta property=\"og:locale\" content=\"en_GB\" \/>\n<meta property=\"og:type\" content=\"article\" \/>\n<meta property=\"og:title\" content=\"Le Domaine de Toussacq - Ph\u00e9nix et Dragon\" \/>\n<meta property=\"og:description\" content=\"Rejoignez un stage r\u00e9sidentiel Yang Sheng au Domaine de Toussacq, pr\u00e8s de Provins : nature, bien-\u00eatre, Qi Gong, confort et calme. Consultez les dates d\u00e8s maintenant !\" \/>\n<meta property=\"og:url\" content=\"https:\/\/www.phenixetdragon.net\/en\/stages\/le-domaine-de-toussacq\/\" \/>\n<meta property=\"og:site_name\" content=\"Ph\u00e9nix et Dragon\" \/>\n<meta property=\"article:publisher\" content=\"https:\/\/fr-fr.facebook.com\/assoephedra\/\" \/>\n<meta property=\"article:modified_time\" content=\"2025-10-12T12:37:33+00:00\" \/>\n<meta property=\"og:image\" content=\"https:\/\/www.phenixetdragon.net\/wp-content\/uploads\/2025\/08\/66617a6260a7e6bf9de4f0fc_chapelle-p-1080.webp\" \/>\n\t<meta property=\"og:image:width\" content=\"1080\" \/>\n\t<meta property=\"og:image:height\" content=\"599\" \/>\n\t<meta property=\"og:image:type\" content=\"image\/webp\" \/>\n<meta name=\"twitter:card\" content=\"summary_large_image\" \/>\n<meta name=\"twitter:label1\" content=\"Estimated reading time\" \/>\n\t<meta name=\"twitter:data1\" content=\"2 minutes\" \/>\n<script type=\"application\/ld+json\" class=\"yoast-schema-graph\">{\"@context\":\"https:\/\/schema.org\",\"@graph\":[{\"@type\":\"WebPage\",\"@id\":\"https:\/\/www.phenixetdragon.net\/stages\/le-domaine-de-toussacq\/\",\"url\":\"https:\/\/www.phenixetdragon.net\/stages\/le-domaine-de-toussacq\/\",\"name\":\"Le Domaine de Toussacq - Ph\u00e9nix et Dragon\",\"isPartOf\":{\"@id\":\"https:\/\/www.phenixetdragon.net\/#website\"},\"primaryImageOfPage\":{\"@id\":\"https:\/\/www.phenixetdragon.net\/stages\/le-domaine-de-toussacq\/#primaryimage\"},\"image\":{\"@id\":\"https:\/\/www.phenixetdragon.net\/stages\/le-domaine-de-toussacq\/#primaryimage\"},\"thumbnailUrl\":\"https:\/\/www.phenixetdragon.net\/wp-content\/uploads\/2025\/08\/66617a6260a7e6bf9de4f0fc_chapelle-p-1080.webp\",\"datePublished\":\"2025-07-20T17:57:19+00:00\",\"dateModified\":\"2025-10-12T12:37:33+00:00\",\"description\":\"Rejoignez un stage r\u00e9sidentiel Yang Sheng au Domaine de Toussacq, pr\u00e8s de Provins : nature, bien-\u00eatre, Qi Gong, confort et calme. Consultez les dates d\u00e8s maintenant !\",\"breadcrumb\":{\"@id\":\"https:\/\/www.phenixetdragon.net\/stages\/le-domaine-de-toussacq\/#breadcrumb\"},\"inLanguage\":\"en-GB\",\"potentialAction\":[{\"@type\":\"ReadAction\",\"target\":[\"https:\/\/www.phenixetdragon.net\/stages\/le-domaine-de-toussacq\/\"]}]},{\"@type\":\"ImageObject\",\"inLanguage\":\"en-GB\",\"@id\":\"https:\/\/www.phenixetdragon.net\/stages\/le-domaine-de-toussacq\/#primaryimage\",\"url\":\"https:\/\/www.phenixetdragon.net\/wp-content\/uploads\/2025\/08\/66617a6260a7e6bf9de4f0fc_chapelle-p-1080.webp\",\"contentUrl\":\"https:\/\/www.phenixetdragon.net\/wp-content\/uploads\/2025\/08\/66617a6260a7e6bf9de4f0fc_chapelle-p-1080.webp\",\"width\":1080,\"height\":599},{\"@type\":\"BreadcrumbList\",\"@id\":\"https:\/\/www.phenixetdragon.net\/stages\/le-domaine-de-toussacq\/#breadcrumb\",\"itemListElement\":[{\"@type\":\"ListItem\",\"position\":1,\"name\":\"Accueil\",\"item\":\"https:\/\/www.phenixetdragon.net\/\"},{\"@type\":\"ListItem\",\"position\":2,\"name\":\"Nos Stages\",\"item\":\"https:\/\/www.phenixetdragon.net\/stages\/\"},{\"@type\":\"ListItem\",\"position\":3,\"name\":\"Le Domaine de Toussacq\"}]},{\"@type\":\"WebSite\",\"@id\":\"https:\/\/www.phenixetdragon.net\/#website\",\"url\":\"https:\/\/www.phenixetdragon.net\/\",\"name\":\"Ph\u00e9nix et Dragon\",\"description\":\"Arts Martiaux Chinois, Kung Fu, Taiji Quan, et Arts Energ\u00e9tiques, Qi Gong\",\"publisher\":{\"@id\":\"https:\/\/www.phenixetdragon.net\/#organization\"},\"potentialAction\":[{\"@type\":\"SearchAction\",\"target\":{\"@type\":\"EntryPoint\",\"urlTemplate\":\"https:\/\/www.phenixetdragon.net\/?s={search_term_string}\"},\"query-input\":{\"@type\":\"PropertyValueSpecification\",\"valueRequired\":true,\"valueName\":\"search_term_string\"}}],\"inLanguage\":\"en-GB\"},{\"@type\":\"Organization\",\"@id\":\"https:\/\/www.phenixetdragon.net\/#organization\",\"name\":\"Ph\u00e9nix et Dragon\",\"url\":\"https:\/\/www.phenixetdragon.net\/\",\"logo\":{\"@type\":\"ImageObject\",\"inLanguage\":\"en-GB\",\"@id\":\"https:\/\/www.phenixetdragon.net\/#\/schema\/logo\/image\/\",\"url\":\"https:\/\/www.phenixetdragon.net\/wp-content\/uploads\/2021\/08\/logophenixdragon.png\",\"contentUrl\":\"https:\/\/www.phenixetdragon.net\/wp-content\/uploads\/2021\/08\/logophenixdragon.png\",\"width\":674,\"height\":113,\"caption\":\"Ph\u00e9nix et Dragon\"},\"image\":{\"@id\":\"https:\/\/www.phenixetdragon.net\/#\/schema\/logo\/image\/\"},\"sameAs\":[\"https:\/\/fr-fr.facebook.com\/assoephedra\/\",\"https:\/\/www.instagram.com\/ecolephenixetdragon\/\"]}]}<\/script>\n<!-- \/ Yoast SEO plugin. -->","yoast_head_json":{"title":"Le Domaine de Toussacq - Ph\u00e9nix et Dragon","description":"Rejoignez un stage r\u00e9sidentiel Yang Sheng au Domaine de Toussacq, pr\u00e8s de Provins : nature, bien-\u00eatre, Qi Gong, confort et calme. Consultez les dates d\u00e8s maintenant !","robots":{"index":"index","follow":"follow","max-snippet":"max-snippet:-1","max-image-preview":"max-image-preview:large","max-video-preview":"max-video-preview:-1"},"canonical":"https:\/\/www.phenixetdragon.net\/en\/stages\/le-domaine-de-toussacq\/","og_locale":"en_GB","og_type":"article","og_title":"Le Domaine de Toussacq - Ph\u00e9nix et Dragon","og_description":"Rejoignez un stage r\u00e9sidentiel Yang Sheng au Domaine de Toussacq, pr\u00e8s de Provins : nature, bien-\u00eatre, Qi Gong, confort et calme. Consultez les dates d\u00e8s maintenant !","og_url":"https:\/\/www.phenixetdragon.net\/en\/stages\/le-domaine-de-toussacq\/","og_site_name":"Ph\u00e9nix et Dragon","article_publisher":"https:\/\/fr-fr.facebook.com\/assoephedra\/","article_modified_time":"2025-10-12T12:37:33+00:00","og_image":[{"width":1080,"height":599,"url":"https:\/\/www.phenixetdragon.net\/wp-content\/uploads\/2025\/08\/66617a6260a7e6bf9de4f0fc_chapelle-p-1080.webp","type":"image\/webp"}],"twitter_card":"summary_large_image","twitter_misc":{"Estimated reading time":"2 minutes"},"schema":{"@context":"https:\/\/schema.org","@graph":[{"@type":"WebPage","@id":"https:\/\/www.phenixetdragon.net\/stages\/le-domaine-de-toussacq\/","url":"https:\/\/www.phenixetdragon.net\/stages\/le-domaine-de-toussacq\/","name":"Le Domaine de Toussacq - Ph\u00e9nix et Dragon","isPartOf":{"@id":"https:\/\/www.phenixetdragon.net\/#website"},"primaryImageOfPage":{"@id":"https:\/\/www.phenixetdragon.net\/stages\/le-domaine-de-toussacq\/#primaryimage"},"image":{"@id":"https:\/\/www.phenixetdragon.net\/stages\/le-domaine-de-toussacq\/#primaryimage"},"thumbnailUrl":"https:\/\/www.phenixetdragon.net\/wp-content\/uploads\/2025\/08\/66617a6260a7e6bf9de4f0fc_chapelle-p-1080.webp","datePublished":"2025-07-20T17:57:19+00:00","dateModified":"2025-10-12T12:37:33+00:00","description":"Rejoignez un stage r\u00e9sidentiel Yang Sheng au Domaine de Toussacq, pr\u00e8s de Provins : nature, bien-\u00eatre, Qi Gong, confort et calme. Consultez les dates d\u00e8s maintenant !","breadcrumb":{"@id":"https:\/\/www.phenixetdragon.net\/stages\/le-domaine-de-toussacq\/#breadcrumb"},"inLanguage":"en-GB","potentialAction":[{"@type":"ReadAction","target":["https:\/\/www.phenixetdragon.net\/stages\/le-domaine-de-toussacq\/"]}]},{"@type":"ImageObject","inLanguage":"en-GB","@id":"https:\/\/www.phenixetdragon.net\/stages\/le-domaine-de-toussacq\/#primaryimage","url":"https:\/\/www.phenixetdragon.net\/wp-content\/uploads\/2025\/08\/66617a6260a7e6bf9de4f0fc_chapelle-p-1080.webp","contentUrl":"https:\/\/www.phenixetdragon.net\/wp-content\/uploads\/2025\/08\/66617a6260a7e6bf9de4f0fc_chapelle-p-1080.webp","width":1080,"height":599},{"@type":"BreadcrumbList","@id":"https:\/\/www.phenixetdragon.net\/stages\/le-domaine-de-toussacq\/#breadcrumb","itemListElement":[{"@type":"ListItem","position":1,"name":"Accueil","item":"https:\/\/www.phenixetdragon.net\/"},{"@type":"ListItem","position":2,"name":"Nos Stages","item":"https:\/\/www.phenixetdragon.net\/stages\/"},{"@type":"ListItem","position":3,"name":"Le Domaine de Toussacq"}]},{"@type":"WebSite","@id":"https:\/\/www.phenixetdragon.net\/#website","url":"https:\/\/www.phenixetdragon.net\/","name":"Ph\u00e9nix et Dragon","description":"Arts Martiaux Chinois, Kung Fu, Taiji Quan, et Arts Energ\u00e9tiques, Qi Gong","publisher":{"@id":"https:\/\/www.phenixetdragon.net\/#organization"},"potentialAction":[{"@type":"SearchAction","target":{"@type":"EntryPoint","urlTemplate":"https:\/\/www.phenixetdragon.net\/?s={search_term_string}"},"query-input":{"@type":"PropertyValueSpecification","valueRequired":true,"valueName":"search_term_string"}}],"inLanguage":"en-GB"},{"@type":"Organization","@id":"https:\/\/www.phenixetdragon.net\/#organization","name":"Ph\u00e9nix et Dragon","url":"https:\/\/www.phenixetdragon.net\/","logo":{"@type":"ImageObject","inLanguage":"en-GB","@id":"https:\/\/www.phenixetdragon.net\/#\/schema\/logo\/image\/","url":"https:\/\/www.phenixetdragon.net\/wp-content\/uploads\/2021\/08\/logophenixdragon.png","contentUrl":"https:\/\/www.phenixetdragon.net\/wp-content\/uploads\/2021\/08\/logophenixdragon.png","width":674,"height":113,"caption":"Ph\u00e9nix et Dragon"},"image":{"@id":"https:\/\/www.phenixetdragon.net\/#\/schema\/logo\/image\/"},"sameAs":["https:\/\/fr-fr.facebook.com\/assoephedra\/","https:\/\/www.instagram.com\/ecolephenixetdragon\/"]}]}},"_links":{"self":[{"href":"https:\/\/www.phenixetdragon.net\/en\/wp-json\/wp\/v2\/pages\/9060","targetHints":{"allow":["GET"]}}],"collection":[{"href":"https:\/\/www.phenixetdragon.net\/en\/wp-json\/wp\/v2\/pages"}],"about":[{"href":"https:\/\/www.phenixetdragon.net\/en\/wp-json\/wp\/v2\/types\/page"}],"author":[{"embeddable":true,"href":"https:\/\/www.phenixetdragon.net\/en\/wp-json\/wp\/v2\/users\/7"}],"replies":[{"embeddable":true,"href":"https:\/\/www.phenixetdragon.net\/en\/wp-json\/wp\/v2\/comments?post=9060"}],"version-history":[{"count":12,"href":"https:\/\/www.phenixetdragon.net\/en\/wp-json\/wp\/v2\/pages\/9060\/revisions"}],"predecessor-version":[{"id":9650,"href":"https:\/\/www.phenixetdragon.net\/en\/wp-json\/wp\/v2\/pages\/9060\/revisions\/9650"}],"up":[{"embeddable":true,"href":"https:\/\/www.phenixetdragon.net\/en\/wp-json\/wp\/v2\/pages\/9093"}],"wp:featuredmedia":[{"embeddable":true,"href":"https:\/\/www.phenixetdragon.net\/en\/wp-json\/wp\/v2\/media\/9139"}],"wp:attachment":[{"href":"https:\/\/www.phenixetdragon.net\/en\/wp-json\/wp\/v2\/media?parent=9060"}],"curies":[{"name":"wp","href":"https:\/\/api.w.org\/{rel}","templated":true}]}}