{"id":9093,"date":"2025-07-20T22:51:39","date_gmt":"2025-07-20T20:51:39","guid":{"rendered":"https:\/\/www.phenixetdragon.net\/?page_id=9093"},"modified":"2026-01-16T23:13:45","modified_gmt":"2026-01-16T22:13:45","slug":"stages","status":"publish","type":"page","link":"https:\/\/www.phenixetdragon.net\/en\/stages\/","title":{"rendered":"Nos Stages"},"content":{"rendered":"<p class=\"has-text-align-center has-white-color has-blush-bordeaux-gradient-background has-text-color has-background has-link-color wp-elements-e0b7776d7a763e4b8bc06fbf2ea6ca56\">Plongez au c\u0153ur de la pratique \u00e0 travers nos <strong>stages intensifs<\/strong> de Taiji (Tai Chi), de Qi Gong ou de Kung Fu: moments privil\u00e9gi\u00e9s hors du temps, m\u00ealant enseignement profond, \u00e9changes entre \u00e9l\u00e8ves et professeurs, et immersion dans l\u2019esprit martial. Que vous soyez d\u00e9butant ou confirm\u00e9, ces stages offrent une formidable opportunit\u00e9 de progresser, de retrouver l\u2019inspiration, et d\u2019approfondir votre art dans un cadre adapt\u00e9.<\/p>\n\n\n\n<p>Ces moments de pratique sont ouverts \u00e0 toutes et tous, dans une atmosph\u00e8re d\u2019\u00e9coute, de rigueur joyeuse, de bienveillance inspirante et de transmission vivante. Ce sont des moments privil\u00e9gi\u00e9s pour plonger plus profond\u00e9ment dans la pratique du taiji, du qi gong, ou du kung fu. L&rsquo;id\u00e9e est de progresser dans les formes transmises, pour explorer les principes fondamentaux, et pour nourrir une pratique vivante.<\/p>\n\n\n\n<div class=\"wp-block-columns is-layout-flex wp-container-core-columns-is-layout-9d6595d7 wp-block-columns-is-layout-flex\">\n<div class=\"wp-block-column is-layout-flow wp-block-column-is-layout-flow\">\n<div class=\"wp-block-cover\"><img decoding=\"async\" class=\"wp-block-cover__image-background wp-image-8730\" alt=\"\" src=\"data:image\/gif;base64,R0lGODlhAQABAAAAACH5BAEKAAEALAAAAAABAAEAAAICTAEAOw==\" data-layzr=\"https:\/\/www.phenixetdragon.net\/wp-content\/uploads\/2025\/06\/IMG_8278-1024x576.jpeg\" data-object-fit=\"cover\"\/><span aria-hidden=\"true\" class=\"wp-block-cover__background has-background-dim\"><\/span><div class=\"wp-block-cover__inner-container is-layout-flow wp-block-cover-is-layout-flow\">\n<p class=\"has-text-align-center has-white-color has-text-color has-link-color has-large-font-size wp-elements-5099d8079bd1c0562674c81c70903f61\"><a href=\"https:\/\/www.phenixetdragon.net\/prochains-stages\/\">Les Dates<\/a><\/p>\n<\/div><\/div>\n<\/div>\n\n\n\n<div class=\"wp-block-column is-layout-flow wp-block-column-is-layout-flow\">\n<div class=\"wp-block-cover\"><img decoding=\"async\" class=\"wp-block-cover__image-background wp-image-8711\" alt=\"\" src=\"data:image\/gif;base64,R0lGODlhAQABAAAAACH5BAEKAAEALAAAAAABAAEAAAICTAEAOw==\" data-layzr=\"https:\/\/www.phenixetdragon.net\/wp-content\/uploads\/2025\/06\/IMG_8218-1024x754.jpeg\" data-object-fit=\"cover\"\/><span aria-hidden=\"true\" class=\"wp-block-cover__background has-background-dim\"><\/span><div class=\"wp-block-cover__inner-container is-layout-flow wp-block-cover-is-layout-flow\">\n<p class=\"has-text-align-center has-white-color has-text-color has-link-color has-large-font-size wp-elements-5d76a01fb6327b7ad729f21c7c9c38d5\"><a href=\"https:\/\/www.phenixetdragon.net\/stages\/videos\/\">Les Vid\u00e9os<\/a><\/p>\n<\/div><\/div>\n<\/div>\n\n\n\n<div class=\"wp-block-column is-layout-flow wp-block-column-is-layout-flow\">\n<div class=\"wp-block-cover\"><img decoding=\"async\" class=\"wp-block-cover__image-background wp-image-8663\" alt=\"\" src=\"data:image\/gif;base64,R0lGODlhAQABAAAAACH5BAEKAAEALAAAAAABAAEAAAICTAEAOw==\" data-layzr=\"https:\/\/www.phenixetdragon.net\/wp-content\/uploads\/2025\/03\/Capture-decran-2025-03-15-a-19.28.54-1024x571.png\" data-object-fit=\"cover\"\/><span aria-hidden=\"true\" class=\"wp-block-cover__background has-background-dim\"><\/span><div class=\"wp-block-cover__inner-container is-layout-flow wp-block-cover-is-layout-flow\">\n<p class=\"has-text-align-center has-white-color has-text-color has-link-color has-large-font-size wp-elements-ff009bee4d8e77a86fcdc9066cf9690e\"><a href=\"https:\/\/www.phenixetdragon.net\/le-domaine-de-toussacq\/\">Le Domaine de Toussacq<\/a><\/p>\n<\/div><\/div>\n<\/div>\n<\/div>\n\n\n\n<hr class=\"wp-block-separator has-alpha-channel-opacity\"\/>\n\n\n\n<h1 class=\"wp-block-heading has-vivid-red-color has-text-color has-link-color has-medium-font-size wp-elements-2dd8e97e3f545137268d829ab8d3c05c\"><strong>Les types de stages propos\u00e9s<\/strong><\/h1>\n\n\n\n<p>Nous organisons diff\u00e9rents types de stages afin de couvrir l\u2019ensemble de nos pratiques, offrir des immersions vari\u00e9es et r\u00e9pondre aux besoins de chacun :<\/p>\n\n\n\n<ul class=\"wp-block-list\">\n<li><strong>Stages de Taiji Quan<\/strong> : approfondissement des formes, de la structure et des principes internes (centrage, enracinement, rel\u00e2chement)<\/li>\n\n\n\n<li><strong>Stages de Kung Fu<\/strong> : travail sur les encha\u00eenements, la puissance, la coordination, les applications martiales<\/li>\n\n\n\n<li><strong>Stages armes<\/strong> : ma\u00eetrise des armes traditionnelles (\u00e9p\u00e9e, b\u00e2ton, \u00e9ventail, etc.) \u2014 pour int\u00e9grer le maniement et comprendre la relation entre corps et arme<\/li>\n\n\n\n<li><strong>Stages Qi Gong \/ travaux \u00e9nerg\u00e9tiques<\/strong> : pratiques de souffle, de circulation \u00e9nerg\u00e9tique, de m\u00e9ditation en mouvement, pour cultiver la sant\u00e9 et la conscience.<\/li>\n\n\n\n<li><strong>Stages en r\u00e9sidentiel \/ immersion<\/strong> : sessions prolong\u00e9es (week-end ou plusieurs jours) dans un cadre d\u00e9di\u00e9, combinant entra\u00eenements, temps de pratique libre, \u00e9changes, repas partag\u00e9s \u2014 pour vivre pleinement l\u2019esprit de la voie.<\/li>\n<\/ul>\n\n\n\n<hr class=\"wp-block-separator has-alpha-channel-opacity\"\/>\n\n\n\n<h1 class=\"wp-block-heading has-vivid-red-color has-text-color has-link-color has-medium-font-size wp-elements-d56f513e49ac2b27b4ca394ec00126aa\"><strong>Avantages de participer \u00e0 un stage<\/strong><\/h1>\n\n\n\n<p>Participer \u00e0 un stage pr\u00e9sente de nombreux b\u00e9n\u00e9fices, parmi lesquels :<\/p>\n\n\n\n<ul class=\"wp-block-list\">\n<li><strong>Progression acc\u00e9l\u00e9r\u00e9e<\/strong> : un format intensif permet d\u2019aller plus loin que dans une s\u00e9ance hebdomadaire classique<\/li>\n\n\n\n<li><strong>Approfondissement technique et \u00e9nerg\u00e9tique<\/strong> : on peut explorer les principes internes, nuances et d\u00e9tails souvent laiss\u00e9s de c\u00f4t\u00e9 en cours standards<\/li>\n\n\n\n<li><strong>Coh\u00e9sion et partage<\/strong> : on rencontre d\u2019autres pratiquants, on \u00e9change, on s\u2019enrichit mutuellement<\/li>\n\n\n\n<li><strong>Immersion<\/strong> : en r\u00e9sidentiel, on vit pleinement la pratique sur plusieurs jours, ce qui permet d\u2019entrer dans un autre rythme, de l\u00e2cher les sollicitations ext\u00e9rieures, et de mieux int\u00e9grer les enseignements<\/li>\n\n\n\n<li><strong>Renouvellement de l\u2019\u00e9nergie, motivation renforc\u00e9e<\/strong> : sortir du quotidien pour se recentrer, se ressourcer<\/li>\n\n\n\n<li><strong>Polyvalence<\/strong> : d\u00e9couvrir une palette compl\u00e8te pour \u00e9largir son horizon<\/li>\n<\/ul>\n\n\n\n<hr class=\"wp-block-separator has-alpha-channel-opacity\"\/>\n\n\n\n<h1 class=\"wp-block-heading has-vivid-red-color has-text-color has-link-color has-medium-font-size wp-elements-18c0cd442e6451becda78f2840c1dbc0\"><strong>Calendrier et fr\u00e9quence<\/strong><\/h1>\n\n\n\n<p>Typiquement, une ann\u00e9e compte une quinzaine de stages, tant en journ\u00e9e qu\u2019en r\u00e9sidentiel. L\u2019\u00e9cole compl\u00e8te le calendrier r\u00e9gulier par des moments d\u00e9di\u00e9s, dont un <a href=\"https:\/\/www.phenixetdragon.net\/summer-camp\/\">summer camp <\/a> ou des s\u00e9jours en r\u00e9sidentiels. <\/p>\n\n\n\n<p>Cela signifie qu\u2019il y a r\u00e9guli\u00e8rement une ou plusieurs opportunit\u00e9s de stage \u00e0 saisir \u2014 il est donc conseill\u00e9 de consulter le<a href=\"https:\/\/www.phenixetdragon.net\/stages\/prochains-stages\/\"> calendrier <\/a>\u00e0 l\u2019avance et de s\u2019inscrire d\u00e8s l\u2019ouverture des places !<\/p>\n\n\n\n<hr class=\"wp-block-separator has-alpha-channel-opacity\"\/>\n\n\n\n<h1 class=\"wp-block-heading has-vivid-red-color has-text-color has-link-color has-medium-font-size wp-elements-997fd08d32794dbeafebd5208c548d02\"><strong>Lieux de pratique<\/strong><\/h1>\n\n\n\n<p>Les stages \u00ab en ville \u00bb se tiennent dans des gymnases \u00e0 Paris (notamment dans le 13\u1d49 arrondissement). Le cadre urbain permet une grande accessibilit\u00e9.<\/p>\n\n\n\n<p>Par ailleurs, les stages en r\u00e9sidentiel sont propos\u00e9s dans des domaines ou centres hors de Paris (ex. le <a href=\"https:\/\/www.phenixetdragon.net\/stages\/le-domaine-de-toussacq\/\">Domaine de Toussacq<\/a>).  <\/p>\n\n\n\n<p>Cette double configuration \u2014 entre sessions urbaines et immersions rurales \u2014 permet de conjuguer la praticit\u00e9 pour les habitants de Paris et la profondeur permise par la nature pour les immersions prolong\u00e9es.<\/p>\n\n\n\n<hr class=\"wp-block-separator has-alpha-channel-opacity\"\/>\n\n\n\n<p class=\"has-white-color has-blush-bordeaux-gradient-background has-text-color has-background has-link-color wp-elements-fb67061fa078d64efcee8cee7e740886\"><strong>Rejoignez-nous pour le prochain stage et plongez au c\u0153ur de la pratique !<\/strong> <strong>Consultez d\u00e8s maintenant le calendrier des stages<\/strong> pour ne rien manquer &#8211; les places sont parfois limit\u00e9es !<\/p>","protected":false},"excerpt":{"rendered":"<p>Plongez au c\u0153ur de la pratique \u00e0 travers nos stages intensifs de Taiji (Tai Chi), de Qi Gong ou de Kung Fu: moments privil\u00e9gi\u00e9s hors du temps, m\u00ealant enseignement profond, \u00e9changes entre \u00e9l\u00e8ves et professeurs, et immersion dans l\u2019esprit martial. Que vous soyez d\u00e9butant ou confirm\u00e9, ces stages offrent une formidable opportunit\u00e9 de progresser, de &hellip; <\/p>","protected":false},"author":7,"featured_media":9089,"parent":0,"menu_order":0,"comment_status":"closed","ping_status":"closed","template":"","meta":{"footnotes":""},"class_list":["post-9093","page","type-page","status-publish","has-post-thumbnail","hentry","latest_post"],"yoast_head":"<!-- This site is optimized with the Yoast SEO plugin v26.3 - https:\/\/yoast.com\/wordpress\/plugins\/seo\/ -->\n<title>Nos Stages - Ph\u00e9nix et Dragon<\/title>\n<meta name=\"description\" content=\"Participez aux stages Ph\u00e9nix &amp; Dragon : immersions en Kung Fu, Taiji, Qi Gong, ateliers th\u00e9matiques et rencontres martiales en France.\" \/>\n<meta name=\"robots\" content=\"index, follow, max-snippet:-1, max-image-preview:large, max-video-preview:-1\" \/>\n<link rel=\"canonical\" href=\"https:\/\/www.phenixetdragon.net\/en\/stages\/\" \/>\n<meta property=\"og:locale\" content=\"en_GB\" \/>\n<meta property=\"og:type\" content=\"article\" \/>\n<meta property=\"og:title\" content=\"Nos Stages - Ph\u00e9nix et Dragon\" \/>\n<meta property=\"og:description\" content=\"Participez aux stages Ph\u00e9nix &amp; Dragon : immersions en Kung Fu, Taiji, Qi Gong, ateliers th\u00e9matiques et rencontres martiales en France.\" \/>\n<meta property=\"og:url\" content=\"https:\/\/www.phenixetdragon.net\/en\/stages\/\" \/>\n<meta property=\"og:site_name\" content=\"Ph\u00e9nix et Dragon\" \/>\n<meta property=\"article:publisher\" content=\"https:\/\/fr-fr.facebook.com\/assoephedra\/\" \/>\n<meta property=\"article:modified_time\" content=\"2026-01-16T22:13:45+00:00\" \/>\n<meta property=\"og:image\" content=\"https:\/\/www.phenixetdragon.net\/wp-content\/uploads\/2025\/07\/IMG_1975-edited.jpg\" \/>\n\t<meta property=\"og:image:width\" content=\"1170\" \/>\n\t<meta property=\"og:image:height\" content=\"780\" \/>\n\t<meta property=\"og:image:type\" content=\"image\/jpeg\" \/>\n<meta name=\"twitter:card\" content=\"summary_large_image\" \/>\n<meta name=\"twitter:label1\" content=\"Estimated reading time\" \/>\n\t<meta name=\"twitter:data1\" content=\"3 minutes\" \/>\n<script type=\"application\/ld+json\" class=\"yoast-schema-graph\">{\"@context\":\"https:\/\/schema.org\",\"@graph\":[{\"@type\":\"WebPage\",\"@id\":\"https:\/\/www.phenixetdragon.net\/stages\/\",\"url\":\"https:\/\/www.phenixetdragon.net\/stages\/\",\"name\":\"Nos Stages - Ph\u00e9nix et Dragon\",\"isPartOf\":{\"@id\":\"https:\/\/www.phenixetdragon.net\/#website\"},\"primaryImageOfPage\":{\"@id\":\"https:\/\/www.phenixetdragon.net\/stages\/#primaryimage\"},\"image\":{\"@id\":\"https:\/\/www.phenixetdragon.net\/stages\/#primaryimage\"},\"thumbnailUrl\":\"https:\/\/www.phenixetdragon.net\/wp-content\/uploads\/2025\/07\/IMG_1975-edited.jpg\",\"datePublished\":\"2025-07-20T20:51:39+00:00\",\"dateModified\":\"2026-01-16T22:13:45+00:00\",\"description\":\"Participez aux stages Ph\u00e9nix & Dragon : immersions en Kung Fu, Taiji, Qi Gong, ateliers th\u00e9matiques et rencontres martiales en France.\",\"breadcrumb\":{\"@id\":\"https:\/\/www.phenixetdragon.net\/stages\/#breadcrumb\"},\"inLanguage\":\"en-GB\",\"potentialAction\":[{\"@type\":\"ReadAction\",\"target\":[\"https:\/\/www.phenixetdragon.net\/stages\/\"]}]},{\"@type\":\"ImageObject\",\"inLanguage\":\"en-GB\",\"@id\":\"https:\/\/www.phenixetdragon.net\/stages\/#primaryimage\",\"url\":\"https:\/\/www.phenixetdragon.net\/wp-content\/uploads\/2025\/07\/IMG_1975-edited.jpg\",\"contentUrl\":\"https:\/\/www.phenixetdragon.net\/wp-content\/uploads\/2025\/07\/IMG_1975-edited.jpg\",\"width\":1170,\"height\":780},{\"@type\":\"BreadcrumbList\",\"@id\":\"https:\/\/www.phenixetdragon.net\/stages\/#breadcrumb\",\"itemListElement\":[{\"@type\":\"ListItem\",\"position\":1,\"name\":\"Accueil\",\"item\":\"https:\/\/www.phenixetdragon.net\/\"},{\"@type\":\"ListItem\",\"position\":2,\"name\":\"Nos Stages\"}]},{\"@type\":\"WebSite\",\"@id\":\"https:\/\/www.phenixetdragon.net\/#website\",\"url\":\"https:\/\/www.phenixetdragon.net\/\",\"name\":\"Ph\u00e9nix et Dragon\",\"description\":\"Arts Martiaux Chinois, Kung Fu, Taiji Quan, et Arts Energ\u00e9tiques, Qi Gong\",\"publisher\":{\"@id\":\"https:\/\/www.phenixetdragon.net\/#organization\"},\"potentialAction\":[{\"@type\":\"SearchAction\",\"target\":{\"@type\":\"EntryPoint\",\"urlTemplate\":\"https:\/\/www.phenixetdragon.net\/?s={search_term_string}\"},\"query-input\":{\"@type\":\"PropertyValueSpecification\",\"valueRequired\":true,\"valueName\":\"search_term_string\"}}],\"inLanguage\":\"en-GB\"},{\"@type\":\"Organization\",\"@id\":\"https:\/\/www.phenixetdragon.net\/#organization\",\"name\":\"Ph\u00e9nix et Dragon\",\"url\":\"https:\/\/www.phenixetdragon.net\/\",\"logo\":{\"@type\":\"ImageObject\",\"inLanguage\":\"en-GB\",\"@id\":\"https:\/\/www.phenixetdragon.net\/#\/schema\/logo\/image\/\",\"url\":\"https:\/\/www.phenixetdragon.net\/wp-content\/uploads\/2021\/08\/logophenixdragon.png\",\"contentUrl\":\"https:\/\/www.phenixetdragon.net\/wp-content\/uploads\/2021\/08\/logophenixdragon.png\",\"width\":674,\"height\":113,\"caption\":\"Ph\u00e9nix et Dragon\"},\"image\":{\"@id\":\"https:\/\/www.phenixetdragon.net\/#\/schema\/logo\/image\/\"},\"sameAs\":[\"https:\/\/fr-fr.facebook.com\/assoephedra\/\",\"https:\/\/www.instagram.com\/ecolephenixetdragon\/\"]}]}<\/script>\n<!-- \/ Yoast SEO plugin. -->","yoast_head_json":{"title":"Nos Stages - Ph\u00e9nix et Dragon","description":"Participez aux stages Ph\u00e9nix & Dragon : immersions en Kung Fu, Taiji, Qi Gong, ateliers th\u00e9matiques et rencontres martiales en France.","robots":{"index":"index","follow":"follow","max-snippet":"max-snippet:-1","max-image-preview":"max-image-preview:large","max-video-preview":"max-video-preview:-1"},"canonical":"https:\/\/www.phenixetdragon.net\/en\/stages\/","og_locale":"en_GB","og_type":"article","og_title":"Nos Stages - Ph\u00e9nix et Dragon","og_description":"Participez aux stages Ph\u00e9nix & Dragon : immersions en Kung Fu, Taiji, Qi Gong, ateliers th\u00e9matiques et rencontres martiales en France.","og_url":"https:\/\/www.phenixetdragon.net\/en\/stages\/","og_site_name":"Ph\u00e9nix et Dragon","article_publisher":"https:\/\/fr-fr.facebook.com\/assoephedra\/","article_modified_time":"2026-01-16T22:13:45+00:00","og_image":[{"width":1170,"height":780,"url":"https:\/\/www.phenixetdragon.net\/wp-content\/uploads\/2025\/07\/IMG_1975-edited.jpg","type":"image\/jpeg"}],"twitter_card":"summary_large_image","twitter_misc":{"Estimated reading time":"3 minutes"},"schema":{"@context":"https:\/\/schema.org","@graph":[{"@type":"WebPage","@id":"https:\/\/www.phenixetdragon.net\/stages\/","url":"https:\/\/www.phenixetdragon.net\/stages\/","name":"Nos Stages - Ph\u00e9nix et Dragon","isPartOf":{"@id":"https:\/\/www.phenixetdragon.net\/#website"},"primaryImageOfPage":{"@id":"https:\/\/www.phenixetdragon.net\/stages\/#primaryimage"},"image":{"@id":"https:\/\/www.phenixetdragon.net\/stages\/#primaryimage"},"thumbnailUrl":"https:\/\/www.phenixetdragon.net\/wp-content\/uploads\/2025\/07\/IMG_1975-edited.jpg","datePublished":"2025-07-20T20:51:39+00:00","dateModified":"2026-01-16T22:13:45+00:00","description":"Participez aux stages Ph\u00e9nix & Dragon : immersions en Kung Fu, Taiji, Qi Gong, ateliers th\u00e9matiques et rencontres martiales en France.","breadcrumb":{"@id":"https:\/\/www.phenixetdragon.net\/stages\/#breadcrumb"},"inLanguage":"en-GB","potentialAction":[{"@type":"ReadAction","target":["https:\/\/www.phenixetdragon.net\/stages\/"]}]},{"@type":"ImageObject","inLanguage":"en-GB","@id":"https:\/\/www.phenixetdragon.net\/stages\/#primaryimage","url":"https:\/\/www.phenixetdragon.net\/wp-content\/uploads\/2025\/07\/IMG_1975-edited.jpg","contentUrl":"https:\/\/www.phenixetdragon.net\/wp-content\/uploads\/2025\/07\/IMG_1975-edited.jpg","width":1170,"height":780},{"@type":"BreadcrumbList","@id":"https:\/\/www.phenixetdragon.net\/stages\/#breadcrumb","itemListElement":[{"@type":"ListItem","position":1,"name":"Accueil","item":"https:\/\/www.phenixetdragon.net\/"},{"@type":"ListItem","position":2,"name":"Nos Stages"}]},{"@type":"WebSite","@id":"https:\/\/www.phenixetdragon.net\/#website","url":"https:\/\/www.phenixetdragon.net\/","name":"Ph\u00e9nix et Dragon","description":"Arts Martiaux Chinois, Kung Fu, Taiji Quan, et Arts Energ\u00e9tiques, Qi Gong","publisher":{"@id":"https:\/\/www.phenixetdragon.net\/#organization"},"potentialAction":[{"@type":"SearchAction","target":{"@type":"EntryPoint","urlTemplate":"https:\/\/www.phenixetdragon.net\/?s={search_term_string}"},"query-input":{"@type":"PropertyValueSpecification","valueRequired":true,"valueName":"search_term_string"}}],"inLanguage":"en-GB"},{"@type":"Organization","@id":"https:\/\/www.phenixetdragon.net\/#organization","name":"Ph\u00e9nix et Dragon","url":"https:\/\/www.phenixetdragon.net\/","logo":{"@type":"ImageObject","inLanguage":"en-GB","@id":"https:\/\/www.phenixetdragon.net\/#\/schema\/logo\/image\/","url":"https:\/\/www.phenixetdragon.net\/wp-content\/uploads\/2021\/08\/logophenixdragon.png","contentUrl":"https:\/\/www.phenixetdragon.net\/wp-content\/uploads\/2021\/08\/logophenixdragon.png","width":674,"height":113,"caption":"Ph\u00e9nix et Dragon"},"image":{"@id":"https:\/\/www.phenixetdragon.net\/#\/schema\/logo\/image\/"},"sameAs":["https:\/\/fr-fr.facebook.com\/assoephedra\/","https:\/\/www.instagram.com\/ecolephenixetdragon\/"]}]}},"_links":{"self":[{"href":"https:\/\/www.phenixetdragon.net\/en\/wp-json\/wp\/v2\/pages\/9093","targetHints":{"allow":["GET"]}}],"collection":[{"href":"https:\/\/www.phenixetdragon.net\/en\/wp-json\/wp\/v2\/pages"}],"about":[{"href":"https:\/\/www.phenixetdragon.net\/en\/wp-json\/wp\/v2\/types\/page"}],"author":[{"embeddable":true,"href":"https:\/\/www.phenixetdragon.net\/en\/wp-json\/wp\/v2\/users\/7"}],"replies":[{"embeddable":true,"href":"https:\/\/www.phenixetdragon.net\/en\/wp-json\/wp\/v2\/comments?post=9093"}],"version-history":[{"count":7,"href":"https:\/\/www.phenixetdragon.net\/en\/wp-json\/wp\/v2\/pages\/9093\/revisions"}],"predecessor-version":[{"id":10549,"href":"https:\/\/www.phenixetdragon.net\/en\/wp-json\/wp\/v2\/pages\/9093\/revisions\/10549"}],"wp:featuredmedia":[{"embeddable":true,"href":"https:\/\/www.phenixetdragon.net\/en\/wp-json\/wp\/v2\/media\/9089"}],"wp:attachment":[{"href":"https:\/\/www.phenixetdragon.net\/en\/wp-json\/wp\/v2\/media?parent=9093"}],"curies":[{"name":"wp","href":"https:\/\/api.w.org\/{rel}","templated":true}]}}