{"id":9111,"date":"2025-07-21T20:15:13","date_gmt":"2025-07-21T18:15:13","guid":{"rendered":"https:\/\/www.phenixetdragon.net\/?page_id=9111"},"modified":"2025-10-25T17:47:18","modified_gmt":"2025-10-25T15:47:18","slug":"temoignages","status":"publish","type":"page","link":"https:\/\/www.phenixetdragon.net\/en\/summercamp\/temoignages\/","title":{"rendered":"Summer Camp &#8211; T\u00e9moignages"},"content":{"rendered":"<p class=\"has-text-align-center has-white-color has-blush-bordeaux-gradient-background has-text-color has-background has-link-color wp-elements-dcdc3eabbd1f1313e040bc212135444b\"><strong>Plongez au c\u0153ur de l\u2019exp\u00e9rience Summer Camp \u00e0 travers les yeux de nos participants ! <\/strong><\/p>\n\n\n\n<p>Chaque ann\u00e9e, adultes, enfants et adolescents viennent partager une semaine de pratique intensive, de d\u00e9couvertes et de moments conviviaux en Ard\u00e8che. Ces t\u00e9moignages refl\u00e8tent l\u2019esprit de notre \u00e9cole : apprentissage, \u00e9nergie et partage, dans un cadre naturel unique. D\u00e9couvrez leurs impressions et revivez avec nous ces moments inoubliables.<\/p>\n\n\n\n<p class=\"has-vivid-red-color has-text-color has-link-color wp-elements-c18906375b87fcab57a46b638e71dfd2\"><strong>\ud83d\ude4f\ud83c\udffb Merci \u00e0 tous pour vos messages !<\/strong><\/p>\n\n\n\n<p><strong>Onnik, Normandie<\/strong>: <em>Merci \u00e0 tous pour cette nouvelle \u00e9dition du Summer Camp. Encore plus de bonnes \u00e9nergies. Merci Aur\u00e9lie et Matteo et nos instructeurs, Fengqin Yan et bien s\u00fbr Me Ming Yue que j&rsquo;aimerais revoir avec nous l&rsquo;ann\u00e9e prochain ! \ud83d\ude4f et \ud83d\ude18 \u00e0 tous<\/em>.<\/p>\n\n\n\n<p><strong>Marion, Ard\u00e8che: <\/strong><em>Merci pour cette belle organisation. Que de bonnes \u00e9nergies partag\u00e9es\u2026 Il n&rsquo;y a qu&rsquo;\u00e0 regarder chacun de nos sourires et nos \u00e9toiles dans les yeux sur cette photo pour r\u00e9sumer cette semaine ! Bon retour \u00e0 tous, dans l&rsquo;attente du prochain SummerCamp\u2026<\/em><\/p>\n\n\n\n<p><strong>L\u00e6titia, Paris: <\/strong><em>Quelle joie de voir ces vid\u00e9os. Merci pour ce Summer Camp !<\/em><\/p>\n\n\n\n<div class=\"wp-block-columns is-layout-flex wp-container-core-columns-is-layout-9d6595d7 wp-block-columns-is-layout-flex\">\n<div class=\"wp-block-column is-layout-flow wp-block-column-is-layout-flow\">\n<figure class=\"wp-block-image size-large\"><img decoding=\"async\" src=\"data:image\/gif;base64,R0lGODlhAQABAAAAACH5BAEKAAEALAAAAAABAAEAAAICTAEAOw==\" data-layzr=\"https:\/\/www.phenixetdragon.net\/wp-content\/uploads\/2025\/10\/D2DC28E5-4DAC-427A-A5F1-CCC2C5011E60_1_105_c-1024x576.jpeg\" alt=\"\" class=\"wp-image-9681\"\/><\/figure>\n<\/div>\n\n\n\n<div class=\"wp-block-column is-layout-flow wp-block-column-is-layout-flow\">\n<figure class=\"wp-block-image size-full\"><img decoding=\"async\" src=\"data:image\/gif;base64,R0lGODlhAQABAAAAACH5BAEKAAEALAAAAAABAAEAAAICTAEAOw==\" data-layzr=\"https:\/\/www.phenixetdragon.net\/wp-content\/uploads\/2025\/10\/D20C9AEE-C114-4405-86FE-E2253DF36613_1_105_c-edited.jpeg\" alt=\"\" class=\"wp-image-9683\"\/><\/figure>\n<\/div>\n\n\n\n<div class=\"wp-block-column is-layout-flow wp-block-column-is-layout-flow\">\n<figure class=\"wp-block-image size-large\"><img decoding=\"async\" src=\"data:image\/gif;base64,R0lGODlhAQABAAAAACH5BAEKAAEALAAAAAABAAEAAAICTAEAOw==\" data-layzr=\"https:\/\/www.phenixetdragon.net\/wp-content\/uploads\/2025\/10\/CA44E554-3A0E-406A-BD9A-786B96B7B5BA_1_105_c-1-1024x576.jpeg\" alt=\"\" class=\"wp-image-9682\"\/><\/figure>\n<\/div>\n<\/div>\n\n\n\n<p><strong>Agn\u00e8s, Malakoff: <\/strong><em>Un grrrand merci \u00e0 tous pour votre gentillesse, votre bonne humeur, et pour votre patience les instructeurs ! Oui, vivement le prochain summer camp. En attendant nous en retrouvons je crois l\u2019esprit lors de la formation ! \u00c0 bient\u00f4t !<\/em> <\/p>\n\n\n\n<p><strong>Barbara, Paris: <\/strong><em>Merci \u00e0 tous les professeurs pour cette semaine sportive et \u00e0 Ma\u00eblle pour s&rsquo;\u00eatre occup\u00e9e des enfants. Albert s&rsquo;est bien amus\u00e9 et nous avons appr\u00e9ci\u00e9 de faire partie de votre groupe !<\/em><\/p>\n\n\n\n<p><strong>Marie-Evelyne, Lyon<\/strong>: <em>C\u2019\u00e9tait vraiment sympathique et agr\u00e9able de partager cette semaine de pratique avec vous. Merci de votre accueil<\/em> !<\/p>\n\n\n\n<div class=\"wp-block-columns is-layout-flex wp-container-core-columns-is-layout-9d6595d7 wp-block-columns-is-layout-flex\">\n<div class=\"wp-block-column is-layout-flow wp-block-column-is-layout-flow\">\n<figure class=\"wp-block-image size-large\"><img decoding=\"async\" src=\"data:image\/gif;base64,R0lGODlhAQABAAAAACH5BAEKAAEALAAAAAABAAEAAAICTAEAOw==\" data-layzr=\"https:\/\/www.phenixetdragon.net\/wp-content\/uploads\/2025\/10\/F1E4B313-FCE9-4D4A-9A5C-A8D470503DD8_1_102_a-edited.jpeg\" alt=\"\" class=\"wp-image-9689\"\/><\/figure>\n<\/div>\n\n\n\n<div class=\"wp-block-column is-layout-flow wp-block-column-is-layout-flow\">\n<figure class=\"wp-block-image size-full\"><img decoding=\"async\" src=\"data:image\/gif;base64,R0lGODlhAQABAAAAACH5BAEKAAEALAAAAAABAAEAAAICTAEAOw==\" data-layzr=\"https:\/\/www.phenixetdragon.net\/wp-content\/uploads\/2025\/10\/4D1FB02F-B4A2-417A-8F00-9A826890D71E_1_105_c-edited.jpeg\" alt=\"\" class=\"wp-image-9686\"\/><\/figure>\n<\/div>\n\n\n\n<div class=\"wp-block-column is-layout-flow wp-block-column-is-layout-flow\">\n<figure class=\"wp-block-image size-full\"><img decoding=\"async\" src=\"data:image\/gif;base64,R0lGODlhAQABAAAAACH5BAEKAAEALAAAAAABAAEAAAICTAEAOw==\" data-layzr=\"https:\/\/www.phenixetdragon.net\/wp-content\/uploads\/2025\/10\/A275290C-E7BB-4FBB-B1F2-26DE07C90B7B_4_5005_c-edited.jpeg\" alt=\"\" class=\"wp-image-9687\"\/><\/figure>\n<\/div>\n<\/div>\n\n\n\n<p><strong>L\u00e6titia, Marseille: <\/strong><em>Merci Matteo pour ce summer camp, \u00e0 l\u2019esprit que tu y poses, l\u2019\u00e9nergie positive que tu y inities, les savoirs que tu y transmets \u2026 Merci aux ma\u00eetres et \u00e9l\u00e8ves pour leur enseignement et patience \ud83d\ude1a\ud83d\ude09\ud83d\ude0a Merci a tous pour votre chaleur, bienveillance, partage et bonne humeur \ud83e\udd17\ud83c\udf7e\ud83c\udf89\ud83d\ude02\ud83d\udc83. Je suis venue pour tenter d\u2019acqu\u00e9rir les bases en arts martiaux et repars avec tellement plus. Merci a tous pour ces moments de partage, Bonnes vacances. A bient\u00f4t<\/em> !<\/p>\n\n\n\n<p><strong>Onnik, Normandie<\/strong>: <em>D\u00e8s mon retour au bureau je pose mes jours pour le prochain summer camp, comme \u00e7a je suis certain de pas louper la fen\u00eatre de tir !<\/em> <em>Merci \u00e0 Matteo, Philippe, Erwan, Nicolas. Et plus largement merci \u00e0 tous pour cette superbe session cette ann\u00e9e. Et je ne serai pas original en disant vivement le SUMMMMER C AAAAAA M P de l&rsquo;ann\u00e9e prochaine !!<\/em><\/p>\n\n\n\n<p><strong>Nathalie, Paris: <\/strong><em>C\u2019\u00e9tait g\u00e9nial de vous retrouver toutes et tous pour cette magnifique semaine de stage, riche d\u2019enseignements et d\u2019amiti\u00e9s! Bel \u00e9t\u00e9 et \u00e0 tr\u00e8s vite \ud83e\udd70<\/em><\/p>\n\n\n\n<div class=\"wp-block-columns is-layout-flex wp-container-core-columns-is-layout-9d6595d7 wp-block-columns-is-layout-flex\">\n<div class=\"wp-block-column is-layout-flow wp-block-column-is-layout-flow\">\n<figure class=\"wp-block-image size-large\"><img decoding=\"async\" src=\"data:image\/gif;base64,R0lGODlhAQABAAAAACH5BAEKAAEALAAAAAABAAEAAAICTAEAOw==\" data-layzr=\"https:\/\/www.phenixetdragon.net\/wp-content\/uploads\/2025\/10\/AE7F072F-D190-4D01-843A-8CE2A0F53120_1_102_a-edited.jpeg\" alt=\"\" class=\"wp-image-9697\"\/><\/figure>\n<\/div>\n\n\n\n<div class=\"wp-block-column is-layout-flow wp-block-column-is-layout-flow\">\n<figure class=\"wp-block-image size-full\"><img decoding=\"async\" src=\"data:image\/gif;base64,R0lGODlhAQABAAAAACH5BAEKAAEALAAAAAABAAEAAAICTAEAOw==\" data-layzr=\"https:\/\/www.phenixetdragon.net\/wp-content\/uploads\/2025\/10\/86482D26-B857-450B-B1DF-C56B5AA3A17B_1_105_c-edited.jpeg\" alt=\"\" class=\"wp-image-9695\"\/><\/figure>\n<\/div>\n\n\n\n<div class=\"wp-block-column is-layout-flow wp-block-column-is-layout-flow\">\n<figure class=\"wp-block-image size-full\"><img decoding=\"async\" src=\"data:image\/gif;base64,R0lGODlhAQABAAAAACH5BAEKAAEALAAAAAABAAEAAAICTAEAOw==\" data-layzr=\"https:\/\/www.phenixetdragon.net\/wp-content\/uploads\/2025\/10\/A4009A9F-5177-44C6-90BC-8AA43EE036E2_1_105_c-edited.jpeg\" alt=\"\" class=\"wp-image-9696\"\/><\/figure>\n<\/div>\n<\/div>\n\n\n\n<p><strong>Marie, Paris: <\/strong><em>Merci encore \u00e0 tous et notamment aux organisateurs. C\u2019\u00e9tait super. \ud83e\udef6 Gros c\u0153ur d\u2019amour sur vous tous \u2013 pour ceux qui n\u2019ont pas les emoji \ud83d\ude42<\/em><\/p>\n\n\n\n<p><strong>Justyna, Oslo:<\/strong><em><strong> <\/strong>We are on our way home\u2026Thank you everyone for a great time we had, nice food, wine lessons, great conversations, trips and last but not least things I learnt at the training which make me appreciate martial arts always more and more.<\/em><\/p>\n\n\n\n<p><strong>H\u00e9l\u00e8ne, Asni\u00e8res:<\/strong> <em>Je d\u00e9colle pour Biarritz.. merci \u00e0 tous pour ce summer camp international tr\u00e8s r\u00e9ussi! Bel \u00e9t\u00e9 \u00e0 vous\u2026<\/em><\/p>\n\n\n\n<div class=\"wp-block-columns is-layout-flex wp-container-core-columns-is-layout-9d6595d7 wp-block-columns-is-layout-flex\">\n<div class=\"wp-block-column is-layout-flow wp-block-column-is-layout-flow\">\n<figure class=\"wp-block-image size-full\"><img decoding=\"async\" src=\"data:image\/gif;base64,R0lGODlhAQABAAAAACH5BAEKAAEALAAAAAABAAEAAAICTAEAOw==\" data-layzr=\"https:\/\/www.phenixetdragon.net\/wp-content\/uploads\/2025\/10\/4C3CF96A-F61A-4047-9824-DE7407244063_1_105_c-edited.jpeg\" alt=\"\" class=\"wp-image-9704\"\/><\/figure>\n<\/div>\n\n\n\n<div class=\"wp-block-column is-layout-flow wp-block-column-is-layout-flow\">\n<figure class=\"wp-block-image size-full\"><img decoding=\"async\" src=\"data:image\/gif;base64,R0lGODlhAQABAAAAACH5BAEKAAEALAAAAAABAAEAAAICTAEAOw==\" data-layzr=\"https:\/\/www.phenixetdragon.net\/wp-content\/uploads\/2025\/10\/CE1820F0-40B8-4C09-B2FF-85FA12C52948_1_105_c-edited.jpeg\" alt=\"\" class=\"wp-image-9707\"\/><\/figure>\n<\/div>\n\n\n\n<div class=\"wp-block-column is-layout-flow wp-block-column-is-layout-flow\">\n<figure class=\"wp-block-image size-full\"><img decoding=\"async\" src=\"data:image\/gif;base64,R0lGODlhAQABAAAAACH5BAEKAAEALAAAAAABAAEAAAICTAEAOw==\" data-layzr=\"https:\/\/www.phenixetdragon.net\/wp-content\/uploads\/2025\/10\/4345E66B-7EE5-409D-8606-77CAE83C5E4D_4_5005_c-edited.jpeg\" alt=\"\" class=\"wp-image-9712\"\/><\/figure>\n<\/div>\n<\/div>\n\n\n\n<p><strong>Charles, Paris: <\/strong><em>Sur la route du retour \ud83d\ude42 merci pour tous ces moments pass\u00e9s ensemble, l\u2019ambiance familiale internationale, les activit\u00e9s pour les enfants, pour nous c\u2019\u00e9tait la d\u00e9couverte\u2026 hors du temps pour quelques jours ! Bravo pour l\u2019organisation hors pair et \u00e0 tr\u00e8s vite ! \u263a\ufe0f<\/em><\/p>\n\n\n\n<p><strong>Marion, Paris:<\/strong> <em>Semaine riche en pratique, en partages, moments ensoleill\u00e9s, escapades\u2026 et en rigolades \ud83d\ude02\ud83d\ude4c\ud83d\ude0a \u00c0 bient\u00f4t pour de nouvelles aventures j&rsquo;esp\u00e8re !<\/em><\/p>\n\n\n\n<p><strong>L\u00e6titia, Marseille:<\/strong> <em>Merci pour cette belle semaine pleine de chaleur, bonne humeur et d&rsquo;enseignements.<\/em><\/p>\n\n\n\n<p class=\"has-text-align-center has-white-color has-blush-bordeaux-gradient-background has-text-color has-background has-link-color wp-elements-9529b4a912f40f6878f2d0d40ccaced1\">Chaque t\u00e9moignage illustre la richesse et la diversit\u00e9 des exp\u00e9riences v\u00e9cues au Summer Camp. Ils sont une source d\u2019inspiration pour tous ceux qui souhaitent progresser dans les arts martiaux et les pratiques \u00e9nerg\u00e9tiques tout en partageant des moments de convivialit\u00e9. Nous vous invitons \u00e0 rejoindre la prochaine \u00e9dition et \u00e0 cr\u00e9er vos propres souvenirs au Summer Camp Ph\u00e9nix &amp; Dragon !<\/p>","protected":false},"excerpt":{"rendered":"<p>Plongez au c\u0153ur de l\u2019exp\u00e9rience Summer Camp \u00e0 travers les yeux de nos participants ! Chaque ann\u00e9e, adultes, enfants et adolescents viennent partager une semaine de pratique intensive, de d\u00e9couvertes et de moments conviviaux en Ard\u00e8che. Ces t\u00e9moignages refl\u00e8tent l\u2019esprit de notre \u00e9cole : apprentissage, \u00e9nergie et partage, dans un cadre naturel unique. D\u00e9couvrez leurs &hellip; <\/p>","protected":false},"author":7,"featured_media":0,"parent":9115,"menu_order":0,"comment_status":"closed","ping_status":"closed","template":"","meta":{"footnotes":""},"class_list":["post-9111","page","type-page","status-publish","hentry","latest_post"],"yoast_head":"<!-- This site is optimized with the Yoast SEO plugin v26.3 - https:\/\/yoast.com\/wordpress\/plugins\/seo\/ -->\n<title>Summer Camp - T\u00e9moignages - Ph\u00e9nix et Dragon<\/title>\n<meta name=\"description\" content=\"D\u00e9couvrez les t\u00e9moignages des participants au Summer Camp de Ph\u00e9nix &amp; Dragon : une semaine de pratique intense, de partage et de convivialit\u00e9 en Ard\u00e8che, sous l\u2019enseignement de Ma\u00eetre Ming Yue.\" \/>\n<meta name=\"robots\" content=\"index, follow, max-snippet:-1, max-image-preview:large, max-video-preview:-1\" \/>\n<link rel=\"canonical\" href=\"https:\/\/www.phenixetdragon.net\/en\/summercamp\/temoignages\/\" \/>\n<meta property=\"og:locale\" content=\"en_GB\" \/>\n<meta property=\"og:type\" content=\"article\" \/>\n<meta property=\"og:title\" content=\"Summer Camp - T\u00e9moignages - Ph\u00e9nix et Dragon\" \/>\n<meta property=\"og:description\" content=\"D\u00e9couvrez les t\u00e9moignages des participants au Summer Camp de Ph\u00e9nix &amp; Dragon : une semaine de pratique intense, de partage et de convivialit\u00e9 en Ard\u00e8che, sous l\u2019enseignement de Ma\u00eetre Ming Yue.\" \/>\n<meta property=\"og:url\" content=\"https:\/\/www.phenixetdragon.net\/en\/summercamp\/temoignages\/\" \/>\n<meta property=\"og:site_name\" content=\"Ph\u00e9nix et Dragon\" \/>\n<meta property=\"article:publisher\" content=\"https:\/\/fr-fr.facebook.com\/assoephedra\/\" \/>\n<meta property=\"article:modified_time\" content=\"2025-10-25T15:47:18+00:00\" \/>\n<meta property=\"og:image\" content=\"https:\/\/www.phenixetdragon.net\/wp-content\/uploads\/2025\/10\/D2DC28E5-4DAC-427A-A5F1-CCC2C5011E60_1_105_c-1024x576.jpeg\" \/>\n<meta name=\"twitter:card\" content=\"summary_large_image\" \/>\n<meta name=\"twitter:label1\" content=\"Estimated reading time\" \/>\n\t<meta name=\"twitter:data1\" content=\"4 minutes\" \/>\n<script type=\"application\/ld+json\" class=\"yoast-schema-graph\">{\"@context\":\"https:\/\/schema.org\",\"@graph\":[{\"@type\":\"WebPage\",\"@id\":\"https:\/\/www.phenixetdragon.net\/summercamp\/temoignages\/\",\"url\":\"https:\/\/www.phenixetdragon.net\/summercamp\/temoignages\/\",\"name\":\"Summer Camp - T\u00e9moignages - Ph\u00e9nix et Dragon\",\"isPartOf\":{\"@id\":\"https:\/\/www.phenixetdragon.net\/#website\"},\"primaryImageOfPage\":{\"@id\":\"https:\/\/www.phenixetdragon.net\/summercamp\/temoignages\/#primaryimage\"},\"image\":{\"@id\":\"https:\/\/www.phenixetdragon.net\/summercamp\/temoignages\/#primaryimage\"},\"thumbnailUrl\":\"https:\/\/www.phenixetdragon.net\/wp-content\/uploads\/2025\/10\/D2DC28E5-4DAC-427A-A5F1-CCC2C5011E60_1_105_c-1024x576.jpeg\",\"datePublished\":\"2025-07-21T18:15:13+00:00\",\"dateModified\":\"2025-10-25T15:47:18+00:00\",\"description\":\"D\u00e9couvrez les t\u00e9moignages des participants au Summer Camp de Ph\u00e9nix & Dragon : une semaine de pratique intense, de partage et de convivialit\u00e9 en Ard\u00e8che, sous l\u2019enseignement de Ma\u00eetre Ming Yue.\",\"breadcrumb\":{\"@id\":\"https:\/\/www.phenixetdragon.net\/summercamp\/temoignages\/#breadcrumb\"},\"inLanguage\":\"en-GB\",\"potentialAction\":[{\"@type\":\"ReadAction\",\"target\":[\"https:\/\/www.phenixetdragon.net\/summercamp\/temoignages\/\"]}]},{\"@type\":\"ImageObject\",\"inLanguage\":\"en-GB\",\"@id\":\"https:\/\/www.phenixetdragon.net\/summercamp\/temoignages\/#primaryimage\",\"url\":\"https:\/\/www.phenixetdragon.net\/wp-content\/uploads\/2025\/10\/D2DC28E5-4DAC-427A-A5F1-CCC2C5011E60_1_105_c-1024x576.jpeg\",\"contentUrl\":\"https:\/\/www.phenixetdragon.net\/wp-content\/uploads\/2025\/10\/D2DC28E5-4DAC-427A-A5F1-CCC2C5011E60_1_105_c-1024x576.jpeg\"},{\"@type\":\"BreadcrumbList\",\"@id\":\"https:\/\/www.phenixetdragon.net\/summercamp\/temoignages\/#breadcrumb\",\"itemListElement\":[{\"@type\":\"ListItem\",\"position\":1,\"name\":\"Accueil\",\"item\":\"https:\/\/www.phenixetdragon.net\/\"},{\"@type\":\"ListItem\",\"position\":2,\"name\":\"Notre Summer Camp\",\"item\":\"https:\/\/www.phenixetdragon.net\/summercamp\/\"},{\"@type\":\"ListItem\",\"position\":3,\"name\":\"Summer Camp &#8211; T\u00e9moignages\"}]},{\"@type\":\"WebSite\",\"@id\":\"https:\/\/www.phenixetdragon.net\/#website\",\"url\":\"https:\/\/www.phenixetdragon.net\/\",\"name\":\"Ph\u00e9nix et Dragon\",\"description\":\"Arts Martiaux Chinois, Kung Fu, Taiji Quan, et Arts Energ\u00e9tiques, Qi Gong\",\"publisher\":{\"@id\":\"https:\/\/www.phenixetdragon.net\/#organization\"},\"potentialAction\":[{\"@type\":\"SearchAction\",\"target\":{\"@type\":\"EntryPoint\",\"urlTemplate\":\"https:\/\/www.phenixetdragon.net\/?s={search_term_string}\"},\"query-input\":{\"@type\":\"PropertyValueSpecification\",\"valueRequired\":true,\"valueName\":\"search_term_string\"}}],\"inLanguage\":\"en-GB\"},{\"@type\":\"Organization\",\"@id\":\"https:\/\/www.phenixetdragon.net\/#organization\",\"name\":\"Ph\u00e9nix et Dragon\",\"url\":\"https:\/\/www.phenixetdragon.net\/\",\"logo\":{\"@type\":\"ImageObject\",\"inLanguage\":\"en-GB\",\"@id\":\"https:\/\/www.phenixetdragon.net\/#\/schema\/logo\/image\/\",\"url\":\"https:\/\/www.phenixetdragon.net\/wp-content\/uploads\/2021\/08\/logophenixdragon.png\",\"contentUrl\":\"https:\/\/www.phenixetdragon.net\/wp-content\/uploads\/2021\/08\/logophenixdragon.png\",\"width\":674,\"height\":113,\"caption\":\"Ph\u00e9nix et Dragon\"},\"image\":{\"@id\":\"https:\/\/www.phenixetdragon.net\/#\/schema\/logo\/image\/\"},\"sameAs\":[\"https:\/\/fr-fr.facebook.com\/assoephedra\/\",\"https:\/\/www.instagram.com\/ecolephenixetdragon\/\"]}]}<\/script>\n<!-- \/ Yoast SEO plugin. -->","yoast_head_json":{"title":"Summer Camp - T\u00e9moignages - Ph\u00e9nix et Dragon","description":"D\u00e9couvrez les t\u00e9moignages des participants au Summer Camp de Ph\u00e9nix & Dragon : une semaine de pratique intense, de partage et de convivialit\u00e9 en Ard\u00e8che, sous l\u2019enseignement de Ma\u00eetre Ming Yue.","robots":{"index":"index","follow":"follow","max-snippet":"max-snippet:-1","max-image-preview":"max-image-preview:large","max-video-preview":"max-video-preview:-1"},"canonical":"https:\/\/www.phenixetdragon.net\/en\/summercamp\/temoignages\/","og_locale":"en_GB","og_type":"article","og_title":"Summer Camp - T\u00e9moignages - Ph\u00e9nix et Dragon","og_description":"D\u00e9couvrez les t\u00e9moignages des participants au Summer Camp de Ph\u00e9nix & Dragon : une semaine de pratique intense, de partage et de convivialit\u00e9 en Ard\u00e8che, sous l\u2019enseignement de Ma\u00eetre Ming Yue.","og_url":"https:\/\/www.phenixetdragon.net\/en\/summercamp\/temoignages\/","og_site_name":"Ph\u00e9nix et Dragon","article_publisher":"https:\/\/fr-fr.facebook.com\/assoephedra\/","article_modified_time":"2025-10-25T15:47:18+00:00","og_image":[{"url":"https:\/\/www.phenixetdragon.net\/wp-content\/uploads\/2025\/10\/D2DC28E5-4DAC-427A-A5F1-CCC2C5011E60_1_105_c-1024x576.jpeg","type":"","width":"","height":""}],"twitter_card":"summary_large_image","twitter_misc":{"Estimated reading time":"4 minutes"},"schema":{"@context":"https:\/\/schema.org","@graph":[{"@type":"WebPage","@id":"https:\/\/www.phenixetdragon.net\/summercamp\/temoignages\/","url":"https:\/\/www.phenixetdragon.net\/summercamp\/temoignages\/","name":"Summer Camp - T\u00e9moignages - Ph\u00e9nix et Dragon","isPartOf":{"@id":"https:\/\/www.phenixetdragon.net\/#website"},"primaryImageOfPage":{"@id":"https:\/\/www.phenixetdragon.net\/summercamp\/temoignages\/#primaryimage"},"image":{"@id":"https:\/\/www.phenixetdragon.net\/summercamp\/temoignages\/#primaryimage"},"thumbnailUrl":"https:\/\/www.phenixetdragon.net\/wp-content\/uploads\/2025\/10\/D2DC28E5-4DAC-427A-A5F1-CCC2C5011E60_1_105_c-1024x576.jpeg","datePublished":"2025-07-21T18:15:13+00:00","dateModified":"2025-10-25T15:47:18+00:00","description":"D\u00e9couvrez les t\u00e9moignages des participants au Summer Camp de Ph\u00e9nix & Dragon : une semaine de pratique intense, de partage et de convivialit\u00e9 en Ard\u00e8che, sous l\u2019enseignement de Ma\u00eetre Ming Yue.","breadcrumb":{"@id":"https:\/\/www.phenixetdragon.net\/summercamp\/temoignages\/#breadcrumb"},"inLanguage":"en-GB","potentialAction":[{"@type":"ReadAction","target":["https:\/\/www.phenixetdragon.net\/summercamp\/temoignages\/"]}]},{"@type":"ImageObject","inLanguage":"en-GB","@id":"https:\/\/www.phenixetdragon.net\/summercamp\/temoignages\/#primaryimage","url":"https:\/\/www.phenixetdragon.net\/wp-content\/uploads\/2025\/10\/D2DC28E5-4DAC-427A-A5F1-CCC2C5011E60_1_105_c-1024x576.jpeg","contentUrl":"https:\/\/www.phenixetdragon.net\/wp-content\/uploads\/2025\/10\/D2DC28E5-4DAC-427A-A5F1-CCC2C5011E60_1_105_c-1024x576.jpeg"},{"@type":"BreadcrumbList","@id":"https:\/\/www.phenixetdragon.net\/summercamp\/temoignages\/#breadcrumb","itemListElement":[{"@type":"ListItem","position":1,"name":"Accueil","item":"https:\/\/www.phenixetdragon.net\/"},{"@type":"ListItem","position":2,"name":"Notre Summer Camp","item":"https:\/\/www.phenixetdragon.net\/summercamp\/"},{"@type":"ListItem","position":3,"name":"Summer Camp &#8211; T\u00e9moignages"}]},{"@type":"WebSite","@id":"https:\/\/www.phenixetdragon.net\/#website","url":"https:\/\/www.phenixetdragon.net\/","name":"Ph\u00e9nix et Dragon","description":"Arts Martiaux Chinois, Kung Fu, Taiji Quan, et Arts Energ\u00e9tiques, Qi Gong","publisher":{"@id":"https:\/\/www.phenixetdragon.net\/#organization"},"potentialAction":[{"@type":"SearchAction","target":{"@type":"EntryPoint","urlTemplate":"https:\/\/www.phenixetdragon.net\/?s={search_term_string}"},"query-input":{"@type":"PropertyValueSpecification","valueRequired":true,"valueName":"search_term_string"}}],"inLanguage":"en-GB"},{"@type":"Organization","@id":"https:\/\/www.phenixetdragon.net\/#organization","name":"Ph\u00e9nix et Dragon","url":"https:\/\/www.phenixetdragon.net\/","logo":{"@type":"ImageObject","inLanguage":"en-GB","@id":"https:\/\/www.phenixetdragon.net\/#\/schema\/logo\/image\/","url":"https:\/\/www.phenixetdragon.net\/wp-content\/uploads\/2021\/08\/logophenixdragon.png","contentUrl":"https:\/\/www.phenixetdragon.net\/wp-content\/uploads\/2021\/08\/logophenixdragon.png","width":674,"height":113,"caption":"Ph\u00e9nix et Dragon"},"image":{"@id":"https:\/\/www.phenixetdragon.net\/#\/schema\/logo\/image\/"},"sameAs":["https:\/\/fr-fr.facebook.com\/assoephedra\/","https:\/\/www.instagram.com\/ecolephenixetdragon\/"]}]}},"_links":{"self":[{"href":"https:\/\/www.phenixetdragon.net\/en\/wp-json\/wp\/v2\/pages\/9111","targetHints":{"allow":["GET"]}}],"collection":[{"href":"https:\/\/www.phenixetdragon.net\/en\/wp-json\/wp\/v2\/pages"}],"about":[{"href":"https:\/\/www.phenixetdragon.net\/en\/wp-json\/wp\/v2\/types\/page"}],"author":[{"embeddable":true,"href":"https:\/\/www.phenixetdragon.net\/en\/wp-json\/wp\/v2\/users\/7"}],"replies":[{"embeddable":true,"href":"https:\/\/www.phenixetdragon.net\/en\/wp-json\/wp\/v2\/comments?post=9111"}],"version-history":[{"count":6,"href":"https:\/\/www.phenixetdragon.net\/en\/wp-json\/wp\/v2\/pages\/9111\/revisions"}],"predecessor-version":[{"id":9713,"href":"https:\/\/www.phenixetdragon.net\/en\/wp-json\/wp\/v2\/pages\/9111\/revisions\/9713"}],"up":[{"embeddable":true,"href":"https:\/\/www.phenixetdragon.net\/en\/wp-json\/wp\/v2\/pages\/9115"}],"wp:attachment":[{"href":"https:\/\/www.phenixetdragon.net\/en\/wp-json\/wp\/v2\/media?parent=9111"}],"curies":[{"name":"wp","href":"https:\/\/api.w.org\/{rel}","templated":true}]}}