{"id":9115,"date":"2025-07-21T20:41:22","date_gmt":"2025-07-21T18:41:22","guid":{"rendered":"https:\/\/www.phenixetdragon.net\/?page_id=9115"},"modified":"2025-11-13T15:09:00","modified_gmt":"2025-11-13T14:09:00","slug":"summercamp","status":"publish","type":"page","link":"https:\/\/www.phenixetdragon.net\/en\/summercamp\/","title":{"rendered":"Notre Summer Camp"},"content":{"rendered":"<p class=\"has-text-align-center has-white-color has-blush-bordeaux-gradient-background has-text-color has-background has-link-color wp-elements-4294f0ec57b351c4a78d6a355803150c\" style=\"text-transform:none\">&gt;&gt; <strong>Combining martial arts practice with a relaxing holiday in a beautiful region <\/strong>&lt;&lt;<\/p>\n\n\n\n<figure class=\"wp-block-gallery has-nested-images columns-default is-cropped wp-block-gallery-2 is-layout-flex wp-block-gallery-is-layout-flex\">\n<figure class=\"wp-block-image size-large\"><img decoding=\"async\" data-id=\"8903\" src=\"data:image\/gif;base64,R0lGODlhAQABAAAAACH5BAEKAAEALAAAAAABAAEAAAICTAEAOw==\" data-layzr=\"https:\/\/www.phenixetdragon.net\/wp-content\/uploads\/2025\/07\/IMG_9071-1024x768.jpg\" alt=\"\" class=\"wp-image-8903\"\/><figcaption class=\"wp-element-caption\"><a href=\"https:\/\/www.phenixetdragon.net\/summercamp\/presentation\/\">Presentation of the Summer Camp<\/a><\/figcaption><\/figure>\n\n\n\n<figure class=\"wp-block-image size-large\"><img decoding=\"async\" data-id=\"8477\" src=\"data:image\/gif;base64,R0lGODlhAQABAAAAACH5BAEKAAEALAAAAAABAAEAAAICTAEAOw==\" data-layzr=\"https:\/\/www.phenixetdragon.net\/wp-content\/uploads\/2024\/07\/signal-2024-07-11-104609-771x1024.jpeg\" alt=\"\" class=\"wp-image-8477\"\/><figcaption class=\"wp-element-caption\"><a href=\"https:\/\/www.phenixetdragon.net\/summercamp\/videos\/\">Vid\u00e9os<\/a><\/figcaption><\/figure>\n\n\n\n<figure class=\"wp-block-image size-large\"><img decoding=\"async\" data-id=\"8923\" src=\"data:image\/gif;base64,R0lGODlhAQABAAAAACH5BAEKAAEALAAAAAABAAEAAAICTAEAOw==\" data-layzr=\"https:\/\/www.phenixetdragon.net\/wp-content\/uploads\/2025\/07\/IMG_0112-1024x768.jpg\" alt=\"\" class=\"wp-image-8923\"\/><figcaption class=\"wp-element-caption\"><a href=\"https:\/\/www.phenixetdragon.net\/summercamp\/enfants-et-ados\/\">Pour les Enfants et les Ados<\/a><\/figcaption><\/figure>\n\n\n\n<figure class=\"wp-block-image size-large\"><img decoding=\"async\" data-id=\"8893\" src=\"data:image\/gif;base64,R0lGODlhAQABAAAAACH5BAEKAAEALAAAAAABAAEAAAICTAEAOw==\" data-layzr=\"https:\/\/www.phenixetdragon.net\/wp-content\/uploads\/2025\/07\/2E7392CC-C6FE-4A65-B338-07D49A795AED_1_102_a-1024x768.jpeg\" alt=\"\" class=\"wp-image-8893\"\/><figcaption class=\"wp-element-caption\"><a href=\"https:\/\/www.phenixetdragon.net\/summercamp\/temoignages\/\">T\u00e9moignages<\/a><\/figcaption><\/figure>\n\n\n\n<figure class=\"wp-block-image size-large\"><img decoding=\"async\" data-id=\"8860\" src=\"data:image\/gif;base64,R0lGODlhAQABAAAAACH5BAEKAAEALAAAAAABAAEAAAICTAEAOw==\" data-layzr=\"https:\/\/www.phenixetdragon.net\/wp-content\/uploads\/2025\/07\/WhatsApp-Image-2025-07-09-at-21.36.12-1024x771.jpeg\" alt=\"\" class=\"wp-image-8860\"\/><figcaption class=\"wp-element-caption\"><a href=\"https:\/\/www.phenixetdragon.net\/summercamp\/inscriptions\/\">Inscriptions au Summer Camp<\/a><\/figcaption><\/figure>\n<\/figure>\n\n\n\n<p class=\"has-text-align-center has-white-color has-blush-bordeaux-gradient-background has-text-color has-background has-link-color wp-elements-293e9e5adb3dbb002b34da2a39fe8a10\">&gt;&gt; <strong>VENEZ-NOUS REJOINDRE !  <\/strong>&lt;&lt;<\/p>","protected":false},"excerpt":{"rendered":"<p>&gt;&gt; ALLIER LA PRATIQUE DES ARTS MARTIAUX AVEC DES VACANCES REPOSANTES DANS UNE R\u00c9GION MAGNIFIQUE &lt;&lt; &gt;&gt; VENEZ-NOUS REJOINDRE ! &lt;&lt;<\/p>","protected":false},"author":7,"featured_media":0,"parent":0,"menu_order":0,"comment_status":"closed","ping_status":"closed","template":"","meta":{"footnotes":""},"class_list":["post-9115","page","type-page","status-publish","hentry","latest_post"],"yoast_head":"<!-- This site is optimized with the Yoast SEO plugin v26.3 - https:\/\/yoast.com\/wordpress\/plugins\/seo\/ -->\n<title>Notre Summer Camp - Ph\u00e9nix et Dragon<\/title>\n<meta name=\"description\" content=\"Participez au Summer Camp avec Ma\u00eetre Ming Yue en Ard\u00e8che : une semaine immersive de Taiji Wudang, \u00c9p\u00e9e, Qi Gong, m\u00e9ditation et Kung Fu pour enfants. Ouvert \u00e0 tous, du d\u00e9butant au confirm\u00e9, en famille ou entre amis.\" \/>\n<meta name=\"robots\" content=\"index, follow, max-snippet:-1, max-image-preview:large, max-video-preview:-1\" \/>\n<link rel=\"canonical\" href=\"https:\/\/www.phenixetdragon.net\/en\/summercamp\/\" \/>\n<meta property=\"og:locale\" content=\"en_GB\" \/>\n<meta property=\"og:type\" content=\"article\" \/>\n<meta property=\"og:title\" content=\"Notre Summer Camp - Ph\u00e9nix et Dragon\" \/>\n<meta property=\"og:description\" content=\"Participez au Summer Camp avec Ma\u00eetre Ming Yue en Ard\u00e8che : une semaine immersive de Taiji Wudang, \u00c9p\u00e9e, Qi Gong, m\u00e9ditation et Kung Fu pour enfants. Ouvert \u00e0 tous, du d\u00e9butant au confirm\u00e9, en famille ou entre amis.\" \/>\n<meta property=\"og:url\" content=\"https:\/\/www.phenixetdragon.net\/en\/summercamp\/\" \/>\n<meta property=\"og:site_name\" content=\"Ph\u00e9nix et Dragon\" \/>\n<meta property=\"article:publisher\" content=\"https:\/\/fr-fr.facebook.com\/assoephedra\/\" \/>\n<meta property=\"article:modified_time\" content=\"2025-11-13T14:09:00+00:00\" \/>\n<meta property=\"og:image\" content=\"https:\/\/www.phenixetdragon.net\/wp-content\/uploads\/2025\/07\/IMG_9071-1024x768.jpg\" \/>\n<meta name=\"twitter:card\" content=\"summary_large_image\" \/>\n<script type=\"application\/ld+json\" class=\"yoast-schema-graph\">{\"@context\":\"https:\/\/schema.org\",\"@graph\":[{\"@type\":\"WebPage\",\"@id\":\"https:\/\/www.phenixetdragon.net\/summercamp\/\",\"url\":\"https:\/\/www.phenixetdragon.net\/summercamp\/\",\"name\":\"Notre Summer Camp - Ph\u00e9nix et Dragon\",\"isPartOf\":{\"@id\":\"https:\/\/www.phenixetdragon.net\/#website\"},\"primaryImageOfPage\":{\"@id\":\"https:\/\/www.phenixetdragon.net\/summercamp\/#primaryimage\"},\"image\":{\"@id\":\"https:\/\/www.phenixetdragon.net\/summercamp\/#primaryimage\"},\"thumbnailUrl\":\"https:\/\/www.phenixetdragon.net\/wp-content\/uploads\/2025\/07\/IMG_9071-1024x768.jpg\",\"datePublished\":\"2025-07-21T18:41:22+00:00\",\"dateModified\":\"2025-11-13T14:09:00+00:00\",\"description\":\"Participez au Summer Camp avec Ma\u00eetre Ming Yue en Ard\u00e8che : une semaine immersive de Taiji Wudang, \u00c9p\u00e9e, Qi Gong, m\u00e9ditation et Kung Fu pour enfants. Ouvert \u00e0 tous, du d\u00e9butant au confirm\u00e9, en famille ou entre amis.\",\"breadcrumb\":{\"@id\":\"https:\/\/www.phenixetdragon.net\/summercamp\/#breadcrumb\"},\"inLanguage\":\"en-GB\",\"potentialAction\":[{\"@type\":\"ReadAction\",\"target\":[\"https:\/\/www.phenixetdragon.net\/summercamp\/\"]}]},{\"@type\":\"ImageObject\",\"inLanguage\":\"en-GB\",\"@id\":\"https:\/\/www.phenixetdragon.net\/summercamp\/#primaryimage\",\"url\":\"https:\/\/www.phenixetdragon.net\/wp-content\/uploads\/2025\/07\/IMG_9071-1024x768.jpg\",\"contentUrl\":\"https:\/\/www.phenixetdragon.net\/wp-content\/uploads\/2025\/07\/IMG_9071-1024x768.jpg\"},{\"@type\":\"BreadcrumbList\",\"@id\":\"https:\/\/www.phenixetdragon.net\/summercamp\/#breadcrumb\",\"itemListElement\":[{\"@type\":\"ListItem\",\"position\":1,\"name\":\"Accueil\",\"item\":\"https:\/\/www.phenixetdragon.net\/\"},{\"@type\":\"ListItem\",\"position\":2,\"name\":\"Notre Summer Camp\"}]},{\"@type\":\"WebSite\",\"@id\":\"https:\/\/www.phenixetdragon.net\/#website\",\"url\":\"https:\/\/www.phenixetdragon.net\/\",\"name\":\"Ph\u00e9nix et Dragon\",\"description\":\"Arts Martiaux Chinois, Kung Fu, Taiji Quan, et Arts Energ\u00e9tiques, Qi Gong\",\"publisher\":{\"@id\":\"https:\/\/www.phenixetdragon.net\/#organization\"},\"potentialAction\":[{\"@type\":\"SearchAction\",\"target\":{\"@type\":\"EntryPoint\",\"urlTemplate\":\"https:\/\/www.phenixetdragon.net\/?s={search_term_string}\"},\"query-input\":{\"@type\":\"PropertyValueSpecification\",\"valueRequired\":true,\"valueName\":\"search_term_string\"}}],\"inLanguage\":\"en-GB\"},{\"@type\":\"Organization\",\"@id\":\"https:\/\/www.phenixetdragon.net\/#organization\",\"name\":\"Ph\u00e9nix et Dragon\",\"url\":\"https:\/\/www.phenixetdragon.net\/\",\"logo\":{\"@type\":\"ImageObject\",\"inLanguage\":\"en-GB\",\"@id\":\"https:\/\/www.phenixetdragon.net\/#\/schema\/logo\/image\/\",\"url\":\"https:\/\/www.phenixetdragon.net\/wp-content\/uploads\/2021\/08\/logophenixdragon.png\",\"contentUrl\":\"https:\/\/www.phenixetdragon.net\/wp-content\/uploads\/2021\/08\/logophenixdragon.png\",\"width\":674,\"height\":113,\"caption\":\"Ph\u00e9nix et Dragon\"},\"image\":{\"@id\":\"https:\/\/www.phenixetdragon.net\/#\/schema\/logo\/image\/\"},\"sameAs\":[\"https:\/\/fr-fr.facebook.com\/assoephedra\/\",\"https:\/\/www.instagram.com\/ecolephenixetdragon\/\"]}]}<\/script>\n<!-- \/ Yoast SEO plugin. -->","yoast_head_json":{"title":"Notre Summer Camp - Ph\u00e9nix et Dragon","description":"Participez au Summer Camp avec Ma\u00eetre Ming Yue en Ard\u00e8che : une semaine immersive de Taiji Wudang, \u00c9p\u00e9e, Qi Gong, m\u00e9ditation et Kung Fu pour enfants. Ouvert \u00e0 tous, du d\u00e9butant au confirm\u00e9, en famille ou entre amis.","robots":{"index":"index","follow":"follow","max-snippet":"max-snippet:-1","max-image-preview":"max-image-preview:large","max-video-preview":"max-video-preview:-1"},"canonical":"https:\/\/www.phenixetdragon.net\/en\/summercamp\/","og_locale":"en_GB","og_type":"article","og_title":"Notre Summer Camp - Ph\u00e9nix et Dragon","og_description":"Participez au Summer Camp avec Ma\u00eetre Ming Yue en Ard\u00e8che : une semaine immersive de Taiji Wudang, \u00c9p\u00e9e, Qi Gong, m\u00e9ditation et Kung Fu pour enfants. Ouvert \u00e0 tous, du d\u00e9butant au confirm\u00e9, en famille ou entre amis.","og_url":"https:\/\/www.phenixetdragon.net\/en\/summercamp\/","og_site_name":"Ph\u00e9nix et Dragon","article_publisher":"https:\/\/fr-fr.facebook.com\/assoephedra\/","article_modified_time":"2025-11-13T14:09:00+00:00","og_image":[{"url":"https:\/\/www.phenixetdragon.net\/wp-content\/uploads\/2025\/07\/IMG_9071-1024x768.jpg","type":"","width":"","height":""}],"twitter_card":"summary_large_image","schema":{"@context":"https:\/\/schema.org","@graph":[{"@type":"WebPage","@id":"https:\/\/www.phenixetdragon.net\/summercamp\/","url":"https:\/\/www.phenixetdragon.net\/summercamp\/","name":"Notre Summer Camp - Ph\u00e9nix et Dragon","isPartOf":{"@id":"https:\/\/www.phenixetdragon.net\/#website"},"primaryImageOfPage":{"@id":"https:\/\/www.phenixetdragon.net\/summercamp\/#primaryimage"},"image":{"@id":"https:\/\/www.phenixetdragon.net\/summercamp\/#primaryimage"},"thumbnailUrl":"https:\/\/www.phenixetdragon.net\/wp-content\/uploads\/2025\/07\/IMG_9071-1024x768.jpg","datePublished":"2025-07-21T18:41:22+00:00","dateModified":"2025-11-13T14:09:00+00:00","description":"Participez au Summer Camp avec Ma\u00eetre Ming Yue en Ard\u00e8che : une semaine immersive de Taiji Wudang, \u00c9p\u00e9e, Qi Gong, m\u00e9ditation et Kung Fu pour enfants. Ouvert \u00e0 tous, du d\u00e9butant au confirm\u00e9, en famille ou entre amis.","breadcrumb":{"@id":"https:\/\/www.phenixetdragon.net\/summercamp\/#breadcrumb"},"inLanguage":"en-GB","potentialAction":[{"@type":"ReadAction","target":["https:\/\/www.phenixetdragon.net\/summercamp\/"]}]},{"@type":"ImageObject","inLanguage":"en-GB","@id":"https:\/\/www.phenixetdragon.net\/summercamp\/#primaryimage","url":"https:\/\/www.phenixetdragon.net\/wp-content\/uploads\/2025\/07\/IMG_9071-1024x768.jpg","contentUrl":"https:\/\/www.phenixetdragon.net\/wp-content\/uploads\/2025\/07\/IMG_9071-1024x768.jpg"},{"@type":"BreadcrumbList","@id":"https:\/\/www.phenixetdragon.net\/summercamp\/#breadcrumb","itemListElement":[{"@type":"ListItem","position":1,"name":"Accueil","item":"https:\/\/www.phenixetdragon.net\/"},{"@type":"ListItem","position":2,"name":"Notre Summer Camp"}]},{"@type":"WebSite","@id":"https:\/\/www.phenixetdragon.net\/#website","url":"https:\/\/www.phenixetdragon.net\/","name":"Ph\u00e9nix et Dragon","description":"Arts Martiaux Chinois, Kung Fu, Taiji Quan, et Arts Energ\u00e9tiques, Qi Gong","publisher":{"@id":"https:\/\/www.phenixetdragon.net\/#organization"},"potentialAction":[{"@type":"SearchAction","target":{"@type":"EntryPoint","urlTemplate":"https:\/\/www.phenixetdragon.net\/?s={search_term_string}"},"query-input":{"@type":"PropertyValueSpecification","valueRequired":true,"valueName":"search_term_string"}}],"inLanguage":"en-GB"},{"@type":"Organization","@id":"https:\/\/www.phenixetdragon.net\/#organization","name":"Ph\u00e9nix et Dragon","url":"https:\/\/www.phenixetdragon.net\/","logo":{"@type":"ImageObject","inLanguage":"en-GB","@id":"https:\/\/www.phenixetdragon.net\/#\/schema\/logo\/image\/","url":"https:\/\/www.phenixetdragon.net\/wp-content\/uploads\/2021\/08\/logophenixdragon.png","contentUrl":"https:\/\/www.phenixetdragon.net\/wp-content\/uploads\/2021\/08\/logophenixdragon.png","width":674,"height":113,"caption":"Ph\u00e9nix et Dragon"},"image":{"@id":"https:\/\/www.phenixetdragon.net\/#\/schema\/logo\/image\/"},"sameAs":["https:\/\/fr-fr.facebook.com\/assoephedra\/","https:\/\/www.instagram.com\/ecolephenixetdragon\/"]}]}},"_links":{"self":[{"href":"https:\/\/www.phenixetdragon.net\/en\/wp-json\/wp\/v2\/pages\/9115","targetHints":{"allow":["GET"]}}],"collection":[{"href":"https:\/\/www.phenixetdragon.net\/en\/wp-json\/wp\/v2\/pages"}],"about":[{"href":"https:\/\/www.phenixetdragon.net\/en\/wp-json\/wp\/v2\/types\/page"}],"author":[{"embeddable":true,"href":"https:\/\/www.phenixetdragon.net\/en\/wp-json\/wp\/v2\/users\/7"}],"replies":[{"embeddable":true,"href":"https:\/\/www.phenixetdragon.net\/en\/wp-json\/wp\/v2\/comments?post=9115"}],"version-history":[{"count":14,"href":"https:\/\/www.phenixetdragon.net\/en\/wp-json\/wp\/v2\/pages\/9115\/revisions"}],"predecessor-version":[{"id":10305,"href":"https:\/\/www.phenixetdragon.net\/en\/wp-json\/wp\/v2\/pages\/9115\/revisions\/10305"}],"wp:attachment":[{"href":"https:\/\/www.phenixetdragon.net\/en\/wp-json\/wp\/v2\/media?parent=9115"}],"curies":[{"name":"wp","href":"https:\/\/api.w.org\/{rel}","templated":true}]}}