{"id":9197,"date":"2025-09-01T17:19:39","date_gmt":"2025-09-01T15:19:39","guid":{"rendered":"https:\/\/www.phenixetdragon.net\/?page_id=9197"},"modified":"2026-03-09T23:10:06","modified_gmt":"2026-03-09T22:10:06","slug":"marc-vincent","status":"publish","type":"page","link":"https:\/\/www.phenixetdragon.net\/en\/notre-ecole\/instructeurs\/marc-vincent\/","title":{"rendered":"Marc Vincent"},"content":{"rendered":"<p>Je pratique les arts martiaux chinois depuis plus de 20 ans, apr\u00e8s les avoir d\u00e9couverts \u00e0 l\u2019universit\u00e9 de Jussieu dans les cours du club (qui deviendra l\u2019\u00e9cole Ph\u00e9nix et Dragon). J\u2019ai rapidement d\u00e9velopp\u00e9 une passion pour le <strong>Tang Lang Taiji Meihua<\/strong> \u2013 approfondi aussi lors de stages avec Mario Mandr\u00e0 \u2013 et pour le <strong>Sanda<\/strong>, boxe pieds\/poings\/projections, \u00e0 la fois rapide et technique. S\u00e9duit par le fonctionnement du club, riche en styles et en intervenants sous la direction p\u00e9dagogique de <strong>Matteo Pepe<\/strong>, j\u2019y ai pratiqu\u00e9 4 ans avant de partir en Italie. \u00c0 Florence, j\u2019ai poursuivi mon entra\u00eenement avec enthousiasme \u00e0 la <strong>Palestra Budokan<\/strong>, en <strong>Shaolin Quan<\/strong> et en <strong>Sanda<\/strong>, durant 3 ann\u00e9es. De retour en France, j\u2019ai retrouv\u00e9 le club et \u00e9largi ma pratique : <strong>Tang Lang<\/strong>, <strong>Chang Quan<\/strong>, <strong>Shaolin Quan<\/strong>, <strong>Sanda<\/strong>, mais aussi <strong>Taiji Quan<\/strong>, <strong>Qi Gong<\/strong> et les arts martiaux tao\u00efstes de <strong>Wudang<\/strong>, transmis lors de stages par <strong>Ming Yue<\/strong> (h\u00e9ritier du style XuanWu).<\/p>\n\n\n\n<p>Ce qui me passionne : cr\u00e9er des passerelles entre dimensions martiales (th\u00e9oriques et appliqu\u00e9es), gymniques, de sant\u00e9 et culturelles. Selon les moments, je les aborde comme un tout coh\u00e9rent ou s\u00e9par\u00e9ment pour leurs qualit\u00e9s propres. Aujourd\u2019hui, vous me croiserez surtout aux cours de <strong>Sanda<\/strong> que j\u2019enseigne, en formation, ou encore dans les parcs \u00e0 m\u2019entra\u00eener. Je suis titulaire de la <strong>ceinture noire, 3\u1d49 duan<\/strong>.<\/p>\n\n\n\n<figure class=\"wp-block-image is-resized\"><img decoding=\"async\" src=\"data:image\/gif;base64,R0lGODlhAQABAAAAACH5BAEKAAEALAAAAAABAAEAAAICTAEAOw==\" data-layzr=\"https:\/\/www.phenixetdragon.net\/wp-content\/uploads\/2025\/07\/IMG_9426-768x1024.jpg\" alt=\"\" class=\"wp-image-8863\" style=\"width:840px;height:auto\"\/><\/figure>","protected":false},"excerpt":{"rendered":"<p>Je pratique les arts martiaux chinois depuis plus de 20 ans, apr\u00e8s les avoir d\u00e9couverts \u00e0 l\u2019universit\u00e9 de Jussieu dans les cours du club (qui deviendra l\u2019\u00e9cole Ph\u00e9nix et Dragon). J\u2019ai rapidement d\u00e9velopp\u00e9 une passion pour le Tang Lang Taiji Meihua \u2013 approfondi aussi lors de stages avec Mario Mandr\u00e0 \u2013 et pour le Sanda, &hellip; <\/p>","protected":false},"author":7,"featured_media":0,"parent":7645,"menu_order":0,"comment_status":"closed","ping_status":"closed","template":"","meta":{"footnotes":""},"class_list":["post-9197","page","type-page","status-publish","hentry","latest_post"],"yoast_head":"<!-- This site is optimized with the Yoast SEO plugin v26.3 - https:\/\/yoast.com\/wordpress\/plugins\/seo\/ -->\n<title>Marc Vincent - Ph\u00e9nix et Dragon<\/title>\n<meta name=\"description\" content=\"D\u00e9couvrez Marc Vincent, instructeur de Kung Fu, sp\u00e9cialiste du Sanda, \u00e0 l&#039;Ecole Ph\u00e9nix &amp; Dragon, passionn\u00e9 de partage et de transmission.\" \/>\n<meta name=\"robots\" content=\"index, follow, max-snippet:-1, max-image-preview:large, max-video-preview:-1\" \/>\n<link rel=\"canonical\" href=\"https:\/\/www.phenixetdragon.net\/en\/notre-ecole\/instructeurs\/marc-vincent\/\" \/>\n<meta property=\"og:locale\" content=\"en_GB\" \/>\n<meta property=\"og:type\" content=\"article\" \/>\n<meta property=\"og:title\" content=\"Marc Vincent - Ph\u00e9nix et Dragon\" \/>\n<meta property=\"og:description\" content=\"D\u00e9couvrez Marc Vincent, instructeur de Kung Fu, sp\u00e9cialiste du Sanda, \u00e0 l&#039;Ecole Ph\u00e9nix &amp; Dragon, passionn\u00e9 de partage et de transmission.\" \/>\n<meta property=\"og:url\" content=\"https:\/\/www.phenixetdragon.net\/en\/notre-ecole\/instructeurs\/marc-vincent\/\" \/>\n<meta property=\"og:site_name\" content=\"Ph\u00e9nix et Dragon\" \/>\n<meta property=\"article:publisher\" content=\"https:\/\/fr-fr.facebook.com\/assoephedra\/\" \/>\n<meta property=\"article:modified_time\" content=\"2026-03-09T22:10:06+00:00\" \/>\n<meta property=\"og:image\" content=\"https:\/\/www.phenixetdragon.net\/wp-content\/uploads\/2025\/07\/IMG_9426-768x1024.jpg\" \/>\n<meta name=\"twitter:card\" content=\"summary_large_image\" \/>\n<meta name=\"twitter:label1\" content=\"Estimated reading time\" \/>\n\t<meta name=\"twitter:data1\" content=\"1 minute\" \/>\n<script type=\"application\/ld+json\" class=\"yoast-schema-graph\">{\"@context\":\"https:\/\/schema.org\",\"@graph\":[{\"@type\":\"WebPage\",\"@id\":\"https:\/\/www.phenixetdragon.net\/notre-ecole\/instructeurs\/marc-vincent\/\",\"url\":\"https:\/\/www.phenixetdragon.net\/notre-ecole\/instructeurs\/marc-vincent\/\",\"name\":\"Marc Vincent - Ph\u00e9nix et Dragon\",\"isPartOf\":{\"@id\":\"https:\/\/www.phenixetdragon.net\/#website\"},\"primaryImageOfPage\":{\"@id\":\"https:\/\/www.phenixetdragon.net\/notre-ecole\/instructeurs\/marc-vincent\/#primaryimage\"},\"image\":{\"@id\":\"https:\/\/www.phenixetdragon.net\/notre-ecole\/instructeurs\/marc-vincent\/#primaryimage\"},\"thumbnailUrl\":\"https:\/\/www.phenixetdragon.net\/wp-content\/uploads\/2025\/07\/IMG_9426-768x1024.jpg\",\"datePublished\":\"2025-09-01T15:19:39+00:00\",\"dateModified\":\"2026-03-09T22:10:06+00:00\",\"description\":\"D\u00e9couvrez Marc Vincent, instructeur de Kung Fu, sp\u00e9cialiste du Sanda, \u00e0 l'Ecole Ph\u00e9nix & Dragon, passionn\u00e9 de partage et de transmission.\",\"breadcrumb\":{\"@id\":\"https:\/\/www.phenixetdragon.net\/notre-ecole\/instructeurs\/marc-vincent\/#breadcrumb\"},\"inLanguage\":\"en-GB\",\"potentialAction\":[{\"@type\":\"ReadAction\",\"target\":[\"https:\/\/www.phenixetdragon.net\/notre-ecole\/instructeurs\/marc-vincent\/\"]}]},{\"@type\":\"ImageObject\",\"inLanguage\":\"en-GB\",\"@id\":\"https:\/\/www.phenixetdragon.net\/notre-ecole\/instructeurs\/marc-vincent\/#primaryimage\",\"url\":\"https:\/\/www.phenixetdragon.net\/wp-content\/uploads\/2025\/07\/IMG_9426-768x1024.jpg\",\"contentUrl\":\"https:\/\/www.phenixetdragon.net\/wp-content\/uploads\/2025\/07\/IMG_9426-768x1024.jpg\"},{\"@type\":\"BreadcrumbList\",\"@id\":\"https:\/\/www.phenixetdragon.net\/notre-ecole\/instructeurs\/marc-vincent\/#breadcrumb\",\"itemListElement\":[{\"@type\":\"ListItem\",\"position\":1,\"name\":\"Accueil\",\"item\":\"https:\/\/www.phenixetdragon.net\/\"},{\"@type\":\"ListItem\",\"position\":2,\"name\":\"Notre \u00e9cole\",\"item\":\"https:\/\/www.phenixetdragon.net\/notre-ecole\/\"},{\"@type\":\"ListItem\",\"position\":3,\"name\":\"Instructeurs &#8211; Ph\u00e9nix et Dragon\",\"item\":\"https:\/\/www.phenixetdragon.net\/notre-ecole\/instructeurs\/\"},{\"@type\":\"ListItem\",\"position\":4,\"name\":\"Marc Vincent\"}]},{\"@type\":\"WebSite\",\"@id\":\"https:\/\/www.phenixetdragon.net\/#website\",\"url\":\"https:\/\/www.phenixetdragon.net\/\",\"name\":\"Ph\u00e9nix et Dragon\",\"description\":\"Arts Martiaux Chinois, Kung Fu, Taiji Quan, et Arts Energ\u00e9tiques, Qi Gong\",\"publisher\":{\"@id\":\"https:\/\/www.phenixetdragon.net\/#organization\"},\"potentialAction\":[{\"@type\":\"SearchAction\",\"target\":{\"@type\":\"EntryPoint\",\"urlTemplate\":\"https:\/\/www.phenixetdragon.net\/?s={search_term_string}\"},\"query-input\":{\"@type\":\"PropertyValueSpecification\",\"valueRequired\":true,\"valueName\":\"search_term_string\"}}],\"inLanguage\":\"en-GB\"},{\"@type\":\"Organization\",\"@id\":\"https:\/\/www.phenixetdragon.net\/#organization\",\"name\":\"Ph\u00e9nix et Dragon\",\"url\":\"https:\/\/www.phenixetdragon.net\/\",\"logo\":{\"@type\":\"ImageObject\",\"inLanguage\":\"en-GB\",\"@id\":\"https:\/\/www.phenixetdragon.net\/#\/schema\/logo\/image\/\",\"url\":\"https:\/\/www.phenixetdragon.net\/wp-content\/uploads\/2021\/08\/logophenixdragon.png\",\"contentUrl\":\"https:\/\/www.phenixetdragon.net\/wp-content\/uploads\/2021\/08\/logophenixdragon.png\",\"width\":674,\"height\":113,\"caption\":\"Ph\u00e9nix et Dragon\"},\"image\":{\"@id\":\"https:\/\/www.phenixetdragon.net\/#\/schema\/logo\/image\/\"},\"sameAs\":[\"https:\/\/fr-fr.facebook.com\/assoephedra\/\",\"https:\/\/www.instagram.com\/ecolephenixetdragon\/\"]}]}<\/script>\n<!-- \/ Yoast SEO plugin. -->","yoast_head_json":{"title":"Marc Vincent - Ph\u00e9nix et Dragon","description":"D\u00e9couvrez Marc Vincent, instructeur de Kung Fu, sp\u00e9cialiste du Sanda, \u00e0 l'Ecole Ph\u00e9nix & Dragon, passionn\u00e9 de partage et de transmission.","robots":{"index":"index","follow":"follow","max-snippet":"max-snippet:-1","max-image-preview":"max-image-preview:large","max-video-preview":"max-video-preview:-1"},"canonical":"https:\/\/www.phenixetdragon.net\/en\/notre-ecole\/instructeurs\/marc-vincent\/","og_locale":"en_GB","og_type":"article","og_title":"Marc Vincent - Ph\u00e9nix et Dragon","og_description":"D\u00e9couvrez Marc Vincent, instructeur de Kung Fu, sp\u00e9cialiste du Sanda, \u00e0 l'Ecole Ph\u00e9nix & Dragon, passionn\u00e9 de partage et de transmission.","og_url":"https:\/\/www.phenixetdragon.net\/en\/notre-ecole\/instructeurs\/marc-vincent\/","og_site_name":"Ph\u00e9nix et Dragon","article_publisher":"https:\/\/fr-fr.facebook.com\/assoephedra\/","article_modified_time":"2026-03-09T22:10:06+00:00","og_image":[{"url":"https:\/\/www.phenixetdragon.net\/wp-content\/uploads\/2025\/07\/IMG_9426-768x1024.jpg","type":"","width":"","height":""}],"twitter_card":"summary_large_image","twitter_misc":{"Estimated reading time":"1 minute"},"schema":{"@context":"https:\/\/schema.org","@graph":[{"@type":"WebPage","@id":"https:\/\/www.phenixetdragon.net\/notre-ecole\/instructeurs\/marc-vincent\/","url":"https:\/\/www.phenixetdragon.net\/notre-ecole\/instructeurs\/marc-vincent\/","name":"Marc Vincent - Ph\u00e9nix et Dragon","isPartOf":{"@id":"https:\/\/www.phenixetdragon.net\/#website"},"primaryImageOfPage":{"@id":"https:\/\/www.phenixetdragon.net\/notre-ecole\/instructeurs\/marc-vincent\/#primaryimage"},"image":{"@id":"https:\/\/www.phenixetdragon.net\/notre-ecole\/instructeurs\/marc-vincent\/#primaryimage"},"thumbnailUrl":"https:\/\/www.phenixetdragon.net\/wp-content\/uploads\/2025\/07\/IMG_9426-768x1024.jpg","datePublished":"2025-09-01T15:19:39+00:00","dateModified":"2026-03-09T22:10:06+00:00","description":"D\u00e9couvrez Marc Vincent, instructeur de Kung Fu, sp\u00e9cialiste du Sanda, \u00e0 l'Ecole Ph\u00e9nix & Dragon, passionn\u00e9 de partage et de transmission.","breadcrumb":{"@id":"https:\/\/www.phenixetdragon.net\/notre-ecole\/instructeurs\/marc-vincent\/#breadcrumb"},"inLanguage":"en-GB","potentialAction":[{"@type":"ReadAction","target":["https:\/\/www.phenixetdragon.net\/notre-ecole\/instructeurs\/marc-vincent\/"]}]},{"@type":"ImageObject","inLanguage":"en-GB","@id":"https:\/\/www.phenixetdragon.net\/notre-ecole\/instructeurs\/marc-vincent\/#primaryimage","url":"https:\/\/www.phenixetdragon.net\/wp-content\/uploads\/2025\/07\/IMG_9426-768x1024.jpg","contentUrl":"https:\/\/www.phenixetdragon.net\/wp-content\/uploads\/2025\/07\/IMG_9426-768x1024.jpg"},{"@type":"BreadcrumbList","@id":"https:\/\/www.phenixetdragon.net\/notre-ecole\/instructeurs\/marc-vincent\/#breadcrumb","itemListElement":[{"@type":"ListItem","position":1,"name":"Accueil","item":"https:\/\/www.phenixetdragon.net\/"},{"@type":"ListItem","position":2,"name":"Notre \u00e9cole","item":"https:\/\/www.phenixetdragon.net\/notre-ecole\/"},{"@type":"ListItem","position":3,"name":"Instructeurs &#8211; Ph\u00e9nix et Dragon","item":"https:\/\/www.phenixetdragon.net\/notre-ecole\/instructeurs\/"},{"@type":"ListItem","position":4,"name":"Marc Vincent"}]},{"@type":"WebSite","@id":"https:\/\/www.phenixetdragon.net\/#website","url":"https:\/\/www.phenixetdragon.net\/","name":"Ph\u00e9nix et Dragon","description":"Arts Martiaux Chinois, Kung Fu, Taiji Quan, et Arts Energ\u00e9tiques, Qi Gong","publisher":{"@id":"https:\/\/www.phenixetdragon.net\/#organization"},"potentialAction":[{"@type":"SearchAction","target":{"@type":"EntryPoint","urlTemplate":"https:\/\/www.phenixetdragon.net\/?s={search_term_string}"},"query-input":{"@type":"PropertyValueSpecification","valueRequired":true,"valueName":"search_term_string"}}],"inLanguage":"en-GB"},{"@type":"Organization","@id":"https:\/\/www.phenixetdragon.net\/#organization","name":"Ph\u00e9nix et Dragon","url":"https:\/\/www.phenixetdragon.net\/","logo":{"@type":"ImageObject","inLanguage":"en-GB","@id":"https:\/\/www.phenixetdragon.net\/#\/schema\/logo\/image\/","url":"https:\/\/www.phenixetdragon.net\/wp-content\/uploads\/2021\/08\/logophenixdragon.png","contentUrl":"https:\/\/www.phenixetdragon.net\/wp-content\/uploads\/2021\/08\/logophenixdragon.png","width":674,"height":113,"caption":"Ph\u00e9nix et Dragon"},"image":{"@id":"https:\/\/www.phenixetdragon.net\/#\/schema\/logo\/image\/"},"sameAs":["https:\/\/fr-fr.facebook.com\/assoephedra\/","https:\/\/www.instagram.com\/ecolephenixetdragon\/"]}]}},"_links":{"self":[{"href":"https:\/\/www.phenixetdragon.net\/en\/wp-json\/wp\/v2\/pages\/9197","targetHints":{"allow":["GET"]}}],"collection":[{"href":"https:\/\/www.phenixetdragon.net\/en\/wp-json\/wp\/v2\/pages"}],"about":[{"href":"https:\/\/www.phenixetdragon.net\/en\/wp-json\/wp\/v2\/types\/page"}],"author":[{"embeddable":true,"href":"https:\/\/www.phenixetdragon.net\/en\/wp-json\/wp\/v2\/users\/7"}],"replies":[{"embeddable":true,"href":"https:\/\/www.phenixetdragon.net\/en\/wp-json\/wp\/v2\/comments?post=9197"}],"version-history":[{"count":2,"href":"https:\/\/www.phenixetdragon.net\/en\/wp-json\/wp\/v2\/pages\/9197\/revisions"}],"predecessor-version":[{"id":9753,"href":"https:\/\/www.phenixetdragon.net\/en\/wp-json\/wp\/v2\/pages\/9197\/revisions\/9753"}],"up":[{"embeddable":true,"href":"https:\/\/www.phenixetdragon.net\/en\/wp-json\/wp\/v2\/pages\/7645"}],"wp:attachment":[{"href":"https:\/\/www.phenixetdragon.net\/en\/wp-json\/wp\/v2\/media?parent=9197"}],"curies":[{"name":"wp","href":"https:\/\/api.w.org\/{rel}","templated":true}]}}