{"id":9253,"date":"2025-09-27T19:45:11","date_gmt":"2025-09-27T17:45:11","guid":{"rendered":"https:\/\/www.phenixetdragon.net\/?page_id=9253"},"modified":"2025-11-08T21:18:53","modified_gmt":"2025-11-08T20:18:53","slug":"arts-martiaux-chinois-seminaires","status":"publish","type":"page","link":"https:\/\/www.phenixetdragon.net\/en\/notre-ecole\/arts-martiaux-chinois-seminaires\/","title":{"rendered":"S\u00e9minaires en Entreprise"},"content":{"rendered":"<hr class=\"wp-block-separator has-alpha-channel-opacity\"\/>\n\n\n\n<h1 class=\"wp-block-heading has-text-align-left has-vivid-red-color has-text-color has-link-color has-large-font-size wp-elements-144bd8888ffb99cbdce72704f433ffa6\"><strong><em>\u00c9nergie, Equilibre et Bien-Etre au C\u0153ur de Votre Entreprise<\/em><\/strong><\/h1>\n\n\n\n<hr class=\"wp-block-separator has-alpha-channel-opacity\"\/>\n\n\n\n<div class=\"wp-block-media-text is-stacked-on-mobile\" style=\"grid-template-columns:25% auto\"><figure class=\"wp-block-media-text__media\"><img decoding=\"async\" src=\"data:image\/gif;base64,R0lGODlhAQABAAAAACH5BAEKAAEALAAAAAABAAEAAAICTAEAOw==\" data-layzr=\"https:\/\/www.phenixetdragon.net\/wp-content\/uploads\/2022\/06\/Capture-de\u0301cran-2022-06-28-a\u0300-11.50.30-841x1024.png\" alt=\"matteo pepe propose des s\u00e9minaires d'arts martiaux chinois en entreprise\" class=\"wp-image-6377 size-full\"\/><\/figure><div class=\"wp-block-media-text__content\">\n<p>Offrez \u00e0 vos collaborateurs une parenth\u00e8se ressour\u00e7ante et dynamique gr\u00e2ce aux pratiques traditionnelles chinoises. <a href=\"https:\/\/www.phenixetdragon.net\/notre-ecole\/instructeurs\/matteo-pepe\/\">Matteo Pepe<\/a> propose des prestations adapt\u00e9es \u00e0 votre environnement professionnel pour favoriser :<\/p>\n\n\n\n<ul class=\"wp-block-list\">\n<li>Le bien-\u00eatre et la sant\u00e9 au travail<\/li>\n\n\n\n<li>La d\u00e9tente et la gestion du stress<\/li>\n\n\n\n<li>La concentration et la coh\u00e9sion d\u2019\u00e9quipe<\/li>\n\n\n\n<li>Le d\u00e9veloppement personnel et le leadership<\/li>\n<\/ul>\n<\/div><\/div>\n\n\n\n<hr class=\"wp-block-separator has-alpha-channel-opacity\"\/>\n\n\n\n<h2 class=\"wp-block-heading has-vivid-red-color has-text-color has-link-color has-medium-font-size wp-elements-5223285bfe99ad97a9347477052b1170\"><strong>\ud83d\udccc Prestations<\/strong><\/h2>\n\n\n\n<p>Nous concevons des interventions sur mesure :<\/p>\n\n\n\n<ul class=\"wp-block-list\">\n<li><strong>Qi Gong<\/strong> : exercices doux pour rel\u00e2cher les tensions et am\u00e9liorer la posture<\/li>\n\n\n\n<li><strong>Taiji Quan<\/strong> : mouvements fluides pour harmoniser corps et esprit, et favoriser l&rsquo;enracinement<\/li>\n\n\n\n<li><strong>Kung Fu<\/strong> : ateliers plus dynamiques ax\u00e9s sur la coordination, la confiance et la vitalit\u00e9<\/li>\n<\/ul>\n\n\n\n<h2 class=\"wp-block-heading has-vivid-red-color has-text-color has-link-color has-medium-font-size wp-elements-1e4861422589c22301e8daa663af01ce\"><strong>\ud83d\udcdd Formats possibles<\/strong><\/h2>\n\n\n\n<ul class=\"wp-block-list\">\n<li>Ateliers ponctuels (team building, journ\u00e9es sant\u00e9 ou s\u00e9curit\u00e9, etc.)<\/li>\n\n\n\n<li>Programmes r\u00e9guliers (hebdomadaires, mensuels)<\/li>\n\n\n\n<li>S\u00e9ances courtes (30 \u00e0 60 minutes) sur le temps de pause<\/li>\n<\/ul>\n\n\n\n<h2 class=\"wp-block-heading has-vivid-red-color has-text-color has-link-color has-medium-font-size wp-elements-8f450fabac44dfed49cc4aece7ec3b9a\"><strong>\ud83d\udc65 Pour qui ?<\/strong><\/h2>\n\n\n\n<ul class=\"wp-block-list\">\n<li>Petites \u00e9quipes ou grands groupes<\/li>\n\n\n\n<li>Managers, salari\u00e9s, comit\u00e9s de direction<\/li>\n\n\n\n<li>\u00c9v\u00e9nements internes, s\u00e9minaires, journ\u00e9es bien-\u00eatre, etc.<\/li>\n<\/ul>\n\n\n\n<hr class=\"wp-block-separator has-alpha-channel-opacity\"\/>\n\n\n\n<p class=\"has-text-align-center has-white-color has-luminous-vivid-orange-to-vivid-red-gradient-background has-text-color has-background has-link-color wp-elements-c563fec1d5673a4559a34488531523a8\"><strong>Nous adaptons nos prestations \u00e0 votre audience, \u00e0 vos objectifs et \u00e0 la dur\u00e9e souhait\u00e9e.<br>Contactez-nous pour discuter de votre projet et obtenir un devis personnalis\u00e9.<\/strong><\/p>\n\n\n\n<hr class=\"wp-block-separator has-alpha-channel-opacity\"\/>\n\n\n\n<h2 class=\"wp-block-heading has-vivid-red-color has-text-color has-link-color has-medium-font-size wp-elements-4ce7d0274334e069f1a598c992f36e40\"><strong>\ud83e\udd1d Coh\u00e9sion et motivation d\u2019\u00e9quipe &#8211; L&rsquo;art du mouvement pour s&rsquo;accorder<\/strong><\/h2>\n\n\n\n<p>Quand un groupe explore ensemble des pratiques comme le Taiji ou le Kung Fu, cela renforce la <strong>coh\u00e9sion<\/strong> et la <strong>confiance mutuelle<\/strong>. On d\u00e9passe les hi\u00e9rarchies l\u2019espace de l\u2019atelier, on apprend \u00e0 s\u2019\u00e9couter, \u00e0 s\u2019entraider, \u00e0 synchroniser ses mouvements, \u00e0 s\u2019adapter les uns aux autres.<\/p>\n\n\n\n<p><strong>Cela peut d\u00e9bloquer des dynamiques de solidarit\u00e9 : les participants reviennent plus soud\u00e9s, plus attentifs, souvent plus enclins \u00e0 collaborer efficacement sur les projets.<\/strong><\/p>\n\n\n\n<div class=\"wp-block-cover has-parallax\"><div role=\"img\" aria-label=\"Les pratiques comme le Taiji ou le Qi Gongen groupe  renforcent la coh\u00e9sion et la confiance mutuelle, et permettent de collaborer efficacement\" class=\"wp-block-cover__image-background wp-image-7039 size-full has-parallax\" style=\"background-position:50% 50%;background-image:url(https:\/\/www.phenixetdragon.net\/wp-content\/uploads\/2022\/11\/Capture-decran-2022-11-19-a-14.39.00.png)\"><\/div><span aria-hidden=\"true\" class=\"wp-block-cover__background has-background-dim\"><\/span><div class=\"wp-block-cover__inner-container is-layout-flow wp-block-cover-is-layout-flow\">\n<p class=\"has-text-align-center has-medium-font-size\" style=\"font-style:italic;font-weight:200\"><em><strong>Transformer un groupe en une \u00e9quipe soud\u00e9e, en d\u00e9passant les hi\u00e9rarchies et en d\u00e9bloquant naturellement des dynamiques de solidarit\u00e9<\/strong><\/em><\/p>\n<\/div><\/div>\n\n\n\n<p><\/p>\n\n\n\n<h2 class=\"wp-block-heading has-vivid-red-color has-text-color has-link-color has-medium-font-size wp-elements-22c5e6207076532f4ed6aa1af5e77325\"><strong>\ud83d\udc4f Le d\u00e9veloppement personnel &#8211; L\u2019art martial du leadership commence par soi<\/strong><\/h2>\n\n\n\n<p>Les arts martiaux sont, de tout temps, une \u00e9cole de <strong>discipline, d\u2019humilit\u00e9 et d\u2019exemplarit\u00e9<\/strong>. En entreprise, une telle pratique permet aux managers et collaborateurs de d\u00e9velopper des qualit\u00e9s essentielles : <strong>la patience, la pers\u00e9v\u00e9rance, la capacit\u00e9 \u00e0 apprendre, \u00e0 r\u00e9apprendre \u2014 et \u00e0 rester ouvert aux retours.<\/strong><\/p>\n\n\n\n<p>L\u2019id\u00e9e est de faire de chaque s\u00e9ance un lieu d\u2019auto-observation : comment je respire, comment je g\u00e8re le stress, comment je me place physiquement et mentalement. <strong>Ces comp\u00e9tences se refl\u00e8tent ensuite dans la gestion des \u00e9quipes et des situations quotidiennes.<\/strong><\/p>\n\n\n\n<div class=\"wp-block-cover has-parallax\"><div role=\"img\" aria-label=\"Matteo Pepe pratiquant le taiji et le Kung Fu, pour d\u00e9velopper des qualit\u00e9s de patience et de pers\u00e9v\u00e9rance, la capacit\u00e9 \u00e0 apprendre, \u00e0 r\u00e9apprendre \u2014 et \u00e0 rester ouvert aux retours\" class=\"wp-block-cover__image-background wp-image-6450 size-full has-parallax\" style=\"background-position:48% 26%;background-image:url(https:\/\/www.phenixetdragon.net\/wp-content\/uploads\/2022\/06\/Capture-de\u0301cran-2022-06-29-a\u0300-10.47.15.png)\"><\/div><span aria-hidden=\"true\" class=\"wp-block-cover__background has-background-dim\"><\/span><div class=\"wp-block-cover__inner-container is-layout-flow wp-block-cover-is-layout-flow\">\n<p class=\"has-text-align-center has-medium-font-size\" style=\"font-style:normal;font-weight:200\"><strong><em>Les arts martiaux enseignent qu\u2019avant de diriger, il faut s\u2019accorder : respirer, apprendre, r\u00e9apprendre \u2014 et devenir un exemple vivant<\/em><\/strong><\/p>\n<\/div><\/div>\n\n\n\n<h2 class=\"wp-block-heading has-vivid-red-color has-text-color has-link-color has-medium-font-size wp-elements-38bb45c0cc4c4138b111e276386b7928\"><strong>\ud83e\uddd8\u200d\u2640\ufe0f La d\u00e9tente et la gestion du stress \u2013 Respirer, rel\u00e2cher, retrouver l\u2019\u00e9quilibre<\/strong><\/h2>\n\n\n\n<p>Dans un environnement professionnel souvent exigeant, ces ateliers apportent une parenth\u00e8se r\u00e9g\u00e9n\u00e9rante. Gr\u00e2ce \u00e0 des exercices simples issus du Qi Gong, du Taiji et du Kung Fu, les collaborateurs apprennent \u00e0 rel\u00e2cher les tensions, \u00e0 calmer le mental et \u00e0 mieux g\u00e9rer les pics de stress.<br>Ils repartent avec des techniques qu\u2019ils peuvent r\u00e9utiliser au quotidien pour retrouver \u00e9nergie, concentration et s\u00e9r\u00e9nit\u00e9.<\/p>\n\n\n\n<p>Un moyen concret et efficace de pr\u00e9venir l\u2019\u00e9puisement professionnel, de favoriser l\u2019\u00e9quilibre et d\u2019ancrer durablement le bien-\u00eatre au travail.<\/p>\n\n\n\n<div class=\"wp-block-cover has-parallax\"><div role=\"img\" aria-label=\"Entrainement de Qi Gong en plein air, pour favoriser la d\u00e9tente et retrouver l'\u00e9quilibre\" class=\"wp-block-cover__image-background wp-image-7516 has-parallax\" style=\"background-position:50% 50%;background-image:url(https:\/\/www.phenixetdragon.net\/wp-content\/uploads\/2023\/07\/Capture-decran-2023-07-27-a-10.16.18-1024x531.png)\"><\/div><span aria-hidden=\"true\" class=\"wp-block-cover__background has-background-dim\"><\/span><div class=\"wp-block-cover__inner-container is-layout-flow wp-block-cover-is-layout-flow\">\n<p class=\"has-text-align-center has-medium-font-size\" style=\"font-style:normal;font-weight:200\"><strong>Offrez \u00e0 vos \u00e9quipes un moment de respiration pour apaiser le corps et clarifier l\u2019esprit<\/strong><\/p>\n<\/div><\/div>\n\n\n\n<p><\/p>\n\n\n\n<h2 class=\"wp-block-heading has-vivid-red-color has-text-color has-link-color has-medium-font-size wp-elements-cbb536585ae1c9a286fc7a90edab93f5\"><strong>\u2764\ufe0f\u200d\ud83e\ude79 Sant\u00e9, et bien-\u00eatre global<\/strong><\/h2>\n\n\n\n<p>Le bien-\u00eatre au travail est devenu un enjeu majeur de la <strong>Responsabilit\u00e9 Soci\u00e9tale des Entreprises (RSE)<\/strong>. Proposer Qi Gong, Taiji ou Kung Fu s\u2019inscrit dans une d\u00e9marche qui <strong>pr\u00e9vient les risques psychosociaux, encourage l\u2019activit\u00e9 physique, et valorise la sant\u00e9 mentale.<\/strong><\/p>\n\n\n\n<p>Les collaborateurs peuvent <strong>se sentir mieux dans leur corps, plus repos\u00e9s<\/strong>, ce qui peut impacter positivement leur <strong>productivit\u00e9<\/strong>, leur <strong>engagement<\/strong>, et <strong>diminuer l\u2019absent\u00e9isme<\/strong>.<\/p>\n\n\n\n<div class=\"wp-block-cover has-parallax has-white-color has-text-color has-link-color wp-elements-506b491b87df53259786364df12153e5\"><div role=\"img\" aria-label=\"S\u00e9ance de Qi Gong, pour pr\u00e9venir les risques psychosociaux, et se sentir mieux dans son corps\" class=\"wp-block-cover__image-background wp-image-9273 has-parallax\" style=\"background-position:50% 50%;background-image:url(https:\/\/www.phenixetdragon.net\/wp-content\/uploads\/2025\/09\/Capture-decran-2023-02-28-a-20.22.01-edited-1.png)\"><\/div><span aria-hidden=\"true\" class=\"wp-block-cover__background has-black-background-color has-background-dim\"><\/span><div class=\"wp-block-cover__inner-container is-layout-flow wp-block-cover-is-layout-flow\">\n<p class=\"has-text-align-center has-medium-font-size\" style=\"font-style:italic;font-weight:200\"><em><strong>Offrir le Qi Gong ou le Taiji au travail, c\u2019est investir dans la sant\u00e9, l\u2019engagement et la performance durable<\/strong><\/em><\/p>\n<\/div><\/div>\n\n\n\n<p><\/p>\n\n\n\n<h2 class=\"wp-block-heading has-vivid-red-color has-text-color has-link-color has-medium-font-size wp-elements-3c290612a4f9057c358bec4c56f8756e\"><strong>\ud83d\udcdd Un cas concret<\/strong><\/h2>\n\n\n\n<p>Dans le cadre d\u2019une semaine d\u00e9di\u00e9e \u00e0 la qualit\u00e9 de vie au travail, notre client a fait appel \u00e0 <strong>Ph\u00e9nix &amp; Dragon<\/strong> pour organiser des ateliers de <strong>Qi Gong<\/strong> et de <strong>Taiji<\/strong> aupr\u00e8s de ses collaborateurs.<\/p>\n\n\n\n<p>L\u2019objectif : offrir aux \u00e9quipes un moment de d\u00e9tente et renforcer la coh\u00e9sion entre le services. Pendant trois jours, des sessions de 45 minutes ont \u00e9t\u00e9 anim\u00e9es sur place, dans une salle de r\u00e9union transform\u00e9e en \u201cespace zen\u201d.<\/p>\n\n\n\n<p>Les retours des participants ont \u00e9t\u00e9 unanimes :<\/p>\n\n\n\n<ul class=\"wp-block-list\">\n<li>Une meilleure concentration l\u2019apr\u00e8s-midi<\/li>\n\n\n\n<li>Une sensation de d\u00e9tente et d\u2019\u00e9nergie<\/li>\n\n\n\n<li>Un moment f\u00e9d\u00e9rateur qui a permis aux \u00e9quipes de se rencontrer autrement<\/li>\n<\/ul>\n\n\n\n<hr class=\"wp-block-separator has-alpha-channel-opacity\"\/>\n\n\n\n<p class=\"has-white-color has-blush-bordeaux-gradient-background has-text-color has-background has-link-color wp-elements-2266160fc3a8121154f619cbcd7c68b9\"><strong>Nous adaptons nos prestations \u00e0 votre audience, \u00e0 vos objectifs et \u00e0 la dur\u00e9e souhait\u00e9e.<br>Contactez-nous pour discuter de votre projet et obtenir un devis personnalis\u00e9.<\/strong><\/p>\n\n\n\n<hr class=\"wp-block-separator has-alpha-channel-opacity\"\/>\n\n\n\n<p class=\"has-cyan-bluish-gray-color has-text-color has-link-color wp-elements-6c5da5ad5c0c7d23114e2fd94063cc6c\"><\/p>","protected":false},"excerpt":{"rendered":"<p>\u00c9nergie, Equilibre et Bien-Etre au C\u0153ur de Votre Entreprise \ud83d\udccc Prestations Nous concevons des interventions sur mesure : \ud83d\udcdd Formats possibles \ud83d\udc65 Pour qui ? Nous adaptons nos prestations \u00e0 votre audience, \u00e0 vos objectifs et \u00e0 la dur\u00e9e souhait\u00e9e.Contactez-nous pour discuter de votre projet et obtenir un devis personnalis\u00e9. \ud83e\udd1d Coh\u00e9sion et motivation d\u2019\u00e9quipe &hellip; <\/p>","protected":false},"author":7,"featured_media":0,"parent":35,"menu_order":0,"comment_status":"closed","ping_status":"closed","template":"","meta":{"footnotes":""},"class_list":["post-9253","page","type-page","status-publish","hentry","latest_post"],"yoast_head":"<!-- This site is optimized with the Yoast SEO plugin v26.3 - https:\/\/yoast.com\/wordpress\/plugins\/seo\/ -->\n<title>S\u00e9minaires en Entreprise - Ph\u00e9nix et Dragon<\/title>\n<meta name=\"description\" content=\"Offrez \u00e0 vos \u00e9quipes bien-\u00eatre, \u00e9nergie et coh\u00e9sion au travail gr\u00e2ce aux ateliers de Qi Gong, Taiji et Kung Fu anim\u00e9s par Matteo Pepe \u2013 Ph\u00e9nix &amp; Dragon.\" \/>\n<meta name=\"robots\" content=\"index, follow, max-snippet:-1, max-image-preview:large, max-video-preview:-1\" \/>\n<link rel=\"canonical\" href=\"https:\/\/www.phenixetdragon.net\/en\/notre-ecole\/arts-martiaux-chinois-seminaires\/\" \/>\n<meta property=\"og:locale\" content=\"en_GB\" \/>\n<meta property=\"og:type\" content=\"article\" \/>\n<meta property=\"og:title\" content=\"S\u00e9minaires en Entreprise - Ph\u00e9nix et Dragon\" \/>\n<meta property=\"og:description\" content=\"Offrez \u00e0 vos \u00e9quipes bien-\u00eatre, \u00e9nergie et coh\u00e9sion au travail gr\u00e2ce aux ateliers de Qi Gong, Taiji et Kung Fu anim\u00e9s par Matteo Pepe \u2013 Ph\u00e9nix &amp; Dragon.\" \/>\n<meta property=\"og:url\" content=\"https:\/\/www.phenixetdragon.net\/en\/notre-ecole\/arts-martiaux-chinois-seminaires\/\" \/>\n<meta property=\"og:site_name\" content=\"Ph\u00e9nix et Dragon\" \/>\n<meta property=\"article:publisher\" content=\"https:\/\/fr-fr.facebook.com\/assoephedra\/\" \/>\n<meta property=\"article:modified_time\" content=\"2025-11-08T20:18:53+00:00\" \/>\n<meta name=\"twitter:card\" content=\"summary_large_image\" \/>\n<meta name=\"twitter:label1\" content=\"Estimated reading time\" \/>\n\t<meta name=\"twitter:data1\" content=\"4 minutes\" \/>\n<script type=\"application\/ld+json\" class=\"yoast-schema-graph\">{\"@context\":\"https:\/\/schema.org\",\"@graph\":[{\"@type\":\"WebPage\",\"@id\":\"https:\/\/www.phenixetdragon.net\/notre-ecole\/arts-martiaux-chinois-seminaires\/\",\"url\":\"https:\/\/www.phenixetdragon.net\/notre-ecole\/arts-martiaux-chinois-seminaires\/\",\"name\":\"S\u00e9minaires en Entreprise - Ph\u00e9nix et Dragon\",\"isPartOf\":{\"@id\":\"https:\/\/www.phenixetdragon.net\/#website\"},\"datePublished\":\"2025-09-27T17:45:11+00:00\",\"dateModified\":\"2025-11-08T20:18:53+00:00\",\"description\":\"Offrez \u00e0 vos \u00e9quipes bien-\u00eatre, \u00e9nergie et coh\u00e9sion au travail gr\u00e2ce aux ateliers de Qi Gong, Taiji et Kung Fu anim\u00e9s par Matteo Pepe \u2013 Ph\u00e9nix & Dragon.\",\"breadcrumb\":{\"@id\":\"https:\/\/www.phenixetdragon.net\/notre-ecole\/arts-martiaux-chinois-seminaires\/#breadcrumb\"},\"inLanguage\":\"en-GB\",\"potentialAction\":[{\"@type\":\"ReadAction\",\"target\":[\"https:\/\/www.phenixetdragon.net\/notre-ecole\/arts-martiaux-chinois-seminaires\/\"]}]},{\"@type\":\"BreadcrumbList\",\"@id\":\"https:\/\/www.phenixetdragon.net\/notre-ecole\/arts-martiaux-chinois-seminaires\/#breadcrumb\",\"itemListElement\":[{\"@type\":\"ListItem\",\"position\":1,\"name\":\"Accueil\",\"item\":\"https:\/\/www.phenixetdragon.net\/\"},{\"@type\":\"ListItem\",\"position\":2,\"name\":\"Notre \u00e9cole\",\"item\":\"https:\/\/www.phenixetdragon.net\/notre-ecole\/\"},{\"@type\":\"ListItem\",\"position\":3,\"name\":\"S\u00e9minaires en Entreprise\"}]},{\"@type\":\"WebSite\",\"@id\":\"https:\/\/www.phenixetdragon.net\/#website\",\"url\":\"https:\/\/www.phenixetdragon.net\/\",\"name\":\"Ph\u00e9nix et Dragon\",\"description\":\"Arts Martiaux Chinois, Kung Fu, Taiji Quan, et Arts Energ\u00e9tiques, Qi Gong\",\"publisher\":{\"@id\":\"https:\/\/www.phenixetdragon.net\/#organization\"},\"potentialAction\":[{\"@type\":\"SearchAction\",\"target\":{\"@type\":\"EntryPoint\",\"urlTemplate\":\"https:\/\/www.phenixetdragon.net\/?s={search_term_string}\"},\"query-input\":{\"@type\":\"PropertyValueSpecification\",\"valueRequired\":true,\"valueName\":\"search_term_string\"}}],\"inLanguage\":\"en-GB\"},{\"@type\":\"Organization\",\"@id\":\"https:\/\/www.phenixetdragon.net\/#organization\",\"name\":\"Ph\u00e9nix et Dragon\",\"url\":\"https:\/\/www.phenixetdragon.net\/\",\"logo\":{\"@type\":\"ImageObject\",\"inLanguage\":\"en-GB\",\"@id\":\"https:\/\/www.phenixetdragon.net\/#\/schema\/logo\/image\/\",\"url\":\"https:\/\/www.phenixetdragon.net\/wp-content\/uploads\/2021\/08\/logophenixdragon.png\",\"contentUrl\":\"https:\/\/www.phenixetdragon.net\/wp-content\/uploads\/2021\/08\/logophenixdragon.png\",\"width\":674,\"height\":113,\"caption\":\"Ph\u00e9nix et Dragon\"},\"image\":{\"@id\":\"https:\/\/www.phenixetdragon.net\/#\/schema\/logo\/image\/\"},\"sameAs\":[\"https:\/\/fr-fr.facebook.com\/assoephedra\/\",\"https:\/\/www.instagram.com\/ecolephenixetdragon\/\"]}]}<\/script>\n<!-- \/ Yoast SEO plugin. -->","yoast_head_json":{"title":"S\u00e9minaires en Entreprise - Ph\u00e9nix et Dragon","description":"Offrez \u00e0 vos \u00e9quipes bien-\u00eatre, \u00e9nergie et coh\u00e9sion au travail gr\u00e2ce aux ateliers de Qi Gong, Taiji et Kung Fu anim\u00e9s par Matteo Pepe \u2013 Ph\u00e9nix & Dragon.","robots":{"index":"index","follow":"follow","max-snippet":"max-snippet:-1","max-image-preview":"max-image-preview:large","max-video-preview":"max-video-preview:-1"},"canonical":"https:\/\/www.phenixetdragon.net\/en\/notre-ecole\/arts-martiaux-chinois-seminaires\/","og_locale":"en_GB","og_type":"article","og_title":"S\u00e9minaires en Entreprise - Ph\u00e9nix et Dragon","og_description":"Offrez \u00e0 vos \u00e9quipes bien-\u00eatre, \u00e9nergie et coh\u00e9sion au travail gr\u00e2ce aux ateliers de Qi Gong, Taiji et Kung Fu anim\u00e9s par Matteo Pepe \u2013 Ph\u00e9nix & Dragon.","og_url":"https:\/\/www.phenixetdragon.net\/en\/notre-ecole\/arts-martiaux-chinois-seminaires\/","og_site_name":"Ph\u00e9nix et Dragon","article_publisher":"https:\/\/fr-fr.facebook.com\/assoephedra\/","article_modified_time":"2025-11-08T20:18:53+00:00","twitter_card":"summary_large_image","twitter_misc":{"Estimated reading time":"4 minutes"},"schema":{"@context":"https:\/\/schema.org","@graph":[{"@type":"WebPage","@id":"https:\/\/www.phenixetdragon.net\/notre-ecole\/arts-martiaux-chinois-seminaires\/","url":"https:\/\/www.phenixetdragon.net\/notre-ecole\/arts-martiaux-chinois-seminaires\/","name":"S\u00e9minaires en Entreprise - Ph\u00e9nix et Dragon","isPartOf":{"@id":"https:\/\/www.phenixetdragon.net\/#website"},"datePublished":"2025-09-27T17:45:11+00:00","dateModified":"2025-11-08T20:18:53+00:00","description":"Offrez \u00e0 vos \u00e9quipes bien-\u00eatre, \u00e9nergie et coh\u00e9sion au travail gr\u00e2ce aux ateliers de Qi Gong, Taiji et Kung Fu anim\u00e9s par Matteo Pepe \u2013 Ph\u00e9nix & Dragon.","breadcrumb":{"@id":"https:\/\/www.phenixetdragon.net\/notre-ecole\/arts-martiaux-chinois-seminaires\/#breadcrumb"},"inLanguage":"en-GB","potentialAction":[{"@type":"ReadAction","target":["https:\/\/www.phenixetdragon.net\/notre-ecole\/arts-martiaux-chinois-seminaires\/"]}]},{"@type":"BreadcrumbList","@id":"https:\/\/www.phenixetdragon.net\/notre-ecole\/arts-martiaux-chinois-seminaires\/#breadcrumb","itemListElement":[{"@type":"ListItem","position":1,"name":"Accueil","item":"https:\/\/www.phenixetdragon.net\/"},{"@type":"ListItem","position":2,"name":"Notre \u00e9cole","item":"https:\/\/www.phenixetdragon.net\/notre-ecole\/"},{"@type":"ListItem","position":3,"name":"S\u00e9minaires en Entreprise"}]},{"@type":"WebSite","@id":"https:\/\/www.phenixetdragon.net\/#website","url":"https:\/\/www.phenixetdragon.net\/","name":"Ph\u00e9nix et Dragon","description":"Arts Martiaux Chinois, Kung Fu, Taiji Quan, et Arts Energ\u00e9tiques, Qi Gong","publisher":{"@id":"https:\/\/www.phenixetdragon.net\/#organization"},"potentialAction":[{"@type":"SearchAction","target":{"@type":"EntryPoint","urlTemplate":"https:\/\/www.phenixetdragon.net\/?s={search_term_string}"},"query-input":{"@type":"PropertyValueSpecification","valueRequired":true,"valueName":"search_term_string"}}],"inLanguage":"en-GB"},{"@type":"Organization","@id":"https:\/\/www.phenixetdragon.net\/#organization","name":"Ph\u00e9nix et Dragon","url":"https:\/\/www.phenixetdragon.net\/","logo":{"@type":"ImageObject","inLanguage":"en-GB","@id":"https:\/\/www.phenixetdragon.net\/#\/schema\/logo\/image\/","url":"https:\/\/www.phenixetdragon.net\/wp-content\/uploads\/2021\/08\/logophenixdragon.png","contentUrl":"https:\/\/www.phenixetdragon.net\/wp-content\/uploads\/2021\/08\/logophenixdragon.png","width":674,"height":113,"caption":"Ph\u00e9nix et Dragon"},"image":{"@id":"https:\/\/www.phenixetdragon.net\/#\/schema\/logo\/image\/"},"sameAs":["https:\/\/fr-fr.facebook.com\/assoephedra\/","https:\/\/www.instagram.com\/ecolephenixetdragon\/"]}]}},"_links":{"self":[{"href":"https:\/\/www.phenixetdragon.net\/en\/wp-json\/wp\/v2\/pages\/9253","targetHints":{"allow":["GET"]}}],"collection":[{"href":"https:\/\/www.phenixetdragon.net\/en\/wp-json\/wp\/v2\/pages"}],"about":[{"href":"https:\/\/www.phenixetdragon.net\/en\/wp-json\/wp\/v2\/types\/page"}],"author":[{"embeddable":true,"href":"https:\/\/www.phenixetdragon.net\/en\/wp-json\/wp\/v2\/users\/7"}],"replies":[{"embeddable":true,"href":"https:\/\/www.phenixetdragon.net\/en\/wp-json\/wp\/v2\/comments?post=9253"}],"version-history":[{"count":55,"href":"https:\/\/www.phenixetdragon.net\/en\/wp-json\/wp\/v2\/pages\/9253\/revisions"}],"predecessor-version":[{"id":10056,"href":"https:\/\/www.phenixetdragon.net\/en\/wp-json\/wp\/v2\/pages\/9253\/revisions\/10056"}],"up":[{"embeddable":true,"href":"https:\/\/www.phenixetdragon.net\/en\/wp-json\/wp\/v2\/pages\/35"}],"wp:attachment":[{"href":"https:\/\/www.phenixetdragon.net\/en\/wp-json\/wp\/v2\/media?parent=9253"}],"curies":[{"name":"wp","href":"https:\/\/api.w.org\/{rel}","templated":true}]}}