{"id":9398,"date":"2025-10-11T12:10:59","date_gmt":"2025-10-11T10:10:59","guid":{"rendered":"https:\/\/www.phenixetdragon.net\/?page_id=9398"},"modified":"2025-11-13T16:33:35","modified_gmt":"2025-11-13T15:33:35","slug":"le-qi-gong-en-quelques-mots","status":"publish","type":"page","link":"https:\/\/www.phenixetdragon.net\/en\/notre-ecole\/le-qi-gong-en-quelques-mots\/","title":{"rendered":"Le Qi Gong en Quelques Mots"},"content":{"rendered":"<h1 class=\"wp-block-heading has-vivid-red-color has-text-color has-link-color has-medium-font-size wp-elements-3cdfd936338b034ba863cae197185ac9\"><strong>Le Qi Gong : art du mouvement et de l\u2019\u00e9nergie<\/strong><\/h1>\n\n\n\n<p>Le <strong>Qi Gong<\/strong> (se prononce <em>tchi kong<\/em>) est une <strong>gymnastique \u00e9nerg\u00e9tique chinoise<\/strong> \u2014 parfois compar\u00e9e au \u00ab yoga chinois \u00bb. Issu de la <strong>m\u00e9decine traditionnelle chinoise<\/strong> et de la <strong>philosophie tao\u00efste<\/strong>, le Qi Gong vise \u00e0 harmoniser le corps, le souffle et l\u2019esprit.<\/p>\n\n\n\n<p>La pratique combine <strong>mouvements souples et harmonieux<\/strong>, <strong>\u00e9tirements<\/strong>, <strong>postures statiques<\/strong>, <strong>automassages<\/strong> et parfois <strong>percussions<\/strong>, dans une recherche d\u2019\u00e9quilibre entre effort conscient et d\u00e9tente int\u00e9rieure.<\/p>\n\n\n\n<h2 class=\"wp-block-heading has-vivid-red-color has-text-color has-link-color has-medium-font-size wp-elements-da0a060d80e78edb172c9e048ddc7ba0\"><strong>Faire circuler l\u2019\u00e9nergie vitale<\/strong><\/h2>\n\n\n\n<p>Au c\u0153ur du Qi Gong se trouve le travail du <strong>Qi<\/strong> \u2014 l\u2019\u00e9nergie vitale qui circule dans les m\u00e9ridiens, les m\u00eames canaux utilis\u00e9s en acupuncture. Gr\u00e2ce \u00e0 la respiration, \u00e0 la concentration et \u00e0 des mouvements continus, on apprend \u00e0 <strong>diriger la force interne<\/strong> pour r\u00e9guler et tonifier cette \u00e9nergie.<\/p>\n\n\n\n<p>Les encha\u00eenements, souvent accompagn\u00e9s de musique, favorisent la <strong>fluidit\u00e9 du Qi<\/strong>, apaisent les \u00e9motions et renforcent l\u2019\u00e9quilibre entre le corps et l\u2019esprit.<\/p>\n\n\n\n<h2 class=\"wp-block-heading has-vivid-red-color has-text-color has-link-color has-medium-font-size wp-elements-ed25bcb65e05b6b30865bb547481a6c1\"><strong>Sant\u00e9, vitalit\u00e9 et long\u00e9vit\u00e9<\/strong><\/h2>\n\n\n\n<p>Le Qi Gong r\u00e9g\u00e9n\u00e8re l\u2019\u00e9nergie vitale en unifiant <strong>respiration, geste et pens\u00e9e<\/strong>. Cette pratique renforce les <strong>d\u00e9fenses immunitaires<\/strong>, am\u00e9liore la <strong>souplesse<\/strong> et la <strong>vitalit\u00e9<\/strong>, et contribue \u00e0 <strong>pr\u00e9venir les maladies<\/strong>.<br>En stimulant la circulation du Qi dans les m\u00e9ridiens, elle nourrit le <strong>Dan Tian<\/strong> (centre d\u2019\u00e9nergie situ\u00e9 dans l\u2019abdomen), v\u00e9ritable r\u00e9servoir de la force vitale.<\/p>\n\n\n\n<p>On en retire une plus grande <strong>stabilit\u00e9 \u00e9motionnelle<\/strong>, un <strong>calme mental<\/strong> et une <strong>pr\u00e9sence accrue<\/strong> au corps.<\/p>\n\n\n\n<h2 class=\"wp-block-heading has-vivid-red-color has-text-color has-link-color has-medium-font-size wp-elements-5b08c5088f136fa1bf825821576fbd6f\"><strong>Une tradition mill\u00e9naire<\/strong><\/h2>\n\n\n\n<p>Pratiqu\u00e9 en Chine depuis plus de <strong>2000 ans<\/strong>, le Qi Gong portait autrefois le nom de <strong>Dao Yin<\/strong>, litt\u00e9ralement \u00ab guider et \u00e9tirer \u00bb. Au fil des si\u00e8cles, il s\u2019est diversifi\u00e9 en de nombreuses \u00e9coles, certaines tr\u00e8s m\u00e9ditatives, d\u2019autres plus dynamiques ou th\u00e9rapeutiques.<\/p>\n\n\n\n<p>L\u2019enseignement transmis \u00e0 <strong>l\u2019\u00c9cole Ph\u00e9nix &amp; Dragon<\/strong> s\u2019inscrit dans cette lign\u00e9e, avec une orientation claire vers la <strong>pr\u00e9servation de la sant\u00e9<\/strong> et le <strong>d\u00e9veloppement personnel<\/strong>.<\/p>\n\n\n\n<h2 class=\"wp-block-heading has-vivid-red-color has-text-color has-link-color has-medium-font-size wp-elements-bd39ee6420af0c94747e488d89d0d4bf\"><strong>Le Daoyin Yangsheng Gong : pr\u00e9server la sant\u00e9<\/strong><\/h2>\n\n\n\n<p>Le style principal enseign\u00e9 \u00e0 Ph\u00e9nix &amp; Dragon est le <strong>Daoyin Yangsheng Gong<\/strong> (\u5bfc\u5f15\u517b\u751f\u529f), litt\u00e9ralement \u00ab exercices pour nourrir la vie \u00bb.<\/p>\n\n\n\n<p>Con\u00e7u dans les ann\u00e9es 70 par le <strong>Professeur Zhang Guang De<\/strong>, de l\u2019Universit\u00e9 des Sports de P\u00e9kin, ce style combine <strong>exercices physiques, respiratoires et psychiques<\/strong> selon les principes de la m\u00e9decine traditionnelle chinoise. Ses <strong>mouvements <\/strong>stimulent la circulation \u00e9nerg\u00e9tique dans les m\u00e9ridiens et activent les points d\u2019acupuncture.<\/p>\n\n\n\n<p>Le Daoyin Yangsheng Gong comprend des <strong>exercices de base<\/strong>, des <strong>formes de r\u00e9gulation<\/strong> (corps \u2013 respiration \u2013 mental \u2013 Qi \u2013 Sang), et des <strong>formes sp\u00e9cifiques<\/strong> pour les organes internes.<br>Pour les pratiquants avanc\u00e9s, le professeur a \u00e9galement cr\u00e9\u00e9 trois <strong>Taiji de la Paume<\/strong> \u00e0 mains nues, ainsi que des formes avec <strong>\u00e9ventail, \u00e9p\u00e9e et sabre<\/strong>, qui associent la fluidit\u00e9 du Taiji Quan \u00e0 la profondeur du travail \u00e9nerg\u00e9tique.<\/p>\n\n\n\n<h2 class=\"wp-block-heading has-vivid-red-color has-text-color has-link-color has-medium-font-size wp-elements-7130acbe8e967e0ceef09ce2d111ba3b\"><strong>Reconnaissance et transmission<\/strong><\/h2>\n\n\n\n<p>En Chine, le <strong>Daoyin Yangsheng Gong<\/strong> est reconnu officiellement par le <strong>minist\u00e8re de la Sant\u00e9<\/strong>, le <strong>minist\u00e8re du Sport<\/strong> et la <strong>F\u00e9d\u00e9ration chinoise de Wushu<\/strong>. Cette m\u00e9thode est enseign\u00e9e dans les h\u00f4pitaux, universit\u00e9s et instituts de recherche en Qi Gong m\u00e9dical.<\/p>\n\n\n\n<p>\u00c0 <strong>l\u2019\u00c9cole Ph\u00e9nix &amp; Dragon<\/strong>, elle est transmise fid\u00e8lement dans la lign\u00e9e du Professeur Zhang Guang De, par <strong>Matteo Pepe<\/strong>, son \u00e9l\u00e8ve direct et directeur p\u00e9dagogique de l\u2019\u00e9cole.<\/p>\n\n\n\n<div class=\"wp-block-columns is-layout-flex wp-container-core-columns-is-layout-9d6595d7 wp-block-columns-is-layout-flex\">\n<div class=\"wp-block-column is-layout-flow wp-block-column-is-layout-flow\">\n<figure class=\"wp-block-image size-large is-style-default\"><img decoding=\"async\" src=\"data:image\/gif;base64,R0lGODlhAQABAAAAACH5BAEKAAEALAAAAAABAAEAAAICTAEAOw==\" data-layzr=\"https:\/\/www.phenixetdragon.net\/wp-content\/uploads\/2025\/10\/Zhang-guang-de-_-Matteo-1998-edited.jpg\" alt=\"\" class=\"wp-image-9403\" title=\"Matteo Pepe, \u00e9l\u00e8ve direct du professeur Zhang Guang De\"\/><\/figure>\n<\/div>\n\n\n\n<div class=\"wp-block-column is-layout-flow wp-block-column-is-layout-flow\">\n<figure class=\"wp-block-image size-full is-resized is-style-default\" id=\"Zhang-Guang-De\"><img decoding=\"async\" src=\"data:image\/gif;base64,R0lGODlhAQABAAAAACH5BAEKAAEALAAAAAABAAEAAAICTAEAOw==\" data-layzr=\"https:\/\/www.phenixetdragon.net\/wp-content\/uploads\/2025\/10\/image-2-edited.png\" alt=\"\" class=\"wp-image-9402\" style=\"width:416px;height:auto\" title=\"Professeur Zhang Guang De\"\/><\/figure>\n<\/div>\n<\/div>\n\n\n\n<h2 class=\"wp-block-heading has-vivid-red-color has-text-color has-link-color has-medium-font-size wp-elements-7971298e42df569e70f9d3e69dc81ea2\"><strong>Les formes enseign\u00e9es \u00e0 l\u2019\u00c9cole Ph\u00e9nix &amp; Dragon<\/strong><\/h2>\n\n\n\n<p>Les enseignements de Qi Gong \u00e0 l\u2019\u00e9cole s\u2019articulent autour de plusieurs familles de pratiques :<\/p>\n\n\n\n<ul class=\"wp-block-list\">\n<li><strong>Formes courtes du Daoyin Yangsheng Gong<\/strong>, d\u00e9di\u00e9es aux organes (C\u0153ur, Poumons, Foie, Rate, Reins, etc.)<\/li>\n\n\n\n<li><strong>Formes longues de Taiji Qi Gong<\/strong> \u00e0 mains nues<\/li>\n\n\n\n<li><strong>Formes avec armes<\/strong> : \u00e9ventail, \u00e9p\u00e9e, sabre<\/li>\n\n\n\n<li><strong>Formes de Wudang Qi Gong<\/strong>, \u00e0 caract\u00e8re plus m\u00e9ditatif<\/li>\n<\/ul>\n\n\n\n<p>D&rsquo;autres Qi Gong sont \u00e9galement enseign\u00e9s.<\/p>\n\n\n\n<hr class=\"wp-block-separator has-alpha-channel-opacity\"\/>\n\n\n\n<p class=\"has-white-color has-blush-bordeaux-gradient-background has-text-color has-background has-link-color wp-elements-721565dee1bc36f95587d87b7ebc132b\"><strong><strong>Rejoignez-nous \u00e0 l&rsquo;\u00c9cole Ph\u00e9nix &amp; Dragon <\/strong><\/strong>: nous proposons des cours r\u00e9guliers de Qi Gong, ouverts \u00e0 tous, ainsi que des ateliers th\u00e9matiques et des \u00e9v\u00e9nements sp\u00e9ciaux. Notre approche p\u00e9dagogique allie tradition et modernit\u00e9, permettant \u00e0 chacun de progresser \u00e0 son rythme dans une ambiance bienveillante et stimulante. Pour plus d&rsquo;informations ou pour vous inscrire, n&rsquo;h\u00e9sitez pas \u00e0 nous contacter.<\/p>\n\n\n\n<hr class=\"wp-block-separator has-alpha-channel-opacity\"\/>\n\n\n\n<div class=\"wp-block-columns is-layout-flex wp-container-core-columns-is-layout-9d6595d7 wp-block-columns-is-layout-flex\">\n<div class=\"wp-block-column is-layout-flow wp-block-column-is-layout-flow\">\n<div class=\"wp-block-cover\"><img decoding=\"async\" class=\"wp-block-cover__image-background wp-image-9395\" alt=\"\" src=\"data:image\/gif;base64,R0lGODlhAQABAAAAACH5BAEKAAEALAAAAAABAAEAAAICTAEAOw==\" data-layzr=\"https:\/\/www.phenixetdragon.net\/wp-content\/uploads\/2025\/10\/IMG_1975-edited.jpg\" data-object-fit=\"cover\"\/><span aria-hidden=\"true\" class=\"wp-block-cover__background has-background-dim\"><\/span><div class=\"wp-block-cover__inner-container is-layout-flow wp-block-cover-is-layout-flow\">\n<p class=\"has-text-align-center has-white-color has-text-color has-link-color has-medium-font-size wp-elements-771a359e3c5d21b7e4a7b1ada5a3c73a\"><a href=\"https:\/\/www.phenixetdragon.net\/notre-ecole\/cours-de-qi-gong\/daoyin-yangsheng-gong\/\"><strong>Daoyin Yangsheng Gong<\/strong><\/a><\/p>\n<\/div><\/div>\n<\/div>\n\n\n\n<div class=\"wp-block-column is-layout-flow wp-block-column-is-layout-flow\">\n<div class=\"wp-block-cover aligncenter\"><img decoding=\"async\" class=\"wp-block-cover__image-background wp-image-9396\" alt=\"\" src=\"data:image\/gif;base64,R0lGODlhAQABAAAAACH5BAEKAAEALAAAAAABAAEAAAICTAEAOw==\" data-layzr=\"https:\/\/www.phenixetdragon.net\/wp-content\/uploads\/2025\/10\/IMG_6281-edited.jpg\" data-object-fit=\"cover\"\/><span aria-hidden=\"true\" class=\"wp-block-cover__background has-background-dim\"><\/span><div class=\"wp-block-cover__inner-container is-layout-flow wp-block-cover-is-layout-flow\">\n<p class=\"has-text-align-center has-white-color has-text-color has-link-color has-medium-font-size wp-elements-4cdc3f6e887da3751c8045fa92a198c3\"><strong><a href=\"https:\/\/www.phenixetdragon.net\/qi-gong-wudang\/\">Qi Gong Wudang<\/a><\/strong><\/p>\n<\/div><\/div>\n<\/div>\n\n\n\n<div class=\"wp-block-column is-layout-flow wp-block-column-is-layout-flow\">\n<div class=\"wp-block-cover alignright\"><img decoding=\"async\" class=\"wp-block-cover__image-background wp-image-9397\" alt=\"\" src=\"data:image\/gif;base64,R0lGODlhAQABAAAAACH5BAEKAAEALAAAAAABAAEAAAICTAEAOw==\" data-layzr=\"https:\/\/www.phenixetdragon.net\/wp-content\/uploads\/2025\/10\/AE3B647B-F28C-45DF-A168-62B6D9935A2D_4_5005_c-edited.jpeg\" data-object-fit=\"cover\"\/><span aria-hidden=\"true\" class=\"wp-block-cover__background has-background-dim\"><\/span><div class=\"wp-block-cover__inner-container is-layout-flow wp-block-cover-is-layout-flow\">\n<p class=\"has-text-align-center has-white-color has-text-color has-link-color has-medium-font-size wp-elements-a87aeee4bf52867fe39cc8dd017112c5\"><strong><a href=\"https:\/\/www.phenixetdragon.net\/forum-aux-questions\/\">Forum aux Questions<\/a><\/strong><\/p>\n<\/div><\/div>\n<\/div>\n<\/div>\n\n\n\n<hr class=\"wp-block-separator has-alpha-channel-opacity\"\/>\n\n\n\n<p><em>Ph\u00e9nix &amp; Dragon, a school committed to teaching internal and external martial arts for all ages and levels.<\/em><\/p>","protected":false},"excerpt":{"rendered":"<p>Le Qi Gong : art du mouvement et de l\u2019\u00e9nergie Le Qi Gong (se prononce tchi kong) est une gymnastique \u00e9nerg\u00e9tique chinoise \u2014 parfois compar\u00e9e au \u00ab yoga chinois \u00bb. Issu de la m\u00e9decine traditionnelle chinoise et de la philosophie tao\u00efste, le Qi Gong vise \u00e0 harmoniser le corps, le souffle et l\u2019esprit. La pratique &hellip; <\/p>","protected":false},"author":7,"featured_media":9391,"parent":35,"menu_order":0,"comment_status":"closed","ping_status":"closed","template":"","meta":{"footnotes":""},"class_list":["post-9398","page","type-page","status-publish","has-post-thumbnail","hentry","latest_post"],"yoast_head":"<!-- This site is optimized with the Yoast SEO plugin v26.3 - https:\/\/yoast.com\/wordpress\/plugins\/seo\/ -->\n<title>Le Qi Gong en Quelques Mots - Ph\u00e9nix et Dragon<\/title>\n<meta name=\"description\" content=\"D\u00e9couvrez le Qi Gong et le Daoyin Yangsheng Gong enseign\u00e9s \u00e0 l\u2019\u00c9cole Ph\u00e9nix &amp; Dragon : sant\u00e9, \u00e9nergie, \u00e9quilibre et harmonie du corps et de l\u2019esprit\" \/>\n<meta name=\"robots\" content=\"index, follow, max-snippet:-1, max-image-preview:large, max-video-preview:-1\" \/>\n<link rel=\"canonical\" href=\"https:\/\/www.phenixetdragon.net\/en\/notre-ecole\/le-qi-gong-en-quelques-mots\/\" \/>\n<meta property=\"og:locale\" content=\"en_GB\" \/>\n<meta property=\"og:type\" content=\"article\" \/>\n<meta property=\"og:title\" content=\"Le Qi Gong en Quelques Mots - Ph\u00e9nix et Dragon\" \/>\n<meta property=\"og:description\" content=\"D\u00e9couvrez le Qi Gong et le Daoyin Yangsheng Gong enseign\u00e9s \u00e0 l\u2019\u00c9cole Ph\u00e9nix &amp; Dragon : sant\u00e9, \u00e9nergie, \u00e9quilibre et harmonie du corps et de l\u2019esprit\" \/>\n<meta property=\"og:url\" content=\"https:\/\/www.phenixetdragon.net\/en\/notre-ecole\/le-qi-gong-en-quelques-mots\/\" \/>\n<meta property=\"og:site_name\" content=\"Ph\u00e9nix et Dragon\" \/>\n<meta property=\"article:publisher\" content=\"https:\/\/fr-fr.facebook.com\/assoephedra\/\" \/>\n<meta property=\"article:modified_time\" content=\"2025-11-13T15:33:35+00:00\" \/>\n<meta property=\"og:image\" content=\"https:\/\/www.phenixetdragon.net\/wp-content\/uploads\/2025\/10\/Capture-decran-2023-01-23-a-20.23.00.png\" \/>\n\t<meta property=\"og:image:width\" content=\"1000\" \/>\n\t<meta property=\"og:image:height\" content=\"576\" \/>\n\t<meta property=\"og:image:type\" content=\"image\/png\" \/>\n<meta name=\"twitter:card\" content=\"summary_large_image\" \/>\n<meta name=\"twitter:label1\" content=\"Estimated reading time\" \/>\n\t<meta name=\"twitter:data1\" content=\"4 minutes\" \/>\n<script type=\"application\/ld+json\" class=\"yoast-schema-graph\">{\"@context\":\"https:\/\/schema.org\",\"@graph\":[{\"@type\":\"WebPage\",\"@id\":\"https:\/\/www.phenixetdragon.net\/notre-ecole\/le-qi-gong-en-quelques-mots\/\",\"url\":\"https:\/\/www.phenixetdragon.net\/notre-ecole\/le-qi-gong-en-quelques-mots\/\",\"name\":\"Le Qi Gong en Quelques Mots - Ph\u00e9nix et Dragon\",\"isPartOf\":{\"@id\":\"https:\/\/www.phenixetdragon.net\/#website\"},\"primaryImageOfPage\":{\"@id\":\"https:\/\/www.phenixetdragon.net\/notre-ecole\/le-qi-gong-en-quelques-mots\/#primaryimage\"},\"image\":{\"@id\":\"https:\/\/www.phenixetdragon.net\/notre-ecole\/le-qi-gong-en-quelques-mots\/#primaryimage\"},\"thumbnailUrl\":\"https:\/\/www.phenixetdragon.net\/wp-content\/uploads\/2025\/10\/Capture-decran-2023-01-23-a-20.23.00.png\",\"datePublished\":\"2025-10-11T10:10:59+00:00\",\"dateModified\":\"2025-11-13T15:33:35+00:00\",\"description\":\"D\u00e9couvrez le Qi Gong et le Daoyin Yangsheng Gong enseign\u00e9s \u00e0 l\u2019\u00c9cole Ph\u00e9nix & Dragon : sant\u00e9, \u00e9nergie, \u00e9quilibre et harmonie du corps et de l\u2019esprit\",\"breadcrumb\":{\"@id\":\"https:\/\/www.phenixetdragon.net\/notre-ecole\/le-qi-gong-en-quelques-mots\/#breadcrumb\"},\"inLanguage\":\"en-GB\",\"potentialAction\":[{\"@type\":\"ReadAction\",\"target\":[\"https:\/\/www.phenixetdragon.net\/notre-ecole\/le-qi-gong-en-quelques-mots\/\"]}]},{\"@type\":\"ImageObject\",\"inLanguage\":\"en-GB\",\"@id\":\"https:\/\/www.phenixetdragon.net\/notre-ecole\/le-qi-gong-en-quelques-mots\/#primaryimage\",\"url\":\"https:\/\/www.phenixetdragon.net\/wp-content\/uploads\/2025\/10\/Capture-decran-2023-01-23-a-20.23.00.png\",\"contentUrl\":\"https:\/\/www.phenixetdragon.net\/wp-content\/uploads\/2025\/10\/Capture-decran-2023-01-23-a-20.23.00.png\",\"width\":1000,\"height\":576,\"caption\":\"Qi Gong\"},{\"@type\":\"BreadcrumbList\",\"@id\":\"https:\/\/www.phenixetdragon.net\/notre-ecole\/le-qi-gong-en-quelques-mots\/#breadcrumb\",\"itemListElement\":[{\"@type\":\"ListItem\",\"position\":1,\"name\":\"Accueil\",\"item\":\"https:\/\/www.phenixetdragon.net\/\"},{\"@type\":\"ListItem\",\"position\":2,\"name\":\"Notre \u00e9cole\",\"item\":\"https:\/\/www.phenixetdragon.net\/notre-ecole\/\"},{\"@type\":\"ListItem\",\"position\":3,\"name\":\"Le Qi Gong en Quelques Mots\"}]},{\"@type\":\"WebSite\",\"@id\":\"https:\/\/www.phenixetdragon.net\/#website\",\"url\":\"https:\/\/www.phenixetdragon.net\/\",\"name\":\"Ph\u00e9nix et Dragon\",\"description\":\"Arts Martiaux Chinois, Kung Fu, Taiji Quan, et Arts Energ\u00e9tiques, Qi Gong\",\"publisher\":{\"@id\":\"https:\/\/www.phenixetdragon.net\/#organization\"},\"potentialAction\":[{\"@type\":\"SearchAction\",\"target\":{\"@type\":\"EntryPoint\",\"urlTemplate\":\"https:\/\/www.phenixetdragon.net\/?s={search_term_string}\"},\"query-input\":{\"@type\":\"PropertyValueSpecification\",\"valueRequired\":true,\"valueName\":\"search_term_string\"}}],\"inLanguage\":\"en-GB\"},{\"@type\":\"Organization\",\"@id\":\"https:\/\/www.phenixetdragon.net\/#organization\",\"name\":\"Ph\u00e9nix et Dragon\",\"url\":\"https:\/\/www.phenixetdragon.net\/\",\"logo\":{\"@type\":\"ImageObject\",\"inLanguage\":\"en-GB\",\"@id\":\"https:\/\/www.phenixetdragon.net\/#\/schema\/logo\/image\/\",\"url\":\"https:\/\/www.phenixetdragon.net\/wp-content\/uploads\/2021\/08\/logophenixdragon.png\",\"contentUrl\":\"https:\/\/www.phenixetdragon.net\/wp-content\/uploads\/2021\/08\/logophenixdragon.png\",\"width\":674,\"height\":113,\"caption\":\"Ph\u00e9nix et Dragon\"},\"image\":{\"@id\":\"https:\/\/www.phenixetdragon.net\/#\/schema\/logo\/image\/\"},\"sameAs\":[\"https:\/\/fr-fr.facebook.com\/assoephedra\/\",\"https:\/\/www.instagram.com\/ecolephenixetdragon\/\"]}]}<\/script>\n<!-- \/ Yoast SEO plugin. -->","yoast_head_json":{"title":"Le Qi Gong en Quelques Mots - Ph\u00e9nix et Dragon","description":"D\u00e9couvrez le Qi Gong et le Daoyin Yangsheng Gong enseign\u00e9s \u00e0 l\u2019\u00c9cole Ph\u00e9nix & Dragon : sant\u00e9, \u00e9nergie, \u00e9quilibre et harmonie du corps et de l\u2019esprit","robots":{"index":"index","follow":"follow","max-snippet":"max-snippet:-1","max-image-preview":"max-image-preview:large","max-video-preview":"max-video-preview:-1"},"canonical":"https:\/\/www.phenixetdragon.net\/en\/notre-ecole\/le-qi-gong-en-quelques-mots\/","og_locale":"en_GB","og_type":"article","og_title":"Le Qi Gong en Quelques Mots - Ph\u00e9nix et Dragon","og_description":"D\u00e9couvrez le Qi Gong et le Daoyin Yangsheng Gong enseign\u00e9s \u00e0 l\u2019\u00c9cole Ph\u00e9nix & Dragon : sant\u00e9, \u00e9nergie, \u00e9quilibre et harmonie du corps et de l\u2019esprit","og_url":"https:\/\/www.phenixetdragon.net\/en\/notre-ecole\/le-qi-gong-en-quelques-mots\/","og_site_name":"Ph\u00e9nix et Dragon","article_publisher":"https:\/\/fr-fr.facebook.com\/assoephedra\/","article_modified_time":"2025-11-13T15:33:35+00:00","og_image":[{"width":1000,"height":576,"url":"https:\/\/www.phenixetdragon.net\/wp-content\/uploads\/2025\/10\/Capture-decran-2023-01-23-a-20.23.00.png","type":"image\/png"}],"twitter_card":"summary_large_image","twitter_misc":{"Estimated reading time":"4 minutes"},"schema":{"@context":"https:\/\/schema.org","@graph":[{"@type":"WebPage","@id":"https:\/\/www.phenixetdragon.net\/notre-ecole\/le-qi-gong-en-quelques-mots\/","url":"https:\/\/www.phenixetdragon.net\/notre-ecole\/le-qi-gong-en-quelques-mots\/","name":"Le Qi Gong en Quelques Mots - Ph\u00e9nix et Dragon","isPartOf":{"@id":"https:\/\/www.phenixetdragon.net\/#website"},"primaryImageOfPage":{"@id":"https:\/\/www.phenixetdragon.net\/notre-ecole\/le-qi-gong-en-quelques-mots\/#primaryimage"},"image":{"@id":"https:\/\/www.phenixetdragon.net\/notre-ecole\/le-qi-gong-en-quelques-mots\/#primaryimage"},"thumbnailUrl":"https:\/\/www.phenixetdragon.net\/wp-content\/uploads\/2025\/10\/Capture-decran-2023-01-23-a-20.23.00.png","datePublished":"2025-10-11T10:10:59+00:00","dateModified":"2025-11-13T15:33:35+00:00","description":"D\u00e9couvrez le Qi Gong et le Daoyin Yangsheng Gong enseign\u00e9s \u00e0 l\u2019\u00c9cole Ph\u00e9nix & Dragon : sant\u00e9, \u00e9nergie, \u00e9quilibre et harmonie du corps et de l\u2019esprit","breadcrumb":{"@id":"https:\/\/www.phenixetdragon.net\/notre-ecole\/le-qi-gong-en-quelques-mots\/#breadcrumb"},"inLanguage":"en-GB","potentialAction":[{"@type":"ReadAction","target":["https:\/\/www.phenixetdragon.net\/notre-ecole\/le-qi-gong-en-quelques-mots\/"]}]},{"@type":"ImageObject","inLanguage":"en-GB","@id":"https:\/\/www.phenixetdragon.net\/notre-ecole\/le-qi-gong-en-quelques-mots\/#primaryimage","url":"https:\/\/www.phenixetdragon.net\/wp-content\/uploads\/2025\/10\/Capture-decran-2023-01-23-a-20.23.00.png","contentUrl":"https:\/\/www.phenixetdragon.net\/wp-content\/uploads\/2025\/10\/Capture-decran-2023-01-23-a-20.23.00.png","width":1000,"height":576,"caption":"Qi Gong"},{"@type":"BreadcrumbList","@id":"https:\/\/www.phenixetdragon.net\/notre-ecole\/le-qi-gong-en-quelques-mots\/#breadcrumb","itemListElement":[{"@type":"ListItem","position":1,"name":"Accueil","item":"https:\/\/www.phenixetdragon.net\/"},{"@type":"ListItem","position":2,"name":"Notre \u00e9cole","item":"https:\/\/www.phenixetdragon.net\/notre-ecole\/"},{"@type":"ListItem","position":3,"name":"Le Qi Gong en Quelques Mots"}]},{"@type":"WebSite","@id":"https:\/\/www.phenixetdragon.net\/#website","url":"https:\/\/www.phenixetdragon.net\/","name":"Ph\u00e9nix et Dragon","description":"Arts Martiaux Chinois, Kung Fu, Taiji Quan, et Arts Energ\u00e9tiques, Qi Gong","publisher":{"@id":"https:\/\/www.phenixetdragon.net\/#organization"},"potentialAction":[{"@type":"SearchAction","target":{"@type":"EntryPoint","urlTemplate":"https:\/\/www.phenixetdragon.net\/?s={search_term_string}"},"query-input":{"@type":"PropertyValueSpecification","valueRequired":true,"valueName":"search_term_string"}}],"inLanguage":"en-GB"},{"@type":"Organization","@id":"https:\/\/www.phenixetdragon.net\/#organization","name":"Ph\u00e9nix et Dragon","url":"https:\/\/www.phenixetdragon.net\/","logo":{"@type":"ImageObject","inLanguage":"en-GB","@id":"https:\/\/www.phenixetdragon.net\/#\/schema\/logo\/image\/","url":"https:\/\/www.phenixetdragon.net\/wp-content\/uploads\/2021\/08\/logophenixdragon.png","contentUrl":"https:\/\/www.phenixetdragon.net\/wp-content\/uploads\/2021\/08\/logophenixdragon.png","width":674,"height":113,"caption":"Ph\u00e9nix et Dragon"},"image":{"@id":"https:\/\/www.phenixetdragon.net\/#\/schema\/logo\/image\/"},"sameAs":["https:\/\/fr-fr.facebook.com\/assoephedra\/","https:\/\/www.instagram.com\/ecolephenixetdragon\/"]}]}},"_links":{"self":[{"href":"https:\/\/www.phenixetdragon.net\/en\/wp-json\/wp\/v2\/pages\/9398","targetHints":{"allow":["GET"]}}],"collection":[{"href":"https:\/\/www.phenixetdragon.net\/en\/wp-json\/wp\/v2\/pages"}],"about":[{"href":"https:\/\/www.phenixetdragon.net\/en\/wp-json\/wp\/v2\/types\/page"}],"author":[{"embeddable":true,"href":"https:\/\/www.phenixetdragon.net\/en\/wp-json\/wp\/v2\/users\/7"}],"replies":[{"embeddable":true,"href":"https:\/\/www.phenixetdragon.net\/en\/wp-json\/wp\/v2\/comments?post=9398"}],"version-history":[{"count":12,"href":"https:\/\/www.phenixetdragon.net\/en\/wp-json\/wp\/v2\/pages\/9398\/revisions"}],"predecessor-version":[{"id":10309,"href":"https:\/\/www.phenixetdragon.net\/en\/wp-json\/wp\/v2\/pages\/9398\/revisions\/10309"}],"up":[{"embeddable":true,"href":"https:\/\/www.phenixetdragon.net\/en\/wp-json\/wp\/v2\/pages\/35"}],"wp:featuredmedia":[{"embeddable":true,"href":"https:\/\/www.phenixetdragon.net\/en\/wp-json\/wp\/v2\/media\/9391"}],"wp:attachment":[{"href":"https:\/\/www.phenixetdragon.net\/en\/wp-json\/wp\/v2\/media?parent=9398"}],"curies":[{"name":"wp","href":"https:\/\/api.w.org\/{rel}","templated":true}]}}