{"id":9406,"date":"2025-10-11T12:15:39","date_gmt":"2025-10-11T10:15:39","guid":{"rendered":"https:\/\/www.phenixetdragon.net\/?page_id=9406"},"modified":"2025-11-01T17:01:50","modified_gmt":"2025-11-01T16:01:50","slug":"qi-gong-wudang","status":"publish","type":"page","link":"https:\/\/www.phenixetdragon.net\/en\/notre-ecole\/cours-de-qi-gong\/qi-gong-wudang\/","title":{"rendered":"Qi Gong de Wudang"},"content":{"rendered":"<div class=\"wp-block-group alignfull is-content-justification-center\" style=\"margin-top:0;margin-bottom:0\"><div class=\"wp-block-group__inner-container is-layout-constrained wp-block-group-is-layout-constrained\">\n<h1 class=\"wp-block-heading has-vivid-red-color has-text-color has-link-color has-medium-font-size wp-elements-e127df1c35f4778aeaa644ade5ce0744\"><strong>Le Qi Gong de Wudang <\/strong><\/h1>\n\n\n\n<p>Le <strong>Qi Gong style Wudang<\/strong> invite \u00e0 un voyage int\u00e9rieur o\u00f9 chaque mouvement devient m\u00e9ditation et chaque souffle, un lien avec l\u2019\u00e9nergie universelle. M\u00e9ditatif et tr\u00e8s fluide, il met l\u2019accent sur l\u2019harmonisation du corps et de l\u2019esprit, la lenteur des gestes et la circulation douce du Qi.<\/p>\n\n\n\n<p>Les postures longues et les encha\u00eenements subtils cultivent la <strong>conscience corporelle<\/strong>, l\u2019\u00e9quilibre, et la s\u00e9r\u00e9nit\u00e9 int\u00e9rieure. Id\u00e9al pour ceux qui cherchent \u00e0 <strong>apaiser l\u2019esprit<\/strong>, am\u00e9liorer leur souffle et approfondir la perception \u00e9nerg\u00e9tique, le Wudang Qi Gong offre un espace de calme et de pr\u00e9sence, tout en renfor\u00e7ant souplesse et vitalit\u00e9.<\/p>\n\n\n\n<p>\u00c0 l\u2019\u00c9cole Ph\u00e9nix &amp; Dragon, le Qi Gong style Wudang est enseign\u00e9 par <strong>Ma\u00eetre Ming Yue<\/strong>, qui transmet avec pr\u00e9cision et authenticit\u00e9 la profondeur et la subtilit\u00e9 de cette tradition mill\u00e9naire.<\/p>\n\n\n\n<h2 class=\"wp-block-heading has-vivid-red-color has-text-color has-link-color has-medium-font-size wp-elements-32d9c908ce16dce2d5e8dd35ad2fa57e\"><strong>Une pratique tao\u00efste vivante<\/strong><\/h2>\n<\/div><\/div>\n\n\n\n<p>Le <strong>Qi Gong de Wudang<\/strong> puise directement ses racines dans la <strong>philosophie tao\u00efste<\/strong>, qui cherche l\u2019harmonie entre l\u2019humain et la nature. Les exercices du Qi Gong de Wudang s\u2019inspirent des principes fondamentaux du <strong>Tao<\/strong>, tels que le Yin et le Yang, le retour \u00e0 la simplicit\u00e9 et le respect du rythme naturel des choses. Chaque mouvement vise \u00e0 faire circuler le Qi \u2014 l\u2019\u00e9nergie vitale \u2014 en accord avec les lois de la nature, invitant le pratiquant \u00e0 retrouver son centre, \u00e0 calmer le mental et \u00e0 vivre dans une pr\u00e9sence paisible et consciente. Ainsi, le Qi Gong devient une v\u00e9ritable pratique tao\u00efste en mouvement, un art de vivre et de se relier au monde.<\/p>\n\n\n\n<p>Les <strong>monts Wudang<\/strong>, situ\u00e9s au c\u0153ur de la Chine, sont consid\u00e9r\u00e9s comme l\u2019un des berceaux du <strong>tao\u00efsme vivant<\/strong>. De nombreux temples, ermitages et \u00e9coles y perp\u00e9tuent depuis des si\u00e8cles l\u2019\u00e9tude du Tao, la m\u00e9ditation et les arts martiaux internes. C\u2019est dans cet environnement spirituel exceptionnel qu\u2019est n\u00e9 le Qi Gong de Wudang, v\u00e9ritable pratique tao\u00efste en mouvement, un art de vivre et de se relier au monde.<\/p>\n\n\n\n<div class=\"wp-block-group alignfull is-content-justification-center\" style=\"margin-top:0;margin-bottom:0\"><div class=\"wp-block-group__inner-container is-layout-constrained wp-block-group-is-layout-constrained\">\n<h2 class=\"wp-block-heading has-vivid-red-color has-text-color has-link-color has-medium-font-size wp-elements-4c63d24fa0a78618af092b57acdfe9ea\"><strong>Ma\u00eetre Ming Yue<\/strong><\/h2>\n<\/div><\/div>\n\n\n\n<div class=\"wp-block-columns is-layout-flex wp-container-core-columns-is-layout-9d6595d7 wp-block-columns-is-layout-flex\">\n<div class=\"wp-block-column is-layout-flow wp-block-column-is-layout-flow\">\n<p>Immerg\u00e9 dans la pratique des arts martiaux Tao\u00efstes depuis son plus jeune \u00e2ge, Ma\u00eetre Ming Yue excelle dans les arts internes que sont le Qi Gong, le Taiji Quan, le Xingyi Quan et le Bagua Zhang, \u00e0 mains nues comme avec armes.<\/p>\n\n\n\n<p>Il a pratiqu\u00e9 de nombreuses ann\u00e9es aupr\u00e8s du c\u00e9l\u00e8bre ma\u00eetre Tian Li Yang, h\u00e9ritier de la 15e g\u00e9n\u00e9ration du style XuanWu de Wudang. Il est devenu son disciple \u00e0 15 ans.<\/p>\n\n\n\n<p>Maintenant h\u00e9ritier de la 16e g\u00e9n\u00e9ration de Wudang XuanWu, il ouvre en 2012 sa propre \u00e9cole, avec son condisciple Liu Song.<\/p>\n<\/div>\n\n\n\n<div class=\"wp-block-column is-layout-flow wp-block-column-is-layout-flow\">\n<figure class=\"wp-block-image size-full\"><img decoding=\"async\" src=\"data:image\/gif;base64,R0lGODlhAQABAAAAACH5BAEKAAEALAAAAAABAAEAAAICTAEAOw==\" data-layzr=\"https:\/\/www.phenixetdragon.net\/wp-content\/uploads\/2023\/11\/ming-yue-300x450-1.jpg\" alt=\"\" class=\"wp-image-7758\"\/><\/figure>\n<\/div>\n<\/div>\n\n\n\n<p>Il y enseigne les arts martiaux et la pratique Tao\u00efste selon les principes du Taiji et du Tao, les deux \u00e9l\u00e9ments fondateurs de la culture de Wudang.<\/p>\n\n\n\n<div class=\"wp-block-media-text is-stacked-on-mobile\" style=\"grid-template-columns:43% auto\"><figure class=\"wp-block-media-text__media\"><img decoding=\"async\" src=\"data:image\/gif;base64,R0lGODlhAQABAAAAACH5BAEKAAEALAAAAAABAAEAAAICTAEAOw==\" data-layzr=\"https:\/\/www.phenixetdragon.net\/wp-content\/uploads\/2024\/07\/signal-2024-07-11-104609-1-771x1024.jpeg\" alt=\"\" class=\"wp-image-8480 size-full\"\/><\/figure><div class=\"wp-block-media-text__content\">\n<p>L\u2019\u00c9cole Ph\u00e9nix et Dragon a le grand privil\u00e8ge de pouvoir recevoir les enseignements de Ma\u00eetre Ming Yue, depuis plusieurs ann\u00e9es.<\/p>\n\n\n\n<p>Nos visites d\u00e8s 2016 de l&rsquo;\u00e9cole de Ming Yue, dans les Monts Wudang, nous ont permis de d\u00e9couvrir, de travailler, puis d&rsquo;approfondir les bases du style Wudang. <\/p>\n\n\n\n<p>Apr\u00e8s plusieurs \u00e9changes entre nos deux \u00e9coles pour d\u00e9finir le contenu des stages, nous avons \u00e9tabli un programme de haut niveau, restant toutefois accessible aux pratiquants d\u00e9butants ou n&rsquo;ayant encore jamais pratiqu\u00e9 ce style.<\/p>\n<\/div><\/div>\n\n\n\n<p>Ci-dessous une photo de Ma\u00eetre Ming Yue, en 2024, avec une partie des instructeurs de l\u2019\u00c9cole Ph\u00e9nix et Dragon.<\/p>\n\n\n\n<figure class=\"wp-block-image size-large\"><img decoding=\"async\" src=\"data:image\/gif;base64,R0lGODlhAQABAAAAACH5BAEKAAEALAAAAAABAAEAAAICTAEAOw==\" data-layzr=\"https:\/\/www.phenixetdragon.net\/wp-content\/uploads\/2024\/07\/IMG_2056-1024x576.jpg\" alt=\"\" class=\"wp-image-8473\"\/><\/figure>\n\n\n\n<h2 class=\"wp-block-heading has-vivid-red-color has-text-color has-link-color has-medium-font-size wp-elements-2de4e915c3977c6c89e1efd9acd092be\"><strong>Les formes Wudang que nous pratiquons \u00e0 l\u2019\u00c9cole Ph\u00e9nix et Dragon<\/strong><\/h2>\n\n\n\n<p>Gr\u00e2ce \u00e0 son enseignement, et \u00e0 notre organisation originale, aussi bien les d\u00e9butants que les avanc\u00e9s peuvent pratiquer ensemble de tr\u00e8s jolies formes, peu connues en Europe. A l&rsquo;Ecole Ph\u00e9nix et Dragon, nous pratiquons la forme des 6 Harmonies, Liu He, en Qi Gong.<\/p>\n\n\n\n<p>Nous proposons aussi d&rsquo;autres formes de Wudang:<\/p>\n\n\n\n<ul class=\"wp-block-list\">\n<li>La tr\u00e8s \u00e9l\u00e9gante forme des 7 \u00e9toiles d&rsquo;\u00e9p\u00e9e, Qi Xing Jian, qui combine douceur et puissance<\/li>\n\n\n\n<li>Une autre tr\u00e8s belle forme d&rsquo;\u00e9p\u00e9e, Dan Jian<\/li>\n\n\n\n<li>La forme des 13 pas, en Taiji<\/li>\n\n\n\n<li>La forme des 18, Shi Ba Shi, en Taiji <\/li>\n\n\n\n<li>Xiao Yao Zhang en Taiji, avec ses gracieuses spirales<\/li>\n\n\n\n<li>Le Tui Shou Wudang<\/li>\n<\/ul>\n\n\n\n<div class=\"wp-block-columns is-layout-flex wp-container-core-columns-is-layout-9d6595d7 wp-block-columns-is-layout-flex\">\n<div class=\"wp-block-column is-layout-flow wp-block-column-is-layout-flow\">\n<figure class=\"wp-block-image size-large\"><img decoding=\"async\" src=\"data:image\/gif;base64,R0lGODlhAQABAAAAACH5BAEKAAEALAAAAAABAAEAAAICTAEAOw==\" data-layzr=\"https:\/\/www.phenixetdragon.net\/wp-content\/uploads\/2025\/07\/Capture-decran-2025-07-12-a-18.50.28-1024x573.png\" alt=\"\" class=\"wp-image-8907\"\/><\/figure>\n<\/div>\n\n\n\n<div class=\"wp-block-column is-layout-flow wp-block-column-is-layout-flow\">\n<figure class=\"wp-block-image size-large\"><img decoding=\"async\" src=\"data:image\/gif;base64,R0lGODlhAQABAAAAACH5BAEKAAEALAAAAAABAAEAAAICTAEAOw==\" data-layzr=\"https:\/\/www.phenixetdragon.net\/wp-content\/uploads\/2024\/07\/IMG_2141-1024x576.jpeg\" alt=\"\" class=\"wp-image-8475\"\/><\/figure>\n<\/div>\n\n\n\n<div class=\"wp-block-column is-layout-flow wp-block-column-is-layout-flow\">\n<figure class=\"wp-block-image size-large\"><img decoding=\"async\" src=\"data:image\/gif;base64,R0lGODlhAQABAAAAACH5BAEKAAEALAAAAAABAAEAAAICTAEAOw==\" data-layzr=\"https:\/\/www.phenixetdragon.net\/wp-content\/uploads\/2024\/07\/IMG_0796-1-1024x576.jpeg\" alt=\"\" class=\"wp-image-8370\"\/><\/figure>\n<\/div>\n<\/div>\n\n\n\n<hr class=\"wp-block-separator has-alpha-channel-opacity\"\/>\n\n\n\n<p class=\"has-white-color has-blush-bordeaux-gradient-background has-text-color has-background has-link-color wp-elements-78c7c5400a118a3c4e37d7644dda1535\"><strong>Rejoignez-nous \u00e0 l&rsquo;\u00c9cole Ph\u00e9nix &amp; Dragon<\/strong> : nous proposons des cours r\u00e9guliers de Qi Gong, ouverts \u00e0 tous, ainsi que des ateliers th\u00e9matiques et des \u00e9v\u00e9nements sp\u00e9ciaux. Notre approche p\u00e9dagogique allie tradition et modernit\u00e9, permettant \u00e0 chacun de progresser \u00e0 son rythme dans une ambiance bienveillante et stimulante. Pour plus d&rsquo;informations ou pour vous inscrire, n&rsquo;h\u00e9sitez pas \u00e0 nous contacter.<\/p>\n\n\n\n<hr class=\"wp-block-separator has-alpha-channel-opacity\"\/>\n\n\n\n<div class=\"wp-block-columns is-layout-flex wp-container-core-columns-is-layout-9d6595d7 wp-block-columns-is-layout-flex\">\n<div class=\"wp-block-column is-layout-flow wp-block-column-is-layout-flow\">\n<div class=\"wp-block-cover\"><img decoding=\"async\" class=\"wp-block-cover__image-background wp-image-9395\" alt=\"\" src=\"data:image\/gif;base64,R0lGODlhAQABAAAAACH5BAEKAAEALAAAAAABAAEAAAICTAEAOw==\" data-layzr=\"https:\/\/www.phenixetdragon.net\/wp-content\/uploads\/2025\/10\/IMG_1975-edited.jpg\" data-object-fit=\"cover\"\/><span aria-hidden=\"true\" class=\"wp-block-cover__background has-background-dim\"><\/span><div class=\"wp-block-cover__inner-container is-layout-flow wp-block-cover-is-layout-flow\">\n<p class=\"has-text-align-center has-white-color has-text-color has-link-color has-medium-font-size wp-elements-004e9d37e19bccffb94a3adbd92dbc1e\"><a href=\"https:\/\/www.phenixetdragon.net\/le-qi-gong-en-quelques-mots\/\"><strong>Le Qi Gong en quelques mots<\/strong><\/a><\/p>\n<\/div><\/div>\n<\/div>\n\n\n\n<div class=\"wp-block-column is-layout-flow wp-block-column-is-layout-flow\">\n<div class=\"wp-block-cover aligncenter\"><img decoding=\"async\" class=\"wp-block-cover__image-background wp-image-9396\" alt=\"\" src=\"data:image\/gif;base64,R0lGODlhAQABAAAAACH5BAEKAAEALAAAAAABAAEAAAICTAEAOw==\" data-layzr=\"https:\/\/www.phenixetdragon.net\/wp-content\/uploads\/2025\/10\/IMG_6281-edited.jpg\" data-object-fit=\"cover\"\/><span aria-hidden=\"true\" class=\"wp-block-cover__background has-background-dim\"><\/span><div class=\"wp-block-cover__inner-container is-layout-flow wp-block-cover-is-layout-flow\">\n<p class=\"has-text-align-center has-white-color has-text-color has-link-color has-medium-font-size wp-elements-53de58f3352eb25198ecb6abf7ea8879\"><strong><strong><strong><strong><a href=\"https:\/\/www.phenixetdragon.net\/notre-ecole\/cours-de-qi-gong\/daoyin-yangsheng-gong\/\">Le Daoyin Yangsheng Gong<\/a><\/strong><\/strong><\/strong><\/strong><\/p>\n<\/div><\/div>\n<\/div>\n\n\n\n<div class=\"wp-block-column is-layout-flow wp-block-column-is-layout-flow\">\n<div class=\"wp-block-cover alignright\"><img decoding=\"async\" class=\"wp-block-cover__image-background wp-image-9397\" alt=\"\" src=\"data:image\/gif;base64,R0lGODlhAQABAAAAACH5BAEKAAEALAAAAAABAAEAAAICTAEAOw==\" data-layzr=\"https:\/\/www.phenixetdragon.net\/wp-content\/uploads\/2025\/10\/AE3B647B-F28C-45DF-A168-62B6D9935A2D_4_5005_c-edited.jpeg\" data-object-fit=\"cover\"\/><span aria-hidden=\"true\" class=\"wp-block-cover__background has-background-dim\"><\/span><div class=\"wp-block-cover__inner-container is-layout-flow wp-block-cover-is-layout-flow\">\n<p class=\"has-text-align-center has-white-color has-text-color has-link-color has-medium-font-size wp-elements-defa0af7ab2dc61cb6cd79518fd02858\"><strong><a href=\"https:\/\/www.phenixetdragon.net\/forum-aux-questions\/\">Forum aux questions &#8211; Qi Gong<\/a><\/strong><\/p>\n<\/div><\/div>\n<\/div>\n<\/div>\n\n\n\n<hr class=\"wp-block-separator has-alpha-channel-opacity\"\/>\n\n\n\n<p><em>Ph\u00e9nix &amp; Dragon, a school committed to teaching internal and external martial arts for all ages and levels.<\/em><\/p>","protected":false},"excerpt":{"rendered":"<p>Le Qi Gong de Wudang Le Qi Gong style Wudang invite \u00e0 un voyage int\u00e9rieur o\u00f9 chaque mouvement devient m\u00e9ditation et chaque souffle, un lien avec l\u2019\u00e9nergie universelle. M\u00e9ditatif et tr\u00e8s fluide, il met l\u2019accent sur l\u2019harmonisation du corps et de l\u2019esprit, la lenteur des gestes et la circulation douce du Qi. Les postures longues &hellip; <\/p>","protected":false},"author":7,"featured_media":9462,"parent":91,"menu_order":0,"comment_status":"closed","ping_status":"closed","template":"","meta":{"footnotes":""},"class_list":["post-9406","page","type-page","status-publish","has-post-thumbnail","hentry","latest_post"],"yoast_head":"<!-- This site is optimized with the Yoast SEO plugin v26.3 - https:\/\/yoast.com\/wordpress\/plugins\/seo\/ -->\n<title>Qi Gong de Wudang - Ph\u00e9nix et Dragon<\/title>\n<meta name=\"description\" content=\"Cours de Qi Gong : apprenez style Wudang et d\u00e9veloppez sant\u00e9, \u00e9nergie et bien-\u00eatre avec Ph\u00e9nix &amp; Dragon.\" \/>\n<meta name=\"robots\" content=\"index, follow, max-snippet:-1, max-image-preview:large, max-video-preview:-1\" \/>\n<link rel=\"canonical\" href=\"https:\/\/www.phenixetdragon.net\/en\/notre-ecole\/cours-de-qi-gong\/qi-gong-wudang\/\" \/>\n<meta property=\"og:locale\" content=\"en_GB\" \/>\n<meta property=\"og:type\" content=\"article\" \/>\n<meta property=\"og:title\" content=\"Qi Gong de Wudang - Ph\u00e9nix et Dragon\" \/>\n<meta property=\"og:description\" content=\"Cours de Qi Gong : apprenez style Wudang et d\u00e9veloppez sant\u00e9, \u00e9nergie et bien-\u00eatre avec Ph\u00e9nix &amp; Dragon.\" \/>\n<meta property=\"og:url\" content=\"https:\/\/www.phenixetdragon.net\/en\/notre-ecole\/cours-de-qi-gong\/qi-gong-wudang\/\" \/>\n<meta property=\"og:site_name\" content=\"Ph\u00e9nix et Dragon\" \/>\n<meta property=\"article:publisher\" content=\"https:\/\/fr-fr.facebook.com\/assoephedra\/\" \/>\n<meta property=\"article:modified_time\" content=\"2025-11-01T16:01:50+00:00\" \/>\n<meta property=\"og:image\" content=\"https:\/\/www.phenixetdragon.net\/wp-content\/uploads\/2025\/10\/Capture-decran-2022-11-20-a-17.27.20-1024x850-1.png\" \/>\n\t<meta property=\"og:image:width\" content=\"1024\" \/>\n\t<meta property=\"og:image:height\" content=\"850\" \/>\n\t<meta property=\"og:image:type\" content=\"image\/png\" \/>\n<meta name=\"twitter:card\" content=\"summary_large_image\" \/>\n<meta name=\"twitter:label1\" content=\"Estimated reading time\" \/>\n\t<meta name=\"twitter:data1\" content=\"4 minutes\" \/>\n<script type=\"application\/ld+json\" class=\"yoast-schema-graph\">{\"@context\":\"https:\/\/schema.org\",\"@graph\":[{\"@type\":\"WebPage\",\"@id\":\"https:\/\/www.phenixetdragon.net\/notre-ecole\/cours-de-qi-gong\/qi-gong-wudang\/\",\"url\":\"https:\/\/www.phenixetdragon.net\/notre-ecole\/cours-de-qi-gong\/qi-gong-wudang\/\",\"name\":\"Qi Gong de Wudang - Ph\u00e9nix et Dragon\",\"isPartOf\":{\"@id\":\"https:\/\/www.phenixetdragon.net\/#website\"},\"primaryImageOfPage\":{\"@id\":\"https:\/\/www.phenixetdragon.net\/notre-ecole\/cours-de-qi-gong\/qi-gong-wudang\/#primaryimage\"},\"image\":{\"@id\":\"https:\/\/www.phenixetdragon.net\/notre-ecole\/cours-de-qi-gong\/qi-gong-wudang\/#primaryimage\"},\"thumbnailUrl\":\"https:\/\/www.phenixetdragon.net\/wp-content\/uploads\/2025\/10\/Capture-decran-2022-11-20-a-17.27.20-1024x850-1.png\",\"datePublished\":\"2025-10-11T10:15:39+00:00\",\"dateModified\":\"2025-11-01T16:01:50+00:00\",\"description\":\"Cours de Qi Gong : apprenez style Wudang et d\u00e9veloppez sant\u00e9, \u00e9nergie et bien-\u00eatre avec Ph\u00e9nix & Dragon.\",\"breadcrumb\":{\"@id\":\"https:\/\/www.phenixetdragon.net\/notre-ecole\/cours-de-qi-gong\/qi-gong-wudang\/#breadcrumb\"},\"inLanguage\":\"en-GB\",\"potentialAction\":[{\"@type\":\"ReadAction\",\"target\":[\"https:\/\/www.phenixetdragon.net\/notre-ecole\/cours-de-qi-gong\/qi-gong-wudang\/\"]}]},{\"@type\":\"ImageObject\",\"inLanguage\":\"en-GB\",\"@id\":\"https:\/\/www.phenixetdragon.net\/notre-ecole\/cours-de-qi-gong\/qi-gong-wudang\/#primaryimage\",\"url\":\"https:\/\/www.phenixetdragon.net\/wp-content\/uploads\/2025\/10\/Capture-decran-2022-11-20-a-17.27.20-1024x850-1.png\",\"contentUrl\":\"https:\/\/www.phenixetdragon.net\/wp-content\/uploads\/2025\/10\/Capture-decran-2022-11-20-a-17.27.20-1024x850-1.png\",\"width\":1024,\"height\":850,\"caption\":\"Qi Gong Summer Camp\"},{\"@type\":\"BreadcrumbList\",\"@id\":\"https:\/\/www.phenixetdragon.net\/notre-ecole\/cours-de-qi-gong\/qi-gong-wudang\/#breadcrumb\",\"itemListElement\":[{\"@type\":\"ListItem\",\"position\":1,\"name\":\"Accueil\",\"item\":\"https:\/\/www.phenixetdragon.net\/\"},{\"@type\":\"ListItem\",\"position\":2,\"name\":\"Notre \u00e9cole\",\"item\":\"https:\/\/www.phenixetdragon.net\/notre-ecole\/\"},{\"@type\":\"ListItem\",\"position\":3,\"name\":\"Qi Gong\",\"item\":\"https:\/\/www.phenixetdragon.net\/notre-ecole\/cours-de-qi-gong\/\"},{\"@type\":\"ListItem\",\"position\":4,\"name\":\"Qi Gong de Wudang\"}]},{\"@type\":\"WebSite\",\"@id\":\"https:\/\/www.phenixetdragon.net\/#website\",\"url\":\"https:\/\/www.phenixetdragon.net\/\",\"name\":\"Ph\u00e9nix et Dragon\",\"description\":\"Arts Martiaux Chinois, Kung Fu, Taiji Quan, et Arts Energ\u00e9tiques, Qi Gong\",\"publisher\":{\"@id\":\"https:\/\/www.phenixetdragon.net\/#organization\"},\"potentialAction\":[{\"@type\":\"SearchAction\",\"target\":{\"@type\":\"EntryPoint\",\"urlTemplate\":\"https:\/\/www.phenixetdragon.net\/?s={search_term_string}\"},\"query-input\":{\"@type\":\"PropertyValueSpecification\",\"valueRequired\":true,\"valueName\":\"search_term_string\"}}],\"inLanguage\":\"en-GB\"},{\"@type\":\"Organization\",\"@id\":\"https:\/\/www.phenixetdragon.net\/#organization\",\"name\":\"Ph\u00e9nix et Dragon\",\"url\":\"https:\/\/www.phenixetdragon.net\/\",\"logo\":{\"@type\":\"ImageObject\",\"inLanguage\":\"en-GB\",\"@id\":\"https:\/\/www.phenixetdragon.net\/#\/schema\/logo\/image\/\",\"url\":\"https:\/\/www.phenixetdragon.net\/wp-content\/uploads\/2021\/08\/logophenixdragon.png\",\"contentUrl\":\"https:\/\/www.phenixetdragon.net\/wp-content\/uploads\/2021\/08\/logophenixdragon.png\",\"width\":674,\"height\":113,\"caption\":\"Ph\u00e9nix et Dragon\"},\"image\":{\"@id\":\"https:\/\/www.phenixetdragon.net\/#\/schema\/logo\/image\/\"},\"sameAs\":[\"https:\/\/fr-fr.facebook.com\/assoephedra\/\",\"https:\/\/www.instagram.com\/ecolephenixetdragon\/\"]}]}<\/script>\n<!-- \/ Yoast SEO plugin. -->","yoast_head_json":{"title":"Qi Gong de Wudang - Ph\u00e9nix et Dragon","description":"Cours de Qi Gong : apprenez style Wudang et d\u00e9veloppez sant\u00e9, \u00e9nergie et bien-\u00eatre avec Ph\u00e9nix & Dragon.","robots":{"index":"index","follow":"follow","max-snippet":"max-snippet:-1","max-image-preview":"max-image-preview:large","max-video-preview":"max-video-preview:-1"},"canonical":"https:\/\/www.phenixetdragon.net\/en\/notre-ecole\/cours-de-qi-gong\/qi-gong-wudang\/","og_locale":"en_GB","og_type":"article","og_title":"Qi Gong de Wudang - Ph\u00e9nix et Dragon","og_description":"Cours de Qi Gong : apprenez style Wudang et d\u00e9veloppez sant\u00e9, \u00e9nergie et bien-\u00eatre avec Ph\u00e9nix & Dragon.","og_url":"https:\/\/www.phenixetdragon.net\/en\/notre-ecole\/cours-de-qi-gong\/qi-gong-wudang\/","og_site_name":"Ph\u00e9nix et Dragon","article_publisher":"https:\/\/fr-fr.facebook.com\/assoephedra\/","article_modified_time":"2025-11-01T16:01:50+00:00","og_image":[{"width":1024,"height":850,"url":"https:\/\/www.phenixetdragon.net\/wp-content\/uploads\/2025\/10\/Capture-decran-2022-11-20-a-17.27.20-1024x850-1.png","type":"image\/png"}],"twitter_card":"summary_large_image","twitter_misc":{"Estimated reading time":"4 minutes"},"schema":{"@context":"https:\/\/schema.org","@graph":[{"@type":"WebPage","@id":"https:\/\/www.phenixetdragon.net\/notre-ecole\/cours-de-qi-gong\/qi-gong-wudang\/","url":"https:\/\/www.phenixetdragon.net\/notre-ecole\/cours-de-qi-gong\/qi-gong-wudang\/","name":"Qi Gong de Wudang - Ph\u00e9nix et Dragon","isPartOf":{"@id":"https:\/\/www.phenixetdragon.net\/#website"},"primaryImageOfPage":{"@id":"https:\/\/www.phenixetdragon.net\/notre-ecole\/cours-de-qi-gong\/qi-gong-wudang\/#primaryimage"},"image":{"@id":"https:\/\/www.phenixetdragon.net\/notre-ecole\/cours-de-qi-gong\/qi-gong-wudang\/#primaryimage"},"thumbnailUrl":"https:\/\/www.phenixetdragon.net\/wp-content\/uploads\/2025\/10\/Capture-decran-2022-11-20-a-17.27.20-1024x850-1.png","datePublished":"2025-10-11T10:15:39+00:00","dateModified":"2025-11-01T16:01:50+00:00","description":"Cours de Qi Gong : apprenez style Wudang et d\u00e9veloppez sant\u00e9, \u00e9nergie et bien-\u00eatre avec Ph\u00e9nix & Dragon.","breadcrumb":{"@id":"https:\/\/www.phenixetdragon.net\/notre-ecole\/cours-de-qi-gong\/qi-gong-wudang\/#breadcrumb"},"inLanguage":"en-GB","potentialAction":[{"@type":"ReadAction","target":["https:\/\/www.phenixetdragon.net\/notre-ecole\/cours-de-qi-gong\/qi-gong-wudang\/"]}]},{"@type":"ImageObject","inLanguage":"en-GB","@id":"https:\/\/www.phenixetdragon.net\/notre-ecole\/cours-de-qi-gong\/qi-gong-wudang\/#primaryimage","url":"https:\/\/www.phenixetdragon.net\/wp-content\/uploads\/2025\/10\/Capture-decran-2022-11-20-a-17.27.20-1024x850-1.png","contentUrl":"https:\/\/www.phenixetdragon.net\/wp-content\/uploads\/2025\/10\/Capture-decran-2022-11-20-a-17.27.20-1024x850-1.png","width":1024,"height":850,"caption":"Qi Gong Summer Camp"},{"@type":"BreadcrumbList","@id":"https:\/\/www.phenixetdragon.net\/notre-ecole\/cours-de-qi-gong\/qi-gong-wudang\/#breadcrumb","itemListElement":[{"@type":"ListItem","position":1,"name":"Accueil","item":"https:\/\/www.phenixetdragon.net\/"},{"@type":"ListItem","position":2,"name":"Notre \u00e9cole","item":"https:\/\/www.phenixetdragon.net\/notre-ecole\/"},{"@type":"ListItem","position":3,"name":"Qi Gong","item":"https:\/\/www.phenixetdragon.net\/notre-ecole\/cours-de-qi-gong\/"},{"@type":"ListItem","position":4,"name":"Qi Gong de Wudang"}]},{"@type":"WebSite","@id":"https:\/\/www.phenixetdragon.net\/#website","url":"https:\/\/www.phenixetdragon.net\/","name":"Ph\u00e9nix et Dragon","description":"Arts Martiaux Chinois, Kung Fu, Taiji Quan, et Arts Energ\u00e9tiques, Qi Gong","publisher":{"@id":"https:\/\/www.phenixetdragon.net\/#organization"},"potentialAction":[{"@type":"SearchAction","target":{"@type":"EntryPoint","urlTemplate":"https:\/\/www.phenixetdragon.net\/?s={search_term_string}"},"query-input":{"@type":"PropertyValueSpecification","valueRequired":true,"valueName":"search_term_string"}}],"inLanguage":"en-GB"},{"@type":"Organization","@id":"https:\/\/www.phenixetdragon.net\/#organization","name":"Ph\u00e9nix et Dragon","url":"https:\/\/www.phenixetdragon.net\/","logo":{"@type":"ImageObject","inLanguage":"en-GB","@id":"https:\/\/www.phenixetdragon.net\/#\/schema\/logo\/image\/","url":"https:\/\/www.phenixetdragon.net\/wp-content\/uploads\/2021\/08\/logophenixdragon.png","contentUrl":"https:\/\/www.phenixetdragon.net\/wp-content\/uploads\/2021\/08\/logophenixdragon.png","width":674,"height":113,"caption":"Ph\u00e9nix et Dragon"},"image":{"@id":"https:\/\/www.phenixetdragon.net\/#\/schema\/logo\/image\/"},"sameAs":["https:\/\/fr-fr.facebook.com\/assoephedra\/","https:\/\/www.instagram.com\/ecolephenixetdragon\/"]}]}},"_links":{"self":[{"href":"https:\/\/www.phenixetdragon.net\/en\/wp-json\/wp\/v2\/pages\/9406","targetHints":{"allow":["GET"]}}],"collection":[{"href":"https:\/\/www.phenixetdragon.net\/en\/wp-json\/wp\/v2\/pages"}],"about":[{"href":"https:\/\/www.phenixetdragon.net\/en\/wp-json\/wp\/v2\/types\/page"}],"author":[{"embeddable":true,"href":"https:\/\/www.phenixetdragon.net\/en\/wp-json\/wp\/v2\/users\/7"}],"replies":[{"embeddable":true,"href":"https:\/\/www.phenixetdragon.net\/en\/wp-json\/wp\/v2\/comments?post=9406"}],"version-history":[{"count":12,"href":"https:\/\/www.phenixetdragon.net\/en\/wp-json\/wp\/v2\/pages\/9406\/revisions"}],"predecessor-version":[{"id":10084,"href":"https:\/\/www.phenixetdragon.net\/en\/wp-json\/wp\/v2\/pages\/9406\/revisions\/10084"}],"up":[{"embeddable":true,"href":"https:\/\/www.phenixetdragon.net\/en\/wp-json\/wp\/v2\/pages\/91"}],"wp:featuredmedia":[{"embeddable":true,"href":"https:\/\/www.phenixetdragon.net\/en\/wp-json\/wp\/v2\/media\/9462"}],"wp:attachment":[{"href":"https:\/\/www.phenixetdragon.net\/en\/wp-json\/wp\/v2\/media?parent=9406"}],"curies":[{"name":"wp","href":"https:\/\/api.w.org\/{rel}","templated":true}]}}