{"id":9966,"date":"2025-10-28T08:30:48","date_gmt":"2025-10-28T07:30:48","guid":{"rendered":"https:\/\/www.phenixetdragon.net\/?page_id=9966"},"modified":"2025-10-28T08:37:11","modified_gmt":"2025-10-28T07:37:11","slug":"paul-andre-tavoillot","status":"publish","type":"page","link":"https:\/\/www.phenixetdragon.net\/en\/paul-andre-tavoillot\/","title":{"rendered":"Paul-Andr\u00e9 Tavoillot"},"content":{"rendered":"<h2 class=\"wp-block-heading has-vivid-red-color has-text-color has-link-color has-medium-font-size wp-elements-75bbc083ebfa17c604bcb08259bc6f46\"><strong>Instructeur en Qi Gong, Taiji Quan et Kung Fu, Paris 4<\/strong><\/h2>\n\n\n\n<p>Instructeur en Qi Gong, Taiji Quan adultes et en Kung Fu, je pratique les arts martiaux et \u00e9nerg\u00e9tiques chinois depuis 2003, essentiellement dans les associations de l\u2019\u00e9cole Ph\u00e9nix et Dragon. J\u2019ai obtenu des certificats de la formation APAMC et de la FFWUSHU (FFAEMC) et suivi des stages en Chine, en particulier \u00e0 l\u2019universit\u00e9 des sports de Beijing.<\/p>\n\n\n\n<p>J\u2019ai int\u00e9gr\u00e9 ma pratique martiale, de circulation de l\u2019\u00e9nergie et de Taiji dans mon activit\u00e9 de coaching de dirigeants pour des prises de parole \u00e0 forts enjeux. L\u2019approche\u00a0: la pr\u00e9sence, occuper l\u2019espace avec les mots et avec son corps. J\u2019anime \u00e9galement des sessions de sensibilisation en entreprise dans le cadre de s\u00e9minaires de coh\u00e9sion d\u2019\u00e9quipes, autour de la th\u00e9matique du bien \u00eatre ou pour faire face \u00e0 des situations de crise.<\/p>\n\n\n\n<p>J&rsquo;ai cr\u00e9\u00e9 mon association \u00e0 Paris r\u00e9cemment, Scarabel Wushu. Venez me rejoindre pour des cours de Taiji sur la place des Vosges (Paris 4) !<\/p>\n\n\n\n<figure class=\"wp-block-image size-large is-resized\"><img decoding=\"async\" src=\"data:image\/gif;base64,R0lGODlhAQABAAAAACH5BAEKAAEALAAAAAABAAEAAAICTAEAOw==\" data-layzr=\"https:\/\/www.phenixetdragon.net\/wp-content\/uploads\/2025\/10\/PAT1-768x1024.jpeg\" alt=\"\" class=\"wp-image-9967\" style=\"width:840px;height:auto\"\/><\/figure>","protected":false},"excerpt":{"rendered":"<p>Instructeur en Qi Gong, Taiji Quan et Kung Fu, Paris 4 Instructeur en Qi Gong, Taiji Quan adultes et en Kung Fu, je pratique les arts martiaux et \u00e9nerg\u00e9tiques chinois depuis 2003, essentiellement dans les associations de l\u2019\u00e9cole Ph\u00e9nix et Dragon. J\u2019ai obtenu des certificats de la formation APAMC et de la FFWUSHU (FFAEMC) et &hellip; <\/p>","protected":false},"author":7,"featured_media":0,"parent":0,"menu_order":0,"comment_status":"closed","ping_status":"closed","template":"","meta":{"footnotes":""},"class_list":["post-9966","page","type-page","status-publish","hentry","latest_post"],"yoast_head":"<!-- This site is optimized with the Yoast SEO plugin v26.3 - https:\/\/yoast.com\/wordpress\/plugins\/seo\/ -->\n<title>Paul-Andr\u00e9 Tavoillot - Ph\u00e9nix et Dragon<\/title>\n<meta name=\"description\" content=\"D\u00e9couvrez Paul-Andr\u00e9 Tavoillot, instructeur de Taiji \u00e0 l&#039;Ecole Ph\u00e9nix &amp; Dragon, avec son association Scarabel, passionn\u00e9 de partage et de transmission.\" \/>\n<meta name=\"robots\" content=\"index, follow, max-snippet:-1, max-image-preview:large, max-video-preview:-1\" \/>\n<link rel=\"canonical\" href=\"https:\/\/www.phenixetdragon.net\/en\/paul-andre-tavoillot\/\" \/>\n<meta property=\"og:locale\" content=\"en_GB\" \/>\n<meta property=\"og:type\" content=\"article\" \/>\n<meta property=\"og:title\" content=\"Paul-Andr\u00e9 Tavoillot - Ph\u00e9nix et Dragon\" \/>\n<meta property=\"og:description\" content=\"D\u00e9couvrez Paul-Andr\u00e9 Tavoillot, instructeur de Taiji \u00e0 l&#039;Ecole Ph\u00e9nix &amp; Dragon, avec son association Scarabel, passionn\u00e9 de partage et de transmission.\" \/>\n<meta property=\"og:url\" content=\"https:\/\/www.phenixetdragon.net\/en\/paul-andre-tavoillot\/\" \/>\n<meta property=\"og:site_name\" content=\"Ph\u00e9nix et Dragon\" \/>\n<meta property=\"article:publisher\" content=\"https:\/\/fr-fr.facebook.com\/assoephedra\/\" \/>\n<meta property=\"article:modified_time\" content=\"2025-10-28T07:37:11+00:00\" \/>\n<meta property=\"og:image\" content=\"https:\/\/www.phenixetdragon.net\/wp-content\/uploads\/2025\/10\/PAT1-768x1024.jpeg\" \/>\n<meta name=\"twitter:card\" content=\"summary_large_image\" \/>\n<meta name=\"twitter:label1\" content=\"Estimated reading time\" \/>\n\t<meta name=\"twitter:data1\" content=\"1 minute\" \/>\n<script type=\"application\/ld+json\" class=\"yoast-schema-graph\">{\"@context\":\"https:\/\/schema.org\",\"@graph\":[{\"@type\":\"WebPage\",\"@id\":\"https:\/\/www.phenixetdragon.net\/paul-andre-tavoillot\/\",\"url\":\"https:\/\/www.phenixetdragon.net\/paul-andre-tavoillot\/\",\"name\":\"Paul-Andr\u00e9 Tavoillot - Ph\u00e9nix et Dragon\",\"isPartOf\":{\"@id\":\"https:\/\/www.phenixetdragon.net\/#website\"},\"primaryImageOfPage\":{\"@id\":\"https:\/\/www.phenixetdragon.net\/paul-andre-tavoillot\/#primaryimage\"},\"image\":{\"@id\":\"https:\/\/www.phenixetdragon.net\/paul-andre-tavoillot\/#primaryimage\"},\"thumbnailUrl\":\"https:\/\/www.phenixetdragon.net\/wp-content\/uploads\/2025\/10\/PAT1-768x1024.jpeg\",\"datePublished\":\"2025-10-28T07:30:48+00:00\",\"dateModified\":\"2025-10-28T07:37:11+00:00\",\"description\":\"D\u00e9couvrez Paul-Andr\u00e9 Tavoillot, instructeur de Taiji \u00e0 l'Ecole Ph\u00e9nix & Dragon, avec son association Scarabel, passionn\u00e9 de partage et de transmission.\",\"breadcrumb\":{\"@id\":\"https:\/\/www.phenixetdragon.net\/paul-andre-tavoillot\/#breadcrumb\"},\"inLanguage\":\"en-GB\",\"potentialAction\":[{\"@type\":\"ReadAction\",\"target\":[\"https:\/\/www.phenixetdragon.net\/paul-andre-tavoillot\/\"]}]},{\"@type\":\"ImageObject\",\"inLanguage\":\"en-GB\",\"@id\":\"https:\/\/www.phenixetdragon.net\/paul-andre-tavoillot\/#primaryimage\",\"url\":\"https:\/\/www.phenixetdragon.net\/wp-content\/uploads\/2025\/10\/PAT1-768x1024.jpeg\",\"contentUrl\":\"https:\/\/www.phenixetdragon.net\/wp-content\/uploads\/2025\/10\/PAT1-768x1024.jpeg\"},{\"@type\":\"BreadcrumbList\",\"@id\":\"https:\/\/www.phenixetdragon.net\/paul-andre-tavoillot\/#breadcrumb\",\"itemListElement\":[{\"@type\":\"ListItem\",\"position\":1,\"name\":\"Accueil\",\"item\":\"https:\/\/www.phenixetdragon.net\/\"},{\"@type\":\"ListItem\",\"position\":2,\"name\":\"Paul-Andr\u00e9 Tavoillot\"}]},{\"@type\":\"WebSite\",\"@id\":\"https:\/\/www.phenixetdragon.net\/#website\",\"url\":\"https:\/\/www.phenixetdragon.net\/\",\"name\":\"Ph\u00e9nix et Dragon\",\"description\":\"Arts Martiaux Chinois, Kung Fu, Taiji Quan, et Arts Energ\u00e9tiques, Qi Gong\",\"publisher\":{\"@id\":\"https:\/\/www.phenixetdragon.net\/#organization\"},\"potentialAction\":[{\"@type\":\"SearchAction\",\"target\":{\"@type\":\"EntryPoint\",\"urlTemplate\":\"https:\/\/www.phenixetdragon.net\/?s={search_term_string}\"},\"query-input\":{\"@type\":\"PropertyValueSpecification\",\"valueRequired\":true,\"valueName\":\"search_term_string\"}}],\"inLanguage\":\"en-GB\"},{\"@type\":\"Organization\",\"@id\":\"https:\/\/www.phenixetdragon.net\/#organization\",\"name\":\"Ph\u00e9nix et Dragon\",\"url\":\"https:\/\/www.phenixetdragon.net\/\",\"logo\":{\"@type\":\"ImageObject\",\"inLanguage\":\"en-GB\",\"@id\":\"https:\/\/www.phenixetdragon.net\/#\/schema\/logo\/image\/\",\"url\":\"https:\/\/www.phenixetdragon.net\/wp-content\/uploads\/2021\/08\/logophenixdragon.png\",\"contentUrl\":\"https:\/\/www.phenixetdragon.net\/wp-content\/uploads\/2021\/08\/logophenixdragon.png\",\"width\":674,\"height\":113,\"caption\":\"Ph\u00e9nix et Dragon\"},\"image\":{\"@id\":\"https:\/\/www.phenixetdragon.net\/#\/schema\/logo\/image\/\"},\"sameAs\":[\"https:\/\/fr-fr.facebook.com\/assoephedra\/\",\"https:\/\/www.instagram.com\/ecolephenixetdragon\/\"]}]}<\/script>\n<!-- \/ Yoast SEO plugin. -->","yoast_head_json":{"title":"Paul-Andr\u00e9 Tavoillot - Ph\u00e9nix et Dragon","description":"D\u00e9couvrez Paul-Andr\u00e9 Tavoillot, instructeur de Taiji \u00e0 l'Ecole Ph\u00e9nix & Dragon, avec son association Scarabel, passionn\u00e9 de partage et de transmission.","robots":{"index":"index","follow":"follow","max-snippet":"max-snippet:-1","max-image-preview":"max-image-preview:large","max-video-preview":"max-video-preview:-1"},"canonical":"https:\/\/www.phenixetdragon.net\/en\/paul-andre-tavoillot\/","og_locale":"en_GB","og_type":"article","og_title":"Paul-Andr\u00e9 Tavoillot - Ph\u00e9nix et Dragon","og_description":"D\u00e9couvrez Paul-Andr\u00e9 Tavoillot, instructeur de Taiji \u00e0 l'Ecole Ph\u00e9nix & Dragon, avec son association Scarabel, passionn\u00e9 de partage et de transmission.","og_url":"https:\/\/www.phenixetdragon.net\/en\/paul-andre-tavoillot\/","og_site_name":"Ph\u00e9nix et Dragon","article_publisher":"https:\/\/fr-fr.facebook.com\/assoephedra\/","article_modified_time":"2025-10-28T07:37:11+00:00","og_image":[{"url":"https:\/\/www.phenixetdragon.net\/wp-content\/uploads\/2025\/10\/PAT1-768x1024.jpeg","type":"","width":"","height":""}],"twitter_card":"summary_large_image","twitter_misc":{"Estimated reading time":"1 minute"},"schema":{"@context":"https:\/\/schema.org","@graph":[{"@type":"WebPage","@id":"https:\/\/www.phenixetdragon.net\/paul-andre-tavoillot\/","url":"https:\/\/www.phenixetdragon.net\/paul-andre-tavoillot\/","name":"Paul-Andr\u00e9 Tavoillot - Ph\u00e9nix et Dragon","isPartOf":{"@id":"https:\/\/www.phenixetdragon.net\/#website"},"primaryImageOfPage":{"@id":"https:\/\/www.phenixetdragon.net\/paul-andre-tavoillot\/#primaryimage"},"image":{"@id":"https:\/\/www.phenixetdragon.net\/paul-andre-tavoillot\/#primaryimage"},"thumbnailUrl":"https:\/\/www.phenixetdragon.net\/wp-content\/uploads\/2025\/10\/PAT1-768x1024.jpeg","datePublished":"2025-10-28T07:30:48+00:00","dateModified":"2025-10-28T07:37:11+00:00","description":"D\u00e9couvrez Paul-Andr\u00e9 Tavoillot, instructeur de Taiji \u00e0 l'Ecole Ph\u00e9nix & Dragon, avec son association Scarabel, passionn\u00e9 de partage et de transmission.","breadcrumb":{"@id":"https:\/\/www.phenixetdragon.net\/paul-andre-tavoillot\/#breadcrumb"},"inLanguage":"en-GB","potentialAction":[{"@type":"ReadAction","target":["https:\/\/www.phenixetdragon.net\/paul-andre-tavoillot\/"]}]},{"@type":"ImageObject","inLanguage":"en-GB","@id":"https:\/\/www.phenixetdragon.net\/paul-andre-tavoillot\/#primaryimage","url":"https:\/\/www.phenixetdragon.net\/wp-content\/uploads\/2025\/10\/PAT1-768x1024.jpeg","contentUrl":"https:\/\/www.phenixetdragon.net\/wp-content\/uploads\/2025\/10\/PAT1-768x1024.jpeg"},{"@type":"BreadcrumbList","@id":"https:\/\/www.phenixetdragon.net\/paul-andre-tavoillot\/#breadcrumb","itemListElement":[{"@type":"ListItem","position":1,"name":"Accueil","item":"https:\/\/www.phenixetdragon.net\/"},{"@type":"ListItem","position":2,"name":"Paul-Andr\u00e9 Tavoillot"}]},{"@type":"WebSite","@id":"https:\/\/www.phenixetdragon.net\/#website","url":"https:\/\/www.phenixetdragon.net\/","name":"Ph\u00e9nix et Dragon","description":"Arts Martiaux Chinois, Kung Fu, Taiji Quan, et Arts Energ\u00e9tiques, Qi Gong","publisher":{"@id":"https:\/\/www.phenixetdragon.net\/#organization"},"potentialAction":[{"@type":"SearchAction","target":{"@type":"EntryPoint","urlTemplate":"https:\/\/www.phenixetdragon.net\/?s={search_term_string}"},"query-input":{"@type":"PropertyValueSpecification","valueRequired":true,"valueName":"search_term_string"}}],"inLanguage":"en-GB"},{"@type":"Organization","@id":"https:\/\/www.phenixetdragon.net\/#organization","name":"Ph\u00e9nix et Dragon","url":"https:\/\/www.phenixetdragon.net\/","logo":{"@type":"ImageObject","inLanguage":"en-GB","@id":"https:\/\/www.phenixetdragon.net\/#\/schema\/logo\/image\/","url":"https:\/\/www.phenixetdragon.net\/wp-content\/uploads\/2021\/08\/logophenixdragon.png","contentUrl":"https:\/\/www.phenixetdragon.net\/wp-content\/uploads\/2021\/08\/logophenixdragon.png","width":674,"height":113,"caption":"Ph\u00e9nix et Dragon"},"image":{"@id":"https:\/\/www.phenixetdragon.net\/#\/schema\/logo\/image\/"},"sameAs":["https:\/\/fr-fr.facebook.com\/assoephedra\/","https:\/\/www.instagram.com\/ecolephenixetdragon\/"]}]}},"_links":{"self":[{"href":"https:\/\/www.phenixetdragon.net\/en\/wp-json\/wp\/v2\/pages\/9966","targetHints":{"allow":["GET"]}}],"collection":[{"href":"https:\/\/www.phenixetdragon.net\/en\/wp-json\/wp\/v2\/pages"}],"about":[{"href":"https:\/\/www.phenixetdragon.net\/en\/wp-json\/wp\/v2\/types\/page"}],"author":[{"embeddable":true,"href":"https:\/\/www.phenixetdragon.net\/en\/wp-json\/wp\/v2\/users\/7"}],"replies":[{"embeddable":true,"href":"https:\/\/www.phenixetdragon.net\/en\/wp-json\/wp\/v2\/comments?post=9966"}],"version-history":[{"count":4,"href":"https:\/\/www.phenixetdragon.net\/en\/wp-json\/wp\/v2\/pages\/9966\/revisions"}],"predecessor-version":[{"id":9974,"href":"https:\/\/www.phenixetdragon.net\/en\/wp-json\/wp\/v2\/pages\/9966\/revisions\/9974"}],"wp:attachment":[{"href":"https:\/\/www.phenixetdragon.net\/en\/wp-json\/wp\/v2\/media?parent=9966"}],"curies":[{"name":"wp","href":"https:\/\/api.w.org\/{rel}","templated":true}]}}