{"id":9975,"date":"2025-10-29T23:37:28","date_gmt":"2025-10-29T22:37:28","guid":{"rendered":"https:\/\/www.phenixetdragon.net\/?page_id=9975"},"modified":"2026-01-15T19:03:18","modified_gmt":"2026-01-15T18:03:18","slug":"paris-scarabel-wushu","status":"publish","type":"page","link":"https:\/\/www.phenixetdragon.net\/en\/nos-cours\/paris-scarabel-wushu\/","title":{"rendered":"PARIS (Scarabel Wushu)"},"content":{"rendered":"<ul class=\"wp-block-list has-white-color has-blush-bordeaux-gradient-background has-text-color has-background has-link-color wp-elements-fe1542310a21079804e6274a1d9aa87f\">\n<li><strong>Envie de souplesse, d\u2019\u00e9nergie et d\u2019occuper l\u2019espace ?<\/strong><\/li>\n\n\n\n<li><strong>Envie d\u2019\u00eatre bien, en bonne sant\u00e9, pr\u00eat aux situations inattendues ?<\/strong><\/li>\n<\/ul>\n\n\n\n<div class=\"wp-block-columns is-layout-flex wp-container-core-columns-is-layout-9d6595d7 wp-block-columns-is-layout-flex\">\n<div class=\"wp-block-column is-layout-flow wp-block-column-is-layout-flow\" style=\"flex-basis:33.33%\">\n<figure class=\"wp-block-image size-full is-resized\"><img decoding=\"async\" src=\"data:image\/gif;base64,R0lGODlhAQABAAAAACH5BAEKAAEALAAAAAABAAEAAAICTAEAOw==\" data-layzr=\"https:\/\/www.phenixetdragon.net\/wp-content\/uploads\/2025\/10\/logo_cercle_vert-1.png\" alt=\"\" class=\"wp-image-9986\" style=\"width:183px;height:auto\"\/><\/figure>\n<\/div>\n\n\n\n<div class=\"wp-block-column is-vertically-aligned-center is-layout-flow wp-block-column-is-layout-flow\" style=\"flex-basis:66.66%\">\n<h2 class=\"wp-block-heading has-vivid-red-color has-text-color has-link-color has-medium-font-size wp-elements-9969e50dc874c07a98a9535f4b0539d0\"><strong>Arts martiaux et \u00e9nerg\u00e9tiques&nbsp;<\/strong><\/h2>\n\n\n\n<p><strong>Scarabel propose des cours de Taiji Quan et de Qi Gong accessibles \u00e0 tous, et des ateliers pour apprendre les base du Kung Fu !<\/strong><\/p>\n<\/div>\n<\/div>\n\n\n\n<h2 class=\"wp-block-heading has-vivid-red-color has-text-color has-link-color has-medium-font-size wp-elements-46f35c4ce1aff40dc681983ae392a921\"><strong>Chaque semaine, un cours de Taiji Quan et de Qi Gong accessibles \u00e0 tous<\/strong><\/h2>\n\n\n\n<ul class=\"wp-block-list\">\n<li>Des mouvements lents et fluides pour d\u00e9velopper <strong>souplesse<\/strong>, <strong>\u00e9quilibre<\/strong> et <strong>\u00e9nergie vitale<\/strong>.<\/li>\n\n\n\n<li>Une pratique <strong>douce<\/strong> mais <strong>puissante<\/strong> qui apaise l\u2019esprit et renforce le corps.<\/li>\n\n\n\n<li>Une approche <strong>dynamique<\/strong> conciliant bien-\u00eatre et techniques souples d&rsquo;autod\u00e9fense.<\/li>\n\n\n\n<li>Pour <strong>prendre son espace<\/strong> dans la vie de tous les jours tout en laissant de l\u2019espace aux autres !<\/li>\n<\/ul>\n\n\n\n<h2 class=\"wp-block-heading has-vivid-red-color has-text-color has-link-color has-medium-font-size wp-elements-2aea4450cf78409c5e442f0b4aa5f929\"><strong>Chaque trimestre, un atelier de 2 heures pour d\u00e9couvrir les bases du Kung Fu<\/strong><\/h2>\n\n\n\n<ul class=\"wp-block-list\">\n<li>L\u2019art martial l\u00e9gendaire de Shaolin : <strong>puissance, agilit\u00e9, confiance<\/strong>. <\/li>\n\n\n\n<li>Fondamentaux des styles traditionnels (Tang Lang Quan, Shaolin Quan) et modernes (Chang Quan).<\/li>\n<\/ul>\n\n\n\n<h2 class=\"wp-block-heading has-vivid-red-color has-text-color has-link-color has-medium-font-size wp-elements-b0fd1baf99a53981e581955af0ee0f3b\"><strong>Informations pratiques<\/strong><\/h2>\n\n\n\n<ul class=\"wp-block-list\">\n<li>Cours ouverts \u00e0 tous<\/li>\n\n\n\n<li>Tous les samedis de 10h15 \u00e0 11h15 place des Vosges<\/li>\n\n\n\n<li>Lieu : sous les arbres, devant le 9 place des Vosges<\/li>\n\n\n\n<li>Inscription pr\u00e9alable \u00e0&nbsp;<a href=\"mailto:scarabelwushu@gmail.com\" target=\"_blank\" rel=\"noreferrer noopener\">scarabelwushu@gmail.com<\/a>.<\/li>\n\n\n\n<li>Tenue: Pr\u00e9voir une tenue ample, pantalon de sport, des chaussures souples. <\/li>\n<\/ul>\n\n\n\n<h1 class=\"wp-block-heading has-vivid-red-color has-text-color has-link-color has-medium-font-size wp-elements-e02d67ee530669cd0f923479e10cfb00\"><strong>Programme des cours<\/strong><\/h1>\n\n\n\n<p><strong>Le cours du samedi d\u00e9bute avec du Qi Gong et poursuit avec le Taiji Quan:<\/strong><\/p>\n\n\n\n<div class=\"wp-block-columns is-layout-flex wp-container-core-columns-is-layout-9d6595d7 wp-block-columns-is-layout-flex\">\n<div class=\"wp-block-column is-layout-flow wp-block-column-is-layout-flow\">\n<h2 class=\"wp-block-heading has-vivid-red-color has-text-color has-link-color has-medium-font-size wp-elements-9b47e286ca840a4893d436306813309e\">1 &#8211; <strong>Qi Gong<\/strong><\/h2>\n\n\n\n<p>Le <a href=\"https:\/\/www.phenixetdragon.net\/notre-ecole\/le-qi-gong-en-quelques-mots\/\">Qi Gong<\/a>&nbsp;(se prononce tchi kong) est pratiqu\u00e9 en premi\u00e8re partie de cours avec l\u2019\u00e9chauffement.<\/p>\n\n\n\n<p>Cette gymnastique \u00e9nerg\u00e9tique chinoise \u2014 parfois compar\u00e9e au \u00ab yoga chinois \u00bb est issue de la m\u00e9decine traditionnelle chinoise et de la philosophie tao\u00efste. <\/p>\n\n\n\n<p>Le Qi Gong vise \u00e0 harmoniser le corps, le souffle et l\u2019esprit.<\/p>\n<\/div>\n\n\n\n<div class=\"wp-block-column is-layout-flow wp-block-column-is-layout-flow\">\n<figure class=\"wp-block-image size-large\"><img decoding=\"async\" src=\"data:image\/gif;base64,R0lGODlhAQABAAAAACH5BAEKAAEALAAAAAABAAEAAAICTAEAOw==\" data-layzr=\"https:\/\/www.phenixetdragon.net\/wp-content\/uploads\/2025\/10\/arbre-1024x768.jpg\" alt=\"\" class=\"wp-image-9983\"\/><\/figure>\n<\/div>\n<\/div>\n\n\n\n<p>Nous pratiquons un Qi Gong de sant\u00e9 le <strong><a href=\"https:\/\/www.phenixetdragon.net\/notre-ecole\/cours-de-qi-gong\/daoyin-yangsheng-gong\/\">Daoyin Yangsheng Gong<\/a><\/strong> (\u5bfc\u5f15\u517b\u751f\u529f), litt\u00e9ralement \u00ab exercices pour nourrir la vie \u00bb : formes du poumon, muscles et tendons, forme des 12, tonification g\u00e9n\u00e9rale\u2026La pratique combine <strong>mouvements souples et harmonieux<\/strong>, <strong>\u00e9tirements<\/strong>, <strong>postures statiques<\/strong>, <strong>automassages<\/strong> et parfois <strong>percussions<\/strong>, dans une recherche d\u2019\u00e9quilibre entre effort conscient et d\u00e9tente int\u00e9rieure.&nbsp;<\/p>\n\n\n\n<p>Autre pratique essentielle : le <strong><a href=\"https:\/\/www.phenixetdragon.net\/notre-ecole\/cours-de-qi-gong\/qi-gong-wudang\/\">Qi Gong Wudang<\/a><\/strong>,comme enseign\u00e9 par le Ma\u00eetre Ming Yue avec un travail sp\u00e9cifique sur la fluidit\u00e9, des postures \u00e9tir\u00e9es d\u2019opposition des forces.<\/p>\n\n\n\n<div class=\"wp-block-media-text is-stacked-on-mobile\"><figure class=\"wp-block-media-text__media\"><img decoding=\"async\" src=\"data:image\/gif;base64,R0lGODlhAQABAAAAACH5BAEKAAEALAAAAAABAAEAAAICTAEAOw==\" data-layzr=\"https:\/\/www.phenixetdragon.net\/wp-content\/uploads\/2025\/10\/2-Wudang2-1024x768.jpg\" alt=\"\" class=\"wp-image-9981 size-full\"\/><\/figure><div class=\"wp-block-media-text__content\">\n<h2 class=\"wp-block-heading has-vivid-red-color has-text-color has-link-color has-medium-font-size wp-elements-a05d00b3c6b7c44369c8e890e934569c\"><strong>2 &#8211; Taiji Quan&nbsp;<\/strong><\/h2>\n\n\n\n<p>Par un travail sur l\u2019axe, l\u2019enracinement et la perception de l\u2019espace, le Taiji Quan relie le corps, le souffle et l\u2019esprit dans un mouvement fluide et conscient.<\/p>\n\n\n\n<p>S\u2019il partage avec le Kung Fu une dimension martiale, le <a href=\"https:\/\/www.phenixetdragon.net\/notre-ecole\/cours-de-taiji-quan\/le-taiji-quan-en-quelques-mots\/\">Taiji Quan<\/a> s\u2019en distingue par son approche : il met l\u2019accent sur l\u2019intention, la pr\u00e9sence et la transformation de soi, plut\u00f4t que sur l\u2019affrontement ou la d\u00e9monstration de puissance.<\/p>\n<\/div><\/div>\n\n\n\n<p>Nous pratiquons essentiellement <a href=\"https:\/\/www.phenixetdragon.net\/notre-ecole\/cours-de-taiji-quan\/taiji-quan-style-yang\/\">le style Yang<\/a> (forme des 24 et ses applications) avec des exercices \u00e0 deux de tui shou, appel\u00e9 aussi la <em>pouss\u00e9e de mains<\/em>. Cet entra\u00eenement martial \u00e0 deux d\u00e9veloppe la sensibilit\u00e9, l\u2019\u00e9quilibre et la coordination. \u00c9couter son partenaire permet de sentir ses zones de faiblesse, de le pousser ou le tirer au moment de ses intentions d&rsquo;attaque. On redirige sa force tout en l&rsquo;exposant \u00e0 une riposte.<\/p>\n\n\n\n<h2 class=\"wp-block-heading has-vivid-red-color has-text-color has-link-color has-medium-font-size wp-elements-0c10d725b337657fef9ef4c1a526ea66\"><strong>3 &#8211; Atelier pour d\u00e9couvrir les bases du Kung Fu<\/strong><\/h2>\n\n\n\n<div class=\"wp-block-columns is-layout-flex wp-container-core-columns-is-layout-9d6595d7 wp-block-columns-is-layout-flex\">\n<div class=\"wp-block-column is-layout-flow wp-block-column-is-layout-flow\">\n<figure class=\"wp-block-image size-large\"><img decoding=\"async\" src=\"data:image\/gif;base64,R0lGODlhAQABAAAAACH5BAEKAAEALAAAAAABAAEAAAICTAEAOw==\" data-layzr=\"https:\/\/www.phenixetdragon.net\/wp-content\/uploads\/2025\/10\/garde1-1024x768.jpg\" alt=\"\" class=\"wp-image-9988\"\/><\/figure>\n<\/div>\n\n\n\n<div class=\"wp-block-column is-layout-flow wp-block-column-is-layout-flow\">\n<p>Loin de la l\u00e9gende de Bruce Lee, le Kung Fu est accessible \u00e0 tout \u00e2ge, de 7 \u00e0 77 ans, que l\u2019on ait envie de pratiquer un art martial en s\u2019entra\u00eenant assid\u00fbment, ou tout simplement d\u2019entretenir son physique. Plut\u00f4t que la comp\u00e9tition, nous recherchons avant tout l\u2019\u00e9l\u00e9gance et l\u2019efficacit\u00e9 de nos mouvements, et la progression de chacun dans la ma\u00eetrise de son Kung Fu.&nbsp;<\/p>\n<\/div>\n<\/div>\n\n\n\n<h2 class=\"wp-block-heading has-vivid-red-color has-text-color has-link-color has-medium-font-size wp-elements-79d4a6d5b747a0ec73c277e6f12434ce\"><strong>Instructeurs<\/strong><\/h2>\n\n\n\n<div class=\"wp-block-columns is-layout-flex wp-container-core-columns-is-layout-9d6595d7 wp-block-columns-is-layout-flex\">\n<div class=\"wp-block-column is-layout-flow wp-block-column-is-layout-flow\" style=\"flex-basis:33.33%\">\n<figure class=\"wp-block-image size-large\"><img decoding=\"async\" src=\"data:image\/gif;base64,R0lGODlhAQABAAAAACH5BAEKAAEALAAAAAABAAEAAAICTAEAOw==\" data-layzr=\"https:\/\/www.phenixetdragon.net\/wp-content\/uploads\/2025\/11\/LaurePatsourire-edited-1-scaled.jpg\" alt=\"\" class=\"wp-image-10057\"\/><\/figure>\n<\/div>\n\n\n\n<div class=\"wp-block-column is-layout-flow wp-block-column-is-layout-flow\" style=\"flex-basis:66.66%\">\n<ul class=\"wp-block-list\">\n<li><em><a href=\"https:\/\/www.phenixetdragon.net\/paul-andre-tavoillot\/\">Paul-Andr\u00e9 Tavoillot<\/a><\/em>, 25 ans d\u2019exp\u00e9rience dans l\u2019enseignement des arts martiaux et de coaching de dirigeants. (lien vers bio)<\/li>\n\n\n\n<li><em>Laure Fourquet<\/em>, pratiquante passionn\u00e9e de Kung Fu depuis l&rsquo;\u00e2ge de 10 ans.<\/li>\n<\/ul>\n\n\n\n<p><\/p>\n\n\n\n<ul class=\"wp-block-list\">\n<li><strong>Scarabel Wushu<\/strong> est une association affili\u00e9e \u00e0 l\u2019\u00c9cole Ph\u00e9nix et Dragon qui organise <a href=\"https:\/\/www.phenixetdragon.net\/stages\/prochains-stages\/\">des stages toute l\u2019ann\u00e9e.<\/a><\/li>\n<\/ul>\n<\/div>\n<\/div>\n\n\n\n<h2 class=\"wp-block-heading has-vivid-red-color has-text-color has-link-color has-medium-font-size wp-elements-fd1f6f08da06f8934cf7502dbbc2eba4\"><strong>Programmes pour les entreprises<\/strong><\/h2>\n\n\n\n<p><strong>Des programmes sont propos\u00e9s aux entreprises&nbsp;<\/strong>pour des exercices de coh\u00e9sion d\u2019\u00e9quipe, autour de la th\u00e9matique du bien-\u00eatre, de la pr\u00e9paration d\u2019\u00e9ch\u00e9ances \u00e0 forts enjeux, ou pour faire face \u00e0 des situations de crise.<\/p>\n\n\n\n<p>Ces formations se d\u00e9clinent en partenariat avec la soci\u00e9t\u00e9&nbsp;<strong>Pr\u00e9sence<\/strong>&nbsp;de coaching de dirigeants en prise de parole.<\/p>\n\n\n\n<p><em>Renseignements sur demande.<\/em><em><\/em><\/p>","protected":false},"excerpt":{"rendered":"<p>Arts martiaux et \u00e9nerg\u00e9tiques&nbsp; Scarabel propose des cours de Taiji Quan et de Qi Gong accessibles \u00e0 tous, et des ateliers pour apprendre les base du Kung Fu ! Chaque semaine, un cours de Taiji Quan et de Qi Gong accessibles \u00e0 tous Chaque trimestre, un atelier de 2 heures pour d\u00e9couvrir les bases du &hellip; <\/p>","protected":false},"author":7,"featured_media":9967,"parent":10003,"menu_order":0,"comment_status":"closed","ping_status":"closed","template":"","meta":{"footnotes":""},"class_list":["post-9975","page","type-page","status-publish","has-post-thumbnail","hentry","latest_post"],"yoast_head":"<!-- This site is optimized with the Yoast SEO plugin v26.3 - https:\/\/yoast.com\/wordpress\/plugins\/seo\/ -->\n<title>PARIS (Scarabel Wushu) - Ph\u00e9nix et Dragon<\/title>\n<meta name=\"robots\" content=\"index, follow, max-snippet:-1, max-image-preview:large, max-video-preview:-1\" \/>\n<link rel=\"canonical\" href=\"https:\/\/www.phenixetdragon.net\/en\/nos-cours\/paris-scarabel-wushu\/\" \/>\n<meta property=\"og:locale\" content=\"en_GB\" \/>\n<meta property=\"og:type\" content=\"article\" \/>\n<meta property=\"og:title\" content=\"PARIS (Scarabel Wushu) - Ph\u00e9nix et Dragon\" \/>\n<meta property=\"og:description\" content=\"Arts martiaux et \u00e9nerg\u00e9tiques&nbsp; Scarabel propose des cours de Taiji Quan et de Qi Gong accessibles \u00e0 tous, et des ateliers pour apprendre les base du Kung Fu ! Chaque semaine, un cours de Taiji Quan et de Qi Gong accessibles \u00e0 tous Chaque trimestre, un atelier de 2 heures pour d\u00e9couvrir les bases du &hellip;\" \/>\n<meta property=\"og:url\" content=\"https:\/\/www.phenixetdragon.net\/en\/nos-cours\/paris-scarabel-wushu\/\" \/>\n<meta property=\"og:site_name\" content=\"Ph\u00e9nix et Dragon\" \/>\n<meta property=\"article:publisher\" content=\"https:\/\/fr-fr.facebook.com\/assoephedra\/\" \/>\n<meta property=\"article:modified_time\" content=\"2026-01-15T18:03:18+00:00\" \/>\n<meta property=\"og:image\" content=\"https:\/\/www.phenixetdragon.net\/wp-content\/uploads\/2025\/10\/PAT1.jpeg\" \/>\n\t<meta property=\"og:image:width\" content=\"1536\" \/>\n\t<meta property=\"og:image:height\" content=\"2048\" \/>\n\t<meta property=\"og:image:type\" content=\"image\/jpeg\" \/>\n<meta name=\"twitter:card\" content=\"summary_large_image\" \/>\n<meta name=\"twitter:label1\" content=\"Estimated reading time\" \/>\n\t<meta name=\"twitter:data1\" content=\"4 minutes\" \/>\n<script type=\"application\/ld+json\" class=\"yoast-schema-graph\">{\"@context\":\"https:\/\/schema.org\",\"@graph\":[{\"@type\":\"WebPage\",\"@id\":\"https:\/\/www.phenixetdragon.net\/nos-cours\/paris-scarabel-wushu\/\",\"url\":\"https:\/\/www.phenixetdragon.net\/nos-cours\/paris-scarabel-wushu\/\",\"name\":\"PARIS (Scarabel Wushu) - Ph\u00e9nix et Dragon\",\"isPartOf\":{\"@id\":\"https:\/\/www.phenixetdragon.net\/#website\"},\"primaryImageOfPage\":{\"@id\":\"https:\/\/www.phenixetdragon.net\/nos-cours\/paris-scarabel-wushu\/#primaryimage\"},\"image\":{\"@id\":\"https:\/\/www.phenixetdragon.net\/nos-cours\/paris-scarabel-wushu\/#primaryimage\"},\"thumbnailUrl\":\"https:\/\/www.phenixetdragon.net\/wp-content\/uploads\/2025\/10\/PAT1.jpeg\",\"datePublished\":\"2025-10-29T22:37:28+00:00\",\"dateModified\":\"2026-01-15T18:03:18+00:00\",\"breadcrumb\":{\"@id\":\"https:\/\/www.phenixetdragon.net\/nos-cours\/paris-scarabel-wushu\/#breadcrumb\"},\"inLanguage\":\"en-GB\",\"potentialAction\":[{\"@type\":\"ReadAction\",\"target\":[\"https:\/\/www.phenixetdragon.net\/nos-cours\/paris-scarabel-wushu\/\"]}]},{\"@type\":\"ImageObject\",\"inLanguage\":\"en-GB\",\"@id\":\"https:\/\/www.phenixetdragon.net\/nos-cours\/paris-scarabel-wushu\/#primaryimage\",\"url\":\"https:\/\/www.phenixetdragon.net\/wp-content\/uploads\/2025\/10\/PAT1.jpeg\",\"contentUrl\":\"https:\/\/www.phenixetdragon.net\/wp-content\/uploads\/2025\/10\/PAT1.jpeg\",\"width\":1536,\"height\":2048},{\"@type\":\"BreadcrumbList\",\"@id\":\"https:\/\/www.phenixetdragon.net\/nos-cours\/paris-scarabel-wushu\/#breadcrumb\",\"itemListElement\":[{\"@type\":\"ListItem\",\"position\":1,\"name\":\"Accueil\",\"item\":\"https:\/\/www.phenixetdragon.net\/\"},{\"@type\":\"ListItem\",\"position\":2,\"name\":\"Nos Cours\",\"item\":\"https:\/\/www.phenixetdragon.net\/nos-cours\/\"},{\"@type\":\"ListItem\",\"position\":3,\"name\":\"PARIS (Scarabel Wushu)\"}]},{\"@type\":\"WebSite\",\"@id\":\"https:\/\/www.phenixetdragon.net\/#website\",\"url\":\"https:\/\/www.phenixetdragon.net\/\",\"name\":\"Ph\u00e9nix et Dragon\",\"description\":\"Arts Martiaux Chinois, Kung Fu, Taiji Quan, et Arts Energ\u00e9tiques, Qi Gong\",\"publisher\":{\"@id\":\"https:\/\/www.phenixetdragon.net\/#organization\"},\"potentialAction\":[{\"@type\":\"SearchAction\",\"target\":{\"@type\":\"EntryPoint\",\"urlTemplate\":\"https:\/\/www.phenixetdragon.net\/?s={search_term_string}\"},\"query-input\":{\"@type\":\"PropertyValueSpecification\",\"valueRequired\":true,\"valueName\":\"search_term_string\"}}],\"inLanguage\":\"en-GB\"},{\"@type\":\"Organization\",\"@id\":\"https:\/\/www.phenixetdragon.net\/#organization\",\"name\":\"Ph\u00e9nix et Dragon\",\"url\":\"https:\/\/www.phenixetdragon.net\/\",\"logo\":{\"@type\":\"ImageObject\",\"inLanguage\":\"en-GB\",\"@id\":\"https:\/\/www.phenixetdragon.net\/#\/schema\/logo\/image\/\",\"url\":\"https:\/\/www.phenixetdragon.net\/wp-content\/uploads\/2021\/08\/logophenixdragon.png\",\"contentUrl\":\"https:\/\/www.phenixetdragon.net\/wp-content\/uploads\/2021\/08\/logophenixdragon.png\",\"width\":674,\"height\":113,\"caption\":\"Ph\u00e9nix et Dragon\"},\"image\":{\"@id\":\"https:\/\/www.phenixetdragon.net\/#\/schema\/logo\/image\/\"},\"sameAs\":[\"https:\/\/fr-fr.facebook.com\/assoephedra\/\",\"https:\/\/www.instagram.com\/ecolephenixetdragon\/\"]}]}<\/script>\n<!-- \/ Yoast SEO plugin. -->","yoast_head_json":{"title":"PARIS (Scarabel Wushu) - Ph\u00e9nix et Dragon","robots":{"index":"index","follow":"follow","max-snippet":"max-snippet:-1","max-image-preview":"max-image-preview:large","max-video-preview":"max-video-preview:-1"},"canonical":"https:\/\/www.phenixetdragon.net\/en\/nos-cours\/paris-scarabel-wushu\/","og_locale":"en_GB","og_type":"article","og_title":"PARIS (Scarabel Wushu) - Ph\u00e9nix et Dragon","og_description":"Arts martiaux et \u00e9nerg\u00e9tiques&nbsp; Scarabel propose des cours de Taiji Quan et de Qi Gong accessibles \u00e0 tous, et des ateliers pour apprendre les base du Kung Fu ! Chaque semaine, un cours de Taiji Quan et de Qi Gong accessibles \u00e0 tous Chaque trimestre, un atelier de 2 heures pour d\u00e9couvrir les bases du &hellip;","og_url":"https:\/\/www.phenixetdragon.net\/en\/nos-cours\/paris-scarabel-wushu\/","og_site_name":"Ph\u00e9nix et Dragon","article_publisher":"https:\/\/fr-fr.facebook.com\/assoephedra\/","article_modified_time":"2026-01-15T18:03:18+00:00","og_image":[{"width":1536,"height":2048,"url":"https:\/\/www.phenixetdragon.net\/wp-content\/uploads\/2025\/10\/PAT1.jpeg","type":"image\/jpeg"}],"twitter_card":"summary_large_image","twitter_misc":{"Estimated reading time":"4 minutes"},"schema":{"@context":"https:\/\/schema.org","@graph":[{"@type":"WebPage","@id":"https:\/\/www.phenixetdragon.net\/nos-cours\/paris-scarabel-wushu\/","url":"https:\/\/www.phenixetdragon.net\/nos-cours\/paris-scarabel-wushu\/","name":"PARIS (Scarabel Wushu) - Ph\u00e9nix et Dragon","isPartOf":{"@id":"https:\/\/www.phenixetdragon.net\/#website"},"primaryImageOfPage":{"@id":"https:\/\/www.phenixetdragon.net\/nos-cours\/paris-scarabel-wushu\/#primaryimage"},"image":{"@id":"https:\/\/www.phenixetdragon.net\/nos-cours\/paris-scarabel-wushu\/#primaryimage"},"thumbnailUrl":"https:\/\/www.phenixetdragon.net\/wp-content\/uploads\/2025\/10\/PAT1.jpeg","datePublished":"2025-10-29T22:37:28+00:00","dateModified":"2026-01-15T18:03:18+00:00","breadcrumb":{"@id":"https:\/\/www.phenixetdragon.net\/nos-cours\/paris-scarabel-wushu\/#breadcrumb"},"inLanguage":"en-GB","potentialAction":[{"@type":"ReadAction","target":["https:\/\/www.phenixetdragon.net\/nos-cours\/paris-scarabel-wushu\/"]}]},{"@type":"ImageObject","inLanguage":"en-GB","@id":"https:\/\/www.phenixetdragon.net\/nos-cours\/paris-scarabel-wushu\/#primaryimage","url":"https:\/\/www.phenixetdragon.net\/wp-content\/uploads\/2025\/10\/PAT1.jpeg","contentUrl":"https:\/\/www.phenixetdragon.net\/wp-content\/uploads\/2025\/10\/PAT1.jpeg","width":1536,"height":2048},{"@type":"BreadcrumbList","@id":"https:\/\/www.phenixetdragon.net\/nos-cours\/paris-scarabel-wushu\/#breadcrumb","itemListElement":[{"@type":"ListItem","position":1,"name":"Accueil","item":"https:\/\/www.phenixetdragon.net\/"},{"@type":"ListItem","position":2,"name":"Nos Cours","item":"https:\/\/www.phenixetdragon.net\/nos-cours\/"},{"@type":"ListItem","position":3,"name":"PARIS (Scarabel Wushu)"}]},{"@type":"WebSite","@id":"https:\/\/www.phenixetdragon.net\/#website","url":"https:\/\/www.phenixetdragon.net\/","name":"Ph\u00e9nix et Dragon","description":"Arts Martiaux Chinois, Kung Fu, Taiji Quan, et Arts Energ\u00e9tiques, Qi Gong","publisher":{"@id":"https:\/\/www.phenixetdragon.net\/#organization"},"potentialAction":[{"@type":"SearchAction","target":{"@type":"EntryPoint","urlTemplate":"https:\/\/www.phenixetdragon.net\/?s={search_term_string}"},"query-input":{"@type":"PropertyValueSpecification","valueRequired":true,"valueName":"search_term_string"}}],"inLanguage":"en-GB"},{"@type":"Organization","@id":"https:\/\/www.phenixetdragon.net\/#organization","name":"Ph\u00e9nix et Dragon","url":"https:\/\/www.phenixetdragon.net\/","logo":{"@type":"ImageObject","inLanguage":"en-GB","@id":"https:\/\/www.phenixetdragon.net\/#\/schema\/logo\/image\/","url":"https:\/\/www.phenixetdragon.net\/wp-content\/uploads\/2021\/08\/logophenixdragon.png","contentUrl":"https:\/\/www.phenixetdragon.net\/wp-content\/uploads\/2021\/08\/logophenixdragon.png","width":674,"height":113,"caption":"Ph\u00e9nix et Dragon"},"image":{"@id":"https:\/\/www.phenixetdragon.net\/#\/schema\/logo\/image\/"},"sameAs":["https:\/\/fr-fr.facebook.com\/assoephedra\/","https:\/\/www.instagram.com\/ecolephenixetdragon\/"]}]}},"_links":{"self":[{"href":"https:\/\/www.phenixetdragon.net\/en\/wp-json\/wp\/v2\/pages\/9975","targetHints":{"allow":["GET"]}}],"collection":[{"href":"https:\/\/www.phenixetdragon.net\/en\/wp-json\/wp\/v2\/pages"}],"about":[{"href":"https:\/\/www.phenixetdragon.net\/en\/wp-json\/wp\/v2\/types\/page"}],"author":[{"embeddable":true,"href":"https:\/\/www.phenixetdragon.net\/en\/wp-json\/wp\/v2\/users\/7"}],"replies":[{"embeddable":true,"href":"https:\/\/www.phenixetdragon.net\/en\/wp-json\/wp\/v2\/comments?post=9975"}],"version-history":[{"count":24,"href":"https:\/\/www.phenixetdragon.net\/en\/wp-json\/wp\/v2\/pages\/9975\/revisions"}],"predecessor-version":[{"id":10542,"href":"https:\/\/www.phenixetdragon.net\/en\/wp-json\/wp\/v2\/pages\/9975\/revisions\/10542"}],"up":[{"embeddable":true,"href":"https:\/\/www.phenixetdragon.net\/en\/wp-json\/wp\/v2\/pages\/10003"}],"wp:featuredmedia":[{"embeddable":true,"href":"https:\/\/www.phenixetdragon.net\/en\/wp-json\/wp\/v2\/media\/9967"}],"wp:attachment":[{"href":"https:\/\/www.phenixetdragon.net\/en\/wp-json\/wp\/v2\/media?parent=9975"}],"curies":[{"name":"wp","href":"https:\/\/api.w.org\/{rel}","templated":true}]}}